{"id":8452,"date":"2024-09-03T09:33:07","date_gmt":"2024-09-03T08:33:07","guid":{"rendered":"https:\/\/republify.se\/?post_type=product&#038;p=8452"},"modified":"2026-04-08T16:09:22","modified_gmt":"2026-04-08T15:09:22","slug":"gruppdynamik","status":"publish","type":"product","link":"https:\/\/republify.se\/index.php\/produkt\/gruppdynamik\/","title":{"rendered":"Gruppdynamik"},"content":{"rendered":"<p><strong>Utbildningen hj\u00e4lper team att bygga en gemensam f\u00f6rst\u00e5else f\u00f6r hur beteenden, roller och drivkrafter p\u00e5verkar samarbetet och hur kommunikationen kan bli en verklig m\u00f6jligg\u00f6rare ist\u00e4llet f\u00f6r ett hinder. Genom att arbeta med tydliga modeller och praktiska \u00f6vningar f\u00e5r deltagarna verktyg f\u00f6r att skapa psykologisk trygghet, st\u00e4rka tilliten och utveckla ett mer \u00f6ppet och konstruktivt samtalsklimat. <\/strong><\/p>\n<p>S\u00e4rskilt fokus l\u00e4ggs p\u00e5 att f\u00f6rb\u00e4ttra den dagliga dialogen, d\u00e4r aktivt lyssnande, tydlig feedback och medveten kommunikation blir avg\u00f6rande f\u00f6r att undvika missf\u00f6rst\u00e5nd och \u00f6ka effektiviteten. Resultatet \u00e4r ett team som inte bara samarbetar b\u00e4ttre, utan som ocks\u00e5 har f\u00f6rm\u00e5gan att kommunicera med tydlighet och riktning mot gemensamma m\u00e5l.<\/p>\n<p><strong><i>Inneh\u00e5ll<\/i>\u00a0<\/strong><\/p>\n<ul>\n<li data-leveltext=\"\uf0b7\" data-font=\"Symbol\" data-listid=\"38\" data-list-defn-props=\"{&quot;335552541&quot;:1,&quot;335559685&quot;:720,&quot;335559991&quot;:360,&quot;469769226&quot;:&quot;Symbol&quot;,&quot;469769242&quot;:[8226],&quot;469777803&quot;:&quot;left&quot;,&quot;469777804&quot;:&quot;\uf0b7&quot;,&quot;469777815&quot;:&quot;hybridMultilevel&quot;}\" aria-setsize=\"-1\" data-aria-posinset=\"1\" data-aria-level=\"1\"><span data-contrast=\"auto\">Effektiva team, hur \u00e4r de sammansatta. Susann Wheelan eller FIRO.<\/span><span data-ccp-props=\"{&quot;201341983&quot;:0,&quot;335559739&quot;:160,&quot;335559740&quot;:252}\">\u00a0<\/span><\/li>\n<li data-leveltext=\"\uf0b7\" data-font=\"Symbol\" data-listid=\"38\" data-list-defn-props=\"{&quot;335552541&quot;:1,&quot;335559685&quot;:720,&quot;335559991&quot;:360,&quot;469769226&quot;:&quot;Symbol&quot;,&quot;469769242&quot;:[8226],&quot;469777803&quot;:&quot;left&quot;,&quot;469777804&quot;:&quot;\uf0b7&quot;,&quot;469777815&quot;:&quot;hybridMultilevel&quot;}\" aria-setsize=\"-1\" data-aria-posinset=\"1\" data-aria-level=\"1\"><span data-contrast=\"auto\">Olika personlighetstyper, hur analyserar man dem och hur kommunicerar olika typer av m\u00e4nniskor.<\/span><span data-ccp-props=\"{&quot;201341983&quot;:0,&quot;335559739&quot;:160,&quot;335559740&quot;:252}\">\u00a0<\/span><\/li>\n<li data-leveltext=\"\uf0b7\" data-font=\"Symbol\" data-listid=\"38\" data-list-defn-props=\"{&quot;335552541&quot;:1,&quot;335559685&quot;:720,&quot;335559991&quot;:360,&quot;469769226&quot;:&quot;Symbol&quot;,&quot;469769242&quot;:[8226],&quot;469777803&quot;:&quot;left&quot;,&quot;469777804&quot;:&quot;\uf0b7&quot;,&quot;469777815&quot;:&quot;hybridMultilevel&quot;}\" aria-setsize=\"-1\" data-aria-posinset=\"1\" data-aria-level=\"1\"><span data-contrast=\"auto\">Att kommunicera m\u00e5l och styra en grupp mot m\u00e5len.<\/span><span data-ccp-props=\"{&quot;201341983&quot;:0,&quot;335559739&quot;:160,&quot;335559740&quot;:252}\">\u00a0<\/span><\/li>\n<li data-leveltext=\"\uf0b7\" data-font=\"Symbol\" data-listid=\"38\" data-list-defn-props=\"{&quot;335552541&quot;:1,&quot;335559685&quot;:720,&quot;335559991&quot;:360,&quot;469769226&quot;:&quot;Symbol&quot;,&quot;469769242&quot;:[8226],&quot;469777803&quot;:&quot;left&quot;,&quot;469777804&quot;:&quot;\uf0b7&quot;,&quot;469777815&quot;:&quot;hybridMultilevel&quot;}\" aria-setsize=\"-1\" data-aria-posinset=\"1\" data-aria-level=\"1\"><span data-contrast=\"auto\">Vad \u00e4r grupptryck och hur hanterar vi det?<\/span><span data-ccp-props=\"{&quot;201341983&quot;:0,&quot;335559739&quot;:160,&quot;335559740&quot;:252}\">\u00a0<\/span><\/li>\n<li data-leveltext=\"\uf0b7\" data-font=\"Symbol\" data-listid=\"38\" data-list-defn-props=\"{&quot;335552541&quot;:1,&quot;335559685&quot;:720,&quot;335559991&quot;:360,&quot;469769226&quot;:&quot;Symbol&quot;,&quot;469769242&quot;:[8226],&quot;469777803&quot;:&quot;left&quot;,&quot;469777804&quot;:&quot;\uf0b7&quot;,&quot;469777815&quot;:&quot;hybridMultilevel&quot;}\" aria-setsize=\"-1\" data-aria-posinset=\"1\" data-aria-level=\"1\"><span data-contrast=\"auto\">Vad \u00e4r en konflikt och hur motverkar man dem?<\/span><span data-ccp-props=\"{&quot;201341983&quot;:0,&quot;335559739&quot;:160,&quot;335559740&quot;:252}\">\u00a0<\/span><\/li>\n<li data-leveltext=\"\uf0b7\" data-font=\"Symbol\" data-listid=\"38\" data-list-defn-props=\"{&quot;335552541&quot;:1,&quot;335559685&quot;:720,&quot;335559991&quot;:360,&quot;469769226&quot;:&quot;Symbol&quot;,&quot;469769242&quot;:[8226],&quot;469777803&quot;:&quot;left&quot;,&quot;469777804&quot;:&quot;\uf0b7&quot;,&quot;469777815&quot;:&quot;hybridMultilevel&quot;}\" aria-setsize=\"-1\" data-aria-posinset=\"1\" data-aria-level=\"1\"><span data-contrast=\"auto\">Vad \u00e4r feedback och hur ger du bra feedback?<\/span><span data-ccp-props=\"{&quot;201341983&quot;:0,&quot;335559739&quot;:160,&quot;335559740&quot;:252}\">\u00a0<\/span><\/li>\n<\/ul>\n<p>&nbsp;<\/p>\n<p><span data-contrast=\"auto\">Utbildningen varvar mellan teori och grupp\u00f6vningar, samt diskussioner.<\/span><span data-ccp-props=\"{}\">\u00a0<\/span><\/p>\n<h3>Om kursledaren<\/h3>\n<p><em>Utbildningen faciliteras av Lars Hallin, (Projektledare, Pedagog och f\u00f6rfattare Antartica Solutions) som har arbetat som konsult och utbildare sedan 1998, med tyngdpunkten p\u00e5 projektledning, kommunikation och presentationsteknik.<\/em><\/p>\n<p><img decoding=\"async\" class=\"alignleft size-thumbnail wp-image-9254 lazyload\" data-src=\"https:\/\/republify.se\/wp-content\/uploads\/2025\/02\/Lars_Hallin-150x150.jpg\" alt=\"\" width=\"150\" height=\"150\" data-srcset=\"https:\/\/republify.se\/wp-content\/uploads\/2025\/02\/Lars_Hallin-150x150.jpg 150w, https:\/\/republify.se\/wp-content\/uploads\/2025\/02\/Lars_Hallin-100x100.jpg 100w, https:\/\/republify.se\/wp-content\/uploads\/2025\/02\/Lars_Hallin.jpg 236w\" data-sizes=\"(max-width: 150px) 100vw, 150px\" src=\"data:image\/svg+xml;base64,PHN2ZyB3aWR0aD0iMSIgaGVpZ2h0PSIxIiB4bWxucz0iaHR0cDovL3d3dy53My5vcmcvMjAwMC9zdmciPjwvc3ZnPg==\" style=\"--smush-placeholder-width: 150px; --smush-placeholder-aspect-ratio: 150\/150;\" \/><\/p>\n","protected":false},"excerpt":{"rendered":"<p><strong>\u00a0Att arbeta\u202ftillsammans, i projekt eller team, st\u00e4ller stora krav p\u00e5 allas f\u00f6rm\u00e5ga att kommunicera, ge och ta \u00e5terkoppling och kunna hantera olika perspektiv.\u00a0<\/strong><\/p>\n<p><span data-ccp-props=\"{}\"> Den h\u00e4r utbildningen i gruppdynamik ger er konkreta verktyg f\u00f6r att f\u00f6rst\u00e5 hur effektiva team fungerar, st\u00e4rka kommunikationen och hantera b\u00e5de olika personligheter och perspektiv p\u00e5 ett s\u00e4tt som driver resultat. Genom en kombination av bepr\u00f6vade modeller, praktiska \u00f6vningar och gemensam reflektion utvecklar ni er f\u00f6rm\u00e5ga att hantera konflikter, ge tr\u00e4ffs\u00e4ker feedback och styra gruppen mot tydliga m\u00e5l, <strong>tillsammans<\/strong>.<\/span><\/p>\n","protected":false},"featured_media":11730,"comment_status":"open","ping_status":"closed","template":"","meta":{"wds_primary_product_brand":0,"wds_primary_product_cat":0},"product_brand":[],"product_cat":[91,30,37,32,113,51],"product_tag":[],"class_list":{"0":"post-8452","1":"product","2":"type-product","3":"status-publish","4":"has-post-thumbnail","6":"product_cat-arbetsmiljo","7":"product_cat-business","8":"product_cat-kommunikation","9":"product_cat-ledarskap","10":"product_cat-presentationsteknik","11":"product_cat-projektledning","13":"first","14":"instock","15":"taxable","16":"shipping-taxable","17":"purchasable","18":"product-type-simple"},"jetpack_sharing_enabled":true,"_links":{"self":[{"href":"https:\/\/republify.se\/index.php\/wp-json\/wp\/v2\/product\/8452","targetHints":{"allow":["GET"]}}],"collection":[{"href":"https:\/\/republify.se\/index.php\/wp-json\/wp\/v2\/product"}],"about":[{"href":"https:\/\/republify.se\/index.php\/wp-json\/wp\/v2\/types\/product"}],"replies":[{"embeddable":true,"href":"https:\/\/republify.se\/index.php\/wp-json\/wp\/v2\/comments?post=8452"}],"wp:featuredmedia":[{"embeddable":true,"href":"https:\/\/republify.se\/index.php\/wp-json\/wp\/v2\/media\/11730"}],"wp:attachment":[{"href":"https:\/\/republify.se\/index.php\/wp-json\/wp\/v2\/media?parent=8452"}],"wp:term":[{"taxonomy":"product_brand","embeddable":true,"href":"https:\/\/republify.se\/index.php\/wp-json\/wp\/v2\/product_brand?post=8452"},{"taxonomy":"product_cat","embeddable":true,"href":"https:\/\/republify.se\/index.php\/wp-json\/wp\/v2\/product_cat?post=8452"},{"taxonomy":"product_tag","embeddable":true,"href":"https:\/\/republify.se\/index.php\/wp-json\/wp\/v2\/product_tag?post=8452"}],"curies":[{"name":"wp","href":"https:\/\/api.w.org\/{rel}","templated":true}]}}