{"id":8439,"date":"2024-08-30T12:38:00","date_gmt":"2024-08-30T11:38:00","guid":{"rendered":"https:\/\/republify.se\/?post_type=product&#038;p=8439"},"modified":"2026-01-09T08:38:37","modified_gmt":"2026-01-09T07:38:37","slug":"soft-skills-for-scrum-masters","status":"publish","type":"product","link":"https:\/\/republify.se\/index.php\/produkt\/soft-skills-for-scrum-masters\/","title":{"rendered":"Soft Skills f\u00f6r Scrum Masters"},"content":{"rendered":"<p>Oavsett vilket, i en v\u00e4rld d\u00e4r teknisk kompetens ofta st\u00e5r i fokus, \u00e4r det de mjuka kunskaperna och f\u00f6rm\u00e5gorna som verkligen skiljer en bra Scrum Master fr\u00e5n en enast\u00e5ende. Denna kurs fokuserar p\u00e5 de m\u00e5nga g\u00e5nger f\u00f6rbisedda men avg\u00f6rande f\u00e4rdigheterna som g\u00f6r skillnad i ditt dagliga arbete.<\/p>\n<p><strong>Du f\u00e5r l\u00e4ra dig<\/strong><br \/>\n-Effektiv kommunikation och aktivt lyssnande<br \/>\n-Konflikthantering och f\u00f6rhandlingsteknik<br \/>\n-Emotionell intelligens och dess till\u00e4mpning i agila team<br \/>\n-Ledarskap utan formell auktoritet<br \/>\n-Coachning och mentorskap f\u00f6r teamutveckling<br \/>\n-Anpassningsf\u00f6rm\u00e5ga och resiliens i en f\u00f6r\u00e4nderlig milj\u00f6<\/p>\n<p><strong>M\u00e5lgrupp<\/strong><br \/>\nKursen \u00e4r perfekt f\u00f6r b\u00e5de erfarna Scrum Masters som vill utveckla sina f\u00e4rdigheter och f\u00f6r nya Scrum Masters som vill bygga en solid grund f\u00f6r framg\u00e5ng i och f\u00f6r teamet.<\/p>\n<p><strong>M\u00e5l med kursen<\/strong><br \/>\n&#8211; F\u00f6rb\u00e4ttra din f\u00f6rm\u00e5ga att anv\u00e4nda mjuka f\u00e4rdigheter f\u00f6r att effektivt leda ochfacilitera Scrum-team.<br \/>\n&#8211; Ge dig verktyg och tekniker f\u00f6r att hantera konflikter, bygga relationer och skapa enpositiv arbetsmilj\u00f6.<br \/>\n&#8211; Utveckla din f\u00f6rm\u00e5ga att kommunicera tydligt och \u00f6vertygande.<\/p>\n<p><strong>Kursinneh\u00e5ll<\/strong><\/p>\n<p><strong>Introduktion<\/strong><br \/>\n&#8211; Vad \u00e4r soft skills och varf\u00f6r \u00e4r de viktiga f\u00f6r Scrum Masters?<br \/>\n&#8211; Koppling mellan soft skills och agil utveckling.<br \/>\n&#8211; Scrum Masterns roll och ansvar<\/p>\n<p><strong>Effektiv kommunikation och feedback<\/strong><br \/>\n&#8211; Aktivt lyssnande och feedback-tekniker.<br \/>\n&#8211; Icke-verbal kommunikation: Kroppsspr\u00e5k, tonfall och \u00f6gonkontakt.<\/p>\n<p><strong>Att ge konstruktiv feedback.<\/strong><br \/>\n&#8211; Assertiv kommunikation: Att uttrycka sina behov och \u00e5sikter p\u00e5 ett respektfullt s\u00e4tt.<\/p>\n<p><strong>Gruppdynamik och konflikthantering<\/strong><br \/>\n&#8211; F\u00f6rst\u00e5else f\u00f6r gruppdynamik och teamutveckling.<br \/>\n&#8211; Strategier f\u00f6r att identifiera och hantera konflikter.<\/p>\n<p><strong>Ledarskap och facilitering<\/strong><br \/>\n&#8211; Servant leadership: Att tj\u00e4na teamet.<br \/>\n&#8211; Beslutsfattande i agila team.<br \/>\n&#8211; Tekniker f\u00f6r effektiv facilitering av m\u00f6ten.<br \/>\n&#8211; Emotionell intelligens och dess roll i ledarskap.<br \/>\n&#8211; Motivera och inspirera teammedlemmar.<br \/>\n&#8211; Skapa en milj\u00f6 f\u00f6r st\u00e4ndiga f\u00f6rb\u00e4ttringar<\/p>\n<p><strong>Relationsbyggande och teamutveckling<\/strong><br \/>\n&#8211; Hur man kan skapa framg\u00e5ngsrika agila team<br \/>\n&#8211; Agil samarbetskultur \u2013 The Hive Mind<\/p>\n<p><strong>Each-One-Teach-One<\/strong><br \/>\n&#8211; Att st\u00f6dja teamets utveckling<br \/>\n&#8211; Coaching och mentoring i Scrum Master-rollen.<\/p>\n<p><strong>Emotionell intelligens<\/strong><br \/>\n&#8211; Sj\u00e4lvmedvetenhet och sj\u00e4lvhantering<br \/>\n&#8211; Empati och social medvetenhet<br \/>\n&#8211; Relationshantering i team<\/p>\n<p>&nbsp;<\/p>\n<h3>Kursen levereras i samarbete med<\/h3>\n<p><img decoding=\"async\" class=\"alignnone size-medium wp-image-2415 lazyload\" data-src=\"https:\/\/republify.se\/wp-content\/uploads\/2022\/03\/Agilcoachen_Logo_Svart-300x51.png\" alt=\"\" width=\"300\" height=\"51\" data-srcset=\"https:\/\/republify.se\/wp-content\/uploads\/2022\/03\/Agilcoachen_Logo_Svart-300x51.png 300w, https:\/\/republify.se\/wp-content\/uploads\/2022\/03\/Agilcoachen_Logo_Svart-600x102.png 600w, https:\/\/republify.se\/wp-content\/uploads\/2022\/03\/Agilcoachen_Logo_Svart-1024x175.png 1024w, https:\/\/republify.se\/wp-content\/uploads\/2022\/03\/Agilcoachen_Logo_Svart-768x131.png 768w, https:\/\/republify.se\/wp-content\/uploads\/2022\/03\/Agilcoachen_Logo_Svart-1536x262.png 1536w, https:\/\/republify.se\/wp-content\/uploads\/2022\/03\/Agilcoachen_Logo_Svart-2048x349.png 2048w\" data-sizes=\"(max-width: 300px) 100vw, 300px\" src=\"data:image\/svg+xml;base64,PHN2ZyB3aWR0aD0iMSIgaGVpZ2h0PSIxIiB4bWxucz0iaHR0cDovL3d3dy53My5vcmcvMjAwMC9zdmciPjwvc3ZnPg==\" style=\"--smush-placeholder-width: 300px; --smush-placeholder-aspect-ratio: 300\/51;\" \/><\/p>\n","protected":false},"excerpt":{"rendered":"<p><strong>\u00c4r du redo att ta ditt Scrum Master-ledarskap till n\u00e4sta niv\u00e5? V\u00e5r kurs &#8221;Soft Skills f\u00f6r Scrum Masters&#8221; ger dig de verktyg du beh\u00f6ver f\u00f6r att lyckas i den snabbf\u00f6r\u00e4nderliga agila milj\u00f6n.\u00a0<\/strong><\/p>\n<p>Jobbar du idag som Scrum Master och k\u00e4nner att sj\u00e4lva Scrum-ramverket sitter men att du och teamet lite grann har fastnat? Ni utvecklas inte riktigt fr\u00e5n sprint till sprint s\u00e5 som det \u00e4r t\u00e4nkt.\u00a0Eller du kanske \u00e4r helt ny i din roll som Scrum Master och k\u00e4nner dig lite os\u00e4ker p\u00e5 stand ups, retros och allt det andra och undrar om det g\u00e5r att g\u00f6ra dessa b\u00e4ttre och mer effektiva?<\/p>\n","protected":false},"featured_media":7596,"comment_status":"open","ping_status":"closed","template":"","meta":{"wds_primary_product_brand":0,"wds_primary_product_cat":0},"product_brand":[],"product_cat":[33,163,32,34,28],"product_tag":[],"class_list":{"0":"post-8439","1":"product","2":"type-product","3":"status-publish","4":"has-post-thumbnail","6":"product_cat-agila-metoder","7":"product_cat-business-agility-and-development","8":"product_cat-ledarskap","9":"product_cat-scrum","10":"product_cat-teamship","12":"first","13":"instock","14":"taxable","15":"shipping-taxable","16":"purchasable","17":"product-type-simple"},"jetpack_sharing_enabled":true,"_links":{"self":[{"href":"https:\/\/republify.se\/index.php\/wp-json\/wp\/v2\/product\/8439","targetHints":{"allow":["GET"]}}],"collection":[{"href":"https:\/\/republify.se\/index.php\/wp-json\/wp\/v2\/product"}],"about":[{"href":"https:\/\/republify.se\/index.php\/wp-json\/wp\/v2\/types\/product"}],"replies":[{"embeddable":true,"href":"https:\/\/republify.se\/index.php\/wp-json\/wp\/v2\/comments?post=8439"}],"wp:featuredmedia":[{"embeddable":true,"href":"https:\/\/republify.se\/index.php\/wp-json\/wp\/v2\/media\/7596"}],"wp:attachment":[{"href":"https:\/\/republify.se\/index.php\/wp-json\/wp\/v2\/media?parent=8439"}],"wp:term":[{"taxonomy":"product_brand","embeddable":true,"href":"https:\/\/republify.se\/index.php\/wp-json\/wp\/v2\/product_brand?post=8439"},{"taxonomy":"product_cat","embeddable":true,"href":"https:\/\/republify.se\/index.php\/wp-json\/wp\/v2\/product_cat?post=8439"},{"taxonomy":"product_tag","embeddable":true,"href":"https:\/\/republify.se\/index.php\/wp-json\/wp\/v2\/product_tag?post=8439"}],"curies":[{"name":"wp","href":"https:\/\/api.w.org\/{rel}","templated":true}]}}