{"id":8434,"date":"2024-08-27T06:31:30","date_gmt":"2024-08-27T05:31:30","guid":{"rendered":"https:\/\/republify.se\/?post_type=product&#038;p=8434"},"modified":"2026-01-09T08:39:04","modified_gmt":"2026-01-09T07:39:04","slug":"kom-igang-med-ai-och-copilot","status":"publish","type":"product","link":"https:\/\/republify.se\/index.php\/produkt\/kom-igang-med-ai-och-copilot\/","title":{"rendered":"Kom i g\u00e5ng med AI &#038; Copilot"},"content":{"rendered":"<p><strong>Dag 1<\/strong><\/p>\n<p><strong>Modul 1: Vad \u00e4r AI?<\/strong><\/p>\n<ul>\n<li>Vad \u00e4r AI? &#8211; begr\u00e4nsningar och m\u00f6jligheter<\/li>\n<li>AI i vardagen: Hur AI anv\u00e4nds inom olika branscher och till\u00e4mpningar.<\/li>\n<\/ul>\n<p>&nbsp;<\/p>\n<p><strong>Modul 2: Olika AI-tj\u00e4nster<\/strong><\/p>\n<ul>\n<li>\u00d6versikt av AI-appar: Introduktion till popul\u00e4ra AI-verktyg som ChatGPT, Copilot, etc.<\/li>\n<li>Prisj\u00e4mf\u00f6relse och tillg\u00e4nglighet: Gratis vs betalversioner.<\/li>\n<\/ul>\n<p>&nbsp;<\/p>\n<p><strong>Modul 3: AI i arbetet<\/strong><\/p>\n<ul>\n<li>AI f\u00f6r research och dataanalys &#8211; anv\u00e4nd olika niv\u00e5er av AI<\/li>\n<li>AI f\u00f6r att skapa inneh\u00e5ll &#8211; text, bild, formler och kod<\/li>\n<li>AI f\u00f6r feedback<\/li>\n<\/ul>\n<p>&nbsp;<\/p>\n<p><strong>Dag 2<\/strong><\/p>\n<p><strong>Modul 4: Vad \u00e4r Copilot i M365?<\/strong><\/p>\n<ul>\n<li>Introduktion till Copilot: Vad \u00e4r Microsoft 365 Copilot och hur fungerar det?<\/li>\n<li>Funktioner och f\u00f6rdelar: Hur Copilot kan f\u00f6rb\u00e4ttra din produktivitet.<\/li>\n<li>Integration med andra Microsoft-appar: Hur Copilot samverkar med Word, Excel, PowerPoint, och Outlook.<\/li>\n<\/ul>\n<p>&nbsp;<\/p>\n<p><strong>Modul 5: Copilot i Teams<\/strong><\/p>\n<ul>\n<li>AI-assisterade m\u00f6ten: anv\u00e4nd Copilot under och efter m\u00f6tet<\/li>\n<li>Kom ifatt i Teamschattar med Copilot<\/li>\n<li>Anv\u00e4nd Copilot chatt &#8211; arbete och webb<\/li>\n<\/ul>\n<p>&nbsp;<\/p>\n<p><strong>Modul 6: Copilot i Outlook<\/strong><\/p>\n<ul>\n<li>AI-genererade e-postmeddelanden: Effektivt skapa och svara p\u00e5 e-post med hj\u00e4lp av AI.<\/li>\n<li>Sammanfatta och svara p\u00e5 meddelanden med AI<\/li>\n<li>Organisera och planera med AI<\/li>\n<\/ul>\n<p>&nbsp;<\/p>\n<p><strong>Modul 7: Copilot Agenter<\/strong><\/p>\n<ul>\n<li>Vad \u00e4r Agenter och hur kan det anv\u00e4ndas?<\/li>\n<li>Agenter i Sharepoint<\/li>\n<li>Agenter i Teams<\/li>\n<\/ul>\n<p><em>OBS! Under labbar beh\u00f6ver deltagare ha egen Copilot-licens, dvs. att k\u00f6ra labbarna p\u00e5 sin egen M365 alternativt f\u00f6lja med i kursledarens demonstration!<\/em><\/p>\n","protected":false},"excerpt":{"rendered":"<p><strong>Uppt\u00e4ck hur AI kan effektivisera ditt arbete i denna interaktiva kurs som kombinerar teori och praktiska \u00f6vningar. Under tv\u00e5 dagar f\u00e5r du utforska AI:s m\u00f6jligheter, fr\u00e5n popul\u00e4ra verktyg som ChatGPT och Copilot till hur AI kan st\u00f6tta research, inneh\u00e5llsskapande och produktivitet. <\/strong><\/p>\n<p>Du l\u00e4r dig anv\u00e4nda Microsoft 365 Copilot f\u00f6r att f\u00f6rb\u00e4ttra samarbeten i Teams, Outlook, Excel och andra Microsoft-appar. Oavsett om du \u00e4r nyb\u00f6rjare eller vill f\u00f6rdjupa dina kunskaper, ger kursen dig konkreta f\u00e4rdigheter f\u00f6r att b\u00f6rja arbeta smartare med AI direkt!<\/p>\n","protected":false},"featured_media":3868,"comment_status":"open","ping_status":"closed","template":"","meta":{"wds_primary_product_brand":0,"wds_primary_product_cat":0},"product_brand":[],"product_cat":[137,174,43,48,29,84],"product_tag":[],"class_list":{"0":"post-8434","1":"product","2":"type-product","3":"status-publish","4":"has-post-thumbnail","6":"product_cat-ai","7":"product_cat-copilot","8":"product_cat-microsoft","9":"product_cat-ms-teams","10":"product_cat-technical","11":"product_cat-microsoft_office_adobe","13":"first","14":"instock","15":"taxable","16":"shipping-taxable","17":"purchasable","18":"product-type-simple"},"jetpack_sharing_enabled":true,"_links":{"self":[{"href":"https:\/\/republify.se\/index.php\/wp-json\/wp\/v2\/product\/8434","targetHints":{"allow":["GET"]}}],"collection":[{"href":"https:\/\/republify.se\/index.php\/wp-json\/wp\/v2\/product"}],"about":[{"href":"https:\/\/republify.se\/index.php\/wp-json\/wp\/v2\/types\/product"}],"replies":[{"embeddable":true,"href":"https:\/\/republify.se\/index.php\/wp-json\/wp\/v2\/comments?post=8434"}],"wp:featuredmedia":[{"embeddable":true,"href":"https:\/\/republify.se\/index.php\/wp-json\/wp\/v2\/media\/3868"}],"wp:attachment":[{"href":"https:\/\/republify.se\/index.php\/wp-json\/wp\/v2\/media?parent=8434"}],"wp:term":[{"taxonomy":"product_brand","embeddable":true,"href":"https:\/\/republify.se\/index.php\/wp-json\/wp\/v2\/product_brand?post=8434"},{"taxonomy":"product_cat","embeddable":true,"href":"https:\/\/republify.se\/index.php\/wp-json\/wp\/v2\/product_cat?post=8434"},{"taxonomy":"product_tag","embeddable":true,"href":"https:\/\/republify.se\/index.php\/wp-json\/wp\/v2\/product_tag?post=8434"}],"curies":[{"name":"wp","href":"https:\/\/api.w.org\/{rel}","templated":true}]}}