{"id":7636,"date":"2023-12-12T09:02:02","date_gmt":"2023-12-12T08:02:02","guid":{"rendered":"https:\/\/republify.se\/?post_type=product&#038;p=7636"},"modified":"2026-02-13T15:12:30","modified_gmt":"2026-02-13T14:12:30","slug":"att_lyckas_som_konsult","status":"publish","type":"product","link":"https:\/\/republify.se\/index.php\/produkt\/att_lyckas_som_konsult\/","title":{"rendered":"Att lyckas som konsult"},"content":{"rendered":"<p>Det h\u00e4r \u00e4r utbildningen f\u00f6r dig som arbetar som konsult mot s\u00e5v\u00e4l kunder som personer i den egna organisationen. Kursen \u00e4r synnerligen l\u00e4mpad f\u00f6r team som beh\u00f6ver svetsas samman och passar v\u00e4l att genomf\u00f6ras i samband med kickoffer och liknande.<\/p>\n<h3><strong>Efter kursen:<\/strong><\/h3>\n<ul>\n<li>Ser du dig sj\u00e4lv och din uppgift som n\u00e5got du r\u00e5der \u00f6ver.<\/li>\n<li>\u00c4r du m\u00e5linriktad.<\/li>\n<li>Kan du ta betalt f\u00f6r ditt arbete.<\/li>\n<li>Kan du g\u00f6ra varje uppdrag till en succ\u00e9.<\/li>\n<li>F\u00f6r\u00adkun\u00adska\u00adper<\/li>\n<li>Inga f\u00f6rkunskaper kr\u00e4vs.<\/li>\n<\/ul>\n<p>&nbsp;<\/p>\n<h2><strong>Kursinneh\u00e5ll<\/strong><\/h2>\n<ol>\n<li><strong> Konsultrollen<\/strong><\/li>\n<\/ol>\n<ul>\n<li>Vad \u00e4r en konsult?<\/li>\n<li>Vad \u00e4r viktigt hos konsulten?<\/li>\n<li>Vad tillf\u00f6r konsulten?<\/li>\n<li>Orsaker till att konsulten efterfr\u00e5gas: kompetensbrist, kapacitetsbrist, id\u00e9spruta, bollplank, st\u00e4da upp<\/li>\n<li>Att bli konsult \u2013 problem, m\u00f6jligheter, kontakter, erfarenheter, m\u00e5l och medel<\/li>\n<li>Konsultativt beteende<\/li>\n<li>Kompetensomr\u00e5den, Fack-, Social, Kommersiell- och Verkst\u00e4llande kompetens<\/li>\n<li>F\u00f6rsta intrycket<\/li>\n<li>F\u00f6rtroende och etik<\/li>\n<\/ul>\n<p>&nbsp;<\/p>\n<ol start=\"2\">\n<li><strong> Att arbeta med r\u00e4tt fokus<\/strong><\/li>\n<\/ol>\n<ul>\n<li>Personlig planering<\/li>\n<li>Att sj\u00e4lv planera sin tid<\/li>\n<li>Tidssl\u00f6seri<\/li>\n<li>Paretoprincipen<\/li>\n<li>Prioritera de viktigaste m\u00e5len och vidh\u00e4ngande aktiviteter<\/li>\n<li>Konsten att s\u00e4ga NEJ!<\/li>\n<li>Besluta, planera och genomf\u00f6ra<\/li>\n<\/ul>\n<p>&nbsp;<\/p>\n<ol start=\"3\">\n<li><strong> Mitt agerande, personutveckling<\/strong><\/li>\n<\/ol>\n<ul>\n<li>Positivt t\u00e4nkande, \u00f6ka sj\u00e4lvf\u00f6rtroendet<\/li>\n<li>Att ta risker<\/li>\n<li>F\u00f6rberedelse och f\u00f6rtroende<\/li>\n<li>Aktivt lyssnande<\/li>\n<li>Trov\u00e4rdighet, f\u00f6rtroendeattityden<\/li>\n<li>Problem, beslut, visioner, id\u00e9er, m\u00e5l<\/li>\n<li>Reagera p\u00e5 gensvar<\/li>\n<\/ul>\n<p>&nbsp;<\/p>\n<ol start=\"4\">\n<li><strong> Marknadsf\u00f6ring och kommunikation<\/strong><\/li>\n<\/ol>\n<ul>\n<li>Retorik<\/li>\n<li>Engagemang<\/li>\n<li>Argumentation<\/li>\n<li>Att marknadsf\u00f6ra och s\u00e4lja tj\u00e4nster<\/li>\n<li>Marknadsplanen, marknadsverktyg, aff\u00e4rsid\u00e9er, prospekt och kunder<\/li>\n<li>Kundrelationer och kundv\u00e5rd, relationer och engagemang<\/li>\n<li>Struktur och form<\/li>\n<li>Kommunikation<\/li>\n<\/ul>\n<p>&nbsp;<\/p>\n<ol start=\"6\">\n<li><strong> Behov och m\u00f6jligheter hos kund<\/strong><\/li>\n<\/ol>\n<ul>\n<li>Att f\u00e5nga \u00f6nskem\u00e5len<\/li>\n<li>F\u00f6rslag<\/li>\n<li>Kundsamtal<\/li>\n<li>Uppf\u00f6ljning och r\u00e4tt leverans<\/li>\n<\/ul>\n<p>&nbsp;<\/p>\n<ol start=\"7\">\n<li><strong> Ekonomi<\/strong><\/li>\n<\/ol>\n<ul>\n<li>Ekonomiska samband<\/li>\n<li>S\u00e4tta upp ekonomiska m\u00e5l<\/li>\n<li>Ekonomiska fl\u00f6den<\/li>\n<li>Att ta betalt och hur<\/li>\n<li>Att beskriva och f\u00f6rklara sina kvaliteter, referenser, kvalitet, styrka<\/li>\n<\/ul>\n<p>&nbsp;<\/p>\n<ol start=\"8\">\n<li><strong> Individuell handlingsplan<\/strong><\/li>\n<\/ol>\n<ul>\n<li>Handlingsplan f\u00f6r hur man skall agera efter kursen<\/li>\n<li>Konkret implementering av dina m\u00e5l och m\u00f6jligheter<\/li>\n<li>Uppf\u00f6ljning<\/li>\n<\/ul>\n","protected":false},"excerpt":{"rendered":"<p><strong>Att lyckas som konsult \u00e4r en tv\u00e5dagars utbildning som ger dig praktiska verktyg f\u00f6r att f\u00f6rst\u00e5 konsultrollen, st\u00e4rka din kommunikation med kunder och internt, samt bli b\u00e4ttre p\u00e5 att planera, ta betalt och leverera v\u00e4rde i varje uppdrag. <\/strong><\/p>\n<p>Kursen hj\u00e4lper dig att effektivt kommunicera med best\u00e4llare och skapa l\u00e5ngsiktiga kundrelationer, f\u00e4rdigheter som \u00f6kar konkurrenskraft och skapar nya aff\u00e4rer med kunden!<\/p>\n","protected":false},"featured_media":11730,"comment_status":"open","ping_status":"closed","template":"","meta":{"wds_primary_product_brand":0,"wds_primary_product_cat":0},"product_brand":[],"product_cat":[91,30,37,53,32,113,28,129],"product_tag":[],"class_list":{"0":"post-7636","1":"product","2":"type-product","3":"status-publish","4":"has-post-thumbnail","6":"product_cat-arbetsmiljo","7":"product_cat-business","8":"product_cat-kommunikation","9":"product_cat-kravhantering","10":"product_cat-ledarskap","11":"product_cat-presentationsteknik","12":"product_cat-teamship","13":"product_cat-utbildning","15":"first","16":"instock","17":"taxable","18":"shipping-taxable","19":"purchasable","20":"product-type-simple"},"jetpack_sharing_enabled":true,"_links":{"self":[{"href":"https:\/\/republify.se\/index.php\/wp-json\/wp\/v2\/product\/7636","targetHints":{"allow":["GET"]}}],"collection":[{"href":"https:\/\/republify.se\/index.php\/wp-json\/wp\/v2\/product"}],"about":[{"href":"https:\/\/republify.se\/index.php\/wp-json\/wp\/v2\/types\/product"}],"replies":[{"embeddable":true,"href":"https:\/\/republify.se\/index.php\/wp-json\/wp\/v2\/comments?post=7636"}],"wp:featuredmedia":[{"embeddable":true,"href":"https:\/\/republify.se\/index.php\/wp-json\/wp\/v2\/media\/11730"}],"wp:attachment":[{"href":"https:\/\/republify.se\/index.php\/wp-json\/wp\/v2\/media?parent=7636"}],"wp:term":[{"taxonomy":"product_brand","embeddable":true,"href":"https:\/\/republify.se\/index.php\/wp-json\/wp\/v2\/product_brand?post=7636"},{"taxonomy":"product_cat","embeddable":true,"href":"https:\/\/republify.se\/index.php\/wp-json\/wp\/v2\/product_cat?post=7636"},{"taxonomy":"product_tag","embeddable":true,"href":"https:\/\/republify.se\/index.php\/wp-json\/wp\/v2\/product_tag?post=7636"}],"curies":[{"name":"wp","href":"https:\/\/api.w.org\/{rel}","templated":true}]}}