{"id":7072,"date":"2023-08-25T10:04:55","date_gmt":"2023-08-25T09:04:55","guid":{"rendered":"https:\/\/republify.se\/?post_type=product&#038;p=7072"},"modified":"2026-01-09T08:40:55","modified_gmt":"2026-01-09T07:40:55","slug":"projektekonomi-intensivkurs","status":"publish","type":"product","link":"https:\/\/republify.se\/index.php\/produkt\/projektekonomi-intensivkurs\/","title":{"rendered":"Projektekonomi &#8211; Intensivkurs"},"content":{"rendered":"<h4>M\u00e5l<\/h4>\n<p>Slutm\u00e5let \u00e4r att du ska f\u00e5 verktyg och kunskaper f\u00f6r att ta fram valida kalkyler och l\u00f6pande kunna f\u00f6lja upp dessa och hantera eventuella avvikelser.<\/p>\n<p>I kursen blandas teoripass med realistiska \u00f6vningar och diskussioner. Under kursen f\u00e5r du \u00e4ven mallar och checklistor som st\u00f6d f\u00f6r ditt fortsatta arbete.<\/p>\n<h4>Inneh\u00e5ll<\/h4>\n<p>\u2013 Ekonomiska grundbegrepp \u2013 resultat, int\u00e4kt, kostnad<br \/>\n\u2013 Varf\u00f6r \u00e4r projektekonomi s\u00e5 viktigt?<br \/>\n\u2013 Hur ser projektekonomins del i helhetsekonomin i f\u00f6retaget ut?<br \/>\n\u2013 \u00d6vergripande projektbudget \u2013 vad ska ing\u00e5 i budgeten<br \/>\n\u2013 T\u00e4ckningsbidrag \u2013 projektets s\u00e4rint\u00e4kter och s\u00e4rkostnader<br \/>\n\u2013 Sj\u00e4lvkostnadskalkyl \u2013 materialkostnad, l\u00f6nekostnad, overheadkostnader<br \/>\n\u2013 Likviditetsbudget<br \/>\n\u2013 Investeringskalkylering \u2013 Pay-off-metoden, nuv\u00e4rdesmetoden<br \/>\n\u2013 Riskanalys \u2013 Minirisk<br \/>\n\u2013 Vilka risker ger st\u00f6rst p\u00e5verkan p\u00e5 projektets ekonomi?<br \/>\n\u2013 Lichtenberg-simulering \u2013 statistikverktyg f\u00f6r tids- och kostnadsuppskattning<br \/>\n\u2013 Resursber\u00e4kning \u2013 hur mycket kostar en mantimme egentligen<\/p>\n<h4>Projektekonomi \u2013 f\u00f6r vem?<\/h4>\n<p>Utbildningen v\u00e4nder sig fr\u00e4mst till dig som arbetar som projektledare och beh\u00f6ver st\u00e4rka dina kunskaper inom omr\u00e5det budgetering, kalkylering och uppf\u00f6ljning, men \u00e4ven till dig som \u00e4r projekt\u00e4gare.<\/p>\n<h4>Vad ska jag kunna innan?<\/h4>\n<p>Du b\u00f6r ha erfarenhet av projektarbete och projektledning och g\u00e4rna kunskaper motsvarande v\u00e5r grundkurs i projektledning.<\/p>\n<p>&nbsp;<\/p>\n<h3>Kursen levereras i samarbete med Project Academy<\/h3>\n","protected":false},"excerpt":{"rendered":"<h4><strong>Ett projekt definieras bland annat som en begr\u00e4nsad uppgift med en begr\u00e4nsad budget. D\u00e4rf\u00f6r \u00e4r det viktigt att ha kontroll \u00f6ver projektekonomin.<\/strong><\/h4>\n<p>\u00c4r projektet verkligen l\u00f6nsamt? Har vi f\u00e5tt med alla kostnader och \u00e4r budgeten genomt\u00e4nkt? Och om det inte \u00e4r l\u00f6nsamt r\u00e4knat i kronor och \u00f6ren \u2013 kan vi g\u00f6ra n\u00e5gon annan sorts vinst? I v\u00e5r utbildning Projektekonomi fokuserar vi p\u00e5 de delar inom f\u00f6retagsekonomin som mest ber\u00f6r projektet. H\u00e4r l\u00e4r du dig f\u00f6rst n\u00e5gra ekonomiska grundbegrepp och sedan g\u00e5r vi p\u00e5 djupet med kalkylering och budgetering. Du f\u00e5r ocks\u00e5 l\u00e4ra dig att g\u00f6ra en investeringskalkyl samt f\u00f6lja upp utfallet av budgeten.<\/p>\n","protected":false},"featured_media":4514,"comment_status":"open","ping_status":"closed","template":"","meta":{"wds_primary_product_brand":0,"wds_primary_product_cat":0},"product_brand":[],"product_cat":[51,28,129],"product_tag":[],"class_list":{"0":"post-7072","1":"product","2":"type-product","3":"status-publish","4":"has-post-thumbnail","6":"product_cat-projektledning","7":"product_cat-teamship","8":"product_cat-utbildning","10":"first","11":"instock","12":"taxable","13":"shipping-taxable","14":"purchasable","15":"product-type-simple"},"jetpack_sharing_enabled":true,"_links":{"self":[{"href":"https:\/\/republify.se\/index.php\/wp-json\/wp\/v2\/product\/7072","targetHints":{"allow":["GET"]}}],"collection":[{"href":"https:\/\/republify.se\/index.php\/wp-json\/wp\/v2\/product"}],"about":[{"href":"https:\/\/republify.se\/index.php\/wp-json\/wp\/v2\/types\/product"}],"replies":[{"embeddable":true,"href":"https:\/\/republify.se\/index.php\/wp-json\/wp\/v2\/comments?post=7072"}],"wp:featuredmedia":[{"embeddable":true,"href":"https:\/\/republify.se\/index.php\/wp-json\/wp\/v2\/media\/4514"}],"wp:attachment":[{"href":"https:\/\/republify.se\/index.php\/wp-json\/wp\/v2\/media?parent=7072"}],"wp:term":[{"taxonomy":"product_brand","embeddable":true,"href":"https:\/\/republify.se\/index.php\/wp-json\/wp\/v2\/product_brand?post=7072"},{"taxonomy":"product_cat","embeddable":true,"href":"https:\/\/republify.se\/index.php\/wp-json\/wp\/v2\/product_cat?post=7072"},{"taxonomy":"product_tag","embeddable":true,"href":"https:\/\/republify.se\/index.php\/wp-json\/wp\/v2\/product_tag?post=7072"}],"curies":[{"name":"wp","href":"https:\/\/api.w.org\/{rel}","templated":true}]}}