{"id":6360,"date":"2023-02-22T11:35:06","date_gmt":"2023-02-22T10:35:06","guid":{"rendered":"https:\/\/republify.se\/?post_type=product&#038;p=6360"},"modified":"2026-01-09T08:43:47","modified_gmt":"2026-01-09T07:43:47","slug":"sql-grundkurs-intermediate","status":"publish","type":"product","link":"https:\/\/republify.se\/index.php\/produkt\/sql-grundkurs-intermediate\/","title":{"rendered":"SQL Grundkurs &#8211; Intermediate"},"content":{"rendered":"<p>SQL och relationsdatabaser \u00e4r en oumb\u00e4rlig del av moderna informationssystem. SQL Grundkurs riktar sig till dig som vill f\u00e5 utf\u00f6rliga kunskaper inom de grundl\u00e4ggande koncepten inom SQL; efter kursen kommer du att kunna arbeta sj\u00e4lvst\u00e4ndigt med att skriva databasfr\u00e5gor, skapa tabeller och administrera din egen SQL-server.<\/p>\n<p>Utbildningen inneh\u00e5ller praktiska \u00f6vningar som hj\u00e4lper dig att oms\u00e4tta teorin till verkliga scenarier, vilket g\u00f6r dig redo att arbeta sj\u00e4lvst\u00e4ndigt med SQL i b\u00e5de tekniska och administrativa sammanhang. Kursen \u00e4r ursprungligen baserad p\u00e5 Microsoft SQL Server men kan \u00e4ven f\u00f6retagsanpassas f\u00f6r dig som arbetar med andra databasmilj\u00f6er, s\u00e5som MySQL, PostgreSQL eller Oracle. Oavsett om du \u00e4r nyb\u00f6rjare eller vill f\u00f6rst\u00e4rka dina befintliga kunskaper, ger denna kurs dig en ov\u00e4rderlig grund f\u00f6r att hantera databaser i din yrkesroll.<\/p>\n<p><strong>Dag 1<\/strong><\/p>\n<ul>\n<li>SQL och relationsdatabaser<\/li>\n<li>Anv\u00e4nda en SQL-klient<\/li>\n<li>Grundl\u00e4ggare databasfr\u00e5gor &#8211; SELECT och WHERE<\/li>\n<li>Skapa och \u00e4ndra i tabeller<\/li>\n<li>Datatyper i SQL<\/li>\n<li>Jobba med aggregat &#8211; SUM, MAX, MIN, GROUP BY och s\u00e5 vidare<\/li>\n<\/ul>\n<p><strong>Dag 2<\/strong><\/p>\n<ul>\n<li>Grundl\u00e4ggande JOINs<\/li>\n<li>Avancerade JOINs<\/li>\n<li>Mer avancerade databasfr\u00e5gor med LIKE, IN och BETWEEN<\/li>\n<li>Anv\u00e4nda och skapa index<\/li>\n<li>Vyer<\/li>\n<\/ul>\n","protected":false},"excerpt":{"rendered":"<p><strong>SQL Grundkurs \u00e4r en l\u00e4rarledd tv\u00e5dagarsutbildning som ger dig en stabil och praktisk grund inom SQL och relationsdatabaser. <\/strong><\/p>\n<p>Under kursen f\u00e5r du l\u00e4ra dig att skapa och hantera databastabeller, skriva effektiva fr\u00e5gor f\u00f6r att h\u00e4mta och analysera data samt anv\u00e4nda avancerade tekniker som JOINs, grupperingar och underfr\u00e5gor. Vi g\u00e5r \u00e4ven igenom hur du optimerar prestanda med hj\u00e4lp av index och skapar \u00e5teranv\u00e4ndbara l\u00f6sningar genom vyer.<\/p>\n","protected":false},"featured_media":2762,"comment_status":"open","ping_status":"closed","template":"","meta":{"wds_primary_product_brand":0,"wds_primary_product_cat":0},"product_brand":[],"product_cat":[50,29],"product_tag":[],"class_list":{"0":"post-6360","1":"product","2":"type-product","3":"status-publish","4":"has-post-thumbnail","6":"product_cat-sql-server","7":"product_cat-technical","9":"first","10":"instock","11":"taxable","12":"shipping-taxable","13":"purchasable","14":"product-type-simple"},"jetpack_sharing_enabled":true,"_links":{"self":[{"href":"https:\/\/republify.se\/index.php\/wp-json\/wp\/v2\/product\/6360","targetHints":{"allow":["GET"]}}],"collection":[{"href":"https:\/\/republify.se\/index.php\/wp-json\/wp\/v2\/product"}],"about":[{"href":"https:\/\/republify.se\/index.php\/wp-json\/wp\/v2\/types\/product"}],"replies":[{"embeddable":true,"href":"https:\/\/republify.se\/index.php\/wp-json\/wp\/v2\/comments?post=6360"}],"wp:featuredmedia":[{"embeddable":true,"href":"https:\/\/republify.se\/index.php\/wp-json\/wp\/v2\/media\/2762"}],"wp:attachment":[{"href":"https:\/\/republify.se\/index.php\/wp-json\/wp\/v2\/media?parent=6360"}],"wp:term":[{"taxonomy":"product_brand","embeddable":true,"href":"https:\/\/republify.se\/index.php\/wp-json\/wp\/v2\/product_brand?post=6360"},{"taxonomy":"product_cat","embeddable":true,"href":"https:\/\/republify.se\/index.php\/wp-json\/wp\/v2\/product_cat?post=6360"},{"taxonomy":"product_tag","embeddable":true,"href":"https:\/\/republify.se\/index.php\/wp-json\/wp\/v2\/product_tag?post=6360"}],"curies":[{"name":"wp","href":"https:\/\/api.w.org\/{rel}","templated":true}]}}