{"id":6289,"date":"2023-01-20T13:39:28","date_gmt":"2023-01-20T12:39:28","guid":{"rendered":"https:\/\/republify.se\/?post_type=product&#038;p=6289"},"modified":"2026-04-26T09:22:47","modified_gmt":"2026-04-26T08:22:47","slug":"powershell-fundamentals","status":"publish","type":"product","link":"https:\/\/republify.se\/index.php\/produkt\/powershell-fundamentals\/","title":{"rendered":"PowerShell Fundamentals"},"content":{"rendered":"<div style=\"float: right;\">\n<p><script src='\/\/d31cr4zxq0qgev.cloudfront.net\/js\/reviews\/1.5.1\/widget.min.js'>\n<\/script><\/p>\n<div>\n<div id=\"widget-reviews\"><\/div>\n<\/div>\n<p><script>\n    emgReviewWidget.setup({\n        targetElementId: 'widget-reviews',\n        customerId: '40730',\n        sourceCourseId: '1712104', \n        source: 'utbildning.se'\n    });\n<\/script><\/p>\n<\/div>\n<div class=\"elementor-element elementor-element-3d9b49a3 elementor-widget elementor-widget-text-editor\" data-id=\"3d9b49a3\" data-element_type=\"widget\" data-widget_type=\"text-editor.default\">\n<div class=\"elementor-widget-container\">\n<div class=\"elementor-element elementor-element-3c468123 elementor-widget elementor-widget-text-editor\" data-id=\"3c468123\" data-element_type=\"widget\" data-widget_type=\"text-editor.default\">\n<div class=\"elementor-widget-container\">\n<div class=\"elementor-element elementor-element-706f6e7 elementor-widget elementor-widget-text-editor\" data-id=\"706f6e7\" data-element_type=\"widget\" data-widget_type=\"text-editor.default\">\n<div class=\"elementor-element elementor-element-64a191b4 elementor-widget elementor-widget-text-editor\" data-id=\"64a191b4\" data-element_type=\"widget\" data-widget_type=\"text-editor.default\">\n<div class=\"elementor-widget-container\"><strong>Kursm\u00e5l<\/strong><\/div>\n<\/div>\n<p>L\u00e4ra dig PowerShell och dess olika anv\u00e4ndningsomr\u00e5den<\/p>\n<p><strong>M\u00e5lgrupp<\/strong><\/p>\n<p>Nybakade IT-Tekniker<br \/>\nIT Tekniker utan tidigare erfarenhet av PowerShell<br \/>\nBest\u00e4llare som skall jobba inom IT<br \/>\nDe som vill \u00f6ka sina kunskaper om Windows Server<br \/>\nDe som vill kunna delta i tekniska samtal<\/p>\n<p><strong>F\u00f6rkunskaper<\/strong><\/p>\n<p>Vana att arbeta i Windows gr\u00e4nssnitt<br \/>\nGrundl\u00e4ggande kunskaper om n\u00e4tverk och TCP\/IP.<br \/>\nF\u00f6rst\u00e5else f\u00f6r den h\u00e5rdvara som ing\u00e5r i en modern PC<br \/>\nKursen Windows Server grunder eller motsvarande<br \/>\nKursen Windows Server p\u00e5byggnad eller motsvarande<\/p>\n<p><strong>Kursdetaljer<\/strong><\/p>\n<p>Under utbildningen kommer vi g\u00e5 igenom bland annat;<\/p>\n<p>Olika typer av script<br \/>\nMicrosoft .NET FrameWork<br \/>\nKrav f\u00f6r att kunna k\u00f6ra PowerShell<br \/>\nPowerShell koncept och byggstenar<br \/>\nPowerShell f\u00f6r administration av Windows Server<br \/>\nCertifikat och kryptering<br \/>\nActive Directory Directory Services<br \/>\nPowerShell f\u00f6r att kunna administrera Active Directory<\/p>\n<h3>Utbildningen levereras av J\u00f6rgen Strandberg<\/h3>\n<p>J\u00f6rgen \u00e4r IT konsult med \u00f6ver 40 \u00e5r erfarenhet fr\u00e5n olika omr\u00e5den fr\u00e5n h\u00e5rdvara till arkitektur, s\u00e4kerhet och programutveckling. Under flera \u00e5r l\u00e5g fokus p\u00e5 design och s\u00e4kerhet i stora IT system hos privata och offentliga akt\u00f6rer. J\u00f6rgen \u00e4r sannolikt en av de mest certifierade konsulterna i Sverige med ett 70 tal certifieringar fr\u00e5n Microsoft, VMware, Symantec, HDI mm. Idag jobbar J\u00f6rgen med att utveckla avancerad mjukvara f\u00f6r s\u00e4ker integration av externa datak\u00e4llor i interna system.<\/p>\n<\/div>\n<\/div>\n<\/div>\n<\/div>\n<\/div>\n","protected":false},"excerpt":{"rendered":"<p><strong>Utbildningen f\u00f6r dig med mindre eller ingen erfarenhet av script och PowerShell. P\u00e5 kursen g\u00e5r vi igenom grunderna till PowerShell och dess olika anv\u00e4ndningsomr\u00e5den samt tredjeparts verktyg. Vi har ocks\u00e5 en kort genomg\u00e5ng av Active Directory Directory Services och dess m\u00f6jligheter administration via script.<\/strong><\/p>\n<p>Kursen \u00e4r versions-oberoende dvs den anpassas till senaste versionen men och tar upp skillnader mot tidigare versioner. P\u00e5 kursen blandas teori och praktik.<\/p>\n<p><strong>\u00d6ppet kursdatum (distans):<\/strong><br \/>\n27-28 april, 29-30 april (FULLBOKADE), 22-23 juni<\/p>\n","protected":false},"featured_media":2086,"comment_status":"open","ping_status":"closed","template":"","meta":{"wds_primary_product_brand":0,"wds_primary_product_cat":0},"product_brand":[],"product_cat":[43,145,44,29],"product_tag":[],"class_list":{"0":"post-6289","1":"product","2":"type-product","3":"status-publish","4":"has-post-thumbnail","6":"product_cat-microsoft","7":"product_cat-oppen-schemalagd-utbildning","8":"product_cat-powershell","9":"product_cat-technical","11":"first","12":"instock","13":"taxable","14":"shipping-taxable","15":"purchasable","16":"product-type-simple"},"jetpack_sharing_enabled":true,"_links":{"self":[{"href":"https:\/\/republify.se\/index.php\/wp-json\/wp\/v2\/product\/6289","targetHints":{"allow":["GET"]}}],"collection":[{"href":"https:\/\/republify.se\/index.php\/wp-json\/wp\/v2\/product"}],"about":[{"href":"https:\/\/republify.se\/index.php\/wp-json\/wp\/v2\/types\/product"}],"replies":[{"embeddable":true,"href":"https:\/\/republify.se\/index.php\/wp-json\/wp\/v2\/comments?post=6289"}],"wp:featuredmedia":[{"embeddable":true,"href":"https:\/\/republify.se\/index.php\/wp-json\/wp\/v2\/media\/2086"}],"wp:attachment":[{"href":"https:\/\/republify.se\/index.php\/wp-json\/wp\/v2\/media?parent=6289"}],"wp:term":[{"taxonomy":"product_brand","embeddable":true,"href":"https:\/\/republify.se\/index.php\/wp-json\/wp\/v2\/product_brand?post=6289"},{"taxonomy":"product_cat","embeddable":true,"href":"https:\/\/republify.se\/index.php\/wp-json\/wp\/v2\/product_cat?post=6289"},{"taxonomy":"product_tag","embeddable":true,"href":"https:\/\/republify.se\/index.php\/wp-json\/wp\/v2\/product_tag?post=6289"}],"curies":[{"name":"wp","href":"https:\/\/api.w.org\/{rel}","templated":true}]}}