{"id":4960,"date":"2022-10-13T14:32:30","date_gmt":"2022-10-13T13:32:30","guid":{"rendered":"https:\/\/republify.se\/?post_type=product&#038;p=4960"},"modified":"2026-01-09T08:49:26","modified_gmt":"2026-01-09T07:49:26","slug":"cybr-5-legala-aspekter","status":"publish","type":"product","link":"https:\/\/republify.se\/index.php\/produkt\/cybr-5-legala-aspekter\/","title":{"rendered":"CYBR 5 \u2013 LEGALA ASPEKTER"},"content":{"rendered":"<h3 class=\"xmsonormal\"><b><span style=\"font-size: 9.0pt; font-family: 'Verdana',sans-serif; color: black;\">1. Globala datakrav<\/span><\/b><\/h3>\n<p class=\"xmsonormal\"><span style=\"font-size: 9.0pt; font-family: 'Verdana',sans-serif; color: black;\">GDPR: The General Data Protection Regulation, ett regelverk inom EU kring dataskydd och personlig integritet.<\/span><\/p>\n<p class=\"xmsonormal\"><span style=\"font-size: 9.0pt; font-family: 'Verdana',sans-serif; color: black;\">HIPAA: The Health Insurance Portability and Accountability Act, en federal lag i USA som skyddar k\u00e4nslig patientinformation fr\u00e5n att delges andra utan patientens samtycke eller k\u00e4nnedom.<\/span><\/p>\n<p class=\"xmsonormal\"><span style=\"font-size: 9.0pt; font-family: 'Verdana',sans-serif; color: black;\">LGPD: The General Personal Data Protection Law, en brasiliansk lag kring dataskydd och personlig integritet.<\/span><\/p>\n<p class=\"xmsonormal\"><span style=\"font-size: 9.0pt; font-family: 'Verdana',sans-serif; color: black;\">PoPI: The Protection of Personal Information Act, en sydafrikansk motsvarighet till GDPR.<\/span><\/p>\n<p class=\"xmsonormal\"><span style=\"font-size: 9.0pt; font-family: 'Verdana',sans-serif; color: black;\">F\u00f6retag samlar i sin dagliga verksamhet in olika typer av personuppgifter, avsiktligt eller oavsiktligt. Det kan vara i samband skapande av kundregister eller listor f\u00f6r reklamutskick eller inbjudningar till events av olika slag. Det \u00e4r d\u00e4rvid viktigt att f\u00f6retag har full koll p\u00e5 de lagar, f\u00f6rordningar och f\u00f6reskrifter som g\u00e4ller i olika l\u00e4nder. Detta avsnitt handlar om vikten att man f\u00f6ljer dessa. <\/span><\/p>\n<h3 class=\"xmsonormal\"><b><span style=\"font-size: 9.0pt; font-family: 'Verdana',sans-serif; color: black;\">2. Introduktion till GDPR<\/span><\/b><\/h3>\n<p class=\"xmsonormal\"><span style=\"font-size: 9.0pt; font-family: 'Verdana',sans-serif; color: black;\">GDPR: The General Data Protection Regulation, ett regelverk inom EU kring dataskydd och personlig integritet.<\/span><\/p>\n<p class=\"xmsonormal\"><span style=\"font-size: 9.0pt; font-family: 'Verdana',sans-serif; color: black;\">\u00a0<\/span><span style=\"font-size: 9.0pt; font-family: 'Verdana',sans-serif; color: black;\">GDPR omfattar inte bara EU och EEA utan \u00e4ven datahantering <i>utanf\u00f6r<\/i> EU\/EEA av personer <i>inom<\/i> EU\/EEA. Detta avsnitt ger en djupare inblick i GDPR. <\/span><\/p>\n<h3 class=\"xmsonormal\"><span style=\"font-size: 9.0pt; font-family: 'Verdana',sans-serif; color: black;\">\u00a0<\/span><b><span style=\"font-size: 9.0pt; font-family: 'Verdana',sans-serif; color: black;\">3. Vad \u00e4r personuppgifter<\/span><\/b><\/h3>\n<p class=\"xmsonormal\"><span style=\"font-size: 9.0pt; font-family: 'Verdana',sans-serif; color: black;\">Vad klassas som personuppgifter? Varf\u00f6r \u00e4r det viktigt att f\u00f6rst\u00e5 den exakta inneb\u00f6rden av detta begrepp? Detta avsnitt tar upp fr\u00e5gor kring \u2019vad\u2019 och \u2019varf\u00f6r\u2019 n\u00e4r det g\u00e4ller personuppgifter.<\/span><\/p>\n<h3 class=\"xmsonormal\"><b><span style=\"font-size: 9.0pt; font-family: 'Verdana',sans-serif; color: black;\">4. Hantering och behandling av uppgifter<\/span><\/b><\/h3>\n<p class=\"xmsonormal\"><span style=\"font-size: 9.0pt; font-family: 'Verdana',sans-serif; color: black;\">GDPR anger sex legala anledningar (\u2019bases\u2019) f\u00f6r att samla in personuppgifter. Dessa \u00e4r i GDPR formulerade som undantag som till\u00e5ter lagring av personuppgifter. Detta avsnitt beskriver dessa sex anledningar\/undantag till insamling av personuppgifter.<\/span><\/p>\n<h3 class=\"xmsonormal\"><b><span style=\"font-size: 9.0pt; font-family: 'Verdana',sans-serif; color: black;\">5. Dina personuppgiftsr\u00e4ttigheter<\/span><\/b><\/h3>\n<p class=\"xmsonormal\"><span style=\"font-size: 9.0pt; font-family: 'Verdana',sans-serif; color: black;\">K\u00e4nnedom om ditt eget personskydd inom GDPR inneb\u00e4r ocks\u00e5 minskad risk att du kr\u00e4nker andras. Detta avsnitt handlar om dina egna personliga r\u00e4ttigheter i GDPR.<\/span><\/p>\n<h3>Kursen levereras i samarbete med<\/h3>\n<p><img decoding=\"async\" class=\"alignnone size-medium wp-image-4952 lazyload\" data-src=\"https:\/\/republify.se\/wp-content\/uploads\/2022\/10\/cybr-300x86.jpg\" alt=\"\" width=\"300\" height=\"86\" data-srcset=\"https:\/\/republify.se\/wp-content\/uploads\/2022\/10\/cybr-300x86.jpg 300w, https:\/\/republify.se\/wp-content\/uploads\/2022\/10\/cybr.jpg 497w\" data-sizes=\"(max-width: 300px) 100vw, 300px\" src=\"data:image\/svg+xml;base64,PHN2ZyB3aWR0aD0iMSIgaGVpZ2h0PSIxIiB4bWxucz0iaHR0cDovL3d3dy53My5vcmcvMjAwMC9zdmciPjwvc3ZnPg==\" style=\"--smush-placeholder-width: 300px; --smush-placeholder-aspect-ratio: 300\/86;\" \/><\/p>\n","protected":false},"excerpt":{"rendered":"<p>V\u00e4lkommen till denna sj\u00e4lvstudieutbildning i s\u00e4kerhetsmedvetande med IT-fokus. Du kan k\u00f6pa hela paketet och f\u00e5 tillg\u00e5ng till alla utbildningsmodulerna under ett helt \u00e5r eller v\u00e4lja ut de delar som \u00e4r mest aktuella f\u00f6r er!\u00a0I varje modul f\u00e5r du bekanta dig med Roby som \u00e4r din coach och guide i cybers\u00e4kerhet. Ruby kommer att hj\u00e4lpa dig att navigera genom utbildningsavsnitten st\u00f6d i din inl\u00e4rning. Lycka till!<\/p>\n<p>0 \u2013 CYBR \u2013 SAMTLIGA 6 MODULER<strong><br \/>\n<\/strong>1 \u2013 INTRODUKTION TILL CYBERS\u00c4KERHET<br \/>\n2 \u2013 PHISHING<br \/>\n3 \u2013 SOCIAL ENGINEERING<br \/>\n4 \u2013 PERSONLIG ENHETSS\u00c4KERHET<br \/>\n<strong>5 \u2013 LEGALA ASPEKTER<\/strong><br \/>\n6 &#8211; MALWARE<\/p>\n","protected":false},"featured_media":4950,"comment_status":"open","ping_status":"closed","template":"","meta":{"wds_primary_product_brand":0,"wds_primary_product_cat":0},"product_brand":[],"product_cat":[134,149,31],"product_tag":[],"class_list":{"0":"post-4960","1":"product","2":"type-product","3":"status-publish","4":"has-post-thumbnail","6":"product_cat-cyber-security","7":"product_cat-e-learning","8":"product_cat-security","10":"first","11":"instock","12":"taxable","13":"shipping-taxable","14":"purchasable","15":"product-type-simple"},"jetpack_sharing_enabled":true,"_links":{"self":[{"href":"https:\/\/republify.se\/index.php\/wp-json\/wp\/v2\/product\/4960","targetHints":{"allow":["GET"]}}],"collection":[{"href":"https:\/\/republify.se\/index.php\/wp-json\/wp\/v2\/product"}],"about":[{"href":"https:\/\/republify.se\/index.php\/wp-json\/wp\/v2\/types\/product"}],"replies":[{"embeddable":true,"href":"https:\/\/republify.se\/index.php\/wp-json\/wp\/v2\/comments?post=4960"}],"wp:featuredmedia":[{"embeddable":true,"href":"https:\/\/republify.se\/index.php\/wp-json\/wp\/v2\/media\/4950"}],"wp:attachment":[{"href":"https:\/\/republify.se\/index.php\/wp-json\/wp\/v2\/media?parent=4960"}],"wp:term":[{"taxonomy":"product_brand","embeddable":true,"href":"https:\/\/republify.se\/index.php\/wp-json\/wp\/v2\/product_brand?post=4960"},{"taxonomy":"product_cat","embeddable":true,"href":"https:\/\/republify.se\/index.php\/wp-json\/wp\/v2\/product_cat?post=4960"},{"taxonomy":"product_tag","embeddable":true,"href":"https:\/\/republify.se\/index.php\/wp-json\/wp\/v2\/product_tag?post=4960"}],"curies":[{"name":"wp","href":"https:\/\/api.w.org\/{rel}","templated":true}]}}