{"id":4959,"date":"2022-10-13T14:29:38","date_gmt":"2022-10-13T13:29:38","guid":{"rendered":"https:\/\/republify.se\/?post_type=product&#038;p=4959"},"modified":"2026-01-09T08:49:48","modified_gmt":"2026-01-09T07:49:48","slug":"cybr-4-personlig-enhetssakerhet","status":"publish","type":"product","link":"https:\/\/republify.se\/index.php\/produkt\/cybr-4-personlig-enhetssakerhet\/","title":{"rendered":"CYBR 4 \u2013 PERSONLIG ENHETSS\u00c4KERHET"},"content":{"rendered":"<ol>\n<li>\n<h3><strong> Mobil s\u00e4kerhet<\/strong><\/h3>\n<\/li>\n<\/ol>\n<p>App: en applikation som laddas ner p\u00e5 en mobiltelefon d\u00e4r den blir synlig som en liten ikon p\u00e5 sk\u00e4rmen.<\/p>\n<p>Kan du via din privata mobil l\u00e4sa e-post som h\u00f6r till jobbet? Eller loggar du via din jobb-dator in p\u00e5 ditt personliga konto p\u00e5 banken? Privata datorer eller mobiler anv\u00e4nds \u00e4ven f\u00f6r jobb-syften och vice versa. Det \u00e4r ytterligare ett sk\u00e4l till vaksamhet och f\u00f6rsiktighet. Detta avsnitt behandlar n\u00e5gra mer avancerade metoder att skydda dig sj\u00e4lv och din arbetsplats.<\/p>\n<ol start=\"2\">\n<li>\n<h3><strong> SMiSHing<\/strong><\/h3>\n<\/li>\n<\/ol>\n<p>SMS: Short Message Service, kortare textmeddelande via mobiltelefon. SMS Phishing \u2013 eller SMiSHing \u2013 \u00e4r som begreppet antyder phishing via SMS. Ja, phishing f\u00f6rekommer faktiskt \u00e4ven via SMS! Detta avsnitt handlar om SMiSH-meddelanden och vad man ska g\u00f6ra om man f\u00e5r ett s\u00e5dant.<\/p>\n<ol start=\"3\">\n<li>\n<h3><strong> S\u00e4ker resa<\/strong><\/h3>\n<\/li>\n<\/ol>\n<p>SIM-kort: ett mikro-chip i en mobiltelefon som m\u00f6jligg\u00f6r att den kan kopplas upp mot n\u00e4tet. VPN: Virtual Private Network, en \u2018datatunnel\u2019 som m\u00f6jligg\u00f6r fj\u00e4rranslutning av datorn till ett enskilt n\u00e4tverk, t ex fr\u00e5n ett hotell eller t\u00e5g till ett f\u00f6retags intran\u00e4t (interna internet). IP-adress: en unik adress p\u00e5 internet kopplat till en unik dator, ungef\u00e4r som nummerpl\u00e5ten p\u00e5 en bil.<\/p>\n<p>Du \u00e4r p\u00e5 semester och hittar den perfekta souveniren att ta med hem. Men n\u00e4r du ska anv\u00e4nda ditt betalkort s\u00e5 blir du nekad. \u00c4r kontot \u00f6vertrasserat? Eller \u00e4r f\u00f6rklaringen mer obehaglig \u00e4n s\u00e5? L\u00e5t oss titta p\u00e5 hur du kan skydda din dator eller mobiltelefon d\u00e5 du kopplar upp mot olika n\u00e4tverk under resan, t ex p\u00e5 ett hotell.<\/p>\n<ol start=\"4\">\n<li>\n<h3><strong> S\u00e4kra n\u00e4tverk<\/strong><\/h3>\n<\/li>\n<\/ol>\n<p>HTTPS: Hypertext Transfer Protocol Secure, en utbyggnad av <a href=\"https:\/\/eur04.safelinks.protection.outlook.com\/?url=https%3A%2F%2Fen.wikipedia.org%2Fwiki%2FHypertext_Transfer_Protocol&amp;data=05%7C01%7Cjan.skogeby%40hitachienergy.com%7C4ccbf1f9ee944e7d272a08da37582c50%7C7831e6d9dc6c4cd19ec61dc2b4133195%7C0%7C0%7C637883149386372778%7CUnknown%7CTWFpbGZsb3d8eyJWIjoiMC4wLjAwMDAiLCJQIjoiV2luMzIiLCJBTiI6Ik1haWwiLCJXVCI6Mn0%3D%7C1000%7C%7C%7C&amp;sdata=lCM%2Fz%2FjtzvHmqc9%2FDR1iAkNPkVcunsnMjXO7vmXmTXc%3D&amp;reserved=0\">Hypertext Transfer Protocol<\/a>\u00a0(HTTP). F\u00f6rkortningen HTTPS syns tillsammans med web-adressen, t ex <a href=\"https:\/\/www.sparbanken.se\">https:\/\/www.sparbanken.se<\/a> inneb\u00e4rande att kommunikationen mellan Sparbanken (sparbanken.se) och internet-l\u00e4saren (browsern) p\u00e5 din dator eller mobil \u00e4r krypterad vilket skapar en betydligt s\u00e4krare kommunikation.<\/p>\n<p>Om du \u00e4r p\u00e5 resa s\u00e5 inneb\u00e4r det att du ibland beh\u00f6va ansluta datorn till ett n\u00e4tverk f\u00f6r att sk\u00f6ta ditt jobb eller dina privata aff\u00e4rer. \u00a0Detta avsnitt behandlar s\u00e4ker uppkoppling fr\u00e5n t ex ett hotell eller en buss.<\/p>\n<ol start=\"5\">\n<li>\n<h3><strong> Social Media Phishing<\/strong><\/h3>\n<\/li>\n<\/ol>\n<p>Facebook, Instagram och andra sociala medier \u00e4r numera en naturlig del av v\u00e5r vardag och \u00e4ven h\u00e4r f\u00f6rekommer phishing. L\u00e5t oss titta p\u00e5 hur du kan uppt\u00e4cka f\u00f6rs\u00f6k till phishing via sociala plattformar.<\/p>\n<h3>Kursen levereras i samarbete med<\/h3>\n<p><img decoding=\"async\" class=\"alignnone size-medium wp-image-4952 lazyload\" data-src=\"https:\/\/republify.se\/wp-content\/uploads\/2022\/10\/cybr-300x86.jpg\" alt=\"\" width=\"300\" height=\"86\" data-srcset=\"https:\/\/republify.se\/wp-content\/uploads\/2022\/10\/cybr-300x86.jpg 300w, https:\/\/republify.se\/wp-content\/uploads\/2022\/10\/cybr.jpg 497w\" data-sizes=\"(max-width: 300px) 100vw, 300px\" src=\"data:image\/svg+xml;base64,PHN2ZyB3aWR0aD0iMSIgaGVpZ2h0PSIxIiB4bWxucz0iaHR0cDovL3d3dy53My5vcmcvMjAwMC9zdmciPjwvc3ZnPg==\" style=\"--smush-placeholder-width: 300px; --smush-placeholder-aspect-ratio: 300\/86;\" \/><\/p>\n","protected":false},"excerpt":{"rendered":"<p>V\u00e4lkommen till denna sj\u00e4lvstudieutbildning i s\u00e4kerhetsmedvetande med IT-fokus. Du kan k\u00f6pa hela paketet och f\u00e5 tillg\u00e5ng till alla utbildningsmodulerna under ett helt \u00e5r eller v\u00e4lja ut de delar som \u00e4r mest aktuella f\u00f6r er!\u00a0I varje modul f\u00e5r du bekanta dig med Roby som \u00e4r din coach och guide i cybers\u00e4kerhet. Ruby kommer att hj\u00e4lpa dig att navigera genom utbildningsavsnitten st\u00f6d i din inl\u00e4rning. Lycka till!<\/p>\n<p>0 \u2013 CYBR \u2013 SAMTLIGA 6 MODULER<strong><br \/>\n<\/strong>1 \u2013 INTRODUKTION TILL CYBERS\u00c4KERHET<br \/>\n2 \u2013 PHISHING<br \/>\n3 \u2013 SOCIAL ENGINEERING<br \/>\n<strong>4 \u2013 PERSONLIG ENHETSS\u00c4KERHET<\/strong><br \/>\n5 \u2013 LEGALA ASPEKTER<br \/>\n6 &#8211; MALWARE<\/p>\n","protected":false},"featured_media":4949,"comment_status":"open","ping_status":"closed","template":"","meta":{"wds_primary_product_brand":0,"wds_primary_product_cat":0},"product_brand":[],"product_cat":[134,149,31],"product_tag":[],"class_list":{"0":"post-4959","1":"product","2":"type-product","3":"status-publish","4":"has-post-thumbnail","6":"product_cat-cyber-security","7":"product_cat-e-learning","8":"product_cat-security","10":"first","11":"instock","12":"taxable","13":"shipping-taxable","14":"purchasable","15":"product-type-simple"},"jetpack_sharing_enabled":true,"_links":{"self":[{"href":"https:\/\/republify.se\/index.php\/wp-json\/wp\/v2\/product\/4959","targetHints":{"allow":["GET"]}}],"collection":[{"href":"https:\/\/republify.se\/index.php\/wp-json\/wp\/v2\/product"}],"about":[{"href":"https:\/\/republify.se\/index.php\/wp-json\/wp\/v2\/types\/product"}],"replies":[{"embeddable":true,"href":"https:\/\/republify.se\/index.php\/wp-json\/wp\/v2\/comments?post=4959"}],"wp:featuredmedia":[{"embeddable":true,"href":"https:\/\/republify.se\/index.php\/wp-json\/wp\/v2\/media\/4949"}],"wp:attachment":[{"href":"https:\/\/republify.se\/index.php\/wp-json\/wp\/v2\/media?parent=4959"}],"wp:term":[{"taxonomy":"product_brand","embeddable":true,"href":"https:\/\/republify.se\/index.php\/wp-json\/wp\/v2\/product_brand?post=4959"},{"taxonomy":"product_cat","embeddable":true,"href":"https:\/\/republify.se\/index.php\/wp-json\/wp\/v2\/product_cat?post=4959"},{"taxonomy":"product_tag","embeddable":true,"href":"https:\/\/republify.se\/index.php\/wp-json\/wp\/v2\/product_tag?post=4959"}],"curies":[{"name":"wp","href":"https:\/\/api.w.org\/{rel}","templated":true}]}}