{"id":4957,"date":"2022-10-13T14:26:49","date_gmt":"2022-10-13T13:26:49","guid":{"rendered":"https:\/\/republify.se\/?post_type=product&#038;p=4957"},"modified":"2026-01-09T08:50:08","modified_gmt":"2026-01-09T07:50:08","slug":"cybr-3-social-engineering","status":"publish","type":"product","link":"https:\/\/republify.se\/index.php\/produkt\/cybr-3-social-engineering\/","title":{"rendered":"CYBR 3 \u2013 SOCIAL ENGINEERING"},"content":{"rendered":"<ol>\n<li>\n<h3><strong> Social manipulation <\/strong><\/h3>\n<\/li>\n<\/ol>\n<p>Credentials \/ Autentiseringsuppgifter: Bevis p\u00e5 auktorisation, beh\u00f6righet, status, r\u00e4ttigheter osv.\u00a0\u00a0 T ex \u2019user credentials\u2019 \u00e4r lika med anv\u00e4ndarnamn och l\u00f6senord.<\/p>\n<p>I detta avsnitt kommer du att l\u00e4ra dig om social ingenj\u00f6rskonst (\u2019social engineering\u2019). Banker, myndigheter, f\u00f6retag och \u00e4ven enskilda drabbas av detta. Vet du hur social ingenj\u00f6rskonst kan m\u00f6jligg\u00f6ra obeh\u00f6rig access? Svaren kanske \u00f6verraskar!<\/p>\n<ol start=\"2\">\n<li>\n<h3><strong> Tailgating<\/strong><\/h3>\n<\/li>\n<\/ol>\n<p>\u201dTailgate\u2019 betyder baklucka och \u2019tailgating\u2019 inneb\u00e4r att en obeh\u00f6rig tar sig in bakv\u00e4gen i t ex en byggnad eller en dator. Har n\u00e5gon bett dig h\u00e5lla upp d\u00f6rren efter att du anv\u00e4nt ditt passerkort? Detta \u00e4r ett av flera s\u00e4tt som \u00e4r applicerbart \u00e4ven i datasammanhang. Detta avsnitt l\u00e4r dig vad du ska g\u00f6ra om du blivit \u2019tailgated\u2019 och hur du ska hantera n\u00e5gon som du misst\u00e4nker f\u00f6rs\u00f6ker sig p\u00e5 detta.<\/p>\n<ol start=\"3\">\n<li>\n<h3><strong> Pretexting<\/strong><\/h3>\n<\/li>\n<\/ol>\n<p>\u2019Pretext\u2019 betyder f\u00f6rev\u00e4ndning. Pretexting \u00e4r en variant av s\u00e5 kallad social ingenj\u00f6rskonst och som inneb\u00e4r att cyberkriminella skapar en f\u00f6rev\u00e4ndning eller ett motiv f\u00f6r anv\u00e4ndare att ge ut personlig information f\u00f6r att d\u00e4rigenom obeh\u00f6rigt ta sig in i system.<\/p>\n<ol start=\"4\">\n<li>\n<h3><strong> Din identitet p\u00e5 n\u00e4tet<\/strong><\/h3>\n<\/li>\n<\/ol>\n<p>Oavsett hur riskmedveten man \u00e4r s\u00e5 ger man ofr\u00e5nkomligen ut information p\u00e5 internet, exempelvis p\u00e5 sociala medier s\u00e5som Facebook och Instagram eller d\u00e5 man loggar in p\u00e5 en hemsida, t ex p\u00e5 banken. Vet du hur obeh\u00f6riga kan f\u00e5 tillg\u00e5ng till denna information och anv\u00e4nda denna?<\/p>\n<ol start=\"5\">\n<li>\n<h3><strong> Identitetsst\u00f6ld<\/strong><\/h3>\n<\/li>\n<\/ol>\n<p>Kapning av identiteter \u00e4r en annan metod som cyberkriminella anv\u00e4nder sig av. Det kan j\u00e4mf\u00f6ras med att tappa pl\u00e5nboken eller passet och kan f\u00e5 \u00f6desdigra konsekvenser f\u00f6r den drabbade. L\u00e5t oss se vad du ska g\u00f6ra om du hamnar i den situationen.<\/p>\n<h3>Kursen levereras i samarbete med<\/h3>\n<p><img decoding=\"async\" class=\"alignnone size-medium wp-image-4952 lazyload\" data-src=\"https:\/\/republify.se\/wp-content\/uploads\/2022\/10\/cybr-300x86.jpg\" alt=\"\" width=\"300\" height=\"86\" data-srcset=\"https:\/\/republify.se\/wp-content\/uploads\/2022\/10\/cybr-300x86.jpg 300w, https:\/\/republify.se\/wp-content\/uploads\/2022\/10\/cybr.jpg 497w\" data-sizes=\"(max-width: 300px) 100vw, 300px\" src=\"data:image\/svg+xml;base64,PHN2ZyB3aWR0aD0iMSIgaGVpZ2h0PSIxIiB4bWxucz0iaHR0cDovL3d3dy53My5vcmcvMjAwMC9zdmciPjwvc3ZnPg==\" style=\"--smush-placeholder-width: 300px; --smush-placeholder-aspect-ratio: 300\/86;\" \/><\/p>\n","protected":false},"excerpt":{"rendered":"<p>V\u00e4lkommen till denna sj\u00e4lvstudieutbildning i s\u00e4kerhetsmedvetande med IT-fokus. Du kan k\u00f6pa hela paketet och f\u00e5 tillg\u00e5ng till alla utbildningsmodulerna under ett helt \u00e5r eller v\u00e4lja ut de delar som \u00e4r mest aktuella f\u00f6r er!\u00a0I varje modul f\u00e5r du bekanta dig med Roby som \u00e4r din coach och guide i cybers\u00e4kerhet. Ruby kommer att hj\u00e4lpa dig att navigera genom utbildningsavsnitten st\u00f6d i din inl\u00e4rning. Lycka till!<\/p>\n<p>0 \u2013 CYBR \u2013 SAMTLIGA 6 MODULER<strong><br \/>\n<\/strong>1 \u2013 INTRODUKTION TILL CYBERS\u00c4KERHET<br \/>\n2 \u2013 PHISHING<br \/>\n<strong>3 \u2013 SOCIAL ENGINEERING<\/strong><br \/>\n4 \u2013 PERSONLIG ENHETSS\u00c4KERHET<br \/>\n5 \u2013 LEGALA ASPEKTER<br \/>\n6 &#8211; MALWARE<\/p>\n","protected":false},"featured_media":4948,"comment_status":"open","ping_status":"closed","template":"","meta":{"wds_primary_product_brand":0,"wds_primary_product_cat":0},"product_brand":[],"product_cat":[134,149,31],"product_tag":[],"class_list":{"0":"post-4957","1":"product","2":"type-product","3":"status-publish","4":"has-post-thumbnail","6":"product_cat-cyber-security","7":"product_cat-e-learning","8":"product_cat-security","10":"first","11":"instock","12":"taxable","13":"shipping-taxable","14":"purchasable","15":"product-type-simple"},"jetpack_sharing_enabled":true,"_links":{"self":[{"href":"https:\/\/republify.se\/index.php\/wp-json\/wp\/v2\/product\/4957","targetHints":{"allow":["GET"]}}],"collection":[{"href":"https:\/\/republify.se\/index.php\/wp-json\/wp\/v2\/product"}],"about":[{"href":"https:\/\/republify.se\/index.php\/wp-json\/wp\/v2\/types\/product"}],"replies":[{"embeddable":true,"href":"https:\/\/republify.se\/index.php\/wp-json\/wp\/v2\/comments?post=4957"}],"wp:featuredmedia":[{"embeddable":true,"href":"https:\/\/republify.se\/index.php\/wp-json\/wp\/v2\/media\/4948"}],"wp:attachment":[{"href":"https:\/\/republify.se\/index.php\/wp-json\/wp\/v2\/media?parent=4957"}],"wp:term":[{"taxonomy":"product_brand","embeddable":true,"href":"https:\/\/republify.se\/index.php\/wp-json\/wp\/v2\/product_brand?post=4957"},{"taxonomy":"product_cat","embeddable":true,"href":"https:\/\/republify.se\/index.php\/wp-json\/wp\/v2\/product_cat?post=4957"},{"taxonomy":"product_tag","embeddable":true,"href":"https:\/\/republify.se\/index.php\/wp-json\/wp\/v2\/product_tag?post=4957"}],"curies":[{"name":"wp","href":"https:\/\/api.w.org\/{rel}","templated":true}]}}