{"id":4955,"date":"2022-10-13T14:22:56","date_gmt":"2022-10-13T13:22:56","guid":{"rendered":"https:\/\/republify.se\/?post_type=product&#038;p=4955"},"modified":"2026-01-09T08:50:33","modified_gmt":"2026-01-09T07:50:33","slug":"cybr-2-phishing","status":"publish","type":"product","link":"https:\/\/republify.se\/index.php\/produkt\/cybr-2-phishing\/","title":{"rendered":"CYBR 2 &#8211; PHISHING"},"content":{"rendered":"<ol>\n<li>\n<h3><strong> Phishing 101 <\/strong><\/h3>\n<\/li>\n<\/ol>\n<p>Har du n\u00e5gonsin varit utsatt f\u00f6r phishing? Skulle du ens veta om att du vore utsatt f\u00f6r detta? Phishing betyder med rak \u00f6vers\u00e4ttning \u2019n\u00e4tfiske\u2019 och inneb\u00e4r att cyberkriminella fiskar efter offer bland datoranv\u00e4ndare. Phishing kan vara riktad mot en bredare allm\u00e4nhet eller mot en specifik person. I detta avsnitt g\u00e5r vi igenom grunderna n\u00e4r det g\u00e4ller phishing f\u00f6r att i f\u00f6ljande avnsitt titta n\u00e4rmare p\u00e5 olika typer av phishing.<\/p>\n<ol start=\"2\">\n<li>\n<h3><strong> Phishing: Spoofing av e-post<\/strong><\/h3>\n<\/li>\n<\/ol>\n<p>E-post-huvud (email header): Den delen av ett e-postmeddelande som anger avs\u00e4ndare, mottagare, ev. kopiemottagare och rubrik p\u00e5 e-postmeddelandet.<\/p>\n<p>\u00c4ven ett e-postmeddelande kan f\u00f6rfalskas s\u00e5 att det <em>ser ut<\/em> som att det kommer fr\u00e5n n\u00e5gon avs\u00e4ndare du k\u00e4nner eller litar p\u00e5. I detta avsnitt f\u00f6rdjupar vi oss p\u00e5 specifika phishing-metoder d\u00e4r f\u00f6rfalskning av e-postmeddelanden \u00e4r ett av de fr\u00e4msta och som man b\u00f6r vara p\u00e5 sin vakt mot.<\/p>\n<ol start=\"3\">\n<li>\n<h3><strong> Phishing: Spoofing av webbplatser <\/strong><\/h3>\n<\/li>\n<\/ol>\n<p>URL (<em>Uniform Resource Locator): A<\/em>dressen p\u00e5 en hemsida, t ex sparbanken.se.<\/p>\n<p>Punycode: En metod f\u00f6r att uttrycka str\u00e4ngar med tecknen a\u2013z, 0\u20139 samt bindestreck. Str\u00e4ngen \u201dr\u00e4ksm\u00f6rg\u00e5s\u201d blir med punycode \u201drksmrgs-5wao1o\u201d.<\/p>\n<p>En annan vanlig phishing-metod \u00e4r f\u00f6rfalskning av hemsidor. K\u00e4nner du till metoderna som cyber-kriminella anv\u00e4nder f\u00f6r att skapa falska hemsidor? Vet du vad punycode \u00e4r f\u00f6r n\u00e5got? Det finns m\u00e5nga s\u00e4tt som detta avsnitt kommer att visa.<\/p>\n<ol start=\"4\">\n<li>\n<h3><strong> Phishing: Dom\u00e4ner, rot-dom\u00e4ner och under-dom\u00e4ner<\/strong><\/h3>\n<\/li>\n<\/ol>\n<p>Hur vet du att en URL (t ex sparbanken.se eller sparbanken.se\/logga in) \u00e4r korrekt och inte f\u00f6rfalskad? Genom att k\u00e4nna till rot-dom\u00e4ner och under-dom\u00e4ner minskar risken f\u00f6r att drabbas av phishing. I detta avsnitt m\u00f6ter vi cowboyen Mr Moonshine!<\/p>\n<h3><strong>5 Phishing: Spear phishing<\/strong><\/h3>\n<p>Hovring: Att flytta mark\u00f6ren \u00f6ver datask\u00e4rmen utan att klicka p\u00e5 l\u00e4nkar varvid l\u00e4nkar reagerar s\u00e5 man ser deras respektive URL-adresser utan att l\u00e4nkarna f\u00f6r den skull \u00f6ppnas eller aktiveras.<\/p>\n<p>Riktad phishing \u00e4r som begreppet antyder phishing riktad mot en specifik person, en specifik myndighet eller ett specifikt f\u00f6retag. Efter detta avsnitt kommer du att veta att alla \u00e4r potentiella m\u00e5ltavlor f\u00f6r riktad phishing.<\/p>\n<h3>Kursen levereras i samarbete med<\/h3>\n<p><img decoding=\"async\" class=\"alignnone size-medium wp-image-4952 lazyload\" data-src=\"https:\/\/republify.se\/wp-content\/uploads\/2022\/10\/cybr-300x86.jpg\" alt=\"\" width=\"300\" height=\"86\" data-srcset=\"https:\/\/republify.se\/wp-content\/uploads\/2022\/10\/cybr-300x86.jpg 300w, https:\/\/republify.se\/wp-content\/uploads\/2022\/10\/cybr.jpg 497w\" data-sizes=\"(max-width: 300px) 100vw, 300px\" src=\"data:image\/svg+xml;base64,PHN2ZyB3aWR0aD0iMSIgaGVpZ2h0PSIxIiB4bWxucz0iaHR0cDovL3d3dy53My5vcmcvMjAwMC9zdmciPjwvc3ZnPg==\" style=\"--smush-placeholder-width: 300px; --smush-placeholder-aspect-ratio: 300\/86;\" \/><\/p>\n","protected":false},"excerpt":{"rendered":"<p>V\u00e4lkommen till denna sj\u00e4lvstudieutbildning i s\u00e4kerhetsmedvetande med IT-fokus. Du kan k\u00f6pa hela paketet och f\u00e5 tillg\u00e5ng till alla utbildningsmodulerna under ett helt \u00e5r eller v\u00e4lja ut de delar som \u00e4r mest aktuella f\u00f6r er!\u00a0I varje modul f\u00e5r du bekanta dig med Roby som \u00e4r din coach och guide i cybers\u00e4kerhet. Ruby kommer att hj\u00e4lpa dig att navigera genom utbildningsavsnitten st\u00f6d i din inl\u00e4rning. Lycka till!<\/p>\n<p>0 \u2013 CYBR \u2013 SAMTLIGA 6 MODULER<strong><br \/>\n<\/strong>1 \u2013 INTRODUKTION TILL CYBERS\u00c4KERHET<br \/>\n<strong>2 \u2013 PHISHING<\/strong><br \/>\n3 \u2013 SOCIAL ENGINEERING<br \/>\n4 \u2013 PERSONLIG ENHETSS\u00c4KERHET<br \/>\n5 \u2013 LEGALA ASPEKTER<br \/>\n6 &#8211; MALWARE<\/p>\n","protected":false},"featured_media":4947,"comment_status":"open","ping_status":"closed","template":"","meta":{"wds_primary_product_brand":0,"wds_primary_product_cat":0},"product_brand":[],"product_cat":[134,149,31],"product_tag":[],"class_list":{"0":"post-4955","1":"product","2":"type-product","3":"status-publish","4":"has-post-thumbnail","6":"product_cat-cyber-security","7":"product_cat-e-learning","8":"product_cat-security","10":"first","11":"instock","12":"taxable","13":"shipping-taxable","14":"purchasable","15":"product-type-simple"},"jetpack_sharing_enabled":true,"_links":{"self":[{"href":"https:\/\/republify.se\/index.php\/wp-json\/wp\/v2\/product\/4955","targetHints":{"allow":["GET"]}}],"collection":[{"href":"https:\/\/republify.se\/index.php\/wp-json\/wp\/v2\/product"}],"about":[{"href":"https:\/\/republify.se\/index.php\/wp-json\/wp\/v2\/types\/product"}],"replies":[{"embeddable":true,"href":"https:\/\/republify.se\/index.php\/wp-json\/wp\/v2\/comments?post=4955"}],"wp:featuredmedia":[{"embeddable":true,"href":"https:\/\/republify.se\/index.php\/wp-json\/wp\/v2\/media\/4947"}],"wp:attachment":[{"href":"https:\/\/republify.se\/index.php\/wp-json\/wp\/v2\/media?parent=4955"}],"wp:term":[{"taxonomy":"product_brand","embeddable":true,"href":"https:\/\/republify.se\/index.php\/wp-json\/wp\/v2\/product_brand?post=4955"},{"taxonomy":"product_cat","embeddable":true,"href":"https:\/\/republify.se\/index.php\/wp-json\/wp\/v2\/product_cat?post=4955"},{"taxonomy":"product_tag","embeddable":true,"href":"https:\/\/republify.se\/index.php\/wp-json\/wp\/v2\/product_tag?post=4955"}],"curies":[{"name":"wp","href":"https:\/\/api.w.org\/{rel}","templated":true}]}}