{"id":4954,"date":"2022-10-13T14:17:34","date_gmt":"2022-10-13T13:17:34","guid":{"rendered":"https:\/\/republify.se\/?post_type=product&#038;p=4954"},"modified":"2026-01-09T08:50:54","modified_gmt":"2026-01-09T07:50:54","slug":"cybr-1-introduktion-till-cybersakerhet","status":"publish","type":"product","link":"https:\/\/republify.se\/index.php\/produkt\/cybr-1-introduktion-till-cybersakerhet\/","title":{"rendered":"CYBR 1 \u2013 INTRODUKTION TILL CYBERS\u00c4KERHET"},"content":{"rendered":"<ol>\n<li>\n<h3><strong> CYBR-standarder<\/strong><\/h3>\n<\/li>\n<\/ol>\n<p>Under de olika avsnitten kommer du att beh\u00f6va g\u00f6ra sedvanliga datas\u00e4kerhets\u00e5tg\u00e4rder. Ta reda p\u00e5 vad dessa \u00e5tg\u00e4rder \u00e4r i detta avsnitt.<\/p>\n<ol start=\"2\">\n<li>\n<h3><strong> L\u00f6senord: Minimikrav<\/strong><\/h3>\n<\/li>\n<\/ol>\n<p>L\u00f6senordshanterare (Password Manager): Dataprogram f\u00f6r lagring, generering och hantering av l\u00f6senord.<\/p>\n<p>L\u00f6senord \u00e4r \u2019f\u00f6rsta linjens skydd\u2019 mot cyberattacker. I detta avsnitt kommer du att l\u00e4ra dig grunderna om hur man skapar l\u00e4mpliga l\u00f6senord och vikten av detta. I vissa fall kan man till\u00e5ta sig ett enkelt l\u00f6senord (t ex ABCDE) medan man i andra fall b\u00f6r ha ett starkare, dvs ett som \u00e4r sv\u00e5rare att kn\u00e4cka (t ex Q5j8!wx87).<\/p>\n<ol start=\"3\">\n<li>\n<h3><strong> L\u00f6senord: Att skriva eller inte skriva<\/strong><\/h3>\n<\/li>\n<\/ol>\n<p>Kryptering: Process f\u00f6r att konvertera data eller text s\u00e5 att den blir krypterad, dvs ol\u00e4sbar utan tillg\u00e5ng till krypteringsnyckel.<\/p>\n<p>B\u00f6r man skriva ner sina l\u00f6senord p\u00e5 ett papper eller i en datafil? Om du v\u00e4ljer att g\u00f6ra detta, hur ska du d\u00e5 skydda dina l\u00f6senord fr\u00e5n obeh\u00f6rig l\u00e4sning? L\u00e5t oss g\u00e5 igenom vad du b\u00f6r och inte b\u00f6r g\u00f6ra f\u00f6r att skydda dina l\u00f6senord.<\/p>\n<ol start=\"4\">\n<li>\n<h3><strong> L\u00f6senord: MFA och L\u00f6senordshanterare<\/strong><\/h3>\n<\/li>\n<\/ol>\n<p>MFA: Multi Factor Autentification (\u2019multiautentifiering\u2019), en typ av inloggning som kr\u00e4ver mer \u00e4n ett slags autentifiering, t ex det som m\u00e5nga banker till\u00e4mpar f\u00f6r sina kunder d\u00e4r kunden f\u00f6rst skannar en QR-kod f\u00f6r att sedan knappa in en sifferkod.<\/p>\n<p>L\u00f6senordshanterare (Password Manager): Dataprogram f\u00f6r lagring, generering och hantering av l\u00f6senord.<\/p>\n<p>I detta avsnitt l\u00e4r du dig hur man anv\u00e4nder l\u00f6senordshanterare och MFA. Med detta s\u00e5 \u00e4r du en bra bit p\u00e5 v\u00e4g mot att skydda din dator och dina konton.<\/p>\n<h3>Kursen levereras i samarbete med<\/h3>\n<p><img decoding=\"async\" class=\"alignnone size-medium wp-image-4952 lazyload\" data-src=\"https:\/\/republify.se\/wp-content\/uploads\/2022\/10\/cybr-300x86.jpg\" alt=\"\" width=\"300\" height=\"86\" data-srcset=\"https:\/\/republify.se\/wp-content\/uploads\/2022\/10\/cybr-300x86.jpg 300w, https:\/\/republify.se\/wp-content\/uploads\/2022\/10\/cybr.jpg 497w\" data-sizes=\"(max-width: 300px) 100vw, 300px\" src=\"data:image\/svg+xml;base64,PHN2ZyB3aWR0aD0iMSIgaGVpZ2h0PSIxIiB4bWxucz0iaHR0cDovL3d3dy53My5vcmcvMjAwMC9zdmciPjwvc3ZnPg==\" style=\"--smush-placeholder-width: 300px; --smush-placeholder-aspect-ratio: 300\/86;\" \/><\/p>\n","protected":false},"excerpt":{"rendered":"<p>V\u00e4lkommen till denna sj\u00e4lvstudieutbildning i s\u00e4kerhetsmedvetande med IT-fokus. Du kan k\u00f6pa hela paketet och f\u00e5 tillg\u00e5ng till alla utbildningsmodulerna under ett helt \u00e5r eller v\u00e4lja ut de delar som \u00e4r mest aktuella f\u00f6r er!\u00a0I varje modul f\u00e5r du bekanta dig med Roby som \u00e4r din coach och guide i cybers\u00e4kerhet. Ruby kommer att hj\u00e4lpa dig att navigera genom utbildningsavsnitten st\u00f6d i din inl\u00e4rning. Lycka till!<\/p>\n<p>0 \u2013 CYBR \u2013 SAMTLIGA 6 MODULER<strong><br \/>\n1 \u2013 INTRODUKTION TILL CYBERS\u00c4KERHET<\/strong><br \/>\n2 \u2013 PHISHING<br \/>\n3 \u2013 SOCIAL ENGINEERING<br \/>\n4 \u2013 PERSONLIG ENHETSS\u00c4KERHET<br \/>\n5 \u2013 LEGALA ASPEKTER<br \/>\n6 &#8211; MALWARE<\/p>\n","protected":false},"featured_media":4946,"comment_status":"open","ping_status":"closed","template":"","meta":{"wds_primary_product_brand":0,"wds_primary_product_cat":0},"product_brand":[],"product_cat":[134,149,31],"product_tag":[],"class_list":{"0":"post-4954","1":"product","2":"type-product","3":"status-publish","4":"has-post-thumbnail","6":"product_cat-cyber-security","7":"product_cat-e-learning","8":"product_cat-security","10":"first","11":"instock","12":"taxable","13":"shipping-taxable","14":"purchasable","15":"product-type-simple"},"jetpack_sharing_enabled":true,"_links":{"self":[{"href":"https:\/\/republify.se\/index.php\/wp-json\/wp\/v2\/product\/4954","targetHints":{"allow":["GET"]}}],"collection":[{"href":"https:\/\/republify.se\/index.php\/wp-json\/wp\/v2\/product"}],"about":[{"href":"https:\/\/republify.se\/index.php\/wp-json\/wp\/v2\/types\/product"}],"replies":[{"embeddable":true,"href":"https:\/\/republify.se\/index.php\/wp-json\/wp\/v2\/comments?post=4954"}],"wp:featuredmedia":[{"embeddable":true,"href":"https:\/\/republify.se\/index.php\/wp-json\/wp\/v2\/media\/4946"}],"wp:attachment":[{"href":"https:\/\/republify.se\/index.php\/wp-json\/wp\/v2\/media?parent=4954"}],"wp:term":[{"taxonomy":"product_brand","embeddable":true,"href":"https:\/\/republify.se\/index.php\/wp-json\/wp\/v2\/product_brand?post=4954"},{"taxonomy":"product_cat","embeddable":true,"href":"https:\/\/republify.se\/index.php\/wp-json\/wp\/v2\/product_cat?post=4954"},{"taxonomy":"product_tag","embeddable":true,"href":"https:\/\/republify.se\/index.php\/wp-json\/wp\/v2\/product_tag?post=4954"}],"curies":[{"name":"wp","href":"https:\/\/api.w.org\/{rel}","templated":true}]}}