{"id":4803,"date":"2022-09-29T10:32:39","date_gmt":"2022-09-29T09:32:39","guid":{"rendered":"https:\/\/republify.se\/?post_type=product&#038;p=4803"},"modified":"2026-01-09T08:51:47","modified_gmt":"2026-01-09T07:51:47","slug":"modern-mjukvaruarkitektur-for-produktteam","status":"publish","type":"product","link":"https:\/\/republify.se\/index.php\/produkt\/modern-mjukvaruarkitektur-for-produktteam\/","title":{"rendered":"Modern mjukvaruarkitektur f\u00f6r produktteam"},"content":{"rendered":"<div class=\"\" data-mesh-id=\"comp-kuc9p2oginlineContent\" data-testid=\"inline-content\">\n<div id=\"comp-kumh7on9\" class=\"_1vNJf\">\n<div class=\"\" data-mesh-id=\"comp-kumh7on9inlineContent\" data-testid=\"inline-content\">\n<div data-mesh-id=\"comp-kumh7on9inlineContent-gridContainer\" data-testid=\"mesh-container-content\">\n<div id=\"comp-kucbwjjs\" class=\"_1Q9if _3bcaz\" data-testid=\"richTextElement\">\n<div class=\"elementor-element elementor-element-49ca87da elementor-widget elementor-widget-heading\" data-id=\"49ca87da\" data-element_type=\"widget\" data-widget_type=\"heading.default\">\n<div class=\"elementor-widget-container\"><\/div>\n<\/div>\n<div class=\"elementor-element elementor-element-3dade4f7 elementor-widget elementor-widget-text-editor\" data-id=\"3dade4f7\" data-element_type=\"widget\" data-widget_type=\"text-editor.default\">\n<div class=\"elementor-widget-container\">\n<p>Kursen inneh\u00e5ller korta presentationer, live-demo och praktiska \u00f6vningar. Den \u00e4r spr\u00e5koberoende och fungerar f\u00f6r alla utvecklingsplattformar.<\/p>\n<p><strong>Vem riktar sig kursen till? <\/strong><\/p>\n<p>Programutvecklare, projektledare och konsulter som vill ta n\u00e4sta steg och l\u00e4ra sig mer om olika arkitekturm\u00f6nster och hur man bygger b\u00e4ttre mjukvaruapplikationer.<br \/>\nF\u00f6rkunskaper Du b\u00f6r ha viss programmeringserfarenhet.<\/p>\n<p><strong>Vi kommer att g\u00e5 igenom bland annat:<\/strong><br \/>\n\u2022 Hur man minskar och hanterar komplexitet<br \/>\n\u2022 Dokumentation och mentala modeller<br \/>\n\u2022 Event storming<br \/>\n\u2022 Domain-driven design (DDD)<br \/>\n\u2022 Event modeling<br \/>\n\u2022 Event sourcing<br \/>\n\u2022 CQRS<br \/>\n\u2022 M\u00f6nster f\u00f6r distribuerade applikationer<br \/>\n\u2022 Fr\u00e5n monolit till mikrotj\u00e4nster och tillbaka<\/p>\n<\/div>\n<\/div>\n<p>&nbsp;<\/p>\n<\/div>\n<\/div>\n<\/div>\n<\/div>\n<\/div>\n<h3>Kursen levereras i samarbete med<\/h3>\n<p><img decoding=\"async\" class=\"alignnone size-full wp-image-1629 lazyload\" data-src=\"https:\/\/republify.se\/wp-content\/uploads\/2022\/02\/TN.jpg\" alt=\"\" width=\"259\" height=\"44\" src=\"data:image\/svg+xml;base64,PHN2ZyB3aWR0aD0iMSIgaGVpZ2h0PSIxIiB4bWxucz0iaHR0cDovL3d3dy53My5vcmcvMjAwMC9zdmciPjwvc3ZnPg==\" style=\"--smush-placeholder-width: 259px; --smush-placeholder-aspect-ratio: 259\/44;\" \/><\/p>\n","protected":false},"excerpt":{"rendered":"<p><strong>P\u00e5 denna endagskurs f\u00e5r utvecklare l\u00e4ra sig att designa applikationer som \u00e4r l\u00e4ttare att f\u00f6rst\u00e5, underh\u00e5lla och skala. Vi g\u00e5r igenom viktiga m\u00f6nster och tekniker som hj\u00e4lper till att minska komplexitet och fatta b\u00e4ttre tekniska beslut.<\/strong><\/p>\n<p>Vi tittar ocks\u00e5 p\u00e5 hur man bygger r\u00e4tt sak genom tekniker som event storming och event modeling. De hj\u00e4lper team att f\u00f6rst\u00e5 problemomr\u00e5det, samarbeta b\u00e4ttre med kunder och oms\u00e4tta id\u00e9er till fungerande produkt.<\/p>\n","protected":false},"featured_media":4533,"comment_status":"open","ping_status":"closed","template":"","meta":{"wds_primary_product_brand":0,"wds_primary_product_cat":0},"product_brand":[],"product_cat":[41,148,40,29,203],"product_tag":[],"class_list":{"0":"post-4803","1":"product","2":"type-product","3":"status-publish","4":"has-post-thumbnail","6":"product_cat-net","7":"product_cat-architecture","8":"product_cat-c","9":"product_cat-technical","10":"product_cat-industri","12":"first","13":"instock","14":"taxable","15":"shipping-taxable","16":"purchasable","17":"product-type-simple"},"jetpack_sharing_enabled":true,"_links":{"self":[{"href":"https:\/\/republify.se\/index.php\/wp-json\/wp\/v2\/product\/4803","targetHints":{"allow":["GET"]}}],"collection":[{"href":"https:\/\/republify.se\/index.php\/wp-json\/wp\/v2\/product"}],"about":[{"href":"https:\/\/republify.se\/index.php\/wp-json\/wp\/v2\/types\/product"}],"replies":[{"embeddable":true,"href":"https:\/\/republify.se\/index.php\/wp-json\/wp\/v2\/comments?post=4803"}],"wp:featuredmedia":[{"embeddable":true,"href":"https:\/\/republify.se\/index.php\/wp-json\/wp\/v2\/media\/4533"}],"wp:attachment":[{"href":"https:\/\/republify.se\/index.php\/wp-json\/wp\/v2\/media?parent=4803"}],"wp:term":[{"taxonomy":"product_brand","embeddable":true,"href":"https:\/\/republify.se\/index.php\/wp-json\/wp\/v2\/product_brand?post=4803"},{"taxonomy":"product_cat","embeddable":true,"href":"https:\/\/republify.se\/index.php\/wp-json\/wp\/v2\/product_cat?post=4803"},{"taxonomy":"product_tag","embeddable":true,"href":"https:\/\/republify.se\/index.php\/wp-json\/wp\/v2\/product_tag?post=4803"}],"curies":[{"name":"wp","href":"https:\/\/api.w.org\/{rel}","templated":true}]}}