{"id":4375,"date":"2022-08-12T13:43:49","date_gmt":"2022-08-12T12:43:49","guid":{"rendered":"https:\/\/republify.se\/?post_type=product&#038;p=4375"},"modified":"2026-01-09T08:52:45","modified_gmt":"2026-01-09T07:52:45","slug":"utvecklande-ledarskap","status":"publish","type":"product","link":"https:\/\/republify.se\/index.php\/produkt\/utvecklande-ledarskap\/","title":{"rendered":"Utvecklande Ledarskap (UL)"},"content":{"rendered":"<p><strong>Utbildning i Utvecklande Ledarskap (UL) <\/strong><\/p>\n<p>Vill du \u00f6ka effekten i din organisation genom ett framg\u00e5ngsrikt, tydligt och utvecklande ledarskap? \u00d6nskar du att dina medarbetare utvecklas, k\u00e4nner \u00f6kad motivation och tar ett \u00f6kat ansvar f\u00f6r resultat?<\/p>\n<p>Utvecklande Ledarskap (UL) \u00e4r framtaget, kvalitetss\u00e4krat och vidareutvecklas av Ledarskapscentrum p\u00e5 F\u00f6rsvarsh\u00f6gskolan. UL leder till verklig f\u00f6r\u00e4ndring och vinner framg\u00e5ngar inom s\u00e5v\u00e4l det privata n\u00e4ringslivet och i offentlig sektor och har funnits p\u00e5 den svenska marknaden sedan 2004.<\/p>\n<p><strong>\u00a0<\/strong><\/p>\n<p><strong>Ledarstilsmodellen<\/strong><\/p>\n<p>UL vilar p\u00e5 en vetenskaplig grund som idag \u00e4r v\u00e4rldens mest forskande ledarteori. Enligt ledarstilsmodellen ger den utvecklande ledarskapsstilen b\u00e4ttre resultat p\u00e5 b\u00e5de individuell utveckling och organisatoriskt resultat. UL \u00e4r ett direkt ledarskap och handlar om att utveckla de ledarbeteenden man idag vet skapar mest engagemang och drivkraft hos m\u00e4nniskor. F\u00e5 andra (och sig sj\u00e4lv) att kunna, v\u00e5ga och vilja g\u00f6ra mer och d\u00e4r drivkraften kommer inifr\u00e5n individen sj\u00e4lv.<\/p>\n<p>&nbsp;<\/p>\n<p><strong>M\u00e5lgrupp<\/strong><\/p>\n<p>Utbildningen v\u00e4nder sig till den som ser sig sj\u00e4lv i en ledande roll, t ex chef, ledare, HR, personalchef, projektledare, processledare, konsult med flera.<\/p>\n<p><strong>\u00a0<\/strong><\/p>\n<p><strong>Effekter<\/strong><\/p>\n<p>Utbildningen ger dig en \u00f6kad medvetenhet om hur du leder effektivt, ett utvecklande ledarskap k\u00e4nnetecknas av att ledaren upptr\u00e4der som ett f\u00f6red\u00f6me. \u00a0\u00a0\u00a0\u00a0\u00a0\u00a0\u00a0\u00a0\u00a0\u00a0\u00a0\u00a0\u00a0\u00a0\u00a0\u00a0\u00a0\u00a0\u00a0\u00a0\u00a0Ledaren inspirerar och motiverar f\u00f6r att skapa delaktighet samt visar personlig omtanke som b\u00e5de handlar om att ge st\u00f6d och konfrontera i ett gott upps\u00e5t.<\/p>\n<ul>\n<li>Ett effektivare och resultatskapande ledarskap<\/li>\n<li>\u00d6kad medvetenhet om dina styrkor och dina utvecklingsomr\u00e5den<\/li>\n<li>\u00d6kad sj\u00e4lvinsikt och f\u00f6rst\u00e5else f\u00f6r din utvecklingspotential<\/li>\n<li>Kunskap om hur du ger och tar emot konstruktiv feedback<\/li>\n<li>\u00d6kad sj\u00e4lvk\u00e4nnedom och \u00f6kad sj\u00e4lvk\u00e4nsla som ledare<\/li>\n<li>En handlingsplan som s\u00e4kerst\u00e4ller din utveckling som ledare<\/li>\n<li>Medarbetare som \u00f6kar sin potential och tar ett st\u00f6rre ansvar<\/li>\n<\/ul>\n<p><strong>\u00a0<\/strong><\/p>\n<p><strong>Programmets fyra huvudomr\u00e5den<\/strong><\/p>\n<ul>\n<li>Utbildningen i Utvecklande Ledarskap (UL) 3+1 kursdag<\/li>\n<li>360-graders ledarskapsbed\u00f6mning, ULL<\/li>\n<li>Personlig utvecklingsplan<\/li>\n<li>Individuellt \u00e5terkopplingssamtal mellan dag 3 och 4<\/li>\n<\/ul>\n<p>&nbsp;<\/p>\n<p><strong>Utbildningens ram och omfattning<\/strong><\/p>\n<p>Kursen genomf\u00f6rs i externat eller internatform. Under utbildningen varvas teori med reflektion, gruppdiskussioner och olika \u00f6vningar. Du kommer att f\u00e5 uppleva m\u00e5nga olika metoder f\u00f6r att skapa engagemang och n\u00e4rvaro.<\/p>\n<p>En grund f\u00f6r utbildningen \u00e4r den skattning som g\u00f6rs av dig och din omgivning av dina beteenden. Du v\u00e4ljer sj\u00e4lv vilka 6\u201310 bed\u00f6mare som g\u00f6r din skattning ca 3\u20134 veckor innan f\u00f6rsta kursdag.<\/p>\n<p><strong>Kursintyg<br \/>\n<\/strong>N\u00e4r utbildningen \u00e4r slut premieras du med ett diplom fr\u00e5n F\u00f6rsvarsh\u00f6gskolan som visar ditt deltagande i utbildningen Utvecklande Ledarskap.<\/p>\n<p><strong>Kursledare<\/strong><br \/>\nKursen leds av F\u00f6rsvarsh\u00f6gskolans godk\u00e4nda handledare.<\/p>\n<p><strong>Efter kursen<\/strong><br \/>\nDin utvecklingsplan hj\u00e4lper dig att forts\u00e4tta utveckla ditt ledarskap och det kan med f\u00f6rdel f\u00f6rst\u00e4rkas genom en kontinuerlig uppf\u00f6ljning. Aim Progress erbjuder fortsatt st\u00f6d efter kursen med bland annat ledarskapscoaching och f\u00f6rnyad ULL (Utvecklande Ledarskaps Ledarbed\u00f6mning). P\u00e5 s\u00e5 vis h\u00e5ller du ditt utvecklande ledarskap vid liv.<\/p>\n","protected":false},"excerpt":{"rendered":"<p>Kursen\u00a0<strong>Utvecklande Ledarskap<\/strong>\u00a0genomf\u00f6rs i samarbete med F\u00f6rsvarsh\u00f6gskolan. Den v\u00e4nder sig till dig som vill utveckla ditt ledarskap som chef, ledare eller projektledare oavsett bransch eller storlek p\u00e5 f\u00f6retag\/organisation.<\/p>\n<p>Kursavgift \u00f6ppen kurs 21 900 kr inkl. kursmaterial. Konferenskostnad p\u00e5 ca. 4 250 kr tillkommer. Priser exklusive moms.<\/p>\n<p>F\u00f6retags- och verksamhetsinterna kurser anordnas enl. \u00f6verenskommelse, kontakta oss f\u00f6r mer information!<\/p>\n","protected":false},"featured_media":4376,"comment_status":"open","ping_status":"closed","template":"","meta":{"wds_primary_product_brand":0,"wds_primary_product_cat":0},"product_brand":[],"product_cat":[91,128,32,28],"product_tag":[],"class_list":{"0":"post-4375","1":"product","2":"type-product","3":"status-publish","4":"has-post-thumbnail","6":"product_cat-arbetsmiljo","7":"product_cat-hr","8":"product_cat-ledarskap","9":"product_cat-teamship","11":"first","12":"instock","13":"taxable","14":"shipping-taxable","15":"purchasable","16":"product-type-simple"},"jetpack_sharing_enabled":true,"_links":{"self":[{"href":"https:\/\/republify.se\/index.php\/wp-json\/wp\/v2\/product\/4375","targetHints":{"allow":["GET"]}}],"collection":[{"href":"https:\/\/republify.se\/index.php\/wp-json\/wp\/v2\/product"}],"about":[{"href":"https:\/\/republify.se\/index.php\/wp-json\/wp\/v2\/types\/product"}],"replies":[{"embeddable":true,"href":"https:\/\/republify.se\/index.php\/wp-json\/wp\/v2\/comments?post=4375"}],"wp:featuredmedia":[{"embeddable":true,"href":"https:\/\/republify.se\/index.php\/wp-json\/wp\/v2\/media\/4376"}],"wp:attachment":[{"href":"https:\/\/republify.se\/index.php\/wp-json\/wp\/v2\/media?parent=4375"}],"wp:term":[{"taxonomy":"product_brand","embeddable":true,"href":"https:\/\/republify.se\/index.php\/wp-json\/wp\/v2\/product_brand?post=4375"},{"taxonomy":"product_cat","embeddable":true,"href":"https:\/\/republify.se\/index.php\/wp-json\/wp\/v2\/product_cat?post=4375"},{"taxonomy":"product_tag","embeddable":true,"href":"https:\/\/republify.se\/index.php\/wp-json\/wp\/v2\/product_tag?post=4375"}],"curies":[{"name":"wp","href":"https:\/\/api.w.org\/{rel}","templated":true}]}}