{"id":4373,"date":"2022-06-30T16:27:32","date_gmt":"2022-06-30T15:27:32","guid":{"rendered":"https:\/\/republify.se\/?post_type=product&#038;p=4373"},"modified":"2026-01-08T21:04:20","modified_gmt":"2026-01-08T20:04:20","slug":"linux-pabyggnadskurs","status":"publish","type":"product","link":"https:\/\/republify.se\/index.php\/produkt\/linux-pabyggnadskurs\/","title":{"rendered":"Linux for Admins"},"content":{"rendered":"<p id=\"pdf_goal_title\"><strong>Du f\u00e5r l\u00e4ra dig<\/strong><\/p>\n<div id=\"pdf_goal_content\" class=\"content\">\n<ul>\n<li>Administrera ett Linux-system.<\/li>\n<li>Installera ett Linux-system.<\/li>\n<li>Underh\u00e5lla ett Linux-system.<\/li>\n<\/ul>\n<\/div>\n<p>&nbsp;<\/p>\n<p id=\"pdf_knowledge_title\"><strong>F\u00f6r\u00adkun\u00adska\u00adper<\/strong><\/p>\n<div id=\"pdf_knowledge_content\" class=\"content\">\n<p>Du ska ha g\u00e5tt en grundkurs i Linux eller regelbundet utf\u00f6ra uppgifter i ett Linux-system.<\/p>\n<\/div>\n<h2 id=\"pdf_desc_title\">In\u00adne\u00adh\u00e5ll<\/h2>\n<div id=\"pdf_desc_content\" class=\"content\">\n<p>&nbsp;<\/p>\n<p class=\"title\"><strong>1. Introduktion<\/strong><\/p>\n<ul>\n<li>Allm\u00e4nt<\/li>\n<li>Systemadministrat\u00f6rens uppgifter och verktyg<\/li>\n<li>Systemets best\u00e5ndsdelar och k\u00e4rnan<\/li>\n<li>user och root<\/li>\n<li>The X Window System<\/li>\n<\/ul>\n<p>&nbsp;<\/p>\n<p><strong>2. Start och stopp av UNIX-system<\/strong><\/p>\n<ul>\n<li>Olika UNIX-dialekter<\/li>\n<li>SystemV och BSD<\/li>\n<li>Init-niv\u00e5er<\/li>\n<li>rc-filer<\/li>\n<\/ul>\n<p>&nbsp;<\/p>\n<p><strong>3. Filsystem i teorin<\/strong><\/p>\n<ul>\n<li>Generiskt<\/li>\n<li>En titt under skalet<\/li>\n<li>Fysiskt filsystem, partitioner och sektorer<\/li>\n<li>Logiskt filsystem, index-noder och filtr\u00e4d<\/li>\n<li>Monteringspunkter<\/li>\n<li>Filsystemsrot och namngivningsregler<\/li>\n<li>Katalogstruktur och standards\u00f6kv\u00e4gar<\/li>\n<li>Olika typer<\/li>\n<li>Journalbaserade filsystem<\/li>\n<\/ul>\n<p>&nbsp;<\/p>\n<p><strong>4. Lokalt filsystem<\/strong><\/p>\n<ul>\n<li>Skapa filsystem<\/li>\n<li>Montera och avmontera filsystem<\/li>\n<li>newfs<\/li>\n<li>fsck<\/li>\n<li>swap<\/li>\n<li>Mjuka och h\u00e5rda l\u00e4nkar<\/li>\n<li>Disk-quota<\/li>\n<\/ul>\n<p>&nbsp;<\/p>\n<p><strong>5. N\u00e4tverksmonterade filsystem<\/strong><\/p>\n<ul>\n<li>NFS<\/li>\n<li>SMB<\/li>\n<li>AFS<\/li>\n<\/ul>\n<p>&nbsp;<\/p>\n<p><strong>6. Installation<\/strong><\/p>\n<ul>\n<li>Installation av UNIX<\/li>\n<\/ul>\n<p>&nbsp;<\/p>\n<p><strong>7. Anv\u00e4ndarkonton<\/strong><\/p>\n<ul>\n<li>Databasfiler<\/li>\n<li>&#8221;Shadow password&#8221;<\/li>\n<li>Inloggningsfiler<\/li>\n<li>L\u00f6senord<\/li>\n<li>Grupper<\/li>\n<li>NIS, NIS+, Kerberos, LDAP<\/li>\n<\/ul>\n<p>&nbsp;<\/p>\n<p><strong>8. Backup<\/strong><\/p>\n<ul>\n<li>Strategi<\/li>\n<li>Dump and restore<\/li>\n<li>Andra backup-relaterade kommandon<\/li>\n<\/ul>\n<p>&nbsp;<\/p>\n<p><strong>9. Processhantering<\/strong><\/p>\n<ul>\n<li>Start och stopp<\/li>\n<li>Bakgrundsprocesser<\/li>\n<li>Schemalagda processer<\/li>\n<\/ul>\n<p>&nbsp;<\/p>\n<p><strong>10. Programvaruhanterare<\/strong><\/p>\n<ul>\n<li>Installation av programvara<\/li>\n<li>Pakethantering f\u00f6r programvara<\/li>\n<li>Olika dialekter och system<\/li>\n<\/ul>\n<p>&nbsp;<\/p>\n<p><strong>11. Utskrifter och skrivark\u00f6er<\/strong><\/p>\n<ul>\n<li>S\u00e4tta upp en skrivark\u00f6<\/li>\n<li>SystemV och BSD<\/li>\n<li>Utskriftskommandon<\/li>\n<\/ul>\n<p>&nbsp;<\/p>\n<p><strong>12. \u00d6vervakning<\/strong><\/p>\n<ul>\n<li>Kommandon<\/li>\n<li>Loggfiler<\/li>\n<li>syslog<\/li>\n<\/ul>\n<p>&nbsp;<\/p>\n<p><strong>13. N\u00e4tverk<\/strong><\/p>\n<ul>\n<li>Konfigurera TCP\/IP<\/li>\n<li>Secure shell (ssh)<\/li>\n<li>Drifts\u00e4tta en webbserver<\/li>\n<li>Databaser<\/li>\n<\/ul>\n<p>&nbsp;<\/p>\n<p><strong>14. Bygga om k\u00e4rnan<\/strong><\/p>\n<ul>\n<li>Parametrar<\/li>\n<\/ul>\n<\/div>\n<p>&nbsp;<\/p>\n<h3>Kursen levereras i samarbete med<\/h3>\n<p><img decoding=\"async\" class=\"alignnone size-full wp-image-1201 lazyload\" data-src=\"https:\/\/republify.se\/wp-content\/uploads\/2022\/02\/Picox_Logo_2color_1_150.jpg\" alt=\"\" width=\"150\" height=\"50\" src=\"data:image\/svg+xml;base64,PHN2ZyB3aWR0aD0iMSIgaGVpZ2h0PSIxIiB4bWxucz0iaHR0cDovL3d3dy53My5vcmcvMjAwMC9zdmciPjwvc3ZnPg==\" style=\"--smush-placeholder-width: 150px; --smush-placeholder-aspect-ratio: 150\/50;\" \/><\/p>\n<p>&nbsp;<\/p>\n","protected":false},"excerpt":{"rendered":"<p><strong>Denna utbildning riktar sig till dig som ska administrera och underh\u00e5lla Linux-system. I kursen behandlas generella problemst\u00e4llningar och exempel visas fr\u00e5n olika Linux-distributioner och \u00e4ven en del UNIX-dialekter. Utbildningen \u00e4r l\u00e4mplig oavsett vilken Linux-distribution du kommer att anv\u00e4nda.<\/strong><\/p>\n<p>F\u00f6r att kunna ta till dig denna utbildning beh\u00f6ver du ha g\u00e5tt grundkurs i Linux eller regelbundet utf\u00f6rt uppgifter i ett Linux-system sen tidigare.<\/p>\n<p><strong>Schemalagt kurstillf\u00e4lle (distans)<br \/>\n<\/strong>1-3 juni<\/p>\n","protected":false},"featured_media":4371,"comment_status":"open","ping_status":"closed","template":"","meta":{"wds_primary_product_brand":0,"wds_primary_product_cat":0},"product_brand":[],"product_cat":[56,146,145,29],"product_tag":[],"class_list":{"0":"post-4373","1":"product","2":"type-product","3":"status-publish","4":"has-post-thumbnail","6":"product_cat-it-sakerhet","7":"product_cat-linux","8":"product_cat-oppen-schemalagd-utbildning","9":"product_cat-technical","11":"first","12":"instock","13":"taxable","14":"shipping-taxable","15":"purchasable","16":"product-type-simple"},"jetpack_sharing_enabled":true,"_links":{"self":[{"href":"https:\/\/republify.se\/index.php\/wp-json\/wp\/v2\/product\/4373","targetHints":{"allow":["GET"]}}],"collection":[{"href":"https:\/\/republify.se\/index.php\/wp-json\/wp\/v2\/product"}],"about":[{"href":"https:\/\/republify.se\/index.php\/wp-json\/wp\/v2\/types\/product"}],"replies":[{"embeddable":true,"href":"https:\/\/republify.se\/index.php\/wp-json\/wp\/v2\/comments?post=4373"}],"wp:featuredmedia":[{"embeddable":true,"href":"https:\/\/republify.se\/index.php\/wp-json\/wp\/v2\/media\/4371"}],"wp:attachment":[{"href":"https:\/\/republify.se\/index.php\/wp-json\/wp\/v2\/media?parent=4373"}],"wp:term":[{"taxonomy":"product_brand","embeddable":true,"href":"https:\/\/republify.se\/index.php\/wp-json\/wp\/v2\/product_brand?post=4373"},{"taxonomy":"product_cat","embeddable":true,"href":"https:\/\/republify.se\/index.php\/wp-json\/wp\/v2\/product_cat?post=4373"},{"taxonomy":"product_tag","embeddable":true,"href":"https:\/\/republify.se\/index.php\/wp-json\/wp\/v2\/product_tag?post=4373"}],"curies":[{"name":"wp","href":"https:\/\/api.w.org\/{rel}","templated":true}]}}