{"id":4370,"date":"2022-06-30T16:17:48","date_gmt":"2022-06-30T15:17:48","guid":{"rendered":"https:\/\/republify.se\/?post_type=product&#038;p=4370"},"modified":"2026-03-11T15:56:42","modified_gmt":"2026-03-11T14:56:42","slug":"linux-grundkurs","status":"publish","type":"product","link":"https:\/\/republify.se\/index.php\/produkt\/linux-grundkurs\/","title":{"rendered":"Linux &#8211; Grundkurs"},"content":{"rendered":"<p><script src='\/\/d31cr4zxq0qgev.cloudfront.net\/js\/reviews\/1.4.3\/widget.min.js'>\n<\/script><\/p>\n<div style=\"float: right;\">\n<div id=\"widget-reviews\"><\/div>\n<div id=\"widget-link\"><a href=\"https:\/\/www.utbildning.se\/\">I samarbete med utbildning.se<\/a><\/div>\n<\/div>\n<p><script>\n    emgReviewWidget.setup({\n        targetElementId: 'widget-reviews',\n        customerId: '40730',\n        sourceCourseId: '1712121', \n        source: 'utbildning.se'\n    });\n<\/script><\/p>\n<p id=\"pdf_goal_title\"><strong>Du f\u00e5r l\u00e4ra dig:<\/strong><\/p>\n<div id=\"pdf_goal_content\" class=\"content\">\n<ul>\n<li>Vad ett Linux-system \u00e4r och hur du anv\u00e4nder det<\/li>\n<li>Linux-arkitektur och underliggande processer<\/li>\n<li>Skillnaderna mellan olika Linuxdistributioner och UNIX.<\/li>\n<li>Anv\u00e4nda de grundl\u00e4ggande kommandona som finns i Linux-system.<\/li>\n<\/ul>\n<\/div>\n<p>&nbsp;<\/p>\n<p id=\"pdf_knowledge_title\"><strong>F\u00f6r\u00adkun\u00adska\u00adper<\/strong><\/p>\n<div id=\"pdf_knowledge_content\" class=\"content\">\n<p>Kursen utg\u00e5r fr\u00e5n att du har anv\u00e4nt Windows eller MacOS innan du g\u00e5r kursen. Du beh\u00f6ver inte ha anv\u00e4nt kommandoraden, skrivit script eller arbetat med Linux tidigare. Kursen fungerar dock \u00e4ven bra f\u00f6r dig som redan har en viss erfarenhet av Linux och programmering \u2013 du kommer d\u00e5 kunna f\u00f6rdjupa dina kunskaper.<\/p>\n<\/div>\n<h3 id=\"pdf_desc_title\">In\u00adne\u00adh\u00e5ll: Li\u00adnux &#8211; Grund\u00adkurs<\/h3>\n<div id=\"pdf_desc_content\" class=\"content\">\n<p class=\"title\"><strong>1. In\u00adtro\u00adduk\u00adtion<\/strong><\/p>\n<ul>\n<li>Kort allm\u00e4n introduktion till operativsystem, resurser och gr\u00e4nssnitt.<\/li>\n<li>Den historiska utvecklingen fr\u00e5n UNIX till Linux.<\/li>\n<li>Designm\u00e5l och designprinciper.<\/li>\n<li>Portabilitet<\/li>\n<li>UNIX-familjer och UNIX-dialekter.<\/li>\n<li>Linuxdistributioner<\/li>\n<\/ul>\n<p>&nbsp;<\/p>\n<p class=\"title\"><strong>2. Re\u00adsurs\u00adhan\u00adte\u00adring<\/strong><\/p>\n<ul>\n<li>Linuxk\u00e4rnan<\/li>\n<li>Multitasking och processhantering.<\/li>\n<li>Minnesmodellen; fysiskt och virtuellt minne.<\/li>\n<li>Filsystemet; fysiskt kontra logiskt.<\/li>\n<li>H\u00e5rdvarukrav; CPU, prim\u00e4r- och sekund\u00e4rminne (swap).<\/li>\n<\/ul>\n<p>&nbsp;<\/p>\n<p class=\"title\"><strong>3. Fil\u00adsy\u00adstem<\/strong><\/p>\n<ul>\n<li>Fysiskt filsystem, partitioner och sektorer.<\/li>\n<li>Logiskt filsystem, index-noder och filtr\u00e4d.<\/li>\n<li>Katalogstruktur och standards\u00f6kv\u00e4gar.<\/li>\n<li>H\u00e5rda och mjuka l\u00e4nkar.<\/li>\n<li>Fil- och katalogkommandon.<\/li>\n<\/ul>\n<p>&nbsp;<\/p>\n<p class=\"title\"><strong>4. Fil\u00adter<\/strong><\/p>\n<ul>\n<li>Omdirigering och pipes.<\/li>\n<li>Synkronisering, filtrering och sortering.<\/li>\n<li>Str\u00f6meditering och kryptering.<\/li>\n<li>Filtersyntax och filterkommandon.<\/li>\n<\/ul>\n<p>&nbsp;<\/p>\n<p class=\"title\"><strong>5. Kom\u00adman\u00addo\u00adtolk (Shell)<\/strong><\/p>\n<ul>\n<li>Egenskaper hos olika typer av skal.<\/li>\n<li>Bourne shell, Korn shell och csh.<\/li>\n<li>Generell kommandosyntax.<\/li>\n<li>S\u00f6kv\u00e4gsvariabler och metatecken.<\/li>\n<li>Kommandotolkens exekveringsordning.<\/li>\n<li>Alias, history och Job-control.<\/li>\n<li>Global och lokal konfigurering av kommandotolk: uppstartsfiler.<\/li>\n<\/ul>\n<p>&nbsp;<\/p>\n<p class=\"title\"><strong>6. Text\u00adhan\u00adte\u00adrings\u00adverk\u00adtyg<\/strong><\/p>\n<ul>\n<li>Allm\u00e4nt om Linux-verktyg f\u00f6r redigering och formatering.<\/li>\n<li>Genomg\u00e5ng av vi, emacs, sed, awk, cut, paste.<\/li>\n<li>Orientering om grafiska textverktyg (Libre Office m.fl.).<\/li>\n<\/ul>\n<p>&nbsp;<\/p>\n<p class=\"title\"><strong>7. Skal\u00adpro\u00adgram\u00adme\u00adring<\/strong><\/p>\n<ul>\n<li>Att skriva portabla skalprogram (Bourne shell script).<\/li>\n<li>Kommandofiler, interaktiva och autonoma skalprogram.<\/li>\n<li>Sekvenser, variabler och interaktion.<\/li>\n<li>Test- och selektionssatser.<\/li>\n<li>Repetitionssatser, funktioner; definition och till\u00e4mpning.<\/li>\n<li>Undantagshantering och standardsignaler<\/li>\n<li>Returkoder<\/li>\n<\/ul>\n<p>&nbsp;<\/p>\n<p class=\"title\"><strong>8. S\u00e4\u00adker\u00adhet<\/strong><\/p>\n<ul>\n<li>L\u00f6senordssystemets uppbyggnad och funktion<\/li>\n<li>L\u00e4ngd och utformning p\u00e5 v\u00e4l valda l\u00f6senord i ett Linux-system<\/li>\n<li>UID, GID, filaccessattribut och setuid<\/li>\n<li>S\u00e4kerhetsaspekter kopplat till n\u00e4tverk<\/li>\n<li>Secure Shell (SSH)<\/li>\n<li>Oreintering kring Wrappers och Kerberos,<\/li>\n<\/ul>\n<p>&nbsp;<\/p>\n<p class=\"title\"><strong>9. N\u00e4t\u00adverk<\/strong><\/p>\n<ul>\n<li>TCP\/IP<\/li>\n<li>Central kontra distribuerad milj\u00f6<\/li>\n<li>NFS<\/li>\n<li>SMB (Samba)<\/li>\n<li>Internet \u2013 servrar och klienter<\/li>\n<li>Komprimering och dekomprimering av filer.<\/li>\n<li>Fels\u00f6kningsverktyg<\/li>\n<\/ul>\n<p>&nbsp;<\/p>\n<h3 class=\"title\">\u00d6vning\u00adar:<\/h3>\n<p>Varje kapitel inneh\u00e5ller praktiska \u00f6vningar och demonstrationer, bland annat:<\/p>\n<ul>\n<li>Hantering av Linux olika inbygga hj\u00e4lpsystem,<\/li>\n<li>Anv\u00e4ndning av grundl\u00e4ggande resursinformationskommandon,<\/li>\n<li>Grundl\u00e4ggande filhantering inklusive hantering av l\u00e4nkar,<\/li>\n<li>Anv\u00e4ndning av tekniker f\u00f6r att styra utmatning fr\u00e5n kommandon till filer (omdirigering), sl\u00e5 ihop filer och koppla ihop kommando (pipes),<\/li>\n<li>Konfiguration av kommandotolkar (shell),<\/li>\n<li>Anv\u00e4ndning av verktyg f\u00f6r att automatisk redigera textfiler,<\/li>\n<li>Skapande av enkla shell-script som l\u00e4ser parametrar fr\u00e5n kommandoraden,<\/li>\n<li>Styrning av r\u00e4ttigheter p\u00e5 filer och kataloger,<\/li>\n<li>Anv\u00e4ndning av f\u00f6nsterbaserade program (X-applikationer) via SSH.<\/li>\n<\/ul>\n<\/div>\n<p>&nbsp;<\/p>\n<h3>Kursen levereras i samarbete med<\/h3>\n<p><img decoding=\"async\" class=\"alignnone size-full wp-image-1201 lazyload\" data-src=\"https:\/\/republify.se\/wp-content\/uploads\/2022\/02\/Picox_Logo_2color_1_150.jpg\" alt=\"\" width=\"150\" height=\"50\" src=\"data:image\/svg+xml;base64,PHN2ZyB3aWR0aD0iMSIgaGVpZ2h0PSIxIiB4bWxucz0iaHR0cDovL3d3dy53My5vcmcvMjAwMC9zdmciPjwvc3ZnPg==\" style=\"--smush-placeholder-width: 150px; --smush-placeholder-aspect-ratio: 150\/50;\" \/><\/p>\n","protected":false},"excerpt":{"rendered":"<p><strong>I denna utbildning f\u00e5r du l\u00e4ra dig hur Linux \u00e4r uppbyggt och hur det fungerar ur ett anv\u00e4ndarperspektiv. Kursen beskriver Linux generellt, och \u00e4r l\u00e4mplig oavsett vilken Linuxvariant du anv\u00e4nder och vi j\u00e4mf\u00f6r liknader och skillnader i Windows och MacOS. <\/strong><\/p>\n<p>Kursen beskriver Linux generellt, och \u00e4r l\u00e4mplig oavsett vilken Linuxvariant du anv\u00e4nder. Kursen tar kort upp den historiska kopplingen mellan Linux och UNIX. M\u00e5nga j\u00e4mf\u00f6relser g\u00f6rs mot hur det fungerar i Windows och MacOS.<\/p>\n<p><strong>\u00f6ppna\/schemalagda kurstillf\u00e4llen (distans)<br \/>\n<\/strong>25-27 maj<\/p>\n","protected":false},"featured_media":4371,"comment_status":"open","ping_status":"closed","template":"","meta":{"wds_primary_product_brand":0,"wds_primary_product_cat":0},"product_brand":[],"product_cat":[56,146,145,29],"product_tag":[],"class_list":{"0":"post-4370","1":"product","2":"type-product","3":"status-publish","4":"has-post-thumbnail","6":"product_cat-it-sakerhet","7":"product_cat-linux","8":"product_cat-oppen-schemalagd-utbildning","9":"product_cat-technical","11":"first","12":"instock","13":"taxable","14":"shipping-taxable","15":"purchasable","16":"product-type-simple"},"jetpack_sharing_enabled":true,"_links":{"self":[{"href":"https:\/\/republify.se\/index.php\/wp-json\/wp\/v2\/product\/4370","targetHints":{"allow":["GET"]}}],"collection":[{"href":"https:\/\/republify.se\/index.php\/wp-json\/wp\/v2\/product"}],"about":[{"href":"https:\/\/republify.se\/index.php\/wp-json\/wp\/v2\/types\/product"}],"replies":[{"embeddable":true,"href":"https:\/\/republify.se\/index.php\/wp-json\/wp\/v2\/comments?post=4370"}],"wp:featuredmedia":[{"embeddable":true,"href":"https:\/\/republify.se\/index.php\/wp-json\/wp\/v2\/media\/4371"}],"wp:attachment":[{"href":"https:\/\/republify.se\/index.php\/wp-json\/wp\/v2\/media?parent=4370"}],"wp:term":[{"taxonomy":"product_brand","embeddable":true,"href":"https:\/\/republify.se\/index.php\/wp-json\/wp\/v2\/product_brand?post=4370"},{"taxonomy":"product_cat","embeddable":true,"href":"https:\/\/republify.se\/index.php\/wp-json\/wp\/v2\/product_cat?post=4370"},{"taxonomy":"product_tag","embeddable":true,"href":"https:\/\/republify.se\/index.php\/wp-json\/wp\/v2\/product_tag?post=4370"}],"curies":[{"name":"wp","href":"https:\/\/api.w.org\/{rel}","templated":true}]}}