{"id":4254,"date":"2022-06-16T07:58:53","date_gmt":"2022-06-16T06:58:53","guid":{"rendered":"https:\/\/republify.se\/?post_type=product&#038;p=4254"},"modified":"2026-01-09T08:53:47","modified_gmt":"2026-01-09T07:53:47","slug":"ms-teams-for-dig-som-kan-zoom","status":"publish","type":"product","link":"https:\/\/republify.se\/index.php\/produkt\/ms-teams-for-dig-som-kan-zoom\/","title":{"rendered":"MS Teams f\u00f6r dig som kan Zoom"},"content":{"rendered":"<ul>\n<li><strong>Vad \u00e4r MS Teams? Exempel<\/strong>\n<ul>\n<li>Kanaler (vanliga, privata och de nya \u201dShared\u201d)<\/li>\n<\/ul>\n<\/li>\n<\/ul>\n<ol>\n<li>Chat<\/li>\n<li>Filer<\/li>\n<li>Planner<\/li>\n<\/ol>\n<p>&nbsp;<\/p>\n<ul>\n<li style=\"list-style-type: none;\">\n<ul>\n<li>Allm\u00e4nna chat funktionen (dvs den som ers\u00e4tter Skype)<\/li>\n<\/ul>\n<\/li>\n<\/ul>\n<ol>\n<li>Visa hur man startar med text<\/li>\n<li>Visa hur man kan v\u00e4xla \u00f6ver till tal\/video\/sk\u00e4rmdelning<\/li>\n<\/ol>\n<p>&nbsp;<\/p>\n<ul>\n<li><strong>Hur bokar jag Teams m\u00f6ten<\/strong>\n<ol>\n<li>Med interna \u2013 via Outlook kalendern<\/li>\n<li>Med externa \u2013 var tydlig med att alla m\u00e5ste k\u00f6ra MS Teams<\/li>\n<\/ol>\n<\/li>\n<\/ul>\n<p>&nbsp;<\/p>\n<ul>\n<li><strong>Hur startar jag upp Teams m\u00f6tet och;<\/strong>\n<ol>\n<li>Voice\/video &amp; chatt<\/li>\n<li>Dela sk\u00e4rm<\/li>\n<li>Dela dokument \u2013 h\u00e4r finns begr\u00e4nsningar d\u00e5 externa \u00e4r med, s\u00e5 vi fokuserar p\u00e5 de smartaste s\u00e4tten<\/li>\n<li>Hur man spelar in och sedan kommer \u00e5t filmen (i organisat\u00f6rens OneDrive)<\/li>\n<\/ol>\n<\/li>\n<\/ul>\n<p>&nbsp;<\/p>\n<h3>Kursen levereras i samarbete med<\/h3>\n<p><img decoding=\"async\" class=\"alignnone size-medium wp-image-1221 lazyload\" data-src=\"https:\/\/republify.se\/wp-content\/uploads\/2022\/02\/humandata_logo-300x62.jpg\" alt=\"\" width=\"300\" height=\"62\" data-srcset=\"https:\/\/republify.se\/wp-content\/uploads\/2022\/02\/humandata_logo-300x62.jpg 300w, https:\/\/republify.se\/wp-content\/uploads\/2022\/02\/humandata_logo.jpg 319w\" data-sizes=\"(max-width: 300px) 100vw, 300px\" src=\"data:image\/svg+xml;base64,PHN2ZyB3aWR0aD0iMSIgaGVpZ2h0PSIxIiB4bWxucz0iaHR0cDovL3d3dy53My5vcmcvMjAwMC9zdmciPjwvc3ZnPg==\" style=\"--smush-placeholder-width: 300px; --smush-placeholder-aspect-ratio: 300\/62;\" \/><\/p>\n","protected":false},"excerpt":{"rendered":"<p><strong>Detta \u00e4r kursen f\u00f6r dig som har vana av att arbeta med distansm\u00f6ten i tex. Zoom men nu beh\u00f6ver komma in i hur det fungerar med Microsoft Teams.<\/strong><\/p>\n<p>Vi g\u00e5r igenom uppbyggnaden av Teams och hur det \u00e4r sammankopplat med Microsoft 365, SharePoint med mera och hur ni kan utf\u00f6ra samma uppgifter som tidigare i det nya verktyget p\u00e5 smidigaste s\u00e4tt.<\/p>\n","protected":false},"featured_media":2715,"comment_status":"open","ping_status":"closed","template":"","meta":{"wds_primary_product_brand":0,"wds_primary_product_cat":0},"product_brand":[],"product_cat":[43,48,29,84],"product_tag":[],"class_list":{"0":"post-4254","1":"product","2":"type-product","3":"status-publish","4":"has-post-thumbnail","6":"product_cat-microsoft","7":"product_cat-ms-teams","8":"product_cat-technical","9":"product_cat-microsoft_office_adobe","11":"first","12":"instock","13":"taxable","14":"shipping-taxable","15":"purchasable","16":"product-type-simple"},"jetpack_sharing_enabled":true,"_links":{"self":[{"href":"https:\/\/republify.se\/index.php\/wp-json\/wp\/v2\/product\/4254","targetHints":{"allow":["GET"]}}],"collection":[{"href":"https:\/\/republify.se\/index.php\/wp-json\/wp\/v2\/product"}],"about":[{"href":"https:\/\/republify.se\/index.php\/wp-json\/wp\/v2\/types\/product"}],"replies":[{"embeddable":true,"href":"https:\/\/republify.se\/index.php\/wp-json\/wp\/v2\/comments?post=4254"}],"wp:featuredmedia":[{"embeddable":true,"href":"https:\/\/republify.se\/index.php\/wp-json\/wp\/v2\/media\/2715"}],"wp:attachment":[{"href":"https:\/\/republify.se\/index.php\/wp-json\/wp\/v2\/media?parent=4254"}],"wp:term":[{"taxonomy":"product_brand","embeddable":true,"href":"https:\/\/republify.se\/index.php\/wp-json\/wp\/v2\/product_brand?post=4254"},{"taxonomy":"product_cat","embeddable":true,"href":"https:\/\/republify.se\/index.php\/wp-json\/wp\/v2\/product_cat?post=4254"},{"taxonomy":"product_tag","embeddable":true,"href":"https:\/\/republify.se\/index.php\/wp-json\/wp\/v2\/product_tag?post=4254"}],"curies":[{"name":"wp","href":"https:\/\/api.w.org\/{rel}","templated":true}]}}