{"id":3977,"date":"2022-05-12T08:45:00","date_gmt":"2022-05-12T07:45:00","guid":{"rendered":"https:\/\/republify.se\/?post_type=product&#038;p=3977"},"modified":"2025-11-21T08:29:28","modified_gmt":"2025-11-21T07:29:28","slug":"produktiv-och-hallbar-teamdynamik","status":"publish","type":"product","link":"https:\/\/republify.se\/index.php\/produkt\/produktiv-och-hallbar-teamdynamik\/","title":{"rendered":"Produktiv och h\u00e5llbar teamdynamik"},"content":{"rendered":"<p>F\u00f6rest\u00e4ll dig hur det skulle k\u00e4nnas att jobba i ett team d\u00e4r individer \u00e4r i sitt esse och tycker att det \u00e4r <u>kul att samarbeta f\u00f6r att lyckas<\/u>. Och t\u00e4nk dig <u>hur mycket ni skulle kunna \u00e5stadkomma d\u00e5 med l\u00e4tthet<\/u>.<\/p>\n<p>F\u00f6r att komma dit hj\u00e4lper det att f\u00f6rst\u00e5 hur olika individer fungerar och deras unika kombination av inneboende <u>behov <\/u>och <u>beg\u00e5vning<\/u>. Och l\u00e5ta varje person att <u>hitta sin h\u00f6gsta potential<\/u> att bidra i verksamheten. Det skapar b\u00e5de v\u00e4lm\u00e5ende och produktivitet.<\/p>\n<p><strong>Kursdetaljer<\/strong><\/p>\n<p>Under dessa workshops g\u00e5r vi igenom hur ni kan skapa f\u00f6ruts\u00e4ttningar f\u00f6r en mer <u>engagerad teamkultur<\/u> och hur ni kan <u>frig\u00f6ra mer av individers potential<\/u>.<\/p>\n<p>F\u00f6r att team ska utvecklas beh\u00f6ver <u>individerna utvecklas<\/u>. Ett framg\u00e5ngsrecept \u00e4r att individernas inre motivation kombineras med deras <u>naturliga beg\u00e5vning<\/u>. D\u00e5 f\u00e5r man en kraftfull kombination av <u>varje medarbetares potential<\/u>. G\u00e4llande motivation g\u00e5r vi igenom en validerad metod,\u00a0<em><u>Reiss Motivationsprofil, RMP<\/u><\/em>. (Deltagarna besvarar ett fr\u00e5geformul\u00e4r inf\u00f6r workshopen.)<\/p>\n<p>Vi g\u00e5r igenom hur ni kan lyckas att ta fram <u>kollektiv intelligens<\/u>. Ni f\u00e5r f\u00f6rst\u00e5else f\u00f6r vikten av komplement\u00e4ra team och att <u>tillsammans skapa innovativa l\u00f6sningar<\/u>.<\/p>\n<p>Teori varvas med praktiska \u00f6vningar, hemuppgifter och diskussioner. Workshoparna baseras p\u00e5 v\u00e4lfungerande metoder, verktyg och forskning. Metoderna \u00e4r generiska och passar alla typer av branscher och verksamheter. Fokus \u00e4r i personlig utveckling och hur man skapar b\u00e4ttre teamdynamik. Vi g\u00e5r igenom <u>det mellanm\u00e4nskliga i teamutveckling och hur man tar fram m\u00e4nniskors unika potential<\/u>. Workshoparna g\u00e5r att anpassa till gruppernas situation.<\/p>\n<p><strong>M\u00e5l\u00adgrupp<\/strong><\/p>\n<ul>\n<li>Arbetsgrupper eller team<\/li>\n<li>Teamledare, arbetsledare, chefer<\/li>\n<li>Projektledare, processledare<\/li>\n<li>Agila coacher och Scrum Masters<\/li>\n<li>De som \u00e4r intresserade av personlig utveckling och teamutveckling<\/li>\n<\/ul>\n<p>&nbsp;<\/p>\n<p><strong>F\u00f6r\u00adkun\u00adska\u00adper<\/strong><\/p>\n<ul>\n<li>Inga f\u00f6rkunskaper kr\u00e4vs<\/li>\n<\/ul>\n<p><strong>M\u00e5l med utbildningen<\/strong><\/p>\n<ul>\n<li>F\u00e5 insyn i hur ni f\u00e5r ett <u>mer v\u00e4lfungerande team\/grupp\/samarbete<\/u><\/li>\n<li>Hur ni hittar <u>individers potential<\/u> inom teamet\/gruppen<\/li>\n<li>F\u00e5 f\u00f6rst\u00e5else vad det \u00e4r som motiverar de olika individerna i teamet\/gruppen<\/li>\n<li>Hur ni kan <u>inspirera till engagemang<\/u><\/li>\n<li>L\u00e4ra er <u>platinaregeln<\/u> (ut\u00f6ver den gyllene regeln) f\u00f6r \u00e4nnu b\u00e4ttre arbetsrelationer<\/li>\n<li>F\u00e5 insyn i <u>emotionell intelligens<\/u> och l\u00e4ra dig att lyssna mer p\u00e5 sanningens r\u00f6st inom er<\/li>\n<li>L\u00e4r er att agera mer eftert\u00e4nksamt i st\u00e4llet f\u00f6r att reagera i affekt<\/li>\n<li>F\u00e5 grunderna i hur grupper\/team fungerar som <u>system<\/u> och det <u>\u00f6msesidiga beroendet<\/u> mellan m\u00e4nniskor<\/li>\n<li>F\u00f6rst\u00e5 olika <u>m\u00f6jligheter och utmaningar beroende p\u00e5 teamets utvecklingsniv\u00e5<\/u><\/li>\n<li>L\u00e4ra er <u>produktiva teamvanor<\/u><\/li>\n<li>F\u00e5 insyn i hur ni tar vara p\u00e5 den <u>kollektiva intelligensen<\/u><\/li>\n<li>L\u00e4r er om <u>genuint lyssnande<\/u> f\u00f6r att \u00f6ka kreativt samarbete<\/li>\n<li>F\u00f6rst\u00e5 varf\u00f6r <u>psykologisk trygghet<\/u> \u00e4r <u>viktig<\/u> f\u00f6r <u>prestation och resultat<\/u><\/li>\n<li>Vad det \u00e4r som m\u00f6jligg\u00f6r och skapar resiliens\/uth\u00e5llighet \u00f6ver tid<\/li>\n<li>F\u00e5 insyn i <u>kommunikativ dynamik f\u00f6r h\u00f6gpresterande team<\/u><\/li>\n<\/ul>\n<p>&nbsp;<\/p>\n<p>De som har g\u00e5tt dessa workshops har m\u00f6jlighet att best\u00e4lla forts\u00e4ttnings workshops i t.ex. hur man kan bli h\u00f6gpresterande influencers i verksamheten.<\/p>\n","protected":false},"excerpt":{"rendered":"<p><strong>Under fyra workshops g\u00e5r vi igenom hur ni kan skapa f\u00f6ruts\u00e4ttningar f\u00f6r en mer <u>engagerad<\/u> teamkultur och hur ni kan <u>frig\u00f6ra mer av individers och teamets potential<\/u>.<\/strong><\/p>\n<p>F\u00f6r att team ska utvecklas beh\u00f6ver individerna utvecklas. Under dessa workshops f\u00e5r ni l\u00e4ra er hur ni kan f\u00e5 er sj\u00e4lva att <u>bli de b\u00e4sta versionerna av och \u00f6vertr\u00e4ffa er sj\u00e4lva<\/u>.<\/p>\n<p><em>OBS! <u>Reiss Motivationsprofil<\/u> kan v\u00e4ljas p\u00e5 nordiska spr\u00e5k och vissa v\u00e4rldsspr\u00e5k.<\/em><\/p>\n","protected":false},"featured_media":4586,"comment_status":"open","ping_status":"closed","template":"","meta":{"wds_primary_product_brand":0,"wds_primary_product_cat":0},"product_brand":[],"product_cat":[91,128,37,28],"product_tag":[],"class_list":{"0":"post-3977","1":"product","2":"type-product","3":"status-publish","4":"has-post-thumbnail","6":"product_cat-arbetsmiljo","7":"product_cat-hr","8":"product_cat-kommunikation","9":"product_cat-teamship","11":"first","12":"instock","13":"taxable","14":"shipping-taxable","15":"purchasable","16":"product-type-simple"},"jetpack_sharing_enabled":true,"_links":{"self":[{"href":"https:\/\/republify.se\/index.php\/wp-json\/wp\/v2\/product\/3977","targetHints":{"allow":["GET"]}}],"collection":[{"href":"https:\/\/republify.se\/index.php\/wp-json\/wp\/v2\/product"}],"about":[{"href":"https:\/\/republify.se\/index.php\/wp-json\/wp\/v2\/types\/product"}],"replies":[{"embeddable":true,"href":"https:\/\/republify.se\/index.php\/wp-json\/wp\/v2\/comments?post=3977"}],"wp:featuredmedia":[{"embeddable":true,"href":"https:\/\/republify.se\/index.php\/wp-json\/wp\/v2\/media\/4586"}],"wp:attachment":[{"href":"https:\/\/republify.se\/index.php\/wp-json\/wp\/v2\/media?parent=3977"}],"wp:term":[{"taxonomy":"product_brand","embeddable":true,"href":"https:\/\/republify.se\/index.php\/wp-json\/wp\/v2\/product_brand?post=3977"},{"taxonomy":"product_cat","embeddable":true,"href":"https:\/\/republify.se\/index.php\/wp-json\/wp\/v2\/product_cat?post=3977"},{"taxonomy":"product_tag","embeddable":true,"href":"https:\/\/republify.se\/index.php\/wp-json\/wp\/v2\/product_tag?post=3977"}],"curies":[{"name":"wp","href":"https:\/\/api.w.org\/{rel}","templated":true}]}}