{"id":3535,"date":"2022-04-07T08:03:32","date_gmt":"2022-04-07T07:03:32","guid":{"rendered":"https:\/\/republify.se\/?post_type=product&#038;p=3535"},"modified":"2026-01-09T08:56:33","modified_gmt":"2026-01-09T07:56:33","slug":"digital-tillganglighet-wcag-2-2","status":"publish","type":"product","link":"https:\/\/republify.se\/index.php\/produkt\/digital-tillganglighet-wcag-2-2\/","title":{"rendered":"Digital tillg\u00e4nglighet &#8211; WCAG 2.2"},"content":{"rendered":"<blockquote><p><em>Det tillg\u00e4nglighetsdirektiv som kom fr\u00e5n EU blev svensk lag f\u00f6r n\u00e5gra \u00e5r sedan och g\u00e4ller offentlig sektor. Juni 2025 tr\u00e4dde den nya versionen av lagen i kraft och g\u00e4ller nu \u00e4ven privat sektor.<\/em><\/p><\/blockquote>\n<p><em>Den kommer naturligtvis att st\u00e4lla st\u00f6rre krav p\u00e5 f\u00f6retag att se till att deras webbplatser, produkter och tj\u00e4nster \u00e4r tillg\u00e4ngliga och lever upp till de nya EU-kraven. Skulle f\u00f6retag inte leva upp till kraven riskerar de viten och att tj\u00e4nsten eller produkten tas bort fr\u00e5n marknaden.\u00a0 Dessutom pekar den inte ut enskilda typer av akt\u00f6rer, utan produkter och tj\u00e4nster. N\u00e4r det g\u00e4ller produkter har alla ekonomiska akt\u00f6rer i leveranskedjan ansvar f\u00f6r tillg\u00e4ngligheten, fr\u00e5n tillverkare, import\u00f6rer och representanter till distribut\u00f6rer.<\/em><\/p>\n<p>Den nya versionen av denna kurs har d\u00e4rf\u00f6r uppdaterats, samt utvecklat den delen som syftar till att ge best\u00e4llare en djupare f\u00f6rst\u00e5else av vad de beh\u00f6ver veta. D\u00e4remot \u00e4r det avsnittet utformat p\u00e5 ett s\u00e5dant s\u00e4tt att det kommer de flesta deltagare till godo.<\/p>\n<p><strong>Digital tillg\u00e4nglighet &#8211; WCAG 2.2<\/strong><\/p>\n<p>Kategorier: Business, Projektledning, Security, Technical, Testledning, UX, Webbutveckling<\/p>\n<p><strong>Beskrivning<\/strong><\/p>\n<p>Denna utbildning \u00e4r en \u00f6versikt av omr\u00e5det Digital Tillg\u00e4nglighet, som g\u00e5r igenom grundl\u00e4ggande koncept inom omr\u00e5det, relevant svensk och EU-lagstiftning, hur utvecklingen f\u00f6r dessa fr\u00e5gor ser ut, internationell struktur och resurser, W3C Content Accessibility Guidelines 2.2 (WCAG) och hur man integrerar sitt tillg\u00e4nglighetsarbete i organisationen.<\/p>\n<p>Kursen v\u00e4nder sig b\u00e5de till offentlig och privat sektor och eftersom det \u00e4r en grundkurs passar den de flesta, s\u00e5v\u00e4l beslutsfattare som best\u00e4llare till projektledare, testare, designers och utvecklare.<\/p>\n<p>Vi rekommenderar att utbildningen genomf\u00f6rs samtidigt f\u00f6r hela teamet som ansvarar f\u00f6r de olika delarna f\u00f6r b\u00e4sta effekt!<\/p>\n<p><strong>F\u00f6rkunskaper<\/strong><\/p>\n<p>Inga speciella f\u00f6rkunskaper kr\u00e4vs<\/p>\n<p><strong>Uppl\u00e4gg<\/strong><\/p>\n<p>Utbildningen har b\u00e5de teoretisk presentation kring Digital tillg\u00e4nglighet \u2013 WCAG 2.2 men \u00e4ven ett praktiskt orienterat avsnitt som ger dig en inblick i hur man arbetar med tillg\u00e4nglighet, vilka andra resurser och verktyg som finns, samt vad de lagstadgade tillg\u00e4nglighetsredog\u00f6relserna \u00e4r.<\/p>\n<p>&nbsp;<\/p>\n<h3>Kursen levereras i samarbete med<\/h3>\n<p><img decoding=\"async\" class=\"alignnone size-full wp-image-3531 lazyload\" data-src=\"https:\/\/republify.se\/wp-content\/uploads\/2022\/04\/Symmetri.png\" alt=\"\" width=\"240\" height=\"74\" src=\"data:image\/svg+xml;base64,PHN2ZyB3aWR0aD0iMSIgaGVpZ2h0PSIxIiB4bWxucz0iaHR0cDovL3d3dy53My5vcmcvMjAwMC9zdmciPjwvc3ZnPg==\" style=\"--smush-placeholder-width: 240px; --smush-placeholder-aspect-ratio: 240\/74;\" \/><\/p>\n","protected":false},"excerpt":{"rendered":"<p><strong>Denna utbildning \u00e4r en \u00f6versikt av omr\u00e5det Digital Tillg\u00e4nglighet, som g\u00e5r igenom grundl\u00e4ggande koncept inom omr\u00e5det, relevant svensk och EU-lagstiftning, hur utvecklingen f\u00f6r dessa fr\u00e5gor ser ut, internationell struktur och resurser, W3C Content Accessibility Guidelines 2.2 (WCAG) och hur man integrerar sitt tillg\u00e4nglighetsarbete i organisationen.<\/strong><\/p>\n<p>Kursen v\u00e4nder sig b\u00e5de till offentlig och privat sektor och eftersom det \u00e4r en grundkurs passar den de flesta, som beslutsfattare och best\u00e4llare till projektledare, testare, designers och utvecklare.<\/p>\n","protected":false},"featured_media":3532,"comment_status":"open","ping_status":"closed","template":"","meta":{"wds_primary_product_brand":0,"wds_primary_product_cat":0},"product_brand":[],"product_cat":[30,31,39,29,130],"product_tag":[],"class_list":{"0":"post-3535","1":"product","2":"type-product","3":"status-publish","4":"has-post-thumbnail","6":"product_cat-business","7":"product_cat-security","8":"product_cat-systemutveckling","9":"product_cat-technical","10":"product_cat-ux","12":"first","13":"instock","14":"taxable","15":"shipping-taxable","16":"purchasable","17":"product-type-simple"},"jetpack_sharing_enabled":true,"_links":{"self":[{"href":"https:\/\/republify.se\/index.php\/wp-json\/wp\/v2\/product\/3535","targetHints":{"allow":["GET"]}}],"collection":[{"href":"https:\/\/republify.se\/index.php\/wp-json\/wp\/v2\/product"}],"about":[{"href":"https:\/\/republify.se\/index.php\/wp-json\/wp\/v2\/types\/product"}],"replies":[{"embeddable":true,"href":"https:\/\/republify.se\/index.php\/wp-json\/wp\/v2\/comments?post=3535"}],"wp:featuredmedia":[{"embeddable":true,"href":"https:\/\/republify.se\/index.php\/wp-json\/wp\/v2\/media\/3532"}],"wp:attachment":[{"href":"https:\/\/republify.se\/index.php\/wp-json\/wp\/v2\/media?parent=3535"}],"wp:term":[{"taxonomy":"product_brand","embeddable":true,"href":"https:\/\/republify.se\/index.php\/wp-json\/wp\/v2\/product_brand?post=3535"},{"taxonomy":"product_cat","embeddable":true,"href":"https:\/\/republify.se\/index.php\/wp-json\/wp\/v2\/product_cat?post=3535"},{"taxonomy":"product_tag","embeddable":true,"href":"https:\/\/republify.se\/index.php\/wp-json\/wp\/v2\/product_tag?post=3535"}],"curies":[{"name":"wp","href":"https:\/\/api.w.org\/{rel}","templated":true}]}}