{"id":3534,"date":"2022-04-07T07:51:46","date_gmt":"2022-04-07T06:51:46","guid":{"rendered":"https:\/\/republify.se\/?post_type=product&#038;p=3534"},"modified":"2026-01-09T08:56:58","modified_gmt":"2026-01-09T07:56:58","slug":"praktisk-agil-ux","status":"publish","type":"product","link":"https:\/\/republify.se\/index.php\/produkt\/praktisk-agil-ux\/","title":{"rendered":"Praktisk Agil UX"},"content":{"rendered":"<p>Kursen fokuserar p\u00e5 UX-hantverket och vi g\u00e5r igenom hela processen f\u00f6r att skapa digitala tj\u00e4nster, appar och system med anv\u00e4ndarna och deras upplevelse av tj\u00e4nsten i centrum.<\/p>\n<p><strong>M\u00e5lgrupp<\/strong><\/p>\n<p>Utvecklare, designers, programmerare, informat\u00f6rer, copywriters, kravanalytiker, frontendutvecklare. Utbildningen v\u00e4nder sig till dig som ska kravst\u00e4lla eller utveckla gr\u00e4nssnitt, tj\u00e4nster eller funktioner som ska levereras med h\u00f6g UX. Du kan t.ex. vara systemerare, webb\/app-utvecklare, designer, programmerare, projektledare, Scrum Master eller kravst\u00e4llare.<\/p>\n<p><strong>F\u00f6rkunskaper<\/strong><\/p>\n<p>Utbildningen f\u00f6ruts\u00e4tter en grundl\u00e4ggande erfarenhet av IT-utveckling. Inga f\u00f6rkunskaper om agila metoder som Scrum, eller Lean \u00e4r n\u00f6dv\u00e4ndiga.<\/p>\n<p><strong>Inneh\u00e5ll<\/strong><\/p>\n<p>Vi b\u00f6rjar fr\u00e5n b\u00f6rjan, med grundl\u00e4ggande UX-teori och User Research, f\u00f6r att f\u00f6rst\u00e5 och beskriva anv\u00e4ndares behov i form av personas och scenarier. Sedan varvar vi teori med praktik och diskussioner. Genomg\u00e5ende i kursen \u00e4r vi arbetar med att ta fram en prototyp f\u00f6r ett fiktivt f\u00f6retag, fr\u00e5n m\u00e5lgruppsanalys till v\u00e5rt f\u00f6rsta anv\u00e4ndningstest.<br \/>\nF\u00f6rutom \u201ctraditionell\u201d UX, s\u00e5som design och anv\u00e4ndarcentrerad utveckling, g\u00e5r vi ocks\u00e5 igenom Design Thinking och tj\u00e4nstedesign.<\/p>\n<p>Vi diskuterar ocks\u00e5 vad AI och AI-verktyg kan komma att inneb\u00e4ra f\u00f6r UX b\u00e5de praktiskt och i ett bredare perspektiv.<\/p>\n<p>Kursmaterial p\u00e5 svenska ing\u00e5r. Du f\u00e5r \u00e4ven med dig alla resultat fr\u00e5n \u00f6vningarna som du sj\u00e4lv och \u00f6vriga deltagare har tagit fram, samt tillg\u00e5ng till v\u00e5rt referensbibliotek som kontinuerligt uppdateras.<\/p>\n<p>&nbsp;<\/p>\n<h3>Kursen levereras i samarbete med<\/h3>\n<p><img decoding=\"async\" class=\"alignnone size-full wp-image-3531 lazyload\" data-src=\"https:\/\/republify.se\/wp-content\/uploads\/2022\/04\/Symmetri.png\" alt=\"\" width=\"240\" height=\"74\" src=\"data:image\/svg+xml;base64,PHN2ZyB3aWR0aD0iMSIgaGVpZ2h0PSIxIiB4bWxucz0iaHR0cDovL3d3dy53My5vcmcvMjAwMC9zdmciPjwvc3ZnPg==\" style=\"--smush-placeholder-width: 240px; --smush-placeholder-aspect-ratio: 240\/74;\" \/><\/p>\n","protected":false},"excerpt":{"rendered":"<p><strong>I denna kurs kommer du att l\u00e4ra dig grundl\u00e4ggande UX i en agil utvecklingsv\u00e4rld. <\/strong><\/p>\n<p>Kursen besvarar bland annat fr\u00e5gor s\u00e5som: \u201dHur skapar vi optimala anv\u00e4ndarupplevelser med agila utvecklingsprocesser\u201d, \u201cVilken inverkan kommer AI att ha p\u00e5 UX?\u201d och \u201dVad \u00e4r User Research och hur anv\u00e4nder man det?\u201d.<\/p>\n","protected":false},"featured_media":3532,"comment_status":"open","ping_status":"closed","template":"","meta":{"wds_primary_product_brand":0,"wds_primary_product_cat":0},"product_brand":[],"product_cat":[33,53,28,29,130],"product_tag":[],"class_list":{"0":"post-3534","1":"product","2":"type-product","3":"status-publish","4":"has-post-thumbnail","6":"product_cat-agila-metoder","7":"product_cat-kravhantering","8":"product_cat-teamship","9":"product_cat-technical","10":"product_cat-ux","12":"first","13":"instock","14":"taxable","15":"shipping-taxable","16":"purchasable","17":"product-type-simple"},"jetpack_sharing_enabled":true,"_links":{"self":[{"href":"https:\/\/republify.se\/index.php\/wp-json\/wp\/v2\/product\/3534","targetHints":{"allow":["GET"]}}],"collection":[{"href":"https:\/\/republify.se\/index.php\/wp-json\/wp\/v2\/product"}],"about":[{"href":"https:\/\/republify.se\/index.php\/wp-json\/wp\/v2\/types\/product"}],"replies":[{"embeddable":true,"href":"https:\/\/republify.se\/index.php\/wp-json\/wp\/v2\/comments?post=3534"}],"wp:featuredmedia":[{"embeddable":true,"href":"https:\/\/republify.se\/index.php\/wp-json\/wp\/v2\/media\/3532"}],"wp:attachment":[{"href":"https:\/\/republify.se\/index.php\/wp-json\/wp\/v2\/media?parent=3534"}],"wp:term":[{"taxonomy":"product_brand","embeddable":true,"href":"https:\/\/republify.se\/index.php\/wp-json\/wp\/v2\/product_brand?post=3534"},{"taxonomy":"product_cat","embeddable":true,"href":"https:\/\/republify.se\/index.php\/wp-json\/wp\/v2\/product_cat?post=3534"},{"taxonomy":"product_tag","embeddable":true,"href":"https:\/\/republify.se\/index.php\/wp-json\/wp\/v2\/product_tag?post=3534"}],"curies":[{"name":"wp","href":"https:\/\/api.w.org\/{rel}","templated":true}]}}