{"id":3533,"date":"2022-04-07T07:43:14","date_gmt":"2022-04-07T06:43:14","guid":{"rendered":"https:\/\/republify.se\/?post_type=product&#038;p=3533"},"modified":"2026-01-09T08:57:17","modified_gmt":"2026-01-09T07:57:17","slug":"design-thinking","status":"publish","type":"product","link":"https:\/\/republify.se\/index.php\/produkt\/design-thinking\/","title":{"rendered":"Design Thinking"},"content":{"rendered":"<p><strong>Denna utbildning riktar sig till alla som vill veta mer om Design Thinking, produkt\u00e4gare, projektledare, best\u00e4llare, chefer, Scrum Masters, utvecklare, designers, programmerare, informat\u00f6rer, copywriters, kravst\u00e4llare, frontendutvecklare, SAFe-intressenter, med flera.<\/strong><\/p>\n<p>Nyckeln \u00e4r f\u00f6rst\u00e5else f\u00f6r kunden och anv\u00e4ndarnas behov.\u00a0 I denna introduktionskurs g\u00e5r vi igenom processen, metoderna och olika tekniker f\u00f6r att f\u00f6rst\u00e5 din kund, avsl\u00f6ja icke-uppenbara insikter fr\u00e5n insamlade data.<\/p>\n<p><strong>F\u00f6rkunskaper<\/strong><\/p>\n<p>Inga speciella f\u00f6rkunskaper kr\u00e4vs<\/p>\n<p><strong>Inneh\u00e5ll<\/strong><\/p>\n<p>Design Thinking \u00e4r ett s\u00e4tt att t\u00e4nka och arbeta med att skapa nya tj\u00e4nster och produkter. Det \u00e4r \u00e4ven en samling praktiska metoder. Design Thinking tar ett anv\u00e4ndarcentrerat f\u00f6rh\u00e5llningss\u00e4tt till tillv\u00e4xt, innovation, aff\u00e4rer och probleml\u00f6sning.<\/p>\n<p>Vi g\u00e5r igenom hur vi kan anv\u00e4nda dessa insikter f\u00f6r att formulera r\u00e4tt problem, skapa id\u00e9er, prototyper och testa dessa. R\u00e4tt anv\u00e4nt \u00e4r det ett praktiskt, iterativt, anv\u00e4ndarcentrerat tillv\u00e4gag\u00e5ngss\u00e4tt att l\u00f6sa reella problem, utveckla innovationer f\u00f6r att skapa originella tj\u00e4nster och konkurrensf\u00f6rdelar.\u00a0Design Thinking \u00e4r \u00e4ven en integrerad del av SAFe (Scaled agile framework) 5.1.<\/p>\n<p>&nbsp;<\/p>\n<h3>Kursen levereras i samarbete med<\/h3>\n<p><img decoding=\"async\" class=\"alignnone size-full wp-image-3531 lazyload\" data-src=\"https:\/\/republify.se\/wp-content\/uploads\/2022\/04\/Symmetri.png\" alt=\"\" width=\"240\" height=\"74\" src=\"data:image\/svg+xml;base64,PHN2ZyB3aWR0aD0iMSIgaGVpZ2h0PSIxIiB4bWxucz0iaHR0cDovL3d3dy53My5vcmcvMjAwMC9zdmciPjwvc3ZnPg==\" style=\"--smush-placeholder-width: 240px; --smush-placeholder-aspect-ratio: 240\/74;\" \/><\/p>\n","protected":false},"excerpt":{"rendered":"<p><strong>Denna utbildning riktar sig till alla som vill veta mer om Design Thinking, produkt\u00e4gare, projektledare, best\u00e4llare, chefer, Scrum Masters, utvecklare, designers, programmerare, informat\u00f6rer, copywriters, kravst\u00e4llare, frontendutvecklare, SAFe-intressenter, med flera.<\/strong><\/p>\n<p>Nyckeln \u00e4r f\u00f6rst\u00e5else f\u00f6r kunden och anv\u00e4ndarnas behov.\u00a0 I denna introduktionskurs g\u00e5r vi igenom processen, metoderna och olika tekniker f\u00f6r att f\u00f6rst\u00e5 din kund, avsl\u00f6ja icke-uppenbara insikter fr\u00e5n insamlade data.<\/p>\n<p>&nbsp;<\/p>\n","protected":false},"featured_media":3532,"comment_status":"open","ping_status":"closed","template":"","meta":{"wds_primary_product_brand":0,"wds_primary_product_cat":0},"product_brand":[],"product_cat":[33,37,35,34,28,130],"product_tag":[],"class_list":{"0":"post-3533","1":"product","2":"type-product","3":"status-publish","4":"has-post-thumbnail","6":"product_cat-agila-metoder","7":"product_cat-kommunikation","8":"product_cat-safe","9":"product_cat-scrum","10":"product_cat-teamship","11":"product_cat-ux","13":"first","14":"instock","15":"taxable","16":"shipping-taxable","17":"purchasable","18":"product-type-simple"},"jetpack_sharing_enabled":true,"_links":{"self":[{"href":"https:\/\/republify.se\/index.php\/wp-json\/wp\/v2\/product\/3533","targetHints":{"allow":["GET"]}}],"collection":[{"href":"https:\/\/republify.se\/index.php\/wp-json\/wp\/v2\/product"}],"about":[{"href":"https:\/\/republify.se\/index.php\/wp-json\/wp\/v2\/types\/product"}],"replies":[{"embeddable":true,"href":"https:\/\/republify.se\/index.php\/wp-json\/wp\/v2\/comments?post=3533"}],"wp:featuredmedia":[{"embeddable":true,"href":"https:\/\/republify.se\/index.php\/wp-json\/wp\/v2\/media\/3532"}],"wp:attachment":[{"href":"https:\/\/republify.se\/index.php\/wp-json\/wp\/v2\/media?parent=3533"}],"wp:term":[{"taxonomy":"product_brand","embeddable":true,"href":"https:\/\/republify.se\/index.php\/wp-json\/wp\/v2\/product_brand?post=3533"},{"taxonomy":"product_cat","embeddable":true,"href":"https:\/\/republify.se\/index.php\/wp-json\/wp\/v2\/product_cat?post=3533"},{"taxonomy":"product_tag","embeddable":true,"href":"https:\/\/republify.se\/index.php\/wp-json\/wp\/v2\/product_tag?post=3533"}],"curies":[{"name":"wp","href":"https:\/\/api.w.org\/{rel}","templated":true}]}}