{"id":3530,"date":"2022-04-07T07:33:25","date_gmt":"2022-04-07T06:33:25","guid":{"rendered":"https:\/\/republify.se\/?post_type=product&#038;p=3530"},"modified":"2026-01-09T08:57:34","modified_gmt":"2026-01-09T07:57:34","slug":"agil-ux-for-icke-ux-are","status":"publish","type":"product","link":"https:\/\/republify.se\/index.php\/produkt\/agil-ux-for-icke-ux-are\/","title":{"rendered":"Agil UX f\u00f6r icke UX-are"},"content":{"rendered":"<p><strong>Denna kurs fokuserar p\u00e5 hur man skapar v\u00e4rde utifr\u00e5n anv\u00e4ndares och kunders behov. Utbildningen \u00e4r en introduktion till Agil User Experience (UX), processer som fungerar, leveranser och, hur man integrerar UX med agil utveckling. <\/strong><\/p>\n<p>Agil User Experience (UX) f\u00e5r en allt viktigare b\u00e5de strategisk och operativ betydelse f\u00f6r tj\u00e4nsters och produkters framg\u00e5ng.<\/p>\n<p><strong>M\u00e5lgrupp<\/strong><\/p>\n<p>Denna utbildning i Agil UX fokuserar p\u00e5 skapandet av strategiska och operativa v\u00e4rden och riktar sig fr\u00e4mst mot dig som har ledaransvar i roller som tex. Produkt\u00e4gare, Projektledare, Best\u00e4llare, Chefer eller andra med intresse f\u00f6r dessa fr\u00e5gor.<\/p>\n<p><strong>F\u00f6rkunskaper<\/strong><\/p>\n<p>Inga speciella f\u00f6rkunskaper kr\u00e4vs<\/p>\n<p><strong>M\u00e5ls\u00e4ttning<\/strong><\/p>\n<p>M\u00e5ls\u00e4ttning med denna utbildning \u00e4r att du som deltagare efter kursen ska f\u00f6rst\u00e5 hur Agil UX via f\u00f6rst\u00e5else f\u00f6r anv\u00e4ndarnas behov, en kraftfull design och r\u00e4tt anv\u00e4ndarupplevelse skapar reella v\u00e4rden f\u00f6r verksamheten.<\/p>\n<p>&nbsp;<\/p>\n<h3>Kursen levereras i samarbete med<\/h3>\n<p><img decoding=\"async\" class=\"alignnone size-full wp-image-3531 lazyload\" data-src=\"https:\/\/republify.se\/wp-content\/uploads\/2022\/04\/Symmetri.png\" alt=\"\" width=\"240\" height=\"74\" src=\"data:image\/svg+xml;base64,PHN2ZyB3aWR0aD0iMSIgaGVpZ2h0PSIxIiB4bWxucz0iaHR0cDovL3d3dy53My5vcmcvMjAwMC9zdmciPjwvc3ZnPg==\" style=\"--smush-placeholder-width: 240px; --smush-placeholder-aspect-ratio: 240\/74;\" \/><\/p>\n","protected":false},"excerpt":{"rendered":"<p><strong>Denna kurs fokuserar p\u00e5 hur man skapar v\u00e4rde utifr\u00e5n anv\u00e4ndares och kunders behov. Utbildningen \u00e4r en introduktion till Agil User Experience (UX), processer som fungerar, leveranser och, hur man integrerar UX med agil utveckling. <\/strong><\/p>\n<p>Agil User Experience (UX) f\u00e5r en allt viktigare b\u00e5de strategisk och operativ betydelse f\u00f6r tj\u00e4nsters och produkters framg\u00e5ng.<\/p>\n","protected":false},"featured_media":3532,"comment_status":"open","ping_status":"closed","template":"","meta":{"wds_primary_product_brand":0,"wds_primary_product_cat":0},"product_brand":[],"product_cat":[33,32,28,130],"product_tag":[],"class_list":{"0":"post-3530","1":"product","2":"type-product","3":"status-publish","4":"has-post-thumbnail","6":"product_cat-agila-metoder","7":"product_cat-ledarskap","8":"product_cat-teamship","9":"product_cat-ux","11":"first","12":"instock","13":"taxable","14":"shipping-taxable","15":"purchasable","16":"product-type-simple"},"jetpack_sharing_enabled":true,"_links":{"self":[{"href":"https:\/\/republify.se\/index.php\/wp-json\/wp\/v2\/product\/3530","targetHints":{"allow":["GET"]}}],"collection":[{"href":"https:\/\/republify.se\/index.php\/wp-json\/wp\/v2\/product"}],"about":[{"href":"https:\/\/republify.se\/index.php\/wp-json\/wp\/v2\/types\/product"}],"replies":[{"embeddable":true,"href":"https:\/\/republify.se\/index.php\/wp-json\/wp\/v2\/comments?post=3530"}],"wp:featuredmedia":[{"embeddable":true,"href":"https:\/\/republify.se\/index.php\/wp-json\/wp\/v2\/media\/3532"}],"wp:attachment":[{"href":"https:\/\/republify.se\/index.php\/wp-json\/wp\/v2\/media?parent=3530"}],"wp:term":[{"taxonomy":"product_brand","embeddable":true,"href":"https:\/\/republify.se\/index.php\/wp-json\/wp\/v2\/product_brand?post=3530"},{"taxonomy":"product_cat","embeddable":true,"href":"https:\/\/republify.se\/index.php\/wp-json\/wp\/v2\/product_cat?post=3530"},{"taxonomy":"product_tag","embeddable":true,"href":"https:\/\/republify.se\/index.php\/wp-json\/wp\/v2\/product_tag?post=3530"}],"curies":[{"name":"wp","href":"https:\/\/api.w.org\/{rel}","templated":true}]}}