{"id":3503,"date":"2022-04-06T13:32:50","date_gmt":"2022-04-06T12:32:50","guid":{"rendered":"https:\/\/republify.se\/?post_type=product&#038;p=3503"},"modified":"2025-11-21T08:32:11","modified_gmt":"2025-11-21T07:32:11","slug":"avancerad-react","status":"publish","type":"product","link":"https:\/\/republify.se\/index.php\/produkt\/avancerad-react\/","title":{"rendered":"Avancerad React"},"content":{"rendered":"<p>Kursen erbjuder en unik och f\u00e4rsk sammanst\u00e4llning av efterfr\u00e5gat inneh\u00e5ll, med ett praktiskt angreppss\u00e4tt som f\u00f6rbereder dig p\u00e5 att utveckla robusta, skalbara och framtidss\u00e4kra webbapplikationer med React.<\/p>\n<div id=\"comp-kup995or2\" class=\"_1vNJf\">\n<div class=\"\" data-mesh-id=\"comp-kup995or2inlineContent\" data-testid=\"inline-content\">\n<div data-mesh-id=\"comp-kup995or2inlineContent-gridContainer\" data-testid=\"mesh-container-content\">\n<div id=\"comp-kup995ov\" class=\"_1Q9if\" data-testid=\"richTextElement\">\n<h4 class=\"font_3\">Avancerad React levererar ett brett spektrum av f\u00f6rdjupnings\u00e4mnen:<\/h4>\n<\/div>\n<div id=\"comp-kup995p11\" class=\"_1Q9if\" data-testid=\"richTextElement\">\n<p class=\"font_8\"><strong>Avancerade till\u00e4mpningar med \u201chooks\u201d<\/strong><\/p>\n<ul class=\"font_8\">\n<li>\n<p class=\"font_8\">Hantera en komponents interna tillst\u00e5nd med\u00a0<span class=\"color_15\">useState<\/span>\u00a0och\u00a0useReducer.<\/p>\n<\/li>\n<li>\n<p class=\"font_8\">Bem\u00e4stra nyanserna av useEffect.<\/p>\n<\/li>\n<li>\n<p class=\"font_8\">Implementera egna hooks f\u00f6r \u00e5teranv\u00e4ndbar komponentkod.<\/p>\n<\/li>\n<li>\n<p class=\"font_8\">React Context\u00a0f\u00f6r lagring och \u00e5tkomst av globalt tillg\u00e4nglig data.<\/p>\n<\/li>\n<\/ul>\n<p class=\"font_8\"><strong>Felhantering<\/strong><\/p>\n<ul class=\"font_8\">\n<li>\n<p class=\"font_8\">Implementera React\u00a0error boundaries\u00a0och relaterade kodm\u00f6nster.<\/p>\n<\/li>\n<li>\n<p class=\"font_8\">Arbeta enligt en systematisk metod f\u00f6r att best\u00e4mma var fel b\u00f6r f\u00e5ngas upp i ett komponenttr\u00e4d, f\u00f6r att uppn\u00e5 h\u00f6g robusthet i en applikation.<\/p>\n<\/li>\n<\/ul>\n<\/div>\n<\/div>\n<\/div>\n<\/div>\n<div id=\"comp-kup995p31\" class=\"_1vNJf\">\n<div class=\"\" data-mesh-id=\"comp-kup995p31inlineContent\" data-testid=\"inline-content\">\n<div data-mesh-id=\"comp-kup995p31inlineContent-gridContainer\" data-testid=\"mesh-container-content\">\n<div id=\"comp-kup995p51\" class=\"_1Q9if\" data-testid=\"richTextElement\">\n<p class=\"font_8\"><strong>Prestanda<\/strong><\/p>\n<ul class=\"font_8\">\n<li>\n<p class=\"font_8\">Profilera komponenter med verktygen React- och Chrome Profiler, tolka resultat och identifiera flaskhalsar i din kod.<\/p>\n<\/li>\n<li>\n<p class=\"font_8\">Optimera rendering av komponenter med\u00a0React.memo,\u00a0useCallback\u00a0och\u00a0useMemo.<\/p>\n<\/li>\n<\/ul>\n<p class=\"font_8\">Effektiv h\u00e4mtning av komponentdata, caching och optimistiska uppdateringar med biblioteket\u00a0React Query.<\/p>\n<p class=\"font_8\"><span class=\"wixGuard\">\u200b<\/span>Enhets- och integrationstestning av komponenter med\u00a0React Testing Library.<\/p>\n<p class=\"font_8\"><span class=\"wixGuard\">\u200b<\/span><\/p>\n<p class=\"font_8\"><strong>En \u00f6verblick av kommande funktionalitet i React<\/strong><\/p>\n<ul class=\"font_8\">\n<li>\n<p class=\"font_8\">Concurrent Mode\u00a0och\u00a0Suspense\u00a0f\u00f6r \u00f6kad applikationsprestanda.<\/p>\n<\/li>\n<li>\n<p class=\"font_8\">Kombinera klient- och serverrendering av komponenter med\u00a0React Server Components.<\/p>\n<\/li>\n<\/ul>\n<p>&nbsp;<\/p>\n<\/div>\n<\/div>\n<\/div>\n<\/div>\n<p>&nbsp;<\/p>\n<h2>Kontakta oss om denna kurs<\/h2>\n<div data-test='contact-form'\n\t\t\tid='contact-form-3503'\n\t\t\tclass='jetpack-contact-form-container '\n\t\t\tdata-wp-interactive='jetpack\/form' data-wp-context='{\"formId\":\"3503\",\"formHash\":\"905557075d4aff196b59119324c30468c9c06edc\",\"showErrors\":false,\"errors\":[],\"fields\":[],\"isMultiStep\":false,\"useAjax\":true,\"submissionData\":null,\"formattedSubmissionData\":[],\"submissionSuccess\":false,\"submissionError\":null,\"elementId\":\"jp-form-905557075d4aff196b59119324c30468c9c06edc\",\"isSingleInputForm\":false,\"isForcedHorizontal\":false}'\n\t\t\tdata-wp-watch--scroll-to-wrapper=\"callbacks.scrollToWrapper\"\n\t\t>\n<div class=\"contact-form-submission contact-form-ajax-submission\" data-wp-bind--aria-hidden=\"state.isSuccessMessageAriaHidden\" data-wp-class--submission-success=\"context.submissionSuccess\" id=\"contact-form-success-905557075d4aff196b59119324c30468c9c06edc\" tabindex=\"-1\" aria-labelledby=\"contact-form-success-header-905557075d4aff196b59119324c30468c9c06edc\"><p class=\"go-back-message\"><a class=\"link\" role=\"button\" tabindex=\"0\" data-wp-on--click=\"actions.goBack\" href=\"\/index.php\/wp-json\/wp\/v2\/product\/3503\">\u2190 Tillbaka<\/a><\/p><h4 data-wp-bind--aria-hidden=\"state.isSuccessMessageAriaHidden\" id=\"contact-form-success-header-905557075d4aff196b59119324c30468c9c06edc\">Tack f\u00f6r din respons. \u2728<\/h4>\n\n<template data-wp-each--submission=\"context.formattedSubmissionData\">\n\t\t\t\t\t<div class=\"jetpack_forms_contact-form-success-summary\">\n\t\t\t\t\t\t<div class=\"field-name-wrapper\">\n\t\t\t\t\t\t\t<div class=\"field-type-icon\" data-wp-watch=\"callbacks.watchFieldTypeIcon\"><\/div>\n\t\t\t\t\t\t\t<div class=\"field-name\" data-wp-text=\"context.submission.label\" data-wp-bind--hidden=\"!context.submission.label\"><\/div>\n\t\t\t\t\t\t<\/div>\n\t\t\t\t\t\t<div class=\"field-value\" data-wp-text=\"context.submission.value\" data-wp-bind--hidden=\"!context.submission.showPlainValue\"><\/div>\n\t\t\t\t\t\t<a class=\"field-url\" data-wp-bind--href=\"context.submission.url\" data-wp-text=\"context.submission.value\" data-wp-bind--hidden=\"!context.submission.url\" target=\"_blank\" rel=\"noopener noreferrer\"><\/a>\n\t\t\t\t\t\t<div class=\"field-rating\" data-wp-bind--hidden=\"!context.submission.rating\" data-wp-watch=\"callbacks.watchRatingIcons\"><\/div>\n\t\t\t\t\t\t<div class=\"field-images\" data-wp-bind--hidden=\"!context.submission.images\">\n\t\t\t\t\t\t\t<template data-wp-each--image=\"context.submission.images\">\n\t\t\t\t\t\t\t\t<div class=\"field-image-option\" data-wp-class--is-empty=\"!context.image.src\">\n\t\t\t\t\t\t\t\t\t<figure class=\"field-image-option__image\" data-wp-class--is-empty=\"!context.image.src\">\n\t\t\t\t\t\t\t\t\t\t<img data-wp-bind--src=\"context.image.src\" data-wp-bind--hidden=\"!context.image.src\" \/>\n\t\t\t\t\t\t\t\t\t\t<img decoding=\"async\" src=\"data:image\/gif;base64,R0lGODlhAQABAAD\/ACwAAAAAAQABAAACADs=\" data-wp-bind--hidden=\"context.image.src\" \/>\n\t\t\t\t\t\t\t\t\t<\/figure>\n\t\t\t\t\t\t\t\t\t<div class=\"field-image-option__label-wrapper\">\n\t\t\t\t\t\t\t\t\t\t<span class=\"field-image-option__label-code\" data-wp-text=\"context.image.letterCode\"><\/span>\n\t\t\t\t\t\t\t\t\t\t<span class=\"field-image-option__label\" data-wp-text=\"context.image.label\" data-wp-bind--hidden=\"!context.image.label\"><\/span>\n\t\t\t\t\t\t\t\t\t<\/div>\n\t\t\t\t\t\t\t\t<\/div>\n\t\t\t\t\t\t\t<\/template>\n\t\t\t\t\t\t<\/div>\n\t\t\t\t\t\t<div class=\"field-files\" data-wp-bind--hidden=\"!context.submission.files\">\n\t\t\t\t\t\t\t<template data-wp-each--file=\"context.submission.files\">\n\t\t\t\t\t\t\t\t<div class=\"field-file\">\n\t\t\t\t\t\t\t\t\t<div class=\"field-file__thumbnail\" data-wp-style--background-image=\"context.file.previewUrl\" data-wp-style--mask-image=\"context.file.iconUrl\" data-wp-bind--hidden=\"!context.file.hasPreview\"><\/div>\n\t\t\t\t\t\t\t\t\t<svg class=\"field-file__icon\" data-wp-bind--hidden=\"context.file.hasPreview\" width=\"20\" height=\"20\" viewBox=\"0 0 24 24\" fill=\"none\" xmlns=\"http:\/\/www.w3.org\/2000\/svg\" aria-hidden=\"true\">\n\t\t\t\t\t\t\t\t\t\t<path d=\"M14 2H6C4.9 2 4 2.9 4 4V20C4 21.1 4.89 22 5.99 22H18C19.1 22 20 21.1 20 20V8L14 2ZM18 20H6V4H13V9H18V20Z\" fill=\"currentColor\"\/>\n\t\t\t\t\t\t\t\t\t<\/svg>\n\t\t\t\t\t\t\t\t\t<span class=\"field-file__name\" data-wp-text=\"context.file.name\"><\/span>\n\t\t\t\t\t\t\t\t\t<span class=\"field-file__size\" data-wp-text=\"context.file.size\"><\/span>\n\t\t\t\t\t\t\t\t<\/div>\n\t\t\t\t\t\t\t<\/template>\n\t\t\t\t\t\t<\/div>\n\t\t\t\t\t<\/div>\n\t\t\t\t<\/template><\/div><form action='https:\/\/republify.se\/index.php\/produkt\/avancerad-react\/'\n\t\t\t\tid='jp-form-905557075d4aff196b59119324c30468c9c06edc'\n\t\t\t\tmethod='post'\n\t\t\t\tclass='contact-form commentsblock jetpack-contact-form__form has-no-jetpack-form-layout' aria-label=\"Avancerad React\"\n\t\t\t\tdata-wp-on--submit=\"actions.onFormSubmit\"\n\t\t\t\tdata-wp-on--reset=\"actions.onFormReset\"\n\t\t\t\tdata-wp-class--submission-success=\"context.submissionSuccess\"\n\t\t\t\tdata-wp-class--is-first-step=\"state.isFirstStep\"\n\t\t\t\tdata-wp-class--is-last-step=\"state.isLastStep\"\n\t\t\t\tdata-wp-class--is-ajax-form=\"context.useAjax\"\n\t\t\t\tnovalidate >\n<input type='hidden' name='jetpack_contact_form_jwt' value='eyJ0eXAiOiJKV1QiLCJhbGciOiJIUzI1NiJ9.eyJlbmNyeXB0ZWRfYXR0cmlidXRlcyI6IlhKVzlscVdWQ3ViOXlWZVJML2NhWU5hQktCcDlEbm1ocmlveGxLNEJaaVIraEN4VUppUGNOdlV0RVhhMjlid2VEaTJxVDdnRjJDSkJNNk8yN1NLaTBzZ3VPaHJ3THQyNnNBa1pRREhXTkg0UHFmR1NJZWZYSHoxOGF4bUtmU1RWdHZYejB4YzJUQ1IxeVpVRlJvNy9qdXMxaUNkZDc0TDRqWWhEYXdIM3puZCs5Tm1JTWM2bnZGbWxQNFYrVE51ZWNBZ1c4ME5ZRkZTcC9wZDZDNE5MMWdoZFIzUFJRVUEwOTc2VVovZVdsMzZHeks5Zm5NdWMzb2RjSTFwNW1wcnJ0aG5lRjNXNVVhRDBubHBtYTRLcXJIdTlJZ092Z1p2cldjZkFMRWdNY3U0Rnl5VGEvYThzQ09acWs1OFp0Q2RZbllNM1hvMFFXNUYxK2plZHdjV3RLVjBxSm12ZWFIMzVWVmNpWC83a2VtdFZGVmRkcEkvT2VqK1hjS0owVzViVllWVXpLWGdPSE1YTHJmSVB1aGFJOTMyZ0c0RG5jNE51WSs2VDM3TTZDMG5xYndGc3pjQWlhSzlicHd6NDVMT0xBR0pWMmZYMXNZYUVhVWVaSm42dEw1d3dPcVMyVkd6UkZBbU51bjZ4RHUzZlpSUDE3MU1scVE4enE0UERIRGdRc2tTRy9qWHYwWXNUb0szR3U4T1AzYjZZblM1cXp6S2FuUTFkWFJEU1FjTCtJMkhmUzV0UTJiVHN5N3lINnNGZ0FpMTdwbzJOcitVajRlR2NGWER5ZWZpS2UwQ1dKMmJnZlpRY09zVFV3YkNjTHNaN1dhMCtUdnBFNUNadUtxY0hnNnZhNDlnVnFqV3hMUU9YQmw1cCtFTC8vbFpzcjUyR2VlUkR5dDN4QlVVRGVoTlM4MEpzRlMrTjJ2WTl6WHhvaFpjSEN5bHlLb1NmdjRTK09ZeTVkZ0ViNTNjK0NIVG91Qm1kYm92YlUyakZva1JTN2Z0RE9KbDVpaVkwVTVOUTduQ1QxNmlLcDl5VExWQytxSE9wMzRQUVdhM3lzb1M0ejRicVozRUFmQktwcEF1WlhlU3JzTVZ6TEpDTmkrWWp3anRnbHFyMHQzUWdBTWNRYzFlb2FLQms1UW05ZWk1c0kvb1NPaXRqd1ZEQ2FYZDVUTFExTGJqMHdlOEJ3ZjdXSi9SaVVqV0o0QT09IiwiY29udGVudCI6Iltjb250YWN0LWZpZWxkIGxhYmVsPVwiTmFtblwiIHR5cGU9XCJuYW1lXCIgcmVxdWlyZWQ9XCIxXCJdW2NvbnRhY3QtZmllbGQgbGFiZWw9XCJFLXBvc3RcIiB0eXBlPVwiZW1haWxcIiByZXF1aXJlZD1cIjFcIl1bY29udGFjdC1maWVsZCBsYWJlbD1cIk1lZGRlbGFuZGVcIiB0eXBlPVwidGV4dGFyZWFcIl0iLCJoYXNoIjoiOTA1NTU3MDc1ZDRhZmYxOTZiNTkxMTkzMjRjMzA0NjhjOWMwNmVkYyIsInNvdXJjZSI6eyJlbnRyeV90aXRsZSI6IkF2YW5jZXJhZCBSZWFjdCIsImVudHJ5X3BhZ2UiOjEsInNvdXJjZV9pZCI6MzUwMywic291cmNlX3R5cGUiOiJzaW5nbGUiLCJyZXF1ZXN0X3VybCI6Imh0dHBzOi8vcmVwdWJsaWZ5LnNlL3dwLWpzb24vd3AvdjIvcHJvZHVjdC8zNTAzIn0sInZlcnNpb24iOjIsImNpcGhlciI6ImFlcy0yNTYtZ2NtIn0.XmKtIFHQm-fZUQXv5sdewPx_Y_xupfoJVYquU7LxcMw' \/>\n\n<div style=\"\"  data-wp-interactive=\"jetpack\/form\" data-wp-context='{\"fieldId\":\"g3503-namn\",\"fieldType\":\"name\",\"fieldLabel\":\"Namn\",\"fieldValue\":\"\",\"fieldPlaceholder\":\"\",\"fieldIsRequired\":\"1\",\"fieldErrorMessage\":\"\",\"fieldExtra\":[],\"formHash\":\"905557075d4aff196b59119324c30468c9c06edc\"}'  class='grunion-field-name-wrap grunion-field-wrap'  data-wp-init='callbacks.initializeField' data-wp-on--jetpack-form-reset='callbacks.initializeField' >\n<label\n\t\t\t\tfor='g3503-namn' class=\"grunion-field-label name\" >Namn<span class=\"grunion-label-required\" aria-hidden=\"true\">(obligatoriskt)<\/span><\/label>\n<input\n\t\t\t\t\ttype='text'\n\t\t\t\t\tname='g3503-namn'\n\t\t\t\t\tid='g3503-namn'\n\t\t\t\t\tvalue=''\n\n\t\t\t\t\tdata-wp-bind--aria-invalid='state.fieldAriaInvalid'\n\t\t\t\t\tdata-wp-bind--value='state.getFieldValue'\n\t\t\t\t\taria-describedby='g3503-namn-text-error-message'\n\t\t\t\t\tdata-wp-on--input='actions.onFieldChange'\n\t\t\t\t\tdata-wp-on--blur='actions.onFieldBlur'\n\t\t\t\t\tdata-wp-class--has-value='state.hasFieldValue'\n\n\t\t\t\t\tclass='name  grunion-field' \n\t\t\t\t\trequired='true' aria-required='true'  \/>\n \n\t\t\t<div id=\"g3503-namn-text-error\" class=\"contact-form__input-error\" data-wp-class--has-errors=\"state.fieldHasErrors\">\n\t\t\t\t<span class=\"contact-form__warning-icon\" aria-hidden=\"true\">\n\t\t\t\t\t<svg width=\"16\" height=\"16\" viewBox=\"0 0 16 16\" fill=\"none\" xmlns=\"http:\/\/www.w3.org\/2000\/svg\">\n\t\t\t\t\t\t<path d=\"M8.50015 11.6402H7.50015V10.6402H8.50015V11.6402Z\" \/>\n\t\t\t\t\t\t<path d=\"M7.50015 9.64018H8.50015V6.30684H7.50015V9.64018Z\" \/>\n\t\t\t\t\t\t<path fill-rule=\"evenodd\" clip-rule=\"evenodd\" d=\"M6.98331 3.0947C7.42933 2.30177 8.57096 2.30177 9.01698 3.09469L13.8771 11.7349C14.3145 12.5126 13.7525 13.4735 12.8602 13.4735H3.14004C2.24774 13.4735 1.68575 12.5126 2.12321 11.7349L6.98331 3.0947ZM8.14541 3.58496C8.08169 3.47168 7.9186 3.47168 7.85488 3.58496L2.99478 12.2251C2.93229 12.3362 3.01257 12.4735 3.14004 12.4735H12.8602C12.9877 12.4735 13.068 12.3362 13.0055 12.2251L8.14541 3.58496Z\" \/>\n\t\t\t\t\t<\/svg>\n\t\t\t\t<\/span>\n\t\t\t\t<span data-wp-text=\"state.errorMessage\" id=\"g3503-namn-text-error-message\"><\/span>\n\t\t\t<\/div> \n\t<\/div>\n\n<div style=\"\"  data-wp-interactive=\"jetpack\/form\" data-wp-context='{\"fieldId\":\"g3503-epost\",\"fieldType\":\"email\",\"fieldLabel\":\"E-post\",\"fieldValue\":\"\",\"fieldPlaceholder\":\"\",\"fieldIsRequired\":\"1\",\"fieldErrorMessage\":\"\",\"fieldExtra\":[],\"formHash\":\"905557075d4aff196b59119324c30468c9c06edc\"}'  class='grunion-field-email-wrap grunion-field-wrap'  data-wp-init='callbacks.initializeField' data-wp-on--jetpack-form-reset='callbacks.initializeField' >\n<label\n\t\t\t\tfor='g3503-epost' class=\"grunion-field-label email\" >E-post<span class=\"grunion-label-required\" aria-hidden=\"true\">(obligatoriskt)<\/span><\/label>\n<input\n\t\t\t\t\ttype='email'\n\t\t\t\t\tname='g3503-epost'\n\t\t\t\t\tid='g3503-epost'\n\t\t\t\t\tvalue=''\n\n\t\t\t\t\tdata-wp-bind--aria-invalid='state.fieldAriaInvalid'\n\t\t\t\t\tdata-wp-bind--value='state.getFieldValue'\n\t\t\t\t\taria-describedby='g3503-epost-email-error-message'\n\t\t\t\t\tdata-wp-on--input='actions.onFieldChange'\n\t\t\t\t\tdata-wp-on--blur='actions.onFieldBlur'\n\t\t\t\t\tdata-wp-class--has-value='state.hasFieldValue'\n\n\t\t\t\t\tclass='email  grunion-field' \n\t\t\t\t\trequired='true' aria-required='true'  \/>\n \n\t\t\t<div id=\"g3503-epost-email-error\" class=\"contact-form__input-error\" data-wp-class--has-errors=\"state.fieldHasErrors\">\n\t\t\t\t<span class=\"contact-form__warning-icon\" aria-hidden=\"true\">\n\t\t\t\t\t<svg width=\"16\" height=\"16\" viewBox=\"0 0 16 16\" fill=\"none\" xmlns=\"http:\/\/www.w3.org\/2000\/svg\">\n\t\t\t\t\t\t<path d=\"M8.50015 11.6402H7.50015V10.6402H8.50015V11.6402Z\" \/>\n\t\t\t\t\t\t<path d=\"M7.50015 9.64018H8.50015V6.30684H7.50015V9.64018Z\" \/>\n\t\t\t\t\t\t<path fill-rule=\"evenodd\" clip-rule=\"evenodd\" d=\"M6.98331 3.0947C7.42933 2.30177 8.57096 2.30177 9.01698 3.09469L13.8771 11.7349C14.3145 12.5126 13.7525 13.4735 12.8602 13.4735H3.14004C2.24774 13.4735 1.68575 12.5126 2.12321 11.7349L6.98331 3.0947ZM8.14541 3.58496C8.08169 3.47168 7.9186 3.47168 7.85488 3.58496L2.99478 12.2251C2.93229 12.3362 3.01257 12.4735 3.14004 12.4735H12.8602C12.9877 12.4735 13.068 12.3362 13.0055 12.2251L8.14541 3.58496Z\" \/>\n\t\t\t\t\t<\/svg>\n\t\t\t\t<\/span>\n\t\t\t\t<span data-wp-text=\"state.errorMessage\" id=\"g3503-epost-email-error-message\"><\/span>\n\t\t\t<\/div> \n\t<\/div>\n\n<div style=\"\"  data-wp-interactive=\"jetpack\/form\" data-wp-context='{\"fieldId\":\"g3503-meddelande\",\"fieldType\":\"textarea\",\"fieldLabel\":\"Meddelande\",\"fieldValue\":\"\",\"fieldPlaceholder\":\"\",\"fieldIsRequired\":\"\",\"fieldErrorMessage\":\"\",\"fieldExtra\":[],\"formHash\":\"905557075d4aff196b59119324c30468c9c06edc\"}'  class='grunion-field-textarea-wrap grunion-field-wrap'  data-wp-init='callbacks.initializeField' data-wp-on--jetpack-form-reset='callbacks.initializeField' >\n<label\n\t\t\t\tfor='contact-form-comment-g3503-meddelande' class=\"grunion-field-label textarea\" >Meddelande<\/label>\n<textarea\n\t\t                style=''\n\t\t                name='g3503-meddelande'\n\t\t                id='contact-form-comment-g3503-meddelande'\n\t\t                rows='20'\n\t\t\t\t\t\tdata-wp-text='state.getFieldValue'\n\t\t\t\t\t\tdata-wp-on--input='actions.onFieldChange'\n\t\t\t\t\t\tdata-wp-on--blur='actions.onFieldBlur'\n\t\t\t\t\t\tdata-wp-class--has-value='state.hasFieldValue'\n\t\t\t\t\t\taria-describedby='g3503-meddelande-textarea-error-message'\n\t\t\t\t\t\tdata-wp-bind--aria-invalid='state.fieldAriaInvalid'\n\t\t\t\t\t\tclass='textarea  grunion-field'  ><\/textarea>\n \n\t\t\t<div id=\"g3503-meddelande-textarea-error\" class=\"contact-form__input-error\" data-wp-class--has-errors=\"state.fieldHasErrors\">\n\t\t\t\t<span class=\"contact-form__warning-icon\" aria-hidden=\"true\">\n\t\t\t\t\t<svg width=\"16\" height=\"16\" viewBox=\"0 0 16 16\" fill=\"none\" xmlns=\"http:\/\/www.w3.org\/2000\/svg\">\n\t\t\t\t\t\t<path d=\"M8.50015 11.6402H7.50015V10.6402H8.50015V11.6402Z\" \/>\n\t\t\t\t\t\t<path d=\"M7.50015 9.64018H8.50015V6.30684H7.50015V9.64018Z\" \/>\n\t\t\t\t\t\t<path fill-rule=\"evenodd\" clip-rule=\"evenodd\" d=\"M6.98331 3.0947C7.42933 2.30177 8.57096 2.30177 9.01698 3.09469L13.8771 11.7349C14.3145 12.5126 13.7525 13.4735 12.8602 13.4735H3.14004C2.24774 13.4735 1.68575 12.5126 2.12321 11.7349L6.98331 3.0947ZM8.14541 3.58496C8.08169 3.47168 7.9186 3.47168 7.85488 3.58496L2.99478 12.2251C2.93229 12.3362 3.01257 12.4735 3.14004 12.4735H12.8602C12.9877 12.4735 13.068 12.3362 13.0055 12.2251L8.14541 3.58496Z\" \/>\n\t\t\t\t\t<\/svg>\n\t\t\t\t<\/span>\n\t\t\t\t<span data-wp-text=\"state.errorMessage\" id=\"g3503-meddelande-textarea-error-message\"><\/span>\n\t\t\t<\/div>\n\t<\/div>\n\t<p class='contact-submit'>\n<div class=\"contact-form__error\" data-wp-class--show-errors=\"state.showFormErrors\"><span class=\"contact-form__warning-icon\" aria-hidden=\"true\"><i><\/i><\/span><span class=\"contact-form__error-message\" tabindex=\"-1\" data-wp-watch=\"callbacks.focusOnValidationError\" data-wp-text=\"state.getFormErrorMessage\"><\/span><ul aria-label=\"Formul\u00e4rfel\">\n\t\t\t\t<template data-wp-each=\"state.getErrorList\" data-wp-key=\"context.item.id\">\n\t\t\t\t\t<li><a data-wp-bind--href=\"context.item.anchor\" data-wp-on--click=\"actions.scrollIntoView\" data-wp-text=\"context.item.label\"><\/a><\/li>\n\t\t\t\t<\/template>\n\t\t\t\t<\/ul><\/div><div class=\"contact-form__error\" data-wp-class--show-errors=\"state.showSubmissionError\" data-wp-text=\"context.submissionError\" tabindex=\"-1\" data-wp-watch=\"callbacks.focusOnSubmissionError\"><\/div>\t\t<button type='submit' class='pushbutton-wide'>Skicka<\/button>\t\t<input type='hidden' name='contact-form-id' value='3503' \/>\n\t\t<input type='hidden' name='action' value='grunion-contact-form' \/>\n\t\t<input type='hidden' name='contact-form-hash' value='905557075d4aff196b59119324c30468c9c06edc' \/>\n\t<\/p>\n<\/form>\n<\/div>\n","protected":false},"excerpt":{"rendered":"<p><strong>Avancerad React \u00e4r framtagen f\u00f6r dig som \u00f6nskar f\u00f6rdjupa dina f\u00e4rdigheter i React och bem\u00e4stra optimering och testning av komponenter, \u201chooks\u201d och komponentarkitektur, bepr\u00f6vade tekniker f\u00f6r h\u00e4mtning av data och tillst\u00e5ndshantering samt de senaste innovationerna.<\/strong><\/p>\n<p>Utbildningen har uppdaterats f\u00f6r att inkludera de senaste funktionerna i React 18, s\u00e5som samtidig rendering och API:erna f\u00f6r\u00a0Suspense\u00a0och\u00a0startTransition. Du kommer att l\u00e4ra dig hur du uppgraderar din applikation till React 18 och successivt antar ny funktionaliteter.<\/p>\n","protected":false},"featured_media":3504,"comment_status":"open","ping_status":"closed","template":"","meta":{"wds_primary_product_brand":0,"wds_primary_product_cat":0},"product_brand":[],"product_cat":[126,29],"product_tag":[],"class_list":{"0":"post-3503","1":"product","2":"type-product","3":"status-publish","4":"has-post-thumbnail","6":"product_cat-react","7":"product_cat-technical","9":"first","10":"instock","11":"taxable","12":"shipping-taxable","13":"purchasable","14":"product-type-simple"},"jetpack_sharing_enabled":true,"_links":{"self":[{"href":"https:\/\/republify.se\/index.php\/wp-json\/wp\/v2\/product\/3503","targetHints":{"allow":["GET"]}}],"collection":[{"href":"https:\/\/republify.se\/index.php\/wp-json\/wp\/v2\/product"}],"about":[{"href":"https:\/\/republify.se\/index.php\/wp-json\/wp\/v2\/types\/product"}],"replies":[{"embeddable":true,"href":"https:\/\/republify.se\/index.php\/wp-json\/wp\/v2\/comments?post=3503"}],"wp:featuredmedia":[{"embeddable":true,"href":"https:\/\/republify.se\/index.php\/wp-json\/wp\/v2\/media\/3504"}],"wp:attachment":[{"href":"https:\/\/republify.se\/index.php\/wp-json\/wp\/v2\/media?parent=3503"}],"wp:term":[{"taxonomy":"product_brand","embeddable":true,"href":"https:\/\/republify.se\/index.php\/wp-json\/wp\/v2\/product_brand?post=3503"},{"taxonomy":"product_cat","embeddable":true,"href":"https:\/\/republify.se\/index.php\/wp-json\/wp\/v2\/product_cat?post=3503"},{"taxonomy":"product_tag","embeddable":true,"href":"https:\/\/republify.se\/index.php\/wp-json\/wp\/v2\/product_tag?post=3503"}],"curies":[{"name":"wp","href":"https:\/\/api.w.org\/{rel}","templated":true}]}}