{"id":3485,"date":"2022-04-05T14:27:40","date_gmt":"2022-04-05T13:27:40","guid":{"rendered":"https:\/\/republify.se\/?post_type=product&#038;p=3485"},"modified":"2022-04-05T14:27:42","modified_gmt":"2022-04-05T13:27:42","slug":"z-os-jcl-och-utilities-fran-grunden","status":"publish","type":"product","link":"https:\/\/republify.se\/index.php\/produkt\/z-os-jcl-och-utilities-fran-grunden\/","title":{"rendered":"z\/OS JCL och Utilities fr\u00e5n grunden"},"content":{"rendered":"<p><strong>Syftet med denna utbildningar \u00e4r att l\u00e4ra dig skriva och anv\u00e4nds JCL f\u00f6r att exekvera olika typer av program, kunna g\u00f6ra olika databeskrivningar med JCL, kunna skriva egna procedurer som anv\u00e4nder parametrar, k\u00e4nna till och kunna anv\u00e4nda vissa grundl\u00e4ggande Utilityprogram.<\/strong><\/p>\n<p>Kursen v\u00e4nder sig till alla som beh\u00f6ver l\u00e4ra sig anv\u00e4nda JCL, JCL-procedurer och Utilities, t.ex. programmerare, system\u00f6vervakare samt systemtekniker.<\/p>\n<h3>Kurs\u00f6versikt<\/h3>\n<div>&#8211; Introduktion till JCL<\/div>\n<div>z\/OS infrastruktur, z\/OS enheter och datalagring, program och till\u00e4mpningar, Job Entry Subsystem (JES), Job Control Language (JCL).<\/div>\n<div><\/div>\n<div>&#8211; JCL grunder<\/div>\n<div>Format, parametrar, JOB-, EXEC- och DD-uttryck.<\/div>\n<div><\/div>\n<div>&#8211; Databeskrivningar<\/div>\n<div>Parametrar, DD, VTOC, DSCB, bak\u00e5treferens, tempor\u00e4ra dataset.<\/div>\n<div><\/div>\n<div>&#8211; Utilities I<\/div>\n<div>Introduktion, utility program, control statements, IEBGENER, IEBPTPCH, IEHLIST, IDCAMS m.fl.<\/div>\n<div><\/div>\n<div>&#8211; Villkorsuttryck<\/div>\n<div>Cond, IF\/THEN\/ELSE\/END IF.<\/div>\n<div><\/div>\n<div>&#8211; Filer och dataset<\/div>\n<div>Format, databeskrivningar, data control block (DCB), datasetorganisation, bibliotek, VSAM, Storage Management Subsystem.<\/div>\n<div><\/div>\n<div>&#8211; Generationsdataset<\/div>\n<div>Bakgrund, generation data group,GDG, datasetnamn, skapa GDG, lista information, anv\u00e4nda, \u00e4ndra.<\/div>\n<div><\/div>\n<div>&#8211; Procedurer<\/div>\n<div>\u00d6versikt, in-stream procedurer, katalogiserade procedurer, f\u00f6r\u00e4ndra procedurer, symboliska parametrar, privata procedurbibliotek, includemedlemmar.<\/div>\n<div><\/div>\n<div>&#8211; Utilities II<\/div>\n<div>IEBGENER, IEBCOPY, IEHLIST, Sort\/Merge, m.fl<\/div>\n<div><\/div>\n<div>&#8211; \u00d6vningar<\/div>\n<div>Kursen inneh\u00e5ller \u00f6vningar i samband med varje kursavsnitt, d\u00e4r varje \u00f6vning inneh\u00e5ller ett flertal \u00f6vningsuppgifter.<\/div>\n<div><\/div>\n<p>&nbsp;<\/p>\n<h3>Kursen levereras i samarbete med<\/h3>\n<p><img decoding=\"async\" class=\"alignnone size-medium wp-image-3007 lazyload\" data-src=\"https:\/\/republify.se\/wp-content\/uploads\/2022\/03\/cropped-pngwing.com_-300x75.png\" alt=\"\" width=\"300\" height=\"75\" data-srcset=\"https:\/\/republify.se\/wp-content\/uploads\/2022\/03\/cropped-pngwing.com_-300x75.png 300w, https:\/\/republify.se\/wp-content\/uploads\/2022\/03\/cropped-pngwing.com_-1024x257.png 1024w, https:\/\/republify.se\/wp-content\/uploads\/2022\/03\/cropped-pngwing.com_-768x193.png 768w, https:\/\/republify.se\/wp-content\/uploads\/2022\/03\/cropped-pngwing.com_-600x151.png 600w, https:\/\/republify.se\/wp-content\/uploads\/2022\/03\/cropped-pngwing.com_.png 1142w\" data-sizes=\"(max-width: 300px) 100vw, 300px\" src=\"data:image\/svg+xml;base64,PHN2ZyB3aWR0aD0iMSIgaGVpZ2h0PSIxIiB4bWxucz0iaHR0cDovL3d3dy53My5vcmcvMjAwMC9zdmciPjwvc3ZnPg==\" style=\"--smush-placeholder-width: 300px; --smush-placeholder-aspect-ratio: 300\/75;\" \/><\/p>\n<h2>Kontakta oss om denna kurs<\/h2>\n<div data-test='contact-form'\n\t\t\tid='contact-form-3485'\n\t\t\tclass='jetpack-contact-form-container '\n\t\t\tdata-wp-interactive='jetpack\/form' data-wp-context='{\"formId\":\"3485\",\"formHash\":\"66ca7c9425143612f9744768cb5680df504cba88\",\"showErrors\":false,\"errors\":[],\"fields\":[],\"isMultiStep\":false,\"useAjax\":true,\"submissionData\":null,\"formattedSubmissionData\":[],\"submissionSuccess\":false,\"submissionError\":null,\"elementId\":\"jp-form-66ca7c9425143612f9744768cb5680df504cba88\",\"isSingleInputForm\":false,\"isForcedHorizontal\":false}'\n\t\t\tdata-wp-watch--scroll-to-wrapper=\"callbacks.scrollToWrapper\"\n\t\t>\n<div class=\"contact-form-submission contact-form-ajax-submission\" data-wp-bind--aria-hidden=\"state.isSuccessMessageAriaHidden\" data-wp-class--submission-success=\"context.submissionSuccess\" id=\"contact-form-success-66ca7c9425143612f9744768cb5680df504cba88\" tabindex=\"-1\" aria-labelledby=\"contact-form-success-header-66ca7c9425143612f9744768cb5680df504cba88\"><p class=\"go-back-message\"><a class=\"link\" role=\"button\" tabindex=\"0\" data-wp-on--click=\"actions.goBack\" href=\"\/index.php\/wp-json\/wp\/v2\/product\/3485\">\u2190 Tillbaka<\/a><\/p><h4 data-wp-bind--aria-hidden=\"state.isSuccessMessageAriaHidden\" id=\"contact-form-success-header-66ca7c9425143612f9744768cb5680df504cba88\">Tack f\u00f6r din respons. \u2728<\/h4>\n\n<template data-wp-each--submission=\"context.formattedSubmissionData\">\n\t\t\t\t\t<div class=\"jetpack_forms_contact-form-success-summary\">\n\t\t\t\t\t\t<div class=\"field-name-wrapper\">\n\t\t\t\t\t\t\t<div class=\"field-type-icon\" data-wp-watch=\"callbacks.watchFieldTypeIcon\"><\/div>\n\t\t\t\t\t\t\t<div class=\"field-name\" data-wp-text=\"context.submission.label\" data-wp-bind--hidden=\"!context.submission.label\"><\/div>\n\t\t\t\t\t\t<\/div>\n\t\t\t\t\t\t<div class=\"field-value\" data-wp-text=\"context.submission.value\" data-wp-bind--hidden=\"!context.submission.showPlainValue\"><\/div>\n\t\t\t\t\t\t<a class=\"field-url\" data-wp-bind--href=\"context.submission.url\" data-wp-text=\"context.submission.value\" data-wp-bind--hidden=\"!context.submission.url\" target=\"_blank\" rel=\"noopener noreferrer\"><\/a>\n\t\t\t\t\t\t<div class=\"field-rating\" data-wp-bind--hidden=\"!context.submission.rating\" data-wp-watch=\"callbacks.watchRatingIcons\"><\/div>\n\t\t\t\t\t\t<div class=\"field-images\" data-wp-bind--hidden=\"!context.submission.images\">\n\t\t\t\t\t\t\t<template data-wp-each--image=\"context.submission.images\">\n\t\t\t\t\t\t\t\t<div class=\"field-image-option\" data-wp-class--is-empty=\"!context.image.src\">\n\t\t\t\t\t\t\t\t\t<figure class=\"field-image-option__image\" data-wp-class--is-empty=\"!context.image.src\">\n\t\t\t\t\t\t\t\t\t\t<img data-wp-bind--src=\"context.image.src\" data-wp-bind--hidden=\"!context.image.src\" \/>\n\t\t\t\t\t\t\t\t\t\t<img decoding=\"async\" src=\"data:image\/gif;base64,R0lGODlhAQABAAD\/ACwAAAAAAQABAAACADs=\" data-wp-bind--hidden=\"context.image.src\" \/>\n\t\t\t\t\t\t\t\t\t<\/figure>\n\t\t\t\t\t\t\t\t\t<div class=\"field-image-option__label-wrapper\">\n\t\t\t\t\t\t\t\t\t\t<span class=\"field-image-option__label-code\" data-wp-text=\"context.image.letterCode\"><\/span>\n\t\t\t\t\t\t\t\t\t\t<span class=\"field-image-option__label\" data-wp-text=\"context.image.label\" data-wp-bind--hidden=\"!context.image.label\"><\/span>\n\t\t\t\t\t\t\t\t\t<\/div>\n\t\t\t\t\t\t\t\t<\/div>\n\t\t\t\t\t\t\t<\/template>\n\t\t\t\t\t\t<\/div>\n\t\t\t\t\t\t<div class=\"field-files\" data-wp-bind--hidden=\"!context.submission.files\">\n\t\t\t\t\t\t\t<template data-wp-each--file=\"context.submission.files\">\n\t\t\t\t\t\t\t\t<div class=\"field-file\">\n\t\t\t\t\t\t\t\t\t<div class=\"field-file__thumbnail\" data-wp-style--background-image=\"context.file.previewUrl\" data-wp-style--mask-image=\"context.file.iconUrl\" data-wp-bind--hidden=\"!context.file.hasPreview\"><\/div>\n\t\t\t\t\t\t\t\t\t<svg class=\"field-file__icon\" data-wp-bind--hidden=\"context.file.hasPreview\" width=\"20\" height=\"20\" viewBox=\"0 0 24 24\" fill=\"none\" xmlns=\"http:\/\/www.w3.org\/2000\/svg\" aria-hidden=\"true\">\n\t\t\t\t\t\t\t\t\t\t<path d=\"M14 2H6C4.9 2 4 2.9 4 4V20C4 21.1 4.89 22 5.99 22H18C19.1 22 20 21.1 20 20V8L14 2ZM18 20H6V4H13V9H18V20Z\" fill=\"currentColor\"\/>\n\t\t\t\t\t\t\t\t\t<\/svg>\n\t\t\t\t\t\t\t\t\t<span class=\"field-file__name\" data-wp-text=\"context.file.name\"><\/span>\n\t\t\t\t\t\t\t\t\t<span class=\"field-file__size\" data-wp-text=\"context.file.size\"><\/span>\n\t\t\t\t\t\t\t\t<\/div>\n\t\t\t\t\t\t\t<\/template>\n\t\t\t\t\t\t<\/div>\n\t\t\t\t\t<\/div>\n\t\t\t\t<\/template><\/div><form action='https:\/\/republify.se\/index.php\/produkt\/z-os-jcl-och-utilities-fran-grunden\/'\n\t\t\t\tid='jp-form-66ca7c9425143612f9744768cb5680df504cba88'\n\t\t\t\tmethod='post'\n\t\t\t\tclass='contact-form commentsblock jetpack-contact-form__form has-no-jetpack-form-layout' aria-label=\"z\/OS JCL och Utilities fr\u00e5n grunden\"\n\t\t\t\tdata-wp-on--submit=\"actions.onFormSubmit\"\n\t\t\t\tdata-wp-on--reset=\"actions.onFormReset\"\n\t\t\t\tdata-wp-class--submission-success=\"context.submissionSuccess\"\n\t\t\t\tdata-wp-class--is-first-step=\"state.isFirstStep\"\n\t\t\t\tdata-wp-class--is-last-step=\"state.isLastStep\"\n\t\t\t\tdata-wp-class--is-ajax-form=\"context.useAjax\"\n\t\t\t\tnovalidate >\n<input type='hidden' name='jetpack_contact_form_jwt' value='eyJ0eXAiOiJKV1QiLCJhbGciOiJIUzI1NiJ9.eyJlbmNyeXB0ZWRfYXR0cmlidXRlcyI6ImtLMDBPNVFPdUEwMXhYYXd2ZjF3VDFCM2k2WDRqREZNd0MwVEpXY1JXQ25vb29rUnFUN1BiUndsdzRLWjd4WlIxQWpXV0NiUGNUeFVVK2wwdTVNeng1R2FwZEZXUmZqNVJtbEtkWUFnUkpCOG03UTFlb3M0VkVXQVlmMjBjM0d6eU1ja3lweVpFVlYwcWI2QXRTR1FPTnJhckhNUzRCQ0JhUmgwUzh6VlVWT3lOU05LdFhSZFpZbEdOVVVPZE9nNXhCN1BEc1Z2MWJLK1hFM2NqWHJCODhPalFYaGZhcDBCN0U1UnQvWHB2S0RkNm0zUmlTbkFMOWhiN0VheWMzZXJKc0YwdkJYRlR3Q0pDdDhZajRWd01Cek5naE5hcEgvbkhNMit4aUlEaHZHT0E5MDh1T2R5ekw5OHl5cVdDZ2VETkk2bDNXMWxqTDhiaTZqTWFJSTRCZEVjYkcwVEN3U3gwc1Q5ZWN3MkYrNVNHbC9hVnlheUZhUXpTU1NQMnhyTnlpRkY1bTNIbEVJZnNkZk85WlhCU0cyWjB5T0ZqcUp6VmdMbmJYUG5TVitDU29DUkNDTFF1dTg3allOajNBRDVjOTl4Z2s1emRCYUxTTG9ZQ3VrMFdSMWZsVDVUMCtwWmlBSXJvUStJTXdpY1AwbThEWGxwQUI5OGdwdDVVaVFaS0RUY3dEV252VDlxbkZyNGhOcXgwa1BZSFhvdjFLaG54TllKdEVwQjdKU1dDVUkzRyt3U3FmRlJOT0Q2VEJnOWhMU1d2bVlkVm96WEpCWVBEYy9lYVpka1lUaVhQbHdUZ1hvOVltL3JIdjJVeXc1NXVTeEM3MThocFNKU2VVQy9kejJFdkh0MVdLM1Q4M2NGQUlzL2JyWVc0ZlViZHYzQ2R4RG5iMkZCUkhkU0JEV3E5UVZ2VEJvM1RvTC9kYVQ0U1d4OEk5bEd3VDNReWJuNzVOaFZEN1ZCK05TNU9SSnpod0twRVNFeGtFbmxjaUpIdHhaWmpJbnUrL3lMY2VjRUYvaHJkOEVzTHQ0TkF0WG9saVF1WE5Bb1ZZTkpKeGp2czN6VjJSR1ZBRU1BNC9sUmFlcElZeW9YYWJxRzBhNTRJRDNVVUpETU9HN21hRHNMUUtML0JLV3lRa2cyL25GZzhPUDNNS3VHS2xqczNFRlg3YUowRlhtRGZlZkJHNHZOTmtKTEZ1WWVBcVBEZFBZMDJPc2xJR1lSTHZkUkF5MDJPRmxLNVlNSG4vTT0iLCJjb250ZW50IjoiW2NvbnRhY3QtZmllbGQgbGFiZWw9XCJOYW1uXCIgdHlwZT1cIm5hbWVcIiByZXF1aXJlZD1cIjFcIl1bY29udGFjdC1maWVsZCBsYWJlbD1cIkUtcG9zdFwiIHR5cGU9XCJlbWFpbFwiIHJlcXVpcmVkPVwiMVwiXVtjb250YWN0LWZpZWxkIGxhYmVsPVwiTWVkZGVsYW5kZVwiIHR5cGU9XCJ0ZXh0YXJlYVwiXSIsImhhc2giOiI2NmNhN2M5NDI1MTQzNjEyZjk3NDQ3NjhjYjU2ODBkZjUwNGNiYTg4Iiwic291cmNlIjp7ImVudHJ5X3RpdGxlIjoiei9PUyBKQ0wgb2NoIFV0aWxpdGllcyBmclx1MDBlNW4gZ3J1bmRlbiIsImVudHJ5X3BhZ2UiOjEsInNvdXJjZV9pZCI6MzQ4NSwic291cmNlX3R5cGUiOiJzaW5nbGUiLCJyZXF1ZXN0X3VybCI6Imh0dHBzOi8vcmVwdWJsaWZ5LnNlL3dwLWpzb24vd3AvdjIvcHJvZHVjdC8zNDg1In0sInZlcnNpb24iOjIsImNpcGhlciI6ImFlcy0yNTYtZ2NtIn0.rIBDcAL1bnYYwRxVKkqahhBlGC5bHboAm_vtZ4FtSTI' \/>\n\n<div style=\"\"  data-wp-interactive=\"jetpack\/form\" data-wp-context='{\"fieldId\":\"g3485-namn\",\"fieldType\":\"name\",\"fieldLabel\":\"Namn\",\"fieldValue\":\"\",\"fieldPlaceholder\":\"\",\"fieldIsRequired\":\"1\",\"fieldErrorMessage\":\"\",\"fieldExtra\":[],\"formHash\":\"66ca7c9425143612f9744768cb5680df504cba88\"}'  class='grunion-field-name-wrap grunion-field-wrap'  data-wp-init='callbacks.initializeField' data-wp-on--jetpack-form-reset='callbacks.initializeField' >\n<label\n\t\t\t\tfor='g3485-namn' class=\"grunion-field-label name\" >Namn<span class=\"grunion-label-required\" aria-hidden=\"true\">(obligatoriskt)<\/span><\/label>\n<input\n\t\t\t\t\ttype='text'\n\t\t\t\t\tname='g3485-namn'\n\t\t\t\t\tid='g3485-namn'\n\t\t\t\t\tvalue=''\n\n\t\t\t\t\tdata-wp-bind--aria-invalid='state.fieldAriaInvalid'\n\t\t\t\t\tdata-wp-bind--value='state.getFieldValue'\n\t\t\t\t\taria-describedby='g3485-namn-text-error-message'\n\t\t\t\t\tdata-wp-on--input='actions.onFieldChange'\n\t\t\t\t\tdata-wp-on--blur='actions.onFieldBlur'\n\t\t\t\t\tdata-wp-class--has-value='state.hasFieldValue'\n\n\t\t\t\t\tclass='name  grunion-field' \n\t\t\t\t\trequired='true' aria-required='true'  \/>\n \n\t\t\t<div id=\"g3485-namn-text-error\" class=\"contact-form__input-error\" data-wp-class--has-errors=\"state.fieldHasErrors\">\n\t\t\t\t<span class=\"contact-form__warning-icon\" aria-hidden=\"true\">\n\t\t\t\t\t<svg width=\"16\" height=\"16\" viewBox=\"0 0 16 16\" fill=\"none\" xmlns=\"http:\/\/www.w3.org\/2000\/svg\">\n\t\t\t\t\t\t<path d=\"M8.50015 11.6402H7.50015V10.6402H8.50015V11.6402Z\" \/>\n\t\t\t\t\t\t<path d=\"M7.50015 9.64018H8.50015V6.30684H7.50015V9.64018Z\" \/>\n\t\t\t\t\t\t<path fill-rule=\"evenodd\" clip-rule=\"evenodd\" d=\"M6.98331 3.0947C7.42933 2.30177 8.57096 2.30177 9.01698 3.09469L13.8771 11.7349C14.3145 12.5126 13.7525 13.4735 12.8602 13.4735H3.14004C2.24774 13.4735 1.68575 12.5126 2.12321 11.7349L6.98331 3.0947ZM8.14541 3.58496C8.08169 3.47168 7.9186 3.47168 7.85488 3.58496L2.99478 12.2251C2.93229 12.3362 3.01257 12.4735 3.14004 12.4735H12.8602C12.9877 12.4735 13.068 12.3362 13.0055 12.2251L8.14541 3.58496Z\" \/>\n\t\t\t\t\t<\/svg>\n\t\t\t\t<\/span>\n\t\t\t\t<span data-wp-text=\"state.errorMessage\" id=\"g3485-namn-text-error-message\"><\/span>\n\t\t\t<\/div> \n\t<\/div>\n\n<div style=\"\"  data-wp-interactive=\"jetpack\/form\" data-wp-context='{\"fieldId\":\"g3485-epost\",\"fieldType\":\"email\",\"fieldLabel\":\"E-post\",\"fieldValue\":\"\",\"fieldPlaceholder\":\"\",\"fieldIsRequired\":\"1\",\"fieldErrorMessage\":\"\",\"fieldExtra\":[],\"formHash\":\"66ca7c9425143612f9744768cb5680df504cba88\"}'  class='grunion-field-email-wrap grunion-field-wrap'  data-wp-init='callbacks.initializeField' data-wp-on--jetpack-form-reset='callbacks.initializeField' >\n<label\n\t\t\t\tfor='g3485-epost' class=\"grunion-field-label email\" >E-post<span class=\"grunion-label-required\" aria-hidden=\"true\">(obligatoriskt)<\/span><\/label>\n<input\n\t\t\t\t\ttype='email'\n\t\t\t\t\tname='g3485-epost'\n\t\t\t\t\tid='g3485-epost'\n\t\t\t\t\tvalue=''\n\n\t\t\t\t\tdata-wp-bind--aria-invalid='state.fieldAriaInvalid'\n\t\t\t\t\tdata-wp-bind--value='state.getFieldValue'\n\t\t\t\t\taria-describedby='g3485-epost-email-error-message'\n\t\t\t\t\tdata-wp-on--input='actions.onFieldChange'\n\t\t\t\t\tdata-wp-on--blur='actions.onFieldBlur'\n\t\t\t\t\tdata-wp-class--has-value='state.hasFieldValue'\n\n\t\t\t\t\tclass='email  grunion-field' \n\t\t\t\t\trequired='true' aria-required='true'  \/>\n \n\t\t\t<div id=\"g3485-epost-email-error\" class=\"contact-form__input-error\" data-wp-class--has-errors=\"state.fieldHasErrors\">\n\t\t\t\t<span class=\"contact-form__warning-icon\" aria-hidden=\"true\">\n\t\t\t\t\t<svg width=\"16\" height=\"16\" viewBox=\"0 0 16 16\" fill=\"none\" xmlns=\"http:\/\/www.w3.org\/2000\/svg\">\n\t\t\t\t\t\t<path d=\"M8.50015 11.6402H7.50015V10.6402H8.50015V11.6402Z\" \/>\n\t\t\t\t\t\t<path d=\"M7.50015 9.64018H8.50015V6.30684H7.50015V9.64018Z\" \/>\n\t\t\t\t\t\t<path fill-rule=\"evenodd\" clip-rule=\"evenodd\" d=\"M6.98331 3.0947C7.42933 2.30177 8.57096 2.30177 9.01698 3.09469L13.8771 11.7349C14.3145 12.5126 13.7525 13.4735 12.8602 13.4735H3.14004C2.24774 13.4735 1.68575 12.5126 2.12321 11.7349L6.98331 3.0947ZM8.14541 3.58496C8.08169 3.47168 7.9186 3.47168 7.85488 3.58496L2.99478 12.2251C2.93229 12.3362 3.01257 12.4735 3.14004 12.4735H12.8602C12.9877 12.4735 13.068 12.3362 13.0055 12.2251L8.14541 3.58496Z\" \/>\n\t\t\t\t\t<\/svg>\n\t\t\t\t<\/span>\n\t\t\t\t<span data-wp-text=\"state.errorMessage\" id=\"g3485-epost-email-error-message\"><\/span>\n\t\t\t<\/div> \n\t<\/div>\n\n<div style=\"\"  data-wp-interactive=\"jetpack\/form\" data-wp-context='{\"fieldId\":\"g3485-meddelande\",\"fieldType\":\"textarea\",\"fieldLabel\":\"Meddelande\",\"fieldValue\":\"\",\"fieldPlaceholder\":\"\",\"fieldIsRequired\":\"\",\"fieldErrorMessage\":\"\",\"fieldExtra\":[],\"formHash\":\"66ca7c9425143612f9744768cb5680df504cba88\"}'  class='grunion-field-textarea-wrap grunion-field-wrap'  data-wp-init='callbacks.initializeField' data-wp-on--jetpack-form-reset='callbacks.initializeField' >\n<label\n\t\t\t\tfor='contact-form-comment-g3485-meddelande' class=\"grunion-field-label textarea\" >Meddelande<\/label>\n<textarea\n\t\t                style=''\n\t\t                name='g3485-meddelande'\n\t\t                id='contact-form-comment-g3485-meddelande'\n\t\t                rows='20'\n\t\t\t\t\t\tdata-wp-text='state.getFieldValue'\n\t\t\t\t\t\tdata-wp-on--input='actions.onFieldChange'\n\t\t\t\t\t\tdata-wp-on--blur='actions.onFieldBlur'\n\t\t\t\t\t\tdata-wp-class--has-value='state.hasFieldValue'\n\t\t\t\t\t\taria-describedby='g3485-meddelande-textarea-error-message'\n\t\t\t\t\t\tdata-wp-bind--aria-invalid='state.fieldAriaInvalid'\n\t\t\t\t\t\tclass='textarea  grunion-field'  ><\/textarea>\n \n\t\t\t<div id=\"g3485-meddelande-textarea-error\" class=\"contact-form__input-error\" data-wp-class--has-errors=\"state.fieldHasErrors\">\n\t\t\t\t<span class=\"contact-form__warning-icon\" aria-hidden=\"true\">\n\t\t\t\t\t<svg width=\"16\" height=\"16\" viewBox=\"0 0 16 16\" fill=\"none\" xmlns=\"http:\/\/www.w3.org\/2000\/svg\">\n\t\t\t\t\t\t<path d=\"M8.50015 11.6402H7.50015V10.6402H8.50015V11.6402Z\" \/>\n\t\t\t\t\t\t<path d=\"M7.50015 9.64018H8.50015V6.30684H7.50015V9.64018Z\" \/>\n\t\t\t\t\t\t<path fill-rule=\"evenodd\" clip-rule=\"evenodd\" d=\"M6.98331 3.0947C7.42933 2.30177 8.57096 2.30177 9.01698 3.09469L13.8771 11.7349C14.3145 12.5126 13.7525 13.4735 12.8602 13.4735H3.14004C2.24774 13.4735 1.68575 12.5126 2.12321 11.7349L6.98331 3.0947ZM8.14541 3.58496C8.08169 3.47168 7.9186 3.47168 7.85488 3.58496L2.99478 12.2251C2.93229 12.3362 3.01257 12.4735 3.14004 12.4735H12.8602C12.9877 12.4735 13.068 12.3362 13.0055 12.2251L8.14541 3.58496Z\" \/>\n\t\t\t\t\t<\/svg>\n\t\t\t\t<\/span>\n\t\t\t\t<span data-wp-text=\"state.errorMessage\" id=\"g3485-meddelande-textarea-error-message\"><\/span>\n\t\t\t<\/div>\n\t<\/div>\n\t<p class='contact-submit'>\n<div class=\"contact-form__error\" data-wp-class--show-errors=\"state.showFormErrors\"><span class=\"contact-form__warning-icon\" aria-hidden=\"true\"><i><\/i><\/span><span class=\"contact-form__error-message\" tabindex=\"-1\" data-wp-watch=\"callbacks.focusOnValidationError\" data-wp-text=\"state.getFormErrorMessage\"><\/span><ul aria-label=\"Formul\u00e4rfel\">\n\t\t\t\t<template data-wp-each=\"state.getErrorList\" data-wp-key=\"context.item.id\">\n\t\t\t\t\t<li><a data-wp-bind--href=\"context.item.anchor\" data-wp-on--click=\"actions.scrollIntoView\" data-wp-text=\"context.item.label\"><\/a><\/li>\n\t\t\t\t<\/template>\n\t\t\t\t<\/ul><\/div><div class=\"contact-form__error\" data-wp-class--show-errors=\"state.showSubmissionError\" data-wp-text=\"context.submissionError\" tabindex=\"-1\" data-wp-watch=\"callbacks.focusOnSubmissionError\"><\/div>\t\t<button type='submit' class='pushbutton-wide'>Skicka<\/button>\t\t<input type='hidden' name='contact-form-id' value='3485' \/>\n\t\t<input type='hidden' name='action' value='grunion-contact-form' \/>\n\t\t<input type='hidden' name='contact-form-hash' value='66ca7c9425143612f9744768cb5680df504cba88' \/>\n\t<\/p>\n<\/form>\n<\/div>\n","protected":false},"excerpt":{"rendered":"<p><strong>Syftet med denna utbildningar \u00e4r att l\u00e4ra dig skriva och anv\u00e4nds JCL f\u00f6r att exekvera olika typer av program, kunna g\u00f6ra olika databeskrivningar med JCL, kunna skriva egna procedurer som anv\u00e4nder parametrar, k\u00e4nna till och kunna anv\u00e4nda vissa grundl\u00e4ggande Utilityprogram.<\/strong><\/p>\n<p>Kursen v\u00e4nder sig till alla som beh\u00f6ver l\u00e4ra sig anv\u00e4nda JCL, JCL-procedurer och Utilities, t.ex. programmerare, system\u00f6vervakare samt systemtekniker.<\/p>\n","protected":false},"featured_media":3480,"comment_status":"open","ping_status":"closed","template":"","meta":{"wds_primary_product_brand":0,"wds_primary_product_cat":0},"product_brand":[],"product_cat":[96,29],"product_tag":[],"class_list":{"0":"post-3485","1":"product","2":"type-product","3":"status-publish","4":"has-post-thumbnail","6":"product_cat-cobol","7":"product_cat-technical","9":"first","10":"instock","11":"taxable","12":"shipping-taxable","13":"product-type-simple"},"jetpack_sharing_enabled":true,"_links":{"self":[{"href":"https:\/\/republify.se\/index.php\/wp-json\/wp\/v2\/product\/3485","targetHints":{"allow":["GET"]}}],"collection":[{"href":"https:\/\/republify.se\/index.php\/wp-json\/wp\/v2\/product"}],"about":[{"href":"https:\/\/republify.se\/index.php\/wp-json\/wp\/v2\/types\/product"}],"replies":[{"embeddable":true,"href":"https:\/\/republify.se\/index.php\/wp-json\/wp\/v2\/comments?post=3485"}],"wp:featuredmedia":[{"embeddable":true,"href":"https:\/\/republify.se\/index.php\/wp-json\/wp\/v2\/media\/3480"}],"wp:attachment":[{"href":"https:\/\/republify.se\/index.php\/wp-json\/wp\/v2\/media?parent=3485"}],"wp:term":[{"taxonomy":"product_brand","embeddable":true,"href":"https:\/\/republify.se\/index.php\/wp-json\/wp\/v2\/product_brand?post=3485"},{"taxonomy":"product_cat","embeddable":true,"href":"https:\/\/republify.se\/index.php\/wp-json\/wp\/v2\/product_cat?post=3485"},{"taxonomy":"product_tag","embeddable":true,"href":"https:\/\/republify.se\/index.php\/wp-json\/wp\/v2\/product_tag?post=3485"}],"curies":[{"name":"wp","href":"https:\/\/api.w.org\/{rel}","templated":true}]}}