{"id":3292,"date":"2022-03-30T14:07:11","date_gmt":"2022-03-30T13:07:11","guid":{"rendered":"https:\/\/republify.se\/?post_type=product&#038;p=3292"},"modified":"2025-11-21T08:34:44","modified_gmt":"2025-11-21T07:34:44","slug":"projektledning-pabyggnad-forandringsledning","status":"publish","type":"product","link":"https:\/\/republify.se\/index.php\/produkt\/projektledning-pabyggnad-forandringsledning\/","title":{"rendered":"Projektledning p\u00e5byggnad &#8211; F\u00f6r\u00e4ndringsledning"},"content":{"rendered":"<p>Kursen tar upp v\u00e5ra drivkrafter och motivation \u2013 grundelement i en lyckad f\u00f6r\u00e4ndring. Teoriavsnitt varvas med praktiska \u00f6vningar h\u00e4mtade fr\u00e5n verkligheten. N\u00e4r du g\u00e5tt kursen har du f\u00e5tt en grundstruktur att arbeta vidare med i din organisations f\u00f6r\u00e4ndringsarbete.<\/p>\n<p><strong>M\u00e5l\u00adgrupp<\/strong><\/p>\n<p>Projektledare<\/p>\n<p>F\u00f6r\u00e4ndringsledare<\/p>\n<p>Du som jobbar med f\u00f6r\u00e4ndringsarbete i en organisation<\/p>\n<ul>\n<li>Chefer och ledare med personalansvar och ansvar f\u00f6r att f\u00f6r\u00e4ndra\/f\u00f6rb\u00e4ttra sin verksamhet samt f\u00f6r\u00e4ndringsledare.<\/li>\n<li>Program- och projektledare<\/li>\n<li>Produkt\u00e4gare och ansvariga f\u00f6r aff\u00e4rsutveckling<\/li>\n<li>Portf\u00f6lj\u00e4gare, projektkontor och process\u00e4gare<\/li>\n<\/ul>\n<p>&nbsp;<\/p>\n<p><strong>F\u00f6r\u00adkun\u00adska\u00adper<\/strong><\/p>\n<p>Alla \u00e4r v\u00e4lkomna att delta p\u00e5 kursen, oberoende av erfarenheter, men f\u00f6ljande f\u00f6ruts\u00e4ttningar skapar en god grund f\u00f6r l\u00e4rande:<\/p>\n<ul>\n<li>Erfarenhet av projektarbete<\/li>\n<li>Erfarenhet som ledare, antingen med eller utan direkt personalansvar<\/li>\n<li>Intresse f\u00f6r m\u00e4nniskan och det m\u00e4nskliga perspektivet f\u00f6r att uppn\u00e5 verksamhetsnytta effektivt<\/li>\n<li>Intresse f\u00f6r coachande ledarskap<\/li>\n<\/ul>\n<p>&nbsp;<\/p>\n<p><strong>M\u00e5l<\/strong><\/p>\n<ul>\n<li>Vad m\u00e4nniskor beh\u00f6ver i en f\u00f6r\u00e4ndring samt hur och vem som kommunicerar b\u00e4st<\/li>\n<li>Hur du kan f\u00f6rebygga och hantera motst\u00e5nd<\/li>\n<li>Det m\u00e4nskliga perspektivet f\u00f6r att f\u00f6rst\u00e5 vad det inneb\u00e4r och varf\u00f6r det spelar roll<\/li>\n<li>Hur du kan st\u00f6tta medarbetarnas motivation och kraft i f\u00f6r\u00e4ndringsarbetet<\/li>\n<\/ul>\n<p>&nbsp;<\/p>\n<p>&nbsp;<\/p>\n<h3>Kursen levereras i samarbete med<\/h3>\n<p><img decoding=\"async\" class=\"alignnone size-medium wp-image-3305 lazyload\" data-src=\"https:\/\/republify.se\/wp-content\/uploads\/2022\/03\/ellgiza-1-300x110.png\" alt=\"\" width=\"300\" height=\"110\" data-srcset=\"https:\/\/republify.se\/wp-content\/uploads\/2022\/03\/ellgiza-1-300x110.png 300w, https:\/\/republify.se\/wp-content\/uploads\/2022\/03\/ellgiza-1-600x220.png 600w, https:\/\/republify.se\/wp-content\/uploads\/2022\/03\/ellgiza-1.png 729w\" data-sizes=\"(max-width: 300px) 100vw, 300px\" src=\"data:image\/svg+xml;base64,PHN2ZyB3aWR0aD0iMSIgaGVpZ2h0PSIxIiB4bWxucz0iaHR0cDovL3d3dy53My5vcmcvMjAwMC9zdmciPjwvc3ZnPg==\" style=\"--smush-placeholder-width: 300px; --smush-placeholder-aspect-ratio: 300\/110;\" \/><\/p>\n<h2>Kontakta oss om denna kurs<\/h2>\n<div data-test='contact-form'\n\t\t\tid='contact-form-3292'\n\t\t\tclass='jetpack-contact-form-container '\n\t\t\tdata-wp-interactive='jetpack\/form' data-wp-context='{\"formId\":\"3292\",\"formHash\":\"bbf07eb0452157a9131f5cdf7ecacc9e1e5e47f7\",\"showErrors\":false,\"errors\":[],\"fields\":[],\"isMultiStep\":false,\"useAjax\":true,\"submissionData\":null,\"formattedSubmissionData\":[],\"submissionSuccess\":false,\"submissionError\":null,\"elementId\":\"jp-form-bbf07eb0452157a9131f5cdf7ecacc9e1e5e47f7\",\"isSingleInputForm\":false,\"isForcedHorizontal\":false}'\n\t\t\tdata-wp-watch--scroll-to-wrapper=\"callbacks.scrollToWrapper\"\n\t\t>\n<div class=\"contact-form-submission contact-form-ajax-submission\" data-wp-bind--aria-hidden=\"state.isSuccessMessageAriaHidden\" data-wp-class--submission-success=\"context.submissionSuccess\" id=\"contact-form-success-bbf07eb0452157a9131f5cdf7ecacc9e1e5e47f7\" tabindex=\"-1\" aria-labelledby=\"contact-form-success-header-bbf07eb0452157a9131f5cdf7ecacc9e1e5e47f7\"><p class=\"go-back-message\"><a class=\"link\" role=\"button\" tabindex=\"0\" data-wp-on--click=\"actions.goBack\" href=\"\/index.php\/wp-json\/wp\/v2\/product\/3292\">\u2190 Tillbaka<\/a><\/p><h4 data-wp-bind--aria-hidden=\"state.isSuccessMessageAriaHidden\" id=\"contact-form-success-header-bbf07eb0452157a9131f5cdf7ecacc9e1e5e47f7\">Tack f\u00f6r din respons. \u2728<\/h4>\n\n<template data-wp-each--submission=\"context.formattedSubmissionData\">\n\t\t\t\t\t<div class=\"jetpack_forms_contact-form-success-summary\">\n\t\t\t\t\t\t<div class=\"field-name-wrapper\">\n\t\t\t\t\t\t\t<div class=\"field-type-icon\" data-wp-watch=\"callbacks.watchFieldTypeIcon\"><\/div>\n\t\t\t\t\t\t\t<div class=\"field-name\" data-wp-text=\"context.submission.label\" data-wp-bind--hidden=\"!context.submission.label\"><\/div>\n\t\t\t\t\t\t<\/div>\n\t\t\t\t\t\t<div class=\"field-value\" data-wp-text=\"context.submission.value\" data-wp-bind--hidden=\"!context.submission.showPlainValue\"><\/div>\n\t\t\t\t\t\t<a class=\"field-url\" data-wp-bind--href=\"context.submission.url\" data-wp-text=\"context.submission.value\" data-wp-bind--hidden=\"!context.submission.url\" target=\"_blank\" rel=\"noopener noreferrer\"><\/a>\n\t\t\t\t\t\t<div class=\"field-rating\" data-wp-bind--hidden=\"!context.submission.rating\" data-wp-watch=\"callbacks.watchRatingIcons\"><\/div>\n\t\t\t\t\t\t<div class=\"field-images\" data-wp-bind--hidden=\"!context.submission.images\">\n\t\t\t\t\t\t\t<template data-wp-each--image=\"context.submission.images\">\n\t\t\t\t\t\t\t\t<div class=\"field-image-option\" data-wp-class--is-empty=\"!context.image.src\">\n\t\t\t\t\t\t\t\t\t<figure class=\"field-image-option__image\" data-wp-class--is-empty=\"!context.image.src\">\n\t\t\t\t\t\t\t\t\t\t<img data-wp-bind--src=\"context.image.src\" data-wp-bind--hidden=\"!context.image.src\" \/>\n\t\t\t\t\t\t\t\t\t\t<img decoding=\"async\" src=\"data:image\/gif;base64,R0lGODlhAQABAAD\/ACwAAAAAAQABAAACADs=\" data-wp-bind--hidden=\"context.image.src\" \/>\n\t\t\t\t\t\t\t\t\t<\/figure>\n\t\t\t\t\t\t\t\t\t<div class=\"field-image-option__label-wrapper\">\n\t\t\t\t\t\t\t\t\t\t<span class=\"field-image-option__label-code\" data-wp-text=\"context.image.letterCode\"><\/span>\n\t\t\t\t\t\t\t\t\t\t<span class=\"field-image-option__label\" data-wp-text=\"context.image.label\" data-wp-bind--hidden=\"!context.image.label\"><\/span>\n\t\t\t\t\t\t\t\t\t<\/div>\n\t\t\t\t\t\t\t\t<\/div>\n\t\t\t\t\t\t\t<\/template>\n\t\t\t\t\t\t<\/div>\n\t\t\t\t\t\t<div class=\"field-files\" data-wp-bind--hidden=\"!context.submission.files\">\n\t\t\t\t\t\t\t<template data-wp-each--file=\"context.submission.files\">\n\t\t\t\t\t\t\t\t<div class=\"field-file\">\n\t\t\t\t\t\t\t\t\t<div class=\"field-file__thumbnail\" data-wp-style--background-image=\"context.file.previewUrl\" data-wp-style--mask-image=\"context.file.iconUrl\" data-wp-bind--hidden=\"!context.file.hasPreview\"><\/div>\n\t\t\t\t\t\t\t\t\t<svg class=\"field-file__icon\" data-wp-bind--hidden=\"context.file.hasPreview\" width=\"20\" height=\"20\" viewBox=\"0 0 24 24\" fill=\"none\" xmlns=\"http:\/\/www.w3.org\/2000\/svg\" aria-hidden=\"true\">\n\t\t\t\t\t\t\t\t\t\t<path d=\"M14 2H6C4.9 2 4 2.9 4 4V20C4 21.1 4.89 22 5.99 22H18C19.1 22 20 21.1 20 20V8L14 2ZM18 20H6V4H13V9H18V20Z\" fill=\"currentColor\"\/>\n\t\t\t\t\t\t\t\t\t<\/svg>\n\t\t\t\t\t\t\t\t\t<span class=\"field-file__name\" data-wp-text=\"context.file.name\"><\/span>\n\t\t\t\t\t\t\t\t\t<span class=\"field-file__size\" data-wp-text=\"context.file.size\"><\/span>\n\t\t\t\t\t\t\t\t<\/div>\n\t\t\t\t\t\t\t<\/template>\n\t\t\t\t\t\t<\/div>\n\t\t\t\t\t<\/div>\n\t\t\t\t<\/template><\/div><form action='https:\/\/republify.se\/index.php\/produkt\/projektledning-pabyggnad-forandringsledning\/'\n\t\t\t\tid='jp-form-bbf07eb0452157a9131f5cdf7ecacc9e1e5e47f7'\n\t\t\t\tmethod='post'\n\t\t\t\tclass='contact-form commentsblock jetpack-contact-form__form has-no-jetpack-form-layout' aria-label=\"Projektledning p\u00e5byggnad - F\u00f6r\u00e4ndringsledning\"\n\t\t\t\tdata-wp-on--submit=\"actions.onFormSubmit\"\n\t\t\t\tdata-wp-on--reset=\"actions.onFormReset\"\n\t\t\t\tdata-wp-class--submission-success=\"context.submissionSuccess\"\n\t\t\t\tdata-wp-class--is-first-step=\"state.isFirstStep\"\n\t\t\t\tdata-wp-class--is-last-step=\"state.isLastStep\"\n\t\t\t\tdata-wp-class--is-ajax-form=\"context.useAjax\"\n\t\t\t\tnovalidate >\n<input type='hidden' name='jetpack_contact_form_jwt' value='eyJ0eXAiOiJKV1QiLCJhbGciOiJIUzI1NiJ9.eyJlbmNyeXB0ZWRfYXR0cmlidXRlcyI6ImQvMy9yVDExenFpbkFLVzArZnFnSjJGZUUxR20wamhseUZUSlB3TS9sYjBsWHJ1TUorblVjd1VFTjhLcTJMRVJrWVpyNnhUSmhleVJIVkhjcTk2NU84emtoK21rUFM0N1hOTkJLaGFGK3hpTDNEWXpScHU3K3FpaUtWQ0pXN0RCVDZpcmtRSnNuay9pSm45UDFTQUNWR1BwT29pSC9LWWRBNVZRTmJkTG1XZ1VIdzdGRjIzSzBSWmVIT3VZYnpaUGdDLzVuc3Z1K2I1VVprS2pna0VUWnozdTlObWVEVko2cEtIVDBJOXgwY0VEQlQ5QTVJZmFaSTdORXdla1UvbW1ReWlzbGxkYWE1ektnbklhMzU2N0t5WXloL0RocFZtSDB6eGhXd1VFa25MMGNwVXc0WkZjTVRXRjBDVVU2aXUwUnF2MmYrL01xb1E0aGlZODFJY01FTDl6Nld5R0ZYS2xkS0w2ZC9WVXhRU2N0d2VXV0hHUXkxMElxSXk4VDZURGlhRXhxSW43MUxNbFdkeExJYnZqWTVNdit3cU5kL0NpY2syUEx4bzl3YnZhakE3UGFkQzdFc0dLWkZRWmk5RjdhRWcwejE4dlBkUmVhN1llLzUyMzVTaTNLOFV2dkladWZORWhFNUIxcEJTaWR1bU5HdFFEMkpONGFFbXFickJsUC9sT0pqMVJXbmwyV05HVGZZZWlTdnFhME5FMFFPbzBvT1hWUnQxQm8rZm5aYjdjbHBhRk9lUHp5RXlmWUVHQWZpbWlpNkh4ZzVyV1NoTlRkbkI5MndFMTk0VituN2ErVjRpT0UrMGdRb013amc2TlRpTlBzQUE0M2IzaXFrejlueHB6TTQra3BwWUdhQnhwN3VQbnI3bWpaOStNbndseUpBYnVlN1l5Z2dNWXNoMlNjTHZhWFB5d1pMcDNLSGJSYzgzc0trc2pKUlBrdER6ZVRKZlY4YkMzRkM3UHdPMFhRQjNuQzZLWVNMQWhFNm04VUt2a21ab3YzekF0cUdMUnVTVDEwaW9TcVRaSU1zN3RnaVBlU1ZjYkpmMk8zQ0tWQlJVa0FUckMrSEV6djlFNjJTVVNhcno3WmF2OUVEcE1MRlpEdzJpU3BtZldSNmIweHlUVVVSRjlYVUY5TU5wM25KUVJ3cmVqcU1FeWZGQ0pNR01aOGxPd2pyQ1BFcVE2Y1Uyc2ZSUTYrT0ZRNDZ6MldHNzU3ODVKaUlCTU5TQVRHVkR5UnpmNGoybz0iLCJjb250ZW50IjoiW2NvbnRhY3QtZmllbGQgbGFiZWw9XCJOYW1uXCIgdHlwZT1cIm5hbWVcIiByZXF1aXJlZD1cIjFcIl1bY29udGFjdC1maWVsZCBsYWJlbD1cIkUtcG9zdFwiIHR5cGU9XCJlbWFpbFwiIHJlcXVpcmVkPVwiMVwiXVtjb250YWN0LWZpZWxkIGxhYmVsPVwiTWVkZGVsYW5kZVwiIHR5cGU9XCJ0ZXh0YXJlYVwiXSIsImhhc2giOiJiYmYwN2ViMDQ1MjE1N2E5MTMxZjVjZGY3ZWNhY2M5ZTFlNWU0N2Y3Iiwic291cmNlIjp7ImVudHJ5X3RpdGxlIjoiUHJvamVrdGxlZG5pbmcgcFx1MDBlNWJ5Z2duYWQgXHUyMDEzIEZcdTAwZjZyXHUwMGU0bmRyaW5nc2xlZG5pbmciLCJlbnRyeV9wYWdlIjoxLCJzb3VyY2VfaWQiOjMyOTIsInNvdXJjZV90eXBlIjoic2luZ2xlIiwicmVxdWVzdF91cmwiOiJodHRwczovL3JlcHVibGlmeS5zZS93cC1qc29uL3dwL3YyL3Byb2R1Y3QvMzI5MiJ9LCJ2ZXJzaW9uIjoyLCJjaXBoZXIiOiJhZXMtMjU2LWdjbSJ9.ocKyofp9O999RCEsRL2Ze4GguzHwhv7LvVLrXdNWF04' \/>\n\n<div style=\"\"  data-wp-interactive=\"jetpack\/form\" data-wp-context='{\"fieldId\":\"g3292-namn\",\"fieldType\":\"name\",\"fieldLabel\":\"Namn\",\"fieldValue\":\"\",\"fieldPlaceholder\":\"\",\"fieldIsRequired\":\"1\",\"fieldErrorMessage\":\"\",\"fieldExtra\":[],\"formHash\":\"bbf07eb0452157a9131f5cdf7ecacc9e1e5e47f7\"}'  class='grunion-field-name-wrap grunion-field-wrap'  data-wp-init='callbacks.initializeField' data-wp-on--jetpack-form-reset='callbacks.initializeField' >\n<label\n\t\t\t\tfor='g3292-namn' class=\"grunion-field-label name\" >Namn<span class=\"grunion-label-required\" aria-hidden=\"true\">(obligatoriskt)<\/span><\/label>\n<input\n\t\t\t\t\ttype='text'\n\t\t\t\t\tname='g3292-namn'\n\t\t\t\t\tid='g3292-namn'\n\t\t\t\t\tvalue=''\n\n\t\t\t\t\tdata-wp-bind--aria-invalid='state.fieldAriaInvalid'\n\t\t\t\t\tdata-wp-bind--value='state.getFieldValue'\n\t\t\t\t\taria-describedby='g3292-namn-text-error-message'\n\t\t\t\t\tdata-wp-on--input='actions.onFieldChange'\n\t\t\t\t\tdata-wp-on--blur='actions.onFieldBlur'\n\t\t\t\t\tdata-wp-class--has-value='state.hasFieldValue'\n\n\t\t\t\t\tclass='name  grunion-field' \n\t\t\t\t\trequired='true' aria-required='true'  \/>\n \n\t\t\t<div id=\"g3292-namn-text-error\" class=\"contact-form__input-error\" data-wp-class--has-errors=\"state.fieldHasErrors\">\n\t\t\t\t<span class=\"contact-form__warning-icon\" aria-hidden=\"true\">\n\t\t\t\t\t<svg width=\"16\" height=\"16\" viewBox=\"0 0 16 16\" fill=\"none\" xmlns=\"http:\/\/www.w3.org\/2000\/svg\">\n\t\t\t\t\t\t<path d=\"M8.50015 11.6402H7.50015V10.6402H8.50015V11.6402Z\" \/>\n\t\t\t\t\t\t<path d=\"M7.50015 9.64018H8.50015V6.30684H7.50015V9.64018Z\" \/>\n\t\t\t\t\t\t<path fill-rule=\"evenodd\" clip-rule=\"evenodd\" d=\"M6.98331 3.0947C7.42933 2.30177 8.57096 2.30177 9.01698 3.09469L13.8771 11.7349C14.3145 12.5126 13.7525 13.4735 12.8602 13.4735H3.14004C2.24774 13.4735 1.68575 12.5126 2.12321 11.7349L6.98331 3.0947ZM8.14541 3.58496C8.08169 3.47168 7.9186 3.47168 7.85488 3.58496L2.99478 12.2251C2.93229 12.3362 3.01257 12.4735 3.14004 12.4735H12.8602C12.9877 12.4735 13.068 12.3362 13.0055 12.2251L8.14541 3.58496Z\" \/>\n\t\t\t\t\t<\/svg>\n\t\t\t\t<\/span>\n\t\t\t\t<span data-wp-text=\"state.errorMessage\" id=\"g3292-namn-text-error-message\"><\/span>\n\t\t\t<\/div> \n\t<\/div>\n\n<div style=\"\"  data-wp-interactive=\"jetpack\/form\" data-wp-context='{\"fieldId\":\"g3292-epost\",\"fieldType\":\"email\",\"fieldLabel\":\"E-post\",\"fieldValue\":\"\",\"fieldPlaceholder\":\"\",\"fieldIsRequired\":\"1\",\"fieldErrorMessage\":\"\",\"fieldExtra\":[],\"formHash\":\"bbf07eb0452157a9131f5cdf7ecacc9e1e5e47f7\"}'  class='grunion-field-email-wrap grunion-field-wrap'  data-wp-init='callbacks.initializeField' data-wp-on--jetpack-form-reset='callbacks.initializeField' >\n<label\n\t\t\t\tfor='g3292-epost' class=\"grunion-field-label email\" >E-post<span class=\"grunion-label-required\" aria-hidden=\"true\">(obligatoriskt)<\/span><\/label>\n<input\n\t\t\t\t\ttype='email'\n\t\t\t\t\tname='g3292-epost'\n\t\t\t\t\tid='g3292-epost'\n\t\t\t\t\tvalue=''\n\n\t\t\t\t\tdata-wp-bind--aria-invalid='state.fieldAriaInvalid'\n\t\t\t\t\tdata-wp-bind--value='state.getFieldValue'\n\t\t\t\t\taria-describedby='g3292-epost-email-error-message'\n\t\t\t\t\tdata-wp-on--input='actions.onFieldChange'\n\t\t\t\t\tdata-wp-on--blur='actions.onFieldBlur'\n\t\t\t\t\tdata-wp-class--has-value='state.hasFieldValue'\n\n\t\t\t\t\tclass='email  grunion-field' \n\t\t\t\t\trequired='true' aria-required='true'  \/>\n \n\t\t\t<div id=\"g3292-epost-email-error\" class=\"contact-form__input-error\" data-wp-class--has-errors=\"state.fieldHasErrors\">\n\t\t\t\t<span class=\"contact-form__warning-icon\" aria-hidden=\"true\">\n\t\t\t\t\t<svg width=\"16\" height=\"16\" viewBox=\"0 0 16 16\" fill=\"none\" xmlns=\"http:\/\/www.w3.org\/2000\/svg\">\n\t\t\t\t\t\t<path d=\"M8.50015 11.6402H7.50015V10.6402H8.50015V11.6402Z\" \/>\n\t\t\t\t\t\t<path d=\"M7.50015 9.64018H8.50015V6.30684H7.50015V9.64018Z\" \/>\n\t\t\t\t\t\t<path fill-rule=\"evenodd\" clip-rule=\"evenodd\" d=\"M6.98331 3.0947C7.42933 2.30177 8.57096 2.30177 9.01698 3.09469L13.8771 11.7349C14.3145 12.5126 13.7525 13.4735 12.8602 13.4735H3.14004C2.24774 13.4735 1.68575 12.5126 2.12321 11.7349L6.98331 3.0947ZM8.14541 3.58496C8.08169 3.47168 7.9186 3.47168 7.85488 3.58496L2.99478 12.2251C2.93229 12.3362 3.01257 12.4735 3.14004 12.4735H12.8602C12.9877 12.4735 13.068 12.3362 13.0055 12.2251L8.14541 3.58496Z\" \/>\n\t\t\t\t\t<\/svg>\n\t\t\t\t<\/span>\n\t\t\t\t<span data-wp-text=\"state.errorMessage\" id=\"g3292-epost-email-error-message\"><\/span>\n\t\t\t<\/div> \n\t<\/div>\n\n<div style=\"\"  data-wp-interactive=\"jetpack\/form\" data-wp-context='{\"fieldId\":\"g3292-meddelande\",\"fieldType\":\"textarea\",\"fieldLabel\":\"Meddelande\",\"fieldValue\":\"\",\"fieldPlaceholder\":\"\",\"fieldIsRequired\":\"\",\"fieldErrorMessage\":\"\",\"fieldExtra\":[],\"formHash\":\"bbf07eb0452157a9131f5cdf7ecacc9e1e5e47f7\"}'  class='grunion-field-textarea-wrap grunion-field-wrap'  data-wp-init='callbacks.initializeField' data-wp-on--jetpack-form-reset='callbacks.initializeField' >\n<label\n\t\t\t\tfor='contact-form-comment-g3292-meddelande' class=\"grunion-field-label textarea\" >Meddelande<\/label>\n<textarea\n\t\t                style=''\n\t\t                name='g3292-meddelande'\n\t\t                id='contact-form-comment-g3292-meddelande'\n\t\t                rows='20'\n\t\t\t\t\t\tdata-wp-text='state.getFieldValue'\n\t\t\t\t\t\tdata-wp-on--input='actions.onFieldChange'\n\t\t\t\t\t\tdata-wp-on--blur='actions.onFieldBlur'\n\t\t\t\t\t\tdata-wp-class--has-value='state.hasFieldValue'\n\t\t\t\t\t\taria-describedby='g3292-meddelande-textarea-error-message'\n\t\t\t\t\t\tdata-wp-bind--aria-invalid='state.fieldAriaInvalid'\n\t\t\t\t\t\tclass='textarea  grunion-field'  ><\/textarea>\n \n\t\t\t<div id=\"g3292-meddelande-textarea-error\" class=\"contact-form__input-error\" data-wp-class--has-errors=\"state.fieldHasErrors\">\n\t\t\t\t<span class=\"contact-form__warning-icon\" aria-hidden=\"true\">\n\t\t\t\t\t<svg width=\"16\" height=\"16\" viewBox=\"0 0 16 16\" fill=\"none\" xmlns=\"http:\/\/www.w3.org\/2000\/svg\">\n\t\t\t\t\t\t<path d=\"M8.50015 11.6402H7.50015V10.6402H8.50015V11.6402Z\" \/>\n\t\t\t\t\t\t<path d=\"M7.50015 9.64018H8.50015V6.30684H7.50015V9.64018Z\" \/>\n\t\t\t\t\t\t<path fill-rule=\"evenodd\" clip-rule=\"evenodd\" d=\"M6.98331 3.0947C7.42933 2.30177 8.57096 2.30177 9.01698 3.09469L13.8771 11.7349C14.3145 12.5126 13.7525 13.4735 12.8602 13.4735H3.14004C2.24774 13.4735 1.68575 12.5126 2.12321 11.7349L6.98331 3.0947ZM8.14541 3.58496C8.08169 3.47168 7.9186 3.47168 7.85488 3.58496L2.99478 12.2251C2.93229 12.3362 3.01257 12.4735 3.14004 12.4735H12.8602C12.9877 12.4735 13.068 12.3362 13.0055 12.2251L8.14541 3.58496Z\" \/>\n\t\t\t\t\t<\/svg>\n\t\t\t\t<\/span>\n\t\t\t\t<span data-wp-text=\"state.errorMessage\" id=\"g3292-meddelande-textarea-error-message\"><\/span>\n\t\t\t<\/div>\n\t<\/div>\n\t<p class='contact-submit'>\n<div class=\"contact-form__error\" data-wp-class--show-errors=\"state.showFormErrors\"><span class=\"contact-form__warning-icon\" aria-hidden=\"true\"><i><\/i><\/span><span class=\"contact-form__error-message\" tabindex=\"-1\" data-wp-watch=\"callbacks.focusOnValidationError\" data-wp-text=\"state.getFormErrorMessage\"><\/span><ul aria-label=\"Formul\u00e4rfel\">\n\t\t\t\t<template data-wp-each=\"state.getErrorList\" data-wp-key=\"context.item.id\">\n\t\t\t\t\t<li><a data-wp-bind--href=\"context.item.anchor\" data-wp-on--click=\"actions.scrollIntoView\" data-wp-text=\"context.item.label\"><\/a><\/li>\n\t\t\t\t<\/template>\n\t\t\t\t<\/ul><\/div><div class=\"contact-form__error\" data-wp-class--show-errors=\"state.showSubmissionError\" data-wp-text=\"context.submissionError\" tabindex=\"-1\" data-wp-watch=\"callbacks.focusOnSubmissionError\"><\/div>\t\t<button type='submit' class='pushbutton-wide'>Skicka<\/button>\t\t<input type='hidden' name='contact-form-id' value='3292' \/>\n\t\t<input type='hidden' name='action' value='grunion-contact-form' \/>\n\t\t<input type='hidden' name='contact-form-hash' value='bbf07eb0452157a9131f5cdf7ecacc9e1e5e47f7' \/>\n\t<\/p>\n<\/form>\n<\/div>\n","protected":false},"excerpt":{"rendered":"<p><strong>Dagens arbetsliv kr\u00e4ver st\u00e4ndiga f\u00f6r\u00e4ndringar. Men inte alla f\u00f6r\u00e4ndringar g\u00e5r som man t\u00e4nkt sig. Nyckeln till en lyckad f\u00f6r\u00e4ndring \u00e4r \u2013 kommunikation! Att kommunicera en f\u00f6r\u00e4ndring i r\u00e4tt tid och p\u00e5 r\u00e4tt s\u00e4tt kr\u00e4ver k\u00e4nnedom om hur vi m\u00e4nniskor reagerar och vad vi beh\u00f6ver f\u00f6r att vilja och kunna genomf\u00f6ra en f\u00f6r\u00e4ndring.<\/strong><\/p>\n<p>P\u00e5 denna kurs f\u00e5r du l\u00e4ra dig hur du f\u00f6rbereder och skapar en organisation som \u00e4r redo f\u00f6r f\u00f6r\u00e4ndring och vad som kr\u00e4vs f\u00f6r att leda lyckade f\u00f6r\u00e4ndringar som ger effekt och skapar v\u00e4rde.<\/p>\n","protected":false},"featured_media":3293,"comment_status":"open","ping_status":"closed","template":"","meta":{"wds_primary_product_brand":0,"wds_primary_product_cat":0},"product_brand":[],"product_cat":[32,28],"product_tag":[],"class_list":{"0":"post-3292","1":"product","2":"type-product","3":"status-publish","4":"has-post-thumbnail","6":"product_cat-ledarskap","7":"product_cat-teamship","9":"first","10":"instock","11":"taxable","12":"shipping-taxable","13":"purchasable","14":"product-type-simple"},"jetpack_sharing_enabled":true,"_links":{"self":[{"href":"https:\/\/republify.se\/index.php\/wp-json\/wp\/v2\/product\/3292","targetHints":{"allow":["GET"]}}],"collection":[{"href":"https:\/\/republify.se\/index.php\/wp-json\/wp\/v2\/product"}],"about":[{"href":"https:\/\/republify.se\/index.php\/wp-json\/wp\/v2\/types\/product"}],"replies":[{"embeddable":true,"href":"https:\/\/republify.se\/index.php\/wp-json\/wp\/v2\/comments?post=3292"}],"wp:featuredmedia":[{"embeddable":true,"href":"https:\/\/republify.se\/index.php\/wp-json\/wp\/v2\/media\/3293"}],"wp:attachment":[{"href":"https:\/\/republify.se\/index.php\/wp-json\/wp\/v2\/media?parent=3292"}],"wp:term":[{"taxonomy":"product_brand","embeddable":true,"href":"https:\/\/republify.se\/index.php\/wp-json\/wp\/v2\/product_brand?post=3292"},{"taxonomy":"product_cat","embeddable":true,"href":"https:\/\/republify.se\/index.php\/wp-json\/wp\/v2\/product_cat?post=3292"},{"taxonomy":"product_tag","embeddable":true,"href":"https:\/\/republify.se\/index.php\/wp-json\/wp\/v2\/product_tag?post=3292"}],"curies":[{"name":"wp","href":"https:\/\/api.w.org\/{rel}","templated":true}]}}