{"id":3289,"date":"2022-03-30T13:56:26","date_gmt":"2022-03-30T12:56:26","guid":{"rendered":"https:\/\/republify.se\/?post_type=product&#038;p=3289"},"modified":"2026-03-11T15:57:34","modified_gmt":"2026-03-11T14:57:34","slug":"projektledning-grund","status":"publish","type":"product","link":"https:\/\/republify.se\/index.php\/produkt\/projektledning-grund\/","title":{"rendered":"Projektledning grund &#8211; Metodik"},"content":{"rendered":"<p><strong>Varf\u00f6r blir det inte som man t\u00e4nkt sig? Projekt \u2013 v\u00e4rdel\u00f6st eller v\u00e4rdefullt?<\/strong><\/p>\n<p>N\u00e5gon f\u00e5r en id\u00e9, &#8211; Det h\u00e4r beh\u00f6ver g\u00f6ras! &#8211; Vi startar ett projekt! Sen kommer en lite utf\u00f6rligare beskrivning om vad som ska g\u00f6ras \u2013 i b\u00e4sta fall.<\/p>\n<p>Gemensamt f\u00f6r de projekt som lyckas \u00e4r en tydlig best\u00e4llning, rimliga f\u00f6ruts\u00e4ttningar och en duktig projektledare.<\/p>\n<p>V\u00e5r kurs i Projektledning \u2013 ger dig grunden f\u00f6r att utvecklas till en bra projektledare. En projektledare som \u00e4r b\u00e5de m\u00e5l- och relationsinriktad. Du f\u00e5r metoder och verktyg som hj\u00e4lper dig att tydligg\u00f6ra vad som beh\u00f6ver g\u00f6ras och tr\u00e4na p\u00e5 att anv\u00e4nda dessa under utbildningen.<\/p>\n<p>Att leda projekt handlar om att f\u00e5 m\u00e4nniskor med olika kompetenser att samverka f\u00f6r att uppn\u00e5 ett gemensamt m\u00e5l. En projektledares huvudsakliga uppgift \u00e4r att leverera resultat genom att skapa och uppr\u00e4tth\u00e5lla en struktur och ett arbetsfl\u00f6de som till r\u00e4tt kostnad och i r\u00e4tt tid uppn\u00e5r m\u00e5len.<\/p>\n<p>Detta \u00e4r en praktisk och workshoporienterad kurs. Korta f\u00f6rel\u00e4sningspass blandas med m\u00e5nga till\u00e4mpnings\u00f6vningar d\u00e4r vi tillsammans jobbar med realistiska case med exempel fr\u00e5n aktuella arbetsomr\u00e5den.<\/p>\n<p><strong>Kurs\u00adm\u00e5l<\/strong><\/p>\n<ul>\n<li>Strukturera och fokusera ditt arbetss\u00e4tt som projektledare<\/li>\n<li>Hur roller och ansvar \u00e4r utformade i en projektorganisation<\/li>\n<li>S\u00e4tta tydliga m\u00e5l och definiera avgr\u00e4nsningar f\u00f6r projektet<\/li>\n<li>F\u00f6rbereda och planera projekt utifr\u00e5n givna f\u00f6ruts\u00e4ttningar<\/li>\n<li>Kartl\u00e4gga och hantera intressenter<\/li>\n<li>Kartl\u00e4gga och hantera risker och m\u00f6jligheter i projektet<\/li>\n<li>F\u00f6lja upp resultat och hantera \u00e4ndringar<\/li>\n<\/ul>\n<p>&nbsp;<\/p>\n<p><strong>M\u00e5l\u00adgrupp<\/strong><\/p>\n<p>Utbildningen\u00a0v\u00e4nder sig s\u00e5v\u00e4l till\u00a0blivande projektledare som\u00a0projektledare\u00a0med lite\u00a0erfarenhet som\u00a0vill ta till sig praktiska verktyg att anv\u00e4nda i yrket<\/p>\n<p><strong>F\u00f6r\u00adkun\u00adska\u00adper<\/strong><\/p>\n<p>Inga speciella f\u00f6rkunskaper kr\u00e4vs.<\/p>\n<p><strong>Kurs\u00adin\u00adne\u00adh\u00e5ll<\/strong><\/p>\n<p><strong>Projekt som arbetsform\u00a0<\/strong><\/p>\n<ul>\n<li>Projektorganisationen \u2013 roller och ansvar<\/li>\n<li>Projektf\u00f6rloppet &#8211; faser och beslutspunkter<\/li>\n<\/ul>\n<p>&nbsp;<\/p>\n<p><strong>F\u00f6rbereda och planera projekt<\/strong><\/p>\n<ul>\n<li>Initiering av projekt \u2013 hur och varf\u00f6r startar projektet?<\/li>\n<li>Bakgrund, syfte och m\u00e5l<\/li>\n<li>Kopplingen mellan syfte och effektm\u00e5l<\/li>\n<li>Kravhantering och avgr\u00e4nsningar<\/li>\n<li>Kartl\u00e4gga projektets intressenter<\/li>\n<li>Identifiera och planera aktiviteter och ta fram en tidplan<\/li>\n<li>Att bryta ner projektets m\u00e5l i mindre delar \u2013 Work Breakdown Structure<\/li>\n<li>Analysera risker och planera \u00e5tg\u00e4rder<\/li>\n<li>Planera med ett projektverktyg<\/li>\n<\/ul>\n<p>&nbsp;<\/p>\n<p><strong>Genomf\u00f6ra och avsluta projekt<\/strong><\/p>\n<ul>\n<li>Ta fram en kommunikationsplan<\/li>\n<li>Hantera \u00e4ndringar och till\u00e4gg<\/li>\n<li>\u00d6verl\u00e4mna och avsluta projektresultatet<\/li>\n<\/ul>\n<p>&nbsp;<\/p>\n<p><strong>Skapa projektgruppen\u00a0<\/strong><\/p>\n<ul>\n<li>Normer och regler f\u00f6r samarbetet<\/li>\n<li>Motivera gruppen<\/li>\n<li>Presentera projektet f\u00f6r en vald m\u00e5lgrupp<\/li>\n<\/ul>\n<h2>I samarbete med<br \/>\n<img decoding=\"async\" class=\"size-medium wp-image-2415 alignleft lazyload\" data-src=\"https:\/\/republify.se\/wp-content\/uploads\/2022\/03\/Agilcoachen_Logo_Svart-300x51.png\" alt=\"\" width=\"300\" height=\"51\" data-srcset=\"https:\/\/republify.se\/wp-content\/uploads\/2022\/03\/Agilcoachen_Logo_Svart-300x51.png 300w, https:\/\/republify.se\/wp-content\/uploads\/2022\/03\/Agilcoachen_Logo_Svart-600x102.png 600w, https:\/\/republify.se\/wp-content\/uploads\/2022\/03\/Agilcoachen_Logo_Svart-1024x175.png 1024w, https:\/\/republify.se\/wp-content\/uploads\/2022\/03\/Agilcoachen_Logo_Svart-768x131.png 768w, https:\/\/republify.se\/wp-content\/uploads\/2022\/03\/Agilcoachen_Logo_Svart-1536x262.png 1536w, https:\/\/republify.se\/wp-content\/uploads\/2022\/03\/Agilcoachen_Logo_Svart-2048x349.png 2048w\" data-sizes=\"(max-width: 300px) 100vw, 300px\" src=\"data:image\/svg+xml;base64,PHN2ZyB3aWR0aD0iMSIgaGVpZ2h0PSIxIiB4bWxucz0iaHR0cDovL3d3dy53My5vcmcvMjAwMC9zdmciPjwvc3ZnPg==\" style=\"--smush-placeholder-width: 300px; --smush-placeholder-aspect-ratio: 300\/51;\" \/><\/h2>\n","protected":false},"excerpt":{"rendered":"<p><strong>V\u00e5r kurs i Projektledning \u2013 ger dig grunden f\u00f6r att utvecklas till en bra projektledare. En projektledare som \u00e4r b\u00e5de m\u00e5l- och relationsinriktad. Du f\u00e5r metoder och verktyg som hj\u00e4lper dig att tydligg\u00f6ra vad som beh\u00f6ver g\u00f6ras och tr\u00e4na p\u00e5 att anv\u00e4nda dessa under utbildningen.<\/strong><\/p>\n<p>Att leda projekt handlar om att f\u00e5 m\u00e4nniskor med olika kompetenser att samverka f\u00f6r att uppn\u00e5 ett gemensamt m\u00e5l. En projektledares huvudsakliga uppgift \u00e4r att leverera resultat genom att skapa och uppr\u00e4tth\u00e5lla en struktur och ett arbetsfl\u00f6de som till r\u00e4tt kostnad och i r\u00e4tt tid uppn\u00e5r m\u00e5len.<\/p>\n<p><strong>\u00f6ppet\/schema (distans):<\/strong><br \/>\n5-7 maj, 30 juni &#8211; 2 juli<\/p>\n","protected":false},"featured_media":3258,"comment_status":"open","ping_status":"closed","template":"","meta":{"wds_primary_product_brand":0,"wds_primary_product_cat":0},"product_brand":[],"product_cat":[30,32,145,51],"product_tag":[],"class_list":{"0":"post-3289","1":"product","2":"type-product","3":"status-publish","4":"has-post-thumbnail","6":"product_cat-business","7":"product_cat-ledarskap","8":"product_cat-oppen-schemalagd-utbildning","9":"product_cat-projektledning","11":"first","12":"instock","13":"taxable","14":"shipping-taxable","15":"purchasable","16":"product-type-simple"},"jetpack_sharing_enabled":true,"_links":{"self":[{"href":"https:\/\/republify.se\/index.php\/wp-json\/wp\/v2\/product\/3289","targetHints":{"allow":["GET"]}}],"collection":[{"href":"https:\/\/republify.se\/index.php\/wp-json\/wp\/v2\/product"}],"about":[{"href":"https:\/\/republify.se\/index.php\/wp-json\/wp\/v2\/types\/product"}],"replies":[{"embeddable":true,"href":"https:\/\/republify.se\/index.php\/wp-json\/wp\/v2\/comments?post=3289"}],"wp:featuredmedia":[{"embeddable":true,"href":"https:\/\/republify.se\/index.php\/wp-json\/wp\/v2\/media\/3258"}],"wp:attachment":[{"href":"https:\/\/republify.se\/index.php\/wp-json\/wp\/v2\/media?parent=3289"}],"wp:term":[{"taxonomy":"product_brand","embeddable":true,"href":"https:\/\/republify.se\/index.php\/wp-json\/wp\/v2\/product_brand?post=3289"},{"taxonomy":"product_cat","embeddable":true,"href":"https:\/\/republify.se\/index.php\/wp-json\/wp\/v2\/product_cat?post=3289"},{"taxonomy":"product_tag","embeddable":true,"href":"https:\/\/republify.se\/index.php\/wp-json\/wp\/v2\/product_tag?post=3289"}],"curies":[{"name":"wp","href":"https:\/\/api.w.org\/{rel}","templated":true}]}}