{"id":2986,"date":"2022-03-22T08:50:58","date_gmt":"2022-03-22T07:50:58","guid":{"rendered":"https:\/\/republify.se\/?post_type=product&#038;p=2986"},"modified":"2023-11-20T14:33:44","modified_gmt":"2023-11-20T13:33:44","slug":"kemikalielagstiftning-for-ansvariga","status":"publish","type":"product","link":"https:\/\/republify.se\/index.php\/produkt\/kemikalielagstiftning-for-ansvariga\/","title":{"rendered":"Kemikalielagstiftning f\u00f6r ansvariga"},"content":{"rendered":"<p><strong>Kraven p\u00e5 kemikalier \u00f6kar st\u00e4ndigt. Eftersom kemikalier finns i v\u00e4ldigt m\u00e5nga verksamheter \u00e4r det m\u00e5nga som omfattas. Under en heldag f\u00e5r du m\u00f6jlighet att l\u00e4ra dig vad som g\u00e4ller n\u00e4r man har kemikalier i en verksamhet. <\/strong><\/p>\n<p>Vi g\u00e5r \u00f6vergripande igenom lagar och regler och hj\u00e4lper dig i r\u00e4tt riktning g\u00e4llande riskbed\u00f6mning. Vi kommer \u00e4ven att titta p\u00e5 smarta arbetss\u00e4tt f\u00f6r att effektivisera kemikaliehanteringen och s\u00e4kerst\u00e4lla lagefterlevnad i verksamheten. Du kommer att f\u00e5 ett utbildningsmaterial och detta kan du konsultera om du \u00e4r os\u00e4ker p\u00e5 n\u00e5got i efterhand.<\/p>\n<p><strong>M\u00e5lgrupp<\/strong><\/p>\n<p>Du som hanterar fr\u00e5gor kring kemikalier i ditt arbete och vill f\u00e5 en bra \u00f6versikt \u00f6ver vad som g\u00e4ller och vilken lagstiftning som styr olika delar.<\/p>\n<p><strong>Syfte med utbildningen<\/strong><\/p>\n<p>\u00d6ka kunskapen f\u00f6r att kunna jobba p\u00e5 ett r\u00e4tt och s\u00e4kert s\u00e4tt med kemikaliehanteringen p\u00e5 din arbetsplats<\/p>\n<p>&nbsp;<\/p>\n<p><strong>Ing\u00e5ende delar:<\/strong><\/p>\n<ul>\n<li>Introduktion till kemikalieproblematiken<\/li>\n<li>REACH\n<ul>\n<li>S\u00e4kerhetsdatablad<\/li>\n<\/ul>\n<\/li>\n<li>CLP- m\u00e4rkning av kemikalier<\/li>\n<li>\u00d6vrig kemikalierelaterad EU-lagstiftning<\/li>\n<li>Arbetsmilj\u00f6verkets f\u00f6reskrifter\n<ul>\n<li>Kemikalief\u00f6rteckning, riskbed\u00f6mning, f\u00f6rvaring, allergiframkallande \u00e4mnen etc.<\/li>\n<\/ul>\n<\/li>\n<li>\u00d6vrig kemikalierelaterad nationell lagstiftning<\/li>\n<li>Substitution<\/li>\n<li>Val av skyddsutrustning<\/li>\n<li>Hur sker tillsynen av kemikalier?<\/li>\n<\/ul>\n<p>&nbsp;<\/p>\n<h3>Kursen levereras i samarbete med<\/h3>\n<p><img decoding=\"async\" class=\"alignnone size-medium wp-image-2966 lazyload\" data-src=\"https:\/\/republify.se\/wp-content\/uploads\/2022\/03\/chemgroup-300x63.jpg\" alt=\"\" width=\"300\" height=\"63\" data-srcset=\"https:\/\/republify.se\/wp-content\/uploads\/2022\/03\/chemgroup-300x63.jpg 300w, https:\/\/republify.se\/wp-content\/uploads\/2022\/03\/chemgroup.jpg 490w\" data-sizes=\"(max-width: 300px) 100vw, 300px\" src=\"data:image\/svg+xml;base64,PHN2ZyB3aWR0aD0iMSIgaGVpZ2h0PSIxIiB4bWxucz0iaHR0cDovL3d3dy53My5vcmcvMjAwMC9zdmciPjwvc3ZnPg==\" style=\"--smush-placeholder-width: 300px; --smush-placeholder-aspect-ratio: 300\/63;\" \/><\/p>\n<h2>Kontakta oss om denna kurs<\/h2>\n<div data-test='contact-form'\n\t\t\tid='contact-form-2986'\n\t\t\tclass='jetpack-contact-form-container '\n\t\t\tdata-wp-interactive='jetpack\/form' data-wp-context='{\"formId\":\"2986\",\"formHash\":\"0abdcf58e33247163f75920f1753af444475cbab\",\"showErrors\":false,\"errors\":[],\"fields\":[],\"isMultiStep\":false,\"useAjax\":true,\"submissionData\":null,\"formattedSubmissionData\":[],\"submissionSuccess\":false,\"submissionError\":null,\"elementId\":\"jp-form-0abdcf58e33247163f75920f1753af444475cbab\",\"isSingleInputForm\":false,\"isForcedHorizontal\":false}'\n\t\t\tdata-wp-watch--scroll-to-wrapper=\"callbacks.scrollToWrapper\"\n\t\t>\n<div class=\"contact-form-submission contact-form-ajax-submission\" data-wp-bind--aria-hidden=\"state.isSuccessMessageAriaHidden\" data-wp-class--submission-success=\"context.submissionSuccess\" id=\"contact-form-success-0abdcf58e33247163f75920f1753af444475cbab\" tabindex=\"-1\" aria-labelledby=\"contact-form-success-header-0abdcf58e33247163f75920f1753af444475cbab\"><p class=\"go-back-message\"><a class=\"link\" role=\"button\" tabindex=\"0\" data-wp-on--click=\"actions.goBack\" href=\"\/index.php\/wp-json\/wp\/v2\/product\/2986\">\u2190 Tillbaka<\/a><\/p><h4 data-wp-bind--aria-hidden=\"state.isSuccessMessageAriaHidden\" id=\"contact-form-success-header-0abdcf58e33247163f75920f1753af444475cbab\">Tack f\u00f6r din respons. \u2728<\/h4>\n\n<template data-wp-each--submission=\"context.formattedSubmissionData\">\n\t\t\t\t\t<div class=\"jetpack_forms_contact-form-success-summary\">\n\t\t\t\t\t\t<div class=\"field-name-wrapper\">\n\t\t\t\t\t\t\t<div class=\"field-type-icon\" data-wp-watch=\"callbacks.watchFieldTypeIcon\"><\/div>\n\t\t\t\t\t\t\t<div class=\"field-name\" data-wp-text=\"context.submission.label\" data-wp-bind--hidden=\"!context.submission.label\"><\/div>\n\t\t\t\t\t\t<\/div>\n\t\t\t\t\t\t<div class=\"field-value\" data-wp-text=\"context.submission.value\" data-wp-bind--hidden=\"!context.submission.showPlainValue\"><\/div>\n\t\t\t\t\t\t<a class=\"field-url\" data-wp-bind--href=\"context.submission.url\" data-wp-text=\"context.submission.value\" data-wp-bind--hidden=\"!context.submission.url\" target=\"_blank\" rel=\"noopener noreferrer\"><\/a>\n\t\t\t\t\t\t<div class=\"field-rating\" data-wp-bind--hidden=\"!context.submission.rating\" data-wp-watch=\"callbacks.watchRatingIcons\"><\/div>\n\t\t\t\t\t\t<div class=\"field-images\" data-wp-bind--hidden=\"!context.submission.images\">\n\t\t\t\t\t\t\t<template data-wp-each--image=\"context.submission.images\">\n\t\t\t\t\t\t\t\t<div class=\"field-image-option\" data-wp-class--is-empty=\"!context.image.src\">\n\t\t\t\t\t\t\t\t\t<figure class=\"field-image-option__image\" data-wp-class--is-empty=\"!context.image.src\">\n\t\t\t\t\t\t\t\t\t\t<img data-wp-bind--src=\"context.image.src\" data-wp-bind--hidden=\"!context.image.src\" \/>\n\t\t\t\t\t\t\t\t\t\t<img decoding=\"async\" src=\"data:image\/gif;base64,R0lGODlhAQABAAD\/ACwAAAAAAQABAAACADs=\" data-wp-bind--hidden=\"context.image.src\" \/>\n\t\t\t\t\t\t\t\t\t<\/figure>\n\t\t\t\t\t\t\t\t\t<div class=\"field-image-option__label-wrapper\">\n\t\t\t\t\t\t\t\t\t\t<span class=\"field-image-option__label-code\" data-wp-text=\"context.image.letterCode\"><\/span>\n\t\t\t\t\t\t\t\t\t\t<span class=\"field-image-option__label\" data-wp-text=\"context.image.label\" data-wp-bind--hidden=\"!context.image.label\"><\/span>\n\t\t\t\t\t\t\t\t\t<\/div>\n\t\t\t\t\t\t\t\t<\/div>\n\t\t\t\t\t\t\t<\/template>\n\t\t\t\t\t\t<\/div>\n\t\t\t\t\t\t<div class=\"field-files\" data-wp-bind--hidden=\"!context.submission.files\">\n\t\t\t\t\t\t\t<template data-wp-each--file=\"context.submission.files\">\n\t\t\t\t\t\t\t\t<div class=\"field-file\">\n\t\t\t\t\t\t\t\t\t<div class=\"field-file__thumbnail\" data-wp-style--background-image=\"context.file.previewUrl\" data-wp-style--mask-image=\"context.file.iconUrl\" data-wp-bind--hidden=\"!context.file.hasPreview\"><\/div>\n\t\t\t\t\t\t\t\t\t<svg class=\"field-file__icon\" data-wp-bind--hidden=\"context.file.hasPreview\" width=\"20\" height=\"20\" viewBox=\"0 0 24 24\" fill=\"none\" xmlns=\"http:\/\/www.w3.org\/2000\/svg\" aria-hidden=\"true\">\n\t\t\t\t\t\t\t\t\t\t<path d=\"M14 2H6C4.9 2 4 2.9 4 4V20C4 21.1 4.89 22 5.99 22H18C19.1 22 20 21.1 20 20V8L14 2ZM18 20H6V4H13V9H18V20Z\" fill=\"currentColor\"\/>\n\t\t\t\t\t\t\t\t\t<\/svg>\n\t\t\t\t\t\t\t\t\t<span class=\"field-file__name\" data-wp-text=\"context.file.name\"><\/span>\n\t\t\t\t\t\t\t\t\t<span class=\"field-file__size\" data-wp-text=\"context.file.size\"><\/span>\n\t\t\t\t\t\t\t\t<\/div>\n\t\t\t\t\t\t\t<\/template>\n\t\t\t\t\t\t<\/div>\n\t\t\t\t\t<\/div>\n\t\t\t\t<\/template><\/div><form action='https:\/\/republify.se\/index.php\/produkt\/kemikalielagstiftning-for-ansvariga\/'\n\t\t\t\tid='jp-form-0abdcf58e33247163f75920f1753af444475cbab'\n\t\t\t\tmethod='post'\n\t\t\t\tclass='contact-form commentsblock jetpack-contact-form__form has-no-jetpack-form-layout' aria-label=\"Kemikalielagstiftning f\u00f6r ansvariga\"\n\t\t\t\tdata-wp-on--submit=\"actions.onFormSubmit\"\n\t\t\t\tdata-wp-on--reset=\"actions.onFormReset\"\n\t\t\t\tdata-wp-class--submission-success=\"context.submissionSuccess\"\n\t\t\t\tdata-wp-class--is-first-step=\"state.isFirstStep\"\n\t\t\t\tdata-wp-class--is-last-step=\"state.isLastStep\"\n\t\t\t\tdata-wp-class--is-ajax-form=\"context.useAjax\"\n\t\t\t\tnovalidate >\n<input type='hidden' name='jetpack_contact_form_jwt' value='eyJ0eXAiOiJKV1QiLCJhbGciOiJIUzI1NiJ9.eyJlbmNyeXB0ZWRfYXR0cmlidXRlcyI6IkV2ZDBlMnhBbTF5OVdaTGxBazgxTjI5V3pDbFVaY3lxMzcyKyt5TEQ5c28vakNET3hmR0lrTkJxVURKNThkaEg0SnFXVXduNmFYMEhlT2lDcXRwSldObUI1NEQzNzkwQWdVaW1hZC9sUzRoTHFwYVJUc1hBMkExVlRqWVZpNjdDRWJTNzFJamFhRjBNc0FlY0dnTHd1TmIzci83S3N4Qkx0aTZjNlhOSmJZWGhYUEZiRDN2c29hR09pcmJONzg5dDVlV2Npd3N4ZisvWWVLUnZ5YVpPUFJMMTNDaXhqUU9BYU4vUER6Q3FFc1dTVlFxQ2JiL1VFVEowcFZpcHo2N1ZrUS9MZjNoUk5pQk5MeDN3NkJYVVFwd1hZTGtOeFYrUlFrU0RXSWtwdWtMRGlhS0dsUk9qNWJmdkNtTXJoU3JtL25SUDBGekJGbkh1UWx2U2Y4aFI1Q01zRjV1V0ljVkJtTlhjaE41KzRDWTZMZEl4aXpuc2JpQ2drOTBXRU5NY1M5RHBXWnNvNVhQNWJET3cwT2hnUWtvUVdhTGswc28rR1J5UHc1ZWlRbmk4UGUyZWRpUzJlSkcvZ0x2VE00Qk1VMmR2cGJTZVZDNjRRdWtDRWhLbnFPdEM2M1JKYTVjQ3o2bnM4RzBFQ3o1ZzhUUkwxTkpwb1hCTlIyYWJ5UkwxZzhCRnRna3l1WC9yblRsNWdRZjJPL1ovOUZWMUV1SzJ4NXB0VzFpUE1ESzAvWFFhTVhWNUNLS0NibTQ2cU1teG9IdDZ4OFBqWjBFUFdkSVI2bnViZkFVRXdSV3NmV1Mxbzl4cHpxYzM1ZlhweC9xVHNnRGI2dW1GSUk3eklDSUZ1ako1UHZCTC8wQVRCRzNhY1haYnNVYjMwYXJCWkd5UEJzY3JoekxCNE9DQmhYeS93NW8wR0RLWEhHQnMzWVRuUVl2ZTFRM3hPLytMdW9Cekk0ZU40a2JJb1p0NXJRenpBNDVFaHFoUis5U0ZiNlZId3U0N1N2ck9zVUhJSjFsYldVbHB1U0VSZ0ZHV1VyeGhTRTlYVGFRYjFXMlhlc2lhT3BTTjNKRDd5YVFNVFhSSFJLQjRubis0dHdqQktqajJpR3E3MEl2eHJHcEJnaEIyMnFzdUExVDFTM2tzK0k3Ulh1WHBuS0pwbjJ3VnppQmRGdU9EUUZNWjdnQllid0tBQ2tqbm9WQnVIMmF2UGxQbEZQUDNEaTV6Nk9EU1Fya2RKNEx1anRhRzJwdz0iLCJjb250ZW50IjoiW2NvbnRhY3QtZmllbGQgbGFiZWw9XCJOYW1uXCIgdHlwZT1cIm5hbWVcIiByZXF1aXJlZD1cIjFcIl1bY29udGFjdC1maWVsZCBsYWJlbD1cIkUtcG9zdFwiIHR5cGU9XCJlbWFpbFwiIHJlcXVpcmVkPVwiMVwiXVtjb250YWN0LWZpZWxkIGxhYmVsPVwiTWVkZGVsYW5kZVwiIHR5cGU9XCJ0ZXh0YXJlYVwiXSIsImhhc2giOiIwYWJkY2Y1OGUzMzI0NzE2M2Y3NTkyMGYxNzUzYWY0NDQ0NzVjYmFiIiwic291cmNlIjp7ImVudHJ5X3RpdGxlIjoiS2VtaWthbGllbGFnc3RpZnRuaW5nIGZcdTAwZjZyIGFuc3ZhcmlnYSIsImVudHJ5X3BhZ2UiOjEsInNvdXJjZV9pZCI6Mjk4Niwic291cmNlX3R5cGUiOiJzaW5nbGUiLCJyZXF1ZXN0X3VybCI6Imh0dHBzOi8vcmVwdWJsaWZ5LnNlL3dwLWpzb24vd3AvdjIvcHJvZHVjdC8yOTg2In0sInZlcnNpb24iOjIsImNpcGhlciI6ImFlcy0yNTYtZ2NtIn0.myWj3brxRBJc6VLS8CIHHBfgCP_otPVfl13pf1Jfkxk' \/>\n\n<div style=\"\"  data-wp-interactive=\"jetpack\/form\" data-wp-context='{\"fieldId\":\"g2986-namn\",\"fieldType\":\"name\",\"fieldLabel\":\"Namn\",\"fieldValue\":\"\",\"fieldPlaceholder\":\"\",\"fieldIsRequired\":\"1\",\"fieldErrorMessage\":\"\",\"fieldExtra\":[],\"formHash\":\"0abdcf58e33247163f75920f1753af444475cbab\"}'  class='grunion-field-name-wrap grunion-field-wrap'  data-wp-init='callbacks.initializeField' data-wp-on--jetpack-form-reset='callbacks.initializeField' >\n<label\n\t\t\t\tfor='g2986-namn' class=\"grunion-field-label name\" >Namn<span class=\"grunion-label-required\" aria-hidden=\"true\">(obligatoriskt)<\/span><\/label>\n<input\n\t\t\t\t\ttype='text'\n\t\t\t\t\tname='g2986-namn'\n\t\t\t\t\tid='g2986-namn'\n\t\t\t\t\tvalue=''\n\n\t\t\t\t\tdata-wp-bind--aria-invalid='state.fieldAriaInvalid'\n\t\t\t\t\tdata-wp-bind--value='state.getFieldValue'\n\t\t\t\t\taria-describedby='g2986-namn-text-error-message'\n\t\t\t\t\tdata-wp-on--input='actions.onFieldChange'\n\t\t\t\t\tdata-wp-on--blur='actions.onFieldBlur'\n\t\t\t\t\tdata-wp-class--has-value='state.hasFieldValue'\n\n\t\t\t\t\tclass='name  grunion-field' \n\t\t\t\t\trequired='true' aria-required='true'  \/>\n \n\t\t\t<div id=\"g2986-namn-text-error\" class=\"contact-form__input-error\" data-wp-class--has-errors=\"state.fieldHasErrors\">\n\t\t\t\t<span class=\"contact-form__warning-icon\" aria-hidden=\"true\">\n\t\t\t\t\t<svg width=\"16\" height=\"16\" viewBox=\"0 0 16 16\" fill=\"none\" xmlns=\"http:\/\/www.w3.org\/2000\/svg\">\n\t\t\t\t\t\t<path d=\"M8.50015 11.6402H7.50015V10.6402H8.50015V11.6402Z\" \/>\n\t\t\t\t\t\t<path d=\"M7.50015 9.64018H8.50015V6.30684H7.50015V9.64018Z\" \/>\n\t\t\t\t\t\t<path fill-rule=\"evenodd\" clip-rule=\"evenodd\" d=\"M6.98331 3.0947C7.42933 2.30177 8.57096 2.30177 9.01698 3.09469L13.8771 11.7349C14.3145 12.5126 13.7525 13.4735 12.8602 13.4735H3.14004C2.24774 13.4735 1.68575 12.5126 2.12321 11.7349L6.98331 3.0947ZM8.14541 3.58496C8.08169 3.47168 7.9186 3.47168 7.85488 3.58496L2.99478 12.2251C2.93229 12.3362 3.01257 12.4735 3.14004 12.4735H12.8602C12.9877 12.4735 13.068 12.3362 13.0055 12.2251L8.14541 3.58496Z\" \/>\n\t\t\t\t\t<\/svg>\n\t\t\t\t<\/span>\n\t\t\t\t<span data-wp-text=\"state.errorMessage\" id=\"g2986-namn-text-error-message\"><\/span>\n\t\t\t<\/div> \n\t<\/div>\n\n<div style=\"\"  data-wp-interactive=\"jetpack\/form\" data-wp-context='{\"fieldId\":\"g2986-epost\",\"fieldType\":\"email\",\"fieldLabel\":\"E-post\",\"fieldValue\":\"\",\"fieldPlaceholder\":\"\",\"fieldIsRequired\":\"1\",\"fieldErrorMessage\":\"\",\"fieldExtra\":[],\"formHash\":\"0abdcf58e33247163f75920f1753af444475cbab\"}'  class='grunion-field-email-wrap grunion-field-wrap'  data-wp-init='callbacks.initializeField' data-wp-on--jetpack-form-reset='callbacks.initializeField' >\n<label\n\t\t\t\tfor='g2986-epost' class=\"grunion-field-label email\" >E-post<span class=\"grunion-label-required\" aria-hidden=\"true\">(obligatoriskt)<\/span><\/label>\n<input\n\t\t\t\t\ttype='email'\n\t\t\t\t\tname='g2986-epost'\n\t\t\t\t\tid='g2986-epost'\n\t\t\t\t\tvalue=''\n\n\t\t\t\t\tdata-wp-bind--aria-invalid='state.fieldAriaInvalid'\n\t\t\t\t\tdata-wp-bind--value='state.getFieldValue'\n\t\t\t\t\taria-describedby='g2986-epost-email-error-message'\n\t\t\t\t\tdata-wp-on--input='actions.onFieldChange'\n\t\t\t\t\tdata-wp-on--blur='actions.onFieldBlur'\n\t\t\t\t\tdata-wp-class--has-value='state.hasFieldValue'\n\n\t\t\t\t\tclass='email  grunion-field' \n\t\t\t\t\trequired='true' aria-required='true'  \/>\n \n\t\t\t<div id=\"g2986-epost-email-error\" class=\"contact-form__input-error\" data-wp-class--has-errors=\"state.fieldHasErrors\">\n\t\t\t\t<span class=\"contact-form__warning-icon\" aria-hidden=\"true\">\n\t\t\t\t\t<svg width=\"16\" height=\"16\" viewBox=\"0 0 16 16\" fill=\"none\" xmlns=\"http:\/\/www.w3.org\/2000\/svg\">\n\t\t\t\t\t\t<path d=\"M8.50015 11.6402H7.50015V10.6402H8.50015V11.6402Z\" \/>\n\t\t\t\t\t\t<path d=\"M7.50015 9.64018H8.50015V6.30684H7.50015V9.64018Z\" \/>\n\t\t\t\t\t\t<path fill-rule=\"evenodd\" clip-rule=\"evenodd\" d=\"M6.98331 3.0947C7.42933 2.30177 8.57096 2.30177 9.01698 3.09469L13.8771 11.7349C14.3145 12.5126 13.7525 13.4735 12.8602 13.4735H3.14004C2.24774 13.4735 1.68575 12.5126 2.12321 11.7349L6.98331 3.0947ZM8.14541 3.58496C8.08169 3.47168 7.9186 3.47168 7.85488 3.58496L2.99478 12.2251C2.93229 12.3362 3.01257 12.4735 3.14004 12.4735H12.8602C12.9877 12.4735 13.068 12.3362 13.0055 12.2251L8.14541 3.58496Z\" \/>\n\t\t\t\t\t<\/svg>\n\t\t\t\t<\/span>\n\t\t\t\t<span data-wp-text=\"state.errorMessage\" id=\"g2986-epost-email-error-message\"><\/span>\n\t\t\t<\/div> \n\t<\/div>\n\n<div style=\"\"  data-wp-interactive=\"jetpack\/form\" data-wp-context='{\"fieldId\":\"g2986-meddelande\",\"fieldType\":\"textarea\",\"fieldLabel\":\"Meddelande\",\"fieldValue\":\"\",\"fieldPlaceholder\":\"\",\"fieldIsRequired\":\"\",\"fieldErrorMessage\":\"\",\"fieldExtra\":[],\"formHash\":\"0abdcf58e33247163f75920f1753af444475cbab\"}'  class='grunion-field-textarea-wrap grunion-field-wrap'  data-wp-init='callbacks.initializeField' data-wp-on--jetpack-form-reset='callbacks.initializeField' >\n<label\n\t\t\t\tfor='contact-form-comment-g2986-meddelande' class=\"grunion-field-label textarea\" >Meddelande<\/label>\n<textarea\n\t\t                style=''\n\t\t                name='g2986-meddelande'\n\t\t                id='contact-form-comment-g2986-meddelande'\n\t\t                rows='20'\n\t\t\t\t\t\tdata-wp-text='state.getFieldValue'\n\t\t\t\t\t\tdata-wp-on--input='actions.onFieldChange'\n\t\t\t\t\t\tdata-wp-on--blur='actions.onFieldBlur'\n\t\t\t\t\t\tdata-wp-class--has-value='state.hasFieldValue'\n\t\t\t\t\t\taria-describedby='g2986-meddelande-textarea-error-message'\n\t\t\t\t\t\tdata-wp-bind--aria-invalid='state.fieldAriaInvalid'\n\t\t\t\t\t\tclass='textarea  grunion-field'  ><\/textarea>\n \n\t\t\t<div id=\"g2986-meddelande-textarea-error\" class=\"contact-form__input-error\" data-wp-class--has-errors=\"state.fieldHasErrors\">\n\t\t\t\t<span class=\"contact-form__warning-icon\" aria-hidden=\"true\">\n\t\t\t\t\t<svg width=\"16\" height=\"16\" viewBox=\"0 0 16 16\" fill=\"none\" xmlns=\"http:\/\/www.w3.org\/2000\/svg\">\n\t\t\t\t\t\t<path d=\"M8.50015 11.6402H7.50015V10.6402H8.50015V11.6402Z\" \/>\n\t\t\t\t\t\t<path d=\"M7.50015 9.64018H8.50015V6.30684H7.50015V9.64018Z\" \/>\n\t\t\t\t\t\t<path fill-rule=\"evenodd\" clip-rule=\"evenodd\" d=\"M6.98331 3.0947C7.42933 2.30177 8.57096 2.30177 9.01698 3.09469L13.8771 11.7349C14.3145 12.5126 13.7525 13.4735 12.8602 13.4735H3.14004C2.24774 13.4735 1.68575 12.5126 2.12321 11.7349L6.98331 3.0947ZM8.14541 3.58496C8.08169 3.47168 7.9186 3.47168 7.85488 3.58496L2.99478 12.2251C2.93229 12.3362 3.01257 12.4735 3.14004 12.4735H12.8602C12.9877 12.4735 13.068 12.3362 13.0055 12.2251L8.14541 3.58496Z\" \/>\n\t\t\t\t\t<\/svg>\n\t\t\t\t<\/span>\n\t\t\t\t<span data-wp-text=\"state.errorMessage\" id=\"g2986-meddelande-textarea-error-message\"><\/span>\n\t\t\t<\/div>\n\t<\/div>\n\t<p class='contact-submit'>\n<div class=\"contact-form__error\" data-wp-class--show-errors=\"state.showFormErrors\"><span class=\"contact-form__warning-icon\" aria-hidden=\"true\"><i><\/i><\/span><span class=\"contact-form__error-message\" tabindex=\"-1\" data-wp-watch=\"callbacks.focusOnValidationError\" data-wp-text=\"state.getFormErrorMessage\"><\/span><ul aria-label=\"Formul\u00e4rfel\">\n\t\t\t\t<template data-wp-each=\"state.getErrorList\" data-wp-key=\"context.item.id\">\n\t\t\t\t\t<li><a data-wp-bind--href=\"context.item.anchor\" data-wp-on--click=\"actions.scrollIntoView\" data-wp-text=\"context.item.label\"><\/a><\/li>\n\t\t\t\t<\/template>\n\t\t\t\t<\/ul><\/div><div class=\"contact-form__error\" data-wp-class--show-errors=\"state.showSubmissionError\" data-wp-text=\"context.submissionError\" tabindex=\"-1\" data-wp-watch=\"callbacks.focusOnSubmissionError\"><\/div>\t\t<button type='submit' class='pushbutton-wide'>Skicka<\/button>\t\t<input type='hidden' name='contact-form-id' value='2986' \/>\n\t\t<input type='hidden' name='action' value='grunion-contact-form' \/>\n\t\t<input type='hidden' name='contact-form-hash' value='0abdcf58e33247163f75920f1753af444475cbab' \/>\n\t<\/p>\n<\/form>\n<\/div>\n","protected":false},"excerpt":{"rendered":"<p><strong>Kraven p\u00e5 kemikalier \u00f6kar st\u00e4ndigt. Eftersom kemikalier finns i v\u00e4ldigt m\u00e5nga verksamheter \u00e4r det m\u00e5nga som omfattas. Under en heldag f\u00e5r du m\u00f6jlighet att l\u00e4ra dig vad som g\u00e4ller n\u00e4r man har kemikalier i en verksamhet. <\/strong><\/p>\n<p>Vi g\u00e5r \u00f6vergripande igenom lagar och regler och hj\u00e4lper dig i r\u00e4tt riktning g\u00e4llande riskbed\u00f6mning. Vi kommer \u00e4ven att titta p\u00e5 smarta arbetss\u00e4tt f\u00f6r att effektivisera kemikaliehanteringen och s\u00e4kerst\u00e4lla lagefterlevnad i verksamheten. Du kommer att f\u00e5 ett utbildningsmaterial och detta kan du konsultera om du \u00e4r os\u00e4ker p\u00e5 n\u00e5got i efterhand.<\/p>\n<p><strong>Kursen k\u00f6rs \u00e4ven som \u00f6ppen utbildning<\/strong><\/p>\n<table style=\"height: 137px;\" width=\"454\">\n<tbody>\n<tr>\n<td width=\"287\">* tisdag 6 Februari (vecka 6)\u00a0 &#8211; Distans<\/p>\n<p>* torsdag 18 april (vecka 16 &#8211; P\u00e5 plats<\/td>\n<\/tr>\n<\/tbody>\n<\/table>\n","protected":false},"featured_media":2975,"comment_status":"open","ping_status":"closed","template":"","meta":{"wds_primary_product_brand":0,"wds_primary_product_cat":0},"product_brand":[],"product_cat":[91,30,92,31],"product_tag":[],"class_list":{"0":"post-2986","1":"product","2":"type-product","3":"status-publish","4":"has-post-thumbnail","6":"product_cat-arbetsmiljo","7":"product_cat-business","8":"product_cat-kemikaliehantering","9":"product_cat-security","11":"first","12":"instock","13":"taxable","14":"shipping-taxable","15":"purchasable","16":"product-type-simple"},"jetpack_sharing_enabled":true,"_links":{"self":[{"href":"https:\/\/republify.se\/index.php\/wp-json\/wp\/v2\/product\/2986","targetHints":{"allow":["GET"]}}],"collection":[{"href":"https:\/\/republify.se\/index.php\/wp-json\/wp\/v2\/product"}],"about":[{"href":"https:\/\/republify.se\/index.php\/wp-json\/wp\/v2\/types\/product"}],"replies":[{"embeddable":true,"href":"https:\/\/republify.se\/index.php\/wp-json\/wp\/v2\/comments?post=2986"}],"wp:featuredmedia":[{"embeddable":true,"href":"https:\/\/republify.se\/index.php\/wp-json\/wp\/v2\/media\/2975"}],"wp:attachment":[{"href":"https:\/\/republify.se\/index.php\/wp-json\/wp\/v2\/media?parent=2986"}],"wp:term":[{"taxonomy":"product_brand","embeddable":true,"href":"https:\/\/republify.se\/index.php\/wp-json\/wp\/v2\/product_brand?post=2986"},{"taxonomy":"product_cat","embeddable":true,"href":"https:\/\/republify.se\/index.php\/wp-json\/wp\/v2\/product_cat?post=2986"},{"taxonomy":"product_tag","embeddable":true,"href":"https:\/\/republify.se\/index.php\/wp-json\/wp\/v2\/product_tag?post=2986"}],"curies":[{"name":"wp","href":"https:\/\/api.w.org\/{rel}","templated":true}]}}