{"id":2983,"date":"2022-03-22T08:40:55","date_gmt":"2022-03-22T07:40:55","guid":{"rendered":"https:\/\/republify.se\/?post_type=product&#038;p=2983"},"modified":"2023-11-20T14:43:35","modified_gmt":"2023-11-20T13:43:35","slug":"substitution-hur-du-kan-valja-skonsammare-produkter","status":"publish","type":"product","link":"https:\/\/republify.se\/index.php\/produkt\/substitution-hur-du-kan-valja-skonsammare-produkter\/","title":{"rendered":"Substitution \u2013 hur du kan v\u00e4lja skonsammare produkter"},"content":{"rendered":"<p><strong>I den h\u00e4r kursen introducerar vi enkla praktiska metoder p\u00e5 hur man kan t\u00e4nka n\u00e4r man skall jobba aktivt med att v\u00e4lja skonsammare produkter, n\u00e4r finns likv\u00e4rdiga alternativ. <\/strong><\/p>\n<p>Vill du veta hur man b\u00f6rjar och vad man skall t\u00e4nka p\u00e5 n\u00e4r man letar och skall v\u00e4lja b\u00e4ttre alternativ? Hur skall man prioritera i det olika aspekterna s\u00e5 som: h\u00e4lsorisker, milj\u00f6risker, brandrisker och funktion? Vi ger konkreta tips p\u00e5 olika aspekter och ramverk att ha med sig i sitt f\u00f6rb\u00e4ttringsarbete. Vi ger ocks\u00e5 flera tips som lyckade substitutioner och m\u00f6jligheter!<\/p>\n<p><strong>M\u00e5lgrupp<\/strong><\/p>\n<p>Alla \u00e4r v\u00e4lkomna till denna grundkurs. Riktar sig extra till er som jobbar aktivt med att f\u00f6rb\u00e4ttra er kemikaliehantering i olika steg.<\/p>\n<p><strong>Syfte med utbildningen<\/strong><\/p>\n<p>Det ska bli enklare att v\u00e4lja skonsammare produkter d\u00e5 det finns alternativ. Du ska f\u00e5 extra tips p\u00e5 flera t\u00e4nkbara subsitutionsalternativ och att \u00e4ven kunna f\u00f6rb\u00e4ttra din kemikaliehantering.<strong><br \/>\n<\/strong><\/p>\n<p><strong>Ing\u00e5ende delar:<\/strong><\/p>\n<ul>\n<li>Ramverk och vilka lagkrav som kr\u00e4ver substitution.<\/li>\n<li>Egna interna riktlinjer \/milj\u00f6m\u00e5l, begr\u00e4nsningslistor\/ som ocks\u00e5 gynnar skonsammare alternativ.<\/li>\n<li>Substitutionstrappan.<\/li>\n<li>Flertal enkla metoder som kan anv\u00e4ndas vid substitution\/produktval.<\/li>\n<li>\u00d6vningar\/exempel vid j\u00e4mf\u00f6relser och substitutioner.<\/li>\n<li>Flertal tips p\u00e5 lyckade substitutioner<\/li>\n<\/ul>\n<p>&nbsp;<\/p>\n<p>&nbsp;<\/p>\n<h3>Kursen levereras i samarbete med<\/h3>\n<p><img decoding=\"async\" class=\"alignnone size-medium wp-image-2966 lazyload\" data-src=\"https:\/\/republify.se\/wp-content\/uploads\/2022\/03\/chemgroup-300x63.jpg\" alt=\"\" width=\"300\" height=\"63\" data-srcset=\"https:\/\/republify.se\/wp-content\/uploads\/2022\/03\/chemgroup-300x63.jpg 300w, https:\/\/republify.se\/wp-content\/uploads\/2022\/03\/chemgroup.jpg 490w\" data-sizes=\"(max-width: 300px) 100vw, 300px\" src=\"data:image\/svg+xml;base64,PHN2ZyB3aWR0aD0iMSIgaGVpZ2h0PSIxIiB4bWxucz0iaHR0cDovL3d3dy53My5vcmcvMjAwMC9zdmciPjwvc3ZnPg==\" style=\"--smush-placeholder-width: 300px; --smush-placeholder-aspect-ratio: 300\/63;\" \/><\/p>\n<h2>Kontakta oss om denna kurs<\/h2>\n<div data-test='contact-form'\n\t\t\tid='contact-form-2983'\n\t\t\tclass='jetpack-contact-form-container '\n\t\t\tdata-wp-interactive='jetpack\/form' data-wp-context='{\"formId\":\"2983\",\"formHash\":\"58baa9f48f69d8e49d69ac2e3cb2aa1492e21260\",\"showErrors\":false,\"errors\":[],\"fields\":[],\"isMultiStep\":false,\"useAjax\":true,\"submissionData\":null,\"formattedSubmissionData\":[],\"submissionSuccess\":false,\"submissionError\":null,\"elementId\":\"jp-form-58baa9f48f69d8e49d69ac2e3cb2aa1492e21260\",\"isSingleInputForm\":false,\"isForcedHorizontal\":false}'\n\t\t\tdata-wp-watch--scroll-to-wrapper=\"callbacks.scrollToWrapper\"\n\t\t>\n<div class=\"contact-form-submission contact-form-ajax-submission\" data-wp-bind--aria-hidden=\"state.isSuccessMessageAriaHidden\" data-wp-class--submission-success=\"context.submissionSuccess\" id=\"contact-form-success-58baa9f48f69d8e49d69ac2e3cb2aa1492e21260\" tabindex=\"-1\" aria-labelledby=\"contact-form-success-header-58baa9f48f69d8e49d69ac2e3cb2aa1492e21260\"><p class=\"go-back-message\"><a class=\"link\" role=\"button\" tabindex=\"0\" data-wp-on--click=\"actions.goBack\" href=\"\/index.php\/wp-json\/wp\/v2\/product\/2983\">\u2190 Tillbaka<\/a><\/p><h4 data-wp-bind--aria-hidden=\"state.isSuccessMessageAriaHidden\" id=\"contact-form-success-header-58baa9f48f69d8e49d69ac2e3cb2aa1492e21260\">Tack f\u00f6r din respons. \u2728<\/h4>\n\n<template data-wp-each--submission=\"context.formattedSubmissionData\">\n\t\t\t\t\t<div class=\"jetpack_forms_contact-form-success-summary\">\n\t\t\t\t\t\t<div class=\"field-name-wrapper\">\n\t\t\t\t\t\t\t<div class=\"field-type-icon\" data-wp-watch=\"callbacks.watchFieldTypeIcon\"><\/div>\n\t\t\t\t\t\t\t<div class=\"field-name\" data-wp-text=\"context.submission.label\" data-wp-bind--hidden=\"!context.submission.label\"><\/div>\n\t\t\t\t\t\t<\/div>\n\t\t\t\t\t\t<div class=\"field-value\" data-wp-text=\"context.submission.value\" data-wp-bind--hidden=\"!context.submission.showPlainValue\"><\/div>\n\t\t\t\t\t\t<a class=\"field-url\" data-wp-bind--href=\"context.submission.url\" data-wp-text=\"context.submission.value\" data-wp-bind--hidden=\"!context.submission.url\" target=\"_blank\" rel=\"noopener noreferrer\"><\/a>\n\t\t\t\t\t\t<div class=\"field-rating\" data-wp-bind--hidden=\"!context.submission.rating\" data-wp-watch=\"callbacks.watchRatingIcons\"><\/div>\n\t\t\t\t\t\t<div class=\"field-images\" data-wp-bind--hidden=\"!context.submission.images\">\n\t\t\t\t\t\t\t<template data-wp-each--image=\"context.submission.images\">\n\t\t\t\t\t\t\t\t<div class=\"field-image-option\" data-wp-class--is-empty=\"!context.image.src\">\n\t\t\t\t\t\t\t\t\t<figure class=\"field-image-option__image\" data-wp-class--is-empty=\"!context.image.src\">\n\t\t\t\t\t\t\t\t\t\t<img data-wp-bind--src=\"context.image.src\" data-wp-bind--hidden=\"!context.image.src\" \/>\n\t\t\t\t\t\t\t\t\t\t<img decoding=\"async\" src=\"data:image\/gif;base64,R0lGODlhAQABAAD\/ACwAAAAAAQABAAACADs=\" data-wp-bind--hidden=\"context.image.src\" \/>\n\t\t\t\t\t\t\t\t\t<\/figure>\n\t\t\t\t\t\t\t\t\t<div class=\"field-image-option__label-wrapper\">\n\t\t\t\t\t\t\t\t\t\t<span class=\"field-image-option__label-code\" data-wp-text=\"context.image.letterCode\"><\/span>\n\t\t\t\t\t\t\t\t\t\t<span class=\"field-image-option__label\" data-wp-text=\"context.image.label\" data-wp-bind--hidden=\"!context.image.label\"><\/span>\n\t\t\t\t\t\t\t\t\t<\/div>\n\t\t\t\t\t\t\t\t<\/div>\n\t\t\t\t\t\t\t<\/template>\n\t\t\t\t\t\t<\/div>\n\t\t\t\t\t\t<div class=\"field-files\" data-wp-bind--hidden=\"!context.submission.files\">\n\t\t\t\t\t\t\t<template data-wp-each--file=\"context.submission.files\">\n\t\t\t\t\t\t\t\t<div class=\"field-file\">\n\t\t\t\t\t\t\t\t\t<div class=\"field-file__thumbnail\" data-wp-style--background-image=\"context.file.previewUrl\" data-wp-style--mask-image=\"context.file.iconUrl\" data-wp-bind--hidden=\"!context.file.hasPreview\"><\/div>\n\t\t\t\t\t\t\t\t\t<svg class=\"field-file__icon\" data-wp-bind--hidden=\"context.file.hasPreview\" width=\"20\" height=\"20\" viewBox=\"0 0 24 24\" fill=\"none\" xmlns=\"http:\/\/www.w3.org\/2000\/svg\" aria-hidden=\"true\">\n\t\t\t\t\t\t\t\t\t\t<path d=\"M14 2H6C4.9 2 4 2.9 4 4V20C4 21.1 4.89 22 5.99 22H18C19.1 22 20 21.1 20 20V8L14 2ZM18 20H6V4H13V9H18V20Z\" fill=\"currentColor\"\/>\n\t\t\t\t\t\t\t\t\t<\/svg>\n\t\t\t\t\t\t\t\t\t<span class=\"field-file__name\" data-wp-text=\"context.file.name\"><\/span>\n\t\t\t\t\t\t\t\t\t<span class=\"field-file__size\" data-wp-text=\"context.file.size\"><\/span>\n\t\t\t\t\t\t\t\t<\/div>\n\t\t\t\t\t\t\t<\/template>\n\t\t\t\t\t\t<\/div>\n\t\t\t\t\t<\/div>\n\t\t\t\t<\/template><\/div><form action='https:\/\/republify.se\/index.php\/produkt\/substitution-hur-du-kan-valja-skonsammare-produkter\/'\n\t\t\t\tid='jp-form-58baa9f48f69d8e49d69ac2e3cb2aa1492e21260'\n\t\t\t\tmethod='post'\n\t\t\t\tclass='contact-form commentsblock jetpack-contact-form__form has-no-jetpack-form-layout' aria-label=\"Substitution \u2013 hur du kan v\u00e4lja skonsammare produkter\"\n\t\t\t\tdata-wp-on--submit=\"actions.onFormSubmit\"\n\t\t\t\tdata-wp-on--reset=\"actions.onFormReset\"\n\t\t\t\tdata-wp-class--submission-success=\"context.submissionSuccess\"\n\t\t\t\tdata-wp-class--is-first-step=\"state.isFirstStep\"\n\t\t\t\tdata-wp-class--is-last-step=\"state.isLastStep\"\n\t\t\t\tdata-wp-class--is-ajax-form=\"context.useAjax\"\n\t\t\t\tnovalidate >\n<input type='hidden' name='jetpack_contact_form_jwt' value='eyJ0eXAiOiJKV1QiLCJhbGciOiJIUzI1NiJ9.eyJlbmNyeXB0ZWRfYXR0cmlidXRlcyI6Ino3VEVYMnM2VWtlTGdhMGczcHdIMmQxYnBock1yd1ZtUnZWc0U1N0xiSFBaNklNU2dETFFsRi9IaGY1ek51ZHM4djA3MHNzekowVmFXd0s1UUVpMk9ZSXRKRStwN2YwWHZ5RVpmWTBxdkFmaWJjR2JvKzNTNE9zbjltejY5ajFUdU9zVUdjSkp5NFp1bEEzYXkyM3JNcHd5K2lveXZ1aWlXYVVrVlMrZDZQVnFhemZoU0k1NGFJdU1KTGd6em1XTEpTQnNFdTRDZmE2Y1FsWkoyUlhpQkw0MTdaai9TbUtOelkwSWNqZGRiZHRPT3pLQUQvRDNYcitzZDJZTDNPL01kaENicGFhajc3Qmh3aUdYTFRxSmdTYmNVMzZScjhqMkhnc0I1V1djOW9KZ2RzK0FBMGV6T3J0RG9KK0RzaVpaS3hGVGRaRmEzNTlJdHhSRXd6TmVmbmRHY0Zvc1Mwb0xjMkpnbUhQYkdmVnJhRldMMjFSbm50WmwvK2dMZ0Uzeit4UURkdVhna3loQkxPbHVCWitSWHNUbmtIbUpqREFLVDJWUG56ZzVXLzJpVUZBQ3Q1MDVUYVVMZUJiWitqem5IbWQwZ0l2cUxEUi9xYy9YM1I1YkNNbUpTaGRlMWhNY2w3TWpxSDBrZkhSc29UOXh6M1VOVzA3Zy8xOHJ3QUhkTFdjV2lVUVNkVEVFNWpsd3U1ajRxUjVKWllETkdIeERHN0JjbUhvcENIUFIvb1M1aXdQYnlCQzhvSGdLblhha01lQUtUcUR6S0hMcGVoN3dadmcvQVRMY0s3eUtBSWVsemovekJMeXkyUTFDMkxkalZ3SWhZNDRTTnhEbENKK1dZanpFbFk5ampubEdmY1ZLdkV5ajVkSFFrc3RBVUlXUFYzS0pRYlliMUJ2ME1pc1ZUVlVGT1RQL2RzMjhqUWdZZUpESFh5VEtvQk5UajVoN0hlNkZjbUZScSs5M1NhOU0zNzZYNjhJaVJJS2E1WGZCaEQ4Qlh6MlRhWDRGbzEwYWU5aVBWcmp3N25XdCs4RlBRMU4rRmFZdXE4VFFjS1dYNytnL042NGd1ZGx2L1pFakFOZ0lPWGpSLzlBclFaQk9GdHZUNlQyZ1B4N3N4ZVhEL1BSbmF5SlRxcWpzWUNSSm53eDZadi9mdmw4VUs0RW1Sa2hNYk16MTZVQnR4TWx6OEE5NkVpaW9vTTFNVTBVdkVOLytxWVNVZjZ0dzZRZU5MZkxSRDl5Zm1HNVdORlQrV3lUT1crUVBBdE9uS2hvVjFPYXJqS2ttZGc9PSIsImNvbnRlbnQiOiJbY29udGFjdC1maWVsZCBsYWJlbD1cIk5hbW5cIiB0eXBlPVwibmFtZVwiIHJlcXVpcmVkPVwiMVwiXVtjb250YWN0LWZpZWxkIGxhYmVsPVwiRS1wb3N0XCIgdHlwZT1cImVtYWlsXCIgcmVxdWlyZWQ9XCIxXCJdW2NvbnRhY3QtZmllbGQgbGFiZWw9XCJNZWRkZWxhbmRlXCIgdHlwZT1cInRleHRhcmVhXCJdIiwiaGFzaCI6IjU4YmFhOWY0OGY2OWQ4ZTQ5ZDY5YWMyZTNjYjJhYTE0OTJlMjEyNjAiLCJzb3VyY2UiOnsiZW50cnlfdGl0bGUiOiJTdWJzdGl0dXRpb24gXHUyMDEzIGh1ciBkdSBrYW4gdlx1MDBlNGxqYSBza29uc2FtbWFyZSBwcm9kdWt0ZXIiLCJlbnRyeV9wYWdlIjoxLCJzb3VyY2VfaWQiOjI5ODMsInNvdXJjZV90eXBlIjoic2luZ2xlIiwicmVxdWVzdF91cmwiOiJodHRwczovL3JlcHVibGlmeS5zZS93cC1qc29uL3dwL3YyL3Byb2R1Y3QvMjk4MyJ9LCJ2ZXJzaW9uIjoyLCJjaXBoZXIiOiJhZXMtMjU2LWdjbSJ9.k7VlaK8_5RqQTe9IA11kObjESeBWEzf_Mp0AaNIYxxg' \/>\n\n<div style=\"\"  data-wp-interactive=\"jetpack\/form\" data-wp-context='{\"fieldId\":\"g2983-namn\",\"fieldType\":\"name\",\"fieldLabel\":\"Namn\",\"fieldValue\":\"\",\"fieldPlaceholder\":\"\",\"fieldIsRequired\":\"1\",\"fieldErrorMessage\":\"\",\"fieldExtra\":[],\"formHash\":\"58baa9f48f69d8e49d69ac2e3cb2aa1492e21260\"}'  class='grunion-field-name-wrap grunion-field-wrap'  data-wp-init='callbacks.initializeField' data-wp-on--jetpack-form-reset='callbacks.initializeField' >\n<label\n\t\t\t\tfor='g2983-namn' class=\"grunion-field-label name\" >Namn<span class=\"grunion-label-required\" aria-hidden=\"true\">(obligatoriskt)<\/span><\/label>\n<input\n\t\t\t\t\ttype='text'\n\t\t\t\t\tname='g2983-namn'\n\t\t\t\t\tid='g2983-namn'\n\t\t\t\t\tvalue=''\n\n\t\t\t\t\tdata-wp-bind--aria-invalid='state.fieldAriaInvalid'\n\t\t\t\t\tdata-wp-bind--value='state.getFieldValue'\n\t\t\t\t\taria-describedby='g2983-namn-text-error-message'\n\t\t\t\t\tdata-wp-on--input='actions.onFieldChange'\n\t\t\t\t\tdata-wp-on--blur='actions.onFieldBlur'\n\t\t\t\t\tdata-wp-class--has-value='state.hasFieldValue'\n\n\t\t\t\t\tclass='name  grunion-field' \n\t\t\t\t\trequired='true' aria-required='true'  \/>\n \n\t\t\t<div id=\"g2983-namn-text-error\" class=\"contact-form__input-error\" data-wp-class--has-errors=\"state.fieldHasErrors\">\n\t\t\t\t<span class=\"contact-form__warning-icon\" aria-hidden=\"true\">\n\t\t\t\t\t<svg width=\"16\" height=\"16\" viewBox=\"0 0 16 16\" fill=\"none\" xmlns=\"http:\/\/www.w3.org\/2000\/svg\">\n\t\t\t\t\t\t<path d=\"M8.50015 11.6402H7.50015V10.6402H8.50015V11.6402Z\" \/>\n\t\t\t\t\t\t<path d=\"M7.50015 9.64018H8.50015V6.30684H7.50015V9.64018Z\" \/>\n\t\t\t\t\t\t<path fill-rule=\"evenodd\" clip-rule=\"evenodd\" d=\"M6.98331 3.0947C7.42933 2.30177 8.57096 2.30177 9.01698 3.09469L13.8771 11.7349C14.3145 12.5126 13.7525 13.4735 12.8602 13.4735H3.14004C2.24774 13.4735 1.68575 12.5126 2.12321 11.7349L6.98331 3.0947ZM8.14541 3.58496C8.08169 3.47168 7.9186 3.47168 7.85488 3.58496L2.99478 12.2251C2.93229 12.3362 3.01257 12.4735 3.14004 12.4735H12.8602C12.9877 12.4735 13.068 12.3362 13.0055 12.2251L8.14541 3.58496Z\" \/>\n\t\t\t\t\t<\/svg>\n\t\t\t\t<\/span>\n\t\t\t\t<span data-wp-text=\"state.errorMessage\" id=\"g2983-namn-text-error-message\"><\/span>\n\t\t\t<\/div> \n\t<\/div>\n\n<div style=\"\"  data-wp-interactive=\"jetpack\/form\" data-wp-context='{\"fieldId\":\"g2983-epost\",\"fieldType\":\"email\",\"fieldLabel\":\"E-post\",\"fieldValue\":\"\",\"fieldPlaceholder\":\"\",\"fieldIsRequired\":\"1\",\"fieldErrorMessage\":\"\",\"fieldExtra\":[],\"formHash\":\"58baa9f48f69d8e49d69ac2e3cb2aa1492e21260\"}'  class='grunion-field-email-wrap grunion-field-wrap'  data-wp-init='callbacks.initializeField' data-wp-on--jetpack-form-reset='callbacks.initializeField' >\n<label\n\t\t\t\tfor='g2983-epost' class=\"grunion-field-label email\" >E-post<span class=\"grunion-label-required\" aria-hidden=\"true\">(obligatoriskt)<\/span><\/label>\n<input\n\t\t\t\t\ttype='email'\n\t\t\t\t\tname='g2983-epost'\n\t\t\t\t\tid='g2983-epost'\n\t\t\t\t\tvalue=''\n\n\t\t\t\t\tdata-wp-bind--aria-invalid='state.fieldAriaInvalid'\n\t\t\t\t\tdata-wp-bind--value='state.getFieldValue'\n\t\t\t\t\taria-describedby='g2983-epost-email-error-message'\n\t\t\t\t\tdata-wp-on--input='actions.onFieldChange'\n\t\t\t\t\tdata-wp-on--blur='actions.onFieldBlur'\n\t\t\t\t\tdata-wp-class--has-value='state.hasFieldValue'\n\n\t\t\t\t\tclass='email  grunion-field' \n\t\t\t\t\trequired='true' aria-required='true'  \/>\n \n\t\t\t<div id=\"g2983-epost-email-error\" class=\"contact-form__input-error\" data-wp-class--has-errors=\"state.fieldHasErrors\">\n\t\t\t\t<span class=\"contact-form__warning-icon\" aria-hidden=\"true\">\n\t\t\t\t\t<svg width=\"16\" height=\"16\" viewBox=\"0 0 16 16\" fill=\"none\" xmlns=\"http:\/\/www.w3.org\/2000\/svg\">\n\t\t\t\t\t\t<path d=\"M8.50015 11.6402H7.50015V10.6402H8.50015V11.6402Z\" \/>\n\t\t\t\t\t\t<path d=\"M7.50015 9.64018H8.50015V6.30684H7.50015V9.64018Z\" \/>\n\t\t\t\t\t\t<path fill-rule=\"evenodd\" clip-rule=\"evenodd\" d=\"M6.98331 3.0947C7.42933 2.30177 8.57096 2.30177 9.01698 3.09469L13.8771 11.7349C14.3145 12.5126 13.7525 13.4735 12.8602 13.4735H3.14004C2.24774 13.4735 1.68575 12.5126 2.12321 11.7349L6.98331 3.0947ZM8.14541 3.58496C8.08169 3.47168 7.9186 3.47168 7.85488 3.58496L2.99478 12.2251C2.93229 12.3362 3.01257 12.4735 3.14004 12.4735H12.8602C12.9877 12.4735 13.068 12.3362 13.0055 12.2251L8.14541 3.58496Z\" \/>\n\t\t\t\t\t<\/svg>\n\t\t\t\t<\/span>\n\t\t\t\t<span data-wp-text=\"state.errorMessage\" id=\"g2983-epost-email-error-message\"><\/span>\n\t\t\t<\/div> \n\t<\/div>\n\n<div style=\"\"  data-wp-interactive=\"jetpack\/form\" data-wp-context='{\"fieldId\":\"g2983-meddelande\",\"fieldType\":\"textarea\",\"fieldLabel\":\"Meddelande\",\"fieldValue\":\"\",\"fieldPlaceholder\":\"\",\"fieldIsRequired\":\"\",\"fieldErrorMessage\":\"\",\"fieldExtra\":[],\"formHash\":\"58baa9f48f69d8e49d69ac2e3cb2aa1492e21260\"}'  class='grunion-field-textarea-wrap grunion-field-wrap'  data-wp-init='callbacks.initializeField' data-wp-on--jetpack-form-reset='callbacks.initializeField' >\n<label\n\t\t\t\tfor='contact-form-comment-g2983-meddelande' class=\"grunion-field-label textarea\" >Meddelande<\/label>\n<textarea\n\t\t                style=''\n\t\t                name='g2983-meddelande'\n\t\t                id='contact-form-comment-g2983-meddelande'\n\t\t                rows='20'\n\t\t\t\t\t\tdata-wp-text='state.getFieldValue'\n\t\t\t\t\t\tdata-wp-on--input='actions.onFieldChange'\n\t\t\t\t\t\tdata-wp-on--blur='actions.onFieldBlur'\n\t\t\t\t\t\tdata-wp-class--has-value='state.hasFieldValue'\n\t\t\t\t\t\taria-describedby='g2983-meddelande-textarea-error-message'\n\t\t\t\t\t\tdata-wp-bind--aria-invalid='state.fieldAriaInvalid'\n\t\t\t\t\t\tclass='textarea  grunion-field'  ><\/textarea>\n \n\t\t\t<div id=\"g2983-meddelande-textarea-error\" class=\"contact-form__input-error\" data-wp-class--has-errors=\"state.fieldHasErrors\">\n\t\t\t\t<span class=\"contact-form__warning-icon\" aria-hidden=\"true\">\n\t\t\t\t\t<svg width=\"16\" height=\"16\" viewBox=\"0 0 16 16\" fill=\"none\" xmlns=\"http:\/\/www.w3.org\/2000\/svg\">\n\t\t\t\t\t\t<path d=\"M8.50015 11.6402H7.50015V10.6402H8.50015V11.6402Z\" \/>\n\t\t\t\t\t\t<path d=\"M7.50015 9.64018H8.50015V6.30684H7.50015V9.64018Z\" \/>\n\t\t\t\t\t\t<path fill-rule=\"evenodd\" clip-rule=\"evenodd\" d=\"M6.98331 3.0947C7.42933 2.30177 8.57096 2.30177 9.01698 3.09469L13.8771 11.7349C14.3145 12.5126 13.7525 13.4735 12.8602 13.4735H3.14004C2.24774 13.4735 1.68575 12.5126 2.12321 11.7349L6.98331 3.0947ZM8.14541 3.58496C8.08169 3.47168 7.9186 3.47168 7.85488 3.58496L2.99478 12.2251C2.93229 12.3362 3.01257 12.4735 3.14004 12.4735H12.8602C12.9877 12.4735 13.068 12.3362 13.0055 12.2251L8.14541 3.58496Z\" \/>\n\t\t\t\t\t<\/svg>\n\t\t\t\t<\/span>\n\t\t\t\t<span data-wp-text=\"state.errorMessage\" id=\"g2983-meddelande-textarea-error-message\"><\/span>\n\t\t\t<\/div>\n\t<\/div>\n\t<p class='contact-submit'>\n<div class=\"contact-form__error\" data-wp-class--show-errors=\"state.showFormErrors\"><span class=\"contact-form__warning-icon\" aria-hidden=\"true\"><i><\/i><\/span><span class=\"contact-form__error-message\" tabindex=\"-1\" data-wp-watch=\"callbacks.focusOnValidationError\" data-wp-text=\"state.getFormErrorMessage\"><\/span><ul aria-label=\"Formul\u00e4rfel\">\n\t\t\t\t<template data-wp-each=\"state.getErrorList\" data-wp-key=\"context.item.id\">\n\t\t\t\t\t<li><a data-wp-bind--href=\"context.item.anchor\" data-wp-on--click=\"actions.scrollIntoView\" data-wp-text=\"context.item.label\"><\/a><\/li>\n\t\t\t\t<\/template>\n\t\t\t\t<\/ul><\/div><div class=\"contact-form__error\" data-wp-class--show-errors=\"state.showSubmissionError\" data-wp-text=\"context.submissionError\" tabindex=\"-1\" data-wp-watch=\"callbacks.focusOnSubmissionError\"><\/div>\t\t<button type='submit' class='pushbutton-wide'>Skicka<\/button>\t\t<input type='hidden' name='contact-form-id' value='2983' \/>\n\t\t<input type='hidden' name='action' value='grunion-contact-form' \/>\n\t\t<input type='hidden' name='contact-form-hash' value='58baa9f48f69d8e49d69ac2e3cb2aa1492e21260' \/>\n\t<\/p>\n<\/form>\n<\/div>\n","protected":false},"excerpt":{"rendered":"<p><strong>I den h\u00e4r kursen introducerar vi enkla praktiska metoder p\u00e5 hur man kan t\u00e4nka n\u00e4r man skall jobba aktivt med att v\u00e4lja skonsammare produkter, n\u00e4r finns likv\u00e4rdiga alternativ. <\/strong><\/p>\n<p>Vill du veta hur man b\u00f6rjar och vad man skall t\u00e4nka p\u00e5 n\u00e4r man letar och skall v\u00e4lja b\u00e4ttre alternativ? Hur skall man prioritera i det olika aspekterna s\u00e5 som: h\u00e4lsorisker, milj\u00f6risker, brandrisker och funktion? Vi ger konkreta tips p\u00e5 olika aspekter och ramverk att ha med sig i sitt f\u00f6rb\u00e4ttringsarbete. Vi ger ocks\u00e5 flera tips som lyckade substitutioner och m\u00f6jligheter!<\/p>\n<p><strong>Denna utbildning har \u00e4ven schemalagda kursdatum:<\/strong><\/p>\n<table width=\"287\">\n<tbody>\n<tr>\n<td width=\"287\">* onsdag 21\u00a0 mars (Vecka 12)\u00a0 &#8211; Distans<\/td>\n<\/tr>\n<\/tbody>\n<\/table>\n","protected":false},"featured_media":2975,"comment_status":"open","ping_status":"closed","template":"","meta":{"wds_primary_product_brand":0,"wds_primary_product_cat":0},"product_brand":[],"product_cat":[91,30,92,31],"product_tag":[],"class_list":{"0":"post-2983","1":"product","2":"type-product","3":"status-publish","4":"has-post-thumbnail","6":"product_cat-arbetsmiljo","7":"product_cat-business","8":"product_cat-kemikaliehantering","9":"product_cat-security","11":"first","12":"instock","13":"taxable","14":"shipping-taxable","15":"purchasable","16":"product-type-simple"},"jetpack_sharing_enabled":true,"_links":{"self":[{"href":"https:\/\/republify.se\/index.php\/wp-json\/wp\/v2\/product\/2983","targetHints":{"allow":["GET"]}}],"collection":[{"href":"https:\/\/republify.se\/index.php\/wp-json\/wp\/v2\/product"}],"about":[{"href":"https:\/\/republify.se\/index.php\/wp-json\/wp\/v2\/types\/product"}],"replies":[{"embeddable":true,"href":"https:\/\/republify.se\/index.php\/wp-json\/wp\/v2\/comments?post=2983"}],"wp:featuredmedia":[{"embeddable":true,"href":"https:\/\/republify.se\/index.php\/wp-json\/wp\/v2\/media\/2975"}],"wp:attachment":[{"href":"https:\/\/republify.se\/index.php\/wp-json\/wp\/v2\/media?parent=2983"}],"wp:term":[{"taxonomy":"product_brand","embeddable":true,"href":"https:\/\/republify.se\/index.php\/wp-json\/wp\/v2\/product_brand?post=2983"},{"taxonomy":"product_cat","embeddable":true,"href":"https:\/\/republify.se\/index.php\/wp-json\/wp\/v2\/product_cat?post=2983"},{"taxonomy":"product_tag","embeddable":true,"href":"https:\/\/republify.se\/index.php\/wp-json\/wp\/v2\/product_tag?post=2983"}],"curies":[{"name":"wp","href":"https:\/\/api.w.org\/{rel}","templated":true}]}}