{"id":2982,"date":"2022-03-22T08:37:35","date_gmt":"2022-03-22T07:37:35","guid":{"rendered":"https:\/\/republify.se\/?post_type=product&#038;p=2982"},"modified":"2023-11-20T14:44:36","modified_gmt":"2023-11-20T13:44:36","slug":"regler-for-amnen-i-varor-reach-rohs-scip-etc","status":"publish","type":"product","link":"https:\/\/republify.se\/index.php\/produkt\/regler-for-amnen-i-varor-reach-rohs-scip-etc\/","title":{"rendered":"Regler f\u00f6r \u00e4mnen i varor \u2013 Reach\/RoHS\/SCIP etc"},"content":{"rendered":"<p><strong>Idag st\u00e4lls det en rad olika krav p\u00e5 inneh\u00e5ll av kemiska \u00e4mnen i varor. Samtliga varor omfattas av lagstiftningen och exempel p\u00e5 vad som \u00e4r varor \u00e4r m\u00f6bler, verktyg, maskiner och kl\u00e4der. <\/strong><\/p>\n<p>Som leverant\u00f6r av varor \u00e4r det ibland sv\u00e5rt att reda ut vilka krav som st\u00e4lls p\u00e5 sin verksamhet och framf\u00f6r allt vilka \u00e5tg\u00e4rder som \u00e4r tillr\u00e4ckliga f\u00f6r att leva upp till lagkraven. I den h\u00e4r kursen g\u00e5r vi igenom vilka lagkrav som st\u00e4lls p\u00e5 verksamheter som levererar varor. Vi ger konkreta tips p\u00e5 arbetss\u00e4tt f\u00f6r att s\u00e4kerst\u00e4lla att ni lever upp till de krav som st\u00e4lls. I kursen g\u00e5r vi \u00e4ven igenom hur man genomf\u00f6r en anm\u00e4lan till SCIP-databasen.<\/p>\n<p><strong>M\u00e5lgrupp<\/strong><\/p>\n<p>Kursen v\u00e4nder sig till alla verksamheter som levererar varor och \u00e4r l\u00e4mplig f\u00f6r milj\u00f6ansvariga, ink\u00f6pare, produktutvecklingsansvariga, marknadsansvariga och ledning.<\/p>\n<p><strong>Syfte med utbildningen<\/strong><\/p>\n<p>Deltagarna blir v\u00e4l insatta i vilka lagkrav som st\u00e4lls g\u00e4llande farliga kemiska \u00e4mnen i varor samt vilka \u00e5tg\u00e4rder de beh\u00f6ver genomf\u00f6ra f\u00f6r att efterleva kraven.<\/p>\n<p>&nbsp;<\/p>\n<p><strong>Ing\u00e5ende delar:<\/strong><\/p>\n<ul>\n<li>Vad \u00e4r en vara?<\/li>\n<li>Reach ur ett varuperspektiv<\/li>\n<li>Avfallsdirektivet och SCIP<\/li>\n<li>Grunderna i andra lagkrav s\u00e5som RoHS, POP, Konfliktmineraler, biocider etc.<\/li>\n<li>Praktisk v\u00e4gledning till hur kraven kan efterlevas<br \/>\n\u2013 riskbed\u00f6mning av varor\/leverant\u00f6rer<br \/>\n\u2013 Kontakter med leverant\u00f6rer<br \/>\n\u2013 Information till kunder<br \/>\n\u2013 Anm\u00e4lan till SCIP<br \/>\n\u2013 Rutiner och arbetss\u00e4tt<\/li>\n<\/ul>\n<p>&nbsp;<\/p>\n<h3>Kursen levereras i samarbete med<\/h3>\n<p><img decoding=\"async\" class=\"alignnone size-medium wp-image-2966 lazyload\" data-src=\"https:\/\/republify.se\/wp-content\/uploads\/2022\/03\/chemgroup-300x63.jpg\" alt=\"\" width=\"300\" height=\"63\" data-srcset=\"https:\/\/republify.se\/wp-content\/uploads\/2022\/03\/chemgroup-300x63.jpg 300w, https:\/\/republify.se\/wp-content\/uploads\/2022\/03\/chemgroup.jpg 490w\" data-sizes=\"(max-width: 300px) 100vw, 300px\" src=\"data:image\/svg+xml;base64,PHN2ZyB3aWR0aD0iMSIgaGVpZ2h0PSIxIiB4bWxucz0iaHR0cDovL3d3dy53My5vcmcvMjAwMC9zdmciPjwvc3ZnPg==\" style=\"--smush-placeholder-width: 300px; --smush-placeholder-aspect-ratio: 300\/63;\" \/><\/p>\n<h2>Kontakta oss om denna kurs<\/h2>\n<div data-test='contact-form'\n\t\t\tid='contact-form-2982'\n\t\t\tclass='jetpack-contact-form-container '\n\t\t\tdata-wp-interactive='jetpack\/form' data-wp-context='{\"formId\":\"2982\",\"formHash\":\"526a0133f7b85778b54592e6a39e6d9c243b110d\",\"showErrors\":false,\"errors\":[],\"fields\":[],\"isMultiStep\":false,\"useAjax\":true,\"submissionData\":null,\"formattedSubmissionData\":[],\"submissionSuccess\":false,\"submissionError\":null,\"elementId\":\"jp-form-526a0133f7b85778b54592e6a39e6d9c243b110d\",\"isSingleInputForm\":false,\"isForcedHorizontal\":false}'\n\t\t\tdata-wp-watch--scroll-to-wrapper=\"callbacks.scrollToWrapper\"\n\t\t>\n<div class=\"contact-form-submission contact-form-ajax-submission\" data-wp-bind--aria-hidden=\"state.isSuccessMessageAriaHidden\" data-wp-class--submission-success=\"context.submissionSuccess\" id=\"contact-form-success-526a0133f7b85778b54592e6a39e6d9c243b110d\" tabindex=\"-1\" aria-labelledby=\"contact-form-success-header-526a0133f7b85778b54592e6a39e6d9c243b110d\"><p class=\"go-back-message\"><a class=\"link\" role=\"button\" tabindex=\"0\" data-wp-on--click=\"actions.goBack\" href=\"\/index.php\/wp-json\/wp\/v2\/product\/2982\">\u2190 Tillbaka<\/a><\/p><h4 data-wp-bind--aria-hidden=\"state.isSuccessMessageAriaHidden\" id=\"contact-form-success-header-526a0133f7b85778b54592e6a39e6d9c243b110d\">Tack f\u00f6r din respons. \u2728<\/h4>\n\n<template data-wp-each--submission=\"context.formattedSubmissionData\">\n\t\t\t\t\t<div class=\"jetpack_forms_contact-form-success-summary\">\n\t\t\t\t\t\t<div class=\"field-name-wrapper\">\n\t\t\t\t\t\t\t<div class=\"field-type-icon\" data-wp-watch=\"callbacks.watchFieldTypeIcon\"><\/div>\n\t\t\t\t\t\t\t<div class=\"field-name\" data-wp-text=\"context.submission.label\" data-wp-bind--hidden=\"!context.submission.label\"><\/div>\n\t\t\t\t\t\t<\/div>\n\t\t\t\t\t\t<div class=\"field-value\" data-wp-text=\"context.submission.value\" data-wp-bind--hidden=\"!context.submission.showPlainValue\"><\/div>\n\t\t\t\t\t\t<a class=\"field-url\" data-wp-bind--href=\"context.submission.url\" data-wp-text=\"context.submission.value\" data-wp-bind--hidden=\"!context.submission.url\" target=\"_blank\" rel=\"noopener noreferrer\"><\/a>\n\t\t\t\t\t\t<div class=\"field-rating\" data-wp-bind--hidden=\"!context.submission.rating\" data-wp-watch=\"callbacks.watchRatingIcons\"><\/div>\n\t\t\t\t\t\t<div class=\"field-images\" data-wp-bind--hidden=\"!context.submission.images\">\n\t\t\t\t\t\t\t<template data-wp-each--image=\"context.submission.images\">\n\t\t\t\t\t\t\t\t<div class=\"field-image-option\" data-wp-class--is-empty=\"!context.image.src\">\n\t\t\t\t\t\t\t\t\t<figure class=\"field-image-option__image\" data-wp-class--is-empty=\"!context.image.src\">\n\t\t\t\t\t\t\t\t\t\t<img data-wp-bind--src=\"context.image.src\" data-wp-bind--hidden=\"!context.image.src\" \/>\n\t\t\t\t\t\t\t\t\t\t<img decoding=\"async\" src=\"data:image\/gif;base64,R0lGODlhAQABAAD\/ACwAAAAAAQABAAACADs=\" data-wp-bind--hidden=\"context.image.src\" \/>\n\t\t\t\t\t\t\t\t\t<\/figure>\n\t\t\t\t\t\t\t\t\t<div class=\"field-image-option__label-wrapper\">\n\t\t\t\t\t\t\t\t\t\t<span class=\"field-image-option__label-code\" data-wp-text=\"context.image.letterCode\"><\/span>\n\t\t\t\t\t\t\t\t\t\t<span class=\"field-image-option__label\" data-wp-text=\"context.image.label\" data-wp-bind--hidden=\"!context.image.label\"><\/span>\n\t\t\t\t\t\t\t\t\t<\/div>\n\t\t\t\t\t\t\t\t<\/div>\n\t\t\t\t\t\t\t<\/template>\n\t\t\t\t\t\t<\/div>\n\t\t\t\t\t\t<div class=\"field-files\" data-wp-bind--hidden=\"!context.submission.files\">\n\t\t\t\t\t\t\t<template data-wp-each--file=\"context.submission.files\">\n\t\t\t\t\t\t\t\t<div class=\"field-file\">\n\t\t\t\t\t\t\t\t\t<div class=\"field-file__thumbnail\" data-wp-style--background-image=\"context.file.previewUrl\" data-wp-style--mask-image=\"context.file.iconUrl\" data-wp-bind--hidden=\"!context.file.hasPreview\"><\/div>\n\t\t\t\t\t\t\t\t\t<svg class=\"field-file__icon\" data-wp-bind--hidden=\"context.file.hasPreview\" width=\"20\" height=\"20\" viewBox=\"0 0 24 24\" fill=\"none\" xmlns=\"http:\/\/www.w3.org\/2000\/svg\" aria-hidden=\"true\">\n\t\t\t\t\t\t\t\t\t\t<path d=\"M14 2H6C4.9 2 4 2.9 4 4V20C4 21.1 4.89 22 5.99 22H18C19.1 22 20 21.1 20 20V8L14 2ZM18 20H6V4H13V9H18V20Z\" fill=\"currentColor\"\/>\n\t\t\t\t\t\t\t\t\t<\/svg>\n\t\t\t\t\t\t\t\t\t<span class=\"field-file__name\" data-wp-text=\"context.file.name\"><\/span>\n\t\t\t\t\t\t\t\t\t<span class=\"field-file__size\" data-wp-text=\"context.file.size\"><\/span>\n\t\t\t\t\t\t\t\t<\/div>\n\t\t\t\t\t\t\t<\/template>\n\t\t\t\t\t\t<\/div>\n\t\t\t\t\t<\/div>\n\t\t\t\t<\/template><\/div><form action='https:\/\/republify.se\/index.php\/produkt\/regler-for-amnen-i-varor-reach-rohs-scip-etc\/'\n\t\t\t\tid='jp-form-526a0133f7b85778b54592e6a39e6d9c243b110d'\n\t\t\t\tmethod='post'\n\t\t\t\tclass='contact-form commentsblock jetpack-contact-form__form has-no-jetpack-form-layout' aria-label=\"Regler f\u00f6r \u00e4mnen i varor \u2013 Reach\/RoHS\/SCIP etc\"\n\t\t\t\tdata-wp-on--submit=\"actions.onFormSubmit\"\n\t\t\t\tdata-wp-on--reset=\"actions.onFormReset\"\n\t\t\t\tdata-wp-class--submission-success=\"context.submissionSuccess\"\n\t\t\t\tdata-wp-class--is-first-step=\"state.isFirstStep\"\n\t\t\t\tdata-wp-class--is-last-step=\"state.isLastStep\"\n\t\t\t\tdata-wp-class--is-ajax-form=\"context.useAjax\"\n\t\t\t\tnovalidate >\n<input type='hidden' name='jetpack_contact_form_jwt' value='eyJ0eXAiOiJKV1QiLCJhbGciOiJIUzI1NiJ9.eyJlbmNyeXB0ZWRfYXR0cmlidXRlcyI6InRsYkR0YUMyYVJkbEJ1MHlHb0pSdUFnUTlmMkxjWWE2SUdWSVpKLzQxQVlsL2NyVlpBZ1Z2WjhoWTBkTmZCYmQvQnVRcWQ4eHVxMC95cWlQWmNzMWk2dmF3b1BNNUxGT3ZXQWtQTlZSYkowUVllRWxSNjhsZmhkVFpib2tFdmtKMEh5alVSdWVmcWFkb2pZYzA2UG1SYVQvL3RMMW96TGllOUJLRm9NUmVBZ2RKNkE2ZWc1MUZjYUl4MVIwU0Y4U3ArdE02c1RLd1ZQTDhZVDJJMUJsUHR0cFRVY3MySzlHVEFrZGlEM0pSZjlIWEo1azJjRVh3L0NJeTZPUnZNamw3Qk9DZ0M0WnVIQXFtaEVmWjhBb1d1M3VYSlFlZ1BHeXROUjE3YXV1c1F0ZTJVaVlpRHB4bHcvQklUMmgrakhUKzZwUUc4R1A1ek1PaDhXT2FqRjQxME50T1h0TkxFYXlBR01mS2JuTFRCbm4rMWNxR2tTamMydmY0UUNFR3Z5SkEyVFdqVEVGKzFWbCtSamltbHl3YkF3dkV4ejl3aS9CeVBnbkorSWRoZnJWdlFxMVVhT3RaTEl5eUNpTXRXejQ0RklVMk1TRFJaVzhTQks5a3FPSzZUWWZibGRmWW1oRzE2ZlAwL1o5WklrSC9tblArYjVKNGxpV0lUdTlQQkpBVTlKNDVnaWFreitjTVIvcXVpZGFxUGdTS0xXby9BRkhJeFFrbGhscEFVVkR2dWFNcWdCeGg2UHVPeVcyUEFoWmwvdTZEM0JOVjNMRFpXdkgxano3VHl0WUZCbmJwdVFSTWhrUEdRa256ekFmSDdBSGpveWVSaDRSV3hUOWZzVCtvYm1Qdm1mYmhqcWh6dGVkelJRNW05a01qL1plTU5ZLzE2ZlozZXh0cUZGZEhBZk1Dckljb2ZwWDBxcEJXUnVGZWlRMHR2STRHSXE4dzlEdDN3aUE2Y01aUVRSUDNuU2xqRjhhbFFqa203VkdDYWdDRjM2eSs0KzUyWm1uZlRQNzMxazFvZzNhbG1vZGZ5a0swTDE5VFNtVnI5S2l4clc1VndzY1BsM25LQytvUGpGZ2ZUOFRhdmpSUjZiU2JlQlhWdlU4TVpxSGt0dXUyd09CU0FQZXRURVJuTDFrTDQ2R3JUWHo0Wll0K3duOGwyQkJteVZmVE96Y3plVjR2RXdlZUVOdmlMZWMxSUNhZTdyTVEzd1hhVTdoUlJxQnJJRVNPdVJNL0dvc1ZKVjIxWlJxYkNteVIydTZUdXRrK0NrT1JWKzlCU0E9IiwiY29udGVudCI6Iltjb250YWN0LWZpZWxkIGxhYmVsPVwiTmFtblwiIHR5cGU9XCJuYW1lXCIgcmVxdWlyZWQ9XCIxXCJdW2NvbnRhY3QtZmllbGQgbGFiZWw9XCJFLXBvc3RcIiB0eXBlPVwiZW1haWxcIiByZXF1aXJlZD1cIjFcIl1bY29udGFjdC1maWVsZCBsYWJlbD1cIk1lZGRlbGFuZGVcIiB0eXBlPVwidGV4dGFyZWFcIl0iLCJoYXNoIjoiNTI2YTAxMzNmN2I4NTc3OGI1NDU5MmU2YTM5ZTZkOWMyNDNiMTEwZCIsInNvdXJjZSI6eyJlbnRyeV90aXRsZSI6IlJlZ2xlciBmXHUwMGY2ciBcdTAwZTRtbmVuIGkgdmFyb3IgXHUyMDEzIFJlYWNoL1JvSFMvU0NJUCBldGMiLCJlbnRyeV9wYWdlIjoxLCJzb3VyY2VfaWQiOjI5ODIsInNvdXJjZV90eXBlIjoic2luZ2xlIiwicmVxdWVzdF91cmwiOiJodHRwczovL3JlcHVibGlmeS5zZS93cC1qc29uL3dwL3YyL3Byb2R1Y3QvMjk4MiJ9LCJ2ZXJzaW9uIjoyLCJjaXBoZXIiOiJhZXMtMjU2LWdjbSJ9.-GMsi62vgxbSS5o0xF1MnXIUPvLWl_GwvQwnBUae1x0' \/>\n\n<div style=\"\"  data-wp-interactive=\"jetpack\/form\" data-wp-context='{\"fieldId\":\"g2982-namn\",\"fieldType\":\"name\",\"fieldLabel\":\"Namn\",\"fieldValue\":\"\",\"fieldPlaceholder\":\"\",\"fieldIsRequired\":\"1\",\"fieldErrorMessage\":\"\",\"fieldExtra\":[],\"formHash\":\"526a0133f7b85778b54592e6a39e6d9c243b110d\"}'  class='grunion-field-name-wrap grunion-field-wrap'  data-wp-init='callbacks.initializeField' data-wp-on--jetpack-form-reset='callbacks.initializeField' >\n<label\n\t\t\t\tfor='g2982-namn' class=\"grunion-field-label name\" >Namn<span class=\"grunion-label-required\" aria-hidden=\"true\">(obligatoriskt)<\/span><\/label>\n<input\n\t\t\t\t\ttype='text'\n\t\t\t\t\tname='g2982-namn'\n\t\t\t\t\tid='g2982-namn'\n\t\t\t\t\tvalue=''\n\n\t\t\t\t\tdata-wp-bind--aria-invalid='state.fieldAriaInvalid'\n\t\t\t\t\tdata-wp-bind--value='state.getFieldValue'\n\t\t\t\t\taria-describedby='g2982-namn-text-error-message'\n\t\t\t\t\tdata-wp-on--input='actions.onFieldChange'\n\t\t\t\t\tdata-wp-on--blur='actions.onFieldBlur'\n\t\t\t\t\tdata-wp-class--has-value='state.hasFieldValue'\n\n\t\t\t\t\tclass='name  grunion-field' \n\t\t\t\t\trequired='true' aria-required='true'  \/>\n \n\t\t\t<div id=\"g2982-namn-text-error\" class=\"contact-form__input-error\" data-wp-class--has-errors=\"state.fieldHasErrors\">\n\t\t\t\t<span class=\"contact-form__warning-icon\" aria-hidden=\"true\">\n\t\t\t\t\t<svg width=\"16\" height=\"16\" viewBox=\"0 0 16 16\" fill=\"none\" xmlns=\"http:\/\/www.w3.org\/2000\/svg\">\n\t\t\t\t\t\t<path d=\"M8.50015 11.6402H7.50015V10.6402H8.50015V11.6402Z\" \/>\n\t\t\t\t\t\t<path d=\"M7.50015 9.64018H8.50015V6.30684H7.50015V9.64018Z\" \/>\n\t\t\t\t\t\t<path fill-rule=\"evenodd\" clip-rule=\"evenodd\" d=\"M6.98331 3.0947C7.42933 2.30177 8.57096 2.30177 9.01698 3.09469L13.8771 11.7349C14.3145 12.5126 13.7525 13.4735 12.8602 13.4735H3.14004C2.24774 13.4735 1.68575 12.5126 2.12321 11.7349L6.98331 3.0947ZM8.14541 3.58496C8.08169 3.47168 7.9186 3.47168 7.85488 3.58496L2.99478 12.2251C2.93229 12.3362 3.01257 12.4735 3.14004 12.4735H12.8602C12.9877 12.4735 13.068 12.3362 13.0055 12.2251L8.14541 3.58496Z\" \/>\n\t\t\t\t\t<\/svg>\n\t\t\t\t<\/span>\n\t\t\t\t<span data-wp-text=\"state.errorMessage\" id=\"g2982-namn-text-error-message\"><\/span>\n\t\t\t<\/div> \n\t<\/div>\n\n<div style=\"\"  data-wp-interactive=\"jetpack\/form\" data-wp-context='{\"fieldId\":\"g2982-epost\",\"fieldType\":\"email\",\"fieldLabel\":\"E-post\",\"fieldValue\":\"\",\"fieldPlaceholder\":\"\",\"fieldIsRequired\":\"1\",\"fieldErrorMessage\":\"\",\"fieldExtra\":[],\"formHash\":\"526a0133f7b85778b54592e6a39e6d9c243b110d\"}'  class='grunion-field-email-wrap grunion-field-wrap'  data-wp-init='callbacks.initializeField' data-wp-on--jetpack-form-reset='callbacks.initializeField' >\n<label\n\t\t\t\tfor='g2982-epost' class=\"grunion-field-label email\" >E-post<span class=\"grunion-label-required\" aria-hidden=\"true\">(obligatoriskt)<\/span><\/label>\n<input\n\t\t\t\t\ttype='email'\n\t\t\t\t\tname='g2982-epost'\n\t\t\t\t\tid='g2982-epost'\n\t\t\t\t\tvalue=''\n\n\t\t\t\t\tdata-wp-bind--aria-invalid='state.fieldAriaInvalid'\n\t\t\t\t\tdata-wp-bind--value='state.getFieldValue'\n\t\t\t\t\taria-describedby='g2982-epost-email-error-message'\n\t\t\t\t\tdata-wp-on--input='actions.onFieldChange'\n\t\t\t\t\tdata-wp-on--blur='actions.onFieldBlur'\n\t\t\t\t\tdata-wp-class--has-value='state.hasFieldValue'\n\n\t\t\t\t\tclass='email  grunion-field' \n\t\t\t\t\trequired='true' aria-required='true'  \/>\n \n\t\t\t<div id=\"g2982-epost-email-error\" class=\"contact-form__input-error\" data-wp-class--has-errors=\"state.fieldHasErrors\">\n\t\t\t\t<span class=\"contact-form__warning-icon\" aria-hidden=\"true\">\n\t\t\t\t\t<svg width=\"16\" height=\"16\" viewBox=\"0 0 16 16\" fill=\"none\" xmlns=\"http:\/\/www.w3.org\/2000\/svg\">\n\t\t\t\t\t\t<path d=\"M8.50015 11.6402H7.50015V10.6402H8.50015V11.6402Z\" \/>\n\t\t\t\t\t\t<path d=\"M7.50015 9.64018H8.50015V6.30684H7.50015V9.64018Z\" \/>\n\t\t\t\t\t\t<path fill-rule=\"evenodd\" clip-rule=\"evenodd\" d=\"M6.98331 3.0947C7.42933 2.30177 8.57096 2.30177 9.01698 3.09469L13.8771 11.7349C14.3145 12.5126 13.7525 13.4735 12.8602 13.4735H3.14004C2.24774 13.4735 1.68575 12.5126 2.12321 11.7349L6.98331 3.0947ZM8.14541 3.58496C8.08169 3.47168 7.9186 3.47168 7.85488 3.58496L2.99478 12.2251C2.93229 12.3362 3.01257 12.4735 3.14004 12.4735H12.8602C12.9877 12.4735 13.068 12.3362 13.0055 12.2251L8.14541 3.58496Z\" \/>\n\t\t\t\t\t<\/svg>\n\t\t\t\t<\/span>\n\t\t\t\t<span data-wp-text=\"state.errorMessage\" id=\"g2982-epost-email-error-message\"><\/span>\n\t\t\t<\/div> \n\t<\/div>\n\n<div style=\"\"  data-wp-interactive=\"jetpack\/form\" data-wp-context='{\"fieldId\":\"g2982-meddelande\",\"fieldType\":\"textarea\",\"fieldLabel\":\"Meddelande\",\"fieldValue\":\"\",\"fieldPlaceholder\":\"\",\"fieldIsRequired\":\"\",\"fieldErrorMessage\":\"\",\"fieldExtra\":[],\"formHash\":\"526a0133f7b85778b54592e6a39e6d9c243b110d\"}'  class='grunion-field-textarea-wrap grunion-field-wrap'  data-wp-init='callbacks.initializeField' data-wp-on--jetpack-form-reset='callbacks.initializeField' >\n<label\n\t\t\t\tfor='contact-form-comment-g2982-meddelande' class=\"grunion-field-label textarea\" >Meddelande<\/label>\n<textarea\n\t\t                style=''\n\t\t                name='g2982-meddelande'\n\t\t                id='contact-form-comment-g2982-meddelande'\n\t\t                rows='20'\n\t\t\t\t\t\tdata-wp-text='state.getFieldValue'\n\t\t\t\t\t\tdata-wp-on--input='actions.onFieldChange'\n\t\t\t\t\t\tdata-wp-on--blur='actions.onFieldBlur'\n\t\t\t\t\t\tdata-wp-class--has-value='state.hasFieldValue'\n\t\t\t\t\t\taria-describedby='g2982-meddelande-textarea-error-message'\n\t\t\t\t\t\tdata-wp-bind--aria-invalid='state.fieldAriaInvalid'\n\t\t\t\t\t\tclass='textarea  grunion-field'  ><\/textarea>\n \n\t\t\t<div id=\"g2982-meddelande-textarea-error\" class=\"contact-form__input-error\" data-wp-class--has-errors=\"state.fieldHasErrors\">\n\t\t\t\t<span class=\"contact-form__warning-icon\" aria-hidden=\"true\">\n\t\t\t\t\t<svg width=\"16\" height=\"16\" viewBox=\"0 0 16 16\" fill=\"none\" xmlns=\"http:\/\/www.w3.org\/2000\/svg\">\n\t\t\t\t\t\t<path d=\"M8.50015 11.6402H7.50015V10.6402H8.50015V11.6402Z\" \/>\n\t\t\t\t\t\t<path d=\"M7.50015 9.64018H8.50015V6.30684H7.50015V9.64018Z\" \/>\n\t\t\t\t\t\t<path fill-rule=\"evenodd\" clip-rule=\"evenodd\" d=\"M6.98331 3.0947C7.42933 2.30177 8.57096 2.30177 9.01698 3.09469L13.8771 11.7349C14.3145 12.5126 13.7525 13.4735 12.8602 13.4735H3.14004C2.24774 13.4735 1.68575 12.5126 2.12321 11.7349L6.98331 3.0947ZM8.14541 3.58496C8.08169 3.47168 7.9186 3.47168 7.85488 3.58496L2.99478 12.2251C2.93229 12.3362 3.01257 12.4735 3.14004 12.4735H12.8602C12.9877 12.4735 13.068 12.3362 13.0055 12.2251L8.14541 3.58496Z\" \/>\n\t\t\t\t\t<\/svg>\n\t\t\t\t<\/span>\n\t\t\t\t<span data-wp-text=\"state.errorMessage\" id=\"g2982-meddelande-textarea-error-message\"><\/span>\n\t\t\t<\/div>\n\t<\/div>\n\t<p class='contact-submit'>\n<div class=\"contact-form__error\" data-wp-class--show-errors=\"state.showFormErrors\"><span class=\"contact-form__warning-icon\" aria-hidden=\"true\"><i><\/i><\/span><span class=\"contact-form__error-message\" tabindex=\"-1\" data-wp-watch=\"callbacks.focusOnValidationError\" data-wp-text=\"state.getFormErrorMessage\"><\/span><ul aria-label=\"Formul\u00e4rfel\">\n\t\t\t\t<template data-wp-each=\"state.getErrorList\" data-wp-key=\"context.item.id\">\n\t\t\t\t\t<li><a data-wp-bind--href=\"context.item.anchor\" data-wp-on--click=\"actions.scrollIntoView\" data-wp-text=\"context.item.label\"><\/a><\/li>\n\t\t\t\t<\/template>\n\t\t\t\t<\/ul><\/div><div class=\"contact-form__error\" data-wp-class--show-errors=\"state.showSubmissionError\" data-wp-text=\"context.submissionError\" tabindex=\"-1\" data-wp-watch=\"callbacks.focusOnSubmissionError\"><\/div>\t\t<button type='submit' class='pushbutton-wide'>Skicka<\/button>\t\t<input type='hidden' name='contact-form-id' value='2982' \/>\n\t\t<input type='hidden' name='action' value='grunion-contact-form' \/>\n\t\t<input type='hidden' name='contact-form-hash' value='526a0133f7b85778b54592e6a39e6d9c243b110d' \/>\n\t<\/p>\n<\/form>\n<\/div>\n","protected":false},"excerpt":{"rendered":"<p><strong>Idag st\u00e4lls det en rad olika krav p\u00e5 inneh\u00e5ll av kemiska \u00e4mnen i varor. Samtliga varor omfattas av lagstiftningen och exempel p\u00e5 vad som \u00e4r varor \u00e4r m\u00f6bler, verktyg, maskiner och kl\u00e4der. <\/strong><\/p>\n<p>Som leverant\u00f6r av varor \u00e4r det ibland sv\u00e5rt att reda ut vilka krav som st\u00e4lls p\u00e5 sin verksamhet och framf\u00f6r allt vilka \u00e5tg\u00e4rder som \u00e4r tillr\u00e4ckliga f\u00f6r att leva upp till lagkraven. I den h\u00e4r kursen g\u00e5r vi igenom vilka lagkrav som st\u00e4lls p\u00e5 verksamheter som levererar varor. Vi ger konkreta tips p\u00e5 arbetss\u00e4tt f\u00f6r att s\u00e4kerst\u00e4lla att ni lever upp till de krav som st\u00e4lls. I kursen g\u00e5r vi \u00e4ven igenom hur man genomf\u00f6r en anm\u00e4lan till SCIP-databasen.<\/p>\n<p><strong>Denna utbildning har \u00e4ven schemalagda kursdatum:<\/strong><\/p>\n<table style=\"height: 79px;\" width=\"416\">\n<tbody>\n<tr>\n<td width=\"287\">* torsdag 14 mars vecka 11\u00a0 &#8211; P\u00e5 plats<br \/>\n* torsdag 23 maj (Vecka 21) &#8211; Distans<\/td>\n<\/tr>\n<\/tbody>\n<\/table>\n<p>* torsdag 26 oktober (vecka 43) &#8211; P\u00e5 plats<\/p>\n","protected":false},"featured_media":2975,"comment_status":"open","ping_status":"closed","template":"","meta":{"wds_primary_product_brand":0,"wds_primary_product_cat":0},"product_brand":[],"product_cat":[91,30,92,31],"product_tag":[],"class_list":{"0":"post-2982","1":"product","2":"type-product","3":"status-publish","4":"has-post-thumbnail","6":"product_cat-arbetsmiljo","7":"product_cat-business","8":"product_cat-kemikaliehantering","9":"product_cat-security","11":"first","12":"instock","13":"taxable","14":"shipping-taxable","15":"purchasable","16":"product-type-simple"},"jetpack_sharing_enabled":true,"_links":{"self":[{"href":"https:\/\/republify.se\/index.php\/wp-json\/wp\/v2\/product\/2982","targetHints":{"allow":["GET"]}}],"collection":[{"href":"https:\/\/republify.se\/index.php\/wp-json\/wp\/v2\/product"}],"about":[{"href":"https:\/\/republify.se\/index.php\/wp-json\/wp\/v2\/types\/product"}],"replies":[{"embeddable":true,"href":"https:\/\/republify.se\/index.php\/wp-json\/wp\/v2\/comments?post=2982"}],"wp:featuredmedia":[{"embeddable":true,"href":"https:\/\/republify.se\/index.php\/wp-json\/wp\/v2\/media\/2975"}],"wp:attachment":[{"href":"https:\/\/republify.se\/index.php\/wp-json\/wp\/v2\/media?parent=2982"}],"wp:term":[{"taxonomy":"product_brand","embeddable":true,"href":"https:\/\/republify.se\/index.php\/wp-json\/wp\/v2\/product_brand?post=2982"},{"taxonomy":"product_cat","embeddable":true,"href":"https:\/\/republify.se\/index.php\/wp-json\/wp\/v2\/product_cat?post=2982"},{"taxonomy":"product_tag","embeddable":true,"href":"https:\/\/republify.se\/index.php\/wp-json\/wp\/v2\/product_tag?post=2982"}],"curies":[{"name":"wp","href":"https:\/\/api.w.org\/{rel}","templated":true}]}}