{"id":2979,"date":"2022-03-22T08:28:03","date_gmt":"2022-03-22T07:28:03","guid":{"rendered":"https:\/\/republify.se\/?post_type=product&#038;p=2979"},"modified":"2023-11-20T14:30:55","modified_gmt":"2023-11-20T13:30:55","slug":"riskbedomningsworkshop-2-halvdagar","status":"publish","type":"product","link":"https:\/\/republify.se\/index.php\/produkt\/riskbedomningsworkshop-2-halvdagar\/","title":{"rendered":"Riskbed\u00f6mningsworkshop (2 halvdagar)"},"content":{"rendered":"<p><strong>Har ni riskbed\u00f6mningar som ni inte riktigt haft tid att hinna med? Var det ett tag sedan du p\u00e5b\u00f6rjade riskbed\u00f6mningarna. D\u00e5 har ni chans att \u00e4ndra p\u00e5 detta och fr\u00e4scha upp kunskapen genom den h\u00e4r webbaserade workshopen som genomf\u00f6rs online under 2 halvdagar.<\/strong><\/p>\n<p>Vi fokuserar p\u00e5 att jobba och genomf\u00f6ra riskbed\u00f6mningar i Chemgroup Pro. Vi g\u00f6r riskbed\u00f6mningar b\u00e5de p\u00e5 kemikalier och kemiska riskk\u00e4llor. Du f\u00e5r l\u00e4ra dig att l\u00e4gga in \u00e5tg\u00e4rder och ta ut uppf\u00f6ljningsrapporter. Har du dessutom fr\u00e5gor om hur man jobbar i systemet s\u00e5 passar p\u00e5 att st\u00e4lla dem h\u00e4r.\u00a0Under handledning av Chemgroups kemister f\u00e5r du guidning i konsten att genomf\u00f6ra riskbed\u00f6mningar. Kursen \u00e4r uppdelad i tv\u00e5 tillf\u00e4llen f\u00f6r att du ska ha tid att sj\u00e4lv jobba med att genomf\u00f6ra och dokumentera en riskbed\u00f6mning i din verksamhet mellan tillf\u00e4llena. Ut\u00f6ver de tv\u00e5 dagarna har du ocks\u00e5 m\u00f6jlighet till privat handledning och hj\u00e4lp av kursledaren under 2h om du \u00f6nskar. F\u00e5 hj\u00e4lp och feedback p\u00e5 dina dokumenterade riskbed\u00f6mningar, diskutera riskk\u00e4llor eller annat.<\/p>\n<p>J\u00e4mf\u00f6rt med v\u00e5r endagarskurs i riskbed\u00f6mningar inneh\u00e5ller den h\u00e4r workshopen mindre teori. Vi fokuserar p\u00e5 att genomf\u00f6ra och dokumentera riskbed\u00f6mningar i den egna verksamheten. Kursen riktar sig endast till Chemgroups befintliga kunder som anv\u00e4nder Chemgroup Pro.<\/p>\n<p><strong>M\u00e5lgrupp<\/strong><\/p>\n<p>Milj\u00f6chefer, milj\u00f6samordnare, personal som utf\u00f6r riskbed\u00f6mningar, medlem i kemikaliegrupp.<\/p>\n<p><strong>Syfte med utbildningen<\/strong><\/p>\n<ul>\n<li>F\u00e5 kunskap och mod att genomf\u00f6ra riskbed\u00f6mning av de egna kemikalierna.<\/li>\n<li>F\u00e5 med sig en metod\/verktyg f\u00f6r att kunna genomf\u00f6ra riskbed\u00f6mningar p\u00e5 ett hanterbart s\u00e4tt i den egna verksamheten.<\/li>\n<li>Efter kursen har du gjort urvalet och planerat f\u00f6r genomf\u00f6randet inom verksamheten.<\/li>\n<\/ul>\n<p>&nbsp;<\/p>\n<p><strong>Ing\u00e5ende delar<\/strong><\/p>\n<p><strong>Dag 1<\/strong><\/p>\n<p>-M\u00e5l med riskbed\u00f6mningen<br \/>\n-Identifiering av risker\/riskk\u00e4llor<br \/>\n-Metod f\u00f6r genomf\u00f6rande i den egna verksamheten<br \/>\n-Genomg\u00e5ng av riskbed\u00f6mningsmodulen i Chemgroup Pro<br \/>\n-Exempel p\u00e5 hur man riskbed\u00f6mer i Chemgroup Pro<br \/>\n-\u00d6vningsuppgift att genomf\u00f6ra p\u00e5 egen hand<\/p>\n<p><strong>Dag 2 \u2013 l\u00e4rarledd onlinekurs<\/strong><\/p>\n<p>-Gemensam genomg\u00e5ng av riskbed\u00f6mningar<br \/>\n-Hur h\u00e4nger allt ihop?<br \/>\n-Vad blir resultatet av riskbed\u00f6mningen<br \/>\n-Genomg\u00e5ng av rapporter, uppf\u00f6ljning och \u00e5tg\u00e4rder<\/p>\n<p>&nbsp;<\/p>\n<h3>Kursen levereras i samarbete med<\/h3>\n<p><img decoding=\"async\" class=\"alignnone size-medium wp-image-2966 lazyload\" data-src=\"https:\/\/republify.se\/wp-content\/uploads\/2022\/03\/chemgroup-300x63.jpg\" alt=\"\" width=\"300\" height=\"63\" data-srcset=\"https:\/\/republify.se\/wp-content\/uploads\/2022\/03\/chemgroup-300x63.jpg 300w, https:\/\/republify.se\/wp-content\/uploads\/2022\/03\/chemgroup.jpg 490w\" data-sizes=\"(max-width: 300px) 100vw, 300px\" src=\"data:image\/svg+xml;base64,PHN2ZyB3aWR0aD0iMSIgaGVpZ2h0PSIxIiB4bWxucz0iaHR0cDovL3d3dy53My5vcmcvMjAwMC9zdmciPjwvc3ZnPg==\" style=\"--smush-placeholder-width: 300px; --smush-placeholder-aspect-ratio: 300\/63;\" \/><\/p>\n<h2>Kontakta oss om denna kurs<\/h2>\n<div data-test='contact-form'\n\t\t\tid='contact-form-2979'\n\t\t\tclass='jetpack-contact-form-container '\n\t\t\tdata-wp-interactive='jetpack\/form' data-wp-context='{\"formId\":\"2979\",\"formHash\":\"b4596d9216d7cbd076c1de872061bfc83c14e501\",\"showErrors\":false,\"errors\":[],\"fields\":[],\"isMultiStep\":false,\"useAjax\":true,\"submissionData\":null,\"formattedSubmissionData\":[],\"submissionSuccess\":false,\"submissionError\":null,\"elementId\":\"jp-form-b4596d9216d7cbd076c1de872061bfc83c14e501\",\"isSingleInputForm\":false,\"isForcedHorizontal\":false}'\n\t\t\tdata-wp-watch--scroll-to-wrapper=\"callbacks.scrollToWrapper\"\n\t\t>\n<div class=\"contact-form-submission contact-form-ajax-submission\" data-wp-bind--aria-hidden=\"state.isSuccessMessageAriaHidden\" data-wp-class--submission-success=\"context.submissionSuccess\" id=\"contact-form-success-b4596d9216d7cbd076c1de872061bfc83c14e501\" tabindex=\"-1\" aria-labelledby=\"contact-form-success-header-b4596d9216d7cbd076c1de872061bfc83c14e501\"><p class=\"go-back-message\"><a class=\"link\" role=\"button\" tabindex=\"0\" data-wp-on--click=\"actions.goBack\" href=\"\/index.php\/wp-json\/wp\/v2\/product\/2979\">\u2190 Tillbaka<\/a><\/p><h4 data-wp-bind--aria-hidden=\"state.isSuccessMessageAriaHidden\" id=\"contact-form-success-header-b4596d9216d7cbd076c1de872061bfc83c14e501\">Tack f\u00f6r din respons. \u2728<\/h4>\n\n<template data-wp-each--submission=\"context.formattedSubmissionData\">\n\t\t\t\t\t<div class=\"jetpack_forms_contact-form-success-summary\">\n\t\t\t\t\t\t<div class=\"field-name-wrapper\">\n\t\t\t\t\t\t\t<div class=\"field-type-icon\" data-wp-watch=\"callbacks.watchFieldTypeIcon\"><\/div>\n\t\t\t\t\t\t\t<div class=\"field-name\" data-wp-text=\"context.submission.label\" data-wp-bind--hidden=\"!context.submission.label\"><\/div>\n\t\t\t\t\t\t<\/div>\n\t\t\t\t\t\t<div class=\"field-value\" data-wp-text=\"context.submission.value\" data-wp-bind--hidden=\"!context.submission.showPlainValue\"><\/div>\n\t\t\t\t\t\t<a class=\"field-url\" data-wp-bind--href=\"context.submission.url\" data-wp-text=\"context.submission.value\" data-wp-bind--hidden=\"!context.submission.url\" target=\"_blank\" rel=\"noopener noreferrer\"><\/a>\n\t\t\t\t\t\t<div class=\"field-rating\" data-wp-bind--hidden=\"!context.submission.rating\" data-wp-watch=\"callbacks.watchRatingIcons\"><\/div>\n\t\t\t\t\t\t<div class=\"field-images\" data-wp-bind--hidden=\"!context.submission.images\">\n\t\t\t\t\t\t\t<template data-wp-each--image=\"context.submission.images\">\n\t\t\t\t\t\t\t\t<div class=\"field-image-option\" data-wp-class--is-empty=\"!context.image.src\">\n\t\t\t\t\t\t\t\t\t<figure class=\"field-image-option__image\" data-wp-class--is-empty=\"!context.image.src\">\n\t\t\t\t\t\t\t\t\t\t<img data-wp-bind--src=\"context.image.src\" data-wp-bind--hidden=\"!context.image.src\" \/>\n\t\t\t\t\t\t\t\t\t\t<img decoding=\"async\" src=\"data:image\/gif;base64,R0lGODlhAQABAAD\/ACwAAAAAAQABAAACADs=\" data-wp-bind--hidden=\"context.image.src\" \/>\n\t\t\t\t\t\t\t\t\t<\/figure>\n\t\t\t\t\t\t\t\t\t<div class=\"field-image-option__label-wrapper\">\n\t\t\t\t\t\t\t\t\t\t<span class=\"field-image-option__label-code\" data-wp-text=\"context.image.letterCode\"><\/span>\n\t\t\t\t\t\t\t\t\t\t<span class=\"field-image-option__label\" data-wp-text=\"context.image.label\" data-wp-bind--hidden=\"!context.image.label\"><\/span>\n\t\t\t\t\t\t\t\t\t<\/div>\n\t\t\t\t\t\t\t\t<\/div>\n\t\t\t\t\t\t\t<\/template>\n\t\t\t\t\t\t<\/div>\n\t\t\t\t\t\t<div class=\"field-files\" data-wp-bind--hidden=\"!context.submission.files\">\n\t\t\t\t\t\t\t<template data-wp-each--file=\"context.submission.files\">\n\t\t\t\t\t\t\t\t<div class=\"field-file\">\n\t\t\t\t\t\t\t\t\t<div class=\"field-file__thumbnail\" data-wp-style--background-image=\"context.file.previewUrl\" data-wp-style--mask-image=\"context.file.iconUrl\" data-wp-bind--hidden=\"!context.file.hasPreview\"><\/div>\n\t\t\t\t\t\t\t\t\t<svg class=\"field-file__icon\" data-wp-bind--hidden=\"context.file.hasPreview\" width=\"20\" height=\"20\" viewBox=\"0 0 24 24\" fill=\"none\" xmlns=\"http:\/\/www.w3.org\/2000\/svg\" aria-hidden=\"true\">\n\t\t\t\t\t\t\t\t\t\t<path d=\"M14 2H6C4.9 2 4 2.9 4 4V20C4 21.1 4.89 22 5.99 22H18C19.1 22 20 21.1 20 20V8L14 2ZM18 20H6V4H13V9H18V20Z\" fill=\"currentColor\"\/>\n\t\t\t\t\t\t\t\t\t<\/svg>\n\t\t\t\t\t\t\t\t\t<span class=\"field-file__name\" data-wp-text=\"context.file.name\"><\/span>\n\t\t\t\t\t\t\t\t\t<span class=\"field-file__size\" data-wp-text=\"context.file.size\"><\/span>\n\t\t\t\t\t\t\t\t<\/div>\n\t\t\t\t\t\t\t<\/template>\n\t\t\t\t\t\t<\/div>\n\t\t\t\t\t<\/div>\n\t\t\t\t<\/template><\/div><form action='https:\/\/republify.se\/index.php\/produkt\/riskbedomningsworkshop-2-halvdagar\/'\n\t\t\t\tid='jp-form-b4596d9216d7cbd076c1de872061bfc83c14e501'\n\t\t\t\tmethod='post'\n\t\t\t\tclass='contact-form commentsblock jetpack-contact-form__form has-no-jetpack-form-layout' aria-label=\"Riskbed\u00f6mningsworkshop (2 halvdagar)\"\n\t\t\t\tdata-wp-on--submit=\"actions.onFormSubmit\"\n\t\t\t\tdata-wp-on--reset=\"actions.onFormReset\"\n\t\t\t\tdata-wp-class--submission-success=\"context.submissionSuccess\"\n\t\t\t\tdata-wp-class--is-first-step=\"state.isFirstStep\"\n\t\t\t\tdata-wp-class--is-last-step=\"state.isLastStep\"\n\t\t\t\tdata-wp-class--is-ajax-form=\"context.useAjax\"\n\t\t\t\tnovalidate >\n<input type='hidden' name='jetpack_contact_form_jwt' value='eyJ0eXAiOiJKV1QiLCJhbGciOiJIUzI1NiJ9.eyJlbmNyeXB0ZWRfYXR0cmlidXRlcyI6ImwyU2x5RmgySWkyQlhaQVh3LzBpSlU0ODdVSEtpaUFxUjNhTlpHQlhaRVcvWlVqVitxUzZyNEpiZU1sSUNwQ1A4dmRobWtjdktEdkdlS1ZWTy9MZkJTQ3phTnFQZ3hteG00d1ZGZ2Z5ZFc1Z201TU5lSFVOV3JSYkVzUVJzRkNWc1VNcUZVV2xuQk9RSjdBUm9tY3Y3S0xLdEFXK3pVcnJUOXpJWnZrbndSaWxRR1RkenNLUGUrQ0E1MzExendHNG1QS2M4cHliRlB3ekU2YVVaMHBEME00bzB1eTRlWGpQTDFXZkoybUJwcnNrQjUrSTR1UHNNRlZHaVR0YmI2KzNmN3VEOFp3eThJdTg1Ym5VSVF2TU11b2VPYXNESHdxTTNKM3lHZjRseGRmMU1QT2NjNzZpWEZ4MlF4RHkvZmxxaHJGbnBQRmQzT3luM0VYM3dCVUpsUm84NG9iMDNpMmsvbWh6c1lJaHZ0dHIvTGpBd1Q2Mi9sNFFPaEd0djA3dzZmVFE2TDlSUEVHbmVVem9zSUFMQ2pxNjNsMlc5czNyMlR6bkVSVk5CTHVjc0JKdEFJQTVLYlBBR2prTlJjR0ZYaVRRZnlLREpKZ2hlbjhGNmNHcXArWUF0cmtLNzBiWld5VjZEelhvZGU5djZaKytYZ1RGZzlMblA5RXMyNy9sVVhrbXBkSGtTUkE1ZDhPeDNSQUwyMFNtS3RKQWdOOUxmWWlDb2R3STdTQU9WYUI2cTI4UzVHRUh5Y1pkTXlNZ1ZldllqeVh3eU5yNHJrZjZTQi81dWlEQlo3cU9aVlRHZlhWYWl6M1Q2K2xiRi9aNWh2WmlVbXhxdTVoV1V0SjEyUVNsTlR4bVh6Qm5mOVpNeU1Fck1MckJ2WXZEQmUyazVHU2gyZmFPSDRHSnVHUURIVFZzc0xKMmVSL3lVWTNiSzk5MG4vUmJtRzhzdUFveXhENVNZcGdydlZjUE1sTGxYSUtSWjYxZENkL0M5d1AvbmdqTkRJdnFwTS9Qdk9Zc05nbkdUSU5MNGVGcE9RLzNBUFYrL3Zka1BQOTAxVWkxQWYyMVd5T2ZnbmhxN0FGMWVqWHVqM2NGa0JsdUFWekxCelg1ZktralZ5UFhJZWVLVzVZU1MzZ292elMyNkNBR0tvSnFXaUxacVR5ZlYzcmZGSllocHdSZWdFUGlmdVVzTnJsNFVJUjhJQ281SHNFVk5sTnhnaWJtVnZKTDV1cHA0emorVlJoR0ltY2oiLCJjb250ZW50IjoiW2NvbnRhY3QtZmllbGQgbGFiZWw9XCJOYW1uXCIgdHlwZT1cIm5hbWVcIiByZXF1aXJlZD1cIjFcIl1bY29udGFjdC1maWVsZCBsYWJlbD1cIkUtcG9zdFwiIHR5cGU9XCJlbWFpbFwiIHJlcXVpcmVkPVwiMVwiXVtjb250YWN0LWZpZWxkIGxhYmVsPVwiTWVkZGVsYW5kZVwiIHR5cGU9XCJ0ZXh0YXJlYVwiXSIsImhhc2giOiJiNDU5NmQ5MjE2ZDdjYmQwNzZjMWRlODcyMDYxYmZjODNjMTRlNTAxIiwic291cmNlIjp7ImVudHJ5X3RpdGxlIjoiUmlza2JlZFx1MDBmNm1uaW5nc3dvcmtzaG9wICgyIGhhbHZkYWdhcikiLCJlbnRyeV9wYWdlIjoxLCJzb3VyY2VfaWQiOjI5NzksInNvdXJjZV90eXBlIjoic2luZ2xlIiwicmVxdWVzdF91cmwiOiJodHRwczovL3JlcHVibGlmeS5zZS93cC1qc29uL3dwL3YyL3Byb2R1Y3QvMjk3OSJ9LCJ2ZXJzaW9uIjoyLCJjaXBoZXIiOiJhZXMtMjU2LWdjbSJ9.TshDcHFIBQFDEOC1mD6KP0xvrervuuU_iGcRJ7iLcUA' \/>\n\n<div style=\"\"  data-wp-interactive=\"jetpack\/form\" data-wp-context='{\"fieldId\":\"g2979-namn\",\"fieldType\":\"name\",\"fieldLabel\":\"Namn\",\"fieldValue\":\"\",\"fieldPlaceholder\":\"\",\"fieldIsRequired\":\"1\",\"fieldErrorMessage\":\"\",\"fieldExtra\":[],\"formHash\":\"b4596d9216d7cbd076c1de872061bfc83c14e501\"}'  class='grunion-field-name-wrap grunion-field-wrap'  data-wp-init='callbacks.initializeField' data-wp-on--jetpack-form-reset='callbacks.initializeField' >\n<label\n\t\t\t\tfor='g2979-namn' class=\"grunion-field-label name\" >Namn<span class=\"grunion-label-required\" aria-hidden=\"true\">(obligatoriskt)<\/span><\/label>\n<input\n\t\t\t\t\ttype='text'\n\t\t\t\t\tname='g2979-namn'\n\t\t\t\t\tid='g2979-namn'\n\t\t\t\t\tvalue=''\n\n\t\t\t\t\tdata-wp-bind--aria-invalid='state.fieldAriaInvalid'\n\t\t\t\t\tdata-wp-bind--value='state.getFieldValue'\n\t\t\t\t\taria-describedby='g2979-namn-text-error-message'\n\t\t\t\t\tdata-wp-on--input='actions.onFieldChange'\n\t\t\t\t\tdata-wp-on--blur='actions.onFieldBlur'\n\t\t\t\t\tdata-wp-class--has-value='state.hasFieldValue'\n\n\t\t\t\t\tclass='name  grunion-field' \n\t\t\t\t\trequired='true' aria-required='true'  \/>\n \n\t\t\t<div id=\"g2979-namn-text-error\" class=\"contact-form__input-error\" data-wp-class--has-errors=\"state.fieldHasErrors\">\n\t\t\t\t<span class=\"contact-form__warning-icon\" aria-hidden=\"true\">\n\t\t\t\t\t<svg width=\"16\" height=\"16\" viewBox=\"0 0 16 16\" fill=\"none\" xmlns=\"http:\/\/www.w3.org\/2000\/svg\">\n\t\t\t\t\t\t<path d=\"M8.50015 11.6402H7.50015V10.6402H8.50015V11.6402Z\" \/>\n\t\t\t\t\t\t<path d=\"M7.50015 9.64018H8.50015V6.30684H7.50015V9.64018Z\" \/>\n\t\t\t\t\t\t<path fill-rule=\"evenodd\" clip-rule=\"evenodd\" d=\"M6.98331 3.0947C7.42933 2.30177 8.57096 2.30177 9.01698 3.09469L13.8771 11.7349C14.3145 12.5126 13.7525 13.4735 12.8602 13.4735H3.14004C2.24774 13.4735 1.68575 12.5126 2.12321 11.7349L6.98331 3.0947ZM8.14541 3.58496C8.08169 3.47168 7.9186 3.47168 7.85488 3.58496L2.99478 12.2251C2.93229 12.3362 3.01257 12.4735 3.14004 12.4735H12.8602C12.9877 12.4735 13.068 12.3362 13.0055 12.2251L8.14541 3.58496Z\" \/>\n\t\t\t\t\t<\/svg>\n\t\t\t\t<\/span>\n\t\t\t\t<span data-wp-text=\"state.errorMessage\" id=\"g2979-namn-text-error-message\"><\/span>\n\t\t\t<\/div> \n\t<\/div>\n\n<div style=\"\"  data-wp-interactive=\"jetpack\/form\" data-wp-context='{\"fieldId\":\"g2979-epost\",\"fieldType\":\"email\",\"fieldLabel\":\"E-post\",\"fieldValue\":\"\",\"fieldPlaceholder\":\"\",\"fieldIsRequired\":\"1\",\"fieldErrorMessage\":\"\",\"fieldExtra\":[],\"formHash\":\"b4596d9216d7cbd076c1de872061bfc83c14e501\"}'  class='grunion-field-email-wrap grunion-field-wrap'  data-wp-init='callbacks.initializeField' data-wp-on--jetpack-form-reset='callbacks.initializeField' >\n<label\n\t\t\t\tfor='g2979-epost' class=\"grunion-field-label email\" >E-post<span class=\"grunion-label-required\" aria-hidden=\"true\">(obligatoriskt)<\/span><\/label>\n<input\n\t\t\t\t\ttype='email'\n\t\t\t\t\tname='g2979-epost'\n\t\t\t\t\tid='g2979-epost'\n\t\t\t\t\tvalue=''\n\n\t\t\t\t\tdata-wp-bind--aria-invalid='state.fieldAriaInvalid'\n\t\t\t\t\tdata-wp-bind--value='state.getFieldValue'\n\t\t\t\t\taria-describedby='g2979-epost-email-error-message'\n\t\t\t\t\tdata-wp-on--input='actions.onFieldChange'\n\t\t\t\t\tdata-wp-on--blur='actions.onFieldBlur'\n\t\t\t\t\tdata-wp-class--has-value='state.hasFieldValue'\n\n\t\t\t\t\tclass='email  grunion-field' \n\t\t\t\t\trequired='true' aria-required='true'  \/>\n \n\t\t\t<div id=\"g2979-epost-email-error\" class=\"contact-form__input-error\" data-wp-class--has-errors=\"state.fieldHasErrors\">\n\t\t\t\t<span class=\"contact-form__warning-icon\" aria-hidden=\"true\">\n\t\t\t\t\t<svg width=\"16\" height=\"16\" viewBox=\"0 0 16 16\" fill=\"none\" xmlns=\"http:\/\/www.w3.org\/2000\/svg\">\n\t\t\t\t\t\t<path d=\"M8.50015 11.6402H7.50015V10.6402H8.50015V11.6402Z\" \/>\n\t\t\t\t\t\t<path d=\"M7.50015 9.64018H8.50015V6.30684H7.50015V9.64018Z\" \/>\n\t\t\t\t\t\t<path fill-rule=\"evenodd\" clip-rule=\"evenodd\" d=\"M6.98331 3.0947C7.42933 2.30177 8.57096 2.30177 9.01698 3.09469L13.8771 11.7349C14.3145 12.5126 13.7525 13.4735 12.8602 13.4735H3.14004C2.24774 13.4735 1.68575 12.5126 2.12321 11.7349L6.98331 3.0947ZM8.14541 3.58496C8.08169 3.47168 7.9186 3.47168 7.85488 3.58496L2.99478 12.2251C2.93229 12.3362 3.01257 12.4735 3.14004 12.4735H12.8602C12.9877 12.4735 13.068 12.3362 13.0055 12.2251L8.14541 3.58496Z\" \/>\n\t\t\t\t\t<\/svg>\n\t\t\t\t<\/span>\n\t\t\t\t<span data-wp-text=\"state.errorMessage\" id=\"g2979-epost-email-error-message\"><\/span>\n\t\t\t<\/div> \n\t<\/div>\n\n<div style=\"\"  data-wp-interactive=\"jetpack\/form\" data-wp-context='{\"fieldId\":\"g2979-meddelande\",\"fieldType\":\"textarea\",\"fieldLabel\":\"Meddelande\",\"fieldValue\":\"\",\"fieldPlaceholder\":\"\",\"fieldIsRequired\":\"\",\"fieldErrorMessage\":\"\",\"fieldExtra\":[],\"formHash\":\"b4596d9216d7cbd076c1de872061bfc83c14e501\"}'  class='grunion-field-textarea-wrap grunion-field-wrap'  data-wp-init='callbacks.initializeField' data-wp-on--jetpack-form-reset='callbacks.initializeField' >\n<label\n\t\t\t\tfor='contact-form-comment-g2979-meddelande' class=\"grunion-field-label textarea\" >Meddelande<\/label>\n<textarea\n\t\t                style=''\n\t\t                name='g2979-meddelande'\n\t\t                id='contact-form-comment-g2979-meddelande'\n\t\t                rows='20'\n\t\t\t\t\t\tdata-wp-text='state.getFieldValue'\n\t\t\t\t\t\tdata-wp-on--input='actions.onFieldChange'\n\t\t\t\t\t\tdata-wp-on--blur='actions.onFieldBlur'\n\t\t\t\t\t\tdata-wp-class--has-value='state.hasFieldValue'\n\t\t\t\t\t\taria-describedby='g2979-meddelande-textarea-error-message'\n\t\t\t\t\t\tdata-wp-bind--aria-invalid='state.fieldAriaInvalid'\n\t\t\t\t\t\tclass='textarea  grunion-field'  ><\/textarea>\n \n\t\t\t<div id=\"g2979-meddelande-textarea-error\" class=\"contact-form__input-error\" data-wp-class--has-errors=\"state.fieldHasErrors\">\n\t\t\t\t<span class=\"contact-form__warning-icon\" aria-hidden=\"true\">\n\t\t\t\t\t<svg width=\"16\" height=\"16\" viewBox=\"0 0 16 16\" fill=\"none\" xmlns=\"http:\/\/www.w3.org\/2000\/svg\">\n\t\t\t\t\t\t<path d=\"M8.50015 11.6402H7.50015V10.6402H8.50015V11.6402Z\" \/>\n\t\t\t\t\t\t<path d=\"M7.50015 9.64018H8.50015V6.30684H7.50015V9.64018Z\" \/>\n\t\t\t\t\t\t<path fill-rule=\"evenodd\" clip-rule=\"evenodd\" d=\"M6.98331 3.0947C7.42933 2.30177 8.57096 2.30177 9.01698 3.09469L13.8771 11.7349C14.3145 12.5126 13.7525 13.4735 12.8602 13.4735H3.14004C2.24774 13.4735 1.68575 12.5126 2.12321 11.7349L6.98331 3.0947ZM8.14541 3.58496C8.08169 3.47168 7.9186 3.47168 7.85488 3.58496L2.99478 12.2251C2.93229 12.3362 3.01257 12.4735 3.14004 12.4735H12.8602C12.9877 12.4735 13.068 12.3362 13.0055 12.2251L8.14541 3.58496Z\" \/>\n\t\t\t\t\t<\/svg>\n\t\t\t\t<\/span>\n\t\t\t\t<span data-wp-text=\"state.errorMessage\" id=\"g2979-meddelande-textarea-error-message\"><\/span>\n\t\t\t<\/div>\n\t<\/div>\n\t<p class='contact-submit'>\n<div class=\"contact-form__error\" data-wp-class--show-errors=\"state.showFormErrors\"><span class=\"contact-form__warning-icon\" aria-hidden=\"true\"><i><\/i><\/span><span class=\"contact-form__error-message\" tabindex=\"-1\" data-wp-watch=\"callbacks.focusOnValidationError\" data-wp-text=\"state.getFormErrorMessage\"><\/span><ul aria-label=\"Formul\u00e4rfel\">\n\t\t\t\t<template data-wp-each=\"state.getErrorList\" data-wp-key=\"context.item.id\">\n\t\t\t\t\t<li><a data-wp-bind--href=\"context.item.anchor\" data-wp-on--click=\"actions.scrollIntoView\" data-wp-text=\"context.item.label\"><\/a><\/li>\n\t\t\t\t<\/template>\n\t\t\t\t<\/ul><\/div><div class=\"contact-form__error\" data-wp-class--show-errors=\"state.showSubmissionError\" data-wp-text=\"context.submissionError\" tabindex=\"-1\" data-wp-watch=\"callbacks.focusOnSubmissionError\"><\/div>\t\t<button type='submit' class='pushbutton-wide'>Skicka<\/button>\t\t<input type='hidden' name='contact-form-id' value='2979' \/>\n\t\t<input type='hidden' name='action' value='grunion-contact-form' \/>\n\t\t<input type='hidden' name='contact-form-hash' value='b4596d9216d7cbd076c1de872061bfc83c14e501' \/>\n\t<\/p>\n<\/form>\n<\/div>\n","protected":false},"excerpt":{"rendered":"<p><strong>Har ni riskbed\u00f6mningar som ni inte riktigt haft tid att hinna med? Var det ett tag sedan du p\u00e5b\u00f6rjade riskbed\u00f6mningarna. D\u00e5 har ni chans att \u00e4ndra p\u00e5 detta och fr\u00e4scha upp kunskapen genom den h\u00e4r webbaserade workshopen som genomf\u00f6rs online under 2 halvdagar.<\/strong><\/p>\n<p>Vi fokuserar p\u00e5 att jobba och genomf\u00f6ra riskbed\u00f6mningar i Chemgroup Pro. Vi g\u00f6r riskbed\u00f6mningar b\u00e5de p\u00e5 kemikalier och kemiska riskk\u00e4llor. Du f\u00e5r l\u00e4ra dig att l\u00e4gga in \u00e5tg\u00e4rder och ta ut uppf\u00f6ljningsrapporter. Har du dessutom fr\u00e5gor om hur man jobbar i systemet s\u00e5 passar p\u00e5 att st\u00e4lla dem h\u00e4r.\u00a0Under handledning av Chemgroups kemister f\u00e5r du guidning i konsten att genomf\u00f6ra riskbed\u00f6mningar. Kursen \u00e4r uppdelad i tv\u00e5 tillf\u00e4llen f\u00f6r att du ska ha tid att sj\u00e4lv jobba med att genomf\u00f6ra och dokumentera en riskbed\u00f6mning i din verksamhet mellan tillf\u00e4llena. Ut\u00f6ver de tv\u00e5 dagarna har du ocks\u00e5 m\u00f6jlighet till privat handledning och hj\u00e4lp av kursledaren under 2h om du \u00f6nskar. F\u00e5 hj\u00e4lp och feedback p\u00e5 dina dokumenterade riskbed\u00f6mningar, diskutera riskk\u00e4llor eller annat.<\/p>\n<p><strong>Denna utbildning har \u00e4ven schemalagda kursdatum:<\/strong><\/p>\n<table style=\"height: 81px;\" width=\"563\">\n<tbody>\n<tr>\n<td width=\"287\">* torsdag 1 februari (vecka 5)\u00a0\u00a0\u00a0\u00a0\u00a0\u00a0\u00a0\u00a0\u00a0\u00a0\u00a0\u00a0\u00a0\u00a0\u00a0\u00a0\u00a0\u00a0\u00a0\u00a0\u00a0\u00a0\u00a0\u00a0\u00a0\u00a0\u00a0\u00a0\u00a0\u00a0 * onsdag 7 februari (vecka 6)<\/td>\n<\/tr>\n<\/tbody>\n<\/table>\n","protected":false},"featured_media":2975,"comment_status":"open","ping_status":"closed","template":"","meta":{"wds_primary_product_brand":0,"wds_primary_product_cat":0},"product_brand":[],"product_cat":[91,30,92,31],"product_tag":[],"class_list":{"0":"post-2979","1":"product","2":"type-product","3":"status-publish","4":"has-post-thumbnail","6":"product_cat-arbetsmiljo","7":"product_cat-business","8":"product_cat-kemikaliehantering","9":"product_cat-security","11":"first","12":"instock","13":"taxable","14":"shipping-taxable","15":"purchasable","16":"product-type-simple"},"jetpack_sharing_enabled":true,"_links":{"self":[{"href":"https:\/\/republify.se\/index.php\/wp-json\/wp\/v2\/product\/2979","targetHints":{"allow":["GET"]}}],"collection":[{"href":"https:\/\/republify.se\/index.php\/wp-json\/wp\/v2\/product"}],"about":[{"href":"https:\/\/republify.se\/index.php\/wp-json\/wp\/v2\/types\/product"}],"replies":[{"embeddable":true,"href":"https:\/\/republify.se\/index.php\/wp-json\/wp\/v2\/comments?post=2979"}],"wp:featuredmedia":[{"embeddable":true,"href":"https:\/\/republify.se\/index.php\/wp-json\/wp\/v2\/media\/2975"}],"wp:attachment":[{"href":"https:\/\/republify.se\/index.php\/wp-json\/wp\/v2\/media?parent=2979"}],"wp:term":[{"taxonomy":"product_brand","embeddable":true,"href":"https:\/\/republify.se\/index.php\/wp-json\/wp\/v2\/product_brand?post=2979"},{"taxonomy":"product_cat","embeddable":true,"href":"https:\/\/republify.se\/index.php\/wp-json\/wp\/v2\/product_cat?post=2979"},{"taxonomy":"product_tag","embeddable":true,"href":"https:\/\/republify.se\/index.php\/wp-json\/wp\/v2\/product_tag?post=2979"}],"curies":[{"name":"wp","href":"https:\/\/api.w.org\/{rel}","templated":true}]}}