{"id":2978,"date":"2022-03-22T08:22:29","date_gmt":"2022-03-22T07:22:29","guid":{"rendered":"https:\/\/republify.se\/?post_type=product&#038;p=2978"},"modified":"2023-11-20T14:28:41","modified_gmt":"2023-11-20T13:28:41","slug":"bedomning-av-hygieniska-gransvarden","status":"publish","type":"product","link":"https:\/\/republify.se\/index.php\/produkt\/bedomning-av-hygieniska-gransvarden\/","title":{"rendered":"Bed\u00f6mning av hygieniska gr\u00e4nsv\u00e4rden"},"content":{"rendered":"<p><strong>M\u00e5nga upplever det sv\u00e5rt att bed\u00f6ma huruvida anv\u00e4ndningen av kemikalier ligger i f\u00f6rh\u00e5llande till g\u00e4llande hygieniska gr\u00e4nsv\u00e4rden. Genom denna kursen f\u00e5r deltagarna m\u00f6jlighet att l\u00e4ra sig att g\u00f6ra teoretiska ber\u00e4kningar av hur mycket kemikalier som avg\u00e5r i luften. <\/strong><\/p>\n<p>Vi f\u00e5r v\u00e4ldigt mycket fr\u00e5gor om detta och vi tycker sj\u00e4lva att det \u00e4r en av de sv\u00e5raste delarna i riskbed\u00f6mning av kemikalier. Vi kommer att reda ut fr\u00e5gor som t.ex. Hur mycket kemikalie\u00e5ngor avg\u00e5r i luften? Hur mycket kan personalen t\u00e4nkas andas in? Hur vet jag om vi ligger \u00f6ver g\u00e4llande hygieniska gr\u00e4nsv\u00e4rden?<\/p>\n<p><strong>M\u00e5lgrupp<\/strong><\/p>\n<p>Milj\u00f6samordnare, skyddsombud och personer med arbetsmilj\u00f6ansvar, personer som ska utf\u00f6ra riskbed\u00f6mningar\u00a0<strong><br \/>\n<\/strong><\/p>\n<p><strong>F\u00f6rkunskaper:<\/strong><\/p>\n<p>F\u00f6r att kunna tillgodog\u00f6ra dig denna utbildning beh\u00f6ver du ha kunskaper om riskbed\u00f6mning av kemikalier och k\u00e4nna till hygieniska gr\u00e4nsv\u00e4rden. Har du tidigare g\u00e5tt v\u00e5r riskbed\u00f6mningskurs \u00e4r denna halvdag ett perfekt komplement. Fokus ligger p\u00e5 att l\u00e4ra sig att g\u00f6ra ber\u00e4kningar via ART.<\/p>\n<p><strong>Syfte med utbildningen<\/strong><\/p>\n<p>M\u00e5let efter workshopen \u00e4r att du sj\u00e4lv ska kunna g\u00f6ra teoretiska ber\u00e4kningar n\u00e4r behov uppst\u00e5r i din verksamhet. Vi kommer att utg\u00e5 fr\u00e5n webbverktyget ART (<a href=\"https:\/\/www.advancedreachtool.com\">Advanced Reach Tool<\/a>) som \u00e4r ett verktyg som bl.a. rekommenderas av Arbetsmilj\u00f6verket.<\/p>\n<p><strong>Ing\u00e5ende delar:<\/strong><\/p>\n<ul>\n<li>Kort om hygieniska gr\u00e4nsv\u00e4rden<\/li>\n<li>Introduktion till ART (Advanced Reach Tool)<\/li>\n<li>Genomg\u00e5ng av verktygets funktionalitet<\/li>\n<li>\u00d6vningsexempel fr\u00e5n verkligheten<\/li>\n<\/ul>\n<p>&nbsp;<\/p>\n<p>&nbsp;<\/p>\n<h3>Kursen levereras i samarbete med<\/h3>\n<p><img decoding=\"async\" class=\"alignnone size-medium wp-image-2966 lazyload\" data-src=\"https:\/\/republify.se\/wp-content\/uploads\/2022\/03\/chemgroup-300x63.jpg\" alt=\"\" width=\"300\" height=\"63\" data-srcset=\"https:\/\/republify.se\/wp-content\/uploads\/2022\/03\/chemgroup-300x63.jpg 300w, https:\/\/republify.se\/wp-content\/uploads\/2022\/03\/chemgroup.jpg 490w\" data-sizes=\"(max-width: 300px) 100vw, 300px\" src=\"data:image\/svg+xml;base64,PHN2ZyB3aWR0aD0iMSIgaGVpZ2h0PSIxIiB4bWxucz0iaHR0cDovL3d3dy53My5vcmcvMjAwMC9zdmciPjwvc3ZnPg==\" style=\"--smush-placeholder-width: 300px; --smush-placeholder-aspect-ratio: 300\/63;\" \/><\/p>\n<h2>Kontakta oss om denna kurs<\/h2>\n<div data-test='contact-form'\n\t\t\tid='contact-form-2978'\n\t\t\tclass='jetpack-contact-form-container '\n\t\t\tdata-wp-interactive='jetpack\/form' data-wp-context='{\"formId\":\"2978\",\"formHash\":\"e19fe715ba16343248436dec393d2dedeaf46674\",\"showErrors\":false,\"errors\":[],\"fields\":[],\"isMultiStep\":false,\"useAjax\":true,\"submissionData\":null,\"formattedSubmissionData\":[],\"submissionSuccess\":false,\"submissionError\":null,\"elementId\":\"jp-form-e19fe715ba16343248436dec393d2dedeaf46674\",\"isSingleInputForm\":false,\"isForcedHorizontal\":false}'\n\t\t\tdata-wp-watch--scroll-to-wrapper=\"callbacks.scrollToWrapper\"\n\t\t>\n<div class=\"contact-form-submission contact-form-ajax-submission\" data-wp-bind--aria-hidden=\"state.isSuccessMessageAriaHidden\" data-wp-class--submission-success=\"context.submissionSuccess\" id=\"contact-form-success-e19fe715ba16343248436dec393d2dedeaf46674\" tabindex=\"-1\" aria-labelledby=\"contact-form-success-header-e19fe715ba16343248436dec393d2dedeaf46674\"><p class=\"go-back-message\"><a class=\"link\" role=\"button\" tabindex=\"0\" data-wp-on--click=\"actions.goBack\" href=\"\/index.php\/wp-json\/wp\/v2\/product\/2978\">\u2190 Tillbaka<\/a><\/p><h4 data-wp-bind--aria-hidden=\"state.isSuccessMessageAriaHidden\" id=\"contact-form-success-header-e19fe715ba16343248436dec393d2dedeaf46674\">Tack f\u00f6r din respons. \u2728<\/h4>\n\n<template data-wp-each--submission=\"context.formattedSubmissionData\">\n\t\t\t\t\t<div class=\"jetpack_forms_contact-form-success-summary\">\n\t\t\t\t\t\t<div class=\"field-name-wrapper\">\n\t\t\t\t\t\t\t<div class=\"field-type-icon\" data-wp-watch=\"callbacks.watchFieldTypeIcon\"><\/div>\n\t\t\t\t\t\t\t<div class=\"field-name\" data-wp-text=\"context.submission.label\" data-wp-bind--hidden=\"!context.submission.label\"><\/div>\n\t\t\t\t\t\t<\/div>\n\t\t\t\t\t\t<div class=\"field-value\" data-wp-text=\"context.submission.value\" data-wp-bind--hidden=\"!context.submission.showPlainValue\"><\/div>\n\t\t\t\t\t\t<a class=\"field-url\" data-wp-bind--href=\"context.submission.url\" data-wp-text=\"context.submission.value\" data-wp-bind--hidden=\"!context.submission.url\" target=\"_blank\" rel=\"noopener noreferrer\"><\/a>\n\t\t\t\t\t\t<div class=\"field-rating\" data-wp-bind--hidden=\"!context.submission.rating\" data-wp-watch=\"callbacks.watchRatingIcons\"><\/div>\n\t\t\t\t\t\t<div class=\"field-images\" data-wp-bind--hidden=\"!context.submission.images\">\n\t\t\t\t\t\t\t<template data-wp-each--image=\"context.submission.images\">\n\t\t\t\t\t\t\t\t<div class=\"field-image-option\" data-wp-class--is-empty=\"!context.image.src\">\n\t\t\t\t\t\t\t\t\t<figure class=\"field-image-option__image\" data-wp-class--is-empty=\"!context.image.src\">\n\t\t\t\t\t\t\t\t\t\t<img data-wp-bind--src=\"context.image.src\" data-wp-bind--hidden=\"!context.image.src\" \/>\n\t\t\t\t\t\t\t\t\t\t<img decoding=\"async\" src=\"data:image\/gif;base64,R0lGODlhAQABAAD\/ACwAAAAAAQABAAACADs=\" data-wp-bind--hidden=\"context.image.src\" \/>\n\t\t\t\t\t\t\t\t\t<\/figure>\n\t\t\t\t\t\t\t\t\t<div class=\"field-image-option__label-wrapper\">\n\t\t\t\t\t\t\t\t\t\t<span class=\"field-image-option__label-code\" data-wp-text=\"context.image.letterCode\"><\/span>\n\t\t\t\t\t\t\t\t\t\t<span class=\"field-image-option__label\" data-wp-text=\"context.image.label\" data-wp-bind--hidden=\"!context.image.label\"><\/span>\n\t\t\t\t\t\t\t\t\t<\/div>\n\t\t\t\t\t\t\t\t<\/div>\n\t\t\t\t\t\t\t<\/template>\n\t\t\t\t\t\t<\/div>\n\t\t\t\t\t\t<div class=\"field-files\" data-wp-bind--hidden=\"!context.submission.files\">\n\t\t\t\t\t\t\t<template data-wp-each--file=\"context.submission.files\">\n\t\t\t\t\t\t\t\t<div class=\"field-file\">\n\t\t\t\t\t\t\t\t\t<div class=\"field-file__thumbnail\" data-wp-style--background-image=\"context.file.previewUrl\" data-wp-style--mask-image=\"context.file.iconUrl\" data-wp-bind--hidden=\"!context.file.hasPreview\"><\/div>\n\t\t\t\t\t\t\t\t\t<svg class=\"field-file__icon\" data-wp-bind--hidden=\"context.file.hasPreview\" width=\"20\" height=\"20\" viewBox=\"0 0 24 24\" fill=\"none\" xmlns=\"http:\/\/www.w3.org\/2000\/svg\" aria-hidden=\"true\">\n\t\t\t\t\t\t\t\t\t\t<path d=\"M14 2H6C4.9 2 4 2.9 4 4V20C4 21.1 4.89 22 5.99 22H18C19.1 22 20 21.1 20 20V8L14 2ZM18 20H6V4H13V9H18V20Z\" fill=\"currentColor\"\/>\n\t\t\t\t\t\t\t\t\t<\/svg>\n\t\t\t\t\t\t\t\t\t<span class=\"field-file__name\" data-wp-text=\"context.file.name\"><\/span>\n\t\t\t\t\t\t\t\t\t<span class=\"field-file__size\" data-wp-text=\"context.file.size\"><\/span>\n\t\t\t\t\t\t\t\t<\/div>\n\t\t\t\t\t\t\t<\/template>\n\t\t\t\t\t\t<\/div>\n\t\t\t\t\t<\/div>\n\t\t\t\t<\/template><\/div><form action='https:\/\/republify.se\/index.php\/produkt\/bedomning-av-hygieniska-gransvarden\/'\n\t\t\t\tid='jp-form-e19fe715ba16343248436dec393d2dedeaf46674'\n\t\t\t\tmethod='post'\n\t\t\t\tclass='contact-form commentsblock jetpack-contact-form__form has-no-jetpack-form-layout' aria-label=\"Bed\u00f6mning av hygieniska gr\u00e4nsv\u00e4rden\"\n\t\t\t\tdata-wp-on--submit=\"actions.onFormSubmit\"\n\t\t\t\tdata-wp-on--reset=\"actions.onFormReset\"\n\t\t\t\tdata-wp-class--submission-success=\"context.submissionSuccess\"\n\t\t\t\tdata-wp-class--is-first-step=\"state.isFirstStep\"\n\t\t\t\tdata-wp-class--is-last-step=\"state.isLastStep\"\n\t\t\t\tdata-wp-class--is-ajax-form=\"context.useAjax\"\n\t\t\t\tnovalidate >\n<input type='hidden' name='jetpack_contact_form_jwt' value='eyJ0eXAiOiJKV1QiLCJhbGciOiJIUzI1NiJ9.eyJlbmNyeXB0ZWRfYXR0cmlidXRlcyI6Ikt5dU9UVGVtaWFBbitUOXZaU2Fqc1kxa3RrNVJMbGkxMWtEYXF1T3pwTHF4bmphbHNNaGJQR3AvdVBtYTVoYSszQlhMcnN2RE9vNVJMeCt3Y1llWVNreVFUYzZoVmp0d3dpQWhBUjI5ek5NMm9XNStLZldyWWg4MGh5K0drUEdlcVJ3dWxSS1Vld0JFVjZ5czRNTFZnVERxODAxMnhPbzBKekhLZ3c3a2kzYUpDTlhhT05zZnByNFpTNFhIbEMyUWtmMmh6OEFEaFpkRDk1NHpEamdNZ2pSMnlGODIzWXZoK281QW1IZmlFL3FQdGlzRzBQVncwOWtOWk14Y01VMTZGbTN5SzFyYVdLc1R2R1c1ZytLVlFoN1drQ1hjRG5ROVJ5N0lmb0RjMytlWVVFT2pteFhnZTdFQTlrMlQycmZ1V09jUWNzNXZDZE5PUTZ0bnBad2oyYnRXSG03OEQxS3NtRExZaU9UdVQzZG9OeE5yandqTi83eXFNTmlsdEc5VHlheDZXUjNiT3RGM2U2KzQ3WVZTNFoydDhvbm54ODlvSlZvNEg4d1BYMWRMeWR3VkRnMkhsdHBJZlR3K3RiSUV6UTM5QzNqQTE1VXEzWGdRVWR0WGw0bjhKbzV0Q05vMy9RV1g0NzJOTyt1azhRNDlZTE15b3FNTWlWN2NjeW5KV05FaW9pVVk1QVplU2VFd3lscllwRGR5TmVqc0l0RlRuajBFTnljcENMclZmeE1BL2Q5Y2hmNStURmptWS9MVURNanVwbHpCa3JUQ2NMbFp0bjNMckQ5OHI3MjEvOGwwK3g0MnY4UXpiQXBxaG5YdTlHaTA2VWZIMWQxZnVDTkNHOHpLUnhIeHNER3R0eVFVQ0QyQUhhanlPWUliN3gwdGhrVUducktxUUlSUWtwbDhMTUxvQVg2TThWYkc4YlUwVm1lWFRmWDNHNXBpWFFISTJFNWZnUnZIVzQrOXl1UXpvMWRaOEVwOGhiQnpybDRUVFIrNEVvYmdhZm00d3FkWm5WL3Nxb05rTTFMK2RWM1hod2F4SHY1UXVaa0RMUkUrR1cwbTl3K2dOQWtjUCtLKzBiUEE3WDN3RTZFaXQ4OG9sMXA2WXRNdkhveENtTWRxdXhFbHNDUGFyYXRRWnpWT25TU0dVU3BLc2NkZjhrVS9aeDc3WkEyTHFBQldEMFlISnNPVjRqMHl1YVJwYkx5Q2RQMnhPQnZTSGFtT2Z4aGxiWlJkbzRITnEydmVDVDVSK1prWVRQdXgiLCJjb250ZW50IjoiW2NvbnRhY3QtZmllbGQgbGFiZWw9XCJOYW1uXCIgdHlwZT1cIm5hbWVcIiByZXF1aXJlZD1cIjFcIl1bY29udGFjdC1maWVsZCBsYWJlbD1cIkUtcG9zdFwiIHR5cGU9XCJlbWFpbFwiIHJlcXVpcmVkPVwiMVwiXVtjb250YWN0LWZpZWxkIGxhYmVsPVwiTWVkZGVsYW5kZVwiIHR5cGU9XCJ0ZXh0YXJlYVwiXSIsImhhc2giOiJlMTlmZTcxNWJhMTYzNDMyNDg0MzZkZWMzOTNkMmRlZGVhZjQ2Njc0Iiwic291cmNlIjp7ImVudHJ5X3RpdGxlIjoiQmVkXHUwMGY2bW5pbmcgYXYgaHlnaWVuaXNrYSBnclx1MDBlNG5zdlx1MDBlNHJkZW4iLCJlbnRyeV9wYWdlIjoxLCJzb3VyY2VfaWQiOjI5NzgsInNvdXJjZV90eXBlIjoic2luZ2xlIiwicmVxdWVzdF91cmwiOiJodHRwczovL3JlcHVibGlmeS5zZS93cC1qc29uL3dwL3YyL3Byb2R1Y3QvMjk3OCJ9LCJ2ZXJzaW9uIjoyLCJjaXBoZXIiOiJhZXMtMjU2LWdjbSJ9.NV9WrmeKA3JXFLnpWnC3_9DuKkXpAAhgKG3Ht_WGa94' \/>\n\n<div style=\"\"  data-wp-interactive=\"jetpack\/form\" data-wp-context='{\"fieldId\":\"g2978-namn\",\"fieldType\":\"name\",\"fieldLabel\":\"Namn\",\"fieldValue\":\"\",\"fieldPlaceholder\":\"\",\"fieldIsRequired\":\"1\",\"fieldErrorMessage\":\"\",\"fieldExtra\":[],\"formHash\":\"e19fe715ba16343248436dec393d2dedeaf46674\"}'  class='grunion-field-name-wrap grunion-field-wrap'  data-wp-init='callbacks.initializeField' data-wp-on--jetpack-form-reset='callbacks.initializeField' >\n<label\n\t\t\t\tfor='g2978-namn' class=\"grunion-field-label name\" >Namn<span class=\"grunion-label-required\" aria-hidden=\"true\">(obligatoriskt)<\/span><\/label>\n<input\n\t\t\t\t\ttype='text'\n\t\t\t\t\tname='g2978-namn'\n\t\t\t\t\tid='g2978-namn'\n\t\t\t\t\tvalue=''\n\n\t\t\t\t\tdata-wp-bind--aria-invalid='state.fieldAriaInvalid'\n\t\t\t\t\tdata-wp-bind--value='state.getFieldValue'\n\t\t\t\t\taria-describedby='g2978-namn-text-error-message'\n\t\t\t\t\tdata-wp-on--input='actions.onFieldChange'\n\t\t\t\t\tdata-wp-on--blur='actions.onFieldBlur'\n\t\t\t\t\tdata-wp-class--has-value='state.hasFieldValue'\n\n\t\t\t\t\tclass='name  grunion-field' \n\t\t\t\t\trequired='true' aria-required='true'  \/>\n \n\t\t\t<div id=\"g2978-namn-text-error\" class=\"contact-form__input-error\" data-wp-class--has-errors=\"state.fieldHasErrors\">\n\t\t\t\t<span class=\"contact-form__warning-icon\" aria-hidden=\"true\">\n\t\t\t\t\t<svg width=\"16\" height=\"16\" viewBox=\"0 0 16 16\" fill=\"none\" xmlns=\"http:\/\/www.w3.org\/2000\/svg\">\n\t\t\t\t\t\t<path d=\"M8.50015 11.6402H7.50015V10.6402H8.50015V11.6402Z\" \/>\n\t\t\t\t\t\t<path d=\"M7.50015 9.64018H8.50015V6.30684H7.50015V9.64018Z\" \/>\n\t\t\t\t\t\t<path fill-rule=\"evenodd\" clip-rule=\"evenodd\" d=\"M6.98331 3.0947C7.42933 2.30177 8.57096 2.30177 9.01698 3.09469L13.8771 11.7349C14.3145 12.5126 13.7525 13.4735 12.8602 13.4735H3.14004C2.24774 13.4735 1.68575 12.5126 2.12321 11.7349L6.98331 3.0947ZM8.14541 3.58496C8.08169 3.47168 7.9186 3.47168 7.85488 3.58496L2.99478 12.2251C2.93229 12.3362 3.01257 12.4735 3.14004 12.4735H12.8602C12.9877 12.4735 13.068 12.3362 13.0055 12.2251L8.14541 3.58496Z\" \/>\n\t\t\t\t\t<\/svg>\n\t\t\t\t<\/span>\n\t\t\t\t<span data-wp-text=\"state.errorMessage\" id=\"g2978-namn-text-error-message\"><\/span>\n\t\t\t<\/div> \n\t<\/div>\n\n<div style=\"\"  data-wp-interactive=\"jetpack\/form\" data-wp-context='{\"fieldId\":\"g2978-epost\",\"fieldType\":\"email\",\"fieldLabel\":\"E-post\",\"fieldValue\":\"\",\"fieldPlaceholder\":\"\",\"fieldIsRequired\":\"1\",\"fieldErrorMessage\":\"\",\"fieldExtra\":[],\"formHash\":\"e19fe715ba16343248436dec393d2dedeaf46674\"}'  class='grunion-field-email-wrap grunion-field-wrap'  data-wp-init='callbacks.initializeField' data-wp-on--jetpack-form-reset='callbacks.initializeField' >\n<label\n\t\t\t\tfor='g2978-epost' class=\"grunion-field-label email\" >E-post<span class=\"grunion-label-required\" aria-hidden=\"true\">(obligatoriskt)<\/span><\/label>\n<input\n\t\t\t\t\ttype='email'\n\t\t\t\t\tname='g2978-epost'\n\t\t\t\t\tid='g2978-epost'\n\t\t\t\t\tvalue=''\n\n\t\t\t\t\tdata-wp-bind--aria-invalid='state.fieldAriaInvalid'\n\t\t\t\t\tdata-wp-bind--value='state.getFieldValue'\n\t\t\t\t\taria-describedby='g2978-epost-email-error-message'\n\t\t\t\t\tdata-wp-on--input='actions.onFieldChange'\n\t\t\t\t\tdata-wp-on--blur='actions.onFieldBlur'\n\t\t\t\t\tdata-wp-class--has-value='state.hasFieldValue'\n\n\t\t\t\t\tclass='email  grunion-field' \n\t\t\t\t\trequired='true' aria-required='true'  \/>\n \n\t\t\t<div id=\"g2978-epost-email-error\" class=\"contact-form__input-error\" data-wp-class--has-errors=\"state.fieldHasErrors\">\n\t\t\t\t<span class=\"contact-form__warning-icon\" aria-hidden=\"true\">\n\t\t\t\t\t<svg width=\"16\" height=\"16\" viewBox=\"0 0 16 16\" fill=\"none\" xmlns=\"http:\/\/www.w3.org\/2000\/svg\">\n\t\t\t\t\t\t<path d=\"M8.50015 11.6402H7.50015V10.6402H8.50015V11.6402Z\" \/>\n\t\t\t\t\t\t<path d=\"M7.50015 9.64018H8.50015V6.30684H7.50015V9.64018Z\" \/>\n\t\t\t\t\t\t<path fill-rule=\"evenodd\" clip-rule=\"evenodd\" d=\"M6.98331 3.0947C7.42933 2.30177 8.57096 2.30177 9.01698 3.09469L13.8771 11.7349C14.3145 12.5126 13.7525 13.4735 12.8602 13.4735H3.14004C2.24774 13.4735 1.68575 12.5126 2.12321 11.7349L6.98331 3.0947ZM8.14541 3.58496C8.08169 3.47168 7.9186 3.47168 7.85488 3.58496L2.99478 12.2251C2.93229 12.3362 3.01257 12.4735 3.14004 12.4735H12.8602C12.9877 12.4735 13.068 12.3362 13.0055 12.2251L8.14541 3.58496Z\" \/>\n\t\t\t\t\t<\/svg>\n\t\t\t\t<\/span>\n\t\t\t\t<span data-wp-text=\"state.errorMessage\" id=\"g2978-epost-email-error-message\"><\/span>\n\t\t\t<\/div> \n\t<\/div>\n\n<div style=\"\"  data-wp-interactive=\"jetpack\/form\" data-wp-context='{\"fieldId\":\"g2978-meddelande\",\"fieldType\":\"textarea\",\"fieldLabel\":\"Meddelande\",\"fieldValue\":\"\",\"fieldPlaceholder\":\"\",\"fieldIsRequired\":\"\",\"fieldErrorMessage\":\"\",\"fieldExtra\":[],\"formHash\":\"e19fe715ba16343248436dec393d2dedeaf46674\"}'  class='grunion-field-textarea-wrap grunion-field-wrap'  data-wp-init='callbacks.initializeField' data-wp-on--jetpack-form-reset='callbacks.initializeField' >\n<label\n\t\t\t\tfor='contact-form-comment-g2978-meddelande' class=\"grunion-field-label textarea\" >Meddelande<\/label>\n<textarea\n\t\t                style=''\n\t\t                name='g2978-meddelande'\n\t\t                id='contact-form-comment-g2978-meddelande'\n\t\t                rows='20'\n\t\t\t\t\t\tdata-wp-text='state.getFieldValue'\n\t\t\t\t\t\tdata-wp-on--input='actions.onFieldChange'\n\t\t\t\t\t\tdata-wp-on--blur='actions.onFieldBlur'\n\t\t\t\t\t\tdata-wp-class--has-value='state.hasFieldValue'\n\t\t\t\t\t\taria-describedby='g2978-meddelande-textarea-error-message'\n\t\t\t\t\t\tdata-wp-bind--aria-invalid='state.fieldAriaInvalid'\n\t\t\t\t\t\tclass='textarea  grunion-field'  ><\/textarea>\n \n\t\t\t<div id=\"g2978-meddelande-textarea-error\" class=\"contact-form__input-error\" data-wp-class--has-errors=\"state.fieldHasErrors\">\n\t\t\t\t<span class=\"contact-form__warning-icon\" aria-hidden=\"true\">\n\t\t\t\t\t<svg width=\"16\" height=\"16\" viewBox=\"0 0 16 16\" fill=\"none\" xmlns=\"http:\/\/www.w3.org\/2000\/svg\">\n\t\t\t\t\t\t<path d=\"M8.50015 11.6402H7.50015V10.6402H8.50015V11.6402Z\" \/>\n\t\t\t\t\t\t<path d=\"M7.50015 9.64018H8.50015V6.30684H7.50015V9.64018Z\" \/>\n\t\t\t\t\t\t<path fill-rule=\"evenodd\" clip-rule=\"evenodd\" d=\"M6.98331 3.0947C7.42933 2.30177 8.57096 2.30177 9.01698 3.09469L13.8771 11.7349C14.3145 12.5126 13.7525 13.4735 12.8602 13.4735H3.14004C2.24774 13.4735 1.68575 12.5126 2.12321 11.7349L6.98331 3.0947ZM8.14541 3.58496C8.08169 3.47168 7.9186 3.47168 7.85488 3.58496L2.99478 12.2251C2.93229 12.3362 3.01257 12.4735 3.14004 12.4735H12.8602C12.9877 12.4735 13.068 12.3362 13.0055 12.2251L8.14541 3.58496Z\" \/>\n\t\t\t\t\t<\/svg>\n\t\t\t\t<\/span>\n\t\t\t\t<span data-wp-text=\"state.errorMessage\" id=\"g2978-meddelande-textarea-error-message\"><\/span>\n\t\t\t<\/div>\n\t<\/div>\n\t<p class='contact-submit'>\n<div class=\"contact-form__error\" data-wp-class--show-errors=\"state.showFormErrors\"><span class=\"contact-form__warning-icon\" aria-hidden=\"true\"><i><\/i><\/span><span class=\"contact-form__error-message\" tabindex=\"-1\" data-wp-watch=\"callbacks.focusOnValidationError\" data-wp-text=\"state.getFormErrorMessage\"><\/span><ul aria-label=\"Formul\u00e4rfel\">\n\t\t\t\t<template data-wp-each=\"state.getErrorList\" data-wp-key=\"context.item.id\">\n\t\t\t\t\t<li><a data-wp-bind--href=\"context.item.anchor\" data-wp-on--click=\"actions.scrollIntoView\" data-wp-text=\"context.item.label\"><\/a><\/li>\n\t\t\t\t<\/template>\n\t\t\t\t<\/ul><\/div><div class=\"contact-form__error\" data-wp-class--show-errors=\"state.showSubmissionError\" data-wp-text=\"context.submissionError\" tabindex=\"-1\" data-wp-watch=\"callbacks.focusOnSubmissionError\"><\/div>\t\t<button type='submit' class='pushbutton-wide'>Skicka<\/button>\t\t<input type='hidden' name='contact-form-id' value='2978' \/>\n\t\t<input type='hidden' name='action' value='grunion-contact-form' \/>\n\t\t<input type='hidden' name='contact-form-hash' value='e19fe715ba16343248436dec393d2dedeaf46674' \/>\n\t<\/p>\n<\/form>\n<\/div>\n","protected":false},"excerpt":{"rendered":"<p><strong>M\u00e5nga upplever det sv\u00e5rt att bed\u00f6ma huruvida anv\u00e4ndningen av kemikalier ligger i f\u00f6rh\u00e5llande till g\u00e4llande hygieniska gr\u00e4nsv\u00e4rden. Genom denna kursen f\u00e5r deltagarna m\u00f6jlighet att l\u00e4ra sig att g\u00f6ra teoretiska ber\u00e4kningar av hur mycket kemikalier som avg\u00e5r i luften. <\/strong><\/p>\n<p>Vi f\u00e5r v\u00e4ldigt mycket fr\u00e5gor om detta och vi tycker sj\u00e4lva att det \u00e4r en av de sv\u00e5raste delarna i riskbed\u00f6mning av kemikalier. Vi kommer att reda ut fr\u00e5gor som t.ex. Hur mycket kemikalie\u00e5ngor avg\u00e5r i luften? Hur mycket kan personalen t\u00e4nkas andas in? Hur vet jag om vi ligger \u00f6ver g\u00e4llande hygieniska gr\u00e4nsv\u00e4rden?<\/p>\n<p><strong>Schemalagda datum<\/strong><\/p>\n<table style=\"height: 85px;\" width=\"451\">\n<tbody>\n<tr>\n<td width=\"287\">tisdag 12 mars (vecka 11)\u00a0 &#8211; Distans\u00a0\u00a0\u00a0\u00a0\u00a0\u00a0\u00a0\u00a0\u00a0\u00a0\u00a0\u00a0\u00a0\u00a0\u00a0\u00a0\u00a0\u00a0\u00a0\u00a0\u00a0\u00a0\u00a0\u00a0\u00a0\u00a0\u00a0\u00a0\u00a0\u00a0\u00a0\u00a0\u00a0\u00a0\u00a0\u00a0\u00a0\u00a0\u00a0 * tisdag 21 maj (vecka 21) &#8211; Distans<\/td>\n<\/tr>\n<\/tbody>\n<\/table>\n","protected":false},"featured_media":2975,"comment_status":"open","ping_status":"closed","template":"","meta":{"wds_primary_product_brand":0,"wds_primary_product_cat":0},"product_brand":[],"product_cat":[91,30,92,31],"product_tag":[],"class_list":{"0":"post-2978","1":"product","2":"type-product","3":"status-publish","4":"has-post-thumbnail","6":"product_cat-arbetsmiljo","7":"product_cat-business","8":"product_cat-kemikaliehantering","9":"product_cat-security","11":"first","12":"instock","13":"taxable","14":"shipping-taxable","15":"purchasable","16":"product-type-simple"},"jetpack_sharing_enabled":true,"_links":{"self":[{"href":"https:\/\/republify.se\/index.php\/wp-json\/wp\/v2\/product\/2978","targetHints":{"allow":["GET"]}}],"collection":[{"href":"https:\/\/republify.se\/index.php\/wp-json\/wp\/v2\/product"}],"about":[{"href":"https:\/\/republify.se\/index.php\/wp-json\/wp\/v2\/types\/product"}],"replies":[{"embeddable":true,"href":"https:\/\/republify.se\/index.php\/wp-json\/wp\/v2\/comments?post=2978"}],"wp:featuredmedia":[{"embeddable":true,"href":"https:\/\/republify.se\/index.php\/wp-json\/wp\/v2\/media\/2975"}],"wp:attachment":[{"href":"https:\/\/republify.se\/index.php\/wp-json\/wp\/v2\/media?parent=2978"}],"wp:term":[{"taxonomy":"product_brand","embeddable":true,"href":"https:\/\/republify.se\/index.php\/wp-json\/wp\/v2\/product_brand?post=2978"},{"taxonomy":"product_cat","embeddable":true,"href":"https:\/\/republify.se\/index.php\/wp-json\/wp\/v2\/product_cat?post=2978"},{"taxonomy":"product_tag","embeddable":true,"href":"https:\/\/republify.se\/index.php\/wp-json\/wp\/v2\/product_tag?post=2978"}],"curies":[{"name":"wp","href":"https:\/\/api.w.org\/{rel}","templated":true}]}}