{"id":2977,"date":"2022-03-22T08:18:26","date_gmt":"2022-03-22T07:18:26","guid":{"rendered":"https:\/\/republify.se\/?post_type=product&#038;p=2977"},"modified":"2025-10-30T15:15:29","modified_gmt":"2025-10-30T14:15:29","slug":"allergiframkallande-amnen-hardplaster","status":"publish","type":"product","link":"https:\/\/republify.se\/index.php\/produkt\/allergiframkallande-amnen-hardplaster\/","title":{"rendered":"Allergiframkallande \u00e4mnen, h\u00e4rdplaster"},"content":{"rendered":"<p><strong>Jobbar du med allergiframkallande \u00e4mnen och h\u00e4rdplaster i din verksamhet? Enligt f\u00f6reskrifterna fr\u00e5n arbetsmilj\u00f6verket, AFS 2014:43 kr\u00e4vs \u00e5terkommande utbildning av personalen som syssels\u00e4tts.<\/strong><\/p>\n<p>I samarbete med v\u00e5r partner Chemgroup erbjuder vi f\u00f6retagsanpassade utbildningar g\u00e4llande era h\u00e4rdplaster. Vi tittar p\u00e5 riskerna med era kemikalier och riktar informationen till att vara specifik och g\u00e4lla den aktuella arbetsplatsen. N\u00e4r vi tr\u00e4ffar personalen passar vi p\u00e5 att \u00e4ven g\u00e5 igenom \u00f6vriga farliga kemikalier i verksamheten.<\/p>\n<div id=\"pageContainer23\" class=\"page\" data-loaded=\"true\" data-page-number=\"23\">\n<div class=\"textLayer\" data-canvas-width=\"15.833333333333332\">\n<p><strong>M\u00e5lgrupp<br \/>\n<\/strong>Du som exponeras eller leder arbetet f\u00f6r personer som exponeras f\u00f6r allergiframkallande kemikalier.<\/p>\n<\/div>\n<\/div>\n<div class=\"textLayer\" data-canvas-width=\"15.833333333333332\"><strong>F\u00f6ljande st\u00e5r i AFS 2014:43:<\/strong><\/div>\n<div id=\"pageContainer23\" class=\"page\" data-loaded=\"true\" data-page-number=\"23\">\n<div class=\"textLayer\" data-canvas-width=\"15.833333333333332\">Utbildning kr\u00e4vs f\u00f6r att leda eller aktivt syssels\u00e4ttas i ett arbete som kan inneb\u00e4ra exponering f\u00f6r farliga kemiska produkter som inneh\u00e5ller:<\/div>\n<\/div>\n<ul>\n<li>diisocyanater,<\/li>\n<li>epoxiplastkomponenter,<\/li>\n<li>organiska syraanhydrider,<\/li>\n<li>formaldehydhartser,<\/li>\n<li>metakrylater som ska vara m\u00e4rkta med H317 eller H334 eller<\/li>\n<li>akrylater som ska vara m\u00e4rkta med H317 eller H334<\/li>\n<li>samt arbete som inneb\u00e4r termisk nedbrytning som fris\u00e4tter isocyanater eller processer som fris\u00e4tter formaldehyd.<\/li>\n<li>Utbildning kr\u00e4vs \u00e4ven f\u00f6r arbete med kemiska produkter som inneh\u00e5ller etyl-2-cyanoakrylat eller metyl-2cyanoakrylat om arbetet sammanlagt p\u00e5g\u00e5r mer \u00e4n 30 minuter per vecka.<\/li>\n<\/ul>\n<div data-canvas-width=\"94.99999999999999\">\n<p>&nbsp;<\/p>\n<p>Utbildningen ska minst inneh\u00e5lla information om de risker som arbetet inneb\u00e4r och vilka skydds\u00e5tg\u00e4rder som kan beh\u00f6va vidtas f\u00f6r att arbetet ska kunna utf\u00f6ras p\u00e5 ett s\u00e4kert s\u00e4tt. Utbildningen f\u00f6r de som leder eller aktivt syssels\u00e4tts i arbete enligt f\u00f6rsta och andra stycket ska kunna styrkas genom ett h\u00f6gst fem \u00e5r gammalt utbildningsintyg. Den arbetsgivare som l\u00e5ter n\u00e5gon utan utbildningsintyg leda eller utf\u00f6ra arbete i strid med fj\u00e4rde stycket ska betala sanktionsavgift om 10000 kr f\u00f6r varje s\u00e5dan person.<\/p>\n<\/div>\n<p>&nbsp;<\/p>\n<h3>Kursen levereras i samarbete med<\/h3>\n<p><img decoding=\"async\" class=\"alignnone size-medium wp-image-2966 lazyload\" data-src=\"https:\/\/republify.se\/wp-content\/uploads\/2022\/03\/chemgroup-300x63.jpg\" alt=\"\" width=\"300\" height=\"63\" data-srcset=\"https:\/\/republify.se\/wp-content\/uploads\/2022\/03\/chemgroup-300x63.jpg 300w, https:\/\/republify.se\/wp-content\/uploads\/2022\/03\/chemgroup.jpg 490w\" data-sizes=\"(max-width: 300px) 100vw, 300px\" src=\"data:image\/svg+xml;base64,PHN2ZyB3aWR0aD0iMSIgaGVpZ2h0PSIxIiB4bWxucz0iaHR0cDovL3d3dy53My5vcmcvMjAwMC9zdmciPjwvc3ZnPg==\" style=\"--smush-placeholder-width: 300px; --smush-placeholder-aspect-ratio: 300\/63;\" \/><\/p>\n<h2>Kontakta oss om denna kurs<\/h2>\n<div data-test='contact-form'\n\t\t\tid='contact-form-2977'\n\t\t\tclass='jetpack-contact-form-container '\n\t\t\tdata-wp-interactive='jetpack\/form' data-wp-context='{\"formId\":\"2977\",\"formHash\":\"5b72dd14db902749037648b98ce1aae3b2c8013b\",\"showErrors\":false,\"errors\":[],\"fields\":[],\"isMultiStep\":false,\"useAjax\":true,\"submissionData\":null,\"formattedSubmissionData\":[],\"submissionSuccess\":false,\"submissionError\":null,\"elementId\":\"jp-form-5b72dd14db902749037648b98ce1aae3b2c8013b\",\"isSingleInputForm\":false,\"isForcedHorizontal\":false}'\n\t\t\tdata-wp-watch--scroll-to-wrapper=\"callbacks.scrollToWrapper\"\n\t\t>\n<div class=\"contact-form-submission contact-form-ajax-submission\" data-wp-bind--aria-hidden=\"state.isSuccessMessageAriaHidden\" data-wp-class--submission-success=\"context.submissionSuccess\" id=\"contact-form-success-5b72dd14db902749037648b98ce1aae3b2c8013b\" tabindex=\"-1\" aria-labelledby=\"contact-form-success-header-5b72dd14db902749037648b98ce1aae3b2c8013b\"><p class=\"go-back-message\"><a class=\"link\" role=\"button\" tabindex=\"0\" data-wp-on--click=\"actions.goBack\" href=\"\/index.php\/wp-json\/wp\/v2\/product\/2977\">\u2190 Tillbaka<\/a><\/p><h4 data-wp-bind--aria-hidden=\"state.isSuccessMessageAriaHidden\" id=\"contact-form-success-header-5b72dd14db902749037648b98ce1aae3b2c8013b\">Tack f\u00f6r din respons. \u2728<\/h4>\n\n<template data-wp-each--submission=\"context.formattedSubmissionData\">\n\t\t\t\t\t<div class=\"jetpack_forms_contact-form-success-summary\">\n\t\t\t\t\t\t<div class=\"field-name-wrapper\">\n\t\t\t\t\t\t\t<div class=\"field-type-icon\" data-wp-watch=\"callbacks.watchFieldTypeIcon\"><\/div>\n\t\t\t\t\t\t\t<div class=\"field-name\" data-wp-text=\"context.submission.label\" data-wp-bind--hidden=\"!context.submission.label\"><\/div>\n\t\t\t\t\t\t<\/div>\n\t\t\t\t\t\t<div class=\"field-value\" data-wp-text=\"context.submission.value\" data-wp-bind--hidden=\"!context.submission.showPlainValue\"><\/div>\n\t\t\t\t\t\t<a class=\"field-url\" data-wp-bind--href=\"context.submission.url\" data-wp-text=\"context.submission.value\" data-wp-bind--hidden=\"!context.submission.url\" target=\"_blank\" rel=\"noopener noreferrer\"><\/a>\n\t\t\t\t\t\t<div class=\"field-rating\" data-wp-bind--hidden=\"!context.submission.rating\" data-wp-watch=\"callbacks.watchRatingIcons\"><\/div>\n\t\t\t\t\t\t<div class=\"field-images\" data-wp-bind--hidden=\"!context.submission.images\">\n\t\t\t\t\t\t\t<template data-wp-each--image=\"context.submission.images\">\n\t\t\t\t\t\t\t\t<div class=\"field-image-option\" data-wp-class--is-empty=\"!context.image.src\">\n\t\t\t\t\t\t\t\t\t<figure class=\"field-image-option__image\" data-wp-class--is-empty=\"!context.image.src\">\n\t\t\t\t\t\t\t\t\t\t<img data-wp-bind--src=\"context.image.src\" data-wp-bind--hidden=\"!context.image.src\" \/>\n\t\t\t\t\t\t\t\t\t\t<img decoding=\"async\" src=\"data:image\/gif;base64,R0lGODlhAQABAAD\/ACwAAAAAAQABAAACADs=\" data-wp-bind--hidden=\"context.image.src\" \/>\n\t\t\t\t\t\t\t\t\t<\/figure>\n\t\t\t\t\t\t\t\t\t<div class=\"field-image-option__label-wrapper\">\n\t\t\t\t\t\t\t\t\t\t<span class=\"field-image-option__label-code\" data-wp-text=\"context.image.letterCode\"><\/span>\n\t\t\t\t\t\t\t\t\t\t<span class=\"field-image-option__label\" data-wp-text=\"context.image.label\" data-wp-bind--hidden=\"!context.image.label\"><\/span>\n\t\t\t\t\t\t\t\t\t<\/div>\n\t\t\t\t\t\t\t\t<\/div>\n\t\t\t\t\t\t\t<\/template>\n\t\t\t\t\t\t<\/div>\n\t\t\t\t\t\t<div class=\"field-files\" data-wp-bind--hidden=\"!context.submission.files\">\n\t\t\t\t\t\t\t<template data-wp-each--file=\"context.submission.files\">\n\t\t\t\t\t\t\t\t<div class=\"field-file\">\n\t\t\t\t\t\t\t\t\t<div class=\"field-file__thumbnail\" data-wp-style--background-image=\"context.file.previewUrl\" data-wp-style--mask-image=\"context.file.iconUrl\" data-wp-bind--hidden=\"!context.file.hasPreview\"><\/div>\n\t\t\t\t\t\t\t\t\t<svg class=\"field-file__icon\" data-wp-bind--hidden=\"context.file.hasPreview\" width=\"20\" height=\"20\" viewBox=\"0 0 24 24\" fill=\"none\" xmlns=\"http:\/\/www.w3.org\/2000\/svg\" aria-hidden=\"true\">\n\t\t\t\t\t\t\t\t\t\t<path d=\"M14 2H6C4.9 2 4 2.9 4 4V20C4 21.1 4.89 22 5.99 22H18C19.1 22 20 21.1 20 20V8L14 2ZM18 20H6V4H13V9H18V20Z\" fill=\"currentColor\"\/>\n\t\t\t\t\t\t\t\t\t<\/svg>\n\t\t\t\t\t\t\t\t\t<span class=\"field-file__name\" data-wp-text=\"context.file.name\"><\/span>\n\t\t\t\t\t\t\t\t\t<span class=\"field-file__size\" data-wp-text=\"context.file.size\"><\/span>\n\t\t\t\t\t\t\t\t<\/div>\n\t\t\t\t\t\t\t<\/template>\n\t\t\t\t\t\t<\/div>\n\t\t\t\t\t<\/div>\n\t\t\t\t<\/template><\/div><form action='https:\/\/republify.se\/index.php\/produkt\/allergiframkallande-amnen-hardplaster\/'\n\t\t\t\tid='jp-form-5b72dd14db902749037648b98ce1aae3b2c8013b'\n\t\t\t\tmethod='post'\n\t\t\t\tclass='contact-form commentsblock jetpack-contact-form__form has-no-jetpack-form-layout' aria-label=\"Allergiframkallande \u00e4mnen, h\u00e4rdplaster\"\n\t\t\t\tdata-wp-on--submit=\"actions.onFormSubmit\"\n\t\t\t\tdata-wp-on--reset=\"actions.onFormReset\"\n\t\t\t\tdata-wp-class--submission-success=\"context.submissionSuccess\"\n\t\t\t\tdata-wp-class--is-first-step=\"state.isFirstStep\"\n\t\t\t\tdata-wp-class--is-last-step=\"state.isLastStep\"\n\t\t\t\tdata-wp-class--is-ajax-form=\"context.useAjax\"\n\t\t\t\tnovalidate >\n<input type='hidden' name='jetpack_contact_form_jwt' value='eyJ0eXAiOiJKV1QiLCJhbGciOiJIUzI1NiJ9.eyJlbmNyeXB0ZWRfYXR0cmlidXRlcyI6IjFpbHA4bWJUQ2JhQksvUi8wV0ZZVldCMm1JVXJhWW14V254THJ1bWtqQ1FwczhCY3dHcllPRVNYOUwvcFU4T3c0UzFrUmhMUS92dURVS1YvOGNwL252ZkQ3VHBiL3haVHUvU08xbkRLTlFyb2V5cEpGaFptSTYzd3FSalEwODZCTnVEQmdXVGhybGxyZWg1RmptNG9hMW9KaU1qRk9CRHlteWgrTmFaZFQ4b1ZKMXFyTlBpUzM3RmwyMW9KUHB1NDZpbk5QclF6d1EzeXUvZjBkUUVjSUM2THZjRjIvN0VHNkhZUWlKYVBaaHlZWDY5Y2o5ak92S3g2cGdQSzcyRnpjQWRLRkFkdFp1bnFmTkdrSEVBZGVsQ2h2WU9CeWROajM4eXJxK0owa2g0M0NaMXpyZmNMN1ZLcG1zTW9pNlEzbVFyZDF4Nm05MFdUOENYVXgyb2xzYUJYalJKL3VrR1hXclcxZE1QOUZUVUNBYW9jZVltcVFaYTNPbEVDOTZBc3Yvb3V2TmdJaVhUV2V1TXBnY1EzVmZzRjl1QXNnZGxuZTF0VFVLdE1LUHZIRHFmRTUxYzBBVjJBdDVUVDU5N2pJMDU3VEZ0ZjZDL2ZuMTlkS0czSUQvTlM0aElCYmx2T0FCTStxeXFoTno2V21IVGJEUDRKVDN2R3U1cURSVnpUNGRlRmhIamc4Z2drUzEzYTZwMmFwUjdLbUxaWlprUWxsWWNzQVVZNGtoc1ZraUh6L3FubitndjhzMGErakFlSTV0SjdtSEhFZkJjaFBpZTljdVkweEVCcHZ5Um05TDhHdUd3MDdFK3BCVHZKLzBIOXRlYkFhNFR1U01JamtFTVlIWXBHMEk4N2dDQXR6d1V1QkJDbXgrTjBKM2pSMzNIczR2eS9qUUZQaTkzWTJKdVI5N1NQNWZ0SWtzVWVvQnh3ckhBOWVvVW9nMk5nbEJJSGhUaWUvQVZZRkZ1bTFqSm9MWWh1ckpCOHNsR3ErRnBqVStmZHI2K3NTTi9meUZYdnloSWxYOHRscFJhZFNHNkVKd09NeHhkSTY4VjZRRC9BM1VXaW05M2FBTlgyOTFPVWFjUzdwbENMWkhXQ1RFT2hMVlo5ejA0Q0M0SlRsQk8rWngrMWtEOG1JNVZOUitjTUtIRkMvTEE5a24vVFN0aFlNaWRFMGw3d1JnUzYzdk5vRTJMQ0xBQ2dKVGN4dUNYNjNmYWNOWXFOeEhRQ1JFckhsRC9YeVE5Ris0WnEzNjkvUWFBTk5BPT0iLCJjb250ZW50IjoiW2NvbnRhY3QtZmllbGQgbGFiZWw9XCJOYW1uXCIgdHlwZT1cIm5hbWVcIiByZXF1aXJlZD1cIjFcIl1bY29udGFjdC1maWVsZCBsYWJlbD1cIkUtcG9zdFwiIHR5cGU9XCJlbWFpbFwiIHJlcXVpcmVkPVwiMVwiXVtjb250YWN0LWZpZWxkIGxhYmVsPVwiTWVkZGVsYW5kZVwiIHR5cGU9XCJ0ZXh0YXJlYVwiXSIsImhhc2giOiI1YjcyZGQxNGRiOTAyNzQ5MDM3NjQ4Yjk4Y2UxYWFlM2IyYzgwMTNiIiwic291cmNlIjp7ImVudHJ5X3RpdGxlIjoiQWxsZXJnaWZyYW1rYWxsYW5kZSBcdTAwZTRtbmVuLCBoXHUwMGU0cmRwbGFzdGVyIiwiZW50cnlfcGFnZSI6MSwic291cmNlX2lkIjoyOTc3LCJzb3VyY2VfdHlwZSI6InNpbmdsZSIsInJlcXVlc3RfdXJsIjoiaHR0cHM6Ly9yZXB1YmxpZnkuc2Uvd3AtanNvbi93cC92Mi9wcm9kdWN0LzI5NzcifSwidmVyc2lvbiI6MiwiY2lwaGVyIjoiYWVzLTI1Ni1nY20ifQ.RNPZtSqhEUERLcguvx8Xwz-VwyUQmtmhkP1v1D-g7jY' \/>\n\n<div style=\"\"  data-wp-interactive=\"jetpack\/form\" data-wp-context='{\"fieldId\":\"g2977-namn\",\"fieldType\":\"name\",\"fieldLabel\":\"Namn\",\"fieldValue\":\"\",\"fieldPlaceholder\":\"\",\"fieldIsRequired\":\"1\",\"fieldErrorMessage\":\"\",\"fieldExtra\":[],\"formHash\":\"5b72dd14db902749037648b98ce1aae3b2c8013b\"}'  class='grunion-field-name-wrap grunion-field-wrap'  data-wp-init='callbacks.initializeField' data-wp-on--jetpack-form-reset='callbacks.initializeField' >\n<label\n\t\t\t\tfor='g2977-namn' class=\"grunion-field-label name\" >Namn<span class=\"grunion-label-required\" aria-hidden=\"true\">(obligatoriskt)<\/span><\/label>\n<input\n\t\t\t\t\ttype='text'\n\t\t\t\t\tname='g2977-namn'\n\t\t\t\t\tid='g2977-namn'\n\t\t\t\t\tvalue=''\n\n\t\t\t\t\tdata-wp-bind--aria-invalid='state.fieldAriaInvalid'\n\t\t\t\t\tdata-wp-bind--value='state.getFieldValue'\n\t\t\t\t\taria-describedby='g2977-namn-text-error-message'\n\t\t\t\t\tdata-wp-on--input='actions.onFieldChange'\n\t\t\t\t\tdata-wp-on--blur='actions.onFieldBlur'\n\t\t\t\t\tdata-wp-class--has-value='state.hasFieldValue'\n\n\t\t\t\t\tclass='name  grunion-field' \n\t\t\t\t\trequired='true' aria-required='true'  \/>\n \n\t\t\t<div id=\"g2977-namn-text-error\" class=\"contact-form__input-error\" data-wp-class--has-errors=\"state.fieldHasErrors\">\n\t\t\t\t<span class=\"contact-form__warning-icon\" aria-hidden=\"true\">\n\t\t\t\t\t<svg width=\"16\" height=\"16\" viewBox=\"0 0 16 16\" fill=\"none\" xmlns=\"http:\/\/www.w3.org\/2000\/svg\">\n\t\t\t\t\t\t<path d=\"M8.50015 11.6402H7.50015V10.6402H8.50015V11.6402Z\" \/>\n\t\t\t\t\t\t<path d=\"M7.50015 9.64018H8.50015V6.30684H7.50015V9.64018Z\" \/>\n\t\t\t\t\t\t<path fill-rule=\"evenodd\" clip-rule=\"evenodd\" d=\"M6.98331 3.0947C7.42933 2.30177 8.57096 2.30177 9.01698 3.09469L13.8771 11.7349C14.3145 12.5126 13.7525 13.4735 12.8602 13.4735H3.14004C2.24774 13.4735 1.68575 12.5126 2.12321 11.7349L6.98331 3.0947ZM8.14541 3.58496C8.08169 3.47168 7.9186 3.47168 7.85488 3.58496L2.99478 12.2251C2.93229 12.3362 3.01257 12.4735 3.14004 12.4735H12.8602C12.9877 12.4735 13.068 12.3362 13.0055 12.2251L8.14541 3.58496Z\" \/>\n\t\t\t\t\t<\/svg>\n\t\t\t\t<\/span>\n\t\t\t\t<span data-wp-text=\"state.errorMessage\" id=\"g2977-namn-text-error-message\"><\/span>\n\t\t\t<\/div> \n\t<\/div>\n\n<div style=\"\"  data-wp-interactive=\"jetpack\/form\" data-wp-context='{\"fieldId\":\"g2977-epost\",\"fieldType\":\"email\",\"fieldLabel\":\"E-post\",\"fieldValue\":\"\",\"fieldPlaceholder\":\"\",\"fieldIsRequired\":\"1\",\"fieldErrorMessage\":\"\",\"fieldExtra\":[],\"formHash\":\"5b72dd14db902749037648b98ce1aae3b2c8013b\"}'  class='grunion-field-email-wrap grunion-field-wrap'  data-wp-init='callbacks.initializeField' data-wp-on--jetpack-form-reset='callbacks.initializeField' >\n<label\n\t\t\t\tfor='g2977-epost' class=\"grunion-field-label email\" >E-post<span class=\"grunion-label-required\" aria-hidden=\"true\">(obligatoriskt)<\/span><\/label>\n<input\n\t\t\t\t\ttype='email'\n\t\t\t\t\tname='g2977-epost'\n\t\t\t\t\tid='g2977-epost'\n\t\t\t\t\tvalue=''\n\n\t\t\t\t\tdata-wp-bind--aria-invalid='state.fieldAriaInvalid'\n\t\t\t\t\tdata-wp-bind--value='state.getFieldValue'\n\t\t\t\t\taria-describedby='g2977-epost-email-error-message'\n\t\t\t\t\tdata-wp-on--input='actions.onFieldChange'\n\t\t\t\t\tdata-wp-on--blur='actions.onFieldBlur'\n\t\t\t\t\tdata-wp-class--has-value='state.hasFieldValue'\n\n\t\t\t\t\tclass='email  grunion-field' \n\t\t\t\t\trequired='true' aria-required='true'  \/>\n \n\t\t\t<div id=\"g2977-epost-email-error\" class=\"contact-form__input-error\" data-wp-class--has-errors=\"state.fieldHasErrors\">\n\t\t\t\t<span class=\"contact-form__warning-icon\" aria-hidden=\"true\">\n\t\t\t\t\t<svg width=\"16\" height=\"16\" viewBox=\"0 0 16 16\" fill=\"none\" xmlns=\"http:\/\/www.w3.org\/2000\/svg\">\n\t\t\t\t\t\t<path d=\"M8.50015 11.6402H7.50015V10.6402H8.50015V11.6402Z\" \/>\n\t\t\t\t\t\t<path d=\"M7.50015 9.64018H8.50015V6.30684H7.50015V9.64018Z\" \/>\n\t\t\t\t\t\t<path fill-rule=\"evenodd\" clip-rule=\"evenodd\" d=\"M6.98331 3.0947C7.42933 2.30177 8.57096 2.30177 9.01698 3.09469L13.8771 11.7349C14.3145 12.5126 13.7525 13.4735 12.8602 13.4735H3.14004C2.24774 13.4735 1.68575 12.5126 2.12321 11.7349L6.98331 3.0947ZM8.14541 3.58496C8.08169 3.47168 7.9186 3.47168 7.85488 3.58496L2.99478 12.2251C2.93229 12.3362 3.01257 12.4735 3.14004 12.4735H12.8602C12.9877 12.4735 13.068 12.3362 13.0055 12.2251L8.14541 3.58496Z\" \/>\n\t\t\t\t\t<\/svg>\n\t\t\t\t<\/span>\n\t\t\t\t<span data-wp-text=\"state.errorMessage\" id=\"g2977-epost-email-error-message\"><\/span>\n\t\t\t<\/div> \n\t<\/div>\n\n<div style=\"\"  data-wp-interactive=\"jetpack\/form\" data-wp-context='{\"fieldId\":\"g2977-meddelande\",\"fieldType\":\"textarea\",\"fieldLabel\":\"Meddelande\",\"fieldValue\":\"\",\"fieldPlaceholder\":\"\",\"fieldIsRequired\":\"\",\"fieldErrorMessage\":\"\",\"fieldExtra\":[],\"formHash\":\"5b72dd14db902749037648b98ce1aae3b2c8013b\"}'  class='grunion-field-textarea-wrap grunion-field-wrap'  data-wp-init='callbacks.initializeField' data-wp-on--jetpack-form-reset='callbacks.initializeField' >\n<label\n\t\t\t\tfor='contact-form-comment-g2977-meddelande' class=\"grunion-field-label textarea\" >Meddelande<\/label>\n<textarea\n\t\t                style=''\n\t\t                name='g2977-meddelande'\n\t\t                id='contact-form-comment-g2977-meddelande'\n\t\t                rows='20'\n\t\t\t\t\t\tdata-wp-text='state.getFieldValue'\n\t\t\t\t\t\tdata-wp-on--input='actions.onFieldChange'\n\t\t\t\t\t\tdata-wp-on--blur='actions.onFieldBlur'\n\t\t\t\t\t\tdata-wp-class--has-value='state.hasFieldValue'\n\t\t\t\t\t\taria-describedby='g2977-meddelande-textarea-error-message'\n\t\t\t\t\t\tdata-wp-bind--aria-invalid='state.fieldAriaInvalid'\n\t\t\t\t\t\tclass='textarea  grunion-field'  ><\/textarea>\n \n\t\t\t<div id=\"g2977-meddelande-textarea-error\" class=\"contact-form__input-error\" data-wp-class--has-errors=\"state.fieldHasErrors\">\n\t\t\t\t<span class=\"contact-form__warning-icon\" aria-hidden=\"true\">\n\t\t\t\t\t<svg width=\"16\" height=\"16\" viewBox=\"0 0 16 16\" fill=\"none\" xmlns=\"http:\/\/www.w3.org\/2000\/svg\">\n\t\t\t\t\t\t<path d=\"M8.50015 11.6402H7.50015V10.6402H8.50015V11.6402Z\" \/>\n\t\t\t\t\t\t<path d=\"M7.50015 9.64018H8.50015V6.30684H7.50015V9.64018Z\" \/>\n\t\t\t\t\t\t<path fill-rule=\"evenodd\" clip-rule=\"evenodd\" d=\"M6.98331 3.0947C7.42933 2.30177 8.57096 2.30177 9.01698 3.09469L13.8771 11.7349C14.3145 12.5126 13.7525 13.4735 12.8602 13.4735H3.14004C2.24774 13.4735 1.68575 12.5126 2.12321 11.7349L6.98331 3.0947ZM8.14541 3.58496C8.08169 3.47168 7.9186 3.47168 7.85488 3.58496L2.99478 12.2251C2.93229 12.3362 3.01257 12.4735 3.14004 12.4735H12.8602C12.9877 12.4735 13.068 12.3362 13.0055 12.2251L8.14541 3.58496Z\" \/>\n\t\t\t\t\t<\/svg>\n\t\t\t\t<\/span>\n\t\t\t\t<span data-wp-text=\"state.errorMessage\" id=\"g2977-meddelande-textarea-error-message\"><\/span>\n\t\t\t<\/div>\n\t<\/div>\n\t<p class='contact-submit'>\n<div class=\"contact-form__error\" data-wp-class--show-errors=\"state.showFormErrors\"><span class=\"contact-form__warning-icon\" aria-hidden=\"true\"><i><\/i><\/span><span class=\"contact-form__error-message\" tabindex=\"-1\" data-wp-watch=\"callbacks.focusOnValidationError\" data-wp-text=\"state.getFormErrorMessage\"><\/span><ul aria-label=\"Formul\u00e4rfel\">\n\t\t\t\t<template data-wp-each=\"state.getErrorList\" data-wp-key=\"context.item.id\">\n\t\t\t\t\t<li><a data-wp-bind--href=\"context.item.anchor\" data-wp-on--click=\"actions.scrollIntoView\" data-wp-text=\"context.item.label\"><\/a><\/li>\n\t\t\t\t<\/template>\n\t\t\t\t<\/ul><\/div><div class=\"contact-form__error\" data-wp-class--show-errors=\"state.showSubmissionError\" data-wp-text=\"context.submissionError\" tabindex=\"-1\" data-wp-watch=\"callbacks.focusOnSubmissionError\"><\/div>\t\t<button type='submit' class='pushbutton-wide'>Skicka<\/button>\t\t<input type='hidden' name='contact-form-id' value='2977' \/>\n\t\t<input type='hidden' name='action' value='grunion-contact-form' \/>\n\t\t<input type='hidden' name='contact-form-hash' value='5b72dd14db902749037648b98ce1aae3b2c8013b' \/>\n\t<\/p>\n<\/form>\n<\/div>\n","protected":false},"excerpt":{"rendered":"<p><strong>Jobbar du med allergiframkallande \u00e4mnen och h\u00e4rdplaster i din verksamhet? Enligt f\u00f6reskrifterna fr\u00e5n arbetsmilj\u00f6verket, AFS 2014:43 kr\u00e4vs \u00e5terkommande utbildning av personalen som syssels\u00e4tts.<\/strong><\/p>\n<p>I samarbete med v\u00e5r partner Chemgroup erbjuder vi f\u00f6retagsanpassade utbildningar g\u00e4llande era h\u00e4rdplaster. Vi tittar p\u00e5 riskerna med era kemikalier och riktar informationen till att vara specifik och g\u00e4lla den aktuella arbetsplatsen. N\u00e4r vi tr\u00e4ffar personalen passar vi p\u00e5 att \u00e4ven g\u00e5 igenom \u00f6vriga farliga kemikalier i verksamheten.<\/p>\n","protected":false},"featured_media":2975,"comment_status":"open","ping_status":"closed","template":"","meta":{"wds_primary_product_brand":0,"wds_primary_product_cat":0},"product_brand":[],"product_cat":[91,30,92,31,203],"product_tag":[],"class_list":{"0":"post-2977","1":"product","2":"type-product","3":"status-publish","4":"has-post-thumbnail","6":"product_cat-arbetsmiljo","7":"product_cat-business","8":"product_cat-kemikaliehantering","9":"product_cat-security","10":"product_cat-industri","12":"first","13":"instock","14":"taxable","15":"shipping-taxable","16":"purchasable","17":"product-type-simple"},"jetpack_sharing_enabled":true,"_links":{"self":[{"href":"https:\/\/republify.se\/index.php\/wp-json\/wp\/v2\/product\/2977","targetHints":{"allow":["GET"]}}],"collection":[{"href":"https:\/\/republify.se\/index.php\/wp-json\/wp\/v2\/product"}],"about":[{"href":"https:\/\/republify.se\/index.php\/wp-json\/wp\/v2\/types\/product"}],"replies":[{"embeddable":true,"href":"https:\/\/republify.se\/index.php\/wp-json\/wp\/v2\/comments?post=2977"}],"wp:featuredmedia":[{"embeddable":true,"href":"https:\/\/republify.se\/index.php\/wp-json\/wp\/v2\/media\/2975"}],"wp:attachment":[{"href":"https:\/\/republify.se\/index.php\/wp-json\/wp\/v2\/media?parent=2977"}],"wp:term":[{"taxonomy":"product_brand","embeddable":true,"href":"https:\/\/republify.se\/index.php\/wp-json\/wp\/v2\/product_brand?post=2977"},{"taxonomy":"product_cat","embeddable":true,"href":"https:\/\/republify.se\/index.php\/wp-json\/wp\/v2\/product_cat?post=2977"},{"taxonomy":"product_tag","embeddable":true,"href":"https:\/\/republify.se\/index.php\/wp-json\/wp\/v2\/product_tag?post=2977"}],"curies":[{"name":"wp","href":"https:\/\/api.w.org\/{rel}","templated":true}]}}