{"id":2867,"date":"2022-03-18T13:45:52","date_gmt":"2022-03-18T12:45:52","guid":{"rendered":"https:\/\/republify.se\/?post_type=product&#038;p=2867"},"modified":"2026-04-22T07:29:06","modified_gmt":"2026-04-22T06:29:06","slug":"itil-4-foundation-inkl-certifiering","status":"publish","type":"product","link":"https:\/\/republify.se\/index.php\/produkt\/itil-4-foundation-inkl-certifiering\/","title":{"rendered":"ITIL\u00ae 4 Foundation (inkl certifiering)"},"content":{"rendered":"<div style=\"float: right;\">\n<p><script src='\/\/d31cr4zxq0qgev.cloudfront.net\/js\/reviews\/1.5.1\/widget.min.js'>\n<\/script><\/p>\n<div>\n<div id=\"widget-reviews\"><\/div>\n<\/div>\n<p><script>\n    emgReviewWidget.setup({\n        targetElementId: 'widget-reviews',\n        customerId: '40730',\n        sourceCourseId: '1712140', \n        source: 'utbildning.se'\n    });\n<\/script><\/p>\n<\/div>\n<p><strong>M\u00e5lgrupp: <\/strong><\/p>\n<p>Alla som arbetar i en organisation som levererar Tj\u00e4nster, IT-tj\u00e4nster eller arbetar med Systemutveckling och Systemf\u00f6rvaltning, s\u00e5v\u00e4l chefer och andra i ledande positioner som enskilda medarbetare. Oavsett befattning ger denna kurs alla parter en gemensam grund f\u00f6r att f\u00f6rst\u00e5 IT Service Management och ITIL.<\/p>\n<p><strong>F\u00f6rkunskaper: <\/strong><\/p>\n<p>Inga s\u00e4rskilda f\u00f6rkunskaper beh\u00f6vs<\/p>\n<p><strong>Kursl\u00e4ngd: <\/strong><\/p>\n<p>2 dagar, 09.00-16.30<\/p>\n<p><strong>Kursformat: <\/strong><\/p>\n<p>P\u00e5 plats i klassrum (f\u00f6retagsinternt eller hos utbildningspartner) eller online<\/p>\n<p><strong>Spr\u00e5k: <\/strong><\/p>\n<p>Kursen h\u00e5lls p\u00e5 svenska med utbildningsmaterial p\u00e5 engelska<\/p>\n<p>V\u00e5ra f\u00f6retagsinterna kurser kan anpassas efter era \u00f6nskem\u00e5l vad g\u00e4ller kursl\u00e4ngd, kursformat och spr\u00e5k (svenska eller engelska).<\/p>\n<p><strong>Kursmaterial:<\/strong><\/p>\n<p>Kursmaterialet som PDF-filer<\/p>\n<p>Den officiella ITIL\u00ae 4 Foundation-boken tillg\u00e4nglig online<\/p>\n<p>Ordlista (Glossary) med definitioner av termer inom ITIL\u00ae 4 Foundation. \u00c4ven tillg\u00e4nglig online.<\/p>\n<p>En Quick Reference Guide som \u00e4r en kortfattad sammanfattning av kursens inneh\u00e5ll tillg\u00e4nglig online och m\u00f6jlig att ladda ner<\/p>\n<p><strong>Certifiering ITIL\u00ae 4 Foundation<\/strong><\/p>\n<p>Efter avslutad kurs har du m\u00f6jlighet att certifiera dig. ITIL \u00e4r det mest spridda ramverket i v\u00e4rlden f\u00f6r Service Management varf\u00f6r en certifiering \u00e4r erk\u00e4nd och ofta efterfr\u00e5gad i de flesta IT-organisationer. Certifieringen sker online n\u00e4r du k\u00e4nner dig redo att genomf\u00f6ra testet och du har ett \u00e5r p\u00e5 dig. Kursavgiften omfattar ett certifieringsf\u00f6rs\u00f6k.<\/p>\n<h2>Kursinneh\u00e5ll ITIL\u00ae 4 Foundation<\/h2>\n<ul>\n<li>Service Management som helhet och nyckelbegrepp<\/li>\n<li>De fyra dimensionerna inom Service Management<\/li>\n<li>ITIL Service Value System (SVS) och dess ing\u00e5ende komponenter<\/li>\n<li>ITIL Service Management praxisar<\/li>\n<li>Modell f\u00f6r kontinuerliga f\u00f6rb\u00e4ttringar (Continual Improvement)<\/li>\n<\/ul>\n<p>&nbsp;<\/p>\n<p>Centralt f\u00f6r ITIL 4 \u00e4r ett kontinuerligt f\u00f6rb\u00e4ttringsarbete. Du f\u00e5r insikt i hur du kan anv\u00e4nda en modell f\u00f6r st\u00e4ndiga f\u00f6rb\u00e4ttringar som hj\u00e4lper din organisation att iterera och utifr\u00e5n f\u00f6r\u00e4ndrade behov och krav anpassa och f\u00f6rb\u00e4ttra alla delar i sin verksamhet f\u00f6r att m\u00f6ta dess.<\/p>\n<p>&nbsp;<\/p>\n<p><em>Acknowledgements. ITIL\u00ae is a registered trademark of the PeopleCert group. Used under licence from PeopleCert. All rights reserved.<\/em><br \/>\n<em>Accredited ITIL 4 training is provided by Brivalo, accredited by Peoplecert.<\/em><\/p>\n<p>&nbsp;<\/p>\n<h3>Kursen levereras i samarbete med Brivalo<\/h3>\n","protected":false},"excerpt":{"rendered":"<p class=\"sqsrte-large preFade fadeIn\"><strong>Vill du ha en stark grund att st\u00e5 p\u00e5 inom IT Service Management och l\u00e4ra dig de grundl\u00e4ggande f\u00f6ruts\u00e4ttningarna f\u00f6r att skapa, leverera och st\u00e4ndigt f\u00f6rb\u00e4ttra Tj\u00e4nster som skapar v\u00e4rde f\u00f6r s\u00e5v\u00e4l din organisation som f\u00f6r dina kunder och anv\u00e4ndare?\u00a0<\/strong><\/p>\n<p class=\"sqsrte-large preFade fadeIn\">D\u00e5 \u00e4r kursen ITIL\u00ae 4 Foundation det perfekta valet f\u00f6r dig och \u00e4ven starten f\u00f6r din resa inom ITIL-ramverket.\u00a0 I kurspriset ing\u00e5r \u00e4ven en certifieringsvoucher<\/p>\n<p><strong>\u00d6ppna\/Schemalagda kursdatum &#8211; Distans:<\/strong>\u00a024-25 juni<\/p>\n","protected":false},"featured_media":2641,"comment_status":"open","ping_status":"closed","template":"","meta":{"wds_primary_product_brand":0,"wds_primary_product_cat":0},"product_brand":[],"product_cat":[30,52,145,203],"product_tag":[],"class_list":{"0":"post-2867","1":"product","2":"type-product","3":"status-publish","4":"has-post-thumbnail","6":"product_cat-business","7":"product_cat-itil","8":"product_cat-oppen-schemalagd-utbildning","9":"product_cat-industri","11":"first","12":"instock","13":"taxable","14":"shipping-taxable","15":"purchasable","16":"product-type-simple"},"jetpack_sharing_enabled":true,"_links":{"self":[{"href":"https:\/\/republify.se\/index.php\/wp-json\/wp\/v2\/product\/2867","targetHints":{"allow":["GET"]}}],"collection":[{"href":"https:\/\/republify.se\/index.php\/wp-json\/wp\/v2\/product"}],"about":[{"href":"https:\/\/republify.se\/index.php\/wp-json\/wp\/v2\/types\/product"}],"replies":[{"embeddable":true,"href":"https:\/\/republify.se\/index.php\/wp-json\/wp\/v2\/comments?post=2867"}],"wp:featuredmedia":[{"embeddable":true,"href":"https:\/\/republify.se\/index.php\/wp-json\/wp\/v2\/media\/2641"}],"wp:attachment":[{"href":"https:\/\/republify.se\/index.php\/wp-json\/wp\/v2\/media?parent=2867"}],"wp:term":[{"taxonomy":"product_brand","embeddable":true,"href":"https:\/\/republify.se\/index.php\/wp-json\/wp\/v2\/product_brand?post=2867"},{"taxonomy":"product_cat","embeddable":true,"href":"https:\/\/republify.se\/index.php\/wp-json\/wp\/v2\/product_cat?post=2867"},{"taxonomy":"product_tag","embeddable":true,"href":"https:\/\/republify.se\/index.php\/wp-json\/wp\/v2\/product_tag?post=2867"}],"curies":[{"name":"wp","href":"https:\/\/api.w.org\/{rel}","templated":true}]}}