{"id":2711,"date":"2022-03-14T11:11:15","date_gmt":"2022-03-14T10:11:15","guid":{"rendered":"https:\/\/republify.se\/?post_type=product&#038;p=2711"},"modified":"2025-11-21T08:53:33","modified_gmt":"2025-11-21T07:53:33","slug":"teams-sharepoint-online-for-redaktorer-kommunikatorer","status":"publish","type":"product","link":"https:\/\/republify.se\/index.php\/produkt\/teams-sharepoint-online-for-redaktorer-kommunikatorer\/","title":{"rendered":"Teams &#038; SharePoint Online f\u00f6r redakt\u00f6rer &#038; kommunikat\u00f6rer"},"content":{"rendered":"<p>Denna tv\u00e5dagskurs i Microsoft 365 \u00e4r perfekt f\u00f6r dig som kommer att arbeta som redakt\u00f6r, ansvariga r\u00e4ttigheter, underh\u00e5ll och l\u00e4ttare administration av en SharePoint webbplats.<\/p>\n<p><strong>M\u00e5lgrupp<\/strong><\/p>\n<p>Du som kommer att arbeta som redakt\u00f6r, ansvariga r\u00e4ttigheter, underh\u00e5ll och l\u00e4ttare administration av en SharePoint webbplats<\/p>\n<p><strong>Bakgrund<\/strong><\/p>\n<p>Att arbeta med filer i molnet eller som i Microsofts fall i enheten OneDrive har v\u00e4xt mer och mer de senaste \u00e5ren och kombinerat med Microsofts kommunikations- och samarbetsplattform MS Teams har framf\u00f6rallt allt distansarbete den senaste tiden visat hur anv\u00e4ndbart och smidigt det g\u00e5r att samarbeta trots att medarbetarna inte alltid sitter fysiskt p\u00e5 samma plats. I denna utbildning st\u00f6ttar vi er resa och hj\u00e4lper till att hitta ett best-practice-arbetss\u00e4tt som g\u00f6r att ni b\u00e5de kommer bli mer effektiva i systemen samtidigt som ni sparar otroligt med tid genom att ha ett gemensamt och effektivt arbetss\u00e4tt!<\/p>\n<p><strong>Inneh\u00e5ll<\/strong><\/p>\n<p>I denna utbildning kommer du f\u00e5 l\u00e4ra dig att skapa och arbeta med mallar, sidor, nyheter, listor, bibliotek, att administrera anv\u00e4ndare och r\u00e4ttigheter, dokumenthantering och fl\u00f6den. Vi g\u00e5r till exempel igenom hur du skapar och redigerar inneh\u00e5ll p\u00e5 en SharePoint-webbplats och hur du skapar Teams f\u00f6r grupparbeten och samtidig redigering. Kursen g\u00e5r \u00e4ven igenom hur kommunikation och information p\u00e5 allra b\u00e4sta s\u00e4tt kommuniceras inom ett f\u00f6retag f\u00f6r att n\u00e5 en h\u00e5llbar utveckling.<\/p>\n<ul>\n<li>Introduktion till MS 365<\/li>\n<li>Skapa webbplats f\u00f6r kommunikation i SharePoint Online<\/li>\n<li>Inneh\u00e5llshantering p\u00e5 en webbplats<\/li>\n<li>Dela inneh\u00e5ll och webbplatser p\u00e5 r\u00e4tt s\u00e4tt<\/li>\n<li>Listor<\/li>\n<li>Dokumenthantering<\/li>\n<li>Versionshantering<\/li>\n<li>Metadata<\/li>\n<li>Grupparbeten i MS Teams<\/li>\n<li>Projektarbeten i MS Planner<\/li>\n<li>Lagra dokument i OneDrive<\/li>\n<\/ul>\n<p>&nbsp;<\/p>\n<h3>Kursen levereras i samarbete med<\/h3>\n<p><img decoding=\"async\" class=\"alignnone size-medium wp-image-1221 lazyload\" data-src=\"https:\/\/republify.se\/wp-content\/uploads\/2022\/02\/humandata_logo-300x62.jpg\" alt=\"\" width=\"300\" height=\"62\" data-srcset=\"https:\/\/republify.se\/wp-content\/uploads\/2022\/02\/humandata_logo-300x62.jpg 300w, https:\/\/republify.se\/wp-content\/uploads\/2022\/02\/humandata_logo.jpg 319w\" data-sizes=\"(max-width: 300px) 100vw, 300px\" src=\"data:image\/svg+xml;base64,PHN2ZyB3aWR0aD0iMSIgaGVpZ2h0PSIxIiB4bWxucz0iaHR0cDovL3d3dy53My5vcmcvMjAwMC9zdmciPjwvc3ZnPg==\" style=\"--smush-placeholder-width: 300px; --smush-placeholder-aspect-ratio: 300\/62;\" \/><\/p>\n<h2>Kontakta oss om denna kurs<\/h2>\n<div data-test='contact-form'\n\t\t\tid='contact-form-2711'\n\t\t\tclass='jetpack-contact-form-container '\n\t\t\tdata-wp-interactive='jetpack\/form' data-wp-context='{\"formId\":\"2711\",\"formHash\":\"b2d032a66c97998f851d618cb4d212ea62a0268b\",\"showErrors\":false,\"errors\":[],\"fields\":[],\"isMultiStep\":false,\"useAjax\":true,\"submissionData\":null,\"formattedSubmissionData\":[],\"submissionSuccess\":false,\"submissionError\":null,\"elementId\":\"jp-form-b2d032a66c97998f851d618cb4d212ea62a0268b\",\"isSingleInputForm\":false,\"isForcedHorizontal\":false}'\n\t\t\tdata-wp-watch--scroll-to-wrapper=\"callbacks.scrollToWrapper\"\n\t\t>\n<div class=\"contact-form-submission contact-form-ajax-submission\" data-wp-bind--aria-hidden=\"state.isSuccessMessageAriaHidden\" data-wp-class--submission-success=\"context.submissionSuccess\" id=\"contact-form-success-b2d032a66c97998f851d618cb4d212ea62a0268b\" tabindex=\"-1\" aria-labelledby=\"contact-form-success-header-b2d032a66c97998f851d618cb4d212ea62a0268b\"><p class=\"go-back-message\"><a class=\"link\" role=\"button\" tabindex=\"0\" data-wp-on--click=\"actions.goBack\" href=\"\/index.php\/wp-json\/wp\/v2\/product\/2711\">\u2190 Tillbaka<\/a><\/p><h4 data-wp-bind--aria-hidden=\"state.isSuccessMessageAriaHidden\" id=\"contact-form-success-header-b2d032a66c97998f851d618cb4d212ea62a0268b\">Tack f\u00f6r din respons. \u2728<\/h4>\n\n<template data-wp-each--submission=\"context.formattedSubmissionData\">\n\t\t\t\t\t<div class=\"jetpack_forms_contact-form-success-summary\">\n\t\t\t\t\t\t<div class=\"field-name-wrapper\">\n\t\t\t\t\t\t\t<div class=\"field-type-icon\" data-wp-watch=\"callbacks.watchFieldTypeIcon\"><\/div>\n\t\t\t\t\t\t\t<div class=\"field-name\" data-wp-text=\"context.submission.label\" data-wp-bind--hidden=\"!context.submission.label\"><\/div>\n\t\t\t\t\t\t<\/div>\n\t\t\t\t\t\t<div class=\"field-value\" data-wp-text=\"context.submission.value\" data-wp-bind--hidden=\"!context.submission.showPlainValue\"><\/div>\n\t\t\t\t\t\t<a class=\"field-url\" data-wp-bind--href=\"context.submission.url\" data-wp-text=\"context.submission.value\" data-wp-bind--hidden=\"!context.submission.url\" target=\"_blank\" rel=\"noopener noreferrer\"><\/a>\n\t\t\t\t\t\t<div class=\"field-rating\" data-wp-bind--hidden=\"!context.submission.rating\" data-wp-watch=\"callbacks.watchRatingIcons\"><\/div>\n\t\t\t\t\t\t<div class=\"field-images\" data-wp-bind--hidden=\"!context.submission.images\">\n\t\t\t\t\t\t\t<template data-wp-each--image=\"context.submission.images\">\n\t\t\t\t\t\t\t\t<div class=\"field-image-option\" data-wp-class--is-empty=\"!context.image.src\">\n\t\t\t\t\t\t\t\t\t<figure class=\"field-image-option__image\" data-wp-class--is-empty=\"!context.image.src\">\n\t\t\t\t\t\t\t\t\t\t<img data-wp-bind--src=\"context.image.src\" data-wp-bind--hidden=\"!context.image.src\" \/>\n\t\t\t\t\t\t\t\t\t\t<img decoding=\"async\" src=\"data:image\/gif;base64,R0lGODlhAQABAAD\/ACwAAAAAAQABAAACADs=\" data-wp-bind--hidden=\"context.image.src\" \/>\n\t\t\t\t\t\t\t\t\t<\/figure>\n\t\t\t\t\t\t\t\t\t<div class=\"field-image-option__label-wrapper\">\n\t\t\t\t\t\t\t\t\t\t<span class=\"field-image-option__label-code\" data-wp-text=\"context.image.letterCode\"><\/span>\n\t\t\t\t\t\t\t\t\t\t<span class=\"field-image-option__label\" data-wp-text=\"context.image.label\" data-wp-bind--hidden=\"!context.image.label\"><\/span>\n\t\t\t\t\t\t\t\t\t<\/div>\n\t\t\t\t\t\t\t\t<\/div>\n\t\t\t\t\t\t\t<\/template>\n\t\t\t\t\t\t<\/div>\n\t\t\t\t\t\t<div class=\"field-files\" data-wp-bind--hidden=\"!context.submission.files\">\n\t\t\t\t\t\t\t<template data-wp-each--file=\"context.submission.files\">\n\t\t\t\t\t\t\t\t<div class=\"field-file\">\n\t\t\t\t\t\t\t\t\t<div class=\"field-file__thumbnail\" data-wp-style--background-image=\"context.file.previewUrl\" data-wp-style--mask-image=\"context.file.iconUrl\" data-wp-bind--hidden=\"!context.file.hasPreview\"><\/div>\n\t\t\t\t\t\t\t\t\t<svg class=\"field-file__icon\" data-wp-bind--hidden=\"context.file.hasPreview\" width=\"20\" height=\"20\" viewBox=\"0 0 24 24\" fill=\"none\" xmlns=\"http:\/\/www.w3.org\/2000\/svg\" aria-hidden=\"true\">\n\t\t\t\t\t\t\t\t\t\t<path d=\"M14 2H6C4.9 2 4 2.9 4 4V20C4 21.1 4.89 22 5.99 22H18C19.1 22 20 21.1 20 20V8L14 2ZM18 20H6V4H13V9H18V20Z\" fill=\"currentColor\"\/>\n\t\t\t\t\t\t\t\t\t<\/svg>\n\t\t\t\t\t\t\t\t\t<span class=\"field-file__name\" data-wp-text=\"context.file.name\"><\/span>\n\t\t\t\t\t\t\t\t\t<span class=\"field-file__size\" data-wp-text=\"context.file.size\"><\/span>\n\t\t\t\t\t\t\t\t<\/div>\n\t\t\t\t\t\t\t<\/template>\n\t\t\t\t\t\t<\/div>\n\t\t\t\t\t<\/div>\n\t\t\t\t<\/template><\/div><form action='https:\/\/republify.se\/index.php\/produkt\/teams-sharepoint-online-for-redaktorer-kommunikatorer\/'\n\t\t\t\tid='jp-form-b2d032a66c97998f851d618cb4d212ea62a0268b'\n\t\t\t\tmethod='post'\n\t\t\t\tclass='contact-form commentsblock jetpack-contact-form__form has-no-jetpack-form-layout' aria-label=\"Teams &amp; SharePoint Online f\u00f6r redakt\u00f6rer &amp; kommunikat\u00f6rer\"\n\t\t\t\tdata-wp-on--submit=\"actions.onFormSubmit\"\n\t\t\t\tdata-wp-on--reset=\"actions.onFormReset\"\n\t\t\t\tdata-wp-class--submission-success=\"context.submissionSuccess\"\n\t\t\t\tdata-wp-class--is-first-step=\"state.isFirstStep\"\n\t\t\t\tdata-wp-class--is-last-step=\"state.isLastStep\"\n\t\t\t\tdata-wp-class--is-ajax-form=\"context.useAjax\"\n\t\t\t\tnovalidate >\n<input type='hidden' name='jetpack_contact_form_jwt' value='eyJ0eXAiOiJKV1QiLCJhbGciOiJIUzI1NiJ9.eyJlbmNyeXB0ZWRfYXR0cmlidXRlcyI6IjVMR3FnbWRXc2NFemRVQzdWbERRa1B3WlNsbDlyNDd2bWJXY3RFZVZlRDJnaHI4UzZNR2ZNWGpkYXE4ak5RQlRwbS9tYjI3dUt2UFBidURsMnFxVUdjRnRyelUwa3JnT1VMUWd5M1NFK1JPNFBtMy9rVHNUb0lVeWk0eXlmU3RIb084enY2b25SZ0V0WEQ3Wk5zbU5TR3lzRkRFOTlSZE1qd3BzUzIxdTZ3aWpjZ3FER1ppYmVpenYrSkU3enJ5dWdTcmpkSUV6QndhczZRQVJPbElpNVZQeDFpSjVraEFTTGVnRnBiQm5CYWpCNVFidkJMQXJFMXpzeEp5dC95WGRKdmdvSFU4bWV5M2ErM2pQZGJPNTJPN21FOWxlNUZCbllUd09aZmUyL2plS1RCaGlJUkpDbnRGa0xOdEVaeEFWZDdqVVVNZFV1Z0lYZ3R1WWZWQUhEL2hxTjZMaDVCbHNiazVjdnZNRUNuYUxKZ1R3WmpjZnFkWUFySjBrSjFRaGVKbVp1Vm5aRkNtUkEwc3ZsMVl4ck9pTGJYUDNyek12UFFJUUZES3cxUjBpNzYwUDB2NWdqMjA0Sk9oTHFKY1VyYU54ZlFTRkxxV212YXBxMjhEcGNNc0lCRHZCdWdlUTVHLzRvRGpZNi9oNXMrSnlXejM5Q245eHV5NUNIOVMwYURzUG5jTGxoQ2o3d2xTNGJEYkJmQ1k0L0UrSjYzZithWWFvUVNmOWx2TXViMzc3ejEwMy9wSzJEQ21uYnVGai9UZUdDcmZFSnF0djZmV21MOWxTaVZMRmpsY1ZGQlQ0dkxIVTdjSzlNT1JBSHJXdUpndVIwODhPQVBRNG9TSmtOd0pIMkdsSWNtRk9jQzNWckVyTXpmMzNJUUtVbTd5K0ZiaUZLR3lrSXFMVGFQdFh6NStKQzRXcExHN2x3SkZsNTNSdW1qbU5STmhVNlN0dTdGTkoxQ0d5enhjU01iZDVwM1lIZWp3NkttZnNrQmFUdEtVN3R0WitwYUxTYUlqa1VBcDlxUXJ5T01NdWs5Q0RvUkNaTXR1U2xra2RzVi81NGM2ZmdoUi9yNzhXNWRNd2M4R2RLQksrbXI0UmJhTWZyRldGSHdaV3BOMlNwZS9kZFU1dUpNa0lZYkNKV3V0bUVuamltS3kzRnlUeUprdm9PcVNTbTl1L3MxdjB6UUZQQ3IzSkFhbzBORjVTRlp4SWRZaGlwWG81bllMUUtMZEtheFJoVVNReUNRVFlhN1FSY3hWQ3RpOFNlTHZVMGJqTEhxQUs3VWJidmxXTkhLVDJ3amhMTXc9PSIsImNvbnRlbnQiOiJbY29udGFjdC1maWVsZCBsYWJlbD1cIk5hbW5cIiB0eXBlPVwibmFtZVwiIHJlcXVpcmVkPVwiMVwiXVtjb250YWN0LWZpZWxkIGxhYmVsPVwiRS1wb3N0XCIgdHlwZT1cImVtYWlsXCIgcmVxdWlyZWQ9XCIxXCJdW2NvbnRhY3QtZmllbGQgbGFiZWw9XCJNZWRkZWxhbmRlXCIgdHlwZT1cInRleHRhcmVhXCJdIiwiaGFzaCI6ImIyZDAzMmE2NmM5Nzk5OGY4NTFkNjE4Y2I0ZDIxMmVhNjJhMDI2OGIiLCJzb3VyY2UiOnsiZW50cnlfdGl0bGUiOiJUZWFtcyAmIFNoYXJlUG9pbnQgT25saW5lIGZcdTAwZjZyIHJlZGFrdFx1MDBmNnJlciAmIGtvbW11bmlrYXRcdTAwZjZyZXIiLCJlbnRyeV9wYWdlIjoxLCJzb3VyY2VfaWQiOjI3MTEsInNvdXJjZV90eXBlIjoic2luZ2xlIiwicmVxdWVzdF91cmwiOiJodHRwczovL3JlcHVibGlmeS5zZS93cC1qc29uL3dwL3YyL3Byb2R1Y3QvMjcxMSJ9LCJ2ZXJzaW9uIjoyLCJjaXBoZXIiOiJhZXMtMjU2LWdjbSJ9.r2W5HS2qLKJFc0sDmqf1KtDBqouCBXqXWJNckjb8DoA' \/>\n\n<div style=\"\"  data-wp-interactive=\"jetpack\/form\" data-wp-context='{\"fieldId\":\"g2711-namn\",\"fieldType\":\"name\",\"fieldLabel\":\"Namn\",\"fieldValue\":\"\",\"fieldPlaceholder\":\"\",\"fieldIsRequired\":\"1\",\"fieldErrorMessage\":\"\",\"fieldExtra\":[],\"formHash\":\"b2d032a66c97998f851d618cb4d212ea62a0268b\"}'  class='grunion-field-name-wrap grunion-field-wrap'  data-wp-init='callbacks.initializeField' data-wp-on--jetpack-form-reset='callbacks.initializeField' >\n<label\n\t\t\t\tfor='g2711-namn' class=\"grunion-field-label name\" >Namn<span class=\"grunion-label-required\" aria-hidden=\"true\">(obligatoriskt)<\/span><\/label>\n<input\n\t\t\t\t\ttype='text'\n\t\t\t\t\tname='g2711-namn'\n\t\t\t\t\tid='g2711-namn'\n\t\t\t\t\tvalue=''\n\n\t\t\t\t\tdata-wp-bind--aria-invalid='state.fieldAriaInvalid'\n\t\t\t\t\tdata-wp-bind--value='state.getFieldValue'\n\t\t\t\t\taria-describedby='g2711-namn-text-error-message'\n\t\t\t\t\tdata-wp-on--input='actions.onFieldChange'\n\t\t\t\t\tdata-wp-on--blur='actions.onFieldBlur'\n\t\t\t\t\tdata-wp-class--has-value='state.hasFieldValue'\n\n\t\t\t\t\tclass='name  grunion-field' \n\t\t\t\t\trequired='true' aria-required='true'  \/>\n \n\t\t\t<div id=\"g2711-namn-text-error\" class=\"contact-form__input-error\" data-wp-class--has-errors=\"state.fieldHasErrors\">\n\t\t\t\t<span class=\"contact-form__warning-icon\" aria-hidden=\"true\">\n\t\t\t\t\t<svg width=\"16\" height=\"16\" viewBox=\"0 0 16 16\" fill=\"none\" xmlns=\"http:\/\/www.w3.org\/2000\/svg\">\n\t\t\t\t\t\t<path d=\"M8.50015 11.6402H7.50015V10.6402H8.50015V11.6402Z\" \/>\n\t\t\t\t\t\t<path d=\"M7.50015 9.64018H8.50015V6.30684H7.50015V9.64018Z\" \/>\n\t\t\t\t\t\t<path fill-rule=\"evenodd\" clip-rule=\"evenodd\" d=\"M6.98331 3.0947C7.42933 2.30177 8.57096 2.30177 9.01698 3.09469L13.8771 11.7349C14.3145 12.5126 13.7525 13.4735 12.8602 13.4735H3.14004C2.24774 13.4735 1.68575 12.5126 2.12321 11.7349L6.98331 3.0947ZM8.14541 3.58496C8.08169 3.47168 7.9186 3.47168 7.85488 3.58496L2.99478 12.2251C2.93229 12.3362 3.01257 12.4735 3.14004 12.4735H12.8602C12.9877 12.4735 13.068 12.3362 13.0055 12.2251L8.14541 3.58496Z\" \/>\n\t\t\t\t\t<\/svg>\n\t\t\t\t<\/span>\n\t\t\t\t<span data-wp-text=\"state.errorMessage\" id=\"g2711-namn-text-error-message\"><\/span>\n\t\t\t<\/div> \n\t<\/div>\n\n<div style=\"\"  data-wp-interactive=\"jetpack\/form\" data-wp-context='{\"fieldId\":\"g2711-epost\",\"fieldType\":\"email\",\"fieldLabel\":\"E-post\",\"fieldValue\":\"\",\"fieldPlaceholder\":\"\",\"fieldIsRequired\":\"1\",\"fieldErrorMessage\":\"\",\"fieldExtra\":[],\"formHash\":\"b2d032a66c97998f851d618cb4d212ea62a0268b\"}'  class='grunion-field-email-wrap grunion-field-wrap'  data-wp-init='callbacks.initializeField' data-wp-on--jetpack-form-reset='callbacks.initializeField' >\n<label\n\t\t\t\tfor='g2711-epost' class=\"grunion-field-label email\" >E-post<span class=\"grunion-label-required\" aria-hidden=\"true\">(obligatoriskt)<\/span><\/label>\n<input\n\t\t\t\t\ttype='email'\n\t\t\t\t\tname='g2711-epost'\n\t\t\t\t\tid='g2711-epost'\n\t\t\t\t\tvalue=''\n\n\t\t\t\t\tdata-wp-bind--aria-invalid='state.fieldAriaInvalid'\n\t\t\t\t\tdata-wp-bind--value='state.getFieldValue'\n\t\t\t\t\taria-describedby='g2711-epost-email-error-message'\n\t\t\t\t\tdata-wp-on--input='actions.onFieldChange'\n\t\t\t\t\tdata-wp-on--blur='actions.onFieldBlur'\n\t\t\t\t\tdata-wp-class--has-value='state.hasFieldValue'\n\n\t\t\t\t\tclass='email  grunion-field' \n\t\t\t\t\trequired='true' aria-required='true'  \/>\n \n\t\t\t<div id=\"g2711-epost-email-error\" class=\"contact-form__input-error\" data-wp-class--has-errors=\"state.fieldHasErrors\">\n\t\t\t\t<span class=\"contact-form__warning-icon\" aria-hidden=\"true\">\n\t\t\t\t\t<svg width=\"16\" height=\"16\" viewBox=\"0 0 16 16\" fill=\"none\" xmlns=\"http:\/\/www.w3.org\/2000\/svg\">\n\t\t\t\t\t\t<path d=\"M8.50015 11.6402H7.50015V10.6402H8.50015V11.6402Z\" \/>\n\t\t\t\t\t\t<path d=\"M7.50015 9.64018H8.50015V6.30684H7.50015V9.64018Z\" \/>\n\t\t\t\t\t\t<path fill-rule=\"evenodd\" clip-rule=\"evenodd\" d=\"M6.98331 3.0947C7.42933 2.30177 8.57096 2.30177 9.01698 3.09469L13.8771 11.7349C14.3145 12.5126 13.7525 13.4735 12.8602 13.4735H3.14004C2.24774 13.4735 1.68575 12.5126 2.12321 11.7349L6.98331 3.0947ZM8.14541 3.58496C8.08169 3.47168 7.9186 3.47168 7.85488 3.58496L2.99478 12.2251C2.93229 12.3362 3.01257 12.4735 3.14004 12.4735H12.8602C12.9877 12.4735 13.068 12.3362 13.0055 12.2251L8.14541 3.58496Z\" \/>\n\t\t\t\t\t<\/svg>\n\t\t\t\t<\/span>\n\t\t\t\t<span data-wp-text=\"state.errorMessage\" id=\"g2711-epost-email-error-message\"><\/span>\n\t\t\t<\/div> \n\t<\/div>\n\n<div style=\"\"  data-wp-interactive=\"jetpack\/form\" data-wp-context='{\"fieldId\":\"g2711-meddelande\",\"fieldType\":\"textarea\",\"fieldLabel\":\"Meddelande\",\"fieldValue\":\"\",\"fieldPlaceholder\":\"\",\"fieldIsRequired\":\"\",\"fieldErrorMessage\":\"\",\"fieldExtra\":[],\"formHash\":\"b2d032a66c97998f851d618cb4d212ea62a0268b\"}'  class='grunion-field-textarea-wrap grunion-field-wrap'  data-wp-init='callbacks.initializeField' data-wp-on--jetpack-form-reset='callbacks.initializeField' >\n<label\n\t\t\t\tfor='contact-form-comment-g2711-meddelande' class=\"grunion-field-label textarea\" >Meddelande<\/label>\n<textarea\n\t\t                style=''\n\t\t                name='g2711-meddelande'\n\t\t                id='contact-form-comment-g2711-meddelande'\n\t\t                rows='20'\n\t\t\t\t\t\tdata-wp-text='state.getFieldValue'\n\t\t\t\t\t\tdata-wp-on--input='actions.onFieldChange'\n\t\t\t\t\t\tdata-wp-on--blur='actions.onFieldBlur'\n\t\t\t\t\t\tdata-wp-class--has-value='state.hasFieldValue'\n\t\t\t\t\t\taria-describedby='g2711-meddelande-textarea-error-message'\n\t\t\t\t\t\tdata-wp-bind--aria-invalid='state.fieldAriaInvalid'\n\t\t\t\t\t\tclass='textarea  grunion-field'  ><\/textarea>\n \n\t\t\t<div id=\"g2711-meddelande-textarea-error\" class=\"contact-form__input-error\" data-wp-class--has-errors=\"state.fieldHasErrors\">\n\t\t\t\t<span class=\"contact-form__warning-icon\" aria-hidden=\"true\">\n\t\t\t\t\t<svg width=\"16\" height=\"16\" viewBox=\"0 0 16 16\" fill=\"none\" xmlns=\"http:\/\/www.w3.org\/2000\/svg\">\n\t\t\t\t\t\t<path d=\"M8.50015 11.6402H7.50015V10.6402H8.50015V11.6402Z\" \/>\n\t\t\t\t\t\t<path d=\"M7.50015 9.64018H8.50015V6.30684H7.50015V9.64018Z\" \/>\n\t\t\t\t\t\t<path fill-rule=\"evenodd\" clip-rule=\"evenodd\" d=\"M6.98331 3.0947C7.42933 2.30177 8.57096 2.30177 9.01698 3.09469L13.8771 11.7349C14.3145 12.5126 13.7525 13.4735 12.8602 13.4735H3.14004C2.24774 13.4735 1.68575 12.5126 2.12321 11.7349L6.98331 3.0947ZM8.14541 3.58496C8.08169 3.47168 7.9186 3.47168 7.85488 3.58496L2.99478 12.2251C2.93229 12.3362 3.01257 12.4735 3.14004 12.4735H12.8602C12.9877 12.4735 13.068 12.3362 13.0055 12.2251L8.14541 3.58496Z\" \/>\n\t\t\t\t\t<\/svg>\n\t\t\t\t<\/span>\n\t\t\t\t<span data-wp-text=\"state.errorMessage\" id=\"g2711-meddelande-textarea-error-message\"><\/span>\n\t\t\t<\/div>\n\t<\/div>\n\t<p class='contact-submit'>\n<div class=\"contact-form__error\" data-wp-class--show-errors=\"state.showFormErrors\"><span class=\"contact-form__warning-icon\" aria-hidden=\"true\"><i><\/i><\/span><span class=\"contact-form__error-message\" tabindex=\"-1\" data-wp-watch=\"callbacks.focusOnValidationError\" data-wp-text=\"state.getFormErrorMessage\"><\/span><ul aria-label=\"Formul\u00e4rfel\">\n\t\t\t\t<template data-wp-each=\"state.getErrorList\" data-wp-key=\"context.item.id\">\n\t\t\t\t\t<li><a data-wp-bind--href=\"context.item.anchor\" data-wp-on--click=\"actions.scrollIntoView\" data-wp-text=\"context.item.label\"><\/a><\/li>\n\t\t\t\t<\/template>\n\t\t\t\t<\/ul><\/div><div class=\"contact-form__error\" data-wp-class--show-errors=\"state.showSubmissionError\" data-wp-text=\"context.submissionError\" tabindex=\"-1\" data-wp-watch=\"callbacks.focusOnSubmissionError\"><\/div>\t\t<button type='submit' class='pushbutton-wide'>Skicka<\/button>\t\t<input type='hidden' name='contact-form-id' value='2711' \/>\n\t\t<input type='hidden' name='action' value='grunion-contact-form' \/>\n\t\t<input type='hidden' name='contact-form-hash' value='b2d032a66c97998f851d618cb4d212ea62a0268b' \/>\n\t<\/p>\n<\/form>\n<\/div>\n","protected":false},"excerpt":{"rendered":"<p><strong>Denna tv\u00e5dagskurs i Microsoft 365 \u00e4r perfekt f\u00f6r dig som kommer att arbeta som redakt\u00f6r, ansvariga r\u00e4ttigheter, underh\u00e5ll och l\u00e4ttare administration av en SharePoint webbplats.<\/strong><\/p>\n<p>I denna utbildning kommer du f\u00e5 l\u00e4ra dig att skapa och arbeta med mallar, sidor, nyheter, listor, bibliotek, att administrera anv\u00e4ndare och r\u00e4ttigheter, dokumenthantering och fl\u00f6den. Vi g\u00e5r till exempel igenom hur du skapar och redigerar inneh\u00e5ll p\u00e5 en SharePoint-webbplats och hur du skapar Teams f\u00f6r grupparbeten och samtidig redigering. Kursen g\u00e5r \u00e4ven igenom hur kommunikation och information p\u00e5 allra b\u00e4sta s\u00e4tt kommuniceras inom ett f\u00f6retag f\u00f6r att n\u00e5 en h\u00e5llbar utveckling.<\/p>\n","protected":false},"featured_media":2709,"comment_status":"open","ping_status":"closed","template":"","meta":{"wds_primary_product_brand":0,"wds_primary_product_cat":0},"product_brand":[],"product_cat":[43,48,85,49,29,84],"product_tag":[],"class_list":{"0":"post-2711","1":"product","2":"type-product","3":"status-publish","4":"has-post-thumbnail","6":"product_cat-microsoft","7":"product_cat-ms-teams","8":"product_cat-onedrive","9":"product_cat-sharepoint","10":"product_cat-technical","11":"product_cat-microsoft_office_adobe","13":"first","14":"instock","15":"taxable","16":"shipping-taxable","17":"purchasable","18":"product-type-simple"},"jetpack_sharing_enabled":true,"_links":{"self":[{"href":"https:\/\/republify.se\/index.php\/wp-json\/wp\/v2\/product\/2711","targetHints":{"allow":["GET"]}}],"collection":[{"href":"https:\/\/republify.se\/index.php\/wp-json\/wp\/v2\/product"}],"about":[{"href":"https:\/\/republify.se\/index.php\/wp-json\/wp\/v2\/types\/product"}],"replies":[{"embeddable":true,"href":"https:\/\/republify.se\/index.php\/wp-json\/wp\/v2\/comments?post=2711"}],"wp:featuredmedia":[{"embeddable":true,"href":"https:\/\/republify.se\/index.php\/wp-json\/wp\/v2\/media\/2709"}],"wp:attachment":[{"href":"https:\/\/republify.se\/index.php\/wp-json\/wp\/v2\/media?parent=2711"}],"wp:term":[{"taxonomy":"product_brand","embeddable":true,"href":"https:\/\/republify.se\/index.php\/wp-json\/wp\/v2\/product_brand?post=2711"},{"taxonomy":"product_cat","embeddable":true,"href":"https:\/\/republify.se\/index.php\/wp-json\/wp\/v2\/product_cat?post=2711"},{"taxonomy":"product_tag","embeddable":true,"href":"https:\/\/republify.se\/index.php\/wp-json\/wp\/v2\/product_tag?post=2711"}],"curies":[{"name":"wp","href":"https:\/\/api.w.org\/{rel}","templated":true}]}}