{"id":2700,"date":"2022-03-14T09:11:29","date_gmt":"2022-03-14T08:11:29","guid":{"rendered":"https:\/\/republify.se\/?post_type=product&#038;p=2700"},"modified":"2025-11-21T08:55:02","modified_gmt":"2025-11-21T07:55:02","slug":"excel-grundkurs","status":"publish","type":"product","link":"https:\/\/republify.se\/index.php\/produkt\/excel-grundkurs\/","title":{"rendered":"Excel Grundutbildning"},"content":{"rendered":"<p><strong>I denna tv\u00e5dagarsutbildning g\u00e5r vi igenom de vanligaste anv\u00e4nda funktionerna i Microsoft Excel och du har gott om tid att tillsammans med v\u00e5r omr\u00e5desexpert \u00f6va och repetera.\u00a0<\/strong><\/p>\n<p>Kursen \u00e4r versionsoberoende och fokuserar p\u00e5 att du som Excelanv\u00e4ndare skall f\u00e5 tillg\u00e5ng till nyttiga genv\u00e4gar och funktioner s\u00e5 du efter genomg\u00e5ngen utbildning k\u00e4nner dig s\u00e4ker p\u00e5 att arbeta i appen och dessutom sparar mycket tid i din egen arbetsvardag!<\/p>\n<p><strong>M\u00e5lgrupp<\/strong><\/p>\n<p>Denna grundutbildning riktar sig till dig med mindre eller ingen erfarenhet av Excel och ger dig en bra grund att arbeta vidare med!<\/p>\n<p><strong>Bakgrund<\/strong><\/p>\n<p>Excel \u00e4r antagligen den allra mest anv\u00e4nda appen inom Microsofts 365 och att k\u00e4nna till genv\u00e4gar och best-practices i hur du p\u00e5 b\u00e4sta s\u00e4tt arbetar g\u00f6r att du direkt efter genomf\u00f6rd utbildning kommer ha ett arbetss\u00e4tt som b\u00e5de sparar tid och f\u00f6renklar din arbetsvardag!<\/p>\n<p><strong>Inneh\u00e5ll<\/strong><\/p>\n<ul>\n<li>Grunderna i Excel<\/li>\n<li>Anv\u00e4nda kortkommandon<\/li>\n<li>Skapa, \u00f6ppna, spara och st\u00e4nga en kalkyl<\/li>\n<li>Skriva ut en kalkyl<\/li>\n<li>Utskriftsformat<\/li>\n<li>Skapa formler, d.v.s. ber\u00e4kningar<\/li>\n<li>Skillnaden mellan relativa och absoluta referenser<\/li>\n<li>Formatera kalkylbladet<\/li>\n<li>Att anv\u00e4nda kalkylbladsfunktioner<\/li>\n<li>Skapa och \u00e4ndra diagram<\/li>\n<li>Att jobba med flera kalkylblad; l\u00e4gga till\/ta bort blad, flytta blad, d\u00f6pa blad samt skriva p\u00e5 flera blad samtidigt<\/li>\n<li>Skydda celler f\u00f6r att undvika att formler och information raderas<\/li>\n<li>Hantera omr\u00e5de &#8211; bl.a. sortering och filtrering<\/li>\n<li>L\u00e5sa f\u00f6nstret s\u00e5 att rubrikerna i en tabell alltid syns<\/li>\n<\/ul>\n<p>&nbsp;<\/p>\n<h3>Kursen levereras i samarbete med<\/h3>\n<p><img decoding=\"async\" class=\"alignnone size-medium wp-image-2692 lazyload\" data-src=\"https:\/\/republify.se\/wp-content\/uploads\/2022\/03\/it-kompetens-logo-300x104.jpg\" alt=\"\" width=\"300\" height=\"104\" data-srcset=\"https:\/\/republify.se\/wp-content\/uploads\/2022\/03\/it-kompetens-logo-300x104.jpg 300w, https:\/\/republify.se\/wp-content\/uploads\/2022\/03\/it-kompetens-logo-1024x355.jpg 1024w, https:\/\/republify.se\/wp-content\/uploads\/2022\/03\/it-kompetens-logo-768x266.jpg 768w, https:\/\/republify.se\/wp-content\/uploads\/2022\/03\/it-kompetens-logo-1320x458.jpg 1320w, https:\/\/republify.se\/wp-content\/uploads\/2022\/03\/it-kompetens-logo-600x208.jpg 600w, https:\/\/republify.se\/wp-content\/uploads\/2022\/03\/it-kompetens-logo.jpg 1370w\" data-sizes=\"(max-width: 300px) 100vw, 300px\" src=\"data:image\/svg+xml;base64,PHN2ZyB3aWR0aD0iMSIgaGVpZ2h0PSIxIiB4bWxucz0iaHR0cDovL3d3dy53My5vcmcvMjAwMC9zdmciPjwvc3ZnPg==\" style=\"--smush-placeholder-width: 300px; --smush-placeholder-aspect-ratio: 300\/104;\" \/><img decoding=\"async\" class=\"alignnone size-medium wp-image-2716 lazyload\" data-src=\"https:\/\/republify.se\/wp-content\/uploads\/2022\/03\/GerwardLogo-300x82.jpg\" alt=\"\" width=\"300\" height=\"82\" data-srcset=\"https:\/\/republify.se\/wp-content\/uploads\/2022\/03\/GerwardLogo-300x82.jpg 300w, https:\/\/republify.se\/wp-content\/uploads\/2022\/03\/GerwardLogo-768x210.jpg 768w, https:\/\/republify.se\/wp-content\/uploads\/2022\/03\/GerwardLogo-600x164.jpg 600w, https:\/\/republify.se\/wp-content\/uploads\/2022\/03\/GerwardLogo.jpg 800w\" data-sizes=\"(max-width: 300px) 100vw, 300px\" src=\"data:image\/svg+xml;base64,PHN2ZyB3aWR0aD0iMSIgaGVpZ2h0PSIxIiB4bWxucz0iaHR0cDovL3d3dy53My5vcmcvMjAwMC9zdmciPjwvc3ZnPg==\" style=\"--smush-placeholder-width: 300px; --smush-placeholder-aspect-ratio: 300\/82;\" \/><img decoding=\"async\" class=\"alignnone size-medium wp-image-4168 lazyload\" data-src=\"https:\/\/republify.se\/wp-content\/uploads\/2022\/05\/4u4us_new-300x113.png\" alt=\"\" width=\"300\" height=\"113\" data-srcset=\"https:\/\/republify.se\/wp-content\/uploads\/2022\/05\/4u4us_new-300x113.png 300w, https:\/\/republify.se\/wp-content\/uploads\/2022\/05\/4u4us_new.png 600w\" data-sizes=\"(max-width: 300px) 100vw, 300px\" src=\"data:image\/svg+xml;base64,PHN2ZyB3aWR0aD0iMSIgaGVpZ2h0PSIxIiB4bWxucz0iaHR0cDovL3d3dy53My5vcmcvMjAwMC9zdmciPjwvc3ZnPg==\" style=\"--smush-placeholder-width: 300px; --smush-placeholder-aspect-ratio: 300\/113;\" \/><\/p>\n<h2>Kontakta oss om denna kurs<\/h2>\n<div data-test='contact-form'\n\t\t\tid='contact-form-2700'\n\t\t\tclass='jetpack-contact-form-container '\n\t\t\tdata-wp-interactive='jetpack\/form' data-wp-context='{\"formId\":\"2700\",\"formHash\":\"672e5b739ec3fda71adebf71a05aef46a1e67979\",\"showErrors\":false,\"errors\":[],\"fields\":[],\"isMultiStep\":false,\"useAjax\":true,\"submissionData\":null,\"formattedSubmissionData\":[],\"submissionSuccess\":false,\"submissionError\":null,\"elementId\":\"jp-form-672e5b739ec3fda71adebf71a05aef46a1e67979\",\"isSingleInputForm\":false,\"isForcedHorizontal\":false}'\n\t\t\tdata-wp-watch--scroll-to-wrapper=\"callbacks.scrollToWrapper\"\n\t\t>\n<div class=\"contact-form-submission contact-form-ajax-submission\" data-wp-bind--aria-hidden=\"state.isSuccessMessageAriaHidden\" data-wp-class--submission-success=\"context.submissionSuccess\" id=\"contact-form-success-672e5b739ec3fda71adebf71a05aef46a1e67979\" tabindex=\"-1\" aria-labelledby=\"contact-form-success-header-672e5b739ec3fda71adebf71a05aef46a1e67979\"><p class=\"go-back-message\"><a class=\"link\" role=\"button\" tabindex=\"0\" data-wp-on--click=\"actions.goBack\" href=\"\/index.php\/wp-json\/wp\/v2\/product\/2700\">\u2190 Tillbaka<\/a><\/p><h4 data-wp-bind--aria-hidden=\"state.isSuccessMessageAriaHidden\" id=\"contact-form-success-header-672e5b739ec3fda71adebf71a05aef46a1e67979\">Tack f\u00f6r din respons. \u2728<\/h4>\n\n<template data-wp-each--submission=\"context.formattedSubmissionData\">\n\t\t\t\t\t<div class=\"jetpack_forms_contact-form-success-summary\">\n\t\t\t\t\t\t<div class=\"field-name-wrapper\">\n\t\t\t\t\t\t\t<div class=\"field-type-icon\" data-wp-watch=\"callbacks.watchFieldTypeIcon\"><\/div>\n\t\t\t\t\t\t\t<div class=\"field-name\" data-wp-text=\"context.submission.label\" data-wp-bind--hidden=\"!context.submission.label\"><\/div>\n\t\t\t\t\t\t<\/div>\n\t\t\t\t\t\t<div class=\"field-value\" data-wp-text=\"context.submission.value\" data-wp-bind--hidden=\"!context.submission.showPlainValue\"><\/div>\n\t\t\t\t\t\t<a class=\"field-url\" data-wp-bind--href=\"context.submission.url\" data-wp-text=\"context.submission.value\" data-wp-bind--hidden=\"!context.submission.url\" target=\"_blank\" rel=\"noopener noreferrer\"><\/a>\n\t\t\t\t\t\t<div class=\"field-rating\" data-wp-bind--hidden=\"!context.submission.rating\" data-wp-watch=\"callbacks.watchRatingIcons\"><\/div>\n\t\t\t\t\t\t<div class=\"field-images\" data-wp-bind--hidden=\"!context.submission.images\">\n\t\t\t\t\t\t\t<template data-wp-each--image=\"context.submission.images\">\n\t\t\t\t\t\t\t\t<div class=\"field-image-option\" data-wp-class--is-empty=\"!context.image.src\">\n\t\t\t\t\t\t\t\t\t<figure class=\"field-image-option__image\" data-wp-class--is-empty=\"!context.image.src\">\n\t\t\t\t\t\t\t\t\t\t<img data-wp-bind--src=\"context.image.src\" data-wp-bind--hidden=\"!context.image.src\" \/>\n\t\t\t\t\t\t\t\t\t\t<img decoding=\"async\" src=\"data:image\/gif;base64,R0lGODlhAQABAAD\/ACwAAAAAAQABAAACADs=\" data-wp-bind--hidden=\"context.image.src\" \/>\n\t\t\t\t\t\t\t\t\t<\/figure>\n\t\t\t\t\t\t\t\t\t<div class=\"field-image-option__label-wrapper\">\n\t\t\t\t\t\t\t\t\t\t<span class=\"field-image-option__label-code\" data-wp-text=\"context.image.letterCode\"><\/span>\n\t\t\t\t\t\t\t\t\t\t<span class=\"field-image-option__label\" data-wp-text=\"context.image.label\" data-wp-bind--hidden=\"!context.image.label\"><\/span>\n\t\t\t\t\t\t\t\t\t<\/div>\n\t\t\t\t\t\t\t\t<\/div>\n\t\t\t\t\t\t\t<\/template>\n\t\t\t\t\t\t<\/div>\n\t\t\t\t\t\t<div class=\"field-files\" data-wp-bind--hidden=\"!context.submission.files\">\n\t\t\t\t\t\t\t<template data-wp-each--file=\"context.submission.files\">\n\t\t\t\t\t\t\t\t<div class=\"field-file\">\n\t\t\t\t\t\t\t\t\t<div class=\"field-file__thumbnail\" data-wp-style--background-image=\"context.file.previewUrl\" data-wp-style--mask-image=\"context.file.iconUrl\" data-wp-bind--hidden=\"!context.file.hasPreview\"><\/div>\n\t\t\t\t\t\t\t\t\t<svg class=\"field-file__icon\" data-wp-bind--hidden=\"context.file.hasPreview\" width=\"20\" height=\"20\" viewBox=\"0 0 24 24\" fill=\"none\" xmlns=\"http:\/\/www.w3.org\/2000\/svg\" aria-hidden=\"true\">\n\t\t\t\t\t\t\t\t\t\t<path d=\"M14 2H6C4.9 2 4 2.9 4 4V20C4 21.1 4.89 22 5.99 22H18C19.1 22 20 21.1 20 20V8L14 2ZM18 20H6V4H13V9H18V20Z\" fill=\"currentColor\"\/>\n\t\t\t\t\t\t\t\t\t<\/svg>\n\t\t\t\t\t\t\t\t\t<span class=\"field-file__name\" data-wp-text=\"context.file.name\"><\/span>\n\t\t\t\t\t\t\t\t\t<span class=\"field-file__size\" data-wp-text=\"context.file.size\"><\/span>\n\t\t\t\t\t\t\t\t<\/div>\n\t\t\t\t\t\t\t<\/template>\n\t\t\t\t\t\t<\/div>\n\t\t\t\t\t<\/div>\n\t\t\t\t<\/template><\/div><form action='https:\/\/republify.se\/index.php\/produkt\/excel-grundkurs\/'\n\t\t\t\tid='jp-form-672e5b739ec3fda71adebf71a05aef46a1e67979'\n\t\t\t\tmethod='post'\n\t\t\t\tclass='contact-form commentsblock jetpack-contact-form__form has-no-jetpack-form-layout' aria-label=\"Excel Grundutbildning\"\n\t\t\t\tdata-wp-on--submit=\"actions.onFormSubmit\"\n\t\t\t\tdata-wp-on--reset=\"actions.onFormReset\"\n\t\t\t\tdata-wp-class--submission-success=\"context.submissionSuccess\"\n\t\t\t\tdata-wp-class--is-first-step=\"state.isFirstStep\"\n\t\t\t\tdata-wp-class--is-last-step=\"state.isLastStep\"\n\t\t\t\tdata-wp-class--is-ajax-form=\"context.useAjax\"\n\t\t\t\tnovalidate >\n<input type='hidden' name='jetpack_contact_form_jwt' value='eyJ0eXAiOiJKV1QiLCJhbGciOiJIUzI1NiJ9.eyJlbmNyeXB0ZWRfYXR0cmlidXRlcyI6ImN1WVJmTlZhRXVGTVltZE8xcUNIcmk1TWVRdnZhMkc2YWMwMW84U1VHZVEzVGxYRnZOa0NKRHRsbDZSZmVuQzBGa05DbnhRWGc0KzFCbFhwWGpPMXpkRzhXOENweGp4NXpkNWpzMzNhenNsYjd0QnFRRFRxWHBqeStmRm1IMHRGdTlDUUVTNmFGTFJwS0xETHgwZGdWVlIxNVUxenYzUVU0Y0x1cFJIV3ZQUHRQQk9PeXgxTlA4M1B3NFYxL2d0R2JGWkpYemVSLzBCV3dMejhoOHNhdXd0Ym1jby94WjNOSGNGZmYzdXJERnJDbmFtZllraVJSWTlCWDN5RHdjRUVaUDhVWllUb2JpeDdtOHhKMTh2MTI3VCtvSzlyTENiMXZ1TDk1OWxSeWQ3LzhXalA5U3RXZFpHME9tRkRwWHRaS0V0bWZwbnpIdm82M05TWU1HclpGL0taWTB5c3hxdkY3M054bnlSYmFXOG90QUthMkFqWEVYc0NaT0drVVVCczR0aTRlN0w5bDlYQ3VYR3pSTnYxNEEzckhnN0MvR1VJVUY4UjFKM21ucGRTb2MwSmNKRGVYSUZMWlEwbzY1OTlHY2JHT015RFBleHFkUmhxYWU1WVlSMHdLTE5EbUpUUmkxMGE2SXVlcnJDU0MwSUJZbWdEU2RZVWxQWEZ4R0QxZVkycGhaaVpFanR1RW4xSUlaeHEwenc2Z1NpcWl3TE9kU3pMR3JvZjlSY0lCT21IU0ZRRnNweWVkbzBveWViVnJCWlFDaEdFZU4yOXRKNXlWcUUvQlRKOGZBRWNHeml0cXZwc1VZd2ZyRlNhbVhsU3lwZHJmRVE4cVhSdWFpeFdMcHJDZld0RlptV3d3bDRvTlF1d1NoRlRqRm1lb0VDNWphc2M5YU4vbkxMQkIwdUw3NXFBN2VHYmZKYUhhaE53MFBoUjBCOWVsSE9FWGkwVTZVOVVnVWJMZVh0QTc2MUlzMDNkWThHN1ZRd0Y5K0Fsa09VWVZpNDJaKzlUaG83MW1ZZlVwSmIyYVFkK05hdlMxUXVZaXJxSjVHRHhFSEJnb2MxZDBlckhLcDdFYjZJdmhoUExuZ1ZsZ0oycGtTcnNWMHNXN2hyemt1UVR3WDdxeEx0SExlOTNhVzlTcDNQTk9DcUU0ZzMrTmdkZWE5VUFlSjgzUjMwTVcraVF6Vi8zczFTVUQ2TkI3dz09IiwiY29udGVudCI6Iltjb250YWN0LWZpZWxkIGxhYmVsPVwiTmFtblwiIHR5cGU9XCJuYW1lXCIgcmVxdWlyZWQ9XCIxXCJdW2NvbnRhY3QtZmllbGQgbGFiZWw9XCJFLXBvc3RcIiB0eXBlPVwiZW1haWxcIiByZXF1aXJlZD1cIjFcIl1bY29udGFjdC1maWVsZCBsYWJlbD1cIk1lZGRlbGFuZGVcIiB0eXBlPVwidGV4dGFyZWFcIl0iLCJoYXNoIjoiNjcyZTViNzM5ZWMzZmRhNzFhZGViZjcxYTA1YWVmNDZhMWU2Nzk3OSIsInNvdXJjZSI6eyJlbnRyeV90aXRsZSI6IkV4Y2VsIEdydW5kdXRiaWxkbmluZyIsImVudHJ5X3BhZ2UiOjEsInNvdXJjZV9pZCI6MjcwMCwic291cmNlX3R5cGUiOiJzaW5nbGUiLCJyZXF1ZXN0X3VybCI6Imh0dHBzOi8vcmVwdWJsaWZ5LnNlL3dwLWpzb24vd3AvdjIvcHJvZHVjdC8yNzAwIn0sInZlcnNpb24iOjIsImNpcGhlciI6ImFlcy0yNTYtZ2NtIn0.kAsEWs19e-tyuAZbGuuwn5RBgi2Thivk-Y-ejdN-0f8' \/>\n\n<div style=\"\"  data-wp-interactive=\"jetpack\/form\" data-wp-context='{\"fieldId\":\"g2700-namn\",\"fieldType\":\"name\",\"fieldLabel\":\"Namn\",\"fieldValue\":\"\",\"fieldPlaceholder\":\"\",\"fieldIsRequired\":\"1\",\"fieldErrorMessage\":\"\",\"fieldExtra\":[],\"formHash\":\"672e5b739ec3fda71adebf71a05aef46a1e67979\"}'  class='grunion-field-name-wrap grunion-field-wrap'  data-wp-init='callbacks.initializeField' data-wp-on--jetpack-form-reset='callbacks.initializeField' >\n<label\n\t\t\t\tfor='g2700-namn' class=\"grunion-field-label name\" >Namn<span class=\"grunion-label-required\" aria-hidden=\"true\">(obligatoriskt)<\/span><\/label>\n<input\n\t\t\t\t\ttype='text'\n\t\t\t\t\tname='g2700-namn'\n\t\t\t\t\tid='g2700-namn'\n\t\t\t\t\tvalue=''\n\n\t\t\t\t\tdata-wp-bind--aria-invalid='state.fieldAriaInvalid'\n\t\t\t\t\tdata-wp-bind--value='state.getFieldValue'\n\t\t\t\t\taria-describedby='g2700-namn-text-error-message'\n\t\t\t\t\tdata-wp-on--input='actions.onFieldChange'\n\t\t\t\t\tdata-wp-on--blur='actions.onFieldBlur'\n\t\t\t\t\tdata-wp-class--has-value='state.hasFieldValue'\n\n\t\t\t\t\tclass='name  grunion-field' \n\t\t\t\t\trequired='true' aria-required='true'  \/>\n \n\t\t\t<div id=\"g2700-namn-text-error\" class=\"contact-form__input-error\" data-wp-class--has-errors=\"state.fieldHasErrors\">\n\t\t\t\t<span class=\"contact-form__warning-icon\" aria-hidden=\"true\">\n\t\t\t\t\t<svg width=\"16\" height=\"16\" viewBox=\"0 0 16 16\" fill=\"none\" xmlns=\"http:\/\/www.w3.org\/2000\/svg\">\n\t\t\t\t\t\t<path d=\"M8.50015 11.6402H7.50015V10.6402H8.50015V11.6402Z\" \/>\n\t\t\t\t\t\t<path d=\"M7.50015 9.64018H8.50015V6.30684H7.50015V9.64018Z\" \/>\n\t\t\t\t\t\t<path fill-rule=\"evenodd\" clip-rule=\"evenodd\" d=\"M6.98331 3.0947C7.42933 2.30177 8.57096 2.30177 9.01698 3.09469L13.8771 11.7349C14.3145 12.5126 13.7525 13.4735 12.8602 13.4735H3.14004C2.24774 13.4735 1.68575 12.5126 2.12321 11.7349L6.98331 3.0947ZM8.14541 3.58496C8.08169 3.47168 7.9186 3.47168 7.85488 3.58496L2.99478 12.2251C2.93229 12.3362 3.01257 12.4735 3.14004 12.4735H12.8602C12.9877 12.4735 13.068 12.3362 13.0055 12.2251L8.14541 3.58496Z\" \/>\n\t\t\t\t\t<\/svg>\n\t\t\t\t<\/span>\n\t\t\t\t<span data-wp-text=\"state.errorMessage\" id=\"g2700-namn-text-error-message\"><\/span>\n\t\t\t<\/div> \n\t<\/div>\n\n<div style=\"\"  data-wp-interactive=\"jetpack\/form\" data-wp-context='{\"fieldId\":\"g2700-epost\",\"fieldType\":\"email\",\"fieldLabel\":\"E-post\",\"fieldValue\":\"\",\"fieldPlaceholder\":\"\",\"fieldIsRequired\":\"1\",\"fieldErrorMessage\":\"\",\"fieldExtra\":[],\"formHash\":\"672e5b739ec3fda71adebf71a05aef46a1e67979\"}'  class='grunion-field-email-wrap grunion-field-wrap'  data-wp-init='callbacks.initializeField' data-wp-on--jetpack-form-reset='callbacks.initializeField' >\n<label\n\t\t\t\tfor='g2700-epost' class=\"grunion-field-label email\" >E-post<span class=\"grunion-label-required\" aria-hidden=\"true\">(obligatoriskt)<\/span><\/label>\n<input\n\t\t\t\t\ttype='email'\n\t\t\t\t\tname='g2700-epost'\n\t\t\t\t\tid='g2700-epost'\n\t\t\t\t\tvalue=''\n\n\t\t\t\t\tdata-wp-bind--aria-invalid='state.fieldAriaInvalid'\n\t\t\t\t\tdata-wp-bind--value='state.getFieldValue'\n\t\t\t\t\taria-describedby='g2700-epost-email-error-message'\n\t\t\t\t\tdata-wp-on--input='actions.onFieldChange'\n\t\t\t\t\tdata-wp-on--blur='actions.onFieldBlur'\n\t\t\t\t\tdata-wp-class--has-value='state.hasFieldValue'\n\n\t\t\t\t\tclass='email  grunion-field' \n\t\t\t\t\trequired='true' aria-required='true'  \/>\n \n\t\t\t<div id=\"g2700-epost-email-error\" class=\"contact-form__input-error\" data-wp-class--has-errors=\"state.fieldHasErrors\">\n\t\t\t\t<span class=\"contact-form__warning-icon\" aria-hidden=\"true\">\n\t\t\t\t\t<svg width=\"16\" height=\"16\" viewBox=\"0 0 16 16\" fill=\"none\" xmlns=\"http:\/\/www.w3.org\/2000\/svg\">\n\t\t\t\t\t\t<path d=\"M8.50015 11.6402H7.50015V10.6402H8.50015V11.6402Z\" \/>\n\t\t\t\t\t\t<path d=\"M7.50015 9.64018H8.50015V6.30684H7.50015V9.64018Z\" \/>\n\t\t\t\t\t\t<path fill-rule=\"evenodd\" clip-rule=\"evenodd\" d=\"M6.98331 3.0947C7.42933 2.30177 8.57096 2.30177 9.01698 3.09469L13.8771 11.7349C14.3145 12.5126 13.7525 13.4735 12.8602 13.4735H3.14004C2.24774 13.4735 1.68575 12.5126 2.12321 11.7349L6.98331 3.0947ZM8.14541 3.58496C8.08169 3.47168 7.9186 3.47168 7.85488 3.58496L2.99478 12.2251C2.93229 12.3362 3.01257 12.4735 3.14004 12.4735H12.8602C12.9877 12.4735 13.068 12.3362 13.0055 12.2251L8.14541 3.58496Z\" \/>\n\t\t\t\t\t<\/svg>\n\t\t\t\t<\/span>\n\t\t\t\t<span data-wp-text=\"state.errorMessage\" id=\"g2700-epost-email-error-message\"><\/span>\n\t\t\t<\/div> \n\t<\/div>\n\n<div style=\"\"  data-wp-interactive=\"jetpack\/form\" data-wp-context='{\"fieldId\":\"g2700-meddelande\",\"fieldType\":\"textarea\",\"fieldLabel\":\"Meddelande\",\"fieldValue\":\"\",\"fieldPlaceholder\":\"\",\"fieldIsRequired\":\"\",\"fieldErrorMessage\":\"\",\"fieldExtra\":[],\"formHash\":\"672e5b739ec3fda71adebf71a05aef46a1e67979\"}'  class='grunion-field-textarea-wrap grunion-field-wrap'  data-wp-init='callbacks.initializeField' data-wp-on--jetpack-form-reset='callbacks.initializeField' >\n<label\n\t\t\t\tfor='contact-form-comment-g2700-meddelande' class=\"grunion-field-label textarea\" >Meddelande<\/label>\n<textarea\n\t\t                style=''\n\t\t                name='g2700-meddelande'\n\t\t                id='contact-form-comment-g2700-meddelande'\n\t\t                rows='20'\n\t\t\t\t\t\tdata-wp-text='state.getFieldValue'\n\t\t\t\t\t\tdata-wp-on--input='actions.onFieldChange'\n\t\t\t\t\t\tdata-wp-on--blur='actions.onFieldBlur'\n\t\t\t\t\t\tdata-wp-class--has-value='state.hasFieldValue'\n\t\t\t\t\t\taria-describedby='g2700-meddelande-textarea-error-message'\n\t\t\t\t\t\tdata-wp-bind--aria-invalid='state.fieldAriaInvalid'\n\t\t\t\t\t\tclass='textarea  grunion-field'  ><\/textarea>\n \n\t\t\t<div id=\"g2700-meddelande-textarea-error\" class=\"contact-form__input-error\" data-wp-class--has-errors=\"state.fieldHasErrors\">\n\t\t\t\t<span class=\"contact-form__warning-icon\" aria-hidden=\"true\">\n\t\t\t\t\t<svg width=\"16\" height=\"16\" viewBox=\"0 0 16 16\" fill=\"none\" xmlns=\"http:\/\/www.w3.org\/2000\/svg\">\n\t\t\t\t\t\t<path d=\"M8.50015 11.6402H7.50015V10.6402H8.50015V11.6402Z\" \/>\n\t\t\t\t\t\t<path d=\"M7.50015 9.64018H8.50015V6.30684H7.50015V9.64018Z\" \/>\n\t\t\t\t\t\t<path fill-rule=\"evenodd\" clip-rule=\"evenodd\" d=\"M6.98331 3.0947C7.42933 2.30177 8.57096 2.30177 9.01698 3.09469L13.8771 11.7349C14.3145 12.5126 13.7525 13.4735 12.8602 13.4735H3.14004C2.24774 13.4735 1.68575 12.5126 2.12321 11.7349L6.98331 3.0947ZM8.14541 3.58496C8.08169 3.47168 7.9186 3.47168 7.85488 3.58496L2.99478 12.2251C2.93229 12.3362 3.01257 12.4735 3.14004 12.4735H12.8602C12.9877 12.4735 13.068 12.3362 13.0055 12.2251L8.14541 3.58496Z\" \/>\n\t\t\t\t\t<\/svg>\n\t\t\t\t<\/span>\n\t\t\t\t<span data-wp-text=\"state.errorMessage\" id=\"g2700-meddelande-textarea-error-message\"><\/span>\n\t\t\t<\/div>\n\t<\/div>\n\t<p class='contact-submit'>\n<div class=\"contact-form__error\" data-wp-class--show-errors=\"state.showFormErrors\"><span class=\"contact-form__warning-icon\" aria-hidden=\"true\"><i><\/i><\/span><span class=\"contact-form__error-message\" tabindex=\"-1\" data-wp-watch=\"callbacks.focusOnValidationError\" data-wp-text=\"state.getFormErrorMessage\"><\/span><ul aria-label=\"Formul\u00e4rfel\">\n\t\t\t\t<template data-wp-each=\"state.getErrorList\" data-wp-key=\"context.item.id\">\n\t\t\t\t\t<li><a data-wp-bind--href=\"context.item.anchor\" data-wp-on--click=\"actions.scrollIntoView\" data-wp-text=\"context.item.label\"><\/a><\/li>\n\t\t\t\t<\/template>\n\t\t\t\t<\/ul><\/div><div class=\"contact-form__error\" data-wp-class--show-errors=\"state.showSubmissionError\" data-wp-text=\"context.submissionError\" tabindex=\"-1\" data-wp-watch=\"callbacks.focusOnSubmissionError\"><\/div>\t\t<button type='submit' class='pushbutton-wide'>Skicka<\/button>\t\t<input type='hidden' name='contact-form-id' value='2700' \/>\n\t\t<input type='hidden' name='action' value='grunion-contact-form' \/>\n\t\t<input type='hidden' name='contact-form-hash' value='672e5b739ec3fda71adebf71a05aef46a1e67979' \/>\n\t<\/p>\n<\/form>\n<\/div>\n","protected":false},"excerpt":{"rendered":"<p><strong>I denna tv\u00e5dagarsutbildning g\u00e5r vi igenom de vanligaste anv\u00e4nda funktionerna i Microsoft Excel och du har gott om tid att tillsammans med v\u00e5r omr\u00e5desexpert \u00f6va och repetera.\u00a0<\/strong><\/p>\n<p>Kursen \u00e4r versionsoberoende och fokuserar p\u00e5 att du som Excelanv\u00e4ndare skall f\u00e5 tillg\u00e5ng till nyttiga genv\u00e4gar och funktioner s\u00e5 du efter genomg\u00e5ngen utbildning k\u00e4nner dig s\u00e4ker p\u00e5 att arbeta i appen och dessutom sparar mycket tid i din egen arbetsvardag!<\/p>\n","protected":false},"featured_media":2701,"comment_status":"open","ping_status":"closed","template":"","meta":{"wds_primary_product_brand":0,"wds_primary_product_cat":0},"product_brand":[],"product_cat":[81,43,80,29,84],"product_tag":[],"class_list":{"0":"post-2700","1":"product","2":"type-product","3":"status-publish","4":"has-post-thumbnail","6":"product_cat-excel","7":"product_cat-microsoft","8":"product_cat-office","9":"product_cat-technical","10":"product_cat-microsoft_office_adobe","12":"first","13":"instock","14":"taxable","15":"shipping-taxable","16":"purchasable","17":"product-type-simple"},"jetpack_sharing_enabled":true,"_links":{"self":[{"href":"https:\/\/republify.se\/index.php\/wp-json\/wp\/v2\/product\/2700","targetHints":{"allow":["GET"]}}],"collection":[{"href":"https:\/\/republify.se\/index.php\/wp-json\/wp\/v2\/product"}],"about":[{"href":"https:\/\/republify.se\/index.php\/wp-json\/wp\/v2\/types\/product"}],"replies":[{"embeddable":true,"href":"https:\/\/republify.se\/index.php\/wp-json\/wp\/v2\/comments?post=2700"}],"wp:featuredmedia":[{"embeddable":true,"href":"https:\/\/republify.se\/index.php\/wp-json\/wp\/v2\/media\/2701"}],"wp:attachment":[{"href":"https:\/\/republify.se\/index.php\/wp-json\/wp\/v2\/media?parent=2700"}],"wp:term":[{"taxonomy":"product_brand","embeddable":true,"href":"https:\/\/republify.se\/index.php\/wp-json\/wp\/v2\/product_brand?post=2700"},{"taxonomy":"product_cat","embeddable":true,"href":"https:\/\/republify.se\/index.php\/wp-json\/wp\/v2\/product_cat?post=2700"},{"taxonomy":"product_tag","embeddable":true,"href":"https:\/\/republify.se\/index.php\/wp-json\/wp\/v2\/product_tag?post=2700"}],"curies":[{"name":"wp","href":"https:\/\/api.w.org\/{rel}","templated":true}]}}