{"id":2674,"date":"2022-03-12T14:07:23","date_gmt":"2022-03-12T13:07:23","guid":{"rendered":"https:\/\/republify.se\/?post_type=product&#038;p=2674"},"modified":"2026-04-22T07:32:23","modified_gmt":"2026-04-22T06:32:23","slug":"natverksteknik-datakommunikation","status":"publish","type":"product","link":"https:\/\/republify.se\/index.php\/produkt\/natverksteknik-datakommunikation\/","title":{"rendered":"N\u00e4tverksteknik &#038; Datakommunikation"},"content":{"rendered":"<p><script src='\/\/d31cr4zxq0qgev.cloudfront.net\/js\/reviews\/1.4.3\/widget.min.js'>\n<\/script><\/p>\n<div style=\"float: right;\">\n<div id=\"widget-reviews\"><\/div>\n<div id=\"widget-link\"><a href=\"https:\/\/www.utbildning.se\/\">I samarbete med utbildning.se<\/a><\/div>\n<\/div>\n<p><script>\n    emgReviewWidget.setup({\n        targetElementId: 'widget-reviews',\n        customerId: '40730',\n        sourceCourseId: '1712133', \n        source: 'utbildning.se'\n    });\n<\/script><\/p>\n<p>Under tre \u00f6vningsintensiva dagar kommer du under ledning av v\u00e5ra experter och tillsammans med \u00f6vriga kursdeltagare att arbeta med ett flertal v\u00e4ldigt konkreta l\u00f6sningar som du direkt kommer att ha nytta i din egen arbetsmilj\u00f6 efter kursen! Kursen \u00e4r inriktad p\u00e5 lokala n\u00e4tverk och dess koppling till omv\u00e4rlden.<\/p>\n<p><strong>M\u00e5l\u00adgrupp<\/strong><\/p>\n<ul>\n<li>Du som beh\u00f6ver en introduktion men samtidigt en rej\u00e4l grund att st\u00e5 p\u00e5 inf\u00f6r att arbeta som n\u00e4tverkstekniker\/kravst\u00e4llare\/administrat\u00f6r<\/li>\n<\/ul>\n<p>&nbsp;<\/p>\n<p><strong>F\u00f6rkunskaper<\/strong><\/p>\n<ul>\n<li>En viss erfarenhet av att arbeta i IT-milj\u00f6<\/li>\n<\/ul>\n<p>&nbsp;<\/p>\n<p><strong>In\u00adne\u00adh\u00e5ll<\/strong>:<\/p>\n<ul>\n<li>N\u00e4t\u00adverks\u00adtek\u00adnik och da\u00adta\u00adkom\u00admu\u00adni\u00adka\u00adtion<\/li>\n<\/ul>\n<p>&nbsp;<\/p>\n<p><strong>1. \u00d6versikt &#8211; N\u00e4tverk och datakommunikation<\/strong><\/p>\n<ul>\n<li>Internets historia<\/li>\n<li>LAN, MAN, WAN<\/li>\n<li>Vanliga termer och uttryck<\/li>\n<\/ul>\n<p>&nbsp;<\/p>\n<p><strong>2. N\u00e4tverkets byggklossar<\/strong><\/p>\n<ul>\n<li>Kabeltyper\/Kontakter<\/li>\n<li>Korskoppling<\/li>\n<li>M\u00e4rkning<\/li>\n<li>DTE\/DCE<\/li>\n<li>Balanserad<\/li>\n<\/ul>\n<p>&nbsp;<\/p>\n<p><strong>3. Introduktion till TCP\/IP, ARP<\/strong><\/p>\n<ul>\n<li>Kort genomg\u00e5ng hur data skickas mellan kursdator och server p\u00e5 internet.<\/li>\n<\/ul>\n<p>&nbsp;<\/p>\n<p><strong>4. LAN<\/strong><\/p>\n<ul>\n<li>Switch\/hub<\/li>\n<li>Brygga<\/li>\n<li>Struktur<\/li>\n<li>Ethernet<\/li>\n<li>Tr\u00e5dl\u00f6s anslutning<\/li>\n<\/ul>\n<p>&nbsp;<\/p>\n<p><strong>5. Ethernet 802.3<\/strong><\/p>\n<ul>\n<li>CSMA\/CD<\/li>\n<li>Standarder<\/li>\n<li>Begr\u00e4nsningar<\/li>\n<li>Flow Control<\/li>\n<li>Modulering, Startsekvenser<\/li>\n<\/ul>\n<p>&nbsp;<\/p>\n<p><strong>6. N\u00e4tverksarkitektur<\/strong><\/p>\n<ul>\n<li>TCP\/IP modellen<\/li>\n<li>OSI modellen, de olika lagren<\/li>\n<li>Adressering<\/li>\n<li>N\u00e4tverksuppdelning<\/li>\n<li>Routerns uppgifter<\/li>\n<li>TCP\/IP\/Ethernet\/ARP<\/li>\n<\/ul>\n<p>&nbsp;<\/p>\n<p><strong>7. Konfiguration av n\u00e4tverksutrustning<\/strong><\/p>\n<ul>\n<li>IP-adress, N\u00e4tmask, Gateway, DNS<\/li>\n<li>Skrivare<\/li>\n<li>Windows<\/li>\n<li>Linux<\/li>\n<li>Mac<\/li>\n<\/ul>\n<p>&nbsp;<\/p>\n<p><strong>8. Konfigurering &#8221;kontorsn\u00e4t&#8221;<\/strong><\/p>\n<ul>\n<li>DHCP<\/li>\n<li>NAT (RFC1918)<\/li>\n<li>Brandv\u00e4gg<\/li>\n<li>WLAN<\/li>\n<li>Router<\/li>\n<li>(A)DSL modem<\/li>\n<\/ul>\n<p>&nbsp;<\/p>\n<p><strong>9. Fels\u00f6kning<\/strong><\/p>\n<ul>\n<li>Steg f\u00f6r steg<\/li>\n<li>H\u00e5rdvarurelaterad<\/li>\n<li>Mjukvarurelaterad<\/li>\n<li>Inst\u00e4llningar och anv\u00e4ndbara kommandon<\/li>\n<\/ul>\n<p>&nbsp;<\/p>\n<p><strong>10. Internets uppbyggnad<\/strong><\/p>\n<ul>\n<li>Internetoperat\u00f6rer (ISP)<\/li>\n<li>Whois (RIPE)<\/li>\n<li>DNS (foretagsnamn.se)<\/li>\n<li>Peering, Transit, IX (Netnod, AMIX)<\/li>\n<\/ul>\n<p>&nbsp;<\/p>\n<p><strong>11. V\u00e5ra vanligaste uppkopplingar<\/strong><\/p>\n<ul>\n<li>Fast f\u00f6rbindelse<\/li>\n<li>DSL (ADSL,hDSL,xDSL,sDSL)<\/li>\n<li>Internet via Kabeltv (DOCSIS)<\/li>\n<li>3G\/UMTS<\/li>\n<li>Wlan<\/li>\n<li>Praktiska \u00f6vningar<\/li>\n<\/ul>\n<p>&nbsp;<\/p>\n<p>Kursen varvar teori med praktiska moment f\u00f6r att deltagarna skall f\u00e5 med sig b\u00e5de f\u00f6rst\u00e5elsen och tanken bakom hur saker fungerar men \u00e4ven vetskapen om att de sj\u00e4lva klarar av att g\u00f6ra det.<\/p>\n<p>N\u00e5gra exempel p\u00e5 laborationer som g\u00f6rs under kursen<\/p>\n<ul>\n<li>Koppla samman ett fysiskt n\u00e4tverk, ansluta n\u00e4tverksbaserad utrustning och s\u00e4tta upp tr\u00e5dl\u00f6s \u00e5tkomst p\u00e5 ett s\u00e4kert s\u00e4tt.<\/li>\n<li>Konfigurera ett n\u00e4tverk efter given spec. (IP-adresser, n\u00e4tmaskar, gateway)<\/li>\n<li>Titta p\u00e5 n\u00e4tverkstrafik m.h.a. n\u00e4tverksanalysator<\/li>\n<li>Praktisk fels\u00f6kning b\u00e5de i h\u00e5rdvara och konfiguration.<\/li>\n<li>Dela upp n\u00e4tverket i flera segment med VLAN<\/li>\n<li>I labbarna f\u00e5r man f\u00f6rst\u00e5else f\u00f6r kommandon s\u00e5 som ping, tracert\/traceroute, arp, ipconfig\/ifconfig, netstat och route.<\/li>\n<\/ul>\n<p>&nbsp;<\/p>\n<p><strong>Kursm\u00e5l<\/strong>:<br \/>\nDu skall efter slutf\u00f6rd utbildning:<\/p>\n<ul>\n<li>ha f\u00f6rst\u00e5else f\u00f6r terminologi<\/li>\n<li>f\u00f6rst\u00e5 skillnad mellan bryggor, switchar och routrar<\/li>\n<li>ha grundl\u00e4ggande kunskap om konfiguration, underh\u00e5ll, administration och s\u00e4kerhet i n\u00e4tverk.<\/li>\n<li>veta hur adressering p\u00e5 olika niv\u00e5er (MAC\/IP) fungerar i n\u00e4tverk.<\/li>\n<li>k\u00e4nna dig s\u00e4ker i din roll p\u00e5 f\u00f6retaget.<\/li>\n<li>veta hur och i vilka steg datan\u00e4t byggs upp.<\/li>\n<li>grundl\u00e4ggande kunna f\u00f6rst\u00e5 protokoll, arkitekturer och standarder.<\/li>\n<li>k\u00e4nna till olika produkter och akt\u00f6rer p\u00e5 marknaden.<\/li>\n<\/ul>\n<p>&nbsp;<\/p>\n<h3>Kursen levereras i samarbete med<\/h3>\n<p><img decoding=\"async\" class=\"alignnone size-full wp-image-1201 lazyload\" data-src=\"https:\/\/republify.se\/wp-content\/uploads\/2022\/02\/Picox_Logo_2color_1_150.jpg\" alt=\"\" width=\"150\" height=\"50\" src=\"data:image\/svg+xml;base64,PHN2ZyB3aWR0aD0iMSIgaGVpZ2h0PSIxIiB4bWxucz0iaHR0cDovL3d3dy53My5vcmcvMjAwMC9zdmciPjwvc3ZnPg==\" style=\"--smush-placeholder-width: 150px; --smush-placeholder-aspect-ratio: 150\/50;\" \/><\/p>\n","protected":false},"excerpt":{"rendered":"<p><strong>Det h\u00e4r \u00e4r en utbildning som \u00e5terkommande genomf\u00f6rts under flera \u00e5r f\u00f6r medarbetarna hos flera av Sveriges st\u00f6rre arbetsgivare b\u00e5de inom och utanf\u00f6r Sveriges gr\u00e4nser. Fokus under de tre kursdagarna \u00e4r att ge dig som deltagare en stabil grund att effektivt arbeta inom n\u00e4tverks- och datakommunikationsomr\u00e5det. <\/strong><\/p>\n<p>Vi g\u00e5r igenom terminologi, uppbyggnad och arkitektur av datan\u00e4t, protokoll, standarder och genom hands-on f\u00f6r in denna kunskap i ett praktiskt sammanhang f\u00f6r att du som deltagare skall f\u00e5 f\u00f6rst\u00e5else f\u00f6r hur alla dessa delar h\u00e4nger ihop och vikten av den milj\u00f6 som finns idag!<\/p>\n<p><strong>\u00d6ppna\/Schemalagda datum<br \/>\n<\/strong><strong>G\u00f6teborg: <\/strong>1-3 juni<\/p>\n","protected":false},"featured_media":3475,"comment_status":"open","ping_status":"closed","template":"","meta":{"wds_primary_product_brand":0,"wds_primary_product_cat":0},"product_brand":[],"product_cat":[56,38,145,29,203],"product_tag":[],"class_list":{"0":"post-2674","1":"product","2":"type-product","3":"status-publish","4":"has-post-thumbnail","6":"product_cat-it-sakerhet","7":"product_cat-natverk-datakom","8":"product_cat-oppen-schemalagd-utbildning","9":"product_cat-technical","10":"product_cat-industri","12":"first","13":"instock","14":"taxable","15":"shipping-taxable","16":"purchasable","17":"product-type-simple"},"jetpack_sharing_enabled":true,"_links":{"self":[{"href":"https:\/\/republify.se\/index.php\/wp-json\/wp\/v2\/product\/2674","targetHints":{"allow":["GET"]}}],"collection":[{"href":"https:\/\/republify.se\/index.php\/wp-json\/wp\/v2\/product"}],"about":[{"href":"https:\/\/republify.se\/index.php\/wp-json\/wp\/v2\/types\/product"}],"replies":[{"embeddable":true,"href":"https:\/\/republify.se\/index.php\/wp-json\/wp\/v2\/comments?post=2674"}],"wp:featuredmedia":[{"embeddable":true,"href":"https:\/\/republify.se\/index.php\/wp-json\/wp\/v2\/media\/3475"}],"wp:attachment":[{"href":"https:\/\/republify.se\/index.php\/wp-json\/wp\/v2\/media?parent=2674"}],"wp:term":[{"taxonomy":"product_brand","embeddable":true,"href":"https:\/\/republify.se\/index.php\/wp-json\/wp\/v2\/product_brand?post=2674"},{"taxonomy":"product_cat","embeddable":true,"href":"https:\/\/republify.se\/index.php\/wp-json\/wp\/v2\/product_cat?post=2674"},{"taxonomy":"product_tag","embeddable":true,"href":"https:\/\/republify.se\/index.php\/wp-json\/wp\/v2\/product_tag?post=2674"}],"curies":[{"name":"wp","href":"https:\/\/api.w.org\/{rel}","templated":true}]}}