{"id":2672,"date":"2022-03-12T13:47:34","date_gmt":"2022-03-12T12:47:34","guid":{"rendered":"https:\/\/republify.se\/?post_type=product&#038;p=2672"},"modified":"2025-11-21T09:05:09","modified_gmt":"2025-11-21T08:05:09","slug":"it-sakerhet-for-anvandare","status":"publish","type":"product","link":"https:\/\/republify.se\/index.php\/produkt\/it-sakerhet-for-anvandare\/","title":{"rendered":"&#8211; IT-s\u00e4kerhet (Cyber Security) f\u00f6r anv\u00e4ndare"},"content":{"rendered":"<p><strong>Det \u00e4r en k\u00e4nd sanning att de allra flesta st\u00f6rningar och attacker som arbetsgivare r\u00e5kar ut f\u00f6r beror p\u00e5 att n\u00e5gon av IT-anv\u00e4ndarna r\u00e5kat \u00f6ppna upp ett s\u00e4kerhetsh\u00e5l. Att IT-attacker kan kosta en arbetsgivare hundratusentals kronor \u00e4r inte ovanligt och v\u00e5r kurs IT-s\u00e4kerhet f\u00f6r anv\u00e4ndare s\u00e4kerst\u00e4ller att alla \u00e5tminstone k\u00e4nner till de vanligaste problemen de kan st\u00f6ta p\u00e5!<\/strong><\/p>\n<p>Denna heldagsutbildning har ett uppdelat fokus d\u00e4r f\u00f6rmiddagen best\u00e5r av en f\u00f6rel\u00e4sning och eftermiddagen sen fokuserar p\u00e5 deltagarnas egna fr\u00e5gor och farh\u00e5gor. Kursen kan \u00e4ven levereras enbart som en halvdagsf\u00f6rel\u00e4sning f\u00f6r st\u00f6rre grupper, men vi rekommenderar alltid uppf\u00f6ljning med fr\u00e5gedelen d\u00e4r vi ofta sett fr\u00e5getecken r\u00e4tas ut till utropstecken!<\/p>\n<p><strong>M\u00e5lgrupp<\/strong><\/p>\n<p>Samtliga hos arbetsgivaren som \u00f6ver huvud taget kommer i kontakt med IT-sidan via dator, uppkopplad mobil enhet och liknande<\/p>\n<p><strong>F\u00f6rkunskaper<\/strong><\/p>\n<p>Denna utbildning kr\u00e4ver inga specifika f\u00f6rkunskaper<\/p>\n<p class=\"title\"><strong>Agenda:<\/strong><\/p>\n<ul>\n<li>Vilka risker finns med att l\u00e5ta f\u00f6retagets medarbetare sj\u00e4lva installera program och arbeta som administrat\u00f6r p\u00e5 sin dator.<\/li>\n<li>Varf\u00f6r beh\u00f6vs regler hur de anst\u00e4llda f\u00e5r anv\u00e4nda sina datorer?<\/li>\n<li>Varf\u00f6r ger inte virusskydd och brandv\u00e4ggar ett komplett skydd mot intr\u00e5ng i v\u00e5r datamilj\u00f6?<\/li>\n<li>Varf\u00f6r f\u00e5r jag och \u00f6vriga anst\u00e4llda inte bes\u00f6ka vilka hemsidor vi vill p\u00e5 lunchrasten?<\/li>\n<li>Hur g\u00e5r en potentiell attackerare tillv\u00e4ga f\u00f6r att ta sig in p\u00e5 ett f\u00f6retag?<\/li>\n<\/ul>\n<p>Dessa och m\u00e5nga fler fr\u00e5gor \u00e4r s\u00e5dant som tas upp p\u00e5 denna halvdag d\u00e4r s\u00e4kerhet, f\u00f6retagets medarbetare och hur mycket kostnadsbesparingar ett \u00e4ndrat beteende kan inneb\u00e4ra st\u00e5r i fokus.<\/p>\n<p><strong>Hur snabbt sparar ni in utbildningskostnaden!?<\/strong><\/p>\n<p>I dessa dagar \u00e4r datorn ett naturligt inslag p\u00e5 de flesta arbetsplatser och i m\u00e5nga fall har \u00e4ven medarbetaren uppkoppling mot Internet. De allra flesta IT-avdelningar har satt upp anv\u00e4ndarpolicys som tyv\u00e4rr ofta endast \u00e4r ett dokument som ligger \u201dn\u00e5gonstans p\u00e5 intran\u00e4tet\u201d. Har du gjort\/sett en ber\u00e4kning f\u00f6r vad helpdesk och brandk\u00e5rsutryckningar kostar ert f\u00f6retag n\u00e4r anv\u00e4ndarna g\u00e5r emot policyn?<\/p>\n<p>V\u00e5r erfarenhet \u00e4r att anv\u00e4ndare har en tendens att lyssna lite extra n\u00e4r arbetsgivaren tar in en extern expert som belyser varf\u00f6r det \u00e4r s\u00e5 viktigt att f\u00f6lja policys och hur mycket skada man ovetande kan \u00e5samka. Att IT-avdelningen kanske p\u00e5pekat samma sak i flera \u00e5r upplevs ofta som att det \u00e4nd\u00e5 \u201dbara\u201d \u00e4r arbetskamrater och att de alltid kan \u201dfixa\u201d eventuella problem som dyker upp.\u00a0Vikten av att ha och f\u00f6lja de rutiner och regler som finns p\u00e5 en arbetsplats blir uppenbara n\u00e4r man som anst\u00e4lld vet varf\u00f6r dessa regler och rutiner finns. Regler kan ofta kringg\u00e5s men om man vet vad det medf\u00f6r s\u00e5 t\u00e4nker man oftast efter en g\u00e5ng extra innan man g\u00f6r n\u00e5gon man inte borde.<\/p>\n<p>&nbsp;<\/p>\n<h3>Kursen levereras i samarbete med<\/h3>\n<p><img decoding=\"async\" class=\"alignnone size-full wp-image-1201 lazyload\" data-src=\"https:\/\/republify.se\/wp-content\/uploads\/2022\/02\/Picox_Logo_2color_1_150.jpg\" alt=\"\" width=\"150\" height=\"50\" src=\"data:image\/svg+xml;base64,PHN2ZyB3aWR0aD0iMSIgaGVpZ2h0PSIxIiB4bWxucz0iaHR0cDovL3d3dy53My5vcmcvMjAwMC9zdmciPjwvc3ZnPg==\" style=\"--smush-placeholder-width: 150px; --smush-placeholder-aspect-ratio: 150\/50;\" \/><\/p>\n<h2>Kontakta oss om denna kurs<\/h2>\n<div data-test='contact-form'\n\t\t\tid='contact-form-2672'\n\t\t\tclass='jetpack-contact-form-container '\n\t\t\tdata-wp-interactive='jetpack\/form' data-wp-context='{\"formId\":\"2672\",\"formHash\":\"a2ddc920511fb3f9954a720182fb650963073a01\",\"showErrors\":false,\"errors\":[],\"fields\":[],\"isMultiStep\":false,\"useAjax\":true,\"submissionData\":null,\"formattedSubmissionData\":[],\"submissionSuccess\":false,\"submissionError\":null,\"elementId\":\"jp-form-a2ddc920511fb3f9954a720182fb650963073a01\",\"isSingleInputForm\":false,\"isForcedHorizontal\":false}'\n\t\t\tdata-wp-watch--scroll-to-wrapper=\"callbacks.scrollToWrapper\"\n\t\t>\n<div class=\"contact-form-submission contact-form-ajax-submission\" data-wp-bind--aria-hidden=\"state.isSuccessMessageAriaHidden\" data-wp-class--submission-success=\"context.submissionSuccess\" id=\"contact-form-success-a2ddc920511fb3f9954a720182fb650963073a01\" tabindex=\"-1\" aria-labelledby=\"contact-form-success-header-a2ddc920511fb3f9954a720182fb650963073a01\"><p class=\"go-back-message\"><a class=\"link\" role=\"button\" tabindex=\"0\" data-wp-on--click=\"actions.goBack\" href=\"\/index.php\/wp-json\/wp\/v2\/product\/2672\">\u2190 Tillbaka<\/a><\/p><h4 data-wp-bind--aria-hidden=\"state.isSuccessMessageAriaHidden\" id=\"contact-form-success-header-a2ddc920511fb3f9954a720182fb650963073a01\">Tack f\u00f6r din respons. \u2728<\/h4>\n\n<template data-wp-each--submission=\"context.formattedSubmissionData\">\n\t\t\t\t\t<div class=\"jetpack_forms_contact-form-success-summary\">\n\t\t\t\t\t\t<div class=\"field-name-wrapper\">\n\t\t\t\t\t\t\t<div class=\"field-type-icon\" data-wp-watch=\"callbacks.watchFieldTypeIcon\"><\/div>\n\t\t\t\t\t\t\t<div class=\"field-name\" data-wp-text=\"context.submission.label\" data-wp-bind--hidden=\"!context.submission.label\"><\/div>\n\t\t\t\t\t\t<\/div>\n\t\t\t\t\t\t<div class=\"field-value\" data-wp-text=\"context.submission.value\" data-wp-bind--hidden=\"!context.submission.showPlainValue\"><\/div>\n\t\t\t\t\t\t<a class=\"field-url\" data-wp-bind--href=\"context.submission.url\" data-wp-text=\"context.submission.value\" data-wp-bind--hidden=\"!context.submission.url\" target=\"_blank\" rel=\"noopener noreferrer\"><\/a>\n\t\t\t\t\t\t<div class=\"field-rating\" data-wp-bind--hidden=\"!context.submission.rating\" data-wp-watch=\"callbacks.watchRatingIcons\"><\/div>\n\t\t\t\t\t\t<div class=\"field-images\" data-wp-bind--hidden=\"!context.submission.images\">\n\t\t\t\t\t\t\t<template data-wp-each--image=\"context.submission.images\">\n\t\t\t\t\t\t\t\t<div class=\"field-image-option\" data-wp-class--is-empty=\"!context.image.src\">\n\t\t\t\t\t\t\t\t\t<figure class=\"field-image-option__image\" data-wp-class--is-empty=\"!context.image.src\">\n\t\t\t\t\t\t\t\t\t\t<img data-wp-bind--src=\"context.image.src\" data-wp-bind--hidden=\"!context.image.src\" \/>\n\t\t\t\t\t\t\t\t\t\t<img decoding=\"async\" src=\"data:image\/gif;base64,R0lGODlhAQABAAD\/ACwAAAAAAQABAAACADs=\" data-wp-bind--hidden=\"context.image.src\" \/>\n\t\t\t\t\t\t\t\t\t<\/figure>\n\t\t\t\t\t\t\t\t\t<div class=\"field-image-option__label-wrapper\">\n\t\t\t\t\t\t\t\t\t\t<span class=\"field-image-option__label-code\" data-wp-text=\"context.image.letterCode\"><\/span>\n\t\t\t\t\t\t\t\t\t\t<span class=\"field-image-option__label\" data-wp-text=\"context.image.label\" data-wp-bind--hidden=\"!context.image.label\"><\/span>\n\t\t\t\t\t\t\t\t\t<\/div>\n\t\t\t\t\t\t\t\t<\/div>\n\t\t\t\t\t\t\t<\/template>\n\t\t\t\t\t\t<\/div>\n\t\t\t\t\t\t<div class=\"field-files\" data-wp-bind--hidden=\"!context.submission.files\">\n\t\t\t\t\t\t\t<template data-wp-each--file=\"context.submission.files\">\n\t\t\t\t\t\t\t\t<div class=\"field-file\">\n\t\t\t\t\t\t\t\t\t<div class=\"field-file__thumbnail\" data-wp-style--background-image=\"context.file.previewUrl\" data-wp-style--mask-image=\"context.file.iconUrl\" data-wp-bind--hidden=\"!context.file.hasPreview\"><\/div>\n\t\t\t\t\t\t\t\t\t<svg class=\"field-file__icon\" data-wp-bind--hidden=\"context.file.hasPreview\" width=\"20\" height=\"20\" viewBox=\"0 0 24 24\" fill=\"none\" xmlns=\"http:\/\/www.w3.org\/2000\/svg\" aria-hidden=\"true\">\n\t\t\t\t\t\t\t\t\t\t<path d=\"M14 2H6C4.9 2 4 2.9 4 4V20C4 21.1 4.89 22 5.99 22H18C19.1 22 20 21.1 20 20V8L14 2ZM18 20H6V4H13V9H18V20Z\" fill=\"currentColor\"\/>\n\t\t\t\t\t\t\t\t\t<\/svg>\n\t\t\t\t\t\t\t\t\t<span class=\"field-file__name\" data-wp-text=\"context.file.name\"><\/span>\n\t\t\t\t\t\t\t\t\t<span class=\"field-file__size\" data-wp-text=\"context.file.size\"><\/span>\n\t\t\t\t\t\t\t\t<\/div>\n\t\t\t\t\t\t\t<\/template>\n\t\t\t\t\t\t<\/div>\n\t\t\t\t\t<\/div>\n\t\t\t\t<\/template><\/div><form action='https:\/\/republify.se\/index.php\/produkt\/it-sakerhet-for-anvandare\/'\n\t\t\t\tid='jp-form-a2ddc920511fb3f9954a720182fb650963073a01'\n\t\t\t\tmethod='post'\n\t\t\t\tclass='contact-form commentsblock jetpack-contact-form__form has-no-jetpack-form-layout' aria-label=\"- IT-s\u00e4kerhet (Cyber Security) f\u00f6r anv\u00e4ndare\"\n\t\t\t\tdata-wp-on--submit=\"actions.onFormSubmit\"\n\t\t\t\tdata-wp-on--reset=\"actions.onFormReset\"\n\t\t\t\tdata-wp-class--submission-success=\"context.submissionSuccess\"\n\t\t\t\tdata-wp-class--is-first-step=\"state.isFirstStep\"\n\t\t\t\tdata-wp-class--is-last-step=\"state.isLastStep\"\n\t\t\t\tdata-wp-class--is-ajax-form=\"context.useAjax\"\n\t\t\t\tnovalidate >\n<input type='hidden' name='jetpack_contact_form_jwt' value='eyJ0eXAiOiJKV1QiLCJhbGciOiJIUzI1NiJ9.eyJlbmNyeXB0ZWRfYXR0cmlidXRlcyI6Iiszcnc4ekxyL2dzY1JTd3ZieWFBQzcvMzlIU1dXZXRHZ1lTUFk5VFJaVUNvM2pBNmdVLzRlc3lNWWdjYkZVRnRQSVhzTW92aUZ2OUNMWWppRmpjVmgrdzdRNnpMZ1F5a1E1ZDIvWlJ0dWJVbnBFOTN2RnJLOVlWN091NlhMSlNKV2VaN0xmMk56YUNjRXJrbThGS2txUEhDeDdGazZzeWs4aVNTNWxXUStUWTlCWnpCa3hJWkdpQjNoNHV2UXBqLzY4QzJDaWhTRXo0a3piTTZSdUcvcU90V25VNUxnSE9iTXhMWlZVaE8wdklGdUM3NkNEMzVjYVZmZVBuVjkxeTNRYzhVOWg0YW1QT2tkNGZTQm15SVhjRTdxSFk5SS9jSVBwMFB0THRQV0gzY0wxU2hpV1NnK1p5V2JKVkI1QXlQQzQwblpGU1h0azUwbk52OEFjQkZzZG1heHQvQlFDaEV3RjZmM0F3cGhoR3YyNFAyRE9UR1AvZ1lQT0d2OFQ1QjJWT3NOUlJMdFM3RFNjNC9tMnhSZkVzRmgxQS94V0NxaTBWaGpxRElITVFkUVhpdVJWOXZUTXM5WkZsWUV1em9yVmhSdElGbUtaM2gwVDVFTzNaOTk3M2hGRm9uZVg4MWFhWXBkUkpVaVBaU0hzY2VERzg0TnMvL1BpaUErSlNMeUtnT1BjUFRldG01M3REdVV5RTJEQ2NEcXRZZ3pqTjZjQndyb1ZKdzhjSFRGbllYdERkNnRWaDQ0Y045aEFteDBjVEZINTRVUjZ0aENNNEZzK3UzUEJFbnhyYU9RZzJwbHg1TEk5cWFiMkxSVlZkeGYvYVdwYm1vVXNROFdGbEp3V1YwZGJZc21ZS2NoT0VZNHdVRVpKbWwzMXU4RS9iekVNa2VVclRBSGRnZE53eVhrMnh4eHUwZ3crWnFXejBmdE02Mlo1VE05QWNrS1p0VWJQbjQ5M0oxL1ZMS0RoOEIvcW5uUHplb1p0azZIWExic3VMMEE4ZDVoQjJ0cFU2VFQ3dHZRQVdVbkdZMklzbDFOaDROZlBBazJiSFp5OXM1S2NsSmx5Q2hvZHJxdFAyWVEzOUpndVJOUmVEZWdHMnpmQ0pYV3VhY0w4UVZWWFVwcjl2ZElZODkyaTU5RHRwOGFmRU5kVzJuZjhwSE9jSy92ampqdytQY1d1M0F6L2xQS1Y5WVRhZXNJT1JnTDRVbkRqUnNpMlc2RjJIY1lnejArMWk3d3Ivb3d5dXNzSWJRTUNXeEFWV0FlaXJXIiwiY29udGVudCI6Iltjb250YWN0LWZpZWxkIGxhYmVsPVwiTmFtblwiIHR5cGU9XCJuYW1lXCIgcmVxdWlyZWQ9XCIxXCJdW2NvbnRhY3QtZmllbGQgbGFiZWw9XCJFLXBvc3RcIiB0eXBlPVwiZW1haWxcIiByZXF1aXJlZD1cIjFcIl1bY29udGFjdC1maWVsZCBsYWJlbD1cIk1lZGRlbGFuZGVcIiB0eXBlPVwidGV4dGFyZWFcIl0iLCJoYXNoIjoiYTJkZGM5MjA1MTFmYjNmOTk1NGE3MjAxODJmYjY1MDk2MzA3M2EwMSIsInNvdXJjZSI6eyJlbnRyeV90aXRsZSI6Ilx1MjAxMyBJVC1zXHUwMGU0a2VyaGV0IChDeWJlciBTZWN1cml0eSkgZlx1MDBmNnIgYW52XHUwMGU0bmRhcmUiLCJlbnRyeV9wYWdlIjoxLCJzb3VyY2VfaWQiOjI2NzIsInNvdXJjZV90eXBlIjoic2luZ2xlIiwicmVxdWVzdF91cmwiOiJodHRwczovL3JlcHVibGlmeS5zZS93cC1qc29uL3dwL3YyL3Byb2R1Y3QvMjY3MiJ9LCJ2ZXJzaW9uIjoyLCJjaXBoZXIiOiJhZXMtMjU2LWdjbSJ9.g6PcqnHVOh8Peh3hpWz02KfoLE_IjEKoCuwciWLkr_U' \/>\n\n<div style=\"\"  data-wp-interactive=\"jetpack\/form\" data-wp-context='{\"fieldId\":\"g2672-namn\",\"fieldType\":\"name\",\"fieldLabel\":\"Namn\",\"fieldValue\":\"\",\"fieldPlaceholder\":\"\",\"fieldIsRequired\":\"1\",\"fieldErrorMessage\":\"\",\"fieldExtra\":[],\"formHash\":\"a2ddc920511fb3f9954a720182fb650963073a01\"}'  class='grunion-field-name-wrap grunion-field-wrap'  data-wp-init='callbacks.initializeField' data-wp-on--jetpack-form-reset='callbacks.initializeField' >\n<label\n\t\t\t\tfor='g2672-namn' class=\"grunion-field-label name\" >Namn<span class=\"grunion-label-required\" aria-hidden=\"true\">(obligatoriskt)<\/span><\/label>\n<input\n\t\t\t\t\ttype='text'\n\t\t\t\t\tname='g2672-namn'\n\t\t\t\t\tid='g2672-namn'\n\t\t\t\t\tvalue=''\n\n\t\t\t\t\tdata-wp-bind--aria-invalid='state.fieldAriaInvalid'\n\t\t\t\t\tdata-wp-bind--value='state.getFieldValue'\n\t\t\t\t\taria-describedby='g2672-namn-text-error-message'\n\t\t\t\t\tdata-wp-on--input='actions.onFieldChange'\n\t\t\t\t\tdata-wp-on--blur='actions.onFieldBlur'\n\t\t\t\t\tdata-wp-class--has-value='state.hasFieldValue'\n\n\t\t\t\t\tclass='name  grunion-field' \n\t\t\t\t\trequired='true' aria-required='true'  \/>\n \n\t\t\t<div id=\"g2672-namn-text-error\" class=\"contact-form__input-error\" data-wp-class--has-errors=\"state.fieldHasErrors\">\n\t\t\t\t<span class=\"contact-form__warning-icon\" aria-hidden=\"true\">\n\t\t\t\t\t<svg width=\"16\" height=\"16\" viewBox=\"0 0 16 16\" fill=\"none\" xmlns=\"http:\/\/www.w3.org\/2000\/svg\">\n\t\t\t\t\t\t<path d=\"M8.50015 11.6402H7.50015V10.6402H8.50015V11.6402Z\" \/>\n\t\t\t\t\t\t<path d=\"M7.50015 9.64018H8.50015V6.30684H7.50015V9.64018Z\" \/>\n\t\t\t\t\t\t<path fill-rule=\"evenodd\" clip-rule=\"evenodd\" d=\"M6.98331 3.0947C7.42933 2.30177 8.57096 2.30177 9.01698 3.09469L13.8771 11.7349C14.3145 12.5126 13.7525 13.4735 12.8602 13.4735H3.14004C2.24774 13.4735 1.68575 12.5126 2.12321 11.7349L6.98331 3.0947ZM8.14541 3.58496C8.08169 3.47168 7.9186 3.47168 7.85488 3.58496L2.99478 12.2251C2.93229 12.3362 3.01257 12.4735 3.14004 12.4735H12.8602C12.9877 12.4735 13.068 12.3362 13.0055 12.2251L8.14541 3.58496Z\" \/>\n\t\t\t\t\t<\/svg>\n\t\t\t\t<\/span>\n\t\t\t\t<span data-wp-text=\"state.errorMessage\" id=\"g2672-namn-text-error-message\"><\/span>\n\t\t\t<\/div> \n\t<\/div>\n\n<div style=\"\"  data-wp-interactive=\"jetpack\/form\" data-wp-context='{\"fieldId\":\"g2672-epost\",\"fieldType\":\"email\",\"fieldLabel\":\"E-post\",\"fieldValue\":\"\",\"fieldPlaceholder\":\"\",\"fieldIsRequired\":\"1\",\"fieldErrorMessage\":\"\",\"fieldExtra\":[],\"formHash\":\"a2ddc920511fb3f9954a720182fb650963073a01\"}'  class='grunion-field-email-wrap grunion-field-wrap'  data-wp-init='callbacks.initializeField' data-wp-on--jetpack-form-reset='callbacks.initializeField' >\n<label\n\t\t\t\tfor='g2672-epost' class=\"grunion-field-label email\" >E-post<span class=\"grunion-label-required\" aria-hidden=\"true\">(obligatoriskt)<\/span><\/label>\n<input\n\t\t\t\t\ttype='email'\n\t\t\t\t\tname='g2672-epost'\n\t\t\t\t\tid='g2672-epost'\n\t\t\t\t\tvalue=''\n\n\t\t\t\t\tdata-wp-bind--aria-invalid='state.fieldAriaInvalid'\n\t\t\t\t\tdata-wp-bind--value='state.getFieldValue'\n\t\t\t\t\taria-describedby='g2672-epost-email-error-message'\n\t\t\t\t\tdata-wp-on--input='actions.onFieldChange'\n\t\t\t\t\tdata-wp-on--blur='actions.onFieldBlur'\n\t\t\t\t\tdata-wp-class--has-value='state.hasFieldValue'\n\n\t\t\t\t\tclass='email  grunion-field' \n\t\t\t\t\trequired='true' aria-required='true'  \/>\n \n\t\t\t<div id=\"g2672-epost-email-error\" class=\"contact-form__input-error\" data-wp-class--has-errors=\"state.fieldHasErrors\">\n\t\t\t\t<span class=\"contact-form__warning-icon\" aria-hidden=\"true\">\n\t\t\t\t\t<svg width=\"16\" height=\"16\" viewBox=\"0 0 16 16\" fill=\"none\" xmlns=\"http:\/\/www.w3.org\/2000\/svg\">\n\t\t\t\t\t\t<path d=\"M8.50015 11.6402H7.50015V10.6402H8.50015V11.6402Z\" \/>\n\t\t\t\t\t\t<path d=\"M7.50015 9.64018H8.50015V6.30684H7.50015V9.64018Z\" \/>\n\t\t\t\t\t\t<path fill-rule=\"evenodd\" clip-rule=\"evenodd\" d=\"M6.98331 3.0947C7.42933 2.30177 8.57096 2.30177 9.01698 3.09469L13.8771 11.7349C14.3145 12.5126 13.7525 13.4735 12.8602 13.4735H3.14004C2.24774 13.4735 1.68575 12.5126 2.12321 11.7349L6.98331 3.0947ZM8.14541 3.58496C8.08169 3.47168 7.9186 3.47168 7.85488 3.58496L2.99478 12.2251C2.93229 12.3362 3.01257 12.4735 3.14004 12.4735H12.8602C12.9877 12.4735 13.068 12.3362 13.0055 12.2251L8.14541 3.58496Z\" \/>\n\t\t\t\t\t<\/svg>\n\t\t\t\t<\/span>\n\t\t\t\t<span data-wp-text=\"state.errorMessage\" id=\"g2672-epost-email-error-message\"><\/span>\n\t\t\t<\/div> \n\t<\/div>\n\n<div style=\"\"  data-wp-interactive=\"jetpack\/form\" data-wp-context='{\"fieldId\":\"g2672-meddelande\",\"fieldType\":\"textarea\",\"fieldLabel\":\"Meddelande\",\"fieldValue\":\"\",\"fieldPlaceholder\":\"\",\"fieldIsRequired\":\"\",\"fieldErrorMessage\":\"\",\"fieldExtra\":[],\"formHash\":\"a2ddc920511fb3f9954a720182fb650963073a01\"}'  class='grunion-field-textarea-wrap grunion-field-wrap'  data-wp-init='callbacks.initializeField' data-wp-on--jetpack-form-reset='callbacks.initializeField' >\n<label\n\t\t\t\tfor='contact-form-comment-g2672-meddelande' class=\"grunion-field-label textarea\" >Meddelande<\/label>\n<textarea\n\t\t                style=''\n\t\t                name='g2672-meddelande'\n\t\t                id='contact-form-comment-g2672-meddelande'\n\t\t                rows='20'\n\t\t\t\t\t\tdata-wp-text='state.getFieldValue'\n\t\t\t\t\t\tdata-wp-on--input='actions.onFieldChange'\n\t\t\t\t\t\tdata-wp-on--blur='actions.onFieldBlur'\n\t\t\t\t\t\tdata-wp-class--has-value='state.hasFieldValue'\n\t\t\t\t\t\taria-describedby='g2672-meddelande-textarea-error-message'\n\t\t\t\t\t\tdata-wp-bind--aria-invalid='state.fieldAriaInvalid'\n\t\t\t\t\t\tclass='textarea  grunion-field'  ><\/textarea>\n \n\t\t\t<div id=\"g2672-meddelande-textarea-error\" class=\"contact-form__input-error\" data-wp-class--has-errors=\"state.fieldHasErrors\">\n\t\t\t\t<span class=\"contact-form__warning-icon\" aria-hidden=\"true\">\n\t\t\t\t\t<svg width=\"16\" height=\"16\" viewBox=\"0 0 16 16\" fill=\"none\" xmlns=\"http:\/\/www.w3.org\/2000\/svg\">\n\t\t\t\t\t\t<path d=\"M8.50015 11.6402H7.50015V10.6402H8.50015V11.6402Z\" \/>\n\t\t\t\t\t\t<path d=\"M7.50015 9.64018H8.50015V6.30684H7.50015V9.64018Z\" \/>\n\t\t\t\t\t\t<path fill-rule=\"evenodd\" clip-rule=\"evenodd\" d=\"M6.98331 3.0947C7.42933 2.30177 8.57096 2.30177 9.01698 3.09469L13.8771 11.7349C14.3145 12.5126 13.7525 13.4735 12.8602 13.4735H3.14004C2.24774 13.4735 1.68575 12.5126 2.12321 11.7349L6.98331 3.0947ZM8.14541 3.58496C8.08169 3.47168 7.9186 3.47168 7.85488 3.58496L2.99478 12.2251C2.93229 12.3362 3.01257 12.4735 3.14004 12.4735H12.8602C12.9877 12.4735 13.068 12.3362 13.0055 12.2251L8.14541 3.58496Z\" \/>\n\t\t\t\t\t<\/svg>\n\t\t\t\t<\/span>\n\t\t\t\t<span data-wp-text=\"state.errorMessage\" id=\"g2672-meddelande-textarea-error-message\"><\/span>\n\t\t\t<\/div>\n\t<\/div>\n\t<p class='contact-submit'>\n<div class=\"contact-form__error\" data-wp-class--show-errors=\"state.showFormErrors\"><span class=\"contact-form__warning-icon\" aria-hidden=\"true\"><i><\/i><\/span><span class=\"contact-form__error-message\" tabindex=\"-1\" data-wp-watch=\"callbacks.focusOnValidationError\" data-wp-text=\"state.getFormErrorMessage\"><\/span><ul aria-label=\"Formul\u00e4rfel\">\n\t\t\t\t<template data-wp-each=\"state.getErrorList\" data-wp-key=\"context.item.id\">\n\t\t\t\t\t<li><a data-wp-bind--href=\"context.item.anchor\" data-wp-on--click=\"actions.scrollIntoView\" data-wp-text=\"context.item.label\"><\/a><\/li>\n\t\t\t\t<\/template>\n\t\t\t\t<\/ul><\/div><div class=\"contact-form__error\" data-wp-class--show-errors=\"state.showSubmissionError\" data-wp-text=\"context.submissionError\" tabindex=\"-1\" data-wp-watch=\"callbacks.focusOnSubmissionError\"><\/div>\t\t<button type='submit' class='pushbutton-wide'>Skicka<\/button>\t\t<input type='hidden' name='contact-form-id' value='2672' \/>\n\t\t<input type='hidden' name='action' value='grunion-contact-form' \/>\n\t\t<input type='hidden' name='contact-form-hash' value='a2ddc920511fb3f9954a720182fb650963073a01' \/>\n\t<\/p>\n<\/form>\n<\/div>\n","protected":false},"excerpt":{"rendered":"<p><strong>Det \u00e4r en k\u00e4nd sanning att de allra flesta st\u00f6rningar och attacker som arbetsgivare r\u00e5kar ut f\u00f6r beror p\u00e5 att n\u00e5gon av IT-anv\u00e4ndarna r\u00e5kat \u00f6ppna upp ett s\u00e4kerhetsh\u00e5l. Att IT-attacker kan kosta en arbetsgivare hundratusentals kronor \u00e4r inte ovanligt och v\u00e5r kurs IT-s\u00e4kerhet f\u00f6r anv\u00e4ndare s\u00e4kerst\u00e4ller att alla \u00e5tminstone k\u00e4nner till de vanligaste problemen de kan st\u00f6ta p\u00e5!<\/strong><\/p>\n<p>Denna heldagsutbildning har ett uppdelat fokus d\u00e4r f\u00f6rmiddagen best\u00e5r av en f\u00f6rel\u00e4sning och eftermiddagen sen fokuserar p\u00e5 deltagarnas egna fr\u00e5gor och farh\u00e5gor. Kursen kan \u00e4ven levereras enbart som en halvdagsf\u00f6rel\u00e4sning f\u00f6r st\u00f6rre grupper, men vi rekommenderar alltid uppf\u00f6ljning med fr\u00e5gedelen d\u00e4r vi ofta sett fr\u00e5getecken r\u00e4tas ut till utropstecken!<\/p>\n","protected":false},"featured_media":3478,"comment_status":"open","ping_status":"closed","template":"","meta":{"wds_primary_product_brand":0,"wds_primary_product_cat":0},"product_brand":[],"product_cat":[91,134,56,38,31],"product_tag":[],"class_list":{"0":"post-2672","1":"product","2":"type-product","3":"status-publish","4":"has-post-thumbnail","6":"product_cat-arbetsmiljo","7":"product_cat-cyber-security","8":"product_cat-it-sakerhet","9":"product_cat-natverk-datakom","10":"product_cat-security","12":"first","13":"instock","14":"taxable","15":"shipping-taxable","16":"purchasable","17":"product-type-simple"},"jetpack_sharing_enabled":true,"_links":{"self":[{"href":"https:\/\/republify.se\/index.php\/wp-json\/wp\/v2\/product\/2672","targetHints":{"allow":["GET"]}}],"collection":[{"href":"https:\/\/republify.se\/index.php\/wp-json\/wp\/v2\/product"}],"about":[{"href":"https:\/\/republify.se\/index.php\/wp-json\/wp\/v2\/types\/product"}],"replies":[{"embeddable":true,"href":"https:\/\/republify.se\/index.php\/wp-json\/wp\/v2\/comments?post=2672"}],"wp:featuredmedia":[{"embeddable":true,"href":"https:\/\/republify.se\/index.php\/wp-json\/wp\/v2\/media\/3478"}],"wp:attachment":[{"href":"https:\/\/republify.se\/index.php\/wp-json\/wp\/v2\/media?parent=2672"}],"wp:term":[{"taxonomy":"product_brand","embeddable":true,"href":"https:\/\/republify.se\/index.php\/wp-json\/wp\/v2\/product_brand?post=2672"},{"taxonomy":"product_cat","embeddable":true,"href":"https:\/\/republify.se\/index.php\/wp-json\/wp\/v2\/product_cat?post=2672"},{"taxonomy":"product_tag","embeddable":true,"href":"https:\/\/republify.se\/index.php\/wp-json\/wp\/v2\/product_tag?post=2672"}],"curies":[{"name":"wp","href":"https:\/\/api.w.org\/{rel}","templated":true}]}}