{"id":2623,"date":"2022-03-11T18:10:48","date_gmt":"2022-03-11T17:10:48","guid":{"rendered":"https:\/\/republify.se\/?post_type=product&#038;p=2623"},"modified":"2025-11-21T09:06:44","modified_gmt":"2025-11-21T08:06:44","slug":"kanban-i-praktiken","status":"publish","type":"product","link":"https:\/\/republify.se\/index.php\/produkt\/kanban-i-praktiken\/","title":{"rendered":"Kanban i praktiken"},"content":{"rendered":"<p><strong>Kanban har sina r\u00f6tter i tillverkningsindustrin och leanfilosofin. Men kanban \u00e4r s\u00e5 mycket mer \u00e4n det. Metoden anv\u00e4nds inom alla typer av verksamheter s\u00e5v\u00e4l privata som offentliga. Du kan anv\u00e4nda kanban p\u00e5 ett sjukhus, i en f\u00f6rs\u00e4ljningsorganisation, i en ledningsgrupp och i tusentals andra situationer.<\/strong><\/p>\n<p>Kanbantavlan \u00e4r ett s\u00e4tt att synligg\u00f6ra processer, hitta \u201don\u00f6digt\u201d (inte v\u00e4rdeskapande) arbete och d\u00e4rigenom skapa m\u00f6jligheter f\u00f6r \u00f6kat samarbete, b\u00e5de mellan individer och mellan avdelningar. Med kanban kan vi leverera snabbare, med b\u00e4ttre kvalitet (yttre effektivitet), identifiera hinder och skapa b\u00e4ttre laganda (inre effektivitet).\u00a0Kanban \u00e4r, med sitt enkla och flexibla uttryckss\u00e4tt, anv\u00e4ndbart i alla former av planering och styrning.<\/p>\n<p><strong>M\u00e5lgrupp<\/strong>:<\/p>\n<p>Kursen v\u00e4nder sig till dig, oavsett roll eller position som vill l\u00e4ra dig grunderna i hur man anv\u00e4nder Kanbantekniken f\u00f6r att tydligg\u00f6ra processer, skapa v\u00e4rde, reducera on\u00f6digt arbete, f\u00f6rb\u00e4ttra teamwork och korta ledtid.<\/p>\n<p><strong>Kursm\u00e5l<\/strong><\/p>\n<p>Efter kursen kommer du att veta vad Kanban \u00e4r och hur det kan anv\u00e4ndas din verksamhet. Vidare har du f\u00e5tt \u00f6va p\u00e5 hur man kan anv\u00e4nda Kanban-tavlan p\u00e5 ett effektivt s\u00e4tt, samt hur man anpassar anv\u00e4ndandet f\u00f6r att hantera olika situationer som uppst\u00e5r i verksamheten.<\/p>\n<p>I kursen blandas teoripass med realistiska \u00f6vningar och diskussioner. Du f\u00e5r ocks\u00e5 praktiska exempel fr\u00e5n verkligheten och b\u00e5de tips om till\u00e4mpning och r\u00e5d om eventuella fallgropar.<\/p>\n<p><strong>Bakgrund<\/strong><\/p>\n<p>Kanban-tavlan \u00e4r ett s\u00e4tt att visualisera hur processen ser ut f\u00f6r att genomf\u00f6ra en aktivitet och f\u00f6r att beskriva ett statusl\u00e4ge. Det \u00e4r ett enkelt och effektivt s\u00e4tt att snabbt f\u00e5 v\u00e4rde av Kanban. Visualisering ger direkta svar p\u00e5: Vilka aktiviteter \u00e4r p\u00e5g\u00e5ende? Vem jobbar p\u00e5 den h\u00e4r aktiviteten just nu? Hur l\u00e5ngt har en aktivitet kommit genom processen? Vilka steg \u00e4r kvar att jobba p\u00e5? Vilka \u00e4r f\u00e4rdiga?<\/p>\n<p><strong>Inneh\u00e5ll<\/strong><\/p>\n<ul>\n<li>Teori och nyttan av Kanban<\/li>\n<li>N\u00e4r och hur startade Kanban? Historik, v\u00e4rdegrund, filosofi och principerna som g\u00f6r att Kanban fungerar.<\/li>\n<\/ul>\n<p>&nbsp;<\/p>\n<ul>\n<li>Grundprinciperna f\u00f6r Kanbantavlan<\/li>\n<li>Fl\u00f6desorienterat i st\u00e4llet f\u00f6r resursorienterat, fokus p\u00e5 visualisering och effektiv kommunikation<\/li>\n<\/ul>\n<p>&nbsp;<\/p>\n<ul>\n<li>Praktiska till\u00e4mpningar av Kanban-tekniker<\/li>\n<li>Deltagarna f\u00e5r skapa Kanban-tavlor utifr\u00e5n olika behov, typ av verksamhet och vad de vill synligg\u00f6ra<\/li>\n<\/ul>\n<p>&nbsp;<\/p>\n<ul>\n<li>Anpassningar av Kanbantavlan till olika situationer<\/li>\n<li>N\u00e4r ni anv\u00e4nder Kanbantavlan i verksamheten uppst\u00e5r det olika situationer som man m\u00e5ste kunna hantera. Vi g\u00e5r igenom olika scenarier f\u00f6r att skapa kunskap och handlingsberedskap, samt att visa hur flexibelt man kan utforma tavlan.<\/li>\n<\/ul>\n<p>&nbsp;<\/p>\n<ul>\n<li>Kanbantavlan kopplat till aff\u00e4rsm\u00e5l<\/li>\n<li>En variant av tavlan kallas f\u00f6r Iceberg Kanban. H\u00e4r utg\u00e5r man fr\u00e5n aff\u00e4rsm\u00e5l, och bryter sen ner dessa i leveranser och aktiviteter.<\/li>\n<\/ul>\n<p>&nbsp;<\/p>\n<ul>\n<li>Kanban i relation till agila metoder<\/li>\n<li>Vi g\u00f6r en j\u00e4mf\u00f6relse och tittar p\u00e5 m\u00f6jligheter till kombination. Vi belyser likheter och skillnader mellan metoderna.<\/li>\n<\/ul>\n<p>Flera till\u00e4mpningar<\/p>\n<ul>\n<li>Vi g\u00e5r igenom prioriteringstekniker (hur man v\u00e4ljer ut n\u00e4sta aktivitet\/arbetsuppgift) och ger n\u00e5gra exempel p\u00e5 hur Kanban kan till\u00e4mpas inom t ex sjukv\u00e5rd, f\u00f6rs\u00e4ljning, IT, i ledningsgrupp m fl<\/li>\n<\/ul>\n<p>&nbsp;<\/p>\n<h3>Kursen levereras i samarbete med<\/h3>\n<p><img decoding=\"async\" class=\"alignnone size-medium wp-image-2415 lazyload\" data-src=\"https:\/\/republify.se\/wp-content\/uploads\/2022\/03\/Agilcoachen_Logo_Svart-300x51.png\" alt=\"\" width=\"300\" height=\"51\" data-srcset=\"https:\/\/republify.se\/wp-content\/uploads\/2022\/03\/Agilcoachen_Logo_Svart-300x51.png 300w, https:\/\/republify.se\/wp-content\/uploads\/2022\/03\/Agilcoachen_Logo_Svart-600x102.png 600w, https:\/\/republify.se\/wp-content\/uploads\/2022\/03\/Agilcoachen_Logo_Svart-1024x175.png 1024w, https:\/\/republify.se\/wp-content\/uploads\/2022\/03\/Agilcoachen_Logo_Svart-768x131.png 768w, https:\/\/republify.se\/wp-content\/uploads\/2022\/03\/Agilcoachen_Logo_Svart-1536x262.png 1536w, https:\/\/republify.se\/wp-content\/uploads\/2022\/03\/Agilcoachen_Logo_Svart-2048x349.png 2048w\" data-sizes=\"(max-width: 300px) 100vw, 300px\" src=\"data:image\/svg+xml;base64,PHN2ZyB3aWR0aD0iMSIgaGVpZ2h0PSIxIiB4bWxucz0iaHR0cDovL3d3dy53My5vcmcvMjAwMC9zdmciPjwvc3ZnPg==\" style=\"--smush-placeholder-width: 300px; --smush-placeholder-aspect-ratio: 300\/51;\" \/><\/p>\n<h2>Kontakta oss om denna kurs<\/h2>\n<div data-test='contact-form'\n\t\t\tid='contact-form-2623'\n\t\t\tclass='jetpack-contact-form-container '\n\t\t\tdata-wp-interactive='jetpack\/form' data-wp-context='{\"formId\":\"2623\",\"formHash\":\"6cc80fe8c8c3a2c91c8db99133d3d1c8481650c4\",\"showErrors\":false,\"errors\":[],\"fields\":[],\"isMultiStep\":false,\"useAjax\":true,\"submissionData\":null,\"formattedSubmissionData\":[],\"submissionSuccess\":false,\"submissionError\":null,\"elementId\":\"jp-form-6cc80fe8c8c3a2c91c8db99133d3d1c8481650c4\",\"isSingleInputForm\":false,\"isForcedHorizontal\":false}'\n\t\t\tdata-wp-watch--scroll-to-wrapper=\"callbacks.scrollToWrapper\"\n\t\t>\n<div class=\"contact-form-submission contact-form-ajax-submission\" data-wp-bind--aria-hidden=\"state.isSuccessMessageAriaHidden\" data-wp-class--submission-success=\"context.submissionSuccess\" id=\"contact-form-success-6cc80fe8c8c3a2c91c8db99133d3d1c8481650c4\" tabindex=\"-1\" aria-labelledby=\"contact-form-success-header-6cc80fe8c8c3a2c91c8db99133d3d1c8481650c4\"><p class=\"go-back-message\"><a class=\"link\" role=\"button\" tabindex=\"0\" data-wp-on--click=\"actions.goBack\" href=\"\/index.php\/wp-json\/wp\/v2\/product\/2623\">\u2190 Tillbaka<\/a><\/p><h4 data-wp-bind--aria-hidden=\"state.isSuccessMessageAriaHidden\" id=\"contact-form-success-header-6cc80fe8c8c3a2c91c8db99133d3d1c8481650c4\">Tack f\u00f6r din respons. \u2728<\/h4>\n\n<template data-wp-each--submission=\"context.formattedSubmissionData\">\n\t\t\t\t\t<div class=\"jetpack_forms_contact-form-success-summary\">\n\t\t\t\t\t\t<div class=\"field-name-wrapper\">\n\t\t\t\t\t\t\t<div class=\"field-type-icon\" data-wp-watch=\"callbacks.watchFieldTypeIcon\"><\/div>\n\t\t\t\t\t\t\t<div class=\"field-name\" data-wp-text=\"context.submission.label\" data-wp-bind--hidden=\"!context.submission.label\"><\/div>\n\t\t\t\t\t\t<\/div>\n\t\t\t\t\t\t<div class=\"field-value\" data-wp-text=\"context.submission.value\" data-wp-bind--hidden=\"!context.submission.showPlainValue\"><\/div>\n\t\t\t\t\t\t<a class=\"field-url\" data-wp-bind--href=\"context.submission.url\" data-wp-text=\"context.submission.value\" data-wp-bind--hidden=\"!context.submission.url\" target=\"_blank\" rel=\"noopener noreferrer\"><\/a>\n\t\t\t\t\t\t<div class=\"field-rating\" data-wp-bind--hidden=\"!context.submission.rating\" data-wp-watch=\"callbacks.watchRatingIcons\"><\/div>\n\t\t\t\t\t\t<div class=\"field-images\" data-wp-bind--hidden=\"!context.submission.images\">\n\t\t\t\t\t\t\t<template data-wp-each--image=\"context.submission.images\">\n\t\t\t\t\t\t\t\t<div class=\"field-image-option\" data-wp-class--is-empty=\"!context.image.src\">\n\t\t\t\t\t\t\t\t\t<figure class=\"field-image-option__image\" data-wp-class--is-empty=\"!context.image.src\">\n\t\t\t\t\t\t\t\t\t\t<img data-wp-bind--src=\"context.image.src\" data-wp-bind--hidden=\"!context.image.src\" \/>\n\t\t\t\t\t\t\t\t\t\t<img decoding=\"async\" src=\"data:image\/gif;base64,R0lGODlhAQABAAD\/ACwAAAAAAQABAAACADs=\" data-wp-bind--hidden=\"context.image.src\" \/>\n\t\t\t\t\t\t\t\t\t<\/figure>\n\t\t\t\t\t\t\t\t\t<div class=\"field-image-option__label-wrapper\">\n\t\t\t\t\t\t\t\t\t\t<span class=\"field-image-option__label-code\" data-wp-text=\"context.image.letterCode\"><\/span>\n\t\t\t\t\t\t\t\t\t\t<span class=\"field-image-option__label\" data-wp-text=\"context.image.label\" data-wp-bind--hidden=\"!context.image.label\"><\/span>\n\t\t\t\t\t\t\t\t\t<\/div>\n\t\t\t\t\t\t\t\t<\/div>\n\t\t\t\t\t\t\t<\/template>\n\t\t\t\t\t\t<\/div>\n\t\t\t\t\t\t<div class=\"field-files\" data-wp-bind--hidden=\"!context.submission.files\">\n\t\t\t\t\t\t\t<template data-wp-each--file=\"context.submission.files\">\n\t\t\t\t\t\t\t\t<div class=\"field-file\">\n\t\t\t\t\t\t\t\t\t<div class=\"field-file__thumbnail\" data-wp-style--background-image=\"context.file.previewUrl\" data-wp-style--mask-image=\"context.file.iconUrl\" data-wp-bind--hidden=\"!context.file.hasPreview\"><\/div>\n\t\t\t\t\t\t\t\t\t<svg class=\"field-file__icon\" data-wp-bind--hidden=\"context.file.hasPreview\" width=\"20\" height=\"20\" viewBox=\"0 0 24 24\" fill=\"none\" xmlns=\"http:\/\/www.w3.org\/2000\/svg\" aria-hidden=\"true\">\n\t\t\t\t\t\t\t\t\t\t<path d=\"M14 2H6C4.9 2 4 2.9 4 4V20C4 21.1 4.89 22 5.99 22H18C19.1 22 20 21.1 20 20V8L14 2ZM18 20H6V4H13V9H18V20Z\" fill=\"currentColor\"\/>\n\t\t\t\t\t\t\t\t\t<\/svg>\n\t\t\t\t\t\t\t\t\t<span class=\"field-file__name\" data-wp-text=\"context.file.name\"><\/span>\n\t\t\t\t\t\t\t\t\t<span class=\"field-file__size\" data-wp-text=\"context.file.size\"><\/span>\n\t\t\t\t\t\t\t\t<\/div>\n\t\t\t\t\t\t\t<\/template>\n\t\t\t\t\t\t<\/div>\n\t\t\t\t\t<\/div>\n\t\t\t\t<\/template><\/div><form action='https:\/\/republify.se\/index.php\/produkt\/kanban-i-praktiken\/'\n\t\t\t\tid='jp-form-6cc80fe8c8c3a2c91c8db99133d3d1c8481650c4'\n\t\t\t\tmethod='post'\n\t\t\t\tclass='contact-form commentsblock jetpack-contact-form__form has-no-jetpack-form-layout' aria-label=\"Kanban i praktiken\"\n\t\t\t\tdata-wp-on--submit=\"actions.onFormSubmit\"\n\t\t\t\tdata-wp-on--reset=\"actions.onFormReset\"\n\t\t\t\tdata-wp-class--submission-success=\"context.submissionSuccess\"\n\t\t\t\tdata-wp-class--is-first-step=\"state.isFirstStep\"\n\t\t\t\tdata-wp-class--is-last-step=\"state.isLastStep\"\n\t\t\t\tdata-wp-class--is-ajax-form=\"context.useAjax\"\n\t\t\t\tnovalidate >\n<input type='hidden' name='jetpack_contact_form_jwt' value='eyJ0eXAiOiJKV1QiLCJhbGciOiJIUzI1NiJ9.eyJlbmNyeXB0ZWRfYXR0cmlidXRlcyI6InBLK3Jjd3RDdkIwR2lnSUpadlkvMnV3cld5L2hrY21nRk55WmtqVGgremJ5SmV3eG9oT09JRllVY09malArZEp3SUk0S3YwZ1RkRGtqV0FYaDg3RGppRUZSVFB5Q2FhRWVaaWpBOUhYQWs0TmQycE16RTZ4bWg2dkRZTFpBdFozaE5sUjhuU2RqM2dZLzBmSnQ1Y3hBYnVHN3g1T0J0WTF2S3pwN1ZLZTRSYXAwM1NURVR3cmpveVV2bDdiZXNKWElIUVJLWktmcFhlaEJ6TmswQVFRSGUxbjhpaFRYTk5ieFlDRm5za1hsT1pDNytlN1hPQmF3R2ZyWUxzR2xUR3JsZkIvcFBidzZWSjlTcWdqV21zU0RnYzZxa2lDeG5zWTBtWUVTNmdYV243TkRTN0ZYWjRUcjNMMGxKaEl4Sit3c2lLVmNGYVhVOW9ZWFMwR3RIbTY2NVFmYkpsU1QyRkdYL0ZlSEJNVkpIdkVaaTVxS2ZuRHQ4cy9LY0RITGdqOUF1RVk0SmhNNEpzRXZSRFEweEM5QnRyQkxhOEhOZmE3Y1VGYWZYTytxbG4zSnR4Z0pFUHBJbTY4akluZDZRY3FETUVjRVk3RXQ5enVINjhBZ0MzNkFRWWRpUnVzKzljZWhSdlBnUWRVZm1YamlwWjZScVJ1YkFxem5lUTdyNE1xUE5EQ2dzbnRFRVl5MlpySUhRdHN5c0NGTmZqU3dSUDFISXFkSWhWRlMyTytmN1dISFRPVi93V25NaVVmTUlLVjNMU0xtNnRYZzN6ME5YMS8veUtMWGVURjgyaTl4STdlbUhqVEFWVkJhb0IxR0ZzcHh3ditVYjczdXl4WHFtZExISGI4TmVvYy96T0x3Z2tTRlk1bVdoL3F1S3FnWHE5NFFxd1hNV1h1U1VHZS9TdlZUR0R3aUcvQWxISVphcUJIS0Vqc1NaaUhHd0g3MFJuOE5lU2x3M3NIV0IvbVBYNWhoU1JnK0YxZnM1N0Y3ZkozSVV6OTFqK083c0paWjBxQU1peXFiVHVuRk45M3AvbDFaUHovRkdGbE50Ly9HZCthaHRLQks3eEJZYVM3VlNERWxRMDlYbTZhMFFZaFJMN3J2NU1MVkxXdHFYKzcyeWk0ZTYwT1VtdzdDNGpFTE1waUkzM2VEM2VoUFdPVjRFQVV1VFNnNTdBYjNIekFLd1NzdFNxd3plNVNNYWw2aklCamRCcjU5L1U9IiwiY29udGVudCI6Iltjb250YWN0LWZpZWxkIGxhYmVsPVwiTmFtblwiIHR5cGU9XCJuYW1lXCIgcmVxdWlyZWQ9XCIxXCJdW2NvbnRhY3QtZmllbGQgbGFiZWw9XCJFLXBvc3RcIiB0eXBlPVwiZW1haWxcIiByZXF1aXJlZD1cIjFcIl1bY29udGFjdC1maWVsZCBsYWJlbD1cIk1lZGRlbGFuZGVcIiB0eXBlPVwidGV4dGFyZWFcIl0iLCJoYXNoIjoiNmNjODBmZThjOGMzYTJjOTFjOGRiOTkxMzNkM2QxYzg0ODE2NTBjNCIsInNvdXJjZSI6eyJlbnRyeV90aXRsZSI6IkthbmJhbiBpIHByYWt0aWtlbiIsImVudHJ5X3BhZ2UiOjEsInNvdXJjZV9pZCI6MjYyMywic291cmNlX3R5cGUiOiJzaW5nbGUiLCJyZXF1ZXN0X3VybCI6Imh0dHBzOi8vcmVwdWJsaWZ5LnNlL3dwLWpzb24vd3AvdjIvcHJvZHVjdC8yNjIzIn0sInZlcnNpb24iOjIsImNpcGhlciI6ImFlcy0yNTYtZ2NtIn0.0JmCqgSA_NR-Dz0-s1ibtv1AI5zIeMksMP9q1_ksuKI' \/>\n\n<div style=\"\"  data-wp-interactive=\"jetpack\/form\" data-wp-context='{\"fieldId\":\"g2623-namn\",\"fieldType\":\"name\",\"fieldLabel\":\"Namn\",\"fieldValue\":\"\",\"fieldPlaceholder\":\"\",\"fieldIsRequired\":\"1\",\"fieldErrorMessage\":\"\",\"fieldExtra\":[],\"formHash\":\"6cc80fe8c8c3a2c91c8db99133d3d1c8481650c4\"}'  class='grunion-field-name-wrap grunion-field-wrap'  data-wp-init='callbacks.initializeField' data-wp-on--jetpack-form-reset='callbacks.initializeField' >\n<label\n\t\t\t\tfor='g2623-namn' class=\"grunion-field-label name\" >Namn<span class=\"grunion-label-required\" aria-hidden=\"true\">(obligatoriskt)<\/span><\/label>\n<input\n\t\t\t\t\ttype='text'\n\t\t\t\t\tname='g2623-namn'\n\t\t\t\t\tid='g2623-namn'\n\t\t\t\t\tvalue=''\n\n\t\t\t\t\tdata-wp-bind--aria-invalid='state.fieldAriaInvalid'\n\t\t\t\t\tdata-wp-bind--value='state.getFieldValue'\n\t\t\t\t\taria-describedby='g2623-namn-text-error-message'\n\t\t\t\t\tdata-wp-on--input='actions.onFieldChange'\n\t\t\t\t\tdata-wp-on--blur='actions.onFieldBlur'\n\t\t\t\t\tdata-wp-class--has-value='state.hasFieldValue'\n\n\t\t\t\t\tclass='name  grunion-field' \n\t\t\t\t\trequired='true' aria-required='true'  \/>\n \n\t\t\t<div id=\"g2623-namn-text-error\" class=\"contact-form__input-error\" data-wp-class--has-errors=\"state.fieldHasErrors\">\n\t\t\t\t<span class=\"contact-form__warning-icon\" aria-hidden=\"true\">\n\t\t\t\t\t<svg width=\"16\" height=\"16\" viewBox=\"0 0 16 16\" fill=\"none\" xmlns=\"http:\/\/www.w3.org\/2000\/svg\">\n\t\t\t\t\t\t<path d=\"M8.50015 11.6402H7.50015V10.6402H8.50015V11.6402Z\" \/>\n\t\t\t\t\t\t<path d=\"M7.50015 9.64018H8.50015V6.30684H7.50015V9.64018Z\" \/>\n\t\t\t\t\t\t<path fill-rule=\"evenodd\" clip-rule=\"evenodd\" d=\"M6.98331 3.0947C7.42933 2.30177 8.57096 2.30177 9.01698 3.09469L13.8771 11.7349C14.3145 12.5126 13.7525 13.4735 12.8602 13.4735H3.14004C2.24774 13.4735 1.68575 12.5126 2.12321 11.7349L6.98331 3.0947ZM8.14541 3.58496C8.08169 3.47168 7.9186 3.47168 7.85488 3.58496L2.99478 12.2251C2.93229 12.3362 3.01257 12.4735 3.14004 12.4735H12.8602C12.9877 12.4735 13.068 12.3362 13.0055 12.2251L8.14541 3.58496Z\" \/>\n\t\t\t\t\t<\/svg>\n\t\t\t\t<\/span>\n\t\t\t\t<span data-wp-text=\"state.errorMessage\" id=\"g2623-namn-text-error-message\"><\/span>\n\t\t\t<\/div> \n\t<\/div>\n\n<div style=\"\"  data-wp-interactive=\"jetpack\/form\" data-wp-context='{\"fieldId\":\"g2623-epost\",\"fieldType\":\"email\",\"fieldLabel\":\"E-post\",\"fieldValue\":\"\",\"fieldPlaceholder\":\"\",\"fieldIsRequired\":\"1\",\"fieldErrorMessage\":\"\",\"fieldExtra\":[],\"formHash\":\"6cc80fe8c8c3a2c91c8db99133d3d1c8481650c4\"}'  class='grunion-field-email-wrap grunion-field-wrap'  data-wp-init='callbacks.initializeField' data-wp-on--jetpack-form-reset='callbacks.initializeField' >\n<label\n\t\t\t\tfor='g2623-epost' class=\"grunion-field-label email\" >E-post<span class=\"grunion-label-required\" aria-hidden=\"true\">(obligatoriskt)<\/span><\/label>\n<input\n\t\t\t\t\ttype='email'\n\t\t\t\t\tname='g2623-epost'\n\t\t\t\t\tid='g2623-epost'\n\t\t\t\t\tvalue=''\n\n\t\t\t\t\tdata-wp-bind--aria-invalid='state.fieldAriaInvalid'\n\t\t\t\t\tdata-wp-bind--value='state.getFieldValue'\n\t\t\t\t\taria-describedby='g2623-epost-email-error-message'\n\t\t\t\t\tdata-wp-on--input='actions.onFieldChange'\n\t\t\t\t\tdata-wp-on--blur='actions.onFieldBlur'\n\t\t\t\t\tdata-wp-class--has-value='state.hasFieldValue'\n\n\t\t\t\t\tclass='email  grunion-field' \n\t\t\t\t\trequired='true' aria-required='true'  \/>\n \n\t\t\t<div id=\"g2623-epost-email-error\" class=\"contact-form__input-error\" data-wp-class--has-errors=\"state.fieldHasErrors\">\n\t\t\t\t<span class=\"contact-form__warning-icon\" aria-hidden=\"true\">\n\t\t\t\t\t<svg width=\"16\" height=\"16\" viewBox=\"0 0 16 16\" fill=\"none\" xmlns=\"http:\/\/www.w3.org\/2000\/svg\">\n\t\t\t\t\t\t<path d=\"M8.50015 11.6402H7.50015V10.6402H8.50015V11.6402Z\" \/>\n\t\t\t\t\t\t<path d=\"M7.50015 9.64018H8.50015V6.30684H7.50015V9.64018Z\" \/>\n\t\t\t\t\t\t<path fill-rule=\"evenodd\" clip-rule=\"evenodd\" d=\"M6.98331 3.0947C7.42933 2.30177 8.57096 2.30177 9.01698 3.09469L13.8771 11.7349C14.3145 12.5126 13.7525 13.4735 12.8602 13.4735H3.14004C2.24774 13.4735 1.68575 12.5126 2.12321 11.7349L6.98331 3.0947ZM8.14541 3.58496C8.08169 3.47168 7.9186 3.47168 7.85488 3.58496L2.99478 12.2251C2.93229 12.3362 3.01257 12.4735 3.14004 12.4735H12.8602C12.9877 12.4735 13.068 12.3362 13.0055 12.2251L8.14541 3.58496Z\" \/>\n\t\t\t\t\t<\/svg>\n\t\t\t\t<\/span>\n\t\t\t\t<span data-wp-text=\"state.errorMessage\" id=\"g2623-epost-email-error-message\"><\/span>\n\t\t\t<\/div> \n\t<\/div>\n\n<div style=\"\"  data-wp-interactive=\"jetpack\/form\" data-wp-context='{\"fieldId\":\"g2623-meddelande\",\"fieldType\":\"textarea\",\"fieldLabel\":\"Meddelande\",\"fieldValue\":\"\",\"fieldPlaceholder\":\"\",\"fieldIsRequired\":\"\",\"fieldErrorMessage\":\"\",\"fieldExtra\":[],\"formHash\":\"6cc80fe8c8c3a2c91c8db99133d3d1c8481650c4\"}'  class='grunion-field-textarea-wrap grunion-field-wrap'  data-wp-init='callbacks.initializeField' data-wp-on--jetpack-form-reset='callbacks.initializeField' >\n<label\n\t\t\t\tfor='contact-form-comment-g2623-meddelande' class=\"grunion-field-label textarea\" >Meddelande<\/label>\n<textarea\n\t\t                style=''\n\t\t                name='g2623-meddelande'\n\t\t                id='contact-form-comment-g2623-meddelande'\n\t\t                rows='20'\n\t\t\t\t\t\tdata-wp-text='state.getFieldValue'\n\t\t\t\t\t\tdata-wp-on--input='actions.onFieldChange'\n\t\t\t\t\t\tdata-wp-on--blur='actions.onFieldBlur'\n\t\t\t\t\t\tdata-wp-class--has-value='state.hasFieldValue'\n\t\t\t\t\t\taria-describedby='g2623-meddelande-textarea-error-message'\n\t\t\t\t\t\tdata-wp-bind--aria-invalid='state.fieldAriaInvalid'\n\t\t\t\t\t\tclass='textarea  grunion-field'  ><\/textarea>\n \n\t\t\t<div id=\"g2623-meddelande-textarea-error\" class=\"contact-form__input-error\" data-wp-class--has-errors=\"state.fieldHasErrors\">\n\t\t\t\t<span class=\"contact-form__warning-icon\" aria-hidden=\"true\">\n\t\t\t\t\t<svg width=\"16\" height=\"16\" viewBox=\"0 0 16 16\" fill=\"none\" xmlns=\"http:\/\/www.w3.org\/2000\/svg\">\n\t\t\t\t\t\t<path d=\"M8.50015 11.6402H7.50015V10.6402H8.50015V11.6402Z\" \/>\n\t\t\t\t\t\t<path d=\"M7.50015 9.64018H8.50015V6.30684H7.50015V9.64018Z\" \/>\n\t\t\t\t\t\t<path fill-rule=\"evenodd\" clip-rule=\"evenodd\" d=\"M6.98331 3.0947C7.42933 2.30177 8.57096 2.30177 9.01698 3.09469L13.8771 11.7349C14.3145 12.5126 13.7525 13.4735 12.8602 13.4735H3.14004C2.24774 13.4735 1.68575 12.5126 2.12321 11.7349L6.98331 3.0947ZM8.14541 3.58496C8.08169 3.47168 7.9186 3.47168 7.85488 3.58496L2.99478 12.2251C2.93229 12.3362 3.01257 12.4735 3.14004 12.4735H12.8602C12.9877 12.4735 13.068 12.3362 13.0055 12.2251L8.14541 3.58496Z\" \/>\n\t\t\t\t\t<\/svg>\n\t\t\t\t<\/span>\n\t\t\t\t<span data-wp-text=\"state.errorMessage\" id=\"g2623-meddelande-textarea-error-message\"><\/span>\n\t\t\t<\/div>\n\t<\/div>\n\t<p class='contact-submit'>\n<div class=\"contact-form__error\" data-wp-class--show-errors=\"state.showFormErrors\"><span class=\"contact-form__warning-icon\" aria-hidden=\"true\"><i><\/i><\/span><span class=\"contact-form__error-message\" tabindex=\"-1\" data-wp-watch=\"callbacks.focusOnValidationError\" data-wp-text=\"state.getFormErrorMessage\"><\/span><ul aria-label=\"Formul\u00e4rfel\">\n\t\t\t\t<template data-wp-each=\"state.getErrorList\" data-wp-key=\"context.item.id\">\n\t\t\t\t\t<li><a data-wp-bind--href=\"context.item.anchor\" data-wp-on--click=\"actions.scrollIntoView\" data-wp-text=\"context.item.label\"><\/a><\/li>\n\t\t\t\t<\/template>\n\t\t\t\t<\/ul><\/div><div class=\"contact-form__error\" data-wp-class--show-errors=\"state.showSubmissionError\" data-wp-text=\"context.submissionError\" tabindex=\"-1\" data-wp-watch=\"callbacks.focusOnSubmissionError\"><\/div>\t\t<button type='submit' class='pushbutton-wide'>Skicka<\/button>\t\t<input type='hidden' name='contact-form-id' value='2623' \/>\n\t\t<input type='hidden' name='action' value='grunion-contact-form' \/>\n\t\t<input type='hidden' name='contact-form-hash' value='6cc80fe8c8c3a2c91c8db99133d3d1c8481650c4' \/>\n\t<\/p>\n<\/form>\n<\/div>\n","protected":false},"excerpt":{"rendered":"<p><strong>Kanban har sina r\u00f6tter i tillverkningsindustrin och leanfilosofin. Men kanban \u00e4r s\u00e5 mycket mer \u00e4n det. Metoden anv\u00e4nds inom alla typer av verksamheter s\u00e5v\u00e4l privata som offentliga. Du kan anv\u00e4nda kanban p\u00e5 ett sjukhus, i en f\u00f6rs\u00e4ljningsorganisation, i en ledningsgrupp och i tusentals andra situationer.<\/strong><\/p>\n<p>Kanbantavlan \u00e4r ett s\u00e4tt att synligg\u00f6ra processer, hitta \u201don\u00f6digt\u201d (inte v\u00e4rdeskapande) arbete och d\u00e4rigenom skapa m\u00f6jligheter f\u00f6r \u00f6kat samarbete, b\u00e5de mellan individer och mellan avdelningar. Med kanban kan vi leverera snabbare, med b\u00e4ttre kvalitet (yttre effektivitet), identifiera hinder och skapa b\u00e4ttre laganda (inre effektivitet).\u00a0Kanban \u00e4r, med sitt enkla och flexibla uttryckss\u00e4tt, anv\u00e4ndbart i alla former av planering och styrning.<\/p>\n","protected":false},"featured_media":5404,"comment_status":"open","ping_status":"closed","template":"","meta":{"wds_primary_product_brand":0,"wds_primary_product_cat":0},"product_brand":[],"product_cat":[33,37,28,203],"product_tag":[],"class_list":{"0":"post-2623","1":"product","2":"type-product","3":"status-publish","4":"has-post-thumbnail","6":"product_cat-agila-metoder","7":"product_cat-kommunikation","8":"product_cat-teamship","9":"product_cat-industri","11":"first","12":"instock","13":"taxable","14":"shipping-taxable","15":"purchasable","16":"product-type-simple"},"jetpack_sharing_enabled":true,"_links":{"self":[{"href":"https:\/\/republify.se\/index.php\/wp-json\/wp\/v2\/product\/2623","targetHints":{"allow":["GET"]}}],"collection":[{"href":"https:\/\/republify.se\/index.php\/wp-json\/wp\/v2\/product"}],"about":[{"href":"https:\/\/republify.se\/index.php\/wp-json\/wp\/v2\/types\/product"}],"replies":[{"embeddable":true,"href":"https:\/\/republify.se\/index.php\/wp-json\/wp\/v2\/comments?post=2623"}],"wp:featuredmedia":[{"embeddable":true,"href":"https:\/\/republify.se\/index.php\/wp-json\/wp\/v2\/media\/5404"}],"wp:attachment":[{"href":"https:\/\/republify.se\/index.php\/wp-json\/wp\/v2\/media?parent=2623"}],"wp:term":[{"taxonomy":"product_brand","embeddable":true,"href":"https:\/\/republify.se\/index.php\/wp-json\/wp\/v2\/product_brand?post=2623"},{"taxonomy":"product_cat","embeddable":true,"href":"https:\/\/republify.se\/index.php\/wp-json\/wp\/v2\/product_cat?post=2623"},{"taxonomy":"product_tag","embeddable":true,"href":"https:\/\/republify.se\/index.php\/wp-json\/wp\/v2\/product_tag?post=2623"}],"curies":[{"name":"wp","href":"https:\/\/api.w.org\/{rel}","templated":true}]}}