{"id":2615,"date":"2022-03-11T17:20:32","date_gmt":"2022-03-11T16:20:32","guid":{"rendered":"https:\/\/republify.se\/?post_type=product&#038;p=2615"},"modified":"2026-04-10T07:56:01","modified_gmt":"2026-04-10T06:56:01","slug":"agilt-ledarskap","status":"publish","type":"product","link":"https:\/\/republify.se\/index.php\/produkt\/agilt-ledarskap\/","title":{"rendered":"Agilt Ledarskap"},"content":{"rendered":"<div style=\"float: right;\">\n<p><script src='\/\/d31cr4zxq0qgev.cloudfront.net\/js\/reviews\/1.5.1\/widget.min.js'>\n<\/script><\/p>\n<div>\n<div id=\"widget-reviews\"><\/div>\n<div id=\"widget-link\"><a href=\"https:\/\/www.utbildning.se\/\">I samarbete med utbildning.se<\/a><\/div>\n<\/div>\n<p><script>\n    emgReviewWidget.setup({\n        targetElementId: 'widget-reviews',\n        customerId: '40730',\n        sourceCourseId: '1712123', \n        source: 'utbildning.se'\n    });\n<\/script><\/p>\n<\/div>\n<p><strong>Agilt ledarskap \u00e4r viktigare \u00e4n n\u00e5gonsin i den nya verklighet vi alla lever i, att kunna skapa r\u00e4tt milj\u00f6 f\u00f6r att medarbetarna ska kunna vara sj\u00e4lvorganiserade. Att leda i en milj\u00f6 d\u00e4r team samarbetar, d\u00e4r man kontinuerligt l\u00e4r sig av varandra och d\u00e4r feedback och coachning \u00e4r de b\u00e4sta verktygen f\u00f6r b\u00e5de organisationens och individens utveckling.<\/strong><\/p>\n<p>Fokus f\u00f6r denna utbildning \u00e4r att ge dig redskap att sl\u00e4ppa taget om detaljstyrning, ge frihet under ansvar och att kunna leda under olika omst\u00e4ndigheter och kunna hantera snabba omst\u00e4llningar i en f\u00f6r\u00e4nderlig v\u00e4rld.<\/p>\n<p><strong>F\u00f6rkunskaper<\/strong>:<\/p>\n<p>Kursen kr\u00e4ver inga f\u00f6rkunskaper men riktar sig fr\u00e4mst mot Projektledare, projektmedlemmar, linjechefer, teamledare, scrum masters, product owners \u2013 alla som har ett intresse att l\u00e4ra sig mer om ett modernt, faciliterande ledarskap f\u00f6r sj\u00e4lvorganiserande grupper.<\/p>\n<p><strong>M\u00e5l<\/strong><\/p>\n<p>Den h\u00e4r kursen ut\u00f6kar din verktygsl\u00e5da f\u00f6r ledarskap och ger dig st\u00f6rre f\u00f6rst\u00e5else f\u00f6r ett f\u00f6rh\u00e5llningss\u00e4tt som bygger p\u00e5 samskapande, facilitering och feedbackstyrd utveckling av b\u00e5de team, produkt och organisation. Exempel p\u00e5 metoder och koncept som anv\u00e4nds i kursen: IMGD, Cynefin, Lean, Scrum, NVC, VUCA, GROW.<\/p>\n<blockquote><p><em>\u201cAn agile leader is like a farmer who doesn\u2019t grow crops by pulling them but instead creates the perfect environment for the crops to grow and thrive.\u201d \u2013 Peter Koning<\/em><\/p><\/blockquote>\n<p><strong>Kursinneh\u00e5ll<\/strong><\/p>\n<ul>\n<li>Agilt ledarskap<\/li>\n<li>Agilt ledarskap \u2013 v\u00e4rdegrunderna<\/li>\n<li>Det faciliterande ledarskapet<\/li>\n<li>Lean thinking<\/li>\n<li>Agila arbetss\u00e4tt<\/li>\n<li>Introduktion till Modern Agile<\/li>\n<li>Experimentera och l\u00e4r dig snabbt<\/li>\n<li>Hj\u00e4lp m\u00e4nniskor briljera<\/li>\n<li>Leverera v\u00e4rde l\u00f6pande<\/li>\n<li>Skapa trygga f\u00f6ruts\u00e4ttningar<\/li>\n<li>Skapa en god feedbackkultur<\/li>\n<li>Hur du motiverar dina medarbetare<\/li>\n<li>\u00d6ppenhet, tillit och kommunikation \u2013 dina b\u00e4sta verktyg<\/li>\n<li>Skapa en psykologiskt trygg milj\u00f6 d\u00e4r det \u00e4r ok att g\u00f6ra fel<\/li>\n<li>Att leda i en st\u00e4ndigt f\u00f6r\u00e4nderlig omgivning<\/li>\n<li>Design Thinking \u2013 facilitering av processer f\u00f6r skapande av ny kunskap och kreativitet<\/li>\n<li>Utveckla dina agila ledaregenskaper med<\/li>\n<li>Aktivt lyssnande<\/li>\n<li>\u00d6ppna fr\u00e5gor<\/li>\n<li>Feedback<\/li>\n<\/ul>\n<p>&nbsp;<\/p>\n<h3>Kursen levereras i samarbete med<\/h3>\n<p><img decoding=\"async\" class=\"alignnone size-medium wp-image-2415 lazyload\" data-src=\"https:\/\/republify.se\/wp-content\/uploads\/2022\/03\/Agilcoachen_Logo_Svart-300x51.png\" alt=\"\" width=\"300\" height=\"51\" data-srcset=\"https:\/\/republify.se\/wp-content\/uploads\/2022\/03\/Agilcoachen_Logo_Svart-300x51.png 300w, https:\/\/republify.se\/wp-content\/uploads\/2022\/03\/Agilcoachen_Logo_Svart-600x102.png 600w, https:\/\/republify.se\/wp-content\/uploads\/2022\/03\/Agilcoachen_Logo_Svart-1024x175.png 1024w, https:\/\/republify.se\/wp-content\/uploads\/2022\/03\/Agilcoachen_Logo_Svart-768x131.png 768w, https:\/\/republify.se\/wp-content\/uploads\/2022\/03\/Agilcoachen_Logo_Svart-1536x262.png 1536w, https:\/\/republify.se\/wp-content\/uploads\/2022\/03\/Agilcoachen_Logo_Svart-2048x349.png 2048w\" data-sizes=\"(max-width: 300px) 100vw, 300px\" src=\"data:image\/svg+xml;base64,PHN2ZyB3aWR0aD0iMSIgaGVpZ2h0PSIxIiB4bWxucz0iaHR0cDovL3d3dy53My5vcmcvMjAwMC9zdmciPjwvc3ZnPg==\" style=\"--smush-placeholder-width: 300px; --smush-placeholder-aspect-ratio: 300\/51;\" \/><\/p>\n","protected":false},"excerpt":{"rendered":"<p><strong>Agilt ledarskap \u00e4r viktigare \u00e4n n\u00e5gonsin i den nya verklighet vi alla lever i, att kunna skapa r\u00e4tt milj\u00f6 f\u00f6r att medarbetarna ska kunna vara sj\u00e4lvorganiserade. Att leda i en milj\u00f6 d\u00e4r team samarbetar, d\u00e4r man kontinuerligt l\u00e4r sig av varandra och d\u00e4r feedback och coachning \u00e4r de b\u00e4sta verktygen f\u00f6r b\u00e5de organisationens och individens utveckling.<\/strong><\/p>\n<p>Fokus f\u00f6r denna utbildning \u00e4r att ge dig redskap att sl\u00e4ppa taget om detaljstyrning, ge frihet under ansvar och att kunna leda under olika omst\u00e4ndigheter och kunna hantera snabba omst\u00e4llningar i en f\u00f6r\u00e4nderlig v\u00e4rld.<\/p>\n<p><strong>\u00d6ppet\/Schemalagt datum (distans) &#8211; 11-12 juni<\/strong><\/p>\n","protected":false},"featured_media":11880,"comment_status":"open","ping_status":"closed","template":"","meta":{"wds_primary_product_brand":0,"wds_primary_product_cat":0},"product_brand":[],"product_cat":[33,32,145,28,203],"product_tag":[],"class_list":{"0":"post-2615","1":"product","2":"type-product","3":"status-publish","4":"has-post-thumbnail","6":"product_cat-agila-metoder","7":"product_cat-ledarskap","8":"product_cat-oppen-schemalagd-utbildning","9":"product_cat-teamship","10":"product_cat-industri","12":"first","13":"instock","14":"taxable","15":"shipping-taxable","16":"purchasable","17":"product-type-simple"},"jetpack_sharing_enabled":true,"_links":{"self":[{"href":"https:\/\/republify.se\/index.php\/wp-json\/wp\/v2\/product\/2615","targetHints":{"allow":["GET"]}}],"collection":[{"href":"https:\/\/republify.se\/index.php\/wp-json\/wp\/v2\/product"}],"about":[{"href":"https:\/\/republify.se\/index.php\/wp-json\/wp\/v2\/types\/product"}],"replies":[{"embeddable":true,"href":"https:\/\/republify.se\/index.php\/wp-json\/wp\/v2\/comments?post=2615"}],"wp:featuredmedia":[{"embeddable":true,"href":"https:\/\/republify.se\/index.php\/wp-json\/wp\/v2\/media\/11880"}],"wp:attachment":[{"href":"https:\/\/republify.se\/index.php\/wp-json\/wp\/v2\/media?parent=2615"}],"wp:term":[{"taxonomy":"product_brand","embeddable":true,"href":"https:\/\/republify.se\/index.php\/wp-json\/wp\/v2\/product_brand?post=2615"},{"taxonomy":"product_cat","embeddable":true,"href":"https:\/\/republify.se\/index.php\/wp-json\/wp\/v2\/product_cat?post=2615"},{"taxonomy":"product_tag","embeddable":true,"href":"https:\/\/republify.se\/index.php\/wp-json\/wp\/v2\/product_tag?post=2615"}],"curies":[{"name":"wp","href":"https:\/\/api.w.org\/{rel}","templated":true}]}}