{"id":2613,"date":"2022-03-11T17:07:50","date_gmt":"2022-03-11T16:07:50","guid":{"rendered":"https:\/\/republify.se\/?post_type=product&#038;p=2613"},"modified":"2025-11-21T09:08:30","modified_gmt":"2025-11-21T08:08:30","slug":"agil-projektledning","status":"publish","type":"product","link":"https:\/\/republify.se\/index.php\/produkt\/agil-projektledning\/","title":{"rendered":"Agil Projektledning"},"content":{"rendered":"<div style=\"float: right;\"><script src='\/\/d31cr4zxq0qgev.cloudfront.net\/js\/reviews\/1.5.1\/widget.min.js'>\n<\/script><\/p>\n<div>\n<div id=\"widget-reviews\"><\/div>\n<div id=\"widget-link\"><a href=\"https:\/\/www.utbildning.se\/\">I samarbete med utbildning.se<\/a><\/div>\n<\/div>\n<p><script>\n    emgReviewWidget.setup({\n        targetElementId: 'widget-reviews',\n        customerId: '40730',\n        sourceCourseId: '1847819', \n        source: 'utbildning.se'\n    });\n<\/script><\/p>\n<\/div>\n<p><strong>\u00c4r du lite nyfiken p\u00e5 agila metoder men lite os\u00e4ker p\u00e5 vad det \u00e4r och om det passar din organisation? D\u00e5 \u00e4r denna utbildning i Projektledning med Agila metoder (Scrum, Kanban, Lean) helt r\u00e4tt f\u00f6r dig!<\/strong><\/p>\n<p>Den h\u00e4r kursen ger dig smakprov p\u00e5 flera olika agila metoder. Du l\u00e4r dig att kombinera dessa med traditionell projektmetodik och ges m\u00f6jlighet att plocka ut de delar som passar dig och ditt projekt allra b\u00e4st.<\/p>\n<p><strong>M\u00e5lgrupp<\/strong>:<\/p>\n<p>Du b\u00f6r ha erfarenhet av projektarbete och projektledning. Inga krav p\u00e5 IT-kunskaper \u2013 denna kurs handlar bara om metodik och f\u00f6rh\u00e5llningss\u00e4tt.<\/p>\n<p>Utbildningen v\u00e4nder sig till dig som \u00e4r nyfiken p\u00e5\/vill ha en f\u00f6rst\u00e5else f\u00f6r agila metoder. Kanske \u00e4r det s\u00e5 att din organisation funderar p\u00e5 att inf\u00f6ra ett agilt arbetss\u00e4tt. Eller s\u00e5 kanske \u00e4r du best\u00e4llare av tj\u00e4nster\/produkter som utvecklas agilt och du k\u00e4nner att vill ha mer kunskap om metoderna. Den passar dig som ser ett behov av att bli mer agil utan att f\u00f6r den sakens skull sl\u00e4ppa taget om den gamla projektmetodiken. Kursen ger en bred \u00f6versikt l\u00e4mpad f\u00f6r m\u00e5nga olika roller. Inneh\u00e5llet l\u00e4mpar sig s\u00e5v\u00e4l f\u00f6r tj\u00e4nstef\u00f6retag som f\u00f6r tillverkande och f\u00f6r b\u00e5de privat och offentlig sektor.<\/p>\n<p><strong>Bakgrund<\/strong><\/p>\n<p>Agil projektledning handlar om att driva projekt p\u00e5 ett smidigare och mer effektivt s\u00e4tt. Att arbeta agilt inneb\u00e4r bland annat att arbeta i korta steg f\u00f6r att snabbt kunna agera p\u00e5 f\u00f6r\u00e4ndringar och att p\u00e5 ett strukturerat s\u00e4tt involvera kunden under hela projektet.<\/p>\n<p><strong>M\u00e5l<\/strong><\/p>\n<p>Efter kursen har du f\u00e5tt \u00f6kad f\u00f6rst\u00e5else f\u00f6r vilka f\u00f6ruts\u00e4ttningar som kr\u00e4vs f\u00f6r att det ska g\u00e5 att till\u00e4mpa agila arbetsmetoder i ett projekt. Du kommer ocks\u00e5 b\u00e4ttre f\u00f6rst\u00e5 vad som skiljer och vad som \u00e4r lika, beroende p\u00e5 om man v\u00e4ljer att genomf\u00f6ra ett projekt agilt eller traditionellt. Du kommer \u00e4ven kunna koppla ihop agil metodik och roller med en traditionell metodik\/projektroller och anv\u00e4nda delar av b\u00e4gge v\u00e4rldar i samma projekt.<\/p>\n<p>Vi l\u00e4gger stor vikt vid organisationens f\u00f6ruts\u00e4ttningar att vara agil samt fokuserar p\u00e5 \u201dnytt s\u00e4tt att t\u00e4nka\u201d snarare \u00e4n att \u201dfastna i modeller\u201d. Du f\u00e5r insikt i f\u00f6rdelar och nackdelar hos de olika arbetss\u00e4tten och exempel p\u00e5 best practice fr\u00e5n flera olika organisationer \u2013 organisationer som str\u00e4var mot den smidighet som kr\u00e4vs f\u00f6r att st\u00e4ndigt f\u00f6rb\u00e4ttras och utvecklas l\u00f6pande med sin verksamhet. I kursen ing\u00e5r m\u00e5nga praktiska \u00f6vningar, erfarenhetsutbyten och praktiska r\u00e5d.<\/p>\n<p>I kursen blandas teoripass med realistiska \u00f6vningar och diskussioner. Du f\u00e5r ocks\u00e5 praktiska exempel fr\u00e5n verkligheten och b\u00e5de tips om till\u00e4mpning och r\u00e5d om eventuella fallgropar.<\/p>\n<p>Inneh\u00e5ll, agila metoder<\/p>\n<ul>\n<li>Bakgrund och historik<\/li>\n<li>V\u00e4rdegrunder och f\u00f6rh\u00e5llande till traditionella metoder (Vattenfall, PROPS, PPS, osv)<\/li>\n<li>Likheter och skillnader agilt kontra traditionellt<\/li>\n<li>* Planering<\/li>\n<li>* Genomf\u00f6rande<\/li>\n<li>Lean, Agile, Scrum och Kanban \u2013 hur h\u00e4nger det ihop?<\/li>\n<li>Ramverk \u2013 inte regelverk. G\u00f6r agilt till ditt.<\/li>\n<\/ul>\n<p>&nbsp;<\/p>\n<p>\u00d6versikt Lean<\/p>\n<ul>\n<li>\u2013 Teamwork, kommunikation, effektivt utnyttjande av resurser och st\u00e4ndig f\u00f6rb\u00e4ttring<\/li>\n<\/ul>\n<p>&nbsp;<\/p>\n<p>\u00d6versikt Scrum<\/p>\n<ul>\n<li>\u2013 Grunderna i metodiken<\/li>\n<li>\u2013 Scrums aktiviteter och artefakter<\/li>\n<\/ul>\n<p>&nbsp;<\/p>\n<p>\u00d6versikt Kanban<\/p>\n<ul>\n<li>\u2013 Att korta ledtider med hj\u00e4lp av begr\u00e4nsad WIP<\/li>\n<\/ul>\n<p>&nbsp;<\/p>\n<p>\u00d6versikt DSDM<\/p>\n<ul>\n<li>\u2013 De b\u00e4sta prioriteringsprinciperna<\/li>\n<\/ul>\n<p>&nbsp;<\/p>\n<p>Roller<\/p>\n<ul>\n<li>\u2013 Traditionella projektroller<\/li>\n<li>\u2013 Roller i projekt som genomf\u00f6rs agilt<\/li>\n<li>\u2013 Hur matchar man de b\u00e5da v\u00e4rldarna \u2013 vem tar projektledarrollen och vem \u00e4r best\u00e4llare?<\/li>\n<li>\u2013 Chefens roll i agila projekt<\/li>\n<\/ul>\n<p>&nbsp;<\/p>\n<p>Agil metodik<\/p>\n<ul>\n<li>\u2013 Agil planering och tidsskattning<\/li>\n<li>\u2013 Agil kravhantering<\/li>\n<li>\u2013 Agil riskhantering<\/li>\n<\/ul>\n<p>&nbsp;<\/p>\n<p>Hur blir vi mer agila?<\/p>\n<ul>\n<li>\u2013 Agilt \u2013 mer ett f\u00f6rh\u00e5llningss\u00e4tt \u00e4n metodik<\/li>\n<li>\u2013 Kund- och verksamhetsnytta i fokus<\/li>\n<li>\u2013 Passar det agila arbetss\u00e4ttet alla typer av organisationer och projekt?<\/li>\n<li>\u2013 Inf\u00f6ra agila arbetss\u00e4tt \u2013 tips, goda r\u00e5d och ett par varningar<\/li>\n<\/ul>\n<p>&nbsp;<\/p>\n<h3>Kursen levereras i samarbete med<\/h3>\n<p><img decoding=\"async\" class=\"alignnone size-medium wp-image-2415 lazyload\" data-src=\"https:\/\/republify.se\/wp-content\/uploads\/2022\/03\/Agilcoachen_Logo_Svart-300x51.png\" alt=\"\" width=\"300\" height=\"51\" data-srcset=\"https:\/\/republify.se\/wp-content\/uploads\/2022\/03\/Agilcoachen_Logo_Svart-300x51.png 300w, https:\/\/republify.se\/wp-content\/uploads\/2022\/03\/Agilcoachen_Logo_Svart-600x102.png 600w, https:\/\/republify.se\/wp-content\/uploads\/2022\/03\/Agilcoachen_Logo_Svart-1024x175.png 1024w, https:\/\/republify.se\/wp-content\/uploads\/2022\/03\/Agilcoachen_Logo_Svart-768x131.png 768w, https:\/\/republify.se\/wp-content\/uploads\/2022\/03\/Agilcoachen_Logo_Svart-1536x262.png 1536w, https:\/\/republify.se\/wp-content\/uploads\/2022\/03\/Agilcoachen_Logo_Svart-2048x349.png 2048w\" data-sizes=\"(max-width: 300px) 100vw, 300px\" src=\"data:image\/svg+xml;base64,PHN2ZyB3aWR0aD0iMSIgaGVpZ2h0PSIxIiB4bWxucz0iaHR0cDovL3d3dy53My5vcmcvMjAwMC9zdmciPjwvc3ZnPg==\" style=\"--smush-placeholder-width: 300px; --smush-placeholder-aspect-ratio: 300\/51;\" \/><\/p>\n<h2>Kontakta oss om denna kurs<\/h2>\n<div data-test='contact-form'\n\t\t\tid='contact-form-2613'\n\t\t\tclass='jetpack-contact-form-container '\n\t\t\tdata-wp-interactive='jetpack\/form' data-wp-context='{\"formId\":\"2613\",\"formHash\":\"6684d1ec265c912df1e23d5fc1dfd4b3a6ae7ded\",\"showErrors\":false,\"errors\":[],\"fields\":[],\"isMultiStep\":false,\"useAjax\":true,\"submissionData\":null,\"formattedSubmissionData\":[],\"submissionSuccess\":false,\"submissionError\":null,\"elementId\":\"jp-form-6684d1ec265c912df1e23d5fc1dfd4b3a6ae7ded\",\"isSingleInputForm\":false,\"isForcedHorizontal\":false}'\n\t\t\tdata-wp-watch--scroll-to-wrapper=\"callbacks.scrollToWrapper\"\n\t\t>\n<div class=\"contact-form-submission contact-form-ajax-submission\" data-wp-bind--aria-hidden=\"state.isSuccessMessageAriaHidden\" data-wp-class--submission-success=\"context.submissionSuccess\" id=\"contact-form-success-6684d1ec265c912df1e23d5fc1dfd4b3a6ae7ded\" tabindex=\"-1\" aria-labelledby=\"contact-form-success-header-6684d1ec265c912df1e23d5fc1dfd4b3a6ae7ded\"><p class=\"go-back-message\"><a class=\"link\" role=\"button\" tabindex=\"0\" data-wp-on--click=\"actions.goBack\" href=\"\/index.php\/wp-json\/wp\/v2\/product\/2613\">\u2190 Tillbaka<\/a><\/p><h4 data-wp-bind--aria-hidden=\"state.isSuccessMessageAriaHidden\" id=\"contact-form-success-header-6684d1ec265c912df1e23d5fc1dfd4b3a6ae7ded\">Tack f\u00f6r din respons. \u2728<\/h4>\n\n<template data-wp-each--submission=\"context.formattedSubmissionData\">\n\t\t\t\t\t<div class=\"jetpack_forms_contact-form-success-summary\">\n\t\t\t\t\t\t<div class=\"field-name-wrapper\">\n\t\t\t\t\t\t\t<div class=\"field-type-icon\" data-wp-watch=\"callbacks.watchFieldTypeIcon\"><\/div>\n\t\t\t\t\t\t\t<div class=\"field-name\" data-wp-text=\"context.submission.label\" data-wp-bind--hidden=\"!context.submission.label\"><\/div>\n\t\t\t\t\t\t<\/div>\n\t\t\t\t\t\t<div class=\"field-value\" data-wp-text=\"context.submission.value\" data-wp-bind--hidden=\"!context.submission.showPlainValue\"><\/div>\n\t\t\t\t\t\t<a class=\"field-url\" data-wp-bind--href=\"context.submission.url\" data-wp-text=\"context.submission.value\" data-wp-bind--hidden=\"!context.submission.url\" target=\"_blank\" rel=\"noopener noreferrer\"><\/a>\n\t\t\t\t\t\t<div class=\"field-rating\" data-wp-bind--hidden=\"!context.submission.rating\" data-wp-watch=\"callbacks.watchRatingIcons\"><\/div>\n\t\t\t\t\t\t<div class=\"field-images\" data-wp-bind--hidden=\"!context.submission.images\">\n\t\t\t\t\t\t\t<template data-wp-each--image=\"context.submission.images\">\n\t\t\t\t\t\t\t\t<div class=\"field-image-option\" data-wp-class--is-empty=\"!context.image.src\">\n\t\t\t\t\t\t\t\t\t<figure class=\"field-image-option__image\" data-wp-class--is-empty=\"!context.image.src\">\n\t\t\t\t\t\t\t\t\t\t<img data-wp-bind--src=\"context.image.src\" data-wp-bind--hidden=\"!context.image.src\" \/>\n\t\t\t\t\t\t\t\t\t\t<img decoding=\"async\" src=\"data:image\/gif;base64,R0lGODlhAQABAAD\/ACwAAAAAAQABAAACADs=\" data-wp-bind--hidden=\"context.image.src\" \/>\n\t\t\t\t\t\t\t\t\t<\/figure>\n\t\t\t\t\t\t\t\t\t<div class=\"field-image-option__label-wrapper\">\n\t\t\t\t\t\t\t\t\t\t<span class=\"field-image-option__label-code\" data-wp-text=\"context.image.letterCode\"><\/span>\n\t\t\t\t\t\t\t\t\t\t<span class=\"field-image-option__label\" data-wp-text=\"context.image.label\" data-wp-bind--hidden=\"!context.image.label\"><\/span>\n\t\t\t\t\t\t\t\t\t<\/div>\n\t\t\t\t\t\t\t\t<\/div>\n\t\t\t\t\t\t\t<\/template>\n\t\t\t\t\t\t<\/div>\n\t\t\t\t\t\t<div class=\"field-files\" data-wp-bind--hidden=\"!context.submission.files\">\n\t\t\t\t\t\t\t<template data-wp-each--file=\"context.submission.files\">\n\t\t\t\t\t\t\t\t<div class=\"field-file\">\n\t\t\t\t\t\t\t\t\t<div class=\"field-file__thumbnail\" data-wp-style--background-image=\"context.file.previewUrl\" data-wp-style--mask-image=\"context.file.iconUrl\" data-wp-bind--hidden=\"!context.file.hasPreview\"><\/div>\n\t\t\t\t\t\t\t\t\t<svg class=\"field-file__icon\" data-wp-bind--hidden=\"context.file.hasPreview\" width=\"20\" height=\"20\" viewBox=\"0 0 24 24\" fill=\"none\" xmlns=\"http:\/\/www.w3.org\/2000\/svg\" aria-hidden=\"true\">\n\t\t\t\t\t\t\t\t\t\t<path d=\"M14 2H6C4.9 2 4 2.9 4 4V20C4 21.1 4.89 22 5.99 22H18C19.1 22 20 21.1 20 20V8L14 2ZM18 20H6V4H13V9H18V20Z\" fill=\"currentColor\"\/>\n\t\t\t\t\t\t\t\t\t<\/svg>\n\t\t\t\t\t\t\t\t\t<span class=\"field-file__name\" data-wp-text=\"context.file.name\"><\/span>\n\t\t\t\t\t\t\t\t\t<span class=\"field-file__size\" data-wp-text=\"context.file.size\"><\/span>\n\t\t\t\t\t\t\t\t<\/div>\n\t\t\t\t\t\t\t<\/template>\n\t\t\t\t\t\t<\/div>\n\t\t\t\t\t<\/div>\n\t\t\t\t<\/template><\/div><form action='https:\/\/republify.se\/index.php\/produkt\/agil-projektledning\/'\n\t\t\t\tid='jp-form-6684d1ec265c912df1e23d5fc1dfd4b3a6ae7ded'\n\t\t\t\tmethod='post'\n\t\t\t\tclass='contact-form commentsblock jetpack-contact-form__form has-no-jetpack-form-layout' aria-label=\"Agil Projektledning\"\n\t\t\t\tdata-wp-on--submit=\"actions.onFormSubmit\"\n\t\t\t\tdata-wp-on--reset=\"actions.onFormReset\"\n\t\t\t\tdata-wp-class--submission-success=\"context.submissionSuccess\"\n\t\t\t\tdata-wp-class--is-first-step=\"state.isFirstStep\"\n\t\t\t\tdata-wp-class--is-last-step=\"state.isLastStep\"\n\t\t\t\tdata-wp-class--is-ajax-form=\"context.useAjax\"\n\t\t\t\tnovalidate >\n<input type='hidden' name='jetpack_contact_form_jwt' value='eyJ0eXAiOiJKV1QiLCJhbGciOiJIUzI1NiJ9.eyJlbmNyeXB0ZWRfYXR0cmlidXRlcyI6Inp4eXE2L3VIS3l6TUZrdjJLNFFER25HYzc4UlBTeWdaMnZqRU9RZnNjLzRsNkhkQmkwOHdETWpwbWhjMDc4VXFuZHBNcTZPUkVkQm9WNS84enBENkFzMERyaE5EZTV0blNoTUVWYVBSdFJCMmtrM3dMaHIrWVZjTHlBNnVweEJBanRhVUxFZ1FuSXRGZ3U4SHEvM3M1aU9pUXJwKzJxNFpDdEJpRHh6T3pTaURwdGpmOU44ZE93VW9nOFlXblFBS3UzRG43elZ3VlNQekVtV2t4WmdsdUt6K2NKOGZUREdNS1ZmemI1aytkVmE0dlZIeW42RkIrbUkxdWJRQlBaUlVnaXp3WEJIcGVWNHl1MXNOZ0JvVkdTSlNGQVlYTU9rVXlRWWJ2dTVxRWY5K3VCZ3VsRjF6OERhM1ZxbGF6cFhTeTFrN3c3TXJaaDlGZHR1U3hBQTkrSlYrZ2FFdU96ZWlsOGJJM0NtZFpjcHhMay9PSE9YbmpHZmlBQmt6c3dLYys3MExyYnZybWxsN0pUbEZaQ2xvcEFIZ3Z4SDYyZ1NONHBwSlRUNVJNSExxbk5hVlo5NHJuSm41SGFQOWVxZm1NaXVhemljckVWemZ4ck5qOW9EU1hMbUE0K0dydXZxOGhML21yR0JSVGsvV3JRUENhTm05bGlaYlVRaGZYQno4SVIvb2VnTkRWekcvRVIxNytNQ1dGeVJvemZoN0F1V1ExOHlSWWZMYXZoRUJ1S3NIenlyVytWdzZNU2ErdDBtSzBCNVlTbVNCL2pHbW52aGl0bEU0MjdKOU5mb1lBaXlSdytqbkdvQmRpZnI0VytTU1pxY0h3MWVBS1RUcjZzVWdMajdmRzFFRTdZRWNnME80U1lpSkR1VVY2K2w4Nk10VjVJaGg4UHNRMk9qSExOMy8rSWR3RUZWYmY2dG1RSmt5eTdwL0FCUERnVVFlbGIrdWl0VkJQQ1dpRWRwMGNyS2FadExHTmRTOWYycnMwRk1jSGR5Qk00VGhRNDZVdUJJRXBDR2VNeGg2QnFTTENKTkE3ekJsamRVcHF6bmViT3VucE50dUZOT0J2TDVWQWhVT2V4VjNUWnFXSDNIV0tQUHM0ajBVMWsrL0laN3B3cmdhYlVNUklwbTIyVFBqVFVycE45dHJMNjR0UlFUTlplbzRKbTlsQ2pXZ2J5NHpoek1RV2xKWGIyMFVicS9YNkNISVRxQzJCK0N4IiwiY29udGVudCI6Iltjb250YWN0LWZpZWxkIGxhYmVsPVwiTmFtblwiIHR5cGU9XCJuYW1lXCIgcmVxdWlyZWQ9XCIxXCJdW2NvbnRhY3QtZmllbGQgbGFiZWw9XCJFLXBvc3RcIiB0eXBlPVwiZW1haWxcIiByZXF1aXJlZD1cIjFcIl1bY29udGFjdC1maWVsZCBsYWJlbD1cIldlYmJwbGF0c1wiIHR5cGU9XCJ1cmxcIl1bY29udGFjdC1maWVsZCBsYWJlbD1cIk1lZGRlbGFuZGVcIiB0eXBlPVwidGV4dGFyZWFcIl0iLCJoYXNoIjoiNjY4NGQxZWMyNjVjOTEyZGYxZTIzZDVmYzFkZmQ0YjNhNmFlN2RlZCIsInNvdXJjZSI6eyJlbnRyeV90aXRsZSI6IkFnaWwgUHJvamVrdGxlZG5pbmciLCJlbnRyeV9wYWdlIjoxLCJzb3VyY2VfaWQiOjI2MTMsInNvdXJjZV90eXBlIjoic2luZ2xlIiwicmVxdWVzdF91cmwiOiJodHRwczovL3JlcHVibGlmeS5zZS93cC1qc29uL3dwL3YyL3Byb2R1Y3QvMjYxMyJ9LCJ2ZXJzaW9uIjoyLCJjaXBoZXIiOiJhZXMtMjU2LWdjbSJ9.8gzrTvcy6yY4rb5axCTt4kPRrp0h7jBAW4oAvQMkAJg' \/>\n\n<div style=\"\"  data-wp-interactive=\"jetpack\/form\" data-wp-context='{\"fieldId\":\"g2613-namn\",\"fieldType\":\"name\",\"fieldLabel\":\"Namn\",\"fieldValue\":\"\",\"fieldPlaceholder\":\"\",\"fieldIsRequired\":\"1\",\"fieldErrorMessage\":\"\",\"fieldExtra\":[],\"formHash\":\"6684d1ec265c912df1e23d5fc1dfd4b3a6ae7ded\"}'  class='grunion-field-name-wrap grunion-field-wrap'  data-wp-init='callbacks.initializeField' data-wp-on--jetpack-form-reset='callbacks.initializeField' >\n<label\n\t\t\t\tfor='g2613-namn' class=\"grunion-field-label name\" >Namn<span class=\"grunion-label-required\" aria-hidden=\"true\">(obligatoriskt)<\/span><\/label>\n<input\n\t\t\t\t\ttype='text'\n\t\t\t\t\tname='g2613-namn'\n\t\t\t\t\tid='g2613-namn'\n\t\t\t\t\tvalue=''\n\n\t\t\t\t\tdata-wp-bind--aria-invalid='state.fieldAriaInvalid'\n\t\t\t\t\tdata-wp-bind--value='state.getFieldValue'\n\t\t\t\t\taria-describedby='g2613-namn-text-error-message'\n\t\t\t\t\tdata-wp-on--input='actions.onFieldChange'\n\t\t\t\t\tdata-wp-on--blur='actions.onFieldBlur'\n\t\t\t\t\tdata-wp-class--has-value='state.hasFieldValue'\n\n\t\t\t\t\tclass='name  grunion-field' \n\t\t\t\t\trequired='true' aria-required='true'  \/>\n \n\t\t\t<div id=\"g2613-namn-text-error\" class=\"contact-form__input-error\" data-wp-class--has-errors=\"state.fieldHasErrors\">\n\t\t\t\t<span class=\"contact-form__warning-icon\" aria-hidden=\"true\">\n\t\t\t\t\t<svg width=\"16\" height=\"16\" viewBox=\"0 0 16 16\" fill=\"none\" xmlns=\"http:\/\/www.w3.org\/2000\/svg\">\n\t\t\t\t\t\t<path d=\"M8.50015 11.6402H7.50015V10.6402H8.50015V11.6402Z\" \/>\n\t\t\t\t\t\t<path d=\"M7.50015 9.64018H8.50015V6.30684H7.50015V9.64018Z\" \/>\n\t\t\t\t\t\t<path fill-rule=\"evenodd\" clip-rule=\"evenodd\" d=\"M6.98331 3.0947C7.42933 2.30177 8.57096 2.30177 9.01698 3.09469L13.8771 11.7349C14.3145 12.5126 13.7525 13.4735 12.8602 13.4735H3.14004C2.24774 13.4735 1.68575 12.5126 2.12321 11.7349L6.98331 3.0947ZM8.14541 3.58496C8.08169 3.47168 7.9186 3.47168 7.85488 3.58496L2.99478 12.2251C2.93229 12.3362 3.01257 12.4735 3.14004 12.4735H12.8602C12.9877 12.4735 13.068 12.3362 13.0055 12.2251L8.14541 3.58496Z\" \/>\n\t\t\t\t\t<\/svg>\n\t\t\t\t<\/span>\n\t\t\t\t<span data-wp-text=\"state.errorMessage\" id=\"g2613-namn-text-error-message\"><\/span>\n\t\t\t<\/div> \n\t<\/div>\n\n<div style=\"\"  data-wp-interactive=\"jetpack\/form\" data-wp-context='{\"fieldId\":\"g2613-epost\",\"fieldType\":\"email\",\"fieldLabel\":\"E-post\",\"fieldValue\":\"\",\"fieldPlaceholder\":\"\",\"fieldIsRequired\":\"1\",\"fieldErrorMessage\":\"\",\"fieldExtra\":[],\"formHash\":\"6684d1ec265c912df1e23d5fc1dfd4b3a6ae7ded\"}'  class='grunion-field-email-wrap grunion-field-wrap'  data-wp-init='callbacks.initializeField' data-wp-on--jetpack-form-reset='callbacks.initializeField' >\n<label\n\t\t\t\tfor='g2613-epost' class=\"grunion-field-label email\" >E-post<span class=\"grunion-label-required\" aria-hidden=\"true\">(obligatoriskt)<\/span><\/label>\n<input\n\t\t\t\t\ttype='email'\n\t\t\t\t\tname='g2613-epost'\n\t\t\t\t\tid='g2613-epost'\n\t\t\t\t\tvalue=''\n\n\t\t\t\t\tdata-wp-bind--aria-invalid='state.fieldAriaInvalid'\n\t\t\t\t\tdata-wp-bind--value='state.getFieldValue'\n\t\t\t\t\taria-describedby='g2613-epost-email-error-message'\n\t\t\t\t\tdata-wp-on--input='actions.onFieldChange'\n\t\t\t\t\tdata-wp-on--blur='actions.onFieldBlur'\n\t\t\t\t\tdata-wp-class--has-value='state.hasFieldValue'\n\n\t\t\t\t\tclass='email  grunion-field' \n\t\t\t\t\trequired='true' aria-required='true'  \/>\n \n\t\t\t<div id=\"g2613-epost-email-error\" class=\"contact-form__input-error\" data-wp-class--has-errors=\"state.fieldHasErrors\">\n\t\t\t\t<span class=\"contact-form__warning-icon\" aria-hidden=\"true\">\n\t\t\t\t\t<svg width=\"16\" height=\"16\" viewBox=\"0 0 16 16\" fill=\"none\" xmlns=\"http:\/\/www.w3.org\/2000\/svg\">\n\t\t\t\t\t\t<path d=\"M8.50015 11.6402H7.50015V10.6402H8.50015V11.6402Z\" \/>\n\t\t\t\t\t\t<path d=\"M7.50015 9.64018H8.50015V6.30684H7.50015V9.64018Z\" \/>\n\t\t\t\t\t\t<path fill-rule=\"evenodd\" clip-rule=\"evenodd\" d=\"M6.98331 3.0947C7.42933 2.30177 8.57096 2.30177 9.01698 3.09469L13.8771 11.7349C14.3145 12.5126 13.7525 13.4735 12.8602 13.4735H3.14004C2.24774 13.4735 1.68575 12.5126 2.12321 11.7349L6.98331 3.0947ZM8.14541 3.58496C8.08169 3.47168 7.9186 3.47168 7.85488 3.58496L2.99478 12.2251C2.93229 12.3362 3.01257 12.4735 3.14004 12.4735H12.8602C12.9877 12.4735 13.068 12.3362 13.0055 12.2251L8.14541 3.58496Z\" \/>\n\t\t\t\t\t<\/svg>\n\t\t\t\t<\/span>\n\t\t\t\t<span data-wp-text=\"state.errorMessage\" id=\"g2613-epost-email-error-message\"><\/span>\n\t\t\t<\/div> \n\t<\/div>\n\n<div style=\"\"  data-wp-interactive=\"jetpack\/form\" data-wp-context='{\"fieldId\":\"g2613-webbplats\",\"fieldType\":\"url\",\"fieldLabel\":\"Webbplats\",\"fieldValue\":\"\",\"fieldPlaceholder\":\"\",\"fieldIsRequired\":\"\",\"fieldErrorMessage\":\"\",\"fieldExtra\":[],\"formHash\":\"6684d1ec265c912df1e23d5fc1dfd4b3a6ae7ded\"}'  class='grunion-field-url-wrap grunion-field-wrap'  data-wp-init='callbacks.initializeField' data-wp-on--jetpack-form-reset='callbacks.initializeField' >\n<label\n\t\t\t\tfor='g2613-webbplats' class=\"grunion-field-label url\" >Webbplats<\/label>\n<input\n\t\t\t\t\ttype='text'\n\t\t\t\t\tname='g2613-webbplats'\n\t\t\t\t\tid='g2613-webbplats'\n\t\t\t\t\tvalue=''\n\n\t\t\t\t\tdata-wp-bind--aria-invalid='state.fieldAriaInvalid'\n\t\t\t\t\tdata-wp-bind--value='state.getFieldValue'\n\t\t\t\t\taria-describedby='g2613-webbplats-text-error-message'\n\t\t\t\t\tdata-wp-on--input='actions.onFieldChange'\n\t\t\t\t\tdata-wp-on--blur='actions.onFieldBlur'\n\t\t\t\t\tdata-wp-class--has-value='state.hasFieldValue'\n\n\t\t\t\t\tclass='url  grunion-field' \n\t\t\t\t\t \/>\n \n\t\t\t<div id=\"g2613-webbplats-text-error\" class=\"contact-form__input-error\" data-wp-class--has-errors=\"state.fieldHasErrors\">\n\t\t\t\t<span class=\"contact-form__warning-icon\" aria-hidden=\"true\">\n\t\t\t\t\t<svg width=\"16\" height=\"16\" viewBox=\"0 0 16 16\" fill=\"none\" xmlns=\"http:\/\/www.w3.org\/2000\/svg\">\n\t\t\t\t\t\t<path d=\"M8.50015 11.6402H7.50015V10.6402H8.50015V11.6402Z\" \/>\n\t\t\t\t\t\t<path d=\"M7.50015 9.64018H8.50015V6.30684H7.50015V9.64018Z\" \/>\n\t\t\t\t\t\t<path fill-rule=\"evenodd\" clip-rule=\"evenodd\" d=\"M6.98331 3.0947C7.42933 2.30177 8.57096 2.30177 9.01698 3.09469L13.8771 11.7349C14.3145 12.5126 13.7525 13.4735 12.8602 13.4735H3.14004C2.24774 13.4735 1.68575 12.5126 2.12321 11.7349L6.98331 3.0947ZM8.14541 3.58496C8.08169 3.47168 7.9186 3.47168 7.85488 3.58496L2.99478 12.2251C2.93229 12.3362 3.01257 12.4735 3.14004 12.4735H12.8602C12.9877 12.4735 13.068 12.3362 13.0055 12.2251L8.14541 3.58496Z\" \/>\n\t\t\t\t\t<\/svg>\n\t\t\t\t<\/span>\n\t\t\t\t<span data-wp-text=\"state.errorMessage\" id=\"g2613-webbplats-text-error-message\"><\/span>\n\t\t\t<\/div> \n\t<\/div>\n\n<div style=\"\"  data-wp-interactive=\"jetpack\/form\" data-wp-context='{\"fieldId\":\"g2613-meddelande\",\"fieldType\":\"textarea\",\"fieldLabel\":\"Meddelande\",\"fieldValue\":\"\",\"fieldPlaceholder\":\"\",\"fieldIsRequired\":\"\",\"fieldErrorMessage\":\"\",\"fieldExtra\":[],\"formHash\":\"6684d1ec265c912df1e23d5fc1dfd4b3a6ae7ded\"}'  class='grunion-field-textarea-wrap grunion-field-wrap'  data-wp-init='callbacks.initializeField' data-wp-on--jetpack-form-reset='callbacks.initializeField' >\n<label\n\t\t\t\tfor='contact-form-comment-g2613-meddelande' class=\"grunion-field-label textarea\" >Meddelande<\/label>\n<textarea\n\t\t                style=''\n\t\t                name='g2613-meddelande'\n\t\t                id='contact-form-comment-g2613-meddelande'\n\t\t                rows='20'\n\t\t\t\t\t\tdata-wp-text='state.getFieldValue'\n\t\t\t\t\t\tdata-wp-on--input='actions.onFieldChange'\n\t\t\t\t\t\tdata-wp-on--blur='actions.onFieldBlur'\n\t\t\t\t\t\tdata-wp-class--has-value='state.hasFieldValue'\n\t\t\t\t\t\taria-describedby='g2613-meddelande-textarea-error-message'\n\t\t\t\t\t\tdata-wp-bind--aria-invalid='state.fieldAriaInvalid'\n\t\t\t\t\t\tclass='textarea  grunion-field'  ><\/textarea>\n \n\t\t\t<div id=\"g2613-meddelande-textarea-error\" class=\"contact-form__input-error\" data-wp-class--has-errors=\"state.fieldHasErrors\">\n\t\t\t\t<span class=\"contact-form__warning-icon\" aria-hidden=\"true\">\n\t\t\t\t\t<svg width=\"16\" height=\"16\" viewBox=\"0 0 16 16\" fill=\"none\" xmlns=\"http:\/\/www.w3.org\/2000\/svg\">\n\t\t\t\t\t\t<path d=\"M8.50015 11.6402H7.50015V10.6402H8.50015V11.6402Z\" \/>\n\t\t\t\t\t\t<path d=\"M7.50015 9.64018H8.50015V6.30684H7.50015V9.64018Z\" \/>\n\t\t\t\t\t\t<path fill-rule=\"evenodd\" clip-rule=\"evenodd\" d=\"M6.98331 3.0947C7.42933 2.30177 8.57096 2.30177 9.01698 3.09469L13.8771 11.7349C14.3145 12.5126 13.7525 13.4735 12.8602 13.4735H3.14004C2.24774 13.4735 1.68575 12.5126 2.12321 11.7349L6.98331 3.0947ZM8.14541 3.58496C8.08169 3.47168 7.9186 3.47168 7.85488 3.58496L2.99478 12.2251C2.93229 12.3362 3.01257 12.4735 3.14004 12.4735H12.8602C12.9877 12.4735 13.068 12.3362 13.0055 12.2251L8.14541 3.58496Z\" \/>\n\t\t\t\t\t<\/svg>\n\t\t\t\t<\/span>\n\t\t\t\t<span data-wp-text=\"state.errorMessage\" id=\"g2613-meddelande-textarea-error-message\"><\/span>\n\t\t\t<\/div>\n\t<\/div>\n\t<p class='contact-submit'>\n<div class=\"contact-form__error\" data-wp-class--show-errors=\"state.showFormErrors\"><span class=\"contact-form__warning-icon\" aria-hidden=\"true\"><i><\/i><\/span><span class=\"contact-form__error-message\" tabindex=\"-1\" data-wp-watch=\"callbacks.focusOnValidationError\" data-wp-text=\"state.getFormErrorMessage\"><\/span><ul aria-label=\"Formul\u00e4rfel\">\n\t\t\t\t<template data-wp-each=\"state.getErrorList\" data-wp-key=\"context.item.id\">\n\t\t\t\t\t<li><a data-wp-bind--href=\"context.item.anchor\" data-wp-on--click=\"actions.scrollIntoView\" data-wp-text=\"context.item.label\"><\/a><\/li>\n\t\t\t\t<\/template>\n\t\t\t\t<\/ul><\/div><div class=\"contact-form__error\" data-wp-class--show-errors=\"state.showSubmissionError\" data-wp-text=\"context.submissionError\" tabindex=\"-1\" data-wp-watch=\"callbacks.focusOnSubmissionError\"><\/div>\t\t<button type='submit' class='pushbutton-wide'>Skicka<\/button>\t\t<input type='hidden' name='contact-form-id' value='2613' \/>\n\t\t<input type='hidden' name='action' value='grunion-contact-form' \/>\n\t\t<input type='hidden' name='contact-form-hash' value='6684d1ec265c912df1e23d5fc1dfd4b3a6ae7ded' \/>\n\t<\/p>\n<\/form>\n<\/div>\n","protected":false},"excerpt":{"rendered":"<p><strong>\u00c4r du lite nyfiken p\u00e5 agila metoder men lite os\u00e4ker p\u00e5 vad det \u00e4r och om det passar din organisation? D\u00e5 \u00e4r denna utbildning i Projektledning med Agila metoder (Scrum, Kanban, Lean) helt r\u00e4tt f\u00f6r dig!<\/strong><\/p>\n<p>Den h\u00e4r kursen ger dig smakprov p\u00e5 flera olika agila metoder. Du l\u00e4r dig att kombinera dessa med traditionell projektmetodik och ges m\u00f6jlighet att plocka ut de delar som passar dig och ditt projekt allra b\u00e4st.<\/p>\n","protected":false},"featured_media":3737,"comment_status":"open","ping_status":"closed","template":"","meta":{"wds_primary_product_brand":0,"wds_primary_product_cat":0},"product_brand":[],"product_cat":[33,51,28],"product_tag":[],"class_list":{"0":"post-2613","1":"product","2":"type-product","3":"status-publish","4":"has-post-thumbnail","6":"product_cat-agila-metoder","7":"product_cat-projektledning","8":"product_cat-teamship","10":"first","11":"instock","12":"taxable","13":"shipping-taxable","14":"purchasable","15":"product-type-simple"},"jetpack_sharing_enabled":true,"_links":{"self":[{"href":"https:\/\/republify.se\/index.php\/wp-json\/wp\/v2\/product\/2613","targetHints":{"allow":["GET"]}}],"collection":[{"href":"https:\/\/republify.se\/index.php\/wp-json\/wp\/v2\/product"}],"about":[{"href":"https:\/\/republify.se\/index.php\/wp-json\/wp\/v2\/types\/product"}],"replies":[{"embeddable":true,"href":"https:\/\/republify.se\/index.php\/wp-json\/wp\/v2\/comments?post=2613"}],"wp:featuredmedia":[{"embeddable":true,"href":"https:\/\/republify.se\/index.php\/wp-json\/wp\/v2\/media\/3737"}],"wp:attachment":[{"href":"https:\/\/republify.se\/index.php\/wp-json\/wp\/v2\/media?parent=2613"}],"wp:term":[{"taxonomy":"product_brand","embeddable":true,"href":"https:\/\/republify.se\/index.php\/wp-json\/wp\/v2\/product_brand?post=2613"},{"taxonomy":"product_cat","embeddable":true,"href":"https:\/\/republify.se\/index.php\/wp-json\/wp\/v2\/product_cat?post=2613"},{"taxonomy":"product_tag","embeddable":true,"href":"https:\/\/republify.se\/index.php\/wp-json\/wp\/v2\/product_tag?post=2613"}],"curies":[{"name":"wp","href":"https:\/\/api.w.org\/{rel}","templated":true}]}}