{"id":2611,"date":"2022-03-11T15:01:27","date_gmt":"2022-03-11T14:01:27","guid":{"rendered":"https:\/\/republify.se\/?post_type=product&#038;p=2611"},"modified":"2025-11-21T09:09:07","modified_gmt":"2025-11-21T08:09:07","slug":"praktiskt-testhantering","status":"publish","type":"product","link":"https:\/\/republify.se\/index.php\/produkt\/praktiskt-testhantering\/","title":{"rendered":"Praktiskt Testhantering"},"content":{"rendered":"<p><strong>M\u00e5nga f\u00f6retag och organisationer implementerar nya IT-system som aldrig f\u00f6rr. M\u00e5nga av IT-systemen som man tar fram i projekt eller i f\u00f6rvaltning \u00e4r icke anv\u00e4ndbart. Utvecklings- och testarbetet ska g\u00e5 fort. Att testa en funktion som har utvecklats enligt kraven p\u00e5 ett kontrollerat och strukturerat s\u00e4tt \u00e4r viktigt.<\/strong><\/p>\n<p>Vad \u00e4r ditt ansvar och arbetsuppgifter som testare?\u202fVad ska du t\u00e4nka p\u00e5 n\u00e4r du testar f\u00f6r att lyckas med ditt testarbete? Vilka artefakter beh\u00f6ver du ta fram? Denna kurs l\u00e4r dig viktiga aspekter du ska t\u00e4nka p\u00e5 f\u00f6r att kunna sk\u00f6ta din yrkesroll p\u00e5 ett proffsigt s\u00e4tt.\u00a0 Du kommer att l\u00e4ra dig olika metoder f\u00f6r att veta hur du ska t\u00e4nka n\u00e4r du ska testa. Du l\u00e4r dig ocks\u00e5 hur du kommer ig\u00e5ng tidigt och skriver testfall och testar.<\/p>\n<p><strong>M\u00e5lgrupp<\/strong><\/p>\n<p>F\u00f6r dig som vill f\u00f6rb\u00e4ttra dina tekniker inom testhantering eller p\u00e5b\u00f6rja en liknande roll<\/p>\n<p><strong>Bakgrund<\/strong><\/p>\n<p>M\u00e5nga f\u00f6retag och organisationer implementerar nya IT-system som aldrig f\u00f6rr. M\u00e5nga av IT-systemen som man tar fram i projekt eller i f\u00f6rvaltning \u00e4r icke anv\u00e4ndbart. Utvecklings- och testarbetet ska g\u00e5 fort. Att testa en funktion som har utvecklats enligt kraven p\u00e5 ett kontrollerat och strukturerat s\u00e4tt \u00e4r viktigt.<\/p>\n<p>Vad \u00e4r ditt ansvar och arbetsuppgifter som testare?\u202fVad ska du t\u00e4nka p\u00e5 n\u00e4r du testar f\u00f6r att lyckas med ditt testarbete? Vilka artefakter beh\u00f6ver du ta fram? Denna kurs l\u00e4r dig viktiga aspekter du ska t\u00e4nka p\u00e5 f\u00f6r att kunna sk\u00f6ta din yrkesroll p\u00e5 ett proffsigt s\u00e4tt.\u00a0 Du kommer att l\u00e4ra dig olika metoder f\u00f6r att veta hur du ska t\u00e4nka n\u00e4r du ska testa. Du l\u00e4r dig ocks\u00e5 hur du kommer ig\u00e5ng tidigt och skriver testfall och testar.<\/p>\n<p>Vi erbjuder dig en utbildning som l\u00e4gger fram viktiga kriterier du ska t\u00e4nka p\u00e5 f\u00f6r att lyckas med ett kvalitativt testarbete. Du kommer att anv\u00e4nda ett testverktyg f\u00f6r att testa samt kommunicera med andra roller som har behov av att veta om ditt testarbete genom praktiska \u00f6vningar.<\/p>\n<p><strong>Inneh\u00e5ll under dagarna:<\/strong><\/p>\n<ul>\n<li>Genomg\u00e5ng av testprocessen<\/li>\n<li>Genomg\u00e5ng av begrepp, roller och ansvar<\/li>\n<li>Genomg\u00e5ng av olika testtyper, testniv\u00e5er och tekniker<\/li>\n<li>Analysering av krav<\/li>\n<li>Ta fram testfall<\/li>\n<li>Prioritera testfall<\/li>\n<li>Modeller och metoder<\/li>\n<li>Olika tekniker f\u00f6r att skriva testfall och testa<\/li>\n<li>Genomf\u00f6ra tester i ett testverktyg<\/li>\n<\/ul>\n<p>&nbsp;<\/p>\n<p><strong>Utbildningens m\u00e5l:<\/strong><\/p>\n<p>Efter avslutad kurs har du<\/p>\n<ul>\n<li>l\u00e4rt dig att beskriva och exemplifiera testprocessens delar<\/li>\n<li>utvecklat kunskaper om, och f\u00e4rdigheter i, test<\/li>\n<li>f\u00e5tt k\u00e4nnedom om olika begrepp och roller och ansvarsomr\u00e5den inom test<\/li>\n<li>f\u00e5tt k\u00e4nnedom om olika testtyper<\/li>\n<li>l\u00e4rt dig att anv\u00e4nda olika tekniker f\u00f6r att utforma testfall<\/li>\n<li>l\u00e4rt dig olika tekniker f\u00f6r att skriva f\u00f6r att testa<\/li>\n<li>l\u00e4rt dig att identifiera och prioritera testfall<\/li>\n<li>f\u00e5tt k\u00e4nnedom om olika modeller och metoder som anv\u00e4nds i testarbete<\/li>\n<li>testat i ett testverktyg<\/li>\n<\/ul>\n<p>&nbsp;<\/p>\n<h3>Kursen levereras i samarbete med<\/h3>\n<p><img decoding=\"async\" class=\"alignnone size-medium wp-image-1242 lazyload\" data-src=\"https:\/\/republify.se\/wp-content\/uploads\/2022\/02\/DocebIT_Logo-300x96.jpg\" alt=\"\" width=\"300\" height=\"96\" data-srcset=\"https:\/\/republify.se\/wp-content\/uploads\/2022\/02\/DocebIT_Logo-300x96.jpg 300w, https:\/\/republify.se\/wp-content\/uploads\/2022\/02\/DocebIT_Logo-scaled-600x191.jpg 600w, https:\/\/republify.se\/wp-content\/uploads\/2022\/02\/DocebIT_Logo-1024x327.jpg 1024w, https:\/\/republify.se\/wp-content\/uploads\/2022\/02\/DocebIT_Logo-768x245.jpg 768w, https:\/\/republify.se\/wp-content\/uploads\/2022\/02\/DocebIT_Logo-1536x490.jpg 1536w, https:\/\/republify.se\/wp-content\/uploads\/2022\/02\/DocebIT_Logo-2048x654.jpg 2048w\" data-sizes=\"(max-width: 300px) 100vw, 300px\" src=\"data:image\/svg+xml;base64,PHN2ZyB3aWR0aD0iMSIgaGVpZ2h0PSIxIiB4bWxucz0iaHR0cDovL3d3dy53My5vcmcvMjAwMC9zdmciPjwvc3ZnPg==\" style=\"--smush-placeholder-width: 300px; --smush-placeholder-aspect-ratio: 300\/96;\" \/><\/p>\n<h2>Kontakta oss om denna kurs<\/h2>\n<div data-test='contact-form'\n\t\t\tid='contact-form-2611'\n\t\t\tclass='jetpack-contact-form-container '\n\t\t\tdata-wp-interactive='jetpack\/form' data-wp-context='{\"formId\":\"2611\",\"formHash\":\"4ac8ac9e57f0ae5808ea122c8c760f7dd76341d5\",\"showErrors\":false,\"errors\":[],\"fields\":[],\"isMultiStep\":false,\"useAjax\":true,\"submissionData\":null,\"formattedSubmissionData\":[],\"submissionSuccess\":false,\"submissionError\":null,\"elementId\":\"jp-form-4ac8ac9e57f0ae5808ea122c8c760f7dd76341d5\",\"isSingleInputForm\":false,\"isForcedHorizontal\":false}'\n\t\t\tdata-wp-watch--scroll-to-wrapper=\"callbacks.scrollToWrapper\"\n\t\t>\n<div class=\"contact-form-submission contact-form-ajax-submission\" data-wp-bind--aria-hidden=\"state.isSuccessMessageAriaHidden\" data-wp-class--submission-success=\"context.submissionSuccess\" id=\"contact-form-success-4ac8ac9e57f0ae5808ea122c8c760f7dd76341d5\" tabindex=\"-1\" aria-labelledby=\"contact-form-success-header-4ac8ac9e57f0ae5808ea122c8c760f7dd76341d5\"><p class=\"go-back-message\"><a class=\"link\" role=\"button\" tabindex=\"0\" data-wp-on--click=\"actions.goBack\" href=\"\/index.php\/wp-json\/wp\/v2\/product\/2611\">\u2190 Tillbaka<\/a><\/p><h4 data-wp-bind--aria-hidden=\"state.isSuccessMessageAriaHidden\" id=\"contact-form-success-header-4ac8ac9e57f0ae5808ea122c8c760f7dd76341d5\">Tack f\u00f6r din respons. \u2728<\/h4>\n\n<template data-wp-each--submission=\"context.formattedSubmissionData\">\n\t\t\t\t\t<div class=\"jetpack_forms_contact-form-success-summary\">\n\t\t\t\t\t\t<div class=\"field-name-wrapper\">\n\t\t\t\t\t\t\t<div class=\"field-type-icon\" data-wp-watch=\"callbacks.watchFieldTypeIcon\"><\/div>\n\t\t\t\t\t\t\t<div class=\"field-name\" data-wp-text=\"context.submission.label\" data-wp-bind--hidden=\"!context.submission.label\"><\/div>\n\t\t\t\t\t\t<\/div>\n\t\t\t\t\t\t<div class=\"field-value\" data-wp-text=\"context.submission.value\" data-wp-bind--hidden=\"!context.submission.showPlainValue\"><\/div>\n\t\t\t\t\t\t<a class=\"field-url\" data-wp-bind--href=\"context.submission.url\" data-wp-text=\"context.submission.value\" data-wp-bind--hidden=\"!context.submission.url\" target=\"_blank\" rel=\"noopener noreferrer\"><\/a>\n\t\t\t\t\t\t<div class=\"field-rating\" data-wp-bind--hidden=\"!context.submission.rating\" data-wp-watch=\"callbacks.watchRatingIcons\"><\/div>\n\t\t\t\t\t\t<div class=\"field-images\" data-wp-bind--hidden=\"!context.submission.images\">\n\t\t\t\t\t\t\t<template data-wp-each--image=\"context.submission.images\">\n\t\t\t\t\t\t\t\t<div class=\"field-image-option\" data-wp-class--is-empty=\"!context.image.src\">\n\t\t\t\t\t\t\t\t\t<figure class=\"field-image-option__image\" data-wp-class--is-empty=\"!context.image.src\">\n\t\t\t\t\t\t\t\t\t\t<img data-wp-bind--src=\"context.image.src\" data-wp-bind--hidden=\"!context.image.src\" \/>\n\t\t\t\t\t\t\t\t\t\t<img decoding=\"async\" src=\"data:image\/gif;base64,R0lGODlhAQABAAD\/ACwAAAAAAQABAAACADs=\" data-wp-bind--hidden=\"context.image.src\" \/>\n\t\t\t\t\t\t\t\t\t<\/figure>\n\t\t\t\t\t\t\t\t\t<div class=\"field-image-option__label-wrapper\">\n\t\t\t\t\t\t\t\t\t\t<span class=\"field-image-option__label-code\" data-wp-text=\"context.image.letterCode\"><\/span>\n\t\t\t\t\t\t\t\t\t\t<span class=\"field-image-option__label\" data-wp-text=\"context.image.label\" data-wp-bind--hidden=\"!context.image.label\"><\/span>\n\t\t\t\t\t\t\t\t\t<\/div>\n\t\t\t\t\t\t\t\t<\/div>\n\t\t\t\t\t\t\t<\/template>\n\t\t\t\t\t\t<\/div>\n\t\t\t\t\t\t<div class=\"field-files\" data-wp-bind--hidden=\"!context.submission.files\">\n\t\t\t\t\t\t\t<template data-wp-each--file=\"context.submission.files\">\n\t\t\t\t\t\t\t\t<div class=\"field-file\">\n\t\t\t\t\t\t\t\t\t<div class=\"field-file__thumbnail\" data-wp-style--background-image=\"context.file.previewUrl\" data-wp-style--mask-image=\"context.file.iconUrl\" data-wp-bind--hidden=\"!context.file.hasPreview\"><\/div>\n\t\t\t\t\t\t\t\t\t<svg class=\"field-file__icon\" data-wp-bind--hidden=\"context.file.hasPreview\" width=\"20\" height=\"20\" viewBox=\"0 0 24 24\" fill=\"none\" xmlns=\"http:\/\/www.w3.org\/2000\/svg\" aria-hidden=\"true\">\n\t\t\t\t\t\t\t\t\t\t<path d=\"M14 2H6C4.9 2 4 2.9 4 4V20C4 21.1 4.89 22 5.99 22H18C19.1 22 20 21.1 20 20V8L14 2ZM18 20H6V4H13V9H18V20Z\" fill=\"currentColor\"\/>\n\t\t\t\t\t\t\t\t\t<\/svg>\n\t\t\t\t\t\t\t\t\t<span class=\"field-file__name\" data-wp-text=\"context.file.name\"><\/span>\n\t\t\t\t\t\t\t\t\t<span class=\"field-file__size\" data-wp-text=\"context.file.size\"><\/span>\n\t\t\t\t\t\t\t\t<\/div>\n\t\t\t\t\t\t\t<\/template>\n\t\t\t\t\t\t<\/div>\n\t\t\t\t\t<\/div>\n\t\t\t\t<\/template><\/div><form action='https:\/\/republify.se\/index.php\/produkt\/praktiskt-testhantering\/'\n\t\t\t\tid='jp-form-4ac8ac9e57f0ae5808ea122c8c760f7dd76341d5'\n\t\t\t\tmethod='post'\n\t\t\t\tclass='contact-form commentsblock jetpack-contact-form__form has-no-jetpack-form-layout' aria-label=\"Praktiskt Testhantering\"\n\t\t\t\tdata-wp-on--submit=\"actions.onFormSubmit\"\n\t\t\t\tdata-wp-on--reset=\"actions.onFormReset\"\n\t\t\t\tdata-wp-class--submission-success=\"context.submissionSuccess\"\n\t\t\t\tdata-wp-class--is-first-step=\"state.isFirstStep\"\n\t\t\t\tdata-wp-class--is-last-step=\"state.isLastStep\"\n\t\t\t\tdata-wp-class--is-ajax-form=\"context.useAjax\"\n\t\t\t\tnovalidate >\n<input type='hidden' name='jetpack_contact_form_jwt' value='eyJ0eXAiOiJKV1QiLCJhbGciOiJIUzI1NiJ9.eyJlbmNyeXB0ZWRfYXR0cmlidXRlcyI6ImltZThoeUlPVTdVeUpNVy9XMElvOFE2ckIwaVFUbGpFdC8rekVhQ2ZXVTVrYXc4Y0NiTzV5K2Rna2ZtUW4vbmwyMFFBbGhMVmxOZ3Zody9KQ01iMDVCTHgrb2paV0RVMjF1OG96MmFHNlArRFpNOXZJWUpyREVxNW5kbE82SFNDbXZPbkYzWnRKOUU3UStWZTRnVkZoeEZXQzFiNkxsWWxRM3lGRmxHZnhROUp1MkxEV3ZHd0lZY1crdE1SSEUySzhOTjVEOGxuYmpCVWNXcXdSTWlEZitjM0NTVDBQbzNYY2gvckI5djUwSWFLNDMrNUYyU3VEd1pnOGc4TEpZU1Q2MU9rc2VnWE1MaTAzcFZqdk5QY2plWEVEYURGaXowbW5uZTRlR1RJdG05Zmt6bGRuOUJMb0lBN2tmeWxYWWVvN1ZXZ0RJT0VZd1N6Skw5NFVzaXJ2bkc4UllYNDVBWFJ1eEpWVkQxemozc2pBUEpuTWc0NlpBak1yTlZHd3o4L3pZbmh5cnNDeHZwNHFNYWVXVjFqN3JCb2VxWUFxSVBnTVBXMjdURHVUV3c4b2dtMFhDZ1U3ZGVJb3JUWjN6NDM1d3ptY1VYRjlWcWpYaGY2TEV5MDJxeWZ4dHZySlBhdjZKWlM5Q2tRQzJueHdLdVhPTFZ6STVvUnlid2JqUlZadjBLbkU1a2pnbmVjQVFpenBwOUs4aFMvVURSRDZUMnhhRlBtNmtqcEZkQUpKZnJwL0QyOGxNL09FcEFCY2ZNam82amRwdGFSNzY5UG9HUHFCZ0dmMlk3V0ZiR21vNkF3cWVhVjB4SXczV3g5bzBzTk9xVXpXNDB5djZKUkNjQ0RjRVY2RWIyazlRR09SR09TT0hTSGlQOU9JbHVCT1U3aWh3b1JRaXJNcVF5MktOUWs2NUxSOS9JTllOTXRWbkRteHJnRGZFUEw0NXhuSEFUc2ZVWXlvNEZWV21rMGpoay9tU1ArVkQ4V0ZkWUczVm1VNU5VanRzZk1wMW9zSG5COFlGNkhIV1hRV2t1eGE0TEJjamYycnkyZnhLVmZ4MDF4NFJNVDJicmRjc2ZTZUVNRlZFRzZNYUZLbXhwTlRYeEE3KzAvVjFhckdDaGVMdlhTdkRpd2VsaTQwTit0Z2dHSTJwVk1UZ244YjU3R2tNeWRaamZHbk9LdXdQdXg5UGczOTZFc2xEbUJpOFcrUHpnOXo2T1l0bDcvVmphclNnPT0iLCJjb250ZW50IjoiW2NvbnRhY3QtZmllbGQgbGFiZWw9XCJOYW1uXCIgdHlwZT1cIm5hbWVcIiByZXF1aXJlZD1cIjFcIl1bY29udGFjdC1maWVsZCBsYWJlbD1cIkUtcG9zdFwiIHR5cGU9XCJlbWFpbFwiIHJlcXVpcmVkPVwiMVwiXVtjb250YWN0LWZpZWxkIGxhYmVsPVwiTWVkZGVsYW5kZVwiIHR5cGU9XCJ0ZXh0YXJlYVwiXSIsImhhc2giOiI0YWM4YWM5ZTU3ZjBhZTU4MDhlYTEyMmM4Yzc2MGY3ZGQ3NjM0MWQ1Iiwic291cmNlIjp7ImVudHJ5X3RpdGxlIjoiUHJha3Rpc2t0IFRlc3RoYW50ZXJpbmciLCJlbnRyeV9wYWdlIjoxLCJzb3VyY2VfaWQiOjI2MTEsInNvdXJjZV90eXBlIjoic2luZ2xlIiwicmVxdWVzdF91cmwiOiJodHRwczovL3JlcHVibGlmeS5zZS93cC1qc29uL3dwL3YyL3Byb2R1Y3QvMjYxMSJ9LCJ2ZXJzaW9uIjoyLCJjaXBoZXIiOiJhZXMtMjU2LWdjbSJ9.yQe3JxPDj_r4pq-XmBwVMIzgcZL3RrMrURg8LwDLCs0' \/>\n\n<div style=\"\"  data-wp-interactive=\"jetpack\/form\" data-wp-context='{\"fieldId\":\"g2611-namn\",\"fieldType\":\"name\",\"fieldLabel\":\"Namn\",\"fieldValue\":\"\",\"fieldPlaceholder\":\"\",\"fieldIsRequired\":\"1\",\"fieldErrorMessage\":\"\",\"fieldExtra\":[],\"formHash\":\"4ac8ac9e57f0ae5808ea122c8c760f7dd76341d5\"}'  class='grunion-field-name-wrap grunion-field-wrap'  data-wp-init='callbacks.initializeField' data-wp-on--jetpack-form-reset='callbacks.initializeField' >\n<label\n\t\t\t\tfor='g2611-namn' class=\"grunion-field-label name\" >Namn<span class=\"grunion-label-required\" aria-hidden=\"true\">(obligatoriskt)<\/span><\/label>\n<input\n\t\t\t\t\ttype='text'\n\t\t\t\t\tname='g2611-namn'\n\t\t\t\t\tid='g2611-namn'\n\t\t\t\t\tvalue=''\n\n\t\t\t\t\tdata-wp-bind--aria-invalid='state.fieldAriaInvalid'\n\t\t\t\t\tdata-wp-bind--value='state.getFieldValue'\n\t\t\t\t\taria-describedby='g2611-namn-text-error-message'\n\t\t\t\t\tdata-wp-on--input='actions.onFieldChange'\n\t\t\t\t\tdata-wp-on--blur='actions.onFieldBlur'\n\t\t\t\t\tdata-wp-class--has-value='state.hasFieldValue'\n\n\t\t\t\t\tclass='name  grunion-field' \n\t\t\t\t\trequired='true' aria-required='true'  \/>\n \n\t\t\t<div id=\"g2611-namn-text-error\" class=\"contact-form__input-error\" data-wp-class--has-errors=\"state.fieldHasErrors\">\n\t\t\t\t<span class=\"contact-form__warning-icon\" aria-hidden=\"true\">\n\t\t\t\t\t<svg width=\"16\" height=\"16\" viewBox=\"0 0 16 16\" fill=\"none\" xmlns=\"http:\/\/www.w3.org\/2000\/svg\">\n\t\t\t\t\t\t<path d=\"M8.50015 11.6402H7.50015V10.6402H8.50015V11.6402Z\" \/>\n\t\t\t\t\t\t<path d=\"M7.50015 9.64018H8.50015V6.30684H7.50015V9.64018Z\" \/>\n\t\t\t\t\t\t<path fill-rule=\"evenodd\" clip-rule=\"evenodd\" d=\"M6.98331 3.0947C7.42933 2.30177 8.57096 2.30177 9.01698 3.09469L13.8771 11.7349C14.3145 12.5126 13.7525 13.4735 12.8602 13.4735H3.14004C2.24774 13.4735 1.68575 12.5126 2.12321 11.7349L6.98331 3.0947ZM8.14541 3.58496C8.08169 3.47168 7.9186 3.47168 7.85488 3.58496L2.99478 12.2251C2.93229 12.3362 3.01257 12.4735 3.14004 12.4735H12.8602C12.9877 12.4735 13.068 12.3362 13.0055 12.2251L8.14541 3.58496Z\" \/>\n\t\t\t\t\t<\/svg>\n\t\t\t\t<\/span>\n\t\t\t\t<span data-wp-text=\"state.errorMessage\" id=\"g2611-namn-text-error-message\"><\/span>\n\t\t\t<\/div> \n\t<\/div>\n\n<div style=\"\"  data-wp-interactive=\"jetpack\/form\" data-wp-context='{\"fieldId\":\"g2611-epost\",\"fieldType\":\"email\",\"fieldLabel\":\"E-post\",\"fieldValue\":\"\",\"fieldPlaceholder\":\"\",\"fieldIsRequired\":\"1\",\"fieldErrorMessage\":\"\",\"fieldExtra\":[],\"formHash\":\"4ac8ac9e57f0ae5808ea122c8c760f7dd76341d5\"}'  class='grunion-field-email-wrap grunion-field-wrap'  data-wp-init='callbacks.initializeField' data-wp-on--jetpack-form-reset='callbacks.initializeField' >\n<label\n\t\t\t\tfor='g2611-epost' class=\"grunion-field-label email\" >E-post<span class=\"grunion-label-required\" aria-hidden=\"true\">(obligatoriskt)<\/span><\/label>\n<input\n\t\t\t\t\ttype='email'\n\t\t\t\t\tname='g2611-epost'\n\t\t\t\t\tid='g2611-epost'\n\t\t\t\t\tvalue=''\n\n\t\t\t\t\tdata-wp-bind--aria-invalid='state.fieldAriaInvalid'\n\t\t\t\t\tdata-wp-bind--value='state.getFieldValue'\n\t\t\t\t\taria-describedby='g2611-epost-email-error-message'\n\t\t\t\t\tdata-wp-on--input='actions.onFieldChange'\n\t\t\t\t\tdata-wp-on--blur='actions.onFieldBlur'\n\t\t\t\t\tdata-wp-class--has-value='state.hasFieldValue'\n\n\t\t\t\t\tclass='email  grunion-field' \n\t\t\t\t\trequired='true' aria-required='true'  \/>\n \n\t\t\t<div id=\"g2611-epost-email-error\" class=\"contact-form__input-error\" data-wp-class--has-errors=\"state.fieldHasErrors\">\n\t\t\t\t<span class=\"contact-form__warning-icon\" aria-hidden=\"true\">\n\t\t\t\t\t<svg width=\"16\" height=\"16\" viewBox=\"0 0 16 16\" fill=\"none\" xmlns=\"http:\/\/www.w3.org\/2000\/svg\">\n\t\t\t\t\t\t<path d=\"M8.50015 11.6402H7.50015V10.6402H8.50015V11.6402Z\" \/>\n\t\t\t\t\t\t<path d=\"M7.50015 9.64018H8.50015V6.30684H7.50015V9.64018Z\" \/>\n\t\t\t\t\t\t<path fill-rule=\"evenodd\" clip-rule=\"evenodd\" d=\"M6.98331 3.0947C7.42933 2.30177 8.57096 2.30177 9.01698 3.09469L13.8771 11.7349C14.3145 12.5126 13.7525 13.4735 12.8602 13.4735H3.14004C2.24774 13.4735 1.68575 12.5126 2.12321 11.7349L6.98331 3.0947ZM8.14541 3.58496C8.08169 3.47168 7.9186 3.47168 7.85488 3.58496L2.99478 12.2251C2.93229 12.3362 3.01257 12.4735 3.14004 12.4735H12.8602C12.9877 12.4735 13.068 12.3362 13.0055 12.2251L8.14541 3.58496Z\" \/>\n\t\t\t\t\t<\/svg>\n\t\t\t\t<\/span>\n\t\t\t\t<span data-wp-text=\"state.errorMessage\" id=\"g2611-epost-email-error-message\"><\/span>\n\t\t\t<\/div> \n\t<\/div>\n\n<div style=\"\"  data-wp-interactive=\"jetpack\/form\" data-wp-context='{\"fieldId\":\"g2611-meddelande\",\"fieldType\":\"textarea\",\"fieldLabel\":\"Meddelande\",\"fieldValue\":\"\",\"fieldPlaceholder\":\"\",\"fieldIsRequired\":\"\",\"fieldErrorMessage\":\"\",\"fieldExtra\":[],\"formHash\":\"4ac8ac9e57f0ae5808ea122c8c760f7dd76341d5\"}'  class='grunion-field-textarea-wrap grunion-field-wrap'  data-wp-init='callbacks.initializeField' data-wp-on--jetpack-form-reset='callbacks.initializeField' >\n<label\n\t\t\t\tfor='contact-form-comment-g2611-meddelande' class=\"grunion-field-label textarea\" >Meddelande<\/label>\n<textarea\n\t\t                style=''\n\t\t                name='g2611-meddelande'\n\t\t                id='contact-form-comment-g2611-meddelande'\n\t\t                rows='20'\n\t\t\t\t\t\tdata-wp-text='state.getFieldValue'\n\t\t\t\t\t\tdata-wp-on--input='actions.onFieldChange'\n\t\t\t\t\t\tdata-wp-on--blur='actions.onFieldBlur'\n\t\t\t\t\t\tdata-wp-class--has-value='state.hasFieldValue'\n\t\t\t\t\t\taria-describedby='g2611-meddelande-textarea-error-message'\n\t\t\t\t\t\tdata-wp-bind--aria-invalid='state.fieldAriaInvalid'\n\t\t\t\t\t\tclass='textarea  grunion-field'  ><\/textarea>\n \n\t\t\t<div id=\"g2611-meddelande-textarea-error\" class=\"contact-form__input-error\" data-wp-class--has-errors=\"state.fieldHasErrors\">\n\t\t\t\t<span class=\"contact-form__warning-icon\" aria-hidden=\"true\">\n\t\t\t\t\t<svg width=\"16\" height=\"16\" viewBox=\"0 0 16 16\" fill=\"none\" xmlns=\"http:\/\/www.w3.org\/2000\/svg\">\n\t\t\t\t\t\t<path d=\"M8.50015 11.6402H7.50015V10.6402H8.50015V11.6402Z\" \/>\n\t\t\t\t\t\t<path d=\"M7.50015 9.64018H8.50015V6.30684H7.50015V9.64018Z\" \/>\n\t\t\t\t\t\t<path fill-rule=\"evenodd\" clip-rule=\"evenodd\" d=\"M6.98331 3.0947C7.42933 2.30177 8.57096 2.30177 9.01698 3.09469L13.8771 11.7349C14.3145 12.5126 13.7525 13.4735 12.8602 13.4735H3.14004C2.24774 13.4735 1.68575 12.5126 2.12321 11.7349L6.98331 3.0947ZM8.14541 3.58496C8.08169 3.47168 7.9186 3.47168 7.85488 3.58496L2.99478 12.2251C2.93229 12.3362 3.01257 12.4735 3.14004 12.4735H12.8602C12.9877 12.4735 13.068 12.3362 13.0055 12.2251L8.14541 3.58496Z\" \/>\n\t\t\t\t\t<\/svg>\n\t\t\t\t<\/span>\n\t\t\t\t<span data-wp-text=\"state.errorMessage\" id=\"g2611-meddelande-textarea-error-message\"><\/span>\n\t\t\t<\/div>\n\t<\/div>\n\t<p class='contact-submit'>\n<div class=\"contact-form__error\" data-wp-class--show-errors=\"state.showFormErrors\"><span class=\"contact-form__warning-icon\" aria-hidden=\"true\"><i><\/i><\/span><span class=\"contact-form__error-message\" tabindex=\"-1\" data-wp-watch=\"callbacks.focusOnValidationError\" data-wp-text=\"state.getFormErrorMessage\"><\/span><ul aria-label=\"Formul\u00e4rfel\">\n\t\t\t\t<template data-wp-each=\"state.getErrorList\" data-wp-key=\"context.item.id\">\n\t\t\t\t\t<li><a data-wp-bind--href=\"context.item.anchor\" data-wp-on--click=\"actions.scrollIntoView\" data-wp-text=\"context.item.label\"><\/a><\/li>\n\t\t\t\t<\/template>\n\t\t\t\t<\/ul><\/div><div class=\"contact-form__error\" data-wp-class--show-errors=\"state.showSubmissionError\" data-wp-text=\"context.submissionError\" tabindex=\"-1\" data-wp-watch=\"callbacks.focusOnSubmissionError\"><\/div>\t\t<button type='submit' class='pushbutton-wide'>Skicka<\/button>\t\t<input type='hidden' name='contact-form-id' value='2611' \/>\n\t\t<input type='hidden' name='action' value='grunion-contact-form' \/>\n\t\t<input type='hidden' name='contact-form-hash' value='4ac8ac9e57f0ae5808ea122c8c760f7dd76341d5' \/>\n\t<\/p>\n<\/form>\n<\/div>\n<p>&nbsp;<\/p>\n","protected":false},"excerpt":{"rendered":"<p><strong>M\u00e5nga f\u00f6retag och organisationer implementerar nya IT-system som aldrig f\u00f6rr. M\u00e5nga av IT-systemen som man tar fram i projekt eller i f\u00f6rvaltning \u00e4r icke anv\u00e4ndbart. Utvecklings- och testarbetet ska g\u00e5 fort. Att testa en funktion som har utvecklats enligt kraven p\u00e5 ett kontrollerat och strukturerat s\u00e4tt \u00e4r viktigt.<\/strong><\/p>\n<p>Vad \u00e4r ditt ansvar och arbetsuppgifter som testare?\u202fVad ska du t\u00e4nka p\u00e5 n\u00e4r du testar f\u00f6r att lyckas med ditt testarbete? Vilka artefakter beh\u00f6ver du ta fram? Denna kurs l\u00e4r dig viktiga aspekter du ska t\u00e4nka p\u00e5 f\u00f6r att kunna sk\u00f6ta din yrkesroll p\u00e5 ett proffsigt s\u00e4tt.\u00a0 Du kommer att l\u00e4ra dig olika metoder f\u00f6r att veta hur du ska t\u00e4nka n\u00e4r du ska testa. Du l\u00e4r dig ocks\u00e5 hur du kommer ig\u00e5ng tidigt och skriver testfall och testar.<\/p>\n","protected":false},"featured_media":1254,"comment_status":"open","ping_status":"closed","template":"","meta":{"wds_primary_product_brand":0,"wds_primary_product_cat":0},"product_brand":[],"product_cat":[30,70],"product_tag":[],"class_list":{"0":"post-2611","1":"product","2":"type-product","3":"status-publish","4":"has-post-thumbnail","6":"product_cat-business","7":"product_cat-testledning","9":"first","10":"instock","11":"taxable","12":"shipping-taxable","13":"purchasable","14":"product-type-simple"},"jetpack_sharing_enabled":true,"_links":{"self":[{"href":"https:\/\/republify.se\/index.php\/wp-json\/wp\/v2\/product\/2611","targetHints":{"allow":["GET"]}}],"collection":[{"href":"https:\/\/republify.se\/index.php\/wp-json\/wp\/v2\/product"}],"about":[{"href":"https:\/\/republify.se\/index.php\/wp-json\/wp\/v2\/types\/product"}],"replies":[{"embeddable":true,"href":"https:\/\/republify.se\/index.php\/wp-json\/wp\/v2\/comments?post=2611"}],"wp:featuredmedia":[{"embeddable":true,"href":"https:\/\/republify.se\/index.php\/wp-json\/wp\/v2\/media\/1254"}],"wp:attachment":[{"href":"https:\/\/republify.se\/index.php\/wp-json\/wp\/v2\/media?parent=2611"}],"wp:term":[{"taxonomy":"product_brand","embeddable":true,"href":"https:\/\/republify.se\/index.php\/wp-json\/wp\/v2\/product_brand?post=2611"},{"taxonomy":"product_cat","embeddable":true,"href":"https:\/\/republify.se\/index.php\/wp-json\/wp\/v2\/product_cat?post=2611"},{"taxonomy":"product_tag","embeddable":true,"href":"https:\/\/republify.se\/index.php\/wp-json\/wp\/v2\/product_tag?post=2611"}],"curies":[{"name":"wp","href":"https:\/\/api.w.org\/{rel}","templated":true}]}}