{"id":2610,"date":"2022-03-11T14:48:39","date_gmt":"2022-03-11T13:48:39","guid":{"rendered":"https:\/\/republify.se\/?post_type=product&#038;p=2610"},"modified":"2025-11-21T09:09:23","modified_gmt":"2025-11-21T08:09:23","slug":"reagile-arbeta-med-krav-i-ett-agilt-team","status":"publish","type":"product","link":"https:\/\/republify.se\/index.php\/produkt\/reagile-arbeta-med-krav-i-ett-agilt-team\/","title":{"rendered":"RE@Agile &#8211; Arbeta med krav i ett agilt team"},"content":{"rendered":"<p>IREB, International Requirement Engineering Board \u00e4r en ideell organisation och leverant\u00f6r av certifieringssystemet CPRE (Certified Professional for Requirements Engineering). Organisationen best\u00e5r av ledande kravrepresentanter fr\u00e5n vetenskap, forskning, industri och erk\u00e4nda konsulter olika verksamheter.<\/p>\n<p>IREB skapades 2006 med visionen att skapa en internationellt accepterad och professionell grund f\u00f6r kravanalys och har sedan dess blivit en v\u00e4rldsber\u00f6md expertkompetens f\u00f6r individuell certifiering av yrkesverksamma inom mjukvarukrav<\/p>\n<p>P\u00e5 beg\u00e4ran har IREB tagit fram och lyckats med en \u201dny\u201d metodik d\u00e4r man kombinerar kravhantering och agilt arbetss\u00e4tt.<\/p>\n<p><strong>M\u00e5lgrupp<\/strong><br \/>\n&#8211; Kravanalytiker<br \/>\n&#8211; Kravinsamlare<br \/>\n&#8211; Verksamhets-analytiker<\/p>\n<p><strong>Kursm\u00e5l<\/strong><br \/>\n\uf096 utveckla f\u00f6rst\u00e5else f\u00f6r hur krav tas fram<br \/>\n\uf096 utveckla dina kunskaper i kravhanteringsprocessen, fr\u00e5n insamling till f\u00f6rvaltning<br \/>\n\uf096 f\u00e5 k\u00e4nnedom om viktiga artefakter inom Scrum<br \/>\n\uf096 utveckla dina kunskaper i Scrum som arbetsmetodik<br \/>\n\uf096 f\u00e5 k\u00e4nnedom om olika modeller och metoder som anv\u00e4nds f\u00f6r att leda kravarbete<br \/>\n\uf096 f\u00e5 k\u00e4nnedom falllgropar,<br \/>\n\uf096 f\u00f6rst\u00e5 agilt tankes\u00e4tt<br \/>\n\uf096 f\u00f6rbereda IREB\u00b4s Certifiering i RE@Agile Primer.<\/p>\n<p><strong>Inneh\u00e5ll krav (Dag 1):<\/strong><br \/>\nMotivation och tankes\u00e4tt<br \/>\n\uf096 Motivation f\u00f6r att anv\u00e4nda Agile<br \/>\n\uf096 V\u00e4rderingar och tankes\u00e4tt inom kravhantering och Agile<br \/>\n\uf096 Koppling mellan kravhanterings- och Agile-principer<br \/>\n\uf096 F\u00f6rdelar, missuppfattningar och fallgropar f\u00f6r RE@Agile<br \/>\n\uf096 RE@Agile och konceptuellt arbete<br \/>\nGrunderna i RE@Agile<br \/>\n\uf096 \u00d6versikt \u00f6ver Agila metoder<br \/>\n\uf096 Scrum som exempel<br \/>\n\uf096 Skillnader och likheter mellan kravhanterare och produkt\u00e4gare<br \/>\n\uf096 Kravhantering som en kontinuerlig process<br \/>\n\uf096 V\u00e4rdedriven utveckling<br \/>\n\uf096 Enkelhet som ett grundl\u00e4ggande koncept<br \/>\n\uf096 Inspektera och anpassa<\/p>\n<p><strong>Inneh\u00e5ll krav (Dag 2):<\/strong><br \/>\nArbetsprodukter och tekniker i RE@Agile<br \/>\n\uf096 Arbetsprodukter i RE@Agile<br \/>\n\uf096 Tekniker i RE@Agile<br \/>\nOrganisatoriska aspekter av RE@Agile<br \/>\n\uf096 Organisationens p\u00e5verkan p\u00e5 RE@Agile<br \/>\n\uf096 Agile utveckling i en icke-Agile milj\u00f6<br \/>\n\uf096 Hantering av komplexa problem genom skalning<br \/>\n\uf096 Balansering av upfront och kontinuerlig kravhantering i skalningskontext<\/p>\n<p>&nbsp;<\/p>\n<h3>Kursen levereras i samarbete med<\/h3>\n<p><img decoding=\"async\" class=\"alignnone size-medium wp-image-1242 lazyload\" data-src=\"https:\/\/republify.se\/wp-content\/uploads\/2022\/02\/DocebIT_Logo-300x96.jpg\" alt=\"\" width=\"300\" height=\"96\" data-srcset=\"https:\/\/republify.se\/wp-content\/uploads\/2022\/02\/DocebIT_Logo-300x96.jpg 300w, https:\/\/republify.se\/wp-content\/uploads\/2022\/02\/DocebIT_Logo-scaled-600x191.jpg 600w, https:\/\/republify.se\/wp-content\/uploads\/2022\/02\/DocebIT_Logo-1024x327.jpg 1024w, https:\/\/republify.se\/wp-content\/uploads\/2022\/02\/DocebIT_Logo-768x245.jpg 768w, https:\/\/republify.se\/wp-content\/uploads\/2022\/02\/DocebIT_Logo-1536x490.jpg 1536w, https:\/\/republify.se\/wp-content\/uploads\/2022\/02\/DocebIT_Logo-2048x654.jpg 2048w\" data-sizes=\"(max-width: 300px) 100vw, 300px\" src=\"data:image\/svg+xml;base64,PHN2ZyB3aWR0aD0iMSIgaGVpZ2h0PSIxIiB4bWxucz0iaHR0cDovL3d3dy53My5vcmcvMjAwMC9zdmciPjwvc3ZnPg==\" style=\"--smush-placeholder-width: 300px; --smush-placeholder-aspect-ratio: 300\/96;\" \/><\/p>\n<h2>Kontakta oss om denna kurs<\/h2>\n<div data-test='contact-form'\n\t\t\tid='contact-form-2610'\n\t\t\tclass='jetpack-contact-form-container '\n\t\t\tdata-wp-interactive='jetpack\/form' data-wp-context='{\"formId\":\"2610\",\"formHash\":\"4de4fdeee42dd3de7eca9e4b784e41e2904d25f9\",\"showErrors\":false,\"errors\":[],\"fields\":[],\"isMultiStep\":false,\"useAjax\":true,\"submissionData\":null,\"formattedSubmissionData\":[],\"submissionSuccess\":false,\"submissionError\":null,\"elementId\":\"jp-form-4de4fdeee42dd3de7eca9e4b784e41e2904d25f9\",\"isSingleInputForm\":false,\"isForcedHorizontal\":false}'\n\t\t\tdata-wp-watch--scroll-to-wrapper=\"callbacks.scrollToWrapper\"\n\t\t>\n<div class=\"contact-form-submission contact-form-ajax-submission\" data-wp-bind--aria-hidden=\"state.isSuccessMessageAriaHidden\" data-wp-class--submission-success=\"context.submissionSuccess\" id=\"contact-form-success-4de4fdeee42dd3de7eca9e4b784e41e2904d25f9\" tabindex=\"-1\" aria-labelledby=\"contact-form-success-header-4de4fdeee42dd3de7eca9e4b784e41e2904d25f9\"><p class=\"go-back-message\"><a class=\"link\" role=\"button\" tabindex=\"0\" data-wp-on--click=\"actions.goBack\" href=\"\/index.php\/wp-json\/wp\/v2\/product\/2610\">\u2190 Tillbaka<\/a><\/p><h4 data-wp-bind--aria-hidden=\"state.isSuccessMessageAriaHidden\" id=\"contact-form-success-header-4de4fdeee42dd3de7eca9e4b784e41e2904d25f9\">Tack f\u00f6r din respons. \u2728<\/h4>\n\n<template data-wp-each--submission=\"context.formattedSubmissionData\">\n\t\t\t\t\t<div class=\"jetpack_forms_contact-form-success-summary\">\n\t\t\t\t\t\t<div class=\"field-name-wrapper\">\n\t\t\t\t\t\t\t<div class=\"field-type-icon\" data-wp-watch=\"callbacks.watchFieldTypeIcon\"><\/div>\n\t\t\t\t\t\t\t<div class=\"field-name\" data-wp-text=\"context.submission.label\" data-wp-bind--hidden=\"!context.submission.label\"><\/div>\n\t\t\t\t\t\t<\/div>\n\t\t\t\t\t\t<div class=\"field-value\" data-wp-text=\"context.submission.value\" data-wp-bind--hidden=\"!context.submission.showPlainValue\"><\/div>\n\t\t\t\t\t\t<a class=\"field-url\" data-wp-bind--href=\"context.submission.url\" data-wp-text=\"context.submission.value\" data-wp-bind--hidden=\"!context.submission.url\" target=\"_blank\" rel=\"noopener noreferrer\"><\/a>\n\t\t\t\t\t\t<div class=\"field-rating\" data-wp-bind--hidden=\"!context.submission.rating\" data-wp-watch=\"callbacks.watchRatingIcons\"><\/div>\n\t\t\t\t\t\t<div class=\"field-images\" data-wp-bind--hidden=\"!context.submission.images\">\n\t\t\t\t\t\t\t<template data-wp-each--image=\"context.submission.images\">\n\t\t\t\t\t\t\t\t<div class=\"field-image-option\" data-wp-class--is-empty=\"!context.image.src\">\n\t\t\t\t\t\t\t\t\t<figure class=\"field-image-option__image\" data-wp-class--is-empty=\"!context.image.src\">\n\t\t\t\t\t\t\t\t\t\t<img data-wp-bind--src=\"context.image.src\" data-wp-bind--hidden=\"!context.image.src\" \/>\n\t\t\t\t\t\t\t\t\t\t<img decoding=\"async\" src=\"data:image\/gif;base64,R0lGODlhAQABAAD\/ACwAAAAAAQABAAACADs=\" data-wp-bind--hidden=\"context.image.src\" \/>\n\t\t\t\t\t\t\t\t\t<\/figure>\n\t\t\t\t\t\t\t\t\t<div class=\"field-image-option__label-wrapper\">\n\t\t\t\t\t\t\t\t\t\t<span class=\"field-image-option__label-code\" data-wp-text=\"context.image.letterCode\"><\/span>\n\t\t\t\t\t\t\t\t\t\t<span class=\"field-image-option__label\" data-wp-text=\"context.image.label\" data-wp-bind--hidden=\"!context.image.label\"><\/span>\n\t\t\t\t\t\t\t\t\t<\/div>\n\t\t\t\t\t\t\t\t<\/div>\n\t\t\t\t\t\t\t<\/template>\n\t\t\t\t\t\t<\/div>\n\t\t\t\t\t\t<div class=\"field-files\" data-wp-bind--hidden=\"!context.submission.files\">\n\t\t\t\t\t\t\t<template data-wp-each--file=\"context.submission.files\">\n\t\t\t\t\t\t\t\t<div class=\"field-file\">\n\t\t\t\t\t\t\t\t\t<div class=\"field-file__thumbnail\" data-wp-style--background-image=\"context.file.previewUrl\" data-wp-style--mask-image=\"context.file.iconUrl\" data-wp-bind--hidden=\"!context.file.hasPreview\"><\/div>\n\t\t\t\t\t\t\t\t\t<svg class=\"field-file__icon\" data-wp-bind--hidden=\"context.file.hasPreview\" width=\"20\" height=\"20\" viewBox=\"0 0 24 24\" fill=\"none\" xmlns=\"http:\/\/www.w3.org\/2000\/svg\" aria-hidden=\"true\">\n\t\t\t\t\t\t\t\t\t\t<path d=\"M14 2H6C4.9 2 4 2.9 4 4V20C4 21.1 4.89 22 5.99 22H18C19.1 22 20 21.1 20 20V8L14 2ZM18 20H6V4H13V9H18V20Z\" fill=\"currentColor\"\/>\n\t\t\t\t\t\t\t\t\t<\/svg>\n\t\t\t\t\t\t\t\t\t<span class=\"field-file__name\" data-wp-text=\"context.file.name\"><\/span>\n\t\t\t\t\t\t\t\t\t<span class=\"field-file__size\" data-wp-text=\"context.file.size\"><\/span>\n\t\t\t\t\t\t\t\t<\/div>\n\t\t\t\t\t\t\t<\/template>\n\t\t\t\t\t\t<\/div>\n\t\t\t\t\t<\/div>\n\t\t\t\t<\/template><\/div><form action='https:\/\/republify.se\/index.php\/produkt\/reagile-arbeta-med-krav-i-ett-agilt-team\/'\n\t\t\t\tid='jp-form-4de4fdeee42dd3de7eca9e4b784e41e2904d25f9'\n\t\t\t\tmethod='post'\n\t\t\t\tclass='contact-form commentsblock jetpack-contact-form__form has-no-jetpack-form-layout' aria-label=\"RE@Agile - Arbeta med krav i ett agilt team\"\n\t\t\t\tdata-wp-on--submit=\"actions.onFormSubmit\"\n\t\t\t\tdata-wp-on--reset=\"actions.onFormReset\"\n\t\t\t\tdata-wp-class--submission-success=\"context.submissionSuccess\"\n\t\t\t\tdata-wp-class--is-first-step=\"state.isFirstStep\"\n\t\t\t\tdata-wp-class--is-last-step=\"state.isLastStep\"\n\t\t\t\tdata-wp-class--is-ajax-form=\"context.useAjax\"\n\t\t\t\tnovalidate >\n<input type='hidden' name='jetpack_contact_form_jwt' value='eyJ0eXAiOiJKV1QiLCJhbGciOiJIUzI1NiJ9.eyJlbmNyeXB0ZWRfYXR0cmlidXRlcyI6IkM1WldieTBNQVJISDR6eGJKTm5KVENhaVBwd0RLeTh5WUxuUjdvMmttUTRUdEhvdk5sU0VDYzlFTS9mL0UxZTJFZmFMcmlpdlkxYTNzam1Ib1FlR2ZGbStqUTZVWWtBcS9Ja2ZjQU1JMS9IOFI1alJ5UXFQUSs0K0tWZDJ6cU5vcVhCWjk1dkNkWlBrTjVPcmRYSGpsZm8zbzMrR3lST1VzUWtYTGFsbmRIcTM2cVJxcG1DL3I5WktsYTN4aVdjTUpTN2xLMi9BdERYb1BjQzRBUWxGTk1INEhsOGhTRHd2ei9VenhCTGRjTjVyTjRCQ1VpSk5pT202RGpwYjRVbDVqa1NhdGFWWXEyNXgwSjZkL2Jjc0ZyWEYxZDRuMEdpZGxiQnRqQkJxYlBHWTRINXpTL292U0dMN0o4RktPS2d4ZHpiaEZ5QWtFTDdTM2d5Tm9jL0RVWjJ2S3UwdHlya3BncEJ2cThHdHdPU1pZSzVqY0tjbGxKdFpuNklBQWdWVy8wclg0RDRTS0E5ZUZLMy9EYTNCMThmaGZEMVcwSWQvSFpUZGF0bGdqMVR0NC9LSVhTZGMzdUw2ei9DTDNlSktpRFJCdjhnYTkvaW45VStCUGJzZzExK2JQSGVNeFNXVWpzQ1BvQldUN3F3elNMOSswQ1VUZ2t0NmllNFE5L2kzL29aRElxUmhFbXVldDNHWlVsZi8yMkI0U2V0T0Rlby8yUndKdERGRjNGZE5OdEtsQ3Y0dFdtTHhZZ3R6V0ZTWE41cGM0MWdGV2pMdmF3MStxTi8vTTZoTkg1OVFqT1k2UjVOakwrNEZ2RzVBWnhWTEdMU2RwUW96N2pRWENxWi9BNTAvQUg3bzk2SS9JeGE2UlAxRVVoNzYwWmpFNWZyYnI3YkdCcXNKb2tUVXlveS9PWWxTTDdta3MrMDJ0M25mYi90TURNdXRGVnhQcWlkQ3N6RFhNMmdXSmtkYStxMUZtVjVaSWdLYTdyVDV2Q0ZiQU1od3pNLzRwZ3FaZjVtaSs3d3dNeDIwUDRDWkZjUnAyL2tsUGRRck1aVlpnWTFDUG9NakQ5cklZeUZ4Y1p1dDM2MlJtY3A1ZXN4YVl0dGtxbnA0V3BqQWxmOG1sQXowN3JrV2pZOXNyNWhUMW1GN05YNjh4dTBEUGhQYk0yUkUxMWxla2U4ZnlObmRzVURtMURYcXNZdDFYUVZ2cUFpYzBIUXZkNTU5SDVYK2kwRnQ2Tk1lbFQvcUp5RXY3cW9VenFIWGU0ek8iLCJjb250ZW50IjoiW2NvbnRhY3QtZmllbGQgbGFiZWw9XCJOYW1uXCIgdHlwZT1cIm5hbWVcIiByZXF1aXJlZD1cIjFcIl1bY29udGFjdC1maWVsZCBsYWJlbD1cIkUtcG9zdFwiIHR5cGU9XCJlbWFpbFwiIHJlcXVpcmVkPVwiMVwiXVtjb250YWN0LWZpZWxkIGxhYmVsPVwiTWVkZGVsYW5kZVwiIHR5cGU9XCJ0ZXh0YXJlYVwiXSIsImhhc2giOiI0ZGU0ZmRlZWU0MmRkM2RlN2VjYTllNGI3ODRlNDFlMjkwNGQyNWY5Iiwic291cmNlIjp7ImVudHJ5X3RpdGxlIjoiUkVAQWdpbGUgXHUyMDEzIEFyYmV0YSBtZWQga3JhdiBpIGV0dCBhZ2lsdCB0ZWFtIiwiZW50cnlfcGFnZSI6MSwic291cmNlX2lkIjoyNjEwLCJzb3VyY2VfdHlwZSI6InNpbmdsZSIsInJlcXVlc3RfdXJsIjoiaHR0cHM6Ly9yZXB1YmxpZnkuc2Uvd3AtanNvbi93cC92Mi9wcm9kdWN0LzI2MTAifSwidmVyc2lvbiI6MiwiY2lwaGVyIjoiYWVzLTI1Ni1nY20ifQ.mCcb5J0NAK_-deUD-ERbK_ugKqGBwD99LKbftJHDWYY' \/>\n\n<div style=\"\"  data-wp-interactive=\"jetpack\/form\" data-wp-context='{\"fieldId\":\"g2610-namn\",\"fieldType\":\"name\",\"fieldLabel\":\"Namn\",\"fieldValue\":\"\",\"fieldPlaceholder\":\"\",\"fieldIsRequired\":\"1\",\"fieldErrorMessage\":\"\",\"fieldExtra\":[],\"formHash\":\"4de4fdeee42dd3de7eca9e4b784e41e2904d25f9\"}'  class='grunion-field-name-wrap grunion-field-wrap'  data-wp-init='callbacks.initializeField' data-wp-on--jetpack-form-reset='callbacks.initializeField' >\n<label\n\t\t\t\tfor='g2610-namn' class=\"grunion-field-label name\" >Namn<span class=\"grunion-label-required\" aria-hidden=\"true\">(obligatoriskt)<\/span><\/label>\n<input\n\t\t\t\t\ttype='text'\n\t\t\t\t\tname='g2610-namn'\n\t\t\t\t\tid='g2610-namn'\n\t\t\t\t\tvalue=''\n\n\t\t\t\t\tdata-wp-bind--aria-invalid='state.fieldAriaInvalid'\n\t\t\t\t\tdata-wp-bind--value='state.getFieldValue'\n\t\t\t\t\taria-describedby='g2610-namn-text-error-message'\n\t\t\t\t\tdata-wp-on--input='actions.onFieldChange'\n\t\t\t\t\tdata-wp-on--blur='actions.onFieldBlur'\n\t\t\t\t\tdata-wp-class--has-value='state.hasFieldValue'\n\n\t\t\t\t\tclass='name  grunion-field' \n\t\t\t\t\trequired='true' aria-required='true'  \/>\n \n\t\t\t<div id=\"g2610-namn-text-error\" class=\"contact-form__input-error\" data-wp-class--has-errors=\"state.fieldHasErrors\">\n\t\t\t\t<span class=\"contact-form__warning-icon\" aria-hidden=\"true\">\n\t\t\t\t\t<svg width=\"16\" height=\"16\" viewBox=\"0 0 16 16\" fill=\"none\" xmlns=\"http:\/\/www.w3.org\/2000\/svg\">\n\t\t\t\t\t\t<path d=\"M8.50015 11.6402H7.50015V10.6402H8.50015V11.6402Z\" \/>\n\t\t\t\t\t\t<path d=\"M7.50015 9.64018H8.50015V6.30684H7.50015V9.64018Z\" \/>\n\t\t\t\t\t\t<path fill-rule=\"evenodd\" clip-rule=\"evenodd\" d=\"M6.98331 3.0947C7.42933 2.30177 8.57096 2.30177 9.01698 3.09469L13.8771 11.7349C14.3145 12.5126 13.7525 13.4735 12.8602 13.4735H3.14004C2.24774 13.4735 1.68575 12.5126 2.12321 11.7349L6.98331 3.0947ZM8.14541 3.58496C8.08169 3.47168 7.9186 3.47168 7.85488 3.58496L2.99478 12.2251C2.93229 12.3362 3.01257 12.4735 3.14004 12.4735H12.8602C12.9877 12.4735 13.068 12.3362 13.0055 12.2251L8.14541 3.58496Z\" \/>\n\t\t\t\t\t<\/svg>\n\t\t\t\t<\/span>\n\t\t\t\t<span data-wp-text=\"state.errorMessage\" id=\"g2610-namn-text-error-message\"><\/span>\n\t\t\t<\/div> \n\t<\/div>\n\n<div style=\"\"  data-wp-interactive=\"jetpack\/form\" data-wp-context='{\"fieldId\":\"g2610-epost\",\"fieldType\":\"email\",\"fieldLabel\":\"E-post\",\"fieldValue\":\"\",\"fieldPlaceholder\":\"\",\"fieldIsRequired\":\"1\",\"fieldErrorMessage\":\"\",\"fieldExtra\":[],\"formHash\":\"4de4fdeee42dd3de7eca9e4b784e41e2904d25f9\"}'  class='grunion-field-email-wrap grunion-field-wrap'  data-wp-init='callbacks.initializeField' data-wp-on--jetpack-form-reset='callbacks.initializeField' >\n<label\n\t\t\t\tfor='g2610-epost' class=\"grunion-field-label email\" >E-post<span class=\"grunion-label-required\" aria-hidden=\"true\">(obligatoriskt)<\/span><\/label>\n<input\n\t\t\t\t\ttype='email'\n\t\t\t\t\tname='g2610-epost'\n\t\t\t\t\tid='g2610-epost'\n\t\t\t\t\tvalue=''\n\n\t\t\t\t\tdata-wp-bind--aria-invalid='state.fieldAriaInvalid'\n\t\t\t\t\tdata-wp-bind--value='state.getFieldValue'\n\t\t\t\t\taria-describedby='g2610-epost-email-error-message'\n\t\t\t\t\tdata-wp-on--input='actions.onFieldChange'\n\t\t\t\t\tdata-wp-on--blur='actions.onFieldBlur'\n\t\t\t\t\tdata-wp-class--has-value='state.hasFieldValue'\n\n\t\t\t\t\tclass='email  grunion-field' \n\t\t\t\t\trequired='true' aria-required='true'  \/>\n \n\t\t\t<div id=\"g2610-epost-email-error\" class=\"contact-form__input-error\" data-wp-class--has-errors=\"state.fieldHasErrors\">\n\t\t\t\t<span class=\"contact-form__warning-icon\" aria-hidden=\"true\">\n\t\t\t\t\t<svg width=\"16\" height=\"16\" viewBox=\"0 0 16 16\" fill=\"none\" xmlns=\"http:\/\/www.w3.org\/2000\/svg\">\n\t\t\t\t\t\t<path d=\"M8.50015 11.6402H7.50015V10.6402H8.50015V11.6402Z\" \/>\n\t\t\t\t\t\t<path d=\"M7.50015 9.64018H8.50015V6.30684H7.50015V9.64018Z\" \/>\n\t\t\t\t\t\t<path fill-rule=\"evenodd\" clip-rule=\"evenodd\" d=\"M6.98331 3.0947C7.42933 2.30177 8.57096 2.30177 9.01698 3.09469L13.8771 11.7349C14.3145 12.5126 13.7525 13.4735 12.8602 13.4735H3.14004C2.24774 13.4735 1.68575 12.5126 2.12321 11.7349L6.98331 3.0947ZM8.14541 3.58496C8.08169 3.47168 7.9186 3.47168 7.85488 3.58496L2.99478 12.2251C2.93229 12.3362 3.01257 12.4735 3.14004 12.4735H12.8602C12.9877 12.4735 13.068 12.3362 13.0055 12.2251L8.14541 3.58496Z\" \/>\n\t\t\t\t\t<\/svg>\n\t\t\t\t<\/span>\n\t\t\t\t<span data-wp-text=\"state.errorMessage\" id=\"g2610-epost-email-error-message\"><\/span>\n\t\t\t<\/div> \n\t<\/div>\n\n<div style=\"\"  data-wp-interactive=\"jetpack\/form\" data-wp-context='{\"fieldId\":\"g2610-meddelande\",\"fieldType\":\"textarea\",\"fieldLabel\":\"Meddelande\",\"fieldValue\":\"\",\"fieldPlaceholder\":\"\",\"fieldIsRequired\":\"\",\"fieldErrorMessage\":\"\",\"fieldExtra\":[],\"formHash\":\"4de4fdeee42dd3de7eca9e4b784e41e2904d25f9\"}'  class='grunion-field-textarea-wrap grunion-field-wrap'  data-wp-init='callbacks.initializeField' data-wp-on--jetpack-form-reset='callbacks.initializeField' >\n<label\n\t\t\t\tfor='contact-form-comment-g2610-meddelande' class=\"grunion-field-label textarea\" >Meddelande<\/label>\n<textarea\n\t\t                style=''\n\t\t                name='g2610-meddelande'\n\t\t                id='contact-form-comment-g2610-meddelande'\n\t\t                rows='20'\n\t\t\t\t\t\tdata-wp-text='state.getFieldValue'\n\t\t\t\t\t\tdata-wp-on--input='actions.onFieldChange'\n\t\t\t\t\t\tdata-wp-on--blur='actions.onFieldBlur'\n\t\t\t\t\t\tdata-wp-class--has-value='state.hasFieldValue'\n\t\t\t\t\t\taria-describedby='g2610-meddelande-textarea-error-message'\n\t\t\t\t\t\tdata-wp-bind--aria-invalid='state.fieldAriaInvalid'\n\t\t\t\t\t\tclass='textarea  grunion-field'  ><\/textarea>\n \n\t\t\t<div id=\"g2610-meddelande-textarea-error\" class=\"contact-form__input-error\" data-wp-class--has-errors=\"state.fieldHasErrors\">\n\t\t\t\t<span class=\"contact-form__warning-icon\" aria-hidden=\"true\">\n\t\t\t\t\t<svg width=\"16\" height=\"16\" viewBox=\"0 0 16 16\" fill=\"none\" xmlns=\"http:\/\/www.w3.org\/2000\/svg\">\n\t\t\t\t\t\t<path d=\"M8.50015 11.6402H7.50015V10.6402H8.50015V11.6402Z\" \/>\n\t\t\t\t\t\t<path d=\"M7.50015 9.64018H8.50015V6.30684H7.50015V9.64018Z\" \/>\n\t\t\t\t\t\t<path fill-rule=\"evenodd\" clip-rule=\"evenodd\" d=\"M6.98331 3.0947C7.42933 2.30177 8.57096 2.30177 9.01698 3.09469L13.8771 11.7349C14.3145 12.5126 13.7525 13.4735 12.8602 13.4735H3.14004C2.24774 13.4735 1.68575 12.5126 2.12321 11.7349L6.98331 3.0947ZM8.14541 3.58496C8.08169 3.47168 7.9186 3.47168 7.85488 3.58496L2.99478 12.2251C2.93229 12.3362 3.01257 12.4735 3.14004 12.4735H12.8602C12.9877 12.4735 13.068 12.3362 13.0055 12.2251L8.14541 3.58496Z\" \/>\n\t\t\t\t\t<\/svg>\n\t\t\t\t<\/span>\n\t\t\t\t<span data-wp-text=\"state.errorMessage\" id=\"g2610-meddelande-textarea-error-message\"><\/span>\n\t\t\t<\/div>\n\t<\/div>\n\t<p class='contact-submit'>\n<div class=\"contact-form__error\" data-wp-class--show-errors=\"state.showFormErrors\"><span class=\"contact-form__warning-icon\" aria-hidden=\"true\"><i><\/i><\/span><span class=\"contact-form__error-message\" tabindex=\"-1\" data-wp-watch=\"callbacks.focusOnValidationError\" data-wp-text=\"state.getFormErrorMessage\"><\/span><ul aria-label=\"Formul\u00e4rfel\">\n\t\t\t\t<template data-wp-each=\"state.getErrorList\" data-wp-key=\"context.item.id\">\n\t\t\t\t\t<li><a data-wp-bind--href=\"context.item.anchor\" data-wp-on--click=\"actions.scrollIntoView\" data-wp-text=\"context.item.label\"><\/a><\/li>\n\t\t\t\t<\/template>\n\t\t\t\t<\/ul><\/div><div class=\"contact-form__error\" data-wp-class--show-errors=\"state.showSubmissionError\" data-wp-text=\"context.submissionError\" tabindex=\"-1\" data-wp-watch=\"callbacks.focusOnSubmissionError\"><\/div>\t\t<button type='submit' class='pushbutton-wide'>Skicka<\/button>\t\t<input type='hidden' name='contact-form-id' value='2610' \/>\n\t\t<input type='hidden' name='action' value='grunion-contact-form' \/>\n\t\t<input type='hidden' name='contact-form-hash' value='4de4fdeee42dd3de7eca9e4b784e41e2904d25f9' \/>\n\t<\/p>\n<\/form>\n<\/div>\n","protected":false},"excerpt":{"rendered":"<p><strong>Kravet att leverera ett helt f\u00e4rdigt IT-system p\u00e5 sista dagen, har visat sig bli en dyr aff\u00e4r f\u00f6r m\u00e5nga It-f\u00f6retag. De har insett vikten av att t\u00e4nka och jobba mer agilt.<\/strong><\/p>\n<p>I f\u00f6ljande preparandkurs f\u00e5r du l\u00e4ra dig en \u201dny\u201d metodik best\u00e5ende av kravteknik med sitt ursprung ur vattenfallsmetodik och agilt t\u00e4nkande med fokus p\u00e5 Scrum. En kombination av tv\u00e5 omr\u00e5den, dvs RE@Agile. Denna kurs \u00e4r ocks\u00e5 \u00e4r en preparandkurs till certifiering i IREB RE@Agile Primer (ing\u00e5r ej i kurspriset)<\/p>\n","protected":false},"featured_media":2756,"comment_status":"open","ping_status":"closed","template":"","meta":{"wds_primary_product_brand":0,"wds_primary_product_cat":0},"product_brand":[],"product_cat":[33,30,53,203],"product_tag":[],"class_list":{"0":"post-2610","1":"product","2":"type-product","3":"status-publish","4":"has-post-thumbnail","6":"product_cat-agila-metoder","7":"product_cat-business","8":"product_cat-kravhantering","9":"product_cat-industri","11":"first","12":"instock","13":"taxable","14":"shipping-taxable","15":"purchasable","16":"product-type-simple"},"jetpack_sharing_enabled":true,"_links":{"self":[{"href":"https:\/\/republify.se\/index.php\/wp-json\/wp\/v2\/product\/2610","targetHints":{"allow":["GET"]}}],"collection":[{"href":"https:\/\/republify.se\/index.php\/wp-json\/wp\/v2\/product"}],"about":[{"href":"https:\/\/republify.se\/index.php\/wp-json\/wp\/v2\/types\/product"}],"replies":[{"embeddable":true,"href":"https:\/\/republify.se\/index.php\/wp-json\/wp\/v2\/comments?post=2610"}],"wp:featuredmedia":[{"embeddable":true,"href":"https:\/\/republify.se\/index.php\/wp-json\/wp\/v2\/media\/2756"}],"wp:attachment":[{"href":"https:\/\/republify.se\/index.php\/wp-json\/wp\/v2\/media?parent=2610"}],"wp:term":[{"taxonomy":"product_brand","embeddable":true,"href":"https:\/\/republify.se\/index.php\/wp-json\/wp\/v2\/product_brand?post=2610"},{"taxonomy":"product_cat","embeddable":true,"href":"https:\/\/republify.se\/index.php\/wp-json\/wp\/v2\/product_cat?post=2610"},{"taxonomy":"product_tag","embeddable":true,"href":"https:\/\/republify.se\/index.php\/wp-json\/wp\/v2\/product_tag?post=2610"}],"curies":[{"name":"wp","href":"https:\/\/api.w.org\/{rel}","templated":true}]}}