{"id":2605,"date":"2022-03-11T13:52:38","date_gmt":"2022-03-11T12:52:38","guid":{"rendered":"https:\/\/republify.se\/?post_type=product&#038;p=2605"},"modified":"2025-11-21T09:10:32","modified_gmt":"2025-11-21T08:10:32","slug":"kravledning-i-it-projekt","status":"publish","type":"product","link":"https:\/\/republify.se\/index.php\/produkt\/kravledning-i-it-projekt\/","title":{"rendered":"Kravledning i IT-projekt"},"content":{"rendered":"<p><strong>Att kravleda i stora och komplexa IT-projekt beh\u00f6ver b\u00e5de r\u00e4tt kompetens och arbetsverktyg. Flera f\u00f6retag och organisationer implementerar nya IT-system som aldrig f\u00f6rr.<\/strong><\/p>\n<p>Att planera kravarbetet f\u00f6r att sedan kunna utveckla ett IT-system kan k\u00e4nnas l\u00e4tt. M\u00e5nga unders\u00f6kningar visar att m\u00e5nga av IT-systemen som man tar fram i ett stort eller komplex IT-projekt eller i f\u00f6rvaltning \u00e4r icke anv\u00e4ndbart. Projekten har ofta en deadline att f\u00f6lja. Utvecklings- och testarbetet ska g\u00e5 fort. Kravarbetet och planering \u00e4r n\u00e5got man gl\u00f6mmer bort.<\/p>\n<p><strong>M\u00e5lgrupp<\/strong><\/p>\n<p>Detta \u00e4r utbildningen f\u00f6r dig som arbetar med lednings\/planeringsansvar eller skall g\u00e5 in i liknande roll<\/p>\n<p><strong>Bakgrund<\/strong><\/p>\n<p>Planerar du ditt arbete f\u00f6r krav f\u00f6r att skapa r\u00e4tt f\u00f6ruts\u00e4ttningar f\u00f6r ett IT-system? Finns det n\u00e5gon strategi f\u00f6r den? Hur ser ditt f\u00f6retag till att samla kraven p\u00e5 ett enhetligt arbetss\u00e4tt? Hur samverkar du mellan best\u00e4llare kravanalytikern och andra ber\u00f6rda roller? Kravledning kan spela en stor roll och beh\u00f6vs i stora och komplexa IT-projekt men oftast gl\u00f6ms bort.\u00a0 Denna kurs ger dig d\u00e4rf\u00f6r en m\u00f6jlighet att anv\u00e4nda dina kunskaper i ditt dagliga arbete.<\/p>\n<p><strong>Inneh\u00e5ll under dagarna:<\/strong><\/p>\n<ul>\n<li>Genomg\u00e5ng av viktiga begrepp och roller<\/li>\n<li>\u00d6verenskommelse mellan best\u00e4llare och utf\u00f6rare<\/li>\n<li>Genomg\u00e5ng av kravprocessen som inneh\u00e5ller planering och granskning, specificering, prioritering, strukturering av krav, kvalitetss\u00e4kring och f\u00f6rvaltning<\/li>\n<li>Insamlingstekniker f\u00f6r att h\u00e5lla workshops<\/li>\n<li>Workshops \u00f6vning<\/li>\n<li>Modeller och metoder<\/li>\n<li>Beskrivning av kravplan\/kravstrategi<\/li>\n<li>Praktiska \u00f6vningar av kravdokumentation<\/li>\n<li>Praktiska \u00f6vningar i ReQtest<\/li>\n<\/ul>\n<p>&nbsp;<\/p>\n<p><strong>Utbildningens m\u00e5l:<\/strong><\/p>\n<ul>\n<li>utveckla dina kunskaper om hela kravhanteringsprocessen fr\u00e5n insamling till f\u00f6rvaltning<\/li>\n<li>utveckla kunskaper om, och f\u00e4rdigheter i, kravhantering och kravledning<\/li>\n<li>l\u00e4rt dig analysera, tolka och beskriva krav, kravplan\/kravstrategi<\/li>\n<li>f\u00e5tt k\u00e4nnedom om verktyg som anv\u00e4nds f\u00f6r att underl\u00e4tta det dagliga arbetet<\/li>\n<li>f\u00e5tt k\u00e4nnedom om olika modeller och metoder som anv\u00e4nds f\u00f6r att leda kravarbetet<\/li>\n<li>L\u00e4rt dig hur du ska leda och genomf\u00f6ra workshops<\/li>\n<li>F\u00e5tt k\u00e4nnedom om viktiga dokument som b\u00f6r tas fram<\/li>\n<\/ul>\n<p>&nbsp;<\/p>\n<h3>Kursen levereras i samarbete med<\/h3>\n<p><img decoding=\"async\" class=\"alignnone size-medium wp-image-1242 lazyload\" data-src=\"https:\/\/republify.se\/wp-content\/uploads\/2022\/02\/DocebIT_Logo-300x96.jpg\" alt=\"\" width=\"300\" height=\"96\" data-srcset=\"https:\/\/republify.se\/wp-content\/uploads\/2022\/02\/DocebIT_Logo-300x96.jpg 300w, https:\/\/republify.se\/wp-content\/uploads\/2022\/02\/DocebIT_Logo-scaled-600x191.jpg 600w, https:\/\/republify.se\/wp-content\/uploads\/2022\/02\/DocebIT_Logo-1024x327.jpg 1024w, https:\/\/republify.se\/wp-content\/uploads\/2022\/02\/DocebIT_Logo-768x245.jpg 768w, https:\/\/republify.se\/wp-content\/uploads\/2022\/02\/DocebIT_Logo-1536x490.jpg 1536w, https:\/\/republify.se\/wp-content\/uploads\/2022\/02\/DocebIT_Logo-2048x654.jpg 2048w\" data-sizes=\"(max-width: 300px) 100vw, 300px\" src=\"data:image\/svg+xml;base64,PHN2ZyB3aWR0aD0iMSIgaGVpZ2h0PSIxIiB4bWxucz0iaHR0cDovL3d3dy53My5vcmcvMjAwMC9zdmciPjwvc3ZnPg==\" style=\"--smush-placeholder-width: 300px; --smush-placeholder-aspect-ratio: 300\/96;\" \/><\/p>\n<h2>Kontakta oss om denna kurs<\/h2>\n<div data-test='contact-form'\n\t\t\tid='contact-form-2605'\n\t\t\tclass='jetpack-contact-form-container '\n\t\t\tdata-wp-interactive='jetpack\/form' data-wp-context='{\"formId\":\"2605\",\"formHash\":\"f1e1c672bbf9b4c9d6d2f4adde789ef0ad4b627b\",\"showErrors\":false,\"errors\":[],\"fields\":[],\"isMultiStep\":false,\"useAjax\":true,\"submissionData\":null,\"formattedSubmissionData\":[],\"submissionSuccess\":false,\"submissionError\":null,\"elementId\":\"jp-form-f1e1c672bbf9b4c9d6d2f4adde789ef0ad4b627b\",\"isSingleInputForm\":false,\"isForcedHorizontal\":false}'\n\t\t\tdata-wp-watch--scroll-to-wrapper=\"callbacks.scrollToWrapper\"\n\t\t>\n<div class=\"contact-form-submission contact-form-ajax-submission\" data-wp-bind--aria-hidden=\"state.isSuccessMessageAriaHidden\" data-wp-class--submission-success=\"context.submissionSuccess\" id=\"contact-form-success-f1e1c672bbf9b4c9d6d2f4adde789ef0ad4b627b\" tabindex=\"-1\" aria-labelledby=\"contact-form-success-header-f1e1c672bbf9b4c9d6d2f4adde789ef0ad4b627b\"><p class=\"go-back-message\"><a class=\"link\" role=\"button\" tabindex=\"0\" data-wp-on--click=\"actions.goBack\" href=\"\/index.php\/wp-json\/wp\/v2\/product\/2605\">\u2190 Tillbaka<\/a><\/p><h4 data-wp-bind--aria-hidden=\"state.isSuccessMessageAriaHidden\" id=\"contact-form-success-header-f1e1c672bbf9b4c9d6d2f4adde789ef0ad4b627b\">Tack f\u00f6r din respons. \u2728<\/h4>\n\n<template data-wp-each--submission=\"context.formattedSubmissionData\">\n\t\t\t\t\t<div class=\"jetpack_forms_contact-form-success-summary\">\n\t\t\t\t\t\t<div class=\"field-name-wrapper\">\n\t\t\t\t\t\t\t<div class=\"field-type-icon\" data-wp-watch=\"callbacks.watchFieldTypeIcon\"><\/div>\n\t\t\t\t\t\t\t<div class=\"field-name\" data-wp-text=\"context.submission.label\" data-wp-bind--hidden=\"!context.submission.label\"><\/div>\n\t\t\t\t\t\t<\/div>\n\t\t\t\t\t\t<div class=\"field-value\" data-wp-text=\"context.submission.value\" data-wp-bind--hidden=\"!context.submission.showPlainValue\"><\/div>\n\t\t\t\t\t\t<a class=\"field-url\" data-wp-bind--href=\"context.submission.url\" data-wp-text=\"context.submission.value\" data-wp-bind--hidden=\"!context.submission.url\" target=\"_blank\" rel=\"noopener noreferrer\"><\/a>\n\t\t\t\t\t\t<div class=\"field-rating\" data-wp-bind--hidden=\"!context.submission.rating\" data-wp-watch=\"callbacks.watchRatingIcons\"><\/div>\n\t\t\t\t\t\t<div class=\"field-images\" data-wp-bind--hidden=\"!context.submission.images\">\n\t\t\t\t\t\t\t<template data-wp-each--image=\"context.submission.images\">\n\t\t\t\t\t\t\t\t<div class=\"field-image-option\" data-wp-class--is-empty=\"!context.image.src\">\n\t\t\t\t\t\t\t\t\t<figure class=\"field-image-option__image\" data-wp-class--is-empty=\"!context.image.src\">\n\t\t\t\t\t\t\t\t\t\t<img data-wp-bind--src=\"context.image.src\" data-wp-bind--hidden=\"!context.image.src\" \/>\n\t\t\t\t\t\t\t\t\t\t<img decoding=\"async\" src=\"data:image\/gif;base64,R0lGODlhAQABAAD\/ACwAAAAAAQABAAACADs=\" data-wp-bind--hidden=\"context.image.src\" \/>\n\t\t\t\t\t\t\t\t\t<\/figure>\n\t\t\t\t\t\t\t\t\t<div class=\"field-image-option__label-wrapper\">\n\t\t\t\t\t\t\t\t\t\t<span class=\"field-image-option__label-code\" data-wp-text=\"context.image.letterCode\"><\/span>\n\t\t\t\t\t\t\t\t\t\t<span class=\"field-image-option__label\" data-wp-text=\"context.image.label\" data-wp-bind--hidden=\"!context.image.label\"><\/span>\n\t\t\t\t\t\t\t\t\t<\/div>\n\t\t\t\t\t\t\t\t<\/div>\n\t\t\t\t\t\t\t<\/template>\n\t\t\t\t\t\t<\/div>\n\t\t\t\t\t\t<div class=\"field-files\" data-wp-bind--hidden=\"!context.submission.files\">\n\t\t\t\t\t\t\t<template data-wp-each--file=\"context.submission.files\">\n\t\t\t\t\t\t\t\t<div class=\"field-file\">\n\t\t\t\t\t\t\t\t\t<div class=\"field-file__thumbnail\" data-wp-style--background-image=\"context.file.previewUrl\" data-wp-style--mask-image=\"context.file.iconUrl\" data-wp-bind--hidden=\"!context.file.hasPreview\"><\/div>\n\t\t\t\t\t\t\t\t\t<svg class=\"field-file__icon\" data-wp-bind--hidden=\"context.file.hasPreview\" width=\"20\" height=\"20\" viewBox=\"0 0 24 24\" fill=\"none\" xmlns=\"http:\/\/www.w3.org\/2000\/svg\" aria-hidden=\"true\">\n\t\t\t\t\t\t\t\t\t\t<path d=\"M14 2H6C4.9 2 4 2.9 4 4V20C4 21.1 4.89 22 5.99 22H18C19.1 22 20 21.1 20 20V8L14 2ZM18 20H6V4H13V9H18V20Z\" fill=\"currentColor\"\/>\n\t\t\t\t\t\t\t\t\t<\/svg>\n\t\t\t\t\t\t\t\t\t<span class=\"field-file__name\" data-wp-text=\"context.file.name\"><\/span>\n\t\t\t\t\t\t\t\t\t<span class=\"field-file__size\" data-wp-text=\"context.file.size\"><\/span>\n\t\t\t\t\t\t\t\t<\/div>\n\t\t\t\t\t\t\t<\/template>\n\t\t\t\t\t\t<\/div>\n\t\t\t\t\t<\/div>\n\t\t\t\t<\/template><\/div><form action='https:\/\/republify.se\/index.php\/produkt\/kravledning-i-it-projekt\/'\n\t\t\t\tid='jp-form-f1e1c672bbf9b4c9d6d2f4adde789ef0ad4b627b'\n\t\t\t\tmethod='post'\n\t\t\t\tclass='contact-form commentsblock jetpack-contact-form__form has-no-jetpack-form-layout' aria-label=\"Kravledning i IT-projekt\"\n\t\t\t\tdata-wp-on--submit=\"actions.onFormSubmit\"\n\t\t\t\tdata-wp-on--reset=\"actions.onFormReset\"\n\t\t\t\tdata-wp-class--submission-success=\"context.submissionSuccess\"\n\t\t\t\tdata-wp-class--is-first-step=\"state.isFirstStep\"\n\t\t\t\tdata-wp-class--is-last-step=\"state.isLastStep\"\n\t\t\t\tdata-wp-class--is-ajax-form=\"context.useAjax\"\n\t\t\t\tnovalidate >\n<input type='hidden' name='jetpack_contact_form_jwt' value='eyJ0eXAiOiJKV1QiLCJhbGciOiJIUzI1NiJ9.eyJlbmNyeXB0ZWRfYXR0cmlidXRlcyI6IldOaXh5MG5SZmxrci91ZjVWZm84M0RCVE9vRlhRNUtaRm9aS2ZyVGE3ek9Bb2J6bkZCaVRldllFV1NXVzljYjRLNkFpY2FDQmlQK1M2SktrMDByNmwrazlsMjJmSERMVEszeEsrVXRGZXJxdGgrYlJWTGF6UmxONGxvMUlpK1NTcHNOTkR0QkFGMC93cW53MnZHb1B5Uy93aWtJcUowbHY5blMzOUVVeHo3K2FtaDZIYUxpQVZ4NU8rQ0Zvclk5Qkg2RS9jV0UyYUlOTnlvQmZjVjhJT1pZbWJ1Z3EvdklqMDlUaUpjb2VVWDRONEZKb1lHTDU2dVNGQy9mVkFVekNIU25qOTh5WkJ3eUQyRG9LbUpIQkpzaHRjVGlrUDBjaTd2cmRld1lKNmF0WVpUYnNOdWpzcnZrYkJmM0l5OGljWk5KMmsrbVkxUnd3WHd2eXZ6ZFNoZjJpY1JtaDJnRE83UEhaZ2xhZlcxUG9qVFRqOFdRUUFYSFFQMVg0ekxBQXdEa3JJeVBiZUxjclBDQ1NOSWRNUEVoTEg3bGhSSTc5bWtXVTRDTFljZGt1TnNHdnhLMGNCNXFsTFgzbVdHWjIrVHYrd1JiUGMzeHRGQTFCd3VBTm1IRnZ6RVZQOGpFS1IwZE81K3U2Um9Sc3NQZEdLc2J0OGlRTmY3alV1NUNIK1dkWWZyZC9FaDBId0ZMVlRjMElKMWJjc2NFVGcvdE13TWxTR1RuWXA4ZTQwSURKbkJiNWVvY0VONWo3dXlaZW9JbytFUmJ1aWlJcUp5aDdNM08rZjZnVEdkcDBVcXhQSDI2YnBzd2FZSzhoWkJyUUE3Ti9aZEtsUmRRZnc2SDVBTXFTMXR4emVpN2dOSEptWVVCbUUvLzNYSWdleGthMGcva0l6ZlltVWdTZCs4SDV2NGdmak5CdkxHSHEvL2tYakthQ3FSdVpNdlRCcnc0aHZ4elZDSVZLZVNGUnUvUms1OVg4QURyQ1BwdU5SYktqVjJVR0xYVUR5RG1tR0wxNitqdXUvWS9xdGgybEdTLzlWdlJESFpQZ1gwZFFqRUFvbC8zZFdzTkY5Qng2M05menVFbHlLMjM3Q0gxd2dPTS9OS0FkajBkQUd4MTVHeXNJYkZ1cTRuaVIxODJtMVY0WkhtbVVXSGM1a1BWNGVkYk1yc1dJNitvd0ZUdDB4blVva3l4VVV3dzVld1RjWEwxanZuYTFpbm80a2YvczBYcz0iLCJjb250ZW50IjoiW2NvbnRhY3QtZmllbGQgbGFiZWw9XCJOYW1uXCIgdHlwZT1cIm5hbWVcIiByZXF1aXJlZD1cIjFcIl1bY29udGFjdC1maWVsZCBsYWJlbD1cIkUtcG9zdFwiIHR5cGU9XCJlbWFpbFwiIHJlcXVpcmVkPVwiMVwiXVtjb250YWN0LWZpZWxkIGxhYmVsPVwiTWVkZGVsYW5kZVwiIHR5cGU9XCJ0ZXh0YXJlYVwiXSIsImhhc2giOiJmMWUxYzY3MmJiZjliNGM5ZDZkMmY0YWRkZTc4OWVmMGFkNGI2MjdiIiwic291cmNlIjp7ImVudHJ5X3RpdGxlIjoiS3JhdmxlZG5pbmcgaSBJVC1wcm9qZWt0IiwiZW50cnlfcGFnZSI6MSwic291cmNlX2lkIjoyNjA1LCJzb3VyY2VfdHlwZSI6InNpbmdsZSIsInJlcXVlc3RfdXJsIjoiaHR0cHM6Ly9yZXB1YmxpZnkuc2Uvd3AtanNvbi93cC92Mi9wcm9kdWN0LzI2MDUifSwidmVyc2lvbiI6MiwiY2lwaGVyIjoiYWVzLTI1Ni1nY20ifQ.1jJG7hoaryJG4SXt5p65cQh5As8hZZxz1XBLKNB13NA' \/>\n\n<div style=\"\"  data-wp-interactive=\"jetpack\/form\" data-wp-context='{\"fieldId\":\"g2605-namn\",\"fieldType\":\"name\",\"fieldLabel\":\"Namn\",\"fieldValue\":\"\",\"fieldPlaceholder\":\"\",\"fieldIsRequired\":\"1\",\"fieldErrorMessage\":\"\",\"fieldExtra\":[],\"formHash\":\"f1e1c672bbf9b4c9d6d2f4adde789ef0ad4b627b\"}'  class='grunion-field-name-wrap grunion-field-wrap'  data-wp-init='callbacks.initializeField' data-wp-on--jetpack-form-reset='callbacks.initializeField' >\n<label\n\t\t\t\tfor='g2605-namn' class=\"grunion-field-label name\" >Namn<span class=\"grunion-label-required\" aria-hidden=\"true\">(obligatoriskt)<\/span><\/label>\n<input\n\t\t\t\t\ttype='text'\n\t\t\t\t\tname='g2605-namn'\n\t\t\t\t\tid='g2605-namn'\n\t\t\t\t\tvalue=''\n\n\t\t\t\t\tdata-wp-bind--aria-invalid='state.fieldAriaInvalid'\n\t\t\t\t\tdata-wp-bind--value='state.getFieldValue'\n\t\t\t\t\taria-describedby='g2605-namn-text-error-message'\n\t\t\t\t\tdata-wp-on--input='actions.onFieldChange'\n\t\t\t\t\tdata-wp-on--blur='actions.onFieldBlur'\n\t\t\t\t\tdata-wp-class--has-value='state.hasFieldValue'\n\n\t\t\t\t\tclass='name  grunion-field' \n\t\t\t\t\trequired='true' aria-required='true'  \/>\n \n\t\t\t<div id=\"g2605-namn-text-error\" class=\"contact-form__input-error\" data-wp-class--has-errors=\"state.fieldHasErrors\">\n\t\t\t\t<span class=\"contact-form__warning-icon\" aria-hidden=\"true\">\n\t\t\t\t\t<svg width=\"16\" height=\"16\" viewBox=\"0 0 16 16\" fill=\"none\" xmlns=\"http:\/\/www.w3.org\/2000\/svg\">\n\t\t\t\t\t\t<path d=\"M8.50015 11.6402H7.50015V10.6402H8.50015V11.6402Z\" \/>\n\t\t\t\t\t\t<path d=\"M7.50015 9.64018H8.50015V6.30684H7.50015V9.64018Z\" \/>\n\t\t\t\t\t\t<path fill-rule=\"evenodd\" clip-rule=\"evenodd\" d=\"M6.98331 3.0947C7.42933 2.30177 8.57096 2.30177 9.01698 3.09469L13.8771 11.7349C14.3145 12.5126 13.7525 13.4735 12.8602 13.4735H3.14004C2.24774 13.4735 1.68575 12.5126 2.12321 11.7349L6.98331 3.0947ZM8.14541 3.58496C8.08169 3.47168 7.9186 3.47168 7.85488 3.58496L2.99478 12.2251C2.93229 12.3362 3.01257 12.4735 3.14004 12.4735H12.8602C12.9877 12.4735 13.068 12.3362 13.0055 12.2251L8.14541 3.58496Z\" \/>\n\t\t\t\t\t<\/svg>\n\t\t\t\t<\/span>\n\t\t\t\t<span data-wp-text=\"state.errorMessage\" id=\"g2605-namn-text-error-message\"><\/span>\n\t\t\t<\/div> \n\t<\/div>\n\n<div style=\"\"  data-wp-interactive=\"jetpack\/form\" data-wp-context='{\"fieldId\":\"g2605-epost\",\"fieldType\":\"email\",\"fieldLabel\":\"E-post\",\"fieldValue\":\"\",\"fieldPlaceholder\":\"\",\"fieldIsRequired\":\"1\",\"fieldErrorMessage\":\"\",\"fieldExtra\":[],\"formHash\":\"f1e1c672bbf9b4c9d6d2f4adde789ef0ad4b627b\"}'  class='grunion-field-email-wrap grunion-field-wrap'  data-wp-init='callbacks.initializeField' data-wp-on--jetpack-form-reset='callbacks.initializeField' >\n<label\n\t\t\t\tfor='g2605-epost' class=\"grunion-field-label email\" >E-post<span class=\"grunion-label-required\" aria-hidden=\"true\">(obligatoriskt)<\/span><\/label>\n<input\n\t\t\t\t\ttype='email'\n\t\t\t\t\tname='g2605-epost'\n\t\t\t\t\tid='g2605-epost'\n\t\t\t\t\tvalue=''\n\n\t\t\t\t\tdata-wp-bind--aria-invalid='state.fieldAriaInvalid'\n\t\t\t\t\tdata-wp-bind--value='state.getFieldValue'\n\t\t\t\t\taria-describedby='g2605-epost-email-error-message'\n\t\t\t\t\tdata-wp-on--input='actions.onFieldChange'\n\t\t\t\t\tdata-wp-on--blur='actions.onFieldBlur'\n\t\t\t\t\tdata-wp-class--has-value='state.hasFieldValue'\n\n\t\t\t\t\tclass='email  grunion-field' \n\t\t\t\t\trequired='true' aria-required='true'  \/>\n \n\t\t\t<div id=\"g2605-epost-email-error\" class=\"contact-form__input-error\" data-wp-class--has-errors=\"state.fieldHasErrors\">\n\t\t\t\t<span class=\"contact-form__warning-icon\" aria-hidden=\"true\">\n\t\t\t\t\t<svg width=\"16\" height=\"16\" viewBox=\"0 0 16 16\" fill=\"none\" xmlns=\"http:\/\/www.w3.org\/2000\/svg\">\n\t\t\t\t\t\t<path d=\"M8.50015 11.6402H7.50015V10.6402H8.50015V11.6402Z\" \/>\n\t\t\t\t\t\t<path d=\"M7.50015 9.64018H8.50015V6.30684H7.50015V9.64018Z\" \/>\n\t\t\t\t\t\t<path fill-rule=\"evenodd\" clip-rule=\"evenodd\" d=\"M6.98331 3.0947C7.42933 2.30177 8.57096 2.30177 9.01698 3.09469L13.8771 11.7349C14.3145 12.5126 13.7525 13.4735 12.8602 13.4735H3.14004C2.24774 13.4735 1.68575 12.5126 2.12321 11.7349L6.98331 3.0947ZM8.14541 3.58496C8.08169 3.47168 7.9186 3.47168 7.85488 3.58496L2.99478 12.2251C2.93229 12.3362 3.01257 12.4735 3.14004 12.4735H12.8602C12.9877 12.4735 13.068 12.3362 13.0055 12.2251L8.14541 3.58496Z\" \/>\n\t\t\t\t\t<\/svg>\n\t\t\t\t<\/span>\n\t\t\t\t<span data-wp-text=\"state.errorMessage\" id=\"g2605-epost-email-error-message\"><\/span>\n\t\t\t<\/div> \n\t<\/div>\n\n<div style=\"\"  data-wp-interactive=\"jetpack\/form\" data-wp-context='{\"fieldId\":\"g2605-meddelande\",\"fieldType\":\"textarea\",\"fieldLabel\":\"Meddelande\",\"fieldValue\":\"\",\"fieldPlaceholder\":\"\",\"fieldIsRequired\":\"\",\"fieldErrorMessage\":\"\",\"fieldExtra\":[],\"formHash\":\"f1e1c672bbf9b4c9d6d2f4adde789ef0ad4b627b\"}'  class='grunion-field-textarea-wrap grunion-field-wrap'  data-wp-init='callbacks.initializeField' data-wp-on--jetpack-form-reset='callbacks.initializeField' >\n<label\n\t\t\t\tfor='contact-form-comment-g2605-meddelande' class=\"grunion-field-label textarea\" >Meddelande<\/label>\n<textarea\n\t\t                style=''\n\t\t                name='g2605-meddelande'\n\t\t                id='contact-form-comment-g2605-meddelande'\n\t\t                rows='20'\n\t\t\t\t\t\tdata-wp-text='state.getFieldValue'\n\t\t\t\t\t\tdata-wp-on--input='actions.onFieldChange'\n\t\t\t\t\t\tdata-wp-on--blur='actions.onFieldBlur'\n\t\t\t\t\t\tdata-wp-class--has-value='state.hasFieldValue'\n\t\t\t\t\t\taria-describedby='g2605-meddelande-textarea-error-message'\n\t\t\t\t\t\tdata-wp-bind--aria-invalid='state.fieldAriaInvalid'\n\t\t\t\t\t\tclass='textarea  grunion-field'  ><\/textarea>\n \n\t\t\t<div id=\"g2605-meddelande-textarea-error\" class=\"contact-form__input-error\" data-wp-class--has-errors=\"state.fieldHasErrors\">\n\t\t\t\t<span class=\"contact-form__warning-icon\" aria-hidden=\"true\">\n\t\t\t\t\t<svg width=\"16\" height=\"16\" viewBox=\"0 0 16 16\" fill=\"none\" xmlns=\"http:\/\/www.w3.org\/2000\/svg\">\n\t\t\t\t\t\t<path d=\"M8.50015 11.6402H7.50015V10.6402H8.50015V11.6402Z\" \/>\n\t\t\t\t\t\t<path d=\"M7.50015 9.64018H8.50015V6.30684H7.50015V9.64018Z\" \/>\n\t\t\t\t\t\t<path fill-rule=\"evenodd\" clip-rule=\"evenodd\" d=\"M6.98331 3.0947C7.42933 2.30177 8.57096 2.30177 9.01698 3.09469L13.8771 11.7349C14.3145 12.5126 13.7525 13.4735 12.8602 13.4735H3.14004C2.24774 13.4735 1.68575 12.5126 2.12321 11.7349L6.98331 3.0947ZM8.14541 3.58496C8.08169 3.47168 7.9186 3.47168 7.85488 3.58496L2.99478 12.2251C2.93229 12.3362 3.01257 12.4735 3.14004 12.4735H12.8602C12.9877 12.4735 13.068 12.3362 13.0055 12.2251L8.14541 3.58496Z\" \/>\n\t\t\t\t\t<\/svg>\n\t\t\t\t<\/span>\n\t\t\t\t<span data-wp-text=\"state.errorMessage\" id=\"g2605-meddelande-textarea-error-message\"><\/span>\n\t\t\t<\/div>\n\t<\/div>\n\t<p class='contact-submit'>\n<div class=\"contact-form__error\" data-wp-class--show-errors=\"state.showFormErrors\"><span class=\"contact-form__warning-icon\" aria-hidden=\"true\"><i><\/i><\/span><span class=\"contact-form__error-message\" tabindex=\"-1\" data-wp-watch=\"callbacks.focusOnValidationError\" data-wp-text=\"state.getFormErrorMessage\"><\/span><ul aria-label=\"Formul\u00e4rfel\">\n\t\t\t\t<template data-wp-each=\"state.getErrorList\" data-wp-key=\"context.item.id\">\n\t\t\t\t\t<li><a data-wp-bind--href=\"context.item.anchor\" data-wp-on--click=\"actions.scrollIntoView\" data-wp-text=\"context.item.label\"><\/a><\/li>\n\t\t\t\t<\/template>\n\t\t\t\t<\/ul><\/div><div class=\"contact-form__error\" data-wp-class--show-errors=\"state.showSubmissionError\" data-wp-text=\"context.submissionError\" tabindex=\"-1\" data-wp-watch=\"callbacks.focusOnSubmissionError\"><\/div>\t\t<button type='submit' class='pushbutton-wide'>Skicka<\/button>\t\t<input type='hidden' name='contact-form-id' value='2605' \/>\n\t\t<input type='hidden' name='action' value='grunion-contact-form' \/>\n\t\t<input type='hidden' name='contact-form-hash' value='f1e1c672bbf9b4c9d6d2f4adde789ef0ad4b627b' \/>\n\t<\/p>\n<\/form>\n<\/div>\n","protected":false},"excerpt":{"rendered":"<p><strong>Att kravleda i stora och komplexa IT-projekt beh\u00f6ver b\u00e5de r\u00e4tt kompetens och arbetsverktyg. Flera f\u00f6retag och organisationer implementerar nya IT-system som aldrig f\u00f6rr.<\/strong><\/p>\n<p>Att planera kravarbetet f\u00f6r att sedan kunna utveckla ett IT-system kan k\u00e4nnas l\u00e4tt. M\u00e5nga unders\u00f6kningar visar att m\u00e5nga av IT-systemen som man tar fram i ett stort eller komplex IT-projekt eller i f\u00f6rvaltning \u00e4r icke anv\u00e4ndbart. Projekten har ofta en deadline att f\u00f6lja. Utvecklings- och testarbetet ska g\u00e5 fort. Kravarbetet och planering \u00e4r n\u00e5got man gl\u00f6mmer bort.<\/p>\n","protected":false},"featured_media":2606,"comment_status":"open","ping_status":"closed","template":"","meta":{"wds_primary_product_brand":0,"wds_primary_product_cat":0},"product_brand":[],"product_cat":[30,53,32,51],"product_tag":[],"class_list":{"0":"post-2605","1":"product","2":"type-product","3":"status-publish","4":"has-post-thumbnail","6":"product_cat-business","7":"product_cat-kravhantering","8":"product_cat-ledarskap","9":"product_cat-projektledning","11":"first","12":"instock","13":"taxable","14":"shipping-taxable","15":"purchasable","16":"product-type-simple"},"jetpack_sharing_enabled":true,"_links":{"self":[{"href":"https:\/\/republify.se\/index.php\/wp-json\/wp\/v2\/product\/2605","targetHints":{"allow":["GET"]}}],"collection":[{"href":"https:\/\/republify.se\/index.php\/wp-json\/wp\/v2\/product"}],"about":[{"href":"https:\/\/republify.se\/index.php\/wp-json\/wp\/v2\/types\/product"}],"replies":[{"embeddable":true,"href":"https:\/\/republify.se\/index.php\/wp-json\/wp\/v2\/comments?post=2605"}],"wp:featuredmedia":[{"embeddable":true,"href":"https:\/\/republify.se\/index.php\/wp-json\/wp\/v2\/media\/2606"}],"wp:attachment":[{"href":"https:\/\/republify.se\/index.php\/wp-json\/wp\/v2\/media?parent=2605"}],"wp:term":[{"taxonomy":"product_brand","embeddable":true,"href":"https:\/\/republify.se\/index.php\/wp-json\/wp\/v2\/product_brand?post=2605"},{"taxonomy":"product_cat","embeddable":true,"href":"https:\/\/republify.se\/index.php\/wp-json\/wp\/v2\/product_cat?post=2605"},{"taxonomy":"product_tag","embeddable":true,"href":"https:\/\/republify.se\/index.php\/wp-json\/wp\/v2\/product_tag?post=2605"}],"curies":[{"name":"wp","href":"https:\/\/api.w.org\/{rel}","templated":true}]}}