{"id":2604,"date":"2022-03-11T13:37:10","date_gmt":"2022-03-11T12:37:10","guid":{"rendered":"https:\/\/republify.se\/?post_type=product&#038;p=2604"},"modified":"2025-11-21T09:11:03","modified_gmt":"2025-11-21T08:11:03","slug":"projektledning-i-praktiken","status":"publish","type":"product","link":"https:\/\/republify.se\/index.php\/produkt\/projektledning-i-praktiken\/","title":{"rendered":"Projektledning i praktiken"},"content":{"rendered":"<p>M\u00e5nga f\u00f6retag och organisationer implementerar nya IT-system som aldrig f\u00f6rr. Att leda ett IT-projekt f\u00f6r att utveckla ett IT-system beh\u00f6ver inte k\u00e4nnas r\u00e4tt avancerad arbetsuppgift. Men statistiken visar att m\u00e5nga av IT-systemen som man tar fram i ett IT-projekt eller i f\u00f6rvaltning \u00e4r icke anv\u00e4ndbara.<\/p>\n<p>Hur ska du som projektledare samarbeta med andra roller? Vilka m\u00f6ten ska du ha f\u00f6r att lyckas? Vad ska du t\u00e4nka p\u00e5 i olika faser? Hur ska du bygga en bra grund f\u00f6r ditt projekt s\u00e5 du kunna lyckas med det? Finns det n\u00e5gon fungerande metod f\u00f6r att en stor organisation skall kunna lyckas med ett stort eller komplext IT-projekt?<\/p>\n<p><strong>M\u00e5lgrupp<\/strong><\/p>\n<p>Detta \u00e4r utbildningen f\u00f6r dig som antingen idag arbetar som projektledare och vill f\u00e5 praktiska tips f\u00f6r arbetsvardagen alternativt f\u00f6r dig som skall g\u00e5 in i rollen som projektledare<\/p>\n<p><strong>Kursm\u00e5l<\/strong><\/p>\n<p>Vi erbjuder dig en utbildning som l\u00e4gger fram viktiga kriterier man ska t\u00e4nka p\u00e5 hur du ska leda ett komplex IT-projekt. V\u00e5rt m\u00e5l \u00e4r att l\u00e4ra dig hur du ska strukturera upp och genomf\u00f6ra ditt projekt genom praktiska \u00f6vningar f\u00f6r att resultera ett framg\u00e5ngsrikt projekt.\u00a0 Du kommer att jobba med projektets alla faser, som projektinitiering, f\u00f6rberedelse till genomf\u00f6rande, avslutning och uppf\u00f6ljning.<\/p>\n<p><strong>Inneh\u00e5ll under dagarna:<\/strong><\/p>\n<ul>\n<li>Genomg\u00e5ng av viktiga begrepp och roller<\/li>\n<li>Genomg\u00e5ng av metoder och modeller<\/li>\n<li>Genomg\u00e5ng av ursakar och framg\u00e5ngsfaktorer f\u00f6r ett IT-projekt<\/li>\n<li>Utmaningar med modeller och roller som har liknande arbetsuppgifter<\/li>\n<li>Genomg\u00e5ng av projektstyrningsmodeller och dess faser fr\u00e5n initiering till avslut<\/li>\n<li>Genomg\u00e5ng av viktiga m\u00f6ten<\/li>\n<li>Genomg\u00e5ng av viktiga roller<\/li>\n<li>Olika tekniker f\u00f6r att h\u00e5lla workshops<\/li>\n<li>Genomg\u00e5ng av ett verktyg f\u00f6r styrning av projekt<\/li>\n<li>Praktiska \u00f6vningar f\u00f6r att ta fram viktiga specifikationer<\/li>\n<\/ul>\n<p>&nbsp;<\/p>\n<p><strong>Utbildningens m\u00e5l:<\/strong><\/p>\n<p>Efter avslutad kurs har du<\/p>\n<ul>\n<li>f\u00e5tt k\u00e4nnedom om olika begrepp som anv\u00e4nds inom projektledning<\/li>\n<li>f\u00e5tt k\u00e4nnedom om olika roller i samband med ett projekt<\/li>\n<li>utvecklat kunskaper om, och f\u00e4rdigheter i, projektledning.<\/li>\n<li>l\u00e4rt dig olika insamlingstekniker f\u00f6r att h\u00e5lla workshops<\/li>\n<li>utvecklat dina kunskaper om olika projektmodeller och dess faser fr\u00e5n initiering till avslut<\/li>\n<li>f\u00e5tt k\u00e4nnedom om olika modeller som anv\u00e4nds och hur de skiljer sig<\/li>\n<li>f\u00e5tt k\u00e4nnedom om verktyg som anv\u00e4nds f\u00f6r att underl\u00e4tta ditt dagliga arbete<\/li>\n<li>f\u00e5tt k\u00e4nnedom om skillnader mellan den agila och den traditionella projektledaren<\/li>\n<li>l\u00e4rt dig att planera och genomf\u00f6ra ett projekt i praktiken<\/li>\n<li>l\u00e4rt dig hur samarbetet g\u00e5r till inom och utanf\u00f6r projektet<\/li>\n<li>f\u00e5tt k\u00e4nnedom om viktiga m\u00f6ten och deltagande<\/li>\n<li>l\u00e4rt tid att ta fram viktiga specifikationer\/rapport som beh\u00f6vs f\u00f6r att genomf\u00f6ra ett projekt<\/li>\n<li>utvecklat dina kunskaper om projektledarens roll och agerande<\/li>\n<li>l\u00e4rt dig hantera olika aktiviteter i varje fas i praktiken<\/li>\n<li>l\u00e4rt dig administrera ditt projekt i ett verktyg<\/li>\n<\/ul>\n<p>&nbsp;<\/p>\n<h3>Kursen levereras i samarbete med<\/h3>\n<p><img decoding=\"async\" class=\"alignnone size-medium wp-image-1242 lazyload\" data-src=\"https:\/\/republify.se\/wp-content\/uploads\/2022\/02\/DocebIT_Logo-300x96.jpg\" alt=\"\" width=\"300\" height=\"96\" data-srcset=\"https:\/\/republify.se\/wp-content\/uploads\/2022\/02\/DocebIT_Logo-300x96.jpg 300w, https:\/\/republify.se\/wp-content\/uploads\/2022\/02\/DocebIT_Logo-scaled-600x191.jpg 600w, https:\/\/republify.se\/wp-content\/uploads\/2022\/02\/DocebIT_Logo-1024x327.jpg 1024w, https:\/\/republify.se\/wp-content\/uploads\/2022\/02\/DocebIT_Logo-768x245.jpg 768w, https:\/\/republify.se\/wp-content\/uploads\/2022\/02\/DocebIT_Logo-1536x490.jpg 1536w, https:\/\/republify.se\/wp-content\/uploads\/2022\/02\/DocebIT_Logo-2048x654.jpg 2048w\" data-sizes=\"(max-width: 300px) 100vw, 300px\" src=\"data:image\/svg+xml;base64,PHN2ZyB3aWR0aD0iMSIgaGVpZ2h0PSIxIiB4bWxucz0iaHR0cDovL3d3dy53My5vcmcvMjAwMC9zdmciPjwvc3ZnPg==\" style=\"--smush-placeholder-width: 300px; --smush-placeholder-aspect-ratio: 300\/96;\" \/><\/p>\n<h2>Kontakta oss om denna kurs<\/h2>\n<div data-test='contact-form'\n\t\t\tid='contact-form-2604'\n\t\t\tclass='jetpack-contact-form-container '\n\t\t\tdata-wp-interactive='jetpack\/form' data-wp-context='{\"formId\":\"2604\",\"formHash\":\"05282e202f71dca06fc2e0ca6f892606e06bcd93\",\"showErrors\":false,\"errors\":[],\"fields\":[],\"isMultiStep\":false,\"useAjax\":true,\"submissionData\":null,\"formattedSubmissionData\":[],\"submissionSuccess\":false,\"submissionError\":null,\"elementId\":\"jp-form-05282e202f71dca06fc2e0ca6f892606e06bcd93\",\"isSingleInputForm\":false,\"isForcedHorizontal\":false}'\n\t\t\tdata-wp-watch--scroll-to-wrapper=\"callbacks.scrollToWrapper\"\n\t\t>\n<div class=\"contact-form-submission contact-form-ajax-submission\" data-wp-bind--aria-hidden=\"state.isSuccessMessageAriaHidden\" data-wp-class--submission-success=\"context.submissionSuccess\" id=\"contact-form-success-05282e202f71dca06fc2e0ca6f892606e06bcd93\" tabindex=\"-1\" aria-labelledby=\"contact-form-success-header-05282e202f71dca06fc2e0ca6f892606e06bcd93\"><p class=\"go-back-message\"><a class=\"link\" role=\"button\" tabindex=\"0\" data-wp-on--click=\"actions.goBack\" href=\"\/index.php\/wp-json\/wp\/v2\/product\/2604\">\u2190 Tillbaka<\/a><\/p><h4 data-wp-bind--aria-hidden=\"state.isSuccessMessageAriaHidden\" id=\"contact-form-success-header-05282e202f71dca06fc2e0ca6f892606e06bcd93\">Tack f\u00f6r din respons. \u2728<\/h4>\n\n<template data-wp-each--submission=\"context.formattedSubmissionData\">\n\t\t\t\t\t<div class=\"jetpack_forms_contact-form-success-summary\">\n\t\t\t\t\t\t<div class=\"field-name-wrapper\">\n\t\t\t\t\t\t\t<div class=\"field-type-icon\" data-wp-watch=\"callbacks.watchFieldTypeIcon\"><\/div>\n\t\t\t\t\t\t\t<div class=\"field-name\" data-wp-text=\"context.submission.label\" data-wp-bind--hidden=\"!context.submission.label\"><\/div>\n\t\t\t\t\t\t<\/div>\n\t\t\t\t\t\t<div class=\"field-value\" data-wp-text=\"context.submission.value\" data-wp-bind--hidden=\"!context.submission.showPlainValue\"><\/div>\n\t\t\t\t\t\t<a class=\"field-url\" data-wp-bind--href=\"context.submission.url\" data-wp-text=\"context.submission.value\" data-wp-bind--hidden=\"!context.submission.url\" target=\"_blank\" rel=\"noopener noreferrer\"><\/a>\n\t\t\t\t\t\t<div class=\"field-rating\" data-wp-bind--hidden=\"!context.submission.rating\" data-wp-watch=\"callbacks.watchRatingIcons\"><\/div>\n\t\t\t\t\t\t<div class=\"field-images\" data-wp-bind--hidden=\"!context.submission.images\">\n\t\t\t\t\t\t\t<template data-wp-each--image=\"context.submission.images\">\n\t\t\t\t\t\t\t\t<div class=\"field-image-option\" data-wp-class--is-empty=\"!context.image.src\">\n\t\t\t\t\t\t\t\t\t<figure class=\"field-image-option__image\" data-wp-class--is-empty=\"!context.image.src\">\n\t\t\t\t\t\t\t\t\t\t<img data-wp-bind--src=\"context.image.src\" data-wp-bind--hidden=\"!context.image.src\" \/>\n\t\t\t\t\t\t\t\t\t\t<img decoding=\"async\" src=\"data:image\/gif;base64,R0lGODlhAQABAAD\/ACwAAAAAAQABAAACADs=\" data-wp-bind--hidden=\"context.image.src\" \/>\n\t\t\t\t\t\t\t\t\t<\/figure>\n\t\t\t\t\t\t\t\t\t<div class=\"field-image-option__label-wrapper\">\n\t\t\t\t\t\t\t\t\t\t<span class=\"field-image-option__label-code\" data-wp-text=\"context.image.letterCode\"><\/span>\n\t\t\t\t\t\t\t\t\t\t<span class=\"field-image-option__label\" data-wp-text=\"context.image.label\" data-wp-bind--hidden=\"!context.image.label\"><\/span>\n\t\t\t\t\t\t\t\t\t<\/div>\n\t\t\t\t\t\t\t\t<\/div>\n\t\t\t\t\t\t\t<\/template>\n\t\t\t\t\t\t<\/div>\n\t\t\t\t\t\t<div class=\"field-files\" data-wp-bind--hidden=\"!context.submission.files\">\n\t\t\t\t\t\t\t<template data-wp-each--file=\"context.submission.files\">\n\t\t\t\t\t\t\t\t<div class=\"field-file\">\n\t\t\t\t\t\t\t\t\t<div class=\"field-file__thumbnail\" data-wp-style--background-image=\"context.file.previewUrl\" data-wp-style--mask-image=\"context.file.iconUrl\" data-wp-bind--hidden=\"!context.file.hasPreview\"><\/div>\n\t\t\t\t\t\t\t\t\t<svg class=\"field-file__icon\" data-wp-bind--hidden=\"context.file.hasPreview\" width=\"20\" height=\"20\" viewBox=\"0 0 24 24\" fill=\"none\" xmlns=\"http:\/\/www.w3.org\/2000\/svg\" aria-hidden=\"true\">\n\t\t\t\t\t\t\t\t\t\t<path d=\"M14 2H6C4.9 2 4 2.9 4 4V20C4 21.1 4.89 22 5.99 22H18C19.1 22 20 21.1 20 20V8L14 2ZM18 20H6V4H13V9H18V20Z\" fill=\"currentColor\"\/>\n\t\t\t\t\t\t\t\t\t<\/svg>\n\t\t\t\t\t\t\t\t\t<span class=\"field-file__name\" data-wp-text=\"context.file.name\"><\/span>\n\t\t\t\t\t\t\t\t\t<span class=\"field-file__size\" data-wp-text=\"context.file.size\"><\/span>\n\t\t\t\t\t\t\t\t<\/div>\n\t\t\t\t\t\t\t<\/template>\n\t\t\t\t\t\t<\/div>\n\t\t\t\t\t<\/div>\n\t\t\t\t<\/template><\/div><form action='https:\/\/republify.se\/index.php\/produkt\/projektledning-i-praktiken\/'\n\t\t\t\tid='jp-form-05282e202f71dca06fc2e0ca6f892606e06bcd93'\n\t\t\t\tmethod='post'\n\t\t\t\tclass='contact-form commentsblock jetpack-contact-form__form has-no-jetpack-form-layout' aria-label=\"Projektledning i praktiken\"\n\t\t\t\tdata-wp-on--submit=\"actions.onFormSubmit\"\n\t\t\t\tdata-wp-on--reset=\"actions.onFormReset\"\n\t\t\t\tdata-wp-class--submission-success=\"context.submissionSuccess\"\n\t\t\t\tdata-wp-class--is-first-step=\"state.isFirstStep\"\n\t\t\t\tdata-wp-class--is-last-step=\"state.isLastStep\"\n\t\t\t\tdata-wp-class--is-ajax-form=\"context.useAjax\"\n\t\t\t\tnovalidate >\n<input type='hidden' name='jetpack_contact_form_jwt' value='eyJ0eXAiOiJKV1QiLCJhbGciOiJIUzI1NiJ9.eyJlbmNyeXB0ZWRfYXR0cmlidXRlcyI6IkJOSVNobGFxS3dEV1lhYTZDNVRFME9vRHIxSkR0MGpwTmtCS1ZVVnZjTFhVanpia2VrVE9qUGJnREtIVHpxOVk0MGdsb0NBQStraUlNN1RxQ2JwK2MvSWFqZnNCeWxVcC9hVWFDQ2pYdFQ0M0NnMElHQVlnVWRweGJsYWYvMjZFZDRFQ04weDRPckpOYmg3ZDZCOUlNcENuTi95RUdUWExHZmNxQ1FUeFNSSzVWak9qYm1ibDlhR2RuSDdyTUNFVDZ4eEcwcHZwSGdtUVNCUjlwMUl3eW1nVlo1NTdPUmlGZUowTDZJU05obVBoVUNYTVRoWWZacGRQTHZadG0zelNYL1VsNWNXR1RaTXY4MFZHYmZCaFIvMitDcHBKdWM3Vlo1TzB5SWd5aVR1RFNHWkhZSUJoY2dCN2dNZFFWWWx3Q0xwbGY4Z2FLOWdNRmJPczRPcDBuOUhITFJqMG8xOWtpelBxOXdpWGNld2NwY3FCdzdTSjhsYTdGY2JmcTNKeDV6SDN1K0VqYzZLbkdIRTJhQ1VENTFBRVg3dW9IT2NMK3JXcUpmZWZKb0ZoOGVYMmh3Y0RHVzRkelBaNk90ODNLMktXUFNKS0JpWWwvdkhUYmNWNm15MHlIbWo2RDFncjBwR3lrM1VUZXNTQmRpM0g3THVwMDkvdEE0L3d6dnhZNUFrMU9mb3BabzFGdlVYRnlsVzVjVGR4bWh1ZHcvNVJRb3FPZUlBUllKdG1GejkxWWhvNmN0Z2JMc3krZmlOcnY5YWVUblNTaG5HRjk4RDVrTmhMVVpkdzRaR3V2b0ZRaUgrRFJKWnJkelc2ODZBbHM4VnBkRnpRZnNpZGFJZ3JzbmIxcW1td2kxU3FOakkyWkNXcnAvZ3NpRFpZVy9KamJvcmtveFhrVE1OOWFicVlaMTlYNFBkT0dXZFk5WUtrQktRYnBjcCt3S1pvRmlZZ25Od241QW9WeVFTRCtUWXpiVEt6SVJwZm5yZ3pENW1meTk1aHNwRmpsUmtQYjRGME9RYXNpZHpORDV1NFp0eDM2bmtXL0JiMlFjRWZaazJyQVJWQ2J4UzFVRkxWRnQyM3FnQ0pud0ZCSlR1SXJTRXA2MFpKR1doV1g5WWRrdFRneWdhZktuUkVjeTVuc0tZc1poMk9pM1NIWWV6MGVscFEzZ0RiMFVQeEFhbm9IMjZqdWs2U2tIZ2xraHVxZUxYWHExa3JTTmJ0ZjNFdmdYdStiZz09IiwiY29udGVudCI6Iltjb250YWN0LWZpZWxkIGxhYmVsPVwiTmFtblwiIHR5cGU9XCJuYW1lXCIgcmVxdWlyZWQ9XCIxXCJdW2NvbnRhY3QtZmllbGQgbGFiZWw9XCJFLXBvc3RcIiB0eXBlPVwiZW1haWxcIiByZXF1aXJlZD1cIjFcIl1bY29udGFjdC1maWVsZCBsYWJlbD1cIk1lZGRlbGFuZGVcIiB0eXBlPVwidGV4dGFyZWFcIl0iLCJoYXNoIjoiMDUyODJlMjAyZjcxZGNhMDZmYzJlMGNhNmY4OTI2MDZlMDZiY2Q5MyIsInNvdXJjZSI6eyJlbnRyeV90aXRsZSI6IlByb2pla3RsZWRuaW5nIGkgcHJha3Rpa2VuIiwiZW50cnlfcGFnZSI6MSwic291cmNlX2lkIjoyNjA0LCJzb3VyY2VfdHlwZSI6InNpbmdsZSIsInJlcXVlc3RfdXJsIjoiaHR0cHM6Ly9yZXB1YmxpZnkuc2Uvd3AtanNvbi93cC92Mi9wcm9kdWN0LzI2MDQifSwidmVyc2lvbiI6MiwiY2lwaGVyIjoiYWVzLTI1Ni1nY20ifQ.EXccnuRzmQWA-x84n06bslZ8qU9WqSY3dt6e-hZnGNo' \/>\n\n<div style=\"\"  data-wp-interactive=\"jetpack\/form\" data-wp-context='{\"fieldId\":\"g2604-namn\",\"fieldType\":\"name\",\"fieldLabel\":\"Namn\",\"fieldValue\":\"\",\"fieldPlaceholder\":\"\",\"fieldIsRequired\":\"1\",\"fieldErrorMessage\":\"\",\"fieldExtra\":[],\"formHash\":\"05282e202f71dca06fc2e0ca6f892606e06bcd93\"}'  class='grunion-field-name-wrap grunion-field-wrap'  data-wp-init='callbacks.initializeField' data-wp-on--jetpack-form-reset='callbacks.initializeField' >\n<label\n\t\t\t\tfor='g2604-namn' class=\"grunion-field-label name\" >Namn<span class=\"grunion-label-required\" aria-hidden=\"true\">(obligatoriskt)<\/span><\/label>\n<input\n\t\t\t\t\ttype='text'\n\t\t\t\t\tname='g2604-namn'\n\t\t\t\t\tid='g2604-namn'\n\t\t\t\t\tvalue=''\n\n\t\t\t\t\tdata-wp-bind--aria-invalid='state.fieldAriaInvalid'\n\t\t\t\t\tdata-wp-bind--value='state.getFieldValue'\n\t\t\t\t\taria-describedby='g2604-namn-text-error-message'\n\t\t\t\t\tdata-wp-on--input='actions.onFieldChange'\n\t\t\t\t\tdata-wp-on--blur='actions.onFieldBlur'\n\t\t\t\t\tdata-wp-class--has-value='state.hasFieldValue'\n\n\t\t\t\t\tclass='name  grunion-field' \n\t\t\t\t\trequired='true' aria-required='true'  \/>\n \n\t\t\t<div id=\"g2604-namn-text-error\" class=\"contact-form__input-error\" data-wp-class--has-errors=\"state.fieldHasErrors\">\n\t\t\t\t<span class=\"contact-form__warning-icon\" aria-hidden=\"true\">\n\t\t\t\t\t<svg width=\"16\" height=\"16\" viewBox=\"0 0 16 16\" fill=\"none\" xmlns=\"http:\/\/www.w3.org\/2000\/svg\">\n\t\t\t\t\t\t<path d=\"M8.50015 11.6402H7.50015V10.6402H8.50015V11.6402Z\" \/>\n\t\t\t\t\t\t<path d=\"M7.50015 9.64018H8.50015V6.30684H7.50015V9.64018Z\" \/>\n\t\t\t\t\t\t<path fill-rule=\"evenodd\" clip-rule=\"evenodd\" d=\"M6.98331 3.0947C7.42933 2.30177 8.57096 2.30177 9.01698 3.09469L13.8771 11.7349C14.3145 12.5126 13.7525 13.4735 12.8602 13.4735H3.14004C2.24774 13.4735 1.68575 12.5126 2.12321 11.7349L6.98331 3.0947ZM8.14541 3.58496C8.08169 3.47168 7.9186 3.47168 7.85488 3.58496L2.99478 12.2251C2.93229 12.3362 3.01257 12.4735 3.14004 12.4735H12.8602C12.9877 12.4735 13.068 12.3362 13.0055 12.2251L8.14541 3.58496Z\" \/>\n\t\t\t\t\t<\/svg>\n\t\t\t\t<\/span>\n\t\t\t\t<span data-wp-text=\"state.errorMessage\" id=\"g2604-namn-text-error-message\"><\/span>\n\t\t\t<\/div> \n\t<\/div>\n\n<div style=\"\"  data-wp-interactive=\"jetpack\/form\" data-wp-context='{\"fieldId\":\"g2604-epost\",\"fieldType\":\"email\",\"fieldLabel\":\"E-post\",\"fieldValue\":\"\",\"fieldPlaceholder\":\"\",\"fieldIsRequired\":\"1\",\"fieldErrorMessage\":\"\",\"fieldExtra\":[],\"formHash\":\"05282e202f71dca06fc2e0ca6f892606e06bcd93\"}'  class='grunion-field-email-wrap grunion-field-wrap'  data-wp-init='callbacks.initializeField' data-wp-on--jetpack-form-reset='callbacks.initializeField' >\n<label\n\t\t\t\tfor='g2604-epost' class=\"grunion-field-label email\" >E-post<span class=\"grunion-label-required\" aria-hidden=\"true\">(obligatoriskt)<\/span><\/label>\n<input\n\t\t\t\t\ttype='email'\n\t\t\t\t\tname='g2604-epost'\n\t\t\t\t\tid='g2604-epost'\n\t\t\t\t\tvalue=''\n\n\t\t\t\t\tdata-wp-bind--aria-invalid='state.fieldAriaInvalid'\n\t\t\t\t\tdata-wp-bind--value='state.getFieldValue'\n\t\t\t\t\taria-describedby='g2604-epost-email-error-message'\n\t\t\t\t\tdata-wp-on--input='actions.onFieldChange'\n\t\t\t\t\tdata-wp-on--blur='actions.onFieldBlur'\n\t\t\t\t\tdata-wp-class--has-value='state.hasFieldValue'\n\n\t\t\t\t\tclass='email  grunion-field' \n\t\t\t\t\trequired='true' aria-required='true'  \/>\n \n\t\t\t<div id=\"g2604-epost-email-error\" class=\"contact-form__input-error\" data-wp-class--has-errors=\"state.fieldHasErrors\">\n\t\t\t\t<span class=\"contact-form__warning-icon\" aria-hidden=\"true\">\n\t\t\t\t\t<svg width=\"16\" height=\"16\" viewBox=\"0 0 16 16\" fill=\"none\" xmlns=\"http:\/\/www.w3.org\/2000\/svg\">\n\t\t\t\t\t\t<path d=\"M8.50015 11.6402H7.50015V10.6402H8.50015V11.6402Z\" \/>\n\t\t\t\t\t\t<path d=\"M7.50015 9.64018H8.50015V6.30684H7.50015V9.64018Z\" \/>\n\t\t\t\t\t\t<path fill-rule=\"evenodd\" clip-rule=\"evenodd\" d=\"M6.98331 3.0947C7.42933 2.30177 8.57096 2.30177 9.01698 3.09469L13.8771 11.7349C14.3145 12.5126 13.7525 13.4735 12.8602 13.4735H3.14004C2.24774 13.4735 1.68575 12.5126 2.12321 11.7349L6.98331 3.0947ZM8.14541 3.58496C8.08169 3.47168 7.9186 3.47168 7.85488 3.58496L2.99478 12.2251C2.93229 12.3362 3.01257 12.4735 3.14004 12.4735H12.8602C12.9877 12.4735 13.068 12.3362 13.0055 12.2251L8.14541 3.58496Z\" \/>\n\t\t\t\t\t<\/svg>\n\t\t\t\t<\/span>\n\t\t\t\t<span data-wp-text=\"state.errorMessage\" id=\"g2604-epost-email-error-message\"><\/span>\n\t\t\t<\/div> \n\t<\/div>\n\n<div style=\"\"  data-wp-interactive=\"jetpack\/form\" data-wp-context='{\"fieldId\":\"g2604-meddelande\",\"fieldType\":\"textarea\",\"fieldLabel\":\"Meddelande\",\"fieldValue\":\"\",\"fieldPlaceholder\":\"\",\"fieldIsRequired\":\"\",\"fieldErrorMessage\":\"\",\"fieldExtra\":[],\"formHash\":\"05282e202f71dca06fc2e0ca6f892606e06bcd93\"}'  class='grunion-field-textarea-wrap grunion-field-wrap'  data-wp-init='callbacks.initializeField' data-wp-on--jetpack-form-reset='callbacks.initializeField' >\n<label\n\t\t\t\tfor='contact-form-comment-g2604-meddelande' class=\"grunion-field-label textarea\" >Meddelande<\/label>\n<textarea\n\t\t                style=''\n\t\t                name='g2604-meddelande'\n\t\t                id='contact-form-comment-g2604-meddelande'\n\t\t                rows='20'\n\t\t\t\t\t\tdata-wp-text='state.getFieldValue'\n\t\t\t\t\t\tdata-wp-on--input='actions.onFieldChange'\n\t\t\t\t\t\tdata-wp-on--blur='actions.onFieldBlur'\n\t\t\t\t\t\tdata-wp-class--has-value='state.hasFieldValue'\n\t\t\t\t\t\taria-describedby='g2604-meddelande-textarea-error-message'\n\t\t\t\t\t\tdata-wp-bind--aria-invalid='state.fieldAriaInvalid'\n\t\t\t\t\t\tclass='textarea  grunion-field'  ><\/textarea>\n \n\t\t\t<div id=\"g2604-meddelande-textarea-error\" class=\"contact-form__input-error\" data-wp-class--has-errors=\"state.fieldHasErrors\">\n\t\t\t\t<span class=\"contact-form__warning-icon\" aria-hidden=\"true\">\n\t\t\t\t\t<svg width=\"16\" height=\"16\" viewBox=\"0 0 16 16\" fill=\"none\" xmlns=\"http:\/\/www.w3.org\/2000\/svg\">\n\t\t\t\t\t\t<path d=\"M8.50015 11.6402H7.50015V10.6402H8.50015V11.6402Z\" \/>\n\t\t\t\t\t\t<path d=\"M7.50015 9.64018H8.50015V6.30684H7.50015V9.64018Z\" \/>\n\t\t\t\t\t\t<path fill-rule=\"evenodd\" clip-rule=\"evenodd\" d=\"M6.98331 3.0947C7.42933 2.30177 8.57096 2.30177 9.01698 3.09469L13.8771 11.7349C14.3145 12.5126 13.7525 13.4735 12.8602 13.4735H3.14004C2.24774 13.4735 1.68575 12.5126 2.12321 11.7349L6.98331 3.0947ZM8.14541 3.58496C8.08169 3.47168 7.9186 3.47168 7.85488 3.58496L2.99478 12.2251C2.93229 12.3362 3.01257 12.4735 3.14004 12.4735H12.8602C12.9877 12.4735 13.068 12.3362 13.0055 12.2251L8.14541 3.58496Z\" \/>\n\t\t\t\t\t<\/svg>\n\t\t\t\t<\/span>\n\t\t\t\t<span data-wp-text=\"state.errorMessage\" id=\"g2604-meddelande-textarea-error-message\"><\/span>\n\t\t\t<\/div>\n\t<\/div>\n\t<p class='contact-submit'>\n<div class=\"contact-form__error\" data-wp-class--show-errors=\"state.showFormErrors\"><span class=\"contact-form__warning-icon\" aria-hidden=\"true\"><i><\/i><\/span><span class=\"contact-form__error-message\" tabindex=\"-1\" data-wp-watch=\"callbacks.focusOnValidationError\" data-wp-text=\"state.getFormErrorMessage\"><\/span><ul aria-label=\"Formul\u00e4rfel\">\n\t\t\t\t<template data-wp-each=\"state.getErrorList\" data-wp-key=\"context.item.id\">\n\t\t\t\t\t<li><a data-wp-bind--href=\"context.item.anchor\" data-wp-on--click=\"actions.scrollIntoView\" data-wp-text=\"context.item.label\"><\/a><\/li>\n\t\t\t\t<\/template>\n\t\t\t\t<\/ul><\/div><div class=\"contact-form__error\" data-wp-class--show-errors=\"state.showSubmissionError\" data-wp-text=\"context.submissionError\" tabindex=\"-1\" data-wp-watch=\"callbacks.focusOnSubmissionError\"><\/div>\t\t<button type='submit' class='pushbutton-wide'>Skicka<\/button>\t\t<input type='hidden' name='contact-form-id' value='2604' \/>\n\t\t<input type='hidden' name='action' value='grunion-contact-form' \/>\n\t\t<input type='hidden' name='contact-form-hash' value='05282e202f71dca06fc2e0ca6f892606e06bcd93' \/>\n\t<\/p>\n<\/form>\n<\/div>\n","protected":false},"excerpt":{"rendered":"<p>M\u00e5nga f\u00f6retag och organisationer implementerar nya IT-system som aldrig f\u00f6rr. Att leda ett IT-projekt f\u00f6r att utveckla ett IT-system beh\u00f6ver inte k\u00e4nnas r\u00e4tt avancerad arbetsuppgift. Men statistiken visar att m\u00e5nga av IT-systemen som man tar fram i ett IT-projekt eller i f\u00f6rvaltning \u00e4r icke anv\u00e4ndbara.<\/p>\n<p>Hur ska du som projektledare samarbeta med andra roller? Vilka m\u00f6ten ska du ha f\u00f6r att lyckas? Vad ska du t\u00e4nka p\u00e5 i olika faser? Hur ska du bygga en bra grund f\u00f6r ditt projekt s\u00e5 du kunna lyckas med det? Finns det n\u00e5gon fungerande metod f\u00f6r att en stor organisation skall kunna lyckas med ett stort eller komplext IT-projekt?<\/p>\n","protected":false},"featured_media":551,"comment_status":"open","ping_status":"closed","template":"","meta":{"wds_primary_product_brand":0,"wds_primary_product_cat":0},"product_brand":[],"product_cat":[30,32,51],"product_tag":[],"class_list":{"0":"post-2604","1":"product","2":"type-product","3":"status-publish","4":"has-post-thumbnail","6":"product_cat-business","7":"product_cat-ledarskap","8":"product_cat-projektledning","10":"first","11":"instock","12":"taxable","13":"shipping-taxable","14":"purchasable","15":"product-type-simple"},"jetpack_sharing_enabled":true,"_links":{"self":[{"href":"https:\/\/republify.se\/index.php\/wp-json\/wp\/v2\/product\/2604","targetHints":{"allow":["GET"]}}],"collection":[{"href":"https:\/\/republify.se\/index.php\/wp-json\/wp\/v2\/product"}],"about":[{"href":"https:\/\/republify.se\/index.php\/wp-json\/wp\/v2\/types\/product"}],"replies":[{"embeddable":true,"href":"https:\/\/republify.se\/index.php\/wp-json\/wp\/v2\/comments?post=2604"}],"wp:featuredmedia":[{"embeddable":true,"href":"https:\/\/republify.se\/index.php\/wp-json\/wp\/v2\/media\/551"}],"wp:attachment":[{"href":"https:\/\/republify.se\/index.php\/wp-json\/wp\/v2\/media?parent=2604"}],"wp:term":[{"taxonomy":"product_brand","embeddable":true,"href":"https:\/\/republify.se\/index.php\/wp-json\/wp\/v2\/product_brand?post=2604"},{"taxonomy":"product_cat","embeddable":true,"href":"https:\/\/republify.se\/index.php\/wp-json\/wp\/v2\/product_cat?post=2604"},{"taxonomy":"product_tag","embeddable":true,"href":"https:\/\/republify.se\/index.php\/wp-json\/wp\/v2\/product_tag?post=2604"}],"curies":[{"name":"wp","href":"https:\/\/api.w.org\/{rel}","templated":true}]}}