{"id":2598,"date":"2022-03-11T12:45:44","date_gmt":"2022-03-11T11:45:44","guid":{"rendered":"https:\/\/republify.se\/?post_type=product&#038;p=2598"},"modified":"2025-11-21T09:12:09","modified_gmt":"2025-11-21T08:12:09","slug":"hjarnkoll-pa-kommunikation","status":"publish","type":"product","link":"https:\/\/republify.se\/index.php\/produkt\/hjarnkoll-pa-kommunikation\/","title":{"rendered":"Hj\u00e4rnkoll p\u00e5 kommunikation"},"content":{"rendered":"<p><strong>Alla ledare och medarbetare kommunicerar, men alla \u00e4r inte kommunikativa. Att kommunicera handlar mer \u00e4n om att bara prata och vidarebefordra tankar och k\u00e4nslor, det handlar om att skapa v\u00e4rde och effektivitet<\/strong><\/p>\n<p>Utbildningen Hj\u00e4rnkoll p\u00e5 kommunikation l\u00e4r dig att skapa v\u00e4rde med hj\u00e4lp av insikter fr\u00e5n den senaste hj\u00e4rnforskningen. Under dessa tv\u00e5 dagar kommer vi att skapa en f\u00f6rst\u00e5else runt b\u00e5de den egna kommunikationsstilen och andras. Med hj\u00e4lp av den senaste forskningen inom neurologin f\u00e5r du ocks\u00e5 insikter i hur du kan undvika missf\u00f6rst\u00e5nd och felaktiga tolkningar. Du f\u00e5r ocks\u00e5 med dig kommunikativa verktyg f\u00f6r hur du kan arbeta med, och f\u00f6rhindra konflikter och negativitet.<\/p>\n<p><strong>M\u00e5lgrupp<\/strong><\/p>\n<p>Utbildningen v\u00e4nder sig till dig som vill utveckla din kommunikativa f\u00f6rm\u00e5ga utifr\u00e5n den senaste hj\u00e4rnforskningen.<\/p>\n<p><strong>F\u00f6rkunskaper<\/strong><\/p>\n<p>Denna utbildning kr\u00e4ver inga speciella f\u00f6rkunskaper<\/p>\n<p><strong>Kursinneh\u00e5ll<\/strong><\/p>\n<p>Att beh\u00e4rska sin kommunikation har m\u00e5nga f\u00f6rdelar, dels har man l\u00e4ttare att f\u00f6rst\u00e5 sig sj\u00e4lv, dels g\u00f6ra sig f\u00f6rst\u00e5dd och f\u00f6rst\u00e5 andra. Man har l\u00e4ttare f\u00f6r att samarbeta, skapa goda relationer och arbeta mer effektivt. F\u00f6rdelarna \u00e4r m\u00e5nga, man kan till och med f\u00f6rb\u00e4ttra tidigare d\u00e5liga relationer med sitt s\u00e4tt att tala och lyssna.<\/p>\n<p>Studier visar till exempel att ledare och medarbetare som \u00e4r bra p\u00e5 att kommunicera har st\u00f6rre inflytande p\u00e5 attityder, v\u00e4lbefinnande och prestationer. De \u00e4r b\u00e4ttre p\u00e5 att motivera, l\u00f6sa problem och konflikter och n\u00e5 m\u00e5len \u00e4n de som inte \u00e4r kommunikativa.<\/p>\n<p><strong>Ur inneh\u00e5llet<\/strong><\/p>\n<ul>\n<li>Hj\u00e4rnan och kommunikation, filter, tolkningar och missf\u00f6rst\u00e5nd<\/li>\n<li>Vad \u00e4r min kommunikationsstil, styrkor och svagheter<\/li>\n<li>\u00d6verbrygga klyftorna mellan olika kommunikationsstilar<\/li>\n<li>Hur kommunicerar jag utan att v\u00e4cka f\u00f6rsvar<\/li>\n<li>F\u00f6rst\u00e5 grunden f\u00f6r p\u00e5verkan<\/li>\n<li>Bli kommunikativ<\/li>\n<li>F\u00f6rutse och undvika vanliga missf\u00f6rst\u00e5nd \u2013 hur man skapar samf\u00f6rst\u00e5nd<\/li>\n<li>Bli medveten om vad som hindrar dig fr\u00e5n att kommunicera effektivt<\/li>\n<li>Mekanismer f\u00f6r att kunna lyssna effektivt<\/li>\n<li>Utveckla en st\u00f6rre \u00f6ppenhet<\/li>\n<li>Att kommunicera effektivt \u00e4ven i pressade situationer, hantera sv\u00e5ra k\u00e4nslor<\/li>\n<li>Utveckla din emotionella intelligens<\/li>\n<li>Transaktionsanalysen, en modell f\u00f6r kommunikation<\/li>\n<\/ul>\n<p>&nbsp;<\/p>\n<h3>Kursen levereras i samarbete med<\/h3>\n<p><img decoding=\"async\" class=\"alignnone size-full wp-image-1231 lazyload\" data-src=\"https:\/\/republify.se\/wp-content\/uploads\/2022\/02\/Christina_logo.jpg\" alt=\"\" width=\"296\" height=\"74\" src=\"data:image\/svg+xml;base64,PHN2ZyB3aWR0aD0iMSIgaGVpZ2h0PSIxIiB4bWxucz0iaHR0cDovL3d3dy53My5vcmcvMjAwMC9zdmciPjwvc3ZnPg==\" style=\"--smush-placeholder-width: 296px; --smush-placeholder-aspect-ratio: 296\/74;\" \/><\/p>\n<h2>Kontakta oss om denna kurs<\/h2>\n<div data-test='contact-form'\n\t\t\tid='contact-form-2598'\n\t\t\tclass='jetpack-contact-form-container '\n\t\t\tdata-wp-interactive='jetpack\/form' data-wp-context='{\"formId\":\"2598\",\"formHash\":\"6b33f0830c555086f6d8d38431288c4fb7c25218\",\"showErrors\":false,\"errors\":[],\"fields\":[],\"isMultiStep\":false,\"useAjax\":true,\"submissionData\":null,\"formattedSubmissionData\":[],\"submissionSuccess\":false,\"submissionError\":null,\"elementId\":\"jp-form-6b33f0830c555086f6d8d38431288c4fb7c25218\",\"isSingleInputForm\":false,\"isForcedHorizontal\":false}'\n\t\t\tdata-wp-watch--scroll-to-wrapper=\"callbacks.scrollToWrapper\"\n\t\t>\n<div class=\"contact-form-submission contact-form-ajax-submission\" data-wp-bind--aria-hidden=\"state.isSuccessMessageAriaHidden\" data-wp-class--submission-success=\"context.submissionSuccess\" id=\"contact-form-success-6b33f0830c555086f6d8d38431288c4fb7c25218\" tabindex=\"-1\" aria-labelledby=\"contact-form-success-header-6b33f0830c555086f6d8d38431288c4fb7c25218\"><p class=\"go-back-message\"><a class=\"link\" role=\"button\" tabindex=\"0\" data-wp-on--click=\"actions.goBack\" href=\"\/index.php\/wp-json\/wp\/v2\/product\/2598\">\u2190 Tillbaka<\/a><\/p><h4 data-wp-bind--aria-hidden=\"state.isSuccessMessageAriaHidden\" id=\"contact-form-success-header-6b33f0830c555086f6d8d38431288c4fb7c25218\">Tack f\u00f6r din respons. \u2728<\/h4>\n\n<template data-wp-each--submission=\"context.formattedSubmissionData\">\n\t\t\t\t\t<div class=\"jetpack_forms_contact-form-success-summary\">\n\t\t\t\t\t\t<div class=\"field-name-wrapper\">\n\t\t\t\t\t\t\t<div class=\"field-type-icon\" data-wp-watch=\"callbacks.watchFieldTypeIcon\"><\/div>\n\t\t\t\t\t\t\t<div class=\"field-name\" data-wp-text=\"context.submission.label\" data-wp-bind--hidden=\"!context.submission.label\"><\/div>\n\t\t\t\t\t\t<\/div>\n\t\t\t\t\t\t<div class=\"field-value\" data-wp-text=\"context.submission.value\" data-wp-bind--hidden=\"!context.submission.showPlainValue\"><\/div>\n\t\t\t\t\t\t<a class=\"field-url\" data-wp-bind--href=\"context.submission.url\" data-wp-text=\"context.submission.value\" data-wp-bind--hidden=\"!context.submission.url\" target=\"_blank\" rel=\"noopener noreferrer\"><\/a>\n\t\t\t\t\t\t<div class=\"field-rating\" data-wp-bind--hidden=\"!context.submission.rating\" data-wp-watch=\"callbacks.watchRatingIcons\"><\/div>\n\t\t\t\t\t\t<div class=\"field-images\" data-wp-bind--hidden=\"!context.submission.images\">\n\t\t\t\t\t\t\t<template data-wp-each--image=\"context.submission.images\">\n\t\t\t\t\t\t\t\t<div class=\"field-image-option\" data-wp-class--is-empty=\"!context.image.src\">\n\t\t\t\t\t\t\t\t\t<figure class=\"field-image-option__image\" data-wp-class--is-empty=\"!context.image.src\">\n\t\t\t\t\t\t\t\t\t\t<img data-wp-bind--src=\"context.image.src\" data-wp-bind--hidden=\"!context.image.src\" \/>\n\t\t\t\t\t\t\t\t\t\t<img decoding=\"async\" src=\"data:image\/gif;base64,R0lGODlhAQABAAD\/ACwAAAAAAQABAAACADs=\" data-wp-bind--hidden=\"context.image.src\" \/>\n\t\t\t\t\t\t\t\t\t<\/figure>\n\t\t\t\t\t\t\t\t\t<div class=\"field-image-option__label-wrapper\">\n\t\t\t\t\t\t\t\t\t\t<span class=\"field-image-option__label-code\" data-wp-text=\"context.image.letterCode\"><\/span>\n\t\t\t\t\t\t\t\t\t\t<span class=\"field-image-option__label\" data-wp-text=\"context.image.label\" data-wp-bind--hidden=\"!context.image.label\"><\/span>\n\t\t\t\t\t\t\t\t\t<\/div>\n\t\t\t\t\t\t\t\t<\/div>\n\t\t\t\t\t\t\t<\/template>\n\t\t\t\t\t\t<\/div>\n\t\t\t\t\t\t<div class=\"field-files\" data-wp-bind--hidden=\"!context.submission.files\">\n\t\t\t\t\t\t\t<template data-wp-each--file=\"context.submission.files\">\n\t\t\t\t\t\t\t\t<div class=\"field-file\">\n\t\t\t\t\t\t\t\t\t<div class=\"field-file__thumbnail\" data-wp-style--background-image=\"context.file.previewUrl\" data-wp-style--mask-image=\"context.file.iconUrl\" data-wp-bind--hidden=\"!context.file.hasPreview\"><\/div>\n\t\t\t\t\t\t\t\t\t<svg class=\"field-file__icon\" data-wp-bind--hidden=\"context.file.hasPreview\" width=\"20\" height=\"20\" viewBox=\"0 0 24 24\" fill=\"none\" xmlns=\"http:\/\/www.w3.org\/2000\/svg\" aria-hidden=\"true\">\n\t\t\t\t\t\t\t\t\t\t<path d=\"M14 2H6C4.9 2 4 2.9 4 4V20C4 21.1 4.89 22 5.99 22H18C19.1 22 20 21.1 20 20V8L14 2ZM18 20H6V4H13V9H18V20Z\" fill=\"currentColor\"\/>\n\t\t\t\t\t\t\t\t\t<\/svg>\n\t\t\t\t\t\t\t\t\t<span class=\"field-file__name\" data-wp-text=\"context.file.name\"><\/span>\n\t\t\t\t\t\t\t\t\t<span class=\"field-file__size\" data-wp-text=\"context.file.size\"><\/span>\n\t\t\t\t\t\t\t\t<\/div>\n\t\t\t\t\t\t\t<\/template>\n\t\t\t\t\t\t<\/div>\n\t\t\t\t\t<\/div>\n\t\t\t\t<\/template><\/div><form action='https:\/\/republify.se\/index.php\/produkt\/hjarnkoll-pa-kommunikation\/'\n\t\t\t\tid='jp-form-6b33f0830c555086f6d8d38431288c4fb7c25218'\n\t\t\t\tmethod='post'\n\t\t\t\tclass='contact-form commentsblock jetpack-contact-form__form has-no-jetpack-form-layout' aria-label=\"Hj\u00e4rnkoll p\u00e5 kommunikation\"\n\t\t\t\tdata-wp-on--submit=\"actions.onFormSubmit\"\n\t\t\t\tdata-wp-on--reset=\"actions.onFormReset\"\n\t\t\t\tdata-wp-class--submission-success=\"context.submissionSuccess\"\n\t\t\t\tdata-wp-class--is-first-step=\"state.isFirstStep\"\n\t\t\t\tdata-wp-class--is-last-step=\"state.isLastStep\"\n\t\t\t\tdata-wp-class--is-ajax-form=\"context.useAjax\"\n\t\t\t\tnovalidate >\n<input type='hidden' name='jetpack_contact_form_jwt' value='eyJ0eXAiOiJKV1QiLCJhbGciOiJIUzI1NiJ9.eyJlbmNyeXB0ZWRfYXR0cmlidXRlcyI6IklxRE1ra09aS2U3TVFObWVaN29obCs5K3Y4MTdPeExSelRaNk50c0NhL0FlMFhjWGFTbitRL1NuZDlIN1JXQnFFSTZOMDQwdi8zQmF6YmJJUGkvN0ZQZjM5Y2dFSFlXQTF3TFIwTWFGUUR5SDJKQ3d6SkxzanRoK0FQS01qaUYvMmhYcHNnQUtCM0RicUQ5N0syc3JVaEZsd2FKSE5BU3FDOHQrZTcwbjFZZGNxeHlCRHBwZkJGR3RwUXY2dHBFQVMvUS9sWkpPUHlTZDRKUFEvK1U0b2FtK3pWWGV4TmZEV1BLQ0F6RUVwMDErOFFzSDRsTG9BTTlQNjg3NDB2U0c0Y3pCTWxYVTkzamxBL296cUhTUC85NjMrMzNLYUxQU2JKcUtVQ3BaOHZIeWptalpxcGxDR0Z1dU83MUxTRlZteUhJbDY4MEg4dTdFOG0yeGN5eStvNVRWdkd4TDBaUE53S1pnOFRuWEk5K0VhcjR3ZHFJamxJRm1NbDRGNXd6QjIwVCtIblFWZmZMV2RrcDBPZWRtTGdGcGlzR3g5OWlEa0E5RUdPODVickh0WjVLMStqbHMvbVBCRUp0ZDBmOXNoVVF4QzFMVzFSZG4xdkNDUTd3Zk1EUURqT1hsMlhBMmJVS1puL1FybVVsdTJlMGlFcG9RYk9FYlE0ellvWHNRd2ZoblZGM3NITzM0bGhtVzVBUFNXY2hreFJhb0dIOVFCTTFWVmNza0tHNUlWMWZXL3ZWS0cramRKUGtRWXZmNGdyc1RITmtYWklwSkFrZG9udUtmZTZzVldvbTRCekdCdGEwRnZZK1Z3NGpDc09rbWREZGQxVVY4UkwzT0ZVWVFobkZkS25pWkcwZTVXR1R5ZXRGMXBqb3IvamRxR1Q0ZHFtZ05aT1NZV29acWk2U2tXZVBUZmlYYzhiWG5LeGJORTE3d1J6TzhlRFgyRXh0MFpGZ09zK3V5emo1VUxzOVloOXJaUFpQekdBWkd0cHN4cW1KV2pYRjd1L2FLOUJGRUx3T25VUmRMQ3ZqeFZ4ak1WMlN6RWtKMUpuV00zcnFTSjdxTUtQcUhiejJqOU9GSlcxUGNmU3pmanZZRko4YjIyTitvM0tjdkRpbmcvcjdVQUJEUkNoZVRLWEhvdzNxZFhES21raEJaNkxKRS9ZYUpqc1YybmZPQm5KZmtKbUhiSGN2VnJNZWRvRXMwYXprN29tN2FOUkFnM3NmU0cvL1phVnU4TWo0by9DcW02RW89IiwiY29udGVudCI6Iltjb250YWN0LWZpZWxkIGxhYmVsPVwiTmFtblwiIHR5cGU9XCJuYW1lXCIgcmVxdWlyZWQ9XCIxXCJdW2NvbnRhY3QtZmllbGQgbGFiZWw9XCJFLXBvc3RcIiB0eXBlPVwiZW1haWxcIiByZXF1aXJlZD1cIjFcIl1bY29udGFjdC1maWVsZCBsYWJlbD1cIk1lZGRlbGFuZGVcIiB0eXBlPVwidGV4dGFyZWFcIl0iLCJoYXNoIjoiNmIzM2YwODMwYzU1NTA4NmY2ZDhkMzg0MzEyODhjNGZiN2MyNTIxOCIsInNvdXJjZSI6eyJlbnRyeV90aXRsZSI6IkhqXHUwMGU0cm5rb2xsIHBcdTAwZTUga29tbXVuaWthdGlvbiIsImVudHJ5X3BhZ2UiOjEsInNvdXJjZV9pZCI6MjU5OCwic291cmNlX3R5cGUiOiJzaW5nbGUiLCJyZXF1ZXN0X3VybCI6Imh0dHBzOi8vcmVwdWJsaWZ5LnNlL3dwLWpzb24vd3AvdjIvcHJvZHVjdC8yNTk4In0sInZlcnNpb24iOjIsImNpcGhlciI6ImFlcy0yNTYtZ2NtIn0.xRpfXV5bvy85YIahyUvnnOfbPfZRFJQKLdrZR9eB6G8' \/>\n\n<div style=\"\"  data-wp-interactive=\"jetpack\/form\" data-wp-context='{\"fieldId\":\"g2598-namn\",\"fieldType\":\"name\",\"fieldLabel\":\"Namn\",\"fieldValue\":\"\",\"fieldPlaceholder\":\"\",\"fieldIsRequired\":\"1\",\"fieldErrorMessage\":\"\",\"fieldExtra\":[],\"formHash\":\"6b33f0830c555086f6d8d38431288c4fb7c25218\"}'  class='grunion-field-name-wrap grunion-field-wrap'  data-wp-init='callbacks.initializeField' data-wp-on--jetpack-form-reset='callbacks.initializeField' >\n<label\n\t\t\t\tfor='g2598-namn' class=\"grunion-field-label name\" >Namn<span class=\"grunion-label-required\" aria-hidden=\"true\">(obligatoriskt)<\/span><\/label>\n<input\n\t\t\t\t\ttype='text'\n\t\t\t\t\tname='g2598-namn'\n\t\t\t\t\tid='g2598-namn'\n\t\t\t\t\tvalue=''\n\n\t\t\t\t\tdata-wp-bind--aria-invalid='state.fieldAriaInvalid'\n\t\t\t\t\tdata-wp-bind--value='state.getFieldValue'\n\t\t\t\t\taria-describedby='g2598-namn-text-error-message'\n\t\t\t\t\tdata-wp-on--input='actions.onFieldChange'\n\t\t\t\t\tdata-wp-on--blur='actions.onFieldBlur'\n\t\t\t\t\tdata-wp-class--has-value='state.hasFieldValue'\n\n\t\t\t\t\tclass='name  grunion-field' \n\t\t\t\t\trequired='true' aria-required='true'  \/>\n \n\t\t\t<div id=\"g2598-namn-text-error\" class=\"contact-form__input-error\" data-wp-class--has-errors=\"state.fieldHasErrors\">\n\t\t\t\t<span class=\"contact-form__warning-icon\" aria-hidden=\"true\">\n\t\t\t\t\t<svg width=\"16\" height=\"16\" viewBox=\"0 0 16 16\" fill=\"none\" xmlns=\"http:\/\/www.w3.org\/2000\/svg\">\n\t\t\t\t\t\t<path d=\"M8.50015 11.6402H7.50015V10.6402H8.50015V11.6402Z\" \/>\n\t\t\t\t\t\t<path d=\"M7.50015 9.64018H8.50015V6.30684H7.50015V9.64018Z\" \/>\n\t\t\t\t\t\t<path fill-rule=\"evenodd\" clip-rule=\"evenodd\" d=\"M6.98331 3.0947C7.42933 2.30177 8.57096 2.30177 9.01698 3.09469L13.8771 11.7349C14.3145 12.5126 13.7525 13.4735 12.8602 13.4735H3.14004C2.24774 13.4735 1.68575 12.5126 2.12321 11.7349L6.98331 3.0947ZM8.14541 3.58496C8.08169 3.47168 7.9186 3.47168 7.85488 3.58496L2.99478 12.2251C2.93229 12.3362 3.01257 12.4735 3.14004 12.4735H12.8602C12.9877 12.4735 13.068 12.3362 13.0055 12.2251L8.14541 3.58496Z\" \/>\n\t\t\t\t\t<\/svg>\n\t\t\t\t<\/span>\n\t\t\t\t<span data-wp-text=\"state.errorMessage\" id=\"g2598-namn-text-error-message\"><\/span>\n\t\t\t<\/div> \n\t<\/div>\n\n<div style=\"\"  data-wp-interactive=\"jetpack\/form\" data-wp-context='{\"fieldId\":\"g2598-epost\",\"fieldType\":\"email\",\"fieldLabel\":\"E-post\",\"fieldValue\":\"\",\"fieldPlaceholder\":\"\",\"fieldIsRequired\":\"1\",\"fieldErrorMessage\":\"\",\"fieldExtra\":[],\"formHash\":\"6b33f0830c555086f6d8d38431288c4fb7c25218\"}'  class='grunion-field-email-wrap grunion-field-wrap'  data-wp-init='callbacks.initializeField' data-wp-on--jetpack-form-reset='callbacks.initializeField' >\n<label\n\t\t\t\tfor='g2598-epost' class=\"grunion-field-label email\" >E-post<span class=\"grunion-label-required\" aria-hidden=\"true\">(obligatoriskt)<\/span><\/label>\n<input\n\t\t\t\t\ttype='email'\n\t\t\t\t\tname='g2598-epost'\n\t\t\t\t\tid='g2598-epost'\n\t\t\t\t\tvalue=''\n\n\t\t\t\t\tdata-wp-bind--aria-invalid='state.fieldAriaInvalid'\n\t\t\t\t\tdata-wp-bind--value='state.getFieldValue'\n\t\t\t\t\taria-describedby='g2598-epost-email-error-message'\n\t\t\t\t\tdata-wp-on--input='actions.onFieldChange'\n\t\t\t\t\tdata-wp-on--blur='actions.onFieldBlur'\n\t\t\t\t\tdata-wp-class--has-value='state.hasFieldValue'\n\n\t\t\t\t\tclass='email  grunion-field' \n\t\t\t\t\trequired='true' aria-required='true'  \/>\n \n\t\t\t<div id=\"g2598-epost-email-error\" class=\"contact-form__input-error\" data-wp-class--has-errors=\"state.fieldHasErrors\">\n\t\t\t\t<span class=\"contact-form__warning-icon\" aria-hidden=\"true\">\n\t\t\t\t\t<svg width=\"16\" height=\"16\" viewBox=\"0 0 16 16\" fill=\"none\" xmlns=\"http:\/\/www.w3.org\/2000\/svg\">\n\t\t\t\t\t\t<path d=\"M8.50015 11.6402H7.50015V10.6402H8.50015V11.6402Z\" \/>\n\t\t\t\t\t\t<path d=\"M7.50015 9.64018H8.50015V6.30684H7.50015V9.64018Z\" \/>\n\t\t\t\t\t\t<path fill-rule=\"evenodd\" clip-rule=\"evenodd\" d=\"M6.98331 3.0947C7.42933 2.30177 8.57096 2.30177 9.01698 3.09469L13.8771 11.7349C14.3145 12.5126 13.7525 13.4735 12.8602 13.4735H3.14004C2.24774 13.4735 1.68575 12.5126 2.12321 11.7349L6.98331 3.0947ZM8.14541 3.58496C8.08169 3.47168 7.9186 3.47168 7.85488 3.58496L2.99478 12.2251C2.93229 12.3362 3.01257 12.4735 3.14004 12.4735H12.8602C12.9877 12.4735 13.068 12.3362 13.0055 12.2251L8.14541 3.58496Z\" \/>\n\t\t\t\t\t<\/svg>\n\t\t\t\t<\/span>\n\t\t\t\t<span data-wp-text=\"state.errorMessage\" id=\"g2598-epost-email-error-message\"><\/span>\n\t\t\t<\/div> \n\t<\/div>\n\n<div style=\"\"  data-wp-interactive=\"jetpack\/form\" data-wp-context='{\"fieldId\":\"g2598-meddelande\",\"fieldType\":\"textarea\",\"fieldLabel\":\"Meddelande\",\"fieldValue\":\"\",\"fieldPlaceholder\":\"\",\"fieldIsRequired\":\"\",\"fieldErrorMessage\":\"\",\"fieldExtra\":[],\"formHash\":\"6b33f0830c555086f6d8d38431288c4fb7c25218\"}'  class='grunion-field-textarea-wrap grunion-field-wrap'  data-wp-init='callbacks.initializeField' data-wp-on--jetpack-form-reset='callbacks.initializeField' >\n<label\n\t\t\t\tfor='contact-form-comment-g2598-meddelande' class=\"grunion-field-label textarea\" >Meddelande<\/label>\n<textarea\n\t\t                style=''\n\t\t                name='g2598-meddelande'\n\t\t                id='contact-form-comment-g2598-meddelande'\n\t\t                rows='20'\n\t\t\t\t\t\tdata-wp-text='state.getFieldValue'\n\t\t\t\t\t\tdata-wp-on--input='actions.onFieldChange'\n\t\t\t\t\t\tdata-wp-on--blur='actions.onFieldBlur'\n\t\t\t\t\t\tdata-wp-class--has-value='state.hasFieldValue'\n\t\t\t\t\t\taria-describedby='g2598-meddelande-textarea-error-message'\n\t\t\t\t\t\tdata-wp-bind--aria-invalid='state.fieldAriaInvalid'\n\t\t\t\t\t\tclass='textarea  grunion-field'  ><\/textarea>\n \n\t\t\t<div id=\"g2598-meddelande-textarea-error\" class=\"contact-form__input-error\" data-wp-class--has-errors=\"state.fieldHasErrors\">\n\t\t\t\t<span class=\"contact-form__warning-icon\" aria-hidden=\"true\">\n\t\t\t\t\t<svg width=\"16\" height=\"16\" viewBox=\"0 0 16 16\" fill=\"none\" xmlns=\"http:\/\/www.w3.org\/2000\/svg\">\n\t\t\t\t\t\t<path d=\"M8.50015 11.6402H7.50015V10.6402H8.50015V11.6402Z\" \/>\n\t\t\t\t\t\t<path d=\"M7.50015 9.64018H8.50015V6.30684H7.50015V9.64018Z\" \/>\n\t\t\t\t\t\t<path fill-rule=\"evenodd\" clip-rule=\"evenodd\" d=\"M6.98331 3.0947C7.42933 2.30177 8.57096 2.30177 9.01698 3.09469L13.8771 11.7349C14.3145 12.5126 13.7525 13.4735 12.8602 13.4735H3.14004C2.24774 13.4735 1.68575 12.5126 2.12321 11.7349L6.98331 3.0947ZM8.14541 3.58496C8.08169 3.47168 7.9186 3.47168 7.85488 3.58496L2.99478 12.2251C2.93229 12.3362 3.01257 12.4735 3.14004 12.4735H12.8602C12.9877 12.4735 13.068 12.3362 13.0055 12.2251L8.14541 3.58496Z\" \/>\n\t\t\t\t\t<\/svg>\n\t\t\t\t<\/span>\n\t\t\t\t<span data-wp-text=\"state.errorMessage\" id=\"g2598-meddelande-textarea-error-message\"><\/span>\n\t\t\t<\/div>\n\t<\/div>\n\t<p class='contact-submit'>\n<div class=\"contact-form__error\" data-wp-class--show-errors=\"state.showFormErrors\"><span class=\"contact-form__warning-icon\" aria-hidden=\"true\"><i><\/i><\/span><span class=\"contact-form__error-message\" tabindex=\"-1\" data-wp-watch=\"callbacks.focusOnValidationError\" data-wp-text=\"state.getFormErrorMessage\"><\/span><ul aria-label=\"Formul\u00e4rfel\">\n\t\t\t\t<template data-wp-each=\"state.getErrorList\" data-wp-key=\"context.item.id\">\n\t\t\t\t\t<li><a data-wp-bind--href=\"context.item.anchor\" data-wp-on--click=\"actions.scrollIntoView\" data-wp-text=\"context.item.label\"><\/a><\/li>\n\t\t\t\t<\/template>\n\t\t\t\t<\/ul><\/div><div class=\"contact-form__error\" data-wp-class--show-errors=\"state.showSubmissionError\" data-wp-text=\"context.submissionError\" tabindex=\"-1\" data-wp-watch=\"callbacks.focusOnSubmissionError\"><\/div>\t\t<button type='submit' class='pushbutton-wide'>Skicka<\/button>\t\t<input type='hidden' name='contact-form-id' value='2598' \/>\n\t\t<input type='hidden' name='action' value='grunion-contact-form' \/>\n\t\t<input type='hidden' name='contact-form-hash' value='6b33f0830c555086f6d8d38431288c4fb7c25218' \/>\n\t<\/p>\n<\/form>\n<\/div>\n","protected":false},"excerpt":{"rendered":"<p><strong>Alla ledare och medarbetare kommunicerar, men alla \u00e4r inte kommunikativa. Att kommunicera handlar mer \u00e4n om att bara prata och vidarebefordra tankar och k\u00e4nslor, det handlar om att skapa v\u00e4rde och effektivitet<\/strong><\/p>\n<p>Utbildningen Hj\u00e4rnkoll p\u00e5 kommunikation l\u00e4r dig att skapa v\u00e4rde med hj\u00e4lp av insikter fr\u00e5n den senaste hj\u00e4rnforskningen. Under dessa tv\u00e5 dagar kommer vi att skapa en f\u00f6rst\u00e5else runt b\u00e5de den egna kommunikationsstilen och andras. Med hj\u00e4lp av den senaste forskningen inom neurologin f\u00e5r du ocks\u00e5 insikter i hur du kan undvika missf\u00f6rst\u00e5nd och felaktiga tolkningar. Du f\u00e5r ocks\u00e5 med dig kommunikativa verktyg f\u00f6r hur du kan arbeta med, och f\u00f6rhindra konflikter och negativitet.<\/p>\n","protected":false},"featured_media":2599,"comment_status":"open","ping_status":"closed","template":"","meta":{"wds_primary_product_brand":0,"wds_primary_product_cat":0},"product_brand":[],"product_cat":[91,37,32,28],"product_tag":[],"class_list":{"0":"post-2598","1":"product","2":"type-product","3":"status-publish","4":"has-post-thumbnail","6":"product_cat-arbetsmiljo","7":"product_cat-kommunikation","8":"product_cat-ledarskap","9":"product_cat-teamship","11":"first","12":"instock","13":"taxable","14":"shipping-taxable","15":"purchasable","16":"product-type-simple"},"jetpack_sharing_enabled":true,"_links":{"self":[{"href":"https:\/\/republify.se\/index.php\/wp-json\/wp\/v2\/product\/2598","targetHints":{"allow":["GET"]}}],"collection":[{"href":"https:\/\/republify.se\/index.php\/wp-json\/wp\/v2\/product"}],"about":[{"href":"https:\/\/republify.se\/index.php\/wp-json\/wp\/v2\/types\/product"}],"replies":[{"embeddable":true,"href":"https:\/\/republify.se\/index.php\/wp-json\/wp\/v2\/comments?post=2598"}],"wp:featuredmedia":[{"embeddable":true,"href":"https:\/\/republify.se\/index.php\/wp-json\/wp\/v2\/media\/2599"}],"wp:attachment":[{"href":"https:\/\/republify.se\/index.php\/wp-json\/wp\/v2\/media?parent=2598"}],"wp:term":[{"taxonomy":"product_brand","embeddable":true,"href":"https:\/\/republify.se\/index.php\/wp-json\/wp\/v2\/product_brand?post=2598"},{"taxonomy":"product_cat","embeddable":true,"href":"https:\/\/republify.se\/index.php\/wp-json\/wp\/v2\/product_cat?post=2598"},{"taxonomy":"product_tag","embeddable":true,"href":"https:\/\/republify.se\/index.php\/wp-json\/wp\/v2\/product_tag?post=2598"}],"curies":[{"name":"wp","href":"https:\/\/api.w.org\/{rel}","templated":true}]}}