{"id":2591,"date":"2022-03-11T10:13:10","date_gmt":"2022-03-11T09:13:10","guid":{"rendered":"https:\/\/republify.se\/?post_type=product&#038;p=2591"},"modified":"2025-11-21T14:36:12","modified_gmt":"2025-11-21T13:36:12","slug":"att-leda-i-forandring","status":"publish","type":"product","link":"https:\/\/republify.se\/index.php\/produkt\/att-leda-i-forandring\/","title":{"rendered":"Att leda i f\u00f6r\u00e4ndring"},"content":{"rendered":"<p><strong>Ledarskapet \u00e4r en viktig del n\u00e4r det g\u00e4ller f\u00f6r\u00e4ndringar, att f\u00e5 alla att se och f\u00f6rst\u00e5 f\u00f6r\u00e4ndringen och att skapa engagemang och delaktighet<\/strong><\/p>\n<p>Att f\u00f6r\u00e4ndringar kommer \u00e4r mer naturlag \u00e4n en of\u00f6rutsedd h\u00e4ndelse. Tekniken f\u00f6r\u00e4ndras, behov f\u00f6r\u00e4ndras och v\u00e4rlden f\u00f6r\u00e4ndras. Att f\u00f6r\u00e4ndra sig sj\u00e4lv och sitt f\u00f6retag \u00e4r att v\u00e4rdes\u00e4kra sin framtid.<\/p>\n<p><strong>M\u00e5lgrupp<\/strong><\/p>\n<p>Denna utbildning riktar sig till dig som leder medarbetare<\/p>\n<p><strong>F\u00f6rkunskaper<\/strong><\/p>\n<p>Denna utbildning kr\u00e4ver inga speciella f\u00f6rkunskaper<\/p>\n<p><strong>Kursinneh\u00e5ll<\/strong><\/p>\n<p>Vad \u00e4r det d\u00e5 som kr\u00e4vs? Jo, ett ledarskap som drivs av personlig omtanke men som v\u00e5gar utmana b\u00e5de individer och sin organisation till utveckling.\u00a0 I sin bok Leadership skriver James MacGregor Burns \u201dledare och medarbetare lyfter varandra till en h\u00f6gre niv\u00e5 av engagemang och v\u00e4rderingar.\u201d.<\/p>\n<p>Viktiga drag hos dessa ledare \u00e4r att de<\/p>\n<ul>\n<li>\u00e4r proaktiva och agerar<\/li>\n<li>f\u00f6rnyar och anpassar arbetet efter det som h\u00e4nder i omv\u00e4rlden<\/li>\n<li>motiverar med vision och v\u00e4rderingar<\/li>\n<li>arbetar och utg\u00e5r fr\u00e5n att alla ska se till gruppens b\u00e4sta<\/li>\n<li>anpassar sitt arbetss\u00e4tt efter varje individ, st\u00f6ttar kreativitet<\/li>\n<\/ul>\n<p>En viktig del i detta ledarskap \u00e4r \u00f6msesidig tillit, att trov\u00e4rdigheten \u00e4r h\u00f6g b\u00e5de hos ledare och medarbetare.<\/p>\n<p>Viktiga ledaregenskaper f\u00f6r detta ledarskap \u00e4r, enligt forskare som Timothy Judge och Joyce Bono, att de agerar ut\u00e5triktat och leder med hj\u00e4lp av samspel, att de inte drar sig undan sitt ansvar och att de har den sj\u00e4lvtilliten som kr\u00e4vs f\u00f6r att leda. Det kr\u00e4vs ocks\u00e5 att de \u00e4r \u00f6ppna f\u00f6r nya erfarenheter och nya s\u00e4tt att arbeta, d\u00e5 kr\u00e4vs att de kan f\u00f6rmedla sina visioner p\u00e5 ett s\u00e4tt s\u00e5 att alla f\u00f6rst\u00e5r och blir engagerade. Det kr\u00e4vs ocks\u00e5 att de har en klar och tydlig kommunikation som samtidigt utm\u00e4rks av h\u00f6g grad av EQ (agreeableness). Som en \u00f6vergripande kompetens ligger prestationsvilja och sj\u00e4lvdisciplin och inte minst engagemang.<\/p>\n<p>Som en r\u00f6d tr\u00e5d genom allt ligger viljan och intentionen att skapa vinn-vinn l\u00f6sningar f\u00f6r b\u00e5de organisation och personal. En stor del i ledarskapet \u00e4r ocks\u00e5 att vara en transformativ ledare, att st\u00e4ndigt vara beredd p\u00e5 att anpassa organisationen och arbetet efter det som h\u00e4nder i omv\u00e4rlden. En viktig kompetens \u00e4r ocks\u00e5 att f\u00e5 arbetsgruppen med sig.<\/p>\n<p>S\u00e5 vad g\u00f6r den transformativa ledaren?<\/p>\n<ol>\n<li>S\u00e4tter en tydlig och inspirerande vision<\/li>\n<li>Kommunicerar denna vision p\u00e5 ett s\u00e4tt som v\u00e4cker engagemang och som skapar gemensamma m\u00e5l<\/li>\n<li>S\u00e4tter m\u00e5l och vision f\u00f6r det dagliga arbetet<\/li>\n<li>Leder med hj\u00e4lp av engagemang, gemensamma planer och att st\u00e4ndigt utveckla de enskilda medarbetarna<\/li>\n<\/ol>\n<p>Det h\u00e4r ing\u00e5r i kursen<\/p>\n<ul>\n<li>Skapa kraftfulla och trov\u00e4rdiga visioner<\/li>\n<li>Kraftfull kommunikation<\/li>\n<li>F\u00f6rst\u00e5 beteenden i f\u00f6r\u00e4ndringar<\/li>\n<li>Informera om r\u00e4tt saker i r\u00e4tt faser<\/li>\n<li>St\u00e4ll utforskande och utmanande fr\u00e5gor<\/li>\n<li>Skapa personliga handlingsplaner med tydliga m\u00e5lbilder<\/li>\n<li>De coachande samtalen<\/li>\n<li>Personlig effektivitet, l\u00e4r dig prioritera enligt br\u00e5ttom, viktigt tekniken (Stephan Covey)<\/li>\n<li>Delegera<\/li>\n<li>H\u00e5ll effektiva m\u00f6ten, verktyg f\u00f6r att n\u00e5 effektiva resultat<\/li>\n<\/ul>\n<h3><\/h3>\n<h3>Kursen levereras i samarbete med<\/h3>\n<p><img decoding=\"async\" class=\"alignnone size-full wp-image-1231 lazyload\" data-src=\"https:\/\/republify.se\/wp-content\/uploads\/2022\/02\/Christina_logo.jpg\" alt=\"\" width=\"296\" height=\"74\" src=\"data:image\/svg+xml;base64,PHN2ZyB3aWR0aD0iMSIgaGVpZ2h0PSIxIiB4bWxucz0iaHR0cDovL3d3dy53My5vcmcvMjAwMC9zdmciPjwvc3ZnPg==\" style=\"--smush-placeholder-width: 296px; --smush-placeholder-aspect-ratio: 296\/74;\" \/><\/p>\n<h2>Kontakta oss ang\u00e5ende denna utbildning<\/h2>\n<div data-test='contact-form'\n\t\t\tid='contact-form-2591'\n\t\t\tclass='jetpack-contact-form-container '\n\t\t\tdata-wp-interactive='jetpack\/form' data-wp-context='{\"formId\":\"2591\",\"formHash\":\"fafa4deec67c1ebb503bf99bf1b24fb7cb9cc268\",\"showErrors\":false,\"errors\":[],\"fields\":[],\"isMultiStep\":false,\"useAjax\":true,\"submissionData\":null,\"formattedSubmissionData\":[],\"submissionSuccess\":false,\"submissionError\":null,\"elementId\":\"jp-form-fafa4deec67c1ebb503bf99bf1b24fb7cb9cc268\",\"isSingleInputForm\":false,\"isForcedHorizontal\":false}'\n\t\t\tdata-wp-watch--scroll-to-wrapper=\"callbacks.scrollToWrapper\"\n\t\t>\n<div class=\"contact-form-submission contact-form-ajax-submission\" data-wp-bind--aria-hidden=\"state.isSuccessMessageAriaHidden\" data-wp-class--submission-success=\"context.submissionSuccess\" id=\"contact-form-success-fafa4deec67c1ebb503bf99bf1b24fb7cb9cc268\" tabindex=\"-1\" aria-labelledby=\"contact-form-success-header-fafa4deec67c1ebb503bf99bf1b24fb7cb9cc268\"><p class=\"go-back-message\"><a class=\"link\" role=\"button\" tabindex=\"0\" data-wp-on--click=\"actions.goBack\" href=\"\/index.php\/wp-json\/wp\/v2\/product\/2591\">\u2190 Tillbaka<\/a><\/p><h4 data-wp-bind--aria-hidden=\"state.isSuccessMessageAriaHidden\" id=\"contact-form-success-header-fafa4deec67c1ebb503bf99bf1b24fb7cb9cc268\">Tack f\u00f6r din respons. \u2728<\/h4>\n\n<template data-wp-each--submission=\"context.formattedSubmissionData\">\n\t\t\t\t\t<div class=\"jetpack_forms_contact-form-success-summary\">\n\t\t\t\t\t\t<div class=\"field-name-wrapper\">\n\t\t\t\t\t\t\t<div class=\"field-type-icon\" data-wp-watch=\"callbacks.watchFieldTypeIcon\"><\/div>\n\t\t\t\t\t\t\t<div class=\"field-name\" data-wp-text=\"context.submission.label\" data-wp-bind--hidden=\"!context.submission.label\"><\/div>\n\t\t\t\t\t\t<\/div>\n\t\t\t\t\t\t<div class=\"field-value\" data-wp-text=\"context.submission.value\" data-wp-bind--hidden=\"!context.submission.showPlainValue\"><\/div>\n\t\t\t\t\t\t<a class=\"field-url\" data-wp-bind--href=\"context.submission.url\" data-wp-text=\"context.submission.value\" data-wp-bind--hidden=\"!context.submission.url\" target=\"_blank\" rel=\"noopener noreferrer\"><\/a>\n\t\t\t\t\t\t<div class=\"field-rating\" data-wp-bind--hidden=\"!context.submission.rating\" data-wp-watch=\"callbacks.watchRatingIcons\"><\/div>\n\t\t\t\t\t\t<div class=\"field-images\" data-wp-bind--hidden=\"!context.submission.images\">\n\t\t\t\t\t\t\t<template data-wp-each--image=\"context.submission.images\">\n\t\t\t\t\t\t\t\t<div class=\"field-image-option\" data-wp-class--is-empty=\"!context.image.src\">\n\t\t\t\t\t\t\t\t\t<figure class=\"field-image-option__image\" data-wp-class--is-empty=\"!context.image.src\">\n\t\t\t\t\t\t\t\t\t\t<img data-wp-bind--src=\"context.image.src\" data-wp-bind--hidden=\"!context.image.src\" \/>\n\t\t\t\t\t\t\t\t\t\t<img decoding=\"async\" src=\"data:image\/gif;base64,R0lGODlhAQABAAD\/ACwAAAAAAQABAAACADs=\" data-wp-bind--hidden=\"context.image.src\" \/>\n\t\t\t\t\t\t\t\t\t<\/figure>\n\t\t\t\t\t\t\t\t\t<div class=\"field-image-option__label-wrapper\">\n\t\t\t\t\t\t\t\t\t\t<span class=\"field-image-option__label-code\" data-wp-text=\"context.image.letterCode\"><\/span>\n\t\t\t\t\t\t\t\t\t\t<span class=\"field-image-option__label\" data-wp-text=\"context.image.label\" data-wp-bind--hidden=\"!context.image.label\"><\/span>\n\t\t\t\t\t\t\t\t\t<\/div>\n\t\t\t\t\t\t\t\t<\/div>\n\t\t\t\t\t\t\t<\/template>\n\t\t\t\t\t\t<\/div>\n\t\t\t\t\t\t<div class=\"field-files\" data-wp-bind--hidden=\"!context.submission.files\">\n\t\t\t\t\t\t\t<template data-wp-each--file=\"context.submission.files\">\n\t\t\t\t\t\t\t\t<div class=\"field-file\">\n\t\t\t\t\t\t\t\t\t<div class=\"field-file__thumbnail\" data-wp-style--background-image=\"context.file.previewUrl\" data-wp-style--mask-image=\"context.file.iconUrl\" data-wp-bind--hidden=\"!context.file.hasPreview\"><\/div>\n\t\t\t\t\t\t\t\t\t<svg class=\"field-file__icon\" data-wp-bind--hidden=\"context.file.hasPreview\" width=\"20\" height=\"20\" viewBox=\"0 0 24 24\" fill=\"none\" xmlns=\"http:\/\/www.w3.org\/2000\/svg\" aria-hidden=\"true\">\n\t\t\t\t\t\t\t\t\t\t<path d=\"M14 2H6C4.9 2 4 2.9 4 4V20C4 21.1 4.89 22 5.99 22H18C19.1 22 20 21.1 20 20V8L14 2ZM18 20H6V4H13V9H18V20Z\" fill=\"currentColor\"\/>\n\t\t\t\t\t\t\t\t\t<\/svg>\n\t\t\t\t\t\t\t\t\t<span class=\"field-file__name\" data-wp-text=\"context.file.name\"><\/span>\n\t\t\t\t\t\t\t\t\t<span class=\"field-file__size\" data-wp-text=\"context.file.size\"><\/span>\n\t\t\t\t\t\t\t\t<\/div>\n\t\t\t\t\t\t\t<\/template>\n\t\t\t\t\t\t<\/div>\n\t\t\t\t\t<\/div>\n\t\t\t\t<\/template><\/div><form action='https:\/\/republify.se\/index.php\/produkt\/att-leda-i-forandring\/'\n\t\t\t\tid='jp-form-fafa4deec67c1ebb503bf99bf1b24fb7cb9cc268'\n\t\t\t\tmethod='post'\n\t\t\t\tclass='contact-form commentsblock jetpack-contact-form__form has-no-jetpack-form-layout' aria-label=\"Att leda i f\u00f6r\u00e4ndring\"\n\t\t\t\tdata-wp-on--submit=\"actions.onFormSubmit\"\n\t\t\t\tdata-wp-on--reset=\"actions.onFormReset\"\n\t\t\t\tdata-wp-class--submission-success=\"context.submissionSuccess\"\n\t\t\t\tdata-wp-class--is-first-step=\"state.isFirstStep\"\n\t\t\t\tdata-wp-class--is-last-step=\"state.isLastStep\"\n\t\t\t\tdata-wp-class--is-ajax-form=\"context.useAjax\"\n\t\t\t\tnovalidate >\n<input type='hidden' name='jetpack_contact_form_jwt' value='eyJ0eXAiOiJKV1QiLCJhbGciOiJIUzI1NiJ9.eyJlbmNyeXB0ZWRfYXR0cmlidXRlcyI6IjdCNSt5QTd0dGE3cTRiekZtZ2Vqb3FGR2I0bHRrZUdIenJoN0NlZklBeDJCRy9Fb3BVS2RUVWVxeFRlS3RmSEhGb3pCZkVSWWVZeVRTamp5Mm4vS29va3NIbzBIUGlNV1lUN3hQOTRBdTlaSjY5QjViWEhjZWlxOHJsMGxQZVNtZXZFZkQxOTVmOHA4anljV01XczFwb1cvNldPdDdLeTRWenZQYVdVY1l2QmpGY1FQWXJCbE9qRGhIcVpTWU9KS0Z0RTRKVDJSVkNvb3dtNlFFMDduanltUDB2WFZLcXNRLy8yL1BwMW9Wd2pGL2tuSFRFc0xBYVZNWklBQUx2ZUtTOXVtMmpYdzFKV0VZVUpsb2xTRkdHMTlleG0xWlZIMG1rVVVRMnBlcXhhWXdzREVrMThXMWxpVXVKb2NYamJOaUh1MVZEMXgwelpGQ2lURFF3Y3lERmJFZ3NvaEthMm9GZDhOaXFUUFVIcWRJNjVpQ2RGUTlLdzBnK3JsdnpxdEQ2V2pIRGpkdzFaN21tQUtXWlYyMWNPSllJQ2NSMWhkbjFpblZERk0vWWtnbjBWc2h2TGVPT3N1S2dyd3RPKzQ5Ykh4SXFMd1lKcXdaQ3g0SUJQeVZhYldzMjRTeXZTeXpYMXJlZ0hmaURzcDhib0JkczZKZnozaGFnR2NCSEFvUkFmRUxHWnlXQmhVUlEySFFHU0xKNEVoTmFjQk9nVHQxMVBKcG9NRHR6WU1nYTFKOWtVZUxjVUJ5RTR5dGozZ3JVK05VSHAzb0I4QitNcGdLUG8xWUpWYTlLdVplanNwWG9sWjhkeFZscDZhb3lBVkRKNzFsUFp3dWpmMnVEenByVGMzbVJBdWpiY0MvYXByQkFxaFdZMEJRVVljNUxJenVEYzVubzVmdjFaRHpSU1d1cCt2cGR0dzFNVnBzZjlLYm1sdHdxKzQ5VWZoV3ZDd3hOZWZoSE9IUnRUTENyYmdUdDNPMEVwd1B0dWloYmdiZURwOE5hK2laQkJMdndVVXNlNTV0S1pYZXgxejRpT1VXeUx1Q3B3SUlKR2NZa0hmRklJMURtQWlpellZeWlGcVhSeGM2WW9xOFNocS8xeDZUaTE4bUpXNFJETXJ6bEZQZ3ZyMjUxbWZaWU9MNWJaRmlYNmh5VW9tNi9EMlFtejNSZXlhbkFOcDZ2aUJoUVVGb3NHV0dueHRubGFBVDFuUlpTZzlOMFBBWW11c0VpbHYvU1VMMVFEdCIsImNvbnRlbnQiOiJbY29udGFjdC1maWVsZCBsYWJlbD1cIk5hbW5cIiB0eXBlPVwibmFtZVwiIHJlcXVpcmVkPVwiMVwiXVtjb250YWN0LWZpZWxkIGxhYmVsPVwiRS1wb3N0XCIgdHlwZT1cImVtYWlsXCIgcmVxdWlyZWQ9XCIxXCJdW2NvbnRhY3QtZmllbGQgbGFiZWw9XCJNZWRkZWxhbmRlXCIgdHlwZT1cInRleHRhcmVhXCJdIiwiaGFzaCI6ImZhZmE0ZGVlYzY3YzFlYmI1MDNiZjk5YmYxYjI0ZmI3Y2I5Y2MyNjgiLCJzb3VyY2UiOnsiZW50cnlfdGl0bGUiOiJBdHQgbGVkYSBpIGZcdTAwZjZyXHUwMGU0bmRyaW5nIiwiZW50cnlfcGFnZSI6MSwic291cmNlX2lkIjoyNTkxLCJzb3VyY2VfdHlwZSI6InNpbmdsZSIsInJlcXVlc3RfdXJsIjoiaHR0cHM6Ly9yZXB1YmxpZnkuc2Uvd3AtanNvbi93cC92Mi9wcm9kdWN0LzI1OTEifSwidmVyc2lvbiI6MiwiY2lwaGVyIjoiYWVzLTI1Ni1nY20ifQ.Bb2jY2ZzHuFeaE8dLGmeRQjNUe6B5GS9iD5aRbVOtoA' \/>\n\n<div style=\"\"  data-wp-interactive=\"jetpack\/form\" data-wp-context='{\"fieldId\":\"g2591-namn\",\"fieldType\":\"name\",\"fieldLabel\":\"Namn\",\"fieldValue\":\"\",\"fieldPlaceholder\":\"\",\"fieldIsRequired\":\"1\",\"fieldErrorMessage\":\"\",\"fieldExtra\":[],\"formHash\":\"fafa4deec67c1ebb503bf99bf1b24fb7cb9cc268\"}'  class='grunion-field-name-wrap grunion-field-wrap'  data-wp-init='callbacks.initializeField' data-wp-on--jetpack-form-reset='callbacks.initializeField' >\n<label\n\t\t\t\tfor='g2591-namn' class=\"grunion-field-label name\" >Namn<span class=\"grunion-label-required\" aria-hidden=\"true\">(obligatoriskt)<\/span><\/label>\n<input\n\t\t\t\t\ttype='text'\n\t\t\t\t\tname='g2591-namn'\n\t\t\t\t\tid='g2591-namn'\n\t\t\t\t\tvalue=''\n\n\t\t\t\t\tdata-wp-bind--aria-invalid='state.fieldAriaInvalid'\n\t\t\t\t\tdata-wp-bind--value='state.getFieldValue'\n\t\t\t\t\taria-describedby='g2591-namn-text-error-message'\n\t\t\t\t\tdata-wp-on--input='actions.onFieldChange'\n\t\t\t\t\tdata-wp-on--blur='actions.onFieldBlur'\n\t\t\t\t\tdata-wp-class--has-value='state.hasFieldValue'\n\n\t\t\t\t\tclass='name  grunion-field' \n\t\t\t\t\trequired='true' aria-required='true'  \/>\n \n\t\t\t<div id=\"g2591-namn-text-error\" class=\"contact-form__input-error\" data-wp-class--has-errors=\"state.fieldHasErrors\">\n\t\t\t\t<span class=\"contact-form__warning-icon\" aria-hidden=\"true\">\n\t\t\t\t\t<svg width=\"16\" height=\"16\" viewBox=\"0 0 16 16\" fill=\"none\" xmlns=\"http:\/\/www.w3.org\/2000\/svg\">\n\t\t\t\t\t\t<path d=\"M8.50015 11.6402H7.50015V10.6402H8.50015V11.6402Z\" \/>\n\t\t\t\t\t\t<path d=\"M7.50015 9.64018H8.50015V6.30684H7.50015V9.64018Z\" \/>\n\t\t\t\t\t\t<path fill-rule=\"evenodd\" clip-rule=\"evenodd\" d=\"M6.98331 3.0947C7.42933 2.30177 8.57096 2.30177 9.01698 3.09469L13.8771 11.7349C14.3145 12.5126 13.7525 13.4735 12.8602 13.4735H3.14004C2.24774 13.4735 1.68575 12.5126 2.12321 11.7349L6.98331 3.0947ZM8.14541 3.58496C8.08169 3.47168 7.9186 3.47168 7.85488 3.58496L2.99478 12.2251C2.93229 12.3362 3.01257 12.4735 3.14004 12.4735H12.8602C12.9877 12.4735 13.068 12.3362 13.0055 12.2251L8.14541 3.58496Z\" \/>\n\t\t\t\t\t<\/svg>\n\t\t\t\t<\/span>\n\t\t\t\t<span data-wp-text=\"state.errorMessage\" id=\"g2591-namn-text-error-message\"><\/span>\n\t\t\t<\/div> \n\t<\/div>\n\n<div style=\"\"  data-wp-interactive=\"jetpack\/form\" data-wp-context='{\"fieldId\":\"g2591-epost\",\"fieldType\":\"email\",\"fieldLabel\":\"E-post\",\"fieldValue\":\"\",\"fieldPlaceholder\":\"\",\"fieldIsRequired\":\"1\",\"fieldErrorMessage\":\"\",\"fieldExtra\":[],\"formHash\":\"fafa4deec67c1ebb503bf99bf1b24fb7cb9cc268\"}'  class='grunion-field-email-wrap grunion-field-wrap'  data-wp-init='callbacks.initializeField' data-wp-on--jetpack-form-reset='callbacks.initializeField' >\n<label\n\t\t\t\tfor='g2591-epost' class=\"grunion-field-label email\" >E-post<span class=\"grunion-label-required\" aria-hidden=\"true\">(obligatoriskt)<\/span><\/label>\n<input\n\t\t\t\t\ttype='email'\n\t\t\t\t\tname='g2591-epost'\n\t\t\t\t\tid='g2591-epost'\n\t\t\t\t\tvalue=''\n\n\t\t\t\t\tdata-wp-bind--aria-invalid='state.fieldAriaInvalid'\n\t\t\t\t\tdata-wp-bind--value='state.getFieldValue'\n\t\t\t\t\taria-describedby='g2591-epost-email-error-message'\n\t\t\t\t\tdata-wp-on--input='actions.onFieldChange'\n\t\t\t\t\tdata-wp-on--blur='actions.onFieldBlur'\n\t\t\t\t\tdata-wp-class--has-value='state.hasFieldValue'\n\n\t\t\t\t\tclass='email  grunion-field' \n\t\t\t\t\trequired='true' aria-required='true'  \/>\n \n\t\t\t<div id=\"g2591-epost-email-error\" class=\"contact-form__input-error\" data-wp-class--has-errors=\"state.fieldHasErrors\">\n\t\t\t\t<span class=\"contact-form__warning-icon\" aria-hidden=\"true\">\n\t\t\t\t\t<svg width=\"16\" height=\"16\" viewBox=\"0 0 16 16\" fill=\"none\" xmlns=\"http:\/\/www.w3.org\/2000\/svg\">\n\t\t\t\t\t\t<path d=\"M8.50015 11.6402H7.50015V10.6402H8.50015V11.6402Z\" \/>\n\t\t\t\t\t\t<path d=\"M7.50015 9.64018H8.50015V6.30684H7.50015V9.64018Z\" \/>\n\t\t\t\t\t\t<path fill-rule=\"evenodd\" clip-rule=\"evenodd\" d=\"M6.98331 3.0947C7.42933 2.30177 8.57096 2.30177 9.01698 3.09469L13.8771 11.7349C14.3145 12.5126 13.7525 13.4735 12.8602 13.4735H3.14004C2.24774 13.4735 1.68575 12.5126 2.12321 11.7349L6.98331 3.0947ZM8.14541 3.58496C8.08169 3.47168 7.9186 3.47168 7.85488 3.58496L2.99478 12.2251C2.93229 12.3362 3.01257 12.4735 3.14004 12.4735H12.8602C12.9877 12.4735 13.068 12.3362 13.0055 12.2251L8.14541 3.58496Z\" \/>\n\t\t\t\t\t<\/svg>\n\t\t\t\t<\/span>\n\t\t\t\t<span data-wp-text=\"state.errorMessage\" id=\"g2591-epost-email-error-message\"><\/span>\n\t\t\t<\/div> \n\t<\/div>\n\n<div style=\"\"  data-wp-interactive=\"jetpack\/form\" data-wp-context='{\"fieldId\":\"g2591-meddelande\",\"fieldType\":\"textarea\",\"fieldLabel\":\"Meddelande\",\"fieldValue\":\"\",\"fieldPlaceholder\":\"\",\"fieldIsRequired\":\"\",\"fieldErrorMessage\":\"\",\"fieldExtra\":[],\"formHash\":\"fafa4deec67c1ebb503bf99bf1b24fb7cb9cc268\"}'  class='grunion-field-textarea-wrap grunion-field-wrap'  data-wp-init='callbacks.initializeField' data-wp-on--jetpack-form-reset='callbacks.initializeField' >\n<label\n\t\t\t\tfor='contact-form-comment-g2591-meddelande' class=\"grunion-field-label textarea\" >Meddelande<\/label>\n<textarea\n\t\t                style=''\n\t\t                name='g2591-meddelande'\n\t\t                id='contact-form-comment-g2591-meddelande'\n\t\t                rows='20'\n\t\t\t\t\t\tdata-wp-text='state.getFieldValue'\n\t\t\t\t\t\tdata-wp-on--input='actions.onFieldChange'\n\t\t\t\t\t\tdata-wp-on--blur='actions.onFieldBlur'\n\t\t\t\t\t\tdata-wp-class--has-value='state.hasFieldValue'\n\t\t\t\t\t\taria-describedby='g2591-meddelande-textarea-error-message'\n\t\t\t\t\t\tdata-wp-bind--aria-invalid='state.fieldAriaInvalid'\n\t\t\t\t\t\tclass='textarea  grunion-field'  ><\/textarea>\n \n\t\t\t<div id=\"g2591-meddelande-textarea-error\" class=\"contact-form__input-error\" data-wp-class--has-errors=\"state.fieldHasErrors\">\n\t\t\t\t<span class=\"contact-form__warning-icon\" aria-hidden=\"true\">\n\t\t\t\t\t<svg width=\"16\" height=\"16\" viewBox=\"0 0 16 16\" fill=\"none\" xmlns=\"http:\/\/www.w3.org\/2000\/svg\">\n\t\t\t\t\t\t<path d=\"M8.50015 11.6402H7.50015V10.6402H8.50015V11.6402Z\" \/>\n\t\t\t\t\t\t<path d=\"M7.50015 9.64018H8.50015V6.30684H7.50015V9.64018Z\" \/>\n\t\t\t\t\t\t<path fill-rule=\"evenodd\" clip-rule=\"evenodd\" d=\"M6.98331 3.0947C7.42933 2.30177 8.57096 2.30177 9.01698 3.09469L13.8771 11.7349C14.3145 12.5126 13.7525 13.4735 12.8602 13.4735H3.14004C2.24774 13.4735 1.68575 12.5126 2.12321 11.7349L6.98331 3.0947ZM8.14541 3.58496C8.08169 3.47168 7.9186 3.47168 7.85488 3.58496L2.99478 12.2251C2.93229 12.3362 3.01257 12.4735 3.14004 12.4735H12.8602C12.9877 12.4735 13.068 12.3362 13.0055 12.2251L8.14541 3.58496Z\" \/>\n\t\t\t\t\t<\/svg>\n\t\t\t\t<\/span>\n\t\t\t\t<span data-wp-text=\"state.errorMessage\" id=\"g2591-meddelande-textarea-error-message\"><\/span>\n\t\t\t<\/div>\n\t<\/div>\n\t<p class='contact-submit'>\n<div class=\"contact-form__error\" data-wp-class--show-errors=\"state.showFormErrors\"><span class=\"contact-form__warning-icon\" aria-hidden=\"true\"><i><\/i><\/span><span class=\"contact-form__error-message\" tabindex=\"-1\" data-wp-watch=\"callbacks.focusOnValidationError\" data-wp-text=\"state.getFormErrorMessage\"><\/span><ul aria-label=\"Formul\u00e4rfel\">\n\t\t\t\t<template data-wp-each=\"state.getErrorList\" data-wp-key=\"context.item.id\">\n\t\t\t\t\t<li><a data-wp-bind--href=\"context.item.anchor\" data-wp-on--click=\"actions.scrollIntoView\" data-wp-text=\"context.item.label\"><\/a><\/li>\n\t\t\t\t<\/template>\n\t\t\t\t<\/ul><\/div><div class=\"contact-form__error\" data-wp-class--show-errors=\"state.showSubmissionError\" data-wp-text=\"context.submissionError\" tabindex=\"-1\" data-wp-watch=\"callbacks.focusOnSubmissionError\"><\/div>\t\t<button type='submit' class='pushbutton-wide'>Skicka<\/button>\t\t<input type='hidden' name='contact-form-id' value='2591' \/>\n\t\t<input type='hidden' name='action' value='grunion-contact-form' \/>\n\t\t<input type='hidden' name='contact-form-hash' value='fafa4deec67c1ebb503bf99bf1b24fb7cb9cc268' \/>\n\t<\/p>\n<\/form>\n<\/div>\n","protected":false},"excerpt":{"rendered":"<p><strong>Ledarskapet \u00e4r en viktig del n\u00e4r det g\u00e4ller f\u00f6r\u00e4ndringar, att f\u00e5 alla att se och f\u00f6rst\u00e5 f\u00f6r\u00e4ndringen och att skapa engagemang och delaktighet<\/strong><\/p>\n<p>Att f\u00f6r\u00e4ndringar kommer \u00e4r mer naturlag \u00e4n en of\u00f6rutsedd h\u00e4ndelse. Tekniken f\u00f6r\u00e4ndras, behov f\u00f6r\u00e4ndras och v\u00e4rlden f\u00f6r\u00e4ndras. Att f\u00f6r\u00e4ndra sig sj\u00e4lv och sitt f\u00f6retag \u00e4r att v\u00e4rdes\u00e4kra sin framtid.<\/p>\n","protected":false},"featured_media":10414,"comment_status":"open","ping_status":"closed","template":"","meta":{"wds_primary_product_brand":0,"wds_primary_product_cat":0},"product_brand":[],"product_cat":[37,32,28,203],"product_tag":[67,66,65],"class_list":{"0":"post-2591","1":"product","2":"type-product","3":"status-publish","4":"has-post-thumbnail","6":"product_cat-kommunikation","7":"product_cat-ledarskap","8":"product_cat-teamship","9":"product_cat-industri","10":"product_tag-ledarskap","11":"product_tag-personlig-utveckling","12":"product_tag-stresshantering","14":"first","15":"instock","16":"taxable","17":"shipping-taxable","18":"purchasable","19":"product-type-simple"},"jetpack_sharing_enabled":true,"_links":{"self":[{"href":"https:\/\/republify.se\/index.php\/wp-json\/wp\/v2\/product\/2591","targetHints":{"allow":["GET"]}}],"collection":[{"href":"https:\/\/republify.se\/index.php\/wp-json\/wp\/v2\/product"}],"about":[{"href":"https:\/\/republify.se\/index.php\/wp-json\/wp\/v2\/types\/product"}],"replies":[{"embeddable":true,"href":"https:\/\/republify.se\/index.php\/wp-json\/wp\/v2\/comments?post=2591"}],"wp:featuredmedia":[{"embeddable":true,"href":"https:\/\/republify.se\/index.php\/wp-json\/wp\/v2\/media\/10414"}],"wp:attachment":[{"href":"https:\/\/republify.se\/index.php\/wp-json\/wp\/v2\/media?parent=2591"}],"wp:term":[{"taxonomy":"product_brand","embeddable":true,"href":"https:\/\/republify.se\/index.php\/wp-json\/wp\/v2\/product_brand?post=2591"},{"taxonomy":"product_cat","embeddable":true,"href":"https:\/\/republify.se\/index.php\/wp-json\/wp\/v2\/product_cat?post=2591"},{"taxonomy":"product_tag","embeddable":true,"href":"https:\/\/republify.se\/index.php\/wp-json\/wp\/v2\/product_tag?post=2591"}],"curies":[{"name":"wp","href":"https:\/\/api.w.org\/{rel}","templated":true}]}}