{"id":2588,"date":"2022-03-11T09:55:52","date_gmt":"2022-03-11T08:55:52","guid":{"rendered":"https:\/\/republify.se\/?post_type=product&#038;p=2588"},"modified":"2025-11-21T09:13:05","modified_gmt":"2025-11-21T08:13:05","slug":"arbeta-effektivt-utan-stress","status":"publish","type":"product","link":"https:\/\/republify.se\/index.php\/produkt\/arbeta-effektivt-utan-stress\/","title":{"rendered":"Arbeta effektivt utan stress"},"content":{"rendered":"<p class=\"REPUBLIFY\"><b><span style=\"font-size: 10.0pt; line-height: 107%; font-family: 'Tahoma',sans-serif;\">R\u00e4cker tiden inte till? Tenderar dina att-g\u00f6ra-listor att v\u00e4xa men f\u00e5 saker blir avbockade? <\/span><\/b><\/p>\n<p class=\"REPUBLIFY\"><i><span style=\"font-size: 10.0pt; line-height: 107%; font-family: 'Tahoma',sans-serif;\">Det finns mycket att g\u00f6ra f\u00f6r att \u00f6ka effektiviteten dels p\u00e5 ett organisatoriskt plan, dels p\u00e5 det personliga. Att arbeta f\u00f6r mer effektivitet och mindre stress \u00f6kar inte bara trivseln utan kan ocks\u00e5 minska sjukskrivningarna vilket \u00e4r en viktig effekt i sig. Ofta h\u00f6r vi att tiden inte r\u00e4cker till samtidigt som vi vet att tid l\u00e4cker mellan fingrarna p\u00e5 oss, diffusa processer, os\u00e4kerhet om vad som \u00e4r m\u00e5l och medel. Otydlighet i roller och kommunikation.<\/span><\/i><\/p>\n<p><strong>M\u00e5lgrupp<\/strong><\/p>\n<p>Denna utbildning riktar sig till dig som medarbetare<\/p>\n<p><strong>F\u00f6rkunskaper<\/strong><\/p>\n<p>Denna utbildning kr\u00e4ver inga speciella f\u00f6rkunskaper<\/p>\n<p><strong>Kursinneh\u00e5ll<\/strong><\/p>\n<p>Att hantera sig sj\u00e4lv och sin tid p\u00e5 ett professionellt och effektivt s\u00e4tt kan vara avg\u00f6rande f\u00f6r att lyckas i sitt arbete. Genom att ha fokus p\u00e5 syfte och m\u00e5l blir prioriteringarna mycket l\u00e4ttare. I pressade situationer \u00e4r det l\u00e4tt att stressen kryper p\u00e5 och d\u00e5 kan det vara sv\u00e5rt att g\u00f6ra r\u00e4tt val bland alla uppgifter som pockar p\u00e5. Det kan vara sv\u00e5rt att skilja p\u00e5 vad som \u00e4r viktigt och vad som \u00e4r mindre viktigt och vi kan falla i f\u00e4llan att ta det som \u00e4r br\u00e5ttom f\u00f6rst.<\/p>\n<p>Med enkla metoder och tekniker kan vi l\u00e4ttare v\u00e4lja hur och vad vi ska g\u00f6ra f\u00f6r att n\u00e5 resultat.<\/p>\n<p>Arbeta utan stress<\/p>\n<ul>\n<li>Skilj p\u00e5 stress och press<\/li>\n<li>Hantera stressande situationer<\/li>\n<\/ul>\n<p>S\u00e5 kan du hantera din tid p\u00e5 b\u00e4sta s\u00e4tt<\/p>\n<ul>\n<li>Vad l\u00e4gger du din tid p\u00e5? Skapa en st\u00f6rre medvetenhet om ert f\u00f6rh\u00e5llande till tid<\/li>\n<li>Nul\u00e4gesanalysen som g\u00f6r det l\u00e4ttare att prioritera. Kartl\u00e4gga och analysera den nuvarande situationen<\/li>\n<li>Olika aspekter p\u00e5 tid och hur det kan g\u00f6ra dig mer effektiv<\/li>\n<li>Tidsstilsanalysen som g\u00f6r dig medveten om hur du prioriterar och hanterar tiden<\/li>\n<li>Sluta att skjuta upp saker<\/li>\n<li>Ta tag i tidstjuvar och tidsl\u00e4ckage<\/li>\n<li>S\u00e5 g\u00f6r du r\u00e4tt sak vid r\u00e4tt tidpunkt<\/li>\n<li>Skapa kontroll med en tidsbudget<\/li>\n<li>Formulera m\u00e5l och bli mer klar \u00f6ver dina arbetsuppgifter<\/li>\n<li>Personlig planering och prioritering<\/li>\n<li>Skilj p\u00e5 det som \u00e4r br\u00e5ttom och viktigt<\/li>\n<\/ul>\n<h3><\/h3>\n<h3>Kursen levereras i samarbete med<\/h3>\n<h2><img decoding=\"async\" class=\"alignnone size-full wp-image-1231 lazyload\" data-src=\"https:\/\/republify.se\/wp-content\/uploads\/2022\/02\/Christina_logo.jpg\" alt=\"\" width=\"296\" height=\"74\" src=\"data:image\/svg+xml;base64,PHN2ZyB3aWR0aD0iMSIgaGVpZ2h0PSIxIiB4bWxucz0iaHR0cDovL3d3dy53My5vcmcvMjAwMC9zdmciPjwvc3ZnPg==\" style=\"--smush-placeholder-width: 296px; --smush-placeholder-aspect-ratio: 296\/74;\" \/><\/h2>\n<h2>Kontakta oss om denna kurs<\/h2>\n<div data-test='contact-form'\n\t\t\tid='contact-form-2588'\n\t\t\tclass='jetpack-contact-form-container '\n\t\t\tdata-wp-interactive='jetpack\/form' data-wp-context='{\"formId\":\"2588\",\"formHash\":\"1878e106b7254d15576416b2a47822f67b3fada5\",\"showErrors\":false,\"errors\":[],\"fields\":[],\"isMultiStep\":false,\"useAjax\":true,\"submissionData\":null,\"formattedSubmissionData\":[],\"submissionSuccess\":false,\"submissionError\":null,\"elementId\":\"jp-form-1878e106b7254d15576416b2a47822f67b3fada5\",\"isSingleInputForm\":false,\"isForcedHorizontal\":false}'\n\t\t\tdata-wp-watch--scroll-to-wrapper=\"callbacks.scrollToWrapper\"\n\t\t>\n<div class=\"contact-form-submission contact-form-ajax-submission\" data-wp-bind--aria-hidden=\"state.isSuccessMessageAriaHidden\" data-wp-class--submission-success=\"context.submissionSuccess\" id=\"contact-form-success-1878e106b7254d15576416b2a47822f67b3fada5\" tabindex=\"-1\" aria-labelledby=\"contact-form-success-header-1878e106b7254d15576416b2a47822f67b3fada5\"><p class=\"go-back-message\"><a class=\"link\" role=\"button\" tabindex=\"0\" data-wp-on--click=\"actions.goBack\" href=\"\/index.php\/wp-json\/wp\/v2\/product\/2588\">\u2190 Tillbaka<\/a><\/p><h4 data-wp-bind--aria-hidden=\"state.isSuccessMessageAriaHidden\" id=\"contact-form-success-header-1878e106b7254d15576416b2a47822f67b3fada5\">Tack f\u00f6r din respons. \u2728<\/h4>\n\n<template data-wp-each--submission=\"context.formattedSubmissionData\">\n\t\t\t\t\t<div class=\"jetpack_forms_contact-form-success-summary\">\n\t\t\t\t\t\t<div class=\"field-name-wrapper\">\n\t\t\t\t\t\t\t<div class=\"field-type-icon\" data-wp-watch=\"callbacks.watchFieldTypeIcon\"><\/div>\n\t\t\t\t\t\t\t<div class=\"field-name\" data-wp-text=\"context.submission.label\" data-wp-bind--hidden=\"!context.submission.label\"><\/div>\n\t\t\t\t\t\t<\/div>\n\t\t\t\t\t\t<div class=\"field-value\" data-wp-text=\"context.submission.value\" data-wp-bind--hidden=\"!context.submission.showPlainValue\"><\/div>\n\t\t\t\t\t\t<a class=\"field-url\" data-wp-bind--href=\"context.submission.url\" data-wp-text=\"context.submission.value\" data-wp-bind--hidden=\"!context.submission.url\" target=\"_blank\" rel=\"noopener noreferrer\"><\/a>\n\t\t\t\t\t\t<div class=\"field-rating\" data-wp-bind--hidden=\"!context.submission.rating\" data-wp-watch=\"callbacks.watchRatingIcons\"><\/div>\n\t\t\t\t\t\t<div class=\"field-images\" data-wp-bind--hidden=\"!context.submission.images\">\n\t\t\t\t\t\t\t<template data-wp-each--image=\"context.submission.images\">\n\t\t\t\t\t\t\t\t<div class=\"field-image-option\" data-wp-class--is-empty=\"!context.image.src\">\n\t\t\t\t\t\t\t\t\t<figure class=\"field-image-option__image\" data-wp-class--is-empty=\"!context.image.src\">\n\t\t\t\t\t\t\t\t\t\t<img data-wp-bind--src=\"context.image.src\" data-wp-bind--hidden=\"!context.image.src\" \/>\n\t\t\t\t\t\t\t\t\t\t<img decoding=\"async\" src=\"data:image\/gif;base64,R0lGODlhAQABAAD\/ACwAAAAAAQABAAACADs=\" data-wp-bind--hidden=\"context.image.src\" \/>\n\t\t\t\t\t\t\t\t\t<\/figure>\n\t\t\t\t\t\t\t\t\t<div class=\"field-image-option__label-wrapper\">\n\t\t\t\t\t\t\t\t\t\t<span class=\"field-image-option__label-code\" data-wp-text=\"context.image.letterCode\"><\/span>\n\t\t\t\t\t\t\t\t\t\t<span class=\"field-image-option__label\" data-wp-text=\"context.image.label\" data-wp-bind--hidden=\"!context.image.label\"><\/span>\n\t\t\t\t\t\t\t\t\t<\/div>\n\t\t\t\t\t\t\t\t<\/div>\n\t\t\t\t\t\t\t<\/template>\n\t\t\t\t\t\t<\/div>\n\t\t\t\t\t\t<div class=\"field-files\" data-wp-bind--hidden=\"!context.submission.files\">\n\t\t\t\t\t\t\t<template data-wp-each--file=\"context.submission.files\">\n\t\t\t\t\t\t\t\t<div class=\"field-file\">\n\t\t\t\t\t\t\t\t\t<div class=\"field-file__thumbnail\" data-wp-style--background-image=\"context.file.previewUrl\" data-wp-style--mask-image=\"context.file.iconUrl\" data-wp-bind--hidden=\"!context.file.hasPreview\"><\/div>\n\t\t\t\t\t\t\t\t\t<svg class=\"field-file__icon\" data-wp-bind--hidden=\"context.file.hasPreview\" width=\"20\" height=\"20\" viewBox=\"0 0 24 24\" fill=\"none\" xmlns=\"http:\/\/www.w3.org\/2000\/svg\" aria-hidden=\"true\">\n\t\t\t\t\t\t\t\t\t\t<path d=\"M14 2H6C4.9 2 4 2.9 4 4V20C4 21.1 4.89 22 5.99 22H18C19.1 22 20 21.1 20 20V8L14 2ZM18 20H6V4H13V9H18V20Z\" fill=\"currentColor\"\/>\n\t\t\t\t\t\t\t\t\t<\/svg>\n\t\t\t\t\t\t\t\t\t<span class=\"field-file__name\" data-wp-text=\"context.file.name\"><\/span>\n\t\t\t\t\t\t\t\t\t<span class=\"field-file__size\" data-wp-text=\"context.file.size\"><\/span>\n\t\t\t\t\t\t\t\t<\/div>\n\t\t\t\t\t\t\t<\/template>\n\t\t\t\t\t\t<\/div>\n\t\t\t\t\t<\/div>\n\t\t\t\t<\/template><\/div><form action='https:\/\/republify.se\/index.php\/produkt\/arbeta-effektivt-utan-stress\/'\n\t\t\t\tid='jp-form-1878e106b7254d15576416b2a47822f67b3fada5'\n\t\t\t\tmethod='post'\n\t\t\t\tclass='contact-form commentsblock jetpack-contact-form__form has-no-jetpack-form-layout' aria-label=\"Arbeta effektivt utan stress\"\n\t\t\t\tdata-wp-on--submit=\"actions.onFormSubmit\"\n\t\t\t\tdata-wp-on--reset=\"actions.onFormReset\"\n\t\t\t\tdata-wp-class--submission-success=\"context.submissionSuccess\"\n\t\t\t\tdata-wp-class--is-first-step=\"state.isFirstStep\"\n\t\t\t\tdata-wp-class--is-last-step=\"state.isLastStep\"\n\t\t\t\tdata-wp-class--is-ajax-form=\"context.useAjax\"\n\t\t\t\tnovalidate >\n<input type='hidden' name='jetpack_contact_form_jwt' value='eyJ0eXAiOiJKV1QiLCJhbGciOiJIUzI1NiJ9.eyJlbmNyeXB0ZWRfYXR0cmlidXRlcyI6IloyelVTN0puMldvenVGZjFXN203Yzd2Mk8rNHJycGkveTVyWFJsZXlUWFo1b3dzS0prWFNIeG1NQ1FlVG9Td0dXZFFIa0tlWHBYK293a3JYOEoydERMNXB4Tnp6MnJyRUtsczE0SVkxNFlQeEpjdERWakpsUmhacFgwKzRnREM5RERkeXhCdjJoMkhhSDNmOWVrOHV5N0hUdmNTUy9aREgyZzZKZVBxTjMrT0Y2RGNreVo2RjJzdnFDVmJKbDlWcFZIdlEzVmluek51ZUowV1hVTVdMbFZHcFJyQTA5ay9DcUdMT1RLQVVXTmcvZExzNWFjTTFSN1kyQzhNUHF2dlhlYlh5Ty9EUlk4TTlYc1h6UmdIRUJvTkNkTXJUYWVMc09pQ2VyWTR0dENoTE9WN1hzMjRqNk1WQkVuV0trd1EwUmhrTENZVENmd3ErcGY2NjBtckdzY0YyYkcxRFQyY0RTUkszMDR1SFgyNHgvRnJpMHBQWk1lT1kwMXlNUnh0MXJ0eUFqZmNsQWd6bXh1alAzUC9jNnRoeDQvR082Q2RzRmdEbXlObGhVR0g0SmpJUFo0REtPVlJRd1ZPYWh3SEQwQ2Q3bUNuRE9pWVlCZHhlanYveEkvVHB4WmFCd2U0Z0c4QzJrRnY4dWhoNURqanBlb2ZNQmZFeXBuZkdFSHNrbkFSSWU2Y2g3RjY2cVhGOGNxMlQ0MzFyelJkc0tVNXVhYlVDNE4vSEltaEJRaSsrRlgwcEdzSkFRVmRWdTdBaW5iWUROQjV4OXlkeW5lcStkSFJMZ1l6c2t2bVZHYkdmdER4MTBJWmdNSEFBNkxlQy8rWnR2SWx4QVJ1VEFnbUYrbmFXcXRCaVRtUmJKeDhVRFR5VmJ1ZW1wZTNsZzNxSDVxT2pGc0VRTXVoNElyb0NMV2lRUmZqNHZ3dTJXSk1ZZU5vRnN3elVwNTI1S21oRWVwZUh0Y1VLb0x5bDFLc2FLM00wNlg0b1BQLzFpV3l1VUZGb1h0a2R5cCtPYXh0dHBPVmJmVi91MC94ODFEdUZ6NGlYNFB4WERTSXF5Tm51Y2FqbC9lMWhYZklHSGFTWWpVOE9oMlZURXo0YUZnczZsVjdkN1hxcTVxQVVHTUlwYnc5SkpVYVpoWXVuSm9aWDJMMTE3aWZqSUNpQmFwbjdDQVl2RFNob2tYK3doM0l0YmY1cWJQZFVzdjVYWE5NUjB4ek1laXZaam5mZW9yNUg1MGwyb2c9PSIsImNvbnRlbnQiOiJbY29udGFjdC1maWVsZCBsYWJlbD1cIk5hbW5cIiB0eXBlPVwibmFtZVwiIHJlcXVpcmVkPVwiMVwiXVtjb250YWN0LWZpZWxkIGxhYmVsPVwiRS1wb3N0XCIgdHlwZT1cImVtYWlsXCIgcmVxdWlyZWQ9XCIxXCJdW2NvbnRhY3QtZmllbGQgbGFiZWw9XCJNZWRkZWxhbmRlXCIgdHlwZT1cInRleHRhcmVhXCJdIiwiaGFzaCI6IjE4NzhlMTA2YjcyNTRkMTU1NzY0MTZiMmE0NzgyMmY2N2IzZmFkYTUiLCJzb3VyY2UiOnsiZW50cnlfdGl0bGUiOiJBcmJldGEgZWZmZWt0aXZ0IHV0YW4gc3RyZXNzIiwiZW50cnlfcGFnZSI6MSwic291cmNlX2lkIjoyNTg4LCJzb3VyY2VfdHlwZSI6InNpbmdsZSIsInJlcXVlc3RfdXJsIjoiaHR0cHM6Ly9yZXB1YmxpZnkuc2Uvd3AtanNvbi93cC92Mi9wcm9kdWN0LzI1ODgifSwidmVyc2lvbiI6MiwiY2lwaGVyIjoiYWVzLTI1Ni1nY20ifQ.kdXED_W0nz3zwHkKQ-dUdoHG_uK4eHVB98uSWIHhuhc' \/>\n\n<div style=\"\"  data-wp-interactive=\"jetpack\/form\" data-wp-context='{\"fieldId\":\"g2588-namn\",\"fieldType\":\"name\",\"fieldLabel\":\"Namn\",\"fieldValue\":\"\",\"fieldPlaceholder\":\"\",\"fieldIsRequired\":\"1\",\"fieldErrorMessage\":\"\",\"fieldExtra\":[],\"formHash\":\"1878e106b7254d15576416b2a47822f67b3fada5\"}'  class='grunion-field-name-wrap grunion-field-wrap'  data-wp-init='callbacks.initializeField' data-wp-on--jetpack-form-reset='callbacks.initializeField' >\n<label\n\t\t\t\tfor='g2588-namn' class=\"grunion-field-label name\" >Namn<span class=\"grunion-label-required\" aria-hidden=\"true\">(obligatoriskt)<\/span><\/label>\n<input\n\t\t\t\t\ttype='text'\n\t\t\t\t\tname='g2588-namn'\n\t\t\t\t\tid='g2588-namn'\n\t\t\t\t\tvalue=''\n\n\t\t\t\t\tdata-wp-bind--aria-invalid='state.fieldAriaInvalid'\n\t\t\t\t\tdata-wp-bind--value='state.getFieldValue'\n\t\t\t\t\taria-describedby='g2588-namn-text-error-message'\n\t\t\t\t\tdata-wp-on--input='actions.onFieldChange'\n\t\t\t\t\tdata-wp-on--blur='actions.onFieldBlur'\n\t\t\t\t\tdata-wp-class--has-value='state.hasFieldValue'\n\n\t\t\t\t\tclass='name  grunion-field' \n\t\t\t\t\trequired='true' aria-required='true'  \/>\n \n\t\t\t<div id=\"g2588-namn-text-error\" class=\"contact-form__input-error\" data-wp-class--has-errors=\"state.fieldHasErrors\">\n\t\t\t\t<span class=\"contact-form__warning-icon\" aria-hidden=\"true\">\n\t\t\t\t\t<svg width=\"16\" height=\"16\" viewBox=\"0 0 16 16\" fill=\"none\" xmlns=\"http:\/\/www.w3.org\/2000\/svg\">\n\t\t\t\t\t\t<path d=\"M8.50015 11.6402H7.50015V10.6402H8.50015V11.6402Z\" \/>\n\t\t\t\t\t\t<path d=\"M7.50015 9.64018H8.50015V6.30684H7.50015V9.64018Z\" \/>\n\t\t\t\t\t\t<path fill-rule=\"evenodd\" clip-rule=\"evenodd\" d=\"M6.98331 3.0947C7.42933 2.30177 8.57096 2.30177 9.01698 3.09469L13.8771 11.7349C14.3145 12.5126 13.7525 13.4735 12.8602 13.4735H3.14004C2.24774 13.4735 1.68575 12.5126 2.12321 11.7349L6.98331 3.0947ZM8.14541 3.58496C8.08169 3.47168 7.9186 3.47168 7.85488 3.58496L2.99478 12.2251C2.93229 12.3362 3.01257 12.4735 3.14004 12.4735H12.8602C12.9877 12.4735 13.068 12.3362 13.0055 12.2251L8.14541 3.58496Z\" \/>\n\t\t\t\t\t<\/svg>\n\t\t\t\t<\/span>\n\t\t\t\t<span data-wp-text=\"state.errorMessage\" id=\"g2588-namn-text-error-message\"><\/span>\n\t\t\t<\/div> \n\t<\/div>\n\n<div style=\"\"  data-wp-interactive=\"jetpack\/form\" data-wp-context='{\"fieldId\":\"g2588-epost\",\"fieldType\":\"email\",\"fieldLabel\":\"E-post\",\"fieldValue\":\"\",\"fieldPlaceholder\":\"\",\"fieldIsRequired\":\"1\",\"fieldErrorMessage\":\"\",\"fieldExtra\":[],\"formHash\":\"1878e106b7254d15576416b2a47822f67b3fada5\"}'  class='grunion-field-email-wrap grunion-field-wrap'  data-wp-init='callbacks.initializeField' data-wp-on--jetpack-form-reset='callbacks.initializeField' >\n<label\n\t\t\t\tfor='g2588-epost' class=\"grunion-field-label email\" >E-post<span class=\"grunion-label-required\" aria-hidden=\"true\">(obligatoriskt)<\/span><\/label>\n<input\n\t\t\t\t\ttype='email'\n\t\t\t\t\tname='g2588-epost'\n\t\t\t\t\tid='g2588-epost'\n\t\t\t\t\tvalue=''\n\n\t\t\t\t\tdata-wp-bind--aria-invalid='state.fieldAriaInvalid'\n\t\t\t\t\tdata-wp-bind--value='state.getFieldValue'\n\t\t\t\t\taria-describedby='g2588-epost-email-error-message'\n\t\t\t\t\tdata-wp-on--input='actions.onFieldChange'\n\t\t\t\t\tdata-wp-on--blur='actions.onFieldBlur'\n\t\t\t\t\tdata-wp-class--has-value='state.hasFieldValue'\n\n\t\t\t\t\tclass='email  grunion-field' \n\t\t\t\t\trequired='true' aria-required='true'  \/>\n \n\t\t\t<div id=\"g2588-epost-email-error\" class=\"contact-form__input-error\" data-wp-class--has-errors=\"state.fieldHasErrors\">\n\t\t\t\t<span class=\"contact-form__warning-icon\" aria-hidden=\"true\">\n\t\t\t\t\t<svg width=\"16\" height=\"16\" viewBox=\"0 0 16 16\" fill=\"none\" xmlns=\"http:\/\/www.w3.org\/2000\/svg\">\n\t\t\t\t\t\t<path d=\"M8.50015 11.6402H7.50015V10.6402H8.50015V11.6402Z\" \/>\n\t\t\t\t\t\t<path d=\"M7.50015 9.64018H8.50015V6.30684H7.50015V9.64018Z\" \/>\n\t\t\t\t\t\t<path fill-rule=\"evenodd\" clip-rule=\"evenodd\" d=\"M6.98331 3.0947C7.42933 2.30177 8.57096 2.30177 9.01698 3.09469L13.8771 11.7349C14.3145 12.5126 13.7525 13.4735 12.8602 13.4735H3.14004C2.24774 13.4735 1.68575 12.5126 2.12321 11.7349L6.98331 3.0947ZM8.14541 3.58496C8.08169 3.47168 7.9186 3.47168 7.85488 3.58496L2.99478 12.2251C2.93229 12.3362 3.01257 12.4735 3.14004 12.4735H12.8602C12.9877 12.4735 13.068 12.3362 13.0055 12.2251L8.14541 3.58496Z\" \/>\n\t\t\t\t\t<\/svg>\n\t\t\t\t<\/span>\n\t\t\t\t<span data-wp-text=\"state.errorMessage\" id=\"g2588-epost-email-error-message\"><\/span>\n\t\t\t<\/div> \n\t<\/div>\n\n<div style=\"\"  data-wp-interactive=\"jetpack\/form\" data-wp-context='{\"fieldId\":\"g2588-meddelande\",\"fieldType\":\"textarea\",\"fieldLabel\":\"Meddelande\",\"fieldValue\":\"\",\"fieldPlaceholder\":\"\",\"fieldIsRequired\":\"\",\"fieldErrorMessage\":\"\",\"fieldExtra\":[],\"formHash\":\"1878e106b7254d15576416b2a47822f67b3fada5\"}'  class='grunion-field-textarea-wrap grunion-field-wrap'  data-wp-init='callbacks.initializeField' data-wp-on--jetpack-form-reset='callbacks.initializeField' >\n<label\n\t\t\t\tfor='contact-form-comment-g2588-meddelande' class=\"grunion-field-label textarea\" >Meddelande<\/label>\n<textarea\n\t\t                style=''\n\t\t                name='g2588-meddelande'\n\t\t                id='contact-form-comment-g2588-meddelande'\n\t\t                rows='20'\n\t\t\t\t\t\tdata-wp-text='state.getFieldValue'\n\t\t\t\t\t\tdata-wp-on--input='actions.onFieldChange'\n\t\t\t\t\t\tdata-wp-on--blur='actions.onFieldBlur'\n\t\t\t\t\t\tdata-wp-class--has-value='state.hasFieldValue'\n\t\t\t\t\t\taria-describedby='g2588-meddelande-textarea-error-message'\n\t\t\t\t\t\tdata-wp-bind--aria-invalid='state.fieldAriaInvalid'\n\t\t\t\t\t\tclass='textarea  grunion-field'  ><\/textarea>\n \n\t\t\t<div id=\"g2588-meddelande-textarea-error\" class=\"contact-form__input-error\" data-wp-class--has-errors=\"state.fieldHasErrors\">\n\t\t\t\t<span class=\"contact-form__warning-icon\" aria-hidden=\"true\">\n\t\t\t\t\t<svg width=\"16\" height=\"16\" viewBox=\"0 0 16 16\" fill=\"none\" xmlns=\"http:\/\/www.w3.org\/2000\/svg\">\n\t\t\t\t\t\t<path d=\"M8.50015 11.6402H7.50015V10.6402H8.50015V11.6402Z\" \/>\n\t\t\t\t\t\t<path d=\"M7.50015 9.64018H8.50015V6.30684H7.50015V9.64018Z\" \/>\n\t\t\t\t\t\t<path fill-rule=\"evenodd\" clip-rule=\"evenodd\" d=\"M6.98331 3.0947C7.42933 2.30177 8.57096 2.30177 9.01698 3.09469L13.8771 11.7349C14.3145 12.5126 13.7525 13.4735 12.8602 13.4735H3.14004C2.24774 13.4735 1.68575 12.5126 2.12321 11.7349L6.98331 3.0947ZM8.14541 3.58496C8.08169 3.47168 7.9186 3.47168 7.85488 3.58496L2.99478 12.2251C2.93229 12.3362 3.01257 12.4735 3.14004 12.4735H12.8602C12.9877 12.4735 13.068 12.3362 13.0055 12.2251L8.14541 3.58496Z\" \/>\n\t\t\t\t\t<\/svg>\n\t\t\t\t<\/span>\n\t\t\t\t<span data-wp-text=\"state.errorMessage\" id=\"g2588-meddelande-textarea-error-message\"><\/span>\n\t\t\t<\/div>\n\t<\/div>\n\t<p class='contact-submit'>\n<div class=\"contact-form__error\" data-wp-class--show-errors=\"state.showFormErrors\"><span class=\"contact-form__warning-icon\" aria-hidden=\"true\"><i><\/i><\/span><span class=\"contact-form__error-message\" tabindex=\"-1\" data-wp-watch=\"callbacks.focusOnValidationError\" data-wp-text=\"state.getFormErrorMessage\"><\/span><ul aria-label=\"Formul\u00e4rfel\">\n\t\t\t\t<template data-wp-each=\"state.getErrorList\" data-wp-key=\"context.item.id\">\n\t\t\t\t\t<li><a data-wp-bind--href=\"context.item.anchor\" data-wp-on--click=\"actions.scrollIntoView\" data-wp-text=\"context.item.label\"><\/a><\/li>\n\t\t\t\t<\/template>\n\t\t\t\t<\/ul><\/div><div class=\"contact-form__error\" data-wp-class--show-errors=\"state.showSubmissionError\" data-wp-text=\"context.submissionError\" tabindex=\"-1\" data-wp-watch=\"callbacks.focusOnSubmissionError\"><\/div>\t\t<button type='submit' class='pushbutton-wide'>Skicka<\/button>\t\t<input type='hidden' name='contact-form-id' value='2588' \/>\n\t\t<input type='hidden' name='action' value='grunion-contact-form' \/>\n\t\t<input type='hidden' name='contact-form-hash' value='1878e106b7254d15576416b2a47822f67b3fada5' \/>\n\t<\/p>\n<\/form>\n<\/div>\n","protected":false},"excerpt":{"rendered":"<p class=\"REPUBLIFY\"><i><span style=\"font-size: 10.0pt; line-height: 107%; font-family: 'Tahoma',sans-serif;\">Det finns mycket att g\u00f6ra f\u00f6r att \u00f6ka effektiviteten dels p\u00e5 ett organisatoriskt plan, dels p\u00e5 det personliga. Att arbeta f\u00f6r mer effektivitet och mindre stress \u00f6kar inte bara trivseln utan kan ocks\u00e5 minska sjukskrivningarna vilket \u00e4r en viktig effekt i sig. Ofta h\u00f6r vi att tiden inte r\u00e4cker till samtidigt som vi vet att tid l\u00e4cker mellan fingrarna p\u00e5 oss, diffusa processer, os\u00e4kerhet om vad som \u00e4r m\u00e5l och medel. Otydlighet i roller och kommunikation.<\/span><\/i><\/p>\n","protected":false},"featured_media":2589,"comment_status":"open","ping_status":"closed","template":"","meta":{"wds_primary_product_brand":0,"wds_primary_product_cat":0},"product_brand":[],"product_cat":[91,37,28],"product_tag":[66,65],"class_list":{"0":"post-2588","1":"product","2":"type-product","3":"status-publish","4":"has-post-thumbnail","6":"product_cat-arbetsmiljo","7":"product_cat-kommunikation","8":"product_cat-teamship","9":"product_tag-personlig-utveckling","10":"product_tag-stresshantering","12":"first","13":"instock","14":"taxable","15":"shipping-taxable","16":"purchasable","17":"product-type-simple"},"jetpack_sharing_enabled":true,"_links":{"self":[{"href":"https:\/\/republify.se\/index.php\/wp-json\/wp\/v2\/product\/2588","targetHints":{"allow":["GET"]}}],"collection":[{"href":"https:\/\/republify.se\/index.php\/wp-json\/wp\/v2\/product"}],"about":[{"href":"https:\/\/republify.se\/index.php\/wp-json\/wp\/v2\/types\/product"}],"replies":[{"embeddable":true,"href":"https:\/\/republify.se\/index.php\/wp-json\/wp\/v2\/comments?post=2588"}],"wp:featuredmedia":[{"embeddable":true,"href":"https:\/\/republify.se\/index.php\/wp-json\/wp\/v2\/media\/2589"}],"wp:attachment":[{"href":"https:\/\/republify.se\/index.php\/wp-json\/wp\/v2\/media?parent=2588"}],"wp:term":[{"taxonomy":"product_brand","embeddable":true,"href":"https:\/\/republify.se\/index.php\/wp-json\/wp\/v2\/product_brand?post=2588"},{"taxonomy":"product_cat","embeddable":true,"href":"https:\/\/republify.se\/index.php\/wp-json\/wp\/v2\/product_cat?post=2588"},{"taxonomy":"product_tag","embeddable":true,"href":"https:\/\/republify.se\/index.php\/wp-json\/wp\/v2\/product_tag?post=2588"}],"curies":[{"name":"wp","href":"https:\/\/api.w.org\/{rel}","templated":true}]}}