{"id":11886,"date":"2026-03-23T14:49:55","date_gmt":"2026-03-23T13:49:55","guid":{"rendered":"https:\/\/republify.se\/?post_type=product&#038;p=11886"},"modified":"2026-04-10T07:23:58","modified_gmt":"2026-04-10T06:23:58","slug":"itil-version-5-foundation-bridge-inkl-certifiering","status":"publish","type":"product","link":"https:\/\/republify.se\/index.php\/produkt\/itil-version-5-foundation-bridge-inkl-certifiering\/","title":{"rendered":"ITIL (version 5) Foundation Bridge (inkl certifiering)"},"content":{"rendered":"<p data-start=\"1824\" data-end=\"1864\"><strong data-start=\"1824\" data-end=\"1862\">1. \u00d6versikt av ITIL (version 5)-f\u00f6r\u00e4ndringar<\/strong><\/p>\n<ul data-start=\"1865\" data-end=\"1979\">\n<li data-start=\"1865\" data-end=\"1979\">\n<p data-start=\"1867\" data-end=\"1979\">ny struktur och begrepp: digitala produkter, v\u00e4rdesystem och v\u00e4rdestr\u00f6mmar<\/p>\n<\/li>\n<\/ul>\n<p data-start=\"1981\" data-end=\"2023\"><strong data-start=\"1981\" data-end=\"2021\">2. ITIL Value System och Value Chain<\/strong><\/p>\n<ul data-start=\"2024\" data-end=\"2099\">\n<li data-start=\"2024\" data-end=\"2099\">\n<p data-start=\"2026\" data-end=\"2099\">hur ramverket st\u00f6djer v\u00e4rdeskapande<\/p>\n<\/li>\n<\/ul>\n<p data-start=\"2101\" data-end=\"2148\"><strong data-start=\"2101\" data-end=\"2146\">3. Fyra dimensioner av service management<\/strong><\/p>\n<ul data-start=\"2149\" data-end=\"2235\">\n<li data-start=\"2149\" data-end=\"2235\">\n<p data-start=\"2151\" data-end=\"2235\">helhetsperspektiv p\u00e5 organisation och styrning<\/p>\n<\/li>\n<\/ul>\n<p data-start=\"2237\" data-end=\"2300\"><strong data-start=\"2237\" data-end=\"2298\">4. Centrala skillnader i guidande principer och practices<\/strong><\/p>\n<ul data-start=\"2301\" data-end=\"2372\">\n<li data-start=\"2301\" data-end=\"2372\">\n<p data-start=\"2303\" data-end=\"2372\">vad som f\u00f6r\u00e4ndrats sedan ITIL 4<\/p>\n<\/li>\n<\/ul>\n<p data-start=\"2374\" data-end=\"2419\"><strong data-start=\"2374\" data-end=\"2417\">5. F\u00f6rberedelse f\u00f6r certifieringsprovet<\/strong><\/p>\n<ul data-start=\"2420\" data-end=\"2500\">\n<li data-start=\"2420\" data-end=\"2500\">\n<p data-start=\"2422\" data-end=\"2500\">struktur, fokusomr\u00e5den och exempelfr\u00e5gor<\/p>\n<\/li>\n<\/ul>\n<p data-start=\"1391\" data-end=\"1425\"><strong>Efter kursen ska deltagaren kunna:<\/strong><\/p>\n<ul data-start=\"1427\" data-end=\"1781\">\n<li data-start=\"1427\" data-end=\"1498\">\n<p data-start=\"1429\" data-end=\"1498\">identifiera de centrala uppdateringarna i ITIL (version 5) j\u00e4mf\u00f6rt med ITIL 4<\/p>\n<\/li>\n<li data-start=\"1499\" data-end=\"1569\">\n<p data-start=\"1501\" data-end=\"1569\">f\u00f6rst\u00e5 ITILs\u00a0fokus p\u00e5\u00a0digital produkt- och tj\u00e4nstehantering<\/p>\n<\/li>\n<li data-start=\"1570\" data-end=\"1634\">\n<p data-start=\"1572\" data-end=\"1634\">f\u00f6rklara hur den nya\u00a0ITIL Value System-modellen fungerar<\/p>\n<\/li>\n<li data-start=\"1635\" data-end=\"1691\">\n<p data-start=\"1637\" data-end=\"1691\">beskriva f\u00f6r\u00e4ndringar i service- och v\u00e4rdestrukturer<\/p>\n<\/li>\n<li data-start=\"1692\" data-end=\"1781\">\n<p data-start=\"1694\" data-end=\"1781\">vara f\u00f6rberedd f\u00f6r\u00a0Bridge-certifieringsprovet<\/p>\n<\/li>\n<\/ul>\n<p>&nbsp;<\/p>\n<p><strong>I kurspriset ing\u00e5r ett certifieringsf\u00f6rs\u00f6k:<\/strong><\/p>\n<ul>\n<li data-start=\"3085\" data-end=\"3110\">Bridge-exam efter kursen (30 minuter, flervalsfr\u00e5gor)<\/li>\n<li data-start=\"3085\" data-end=\"3110\">Provet fokuserar p\u00e5 skillnader och uppdateringar mellan ITIL 4 och ITIL 5<\/li>\n<\/ul>\n<p>&nbsp;<\/p>\n<p><em>Acknowledgements. ITIL\u00ae is a registered trademark of the PeopleCert group. Used under licence from PeopleCert. All rights reserved.<\/em><br \/>\n<em>Accredited ITIL 4 training is provided by Brivalo, accredited by Peoplecert.<\/em><\/p>\n<p>&nbsp;<\/p>\n<h3>Kursen levereras i samarbete med Brivalo<\/h3>\n<p><img decoding=\"async\" class=\"alignleft size-medium wp-image-11863 lazyload\" data-src=\"https:\/\/republify.se\/wp-content\/uploads\/2026\/03\/TPG_Brivalo_BK_2D2D2D_Logotyp-300x86.png\" alt=\"\" width=\"300\" height=\"86\" data-srcset=\"https:\/\/republify.se\/wp-content\/uploads\/2026\/03\/TPG_Brivalo_BK_2D2D2D_Logotyp-300x86.png 300w, https:\/\/republify.se\/wp-content\/uploads\/2026\/03\/TPG_Brivalo_BK_2D2D2D_Logotyp-1024x294.png 1024w, https:\/\/republify.se\/wp-content\/uploads\/2026\/03\/TPG_Brivalo_BK_2D2D2D_Logotyp-768x221.png 768w, https:\/\/republify.se\/wp-content\/uploads\/2026\/03\/TPG_Brivalo_BK_2D2D2D_Logotyp-1536x441.png 1536w, https:\/\/republify.se\/wp-content\/uploads\/2026\/03\/TPG_Brivalo_BK_2D2D2D_Logotyp-2048x588.png 2048w, https:\/\/republify.se\/wp-content\/uploads\/2026\/03\/TPG_Brivalo_BK_2D2D2D_Logotyp-600x172.png 600w\" data-sizes=\"(max-width: 300px) 100vw, 300px\" src=\"data:image\/svg+xml;base64,PHN2ZyB3aWR0aD0iMSIgaGVpZ2h0PSIxIiB4bWxucz0iaHR0cDovL3d3dy53My5vcmcvMjAwMC9zdmciPjwvc3ZnPg==\" style=\"--smush-placeholder-width: 300px; --smush-placeholder-aspect-ratio: 300\/86;\" \/><\/p>\n","protected":false},"excerpt":{"rendered":"<p><strong>&#8221;NEW ITIL&#8221; &#8211; ITIL\u00ae (version 5) Foundation Bridge \u00e4r en kort, fokuserad kurs f\u00f6r dig som redan har ITIL 4-certifiering och vill g\u00e5 \u00f6ver till den uppdaterade ITIL-versionen.\u00a0<\/strong><em><strong>Kursen g\u00e5r igenom de viktigaste f\u00f6r\u00e4ndringarna i ramverket och f\u00f6rbereder dig f\u00f6r att uppgradera din certifiering till\u00a0ITIL (version 5) Foundation\u00a0genom ett s\u00e4rskilt Bridge-prov. <\/strong><\/em><\/p>\n<p>Denna kurs riktar sig till dig som har giltig ITIL 4-certifiering (inklusive Foundation eller h\u00f6gre) och snabbt vill f\u00f6rst\u00e5 skillnaderna mellan ITIL 4 och ITIL (version 5) och certifiera dig enligt den senaste versionen av ramverket<\/p>\n<p>Kursinneh\u00e5llet bygger p\u00e5 de senaste ITIL-principerna f\u00f6r digital produkt- och tj\u00e4nstehantering.\u00a0ITIL 4 Foundation-certifiering\u00a0eller motsvarande erfarenhet kr\u00e4vs f\u00f6r att tillgodog\u00f6ra sig kursinneh\u00e5llet och kunna skriva certifieringen.<\/p>\n<p>I kursavgiften ing\u00e5r ett certifierings-f\u00f6rs\u00f6k.<\/p>\n<p><strong>\u00d6ppna\/Schemalagda kursdatum<br \/>\n<\/strong><\/p>\n<p><em>Vi inv\u00e4ntar kursdatum och uppdaterar direkt n\u00e4r detta \u00e4r klart!<\/em><\/p>\n","protected":false},"featured_media":11887,"comment_status":"open","ping_status":"closed","template":"","meta":{"wds_primary_product_brand":0,"wds_primary_product_cat":0},"product_brand":[],"product_cat":[137,30,52,203],"product_tag":[],"class_list":{"0":"post-11886","1":"product","2":"type-product","3":"status-publish","4":"has-post-thumbnail","6":"product_cat-ai","7":"product_cat-business","8":"product_cat-itil","9":"product_cat-industri","11":"first","12":"instock","13":"taxable","14":"shipping-taxable","15":"purchasable","16":"product-type-simple"},"jetpack_sharing_enabled":true,"_links":{"self":[{"href":"https:\/\/republify.se\/index.php\/wp-json\/wp\/v2\/product\/11886","targetHints":{"allow":["GET"]}}],"collection":[{"href":"https:\/\/republify.se\/index.php\/wp-json\/wp\/v2\/product"}],"about":[{"href":"https:\/\/republify.se\/index.php\/wp-json\/wp\/v2\/types\/product"}],"replies":[{"embeddable":true,"href":"https:\/\/republify.se\/index.php\/wp-json\/wp\/v2\/comments?post=11886"}],"wp:featuredmedia":[{"embeddable":true,"href":"https:\/\/republify.se\/index.php\/wp-json\/wp\/v2\/media\/11887"}],"wp:attachment":[{"href":"https:\/\/republify.se\/index.php\/wp-json\/wp\/v2\/media?parent=11886"}],"wp:term":[{"taxonomy":"product_brand","embeddable":true,"href":"https:\/\/republify.se\/index.php\/wp-json\/wp\/v2\/product_brand?post=11886"},{"taxonomy":"product_cat","embeddable":true,"href":"https:\/\/republify.se\/index.php\/wp-json\/wp\/v2\/product_cat?post=11886"},{"taxonomy":"product_tag","embeddable":true,"href":"https:\/\/republify.se\/index.php\/wp-json\/wp\/v2\/product_tag?post=11886"}],"curies":[{"name":"wp","href":"https:\/\/api.w.org\/{rel}","templated":true}]}}