{"id":11879,"date":"2026-03-20T14:23:11","date_gmt":"2026-03-20T13:23:11","guid":{"rendered":"https:\/\/republify.se\/?post_type=product&#038;p=11879"},"modified":"2026-03-23T10:36:55","modified_gmt":"2026-03-23T09:36:55","slug":"agilt-ledarskap-vad-kravs-egentligen-av-dig-som-ledare-webinar","status":"publish","type":"product","link":"https:\/\/republify.se\/index.php\/produkt\/agilt-ledarskap-vad-kravs-egentligen-av-dig-som-ledare-webinar\/","title":{"rendered":"Agilt Ledarskap \u2013 vad kr\u00e4vs egentligen av dig som ledare? &#8211; (Webinar)"},"content":{"rendered":"<p>Du f\u00e5r en koncentrerad introduktion till hur du som ledare kan skapa verklig effekt i en agil organisation. Fokus ligger p\u00e5 konkreta angreppss\u00e4tt som st\u00e4rker b\u00e5de team och resultat i en f\u00f6r\u00e4nderlig vardag.<\/p>\n<p><em>P\u00e5 bara en timme f\u00e5r du nya perspektiv som hj\u00e4lper dig ta n\u00e4sta steg i ditt ledarskap.<\/em><\/p>\n<h2 data-section-id=\"ad7iqr\" data-start=\"688\" data-end=\"711\">Detta f\u00e5r du med dig<\/h2>\n<p data-start=\"713\" data-end=\"853\"><strong data-start=\"713\" data-end=\"744\">Agilt ledarskap i praktiken<\/strong><br data-start=\"744\" data-end=\"747\" \/>Vad inneb\u00e4r det egentligen att vara en agil ledare \u2013 och hur skiljer det sig fr\u00e5n traditionellt ledarskap?<\/p>\n<p data-start=\"855\" data-end=\"969\"><strong data-start=\"855\" data-end=\"882\">Motivation &amp; engagemang<\/strong><br data-start=\"882\" data-end=\"885\" \/>Hur du skapar r\u00e4tt f\u00f6ruts\u00e4ttningar f\u00f6r driv, ansvarstagande och h\u00f6gpresterande team.<\/p>\n<p data-start=\"971\" data-end=\"1072\"><strong data-start=\"971\" data-end=\"994\">Delegering &amp; tillit<\/strong><br data-start=\"994\" data-end=\"997\" \/>Konkreta s\u00e4tt att sl\u00e4ppa kontrollen utan att tappa riktning eller resultat.<\/p>\n<p data-start=\"1074\" data-end=\"1186\"><strong data-start=\"1074\" data-end=\"1101\">Sj\u00e4lvorganiserande team<\/strong><br data-start=\"1101\" data-end=\"1104\" \/>Vad som kr\u00e4vs f\u00f6r att team ska kunna ta \u00e4garskap och leverera v\u00e4rde kontinuerligt.<\/p>\n<p data-start=\"1188\" data-end=\"1306\"><strong data-start=\"1188\" data-end=\"1214\">Ledarskap i f\u00f6r\u00e4ndring<\/strong><br data-start=\"1214\" data-end=\"1217\" \/>Hur du navigerar i en komplex och f\u00f6r\u00e4nderlig organisation d\u00e4r allt inte \u00e4r f\u00f6ruts\u00e4gbart.<\/p>\n<hr data-start=\"1308\" data-end=\"1311\" \/>\n<h2 data-section-id=\"171pp1m\" data-start=\"1313\" data-end=\"1322\">Talare<\/h2>\n<p data-start=\"1324\" data-end=\"1750\" data-is-last-node=\"\" data-is-only-node=\"\"><img decoding=\"async\" class=\"size-thumbnail wp-image-2081 alignright lazyload\" data-src=\"https:\/\/republify.se\/wp-content\/uploads\/2022\/02\/FREDDIE_HAHN-150x150.jpg\" alt=\"\" width=\"150\" height=\"150\" data-srcset=\"https:\/\/republify.se\/wp-content\/uploads\/2022\/02\/FREDDIE_HAHN-150x150.jpg 150w, https:\/\/republify.se\/wp-content\/uploads\/2022\/02\/FREDDIE_HAHN-300x300.jpg 300w, https:\/\/republify.se\/wp-content\/uploads\/2022\/02\/FREDDIE_HAHN-100x100.jpg 100w, https:\/\/republify.se\/wp-content\/uploads\/2022\/02\/FREDDIE_HAHN.jpg 401w\" data-sizes=\"(max-width: 150px) 100vw, 150px\" src=\"data:image\/svg+xml;base64,PHN2ZyB3aWR0aD0iMSIgaGVpZ2h0PSIxIiB4bWxucz0iaHR0cDovL3d3dy53My5vcmcvMjAwMC9zdmciPjwvc3ZnPg==\" style=\"--smush-placeholder-width: 150px; --smush-placeholder-aspect-ratio: 150\/150;\" \/>Webinariet leds av <span class=\"hover:entity-accent entity-underline inline cursor-pointer align-baseline\"><span class=\"whitespace-normal\">Freddie Hahn<\/span><\/span>, en uppskattad utbildare och facilitator inom agilt ledarskap och organisationsutveckling. Med en stark f\u00f6rm\u00e5ga att kombinera teori med praktiska exempel hj\u00e4lper Freddie ledare och team att skapa verklig f\u00f6r\u00e4ndring, inte bara nya arbetss\u00e4tt. Han har l\u00e5ng erfarenhet av att arbeta med b\u00e5de ledningsgrupper och team i deras resa mot mer moderna och effektiva arbetss\u00e4tt.<\/p>\n<p>&nbsp;<\/p>\n<h3>I samarbete med<br \/>\n<img decoding=\"async\" class=\"size-medium wp-image-2415 alignleft lazyload\" data-src=\"https:\/\/republify.se\/wp-content\/uploads\/2022\/03\/Agilcoachen_Logo_Svart-300x51.png\" alt=\"\" width=\"300\" height=\"51\" data-srcset=\"https:\/\/republify.se\/wp-content\/uploads\/2022\/03\/Agilcoachen_Logo_Svart-300x51.png 300w, https:\/\/republify.se\/wp-content\/uploads\/2022\/03\/Agilcoachen_Logo_Svart-600x102.png 600w, https:\/\/republify.se\/wp-content\/uploads\/2022\/03\/Agilcoachen_Logo_Svart-1024x175.png 1024w, https:\/\/republify.se\/wp-content\/uploads\/2022\/03\/Agilcoachen_Logo_Svart-768x131.png 768w, https:\/\/republify.se\/wp-content\/uploads\/2022\/03\/Agilcoachen_Logo_Svart-1536x262.png 1536w, https:\/\/republify.se\/wp-content\/uploads\/2022\/03\/Agilcoachen_Logo_Svart-2048x349.png 2048w\" data-sizes=\"(max-width: 300px) 100vw, 300px\" src=\"data:image\/svg+xml;base64,PHN2ZyB3aWR0aD0iMSIgaGVpZ2h0PSIxIiB4bWxucz0iaHR0cDovL3d3dy53My5vcmcvMjAwMC9zdmciPjwvc3ZnPg==\" style=\"--smush-placeholder-width: 300px; --smush-placeholder-aspect-ratio: 300\/51;\" \/><\/h3>\n","protected":false},"excerpt":{"rendered":"<p><strong>Agila arbetss\u00e4tt \u00e4r idag etablerade i m\u00e5nga organisationer, men ledarskapet har inte alltid h\u00e4ngt med i samma utveckling. I detta webinar f\u00e5r du en tydlig bild av vad agilt ledarskap faktiskt inneb\u00e4r i praktiken och hur du kan b\u00f6rja g\u00f6ra skillnad direkt med\u00a0ett snabbr\u00f6rligt och tillitsbaserat arbetss\u00e4tt i en omv\u00e4rld som \u00e4r mer of\u00f6ruts\u00e4gbar \u00e4n n\u00e5gonsin.<br \/>\n<\/strong><\/p>\n<p>Vi varvar insikter med konkreta exempel fr\u00e5n verkligheten f\u00f6r att g\u00f6ra det relevant och anv\u00e4ndbart fr\u00e5n f\u00f6rsta stund. Webinariet riktar sig till dig som \u00e4r chef, ledare eller arbetar n\u00e4ra team och vill ta n\u00e4sta steg i en mer agil riktning.<\/p>\n<p><strong>Webinaret genomf\u00f6rs;<\/strong><br \/>\n<em>Fredag 22 maj (11.00-12.00)<\/em><\/p>\n","protected":false},"featured_media":11880,"comment_status":"open","ping_status":"closed","template":"","meta":{"wds_primary_product_brand":0,"wds_primary_product_cat":0},"product_brand":[],"product_cat":[33,150,37,32,135],"product_tag":[],"class_list":{"0":"post-11879","1":"product","2":"type-product","3":"status-publish","4":"has-post-thumbnail","6":"product_cat-agila-metoder","7":"product_cat-meet-up","8":"product_cat-kommunikation","9":"product_cat-ledarskap","10":"product_cat-seminarium","12":"first","13":"instock","14":"taxable","15":"shipping-taxable","16":"purchasable","17":"product-type-simple"},"jetpack_sharing_enabled":true,"_links":{"self":[{"href":"https:\/\/republify.se\/index.php\/wp-json\/wp\/v2\/product\/11879","targetHints":{"allow":["GET"]}}],"collection":[{"href":"https:\/\/republify.se\/index.php\/wp-json\/wp\/v2\/product"}],"about":[{"href":"https:\/\/republify.se\/index.php\/wp-json\/wp\/v2\/types\/product"}],"replies":[{"embeddable":true,"href":"https:\/\/republify.se\/index.php\/wp-json\/wp\/v2\/comments?post=11879"}],"wp:featuredmedia":[{"embeddable":true,"href":"https:\/\/republify.se\/index.php\/wp-json\/wp\/v2\/media\/11880"}],"wp:attachment":[{"href":"https:\/\/republify.se\/index.php\/wp-json\/wp\/v2\/media?parent=11879"}],"wp:term":[{"taxonomy":"product_brand","embeddable":true,"href":"https:\/\/republify.se\/index.php\/wp-json\/wp\/v2\/product_brand?post=11879"},{"taxonomy":"product_cat","embeddable":true,"href":"https:\/\/republify.se\/index.php\/wp-json\/wp\/v2\/product_cat?post=11879"},{"taxonomy":"product_tag","embeddable":true,"href":"https:\/\/republify.se\/index.php\/wp-json\/wp\/v2\/product_tag?post=11879"}],"curies":[{"name":"wp","href":"https:\/\/api.w.org\/{rel}","templated":true}]}}