{"id":11771,"date":"2026-03-04T10:09:29","date_gmt":"2026-03-04T09:09:29","guid":{"rendered":"https:\/\/republify.se\/?post_type=product&#038;p=11771"},"modified":"2026-03-20T14:36:21","modified_gmt":"2026-03-20T13:36:21","slug":"vad-ar-nytt-i-itil-version-5-webinar","status":"publish","type":"product","link":"https:\/\/republify.se\/index.php\/produkt\/vad-ar-nytt-i-itil-version-5-webinar\/","title":{"rendered":"Vad \u00e4r nytt i ITIL\u00ae (Version 5) &#8211; (Webinar)"},"content":{"rendered":"<p>Genom att delta i detta webinar f\u00e5r du en tydlig \u00f6verblick \u00f6ver uppdateringarna och konkreta insikter i vad som f\u00f6r\u00e4ndrats f\u00f6r att kunna st\u00e4rka b\u00e5de leveransf\u00f6rm\u00e5ga och kundupplevelse.<\/p>\n<p><strong>Vad betyder ITIL\u00ae (Version 5) i praktiken? Och vad \u00e4r faktiskt nytt?<\/strong><\/p>\n<p>Tillsammans med v\u00e5r partner Brivalo (Time People Group) bjuder Republify in till ett digitalt webinar d\u00e4r v\u00e5ra experter guidar dig genom de viktigaste f\u00f6r\u00e4ndringarna som:<\/p>\n<ul>\n<li>Livscykelt\u00e4nket \u00e4r tillbaka i en modern tappning som f\u00f6renar tj\u00e4nster och digitala produkter<\/li>\n<li>\u00d6kat fokus p\u00e5 den digitala upplevelsen och h\u00e5llbarhet som en del av hur tj\u00e4nsten som helhet v\u00e4rderas<\/li>\n<li>Fortsatt fokus p\u00e5 v\u00e4rdeskapande och f\u00f6rb\u00e4ttring, nu med skarpare modeller och mer konkreta verktyg<\/li>\n<\/ul>\n<p>&nbsp;<\/p>\n<h3>I samarbete med<br \/>\n<img decoding=\"async\" class=\"size-medium wp-image-11863 alignleft lazyload\" data-src=\"https:\/\/republify.se\/wp-content\/uploads\/2026\/03\/TPG_Brivalo_BK_2D2D2D_Logotyp-300x86.png\" alt=\"\" width=\"300\" height=\"86\" data-srcset=\"https:\/\/republify.se\/wp-content\/uploads\/2026\/03\/TPG_Brivalo_BK_2D2D2D_Logotyp-300x86.png 300w, https:\/\/republify.se\/wp-content\/uploads\/2026\/03\/TPG_Brivalo_BK_2D2D2D_Logotyp-1024x294.png 1024w, https:\/\/republify.se\/wp-content\/uploads\/2026\/03\/TPG_Brivalo_BK_2D2D2D_Logotyp-768x221.png 768w, https:\/\/republify.se\/wp-content\/uploads\/2026\/03\/TPG_Brivalo_BK_2D2D2D_Logotyp-1536x441.png 1536w, https:\/\/republify.se\/wp-content\/uploads\/2026\/03\/TPG_Brivalo_BK_2D2D2D_Logotyp-2048x588.png 2048w, https:\/\/republify.se\/wp-content\/uploads\/2026\/03\/TPG_Brivalo_BK_2D2D2D_Logotyp-600x172.png 600w\" data-sizes=\"(max-width: 300px) 100vw, 300px\" src=\"data:image\/svg+xml;base64,PHN2ZyB3aWR0aD0iMSIgaGVpZ2h0PSIxIiB4bWxucz0iaHR0cDovL3d3dy53My5vcmcvMjAwMC9zdmciPjwvc3ZnPg==\" style=\"--smush-placeholder-width: 300px; --smush-placeholder-aspect-ratio: 300\/86;\" \/><\/h3>\n","protected":false},"excerpt":{"rendered":"<p><strong>Webinariet om nya version 5 av ITIL riktar sig till dig som arbetar med IT-tj\u00e4nster, service management, digital produktutveckling eller leder team med ansvar f\u00f6r leverans och kvalitet.<\/strong><\/p>\n<p>Det passar s\u00e4rskilt bra f\u00f6r beslutsfattare, tj\u00e4nste\u00e4gare, processansvariga och f\u00f6r\u00e4ndringsledare som vill f\u00f6rst\u00e5 vad som faktiskt \u00e4r nytt och hur ramverket p\u00e5verkar arbetss\u00e4tt, styrning och v\u00e4rdeskapande.<\/p>\n","protected":false},"featured_media":11772,"comment_status":"open","ping_status":"closed","template":"","meta":{"wds_primary_product_brand":0,"wds_primary_product_cat":0},"product_brand":[],"product_cat":[52,135],"product_tag":[],"class_list":{"0":"post-11771","1":"product","2":"type-product","3":"status-publish","4":"has-post-thumbnail","6":"product_cat-itil","7":"product_cat-seminarium","9":"first","10":"instock","11":"taxable","12":"shipping-taxable","13":"purchasable","14":"product-type-simple"},"jetpack_sharing_enabled":true,"_links":{"self":[{"href":"https:\/\/republify.se\/index.php\/wp-json\/wp\/v2\/product\/11771","targetHints":{"allow":["GET"]}}],"collection":[{"href":"https:\/\/republify.se\/index.php\/wp-json\/wp\/v2\/product"}],"about":[{"href":"https:\/\/republify.se\/index.php\/wp-json\/wp\/v2\/types\/product"}],"replies":[{"embeddable":true,"href":"https:\/\/republify.se\/index.php\/wp-json\/wp\/v2\/comments?post=11771"}],"wp:featuredmedia":[{"embeddable":true,"href":"https:\/\/republify.se\/index.php\/wp-json\/wp\/v2\/media\/11772"}],"wp:attachment":[{"href":"https:\/\/republify.se\/index.php\/wp-json\/wp\/v2\/media?parent=11771"}],"wp:term":[{"taxonomy":"product_brand","embeddable":true,"href":"https:\/\/republify.se\/index.php\/wp-json\/wp\/v2\/product_brand?post=11771"},{"taxonomy":"product_cat","embeddable":true,"href":"https:\/\/republify.se\/index.php\/wp-json\/wp\/v2\/product_cat?post=11771"},{"taxonomy":"product_tag","embeddable":true,"href":"https:\/\/republify.se\/index.php\/wp-json\/wp\/v2\/product_tag?post=11771"}],"curies":[{"name":"wp","href":"https:\/\/api.w.org\/{rel}","templated":true}]}}